{"id":1133300,"date":"2026-05-05T18:26:21","date_gmt":"2026-05-05T16:26:21","guid":{"rendered":"https:\/\/wein-werte.com\/product\/clos-i-terrasses-laurel-2022-750ml\/"},"modified":"2026-04-27T11:50:23","modified_gmt":"2026-04-27T09:50:23","slug":"clos-i-terrasses-laurel-2022-750ml","status":"publish","type":"product","link":"https:\/\/wein-werte.com\/de\/produkt\/clos-i-terrasses-laurel-2022-750ml\/","title":{"rendered":"Clos i Terrasses | Priorat | Laurel | 2022 | 750ml"},"content":{"rendered":"<p>Produktbeschreibung f\u00fcr Clos i Terrasses Laurel 2022  <\/p>\n<h5>Informationen zum Wein<\/h5>\n<p> Clos i Terrasses und Winzerin Daphne Glorian genie\u00dfen Kultstatus. So hat die geb\u00fcrtige Schweizerin seit Ende der 1980er Jahre ma\u00dfgeblich zur Wiederentdeckung und zum kometenhaften Aufstieg des katalanischen Anbaugebiets Priorat beigetragen. In den 2000er Jahren stellte sie zudem als eine der ersten im Priorat auf biodynamischen Weinbau um. Der Zweitwein des Hauses, der Laurel 2022, ist eine Cuv\u00e9e aus der Hauptsorte Garnacha (ca. 75%) sowie Syrah und Cabernet Sauvignon. Die Reben wachsen in terrassierten Weinbergen auf kargen Schieferb\u00f6den. Der 18-monatige Ausbau des Weins erfolgt in einer Kombination aus unterschiedlich gro\u00dfen Holzf\u00e4ssern, Zementtanks und Tonamphoren. <\/p>\n<h5>Farbe<\/h5>\n<p> Kirschrot Nase Die Nase des Laurel 2022 ist von gro\u00dfer Klarheit und Feinheit. Sie ist erfrischend und ausdrucksstark, mit einer wunderbaren Harmonie aus floralen Aromen, frischen roten Fr\u00fcchten und mediterranen Kr\u00e4utern. Der Duft ist so sinnlich, dass man nicht aufh\u00f6ren mag, daran zu riechen. <\/p>\n<h5>Gaumen<\/h5>\n<p> Auch am Gaumen ist der Laurel hochelegant und pr\u00e4zise, mit seidiger Textur und feinsten Tanninen. Er hat 15% Alkohol, f\u00fchlt sich aber beinahe schlank und leichtf\u00fc\u00dfig an und l\u00e4uft samtweich durch den Mund. Dazu ist dieses Gew\u00e4chs spannungsgeladen und druckvoll, ungemein saftig und feinw\u00fcrzig im Abgang. Dies ist ein mediterraner Wein par excellence, der erfrischende W\u00e4rme bietet. Im Gesamtbild ist es ein wundervoller, perfekt balancierter Priorat, der mehr \u00fcber die Eleganz als \u00fcber die Kraft kommt. Er ist vielschichtig und subtil und bietet h\u00f6chsten Trinkgenuss. <\/p>\n<p>Copyright Vinaturel 2025<\/p>\n<p>Keywords: <a href=\"https:\/\/wein-werte.com\/de\/shop\/?swoof=1&#038;pa_producer=Clos-i-Terrasses\">Clos i Terrasses<\/a> <a href=\"https:\/\/wein-werte.com\/de\/shop\/?swoof=1&#038;woof_text=Laurel\">Laurel<\/a> 2022  <a href=\"https:\/\/wein-werte.com\/de\/shop\/?swoof=1&#038;pa_region=Priorat\">Priorat<\/a> <a href=\"https:\/\/wein-werte.com\/de\/shop\/?swoof=1&#038;pa_country=Spanien\">Spanien<\/a><\/p>\n<h3>Wine Advocate<\/h3>\n<p>Punkte: 95<\/p>\n<p>Der Laurel 2022 enth\u00e4lt die Trauben der j\u00fcngeren Rebst\u00f6cke, aber noch nicht die von Manyetes, die 2023 erstmals zu diesem Wein beitragen werden. Dieser ist recht aromatisch, jung, zart und pfirsichartig, ansprechend. Sie empfindet dies als einen klassischen Jahrgang, ausgewogen und reif ohne \u00dcberma\u00df, und die Tannine sind geschliffen und elegant. 2022 wurde etwas weniger Cabernet verwendet, sodass der Wein haupts\u00e4chlich aus Garnacha besteht, mit fast 20 % Syrah und vielleicht 3 % Cabernet Sauvignon. Er reifte haupts\u00e4chlich in Beton, Eichenf\u00e4ssern und etwa 30 F\u00e4ssern, aber etwa 20 % des Volumens reiften in Amphoren. Sie ist nicht verr\u00fcckt nach Amphoren; sie findet, dass sie die Weine verschlie\u00dfen. Er ist mittelkr\u00e4ftig, hat eine feine Textur und f\u00fchlt sich elegant und leicht an, mit viel Finesse. Sie m\u00f6chte keine zu langen Mazerationen mit den Trauben der j\u00fcngeren Rebst\u00f6cke, aber er hat Durchschlagskraft. Er hat 15 % Alkohol, sehr feine Tannine und wirkt ausgewogen und kultiviert, bereits mit seiner milden S\u00e4ure sehr zug\u00e4nglich. Sie achtet sehr darauf, dass die Tannine nicht zu adstringierend wirken. Im Mai 2024 wurden 23.000 Flaschen abgef\u00fcllt. Zehn Monate nach der Abf\u00fcllung verkostet, ist der Wein sehr trinkbar. Dies ist ein junger Wein, der sich mit den neuen Reben st\u00e4ndig ver\u00e4ndert und sich in den kommenden Jahren noch weiter ver\u00e4ndern wird.<br \/>Luis Guti\u00e9rrez<\/p>\n<p>Internetseite des Weinguts: <a href=\"http:\/\/www.closerasmus.com\/\" target=\"_blank\">http:\/\/www.closerasmus.com\/<\/a><\/p>\n","protected":false},"excerpt":{"rendered":"<p>Lieferzeit: 1 bis 2 Arbeitstage (DE), 2 bis 5 Arbeitstage (EU and CH)<\/p>\n","protected":false},"featured_media":1143764,"template":"","meta":[],"product_brand":[],"product_cat":[19],"product_tag":[],"class_list":{"0":"post-1133300","1":"product","2":"type-product","3":"status-publish","4":"has-post-thumbnail","6":"product_cat-unkategorisiert","7":"pa_alcohol-for-filter-12894","8":"pa_certified-biodynamic-nein-de","9":"pa_certified-organic-nein-de","10":"pa_colour-rot","11":"pa_country-spanien","12":"pa_grape-grenache-cuvee","13":"pa_parker-points-for-filter-95-de","14":"pa_price-for-filter-10595","15":"pa_producer-clos-i-terrasses","16":"pa_region-priorat","17":"pa_size-ml-6584","18":"pa_sweetness-trocken-de","19":"pa_type-2-still-de","20":"pa_vintage-2022-de","21":"entry","22":"has-media","24":"first","25":"instock","26":"taxable","27":"shipping-taxable","28":"purchasable","29":"product-type-simple"},"yoast_head":"<!-- This site is optimized with the Yoast SEO plugin v27.5 - https:\/\/yoast.com\/product\/yoast-seo-wordpress\/ -->\n<title>Clos i Terrasses Laurel 2022<\/title>\n<meta name=\"description\" content=\"Kaufe Clos i Terrasses Laurel 2022 (Grenache Cuv\u00e9e, trocken aus Priorat, Spanien) bei Wein Werte, Ihrem nachhaltigen Onlineshop.\" \/>\n<meta name=\"robots\" content=\"index, follow, max-snippet:-1, max-image-preview:large, max-video-preview:-1\" \/>\n<link rel=\"canonical\" href=\"https:\/\/wein-werte.com\/de\/produkt\/clos-i-terrasses-laurel-2022-750ml\/\" \/>\n<meta property=\"og:locale\" content=\"de_DE\" \/>\n<meta property=\"og:type\" content=\"article\" \/>\n<meta property=\"og:title\" content=\"Clos i Terrasses Laurel 2022\" \/>\n<meta property=\"og:description\" content=\"Kaufe Clos i Terrasses Laurel 2022 (Grenache Cuv\u00e9e, trocken aus Priorat, Spanien) bei Wein Werte, Ihrem nachhaltigen Onlineshop.\" \/>\n<meta property=\"og:url\" content=\"https:\/\/wein-werte.com\/de\/produkt\/clos-i-terrasses-laurel-2022-750ml\/\" \/>\n<meta property=\"og:site_name\" content=\"Wein Werte\" \/>\n<meta property=\"og:image\" content=\"https:\/\/wein-werte.com\/wp-content\/uploads\/2026\/04\/Clos-i-Terrasses-Laurel-2022-750ml.png\" \/>\n\t<meta property=\"og:image:width\" content=\"346\" \/>\n\t<meta property=\"og:image:height\" content=\"1200\" \/>\n\t<meta property=\"og:image:type\" content=\"image\/png\" \/>\n<meta name=\"twitter:card\" content=\"summary_large_image\" \/>\n<meta name=\"twitter:label1\" content=\"Gesch\u00e4tzte Lesezeit\" \/>\n\t<meta name=\"twitter:data1\" content=\"2\u00a0Minuten\" \/>\n<script type=\"application\/ld+json\" class=\"yoast-schema-graph\">{\"@context\":\"https:\\\/\\\/schema.org\",\"@graph\":[{\"@type\":\"WebPage\",\"@id\":\"https:\\\/\\\/wein-werte.com\\\/de\\\/produkt\\\/clos-i-terrasses-laurel-2022-750ml\\\/\",\"url\":\"https:\\\/\\\/wein-werte.com\\\/de\\\/produkt\\\/clos-i-terrasses-laurel-2022-750ml\\\/\",\"name\":\"Clos i Terrasses Laurel 2022\",\"isPartOf\":{\"@id\":\"https:\\\/\\\/wein-werte.com\\\/de\\\/#website\"},\"primaryImageOfPage\":{\"@id\":\"https:\\\/\\\/wein-werte.com\\\/de\\\/produkt\\\/clos-i-terrasses-laurel-2022-750ml\\\/#primaryimage\"},\"image\":{\"@id\":\"https:\\\/\\\/wein-werte.com\\\/de\\\/produkt\\\/clos-i-terrasses-laurel-2022-750ml\\\/#primaryimage\"},\"thumbnailUrl\":\"https:\\\/\\\/wein-werte.com\\\/wp-content\\\/uploads\\\/2026\\\/04\\\/Clos-i-Terrasses-Laurel-2022-750ml.png\",\"datePublished\":\"2026-05-05T16:26:21+00:00\",\"description\":\"Kaufe Clos i Terrasses Laurel 2022 (Grenache Cuv\u00e9e, trocken aus Priorat, Spanien) bei Wein Werte, Ihrem nachhaltigen Onlineshop.\",\"breadcrumb\":{\"@id\":\"https:\\\/\\\/wein-werte.com\\\/de\\\/produkt\\\/clos-i-terrasses-laurel-2022-750ml\\\/#breadcrumb\"},\"inLanguage\":\"de\",\"potentialAction\":[{\"@type\":\"ReadAction\",\"target\":[\"https:\\\/\\\/wein-werte.com\\\/de\\\/produkt\\\/clos-i-terrasses-laurel-2022-750ml\\\/\"]}]},{\"@type\":\"ImageObject\",\"inLanguage\":\"de\",\"@id\":\"https:\\\/\\\/wein-werte.com\\\/de\\\/produkt\\\/clos-i-terrasses-laurel-2022-750ml\\\/#primaryimage\",\"url\":\"https:\\\/\\\/wein-werte.com\\\/wp-content\\\/uploads\\\/2026\\\/04\\\/Clos-i-Terrasses-Laurel-2022-750ml.png\",\"contentUrl\":\"https:\\\/\\\/wein-werte.com\\\/wp-content\\\/uploads\\\/2026\\\/04\\\/Clos-i-Terrasses-Laurel-2022-750ml.png\",\"width\":346,\"height\":1200,\"caption\":\"Clos i Terrasses Laurel 2022 750ml\"},{\"@type\":\"BreadcrumbList\",\"@id\":\"https:\\\/\\\/wein-werte.com\\\/de\\\/produkt\\\/clos-i-terrasses-laurel-2022-750ml\\\/#breadcrumb\",\"itemListElement\":[{\"@type\":\"ListItem\",\"position\":1,\"name\":\"Home\",\"item\":\"https:\\\/\\\/wein-werte.com\\\/de\\\/\"},{\"@type\":\"ListItem\",\"position\":2,\"name\":\"Shop\",\"item\":\"https:\\\/\\\/wein-werte.com\\\/de\\\/shop\\\/\"},{\"@type\":\"ListItem\",\"position\":3,\"name\":\"Clos i Terrasses | Priorat | Laurel | 2022 | 750ml\"}]},{\"@type\":\"WebSite\",\"@id\":\"https:\\\/\\\/wein-werte.com\\\/de\\\/#website\",\"url\":\"https:\\\/\\\/wein-werte.com\\\/de\\\/\",\"name\":\"Wein Werte\",\"description\":\"\",\"publisher\":{\"@id\":\"https:\\\/\\\/wein-werte.com\\\/de\\\/#organization\"},\"potentialAction\":[{\"@type\":\"SearchAction\",\"target\":{\"@type\":\"EntryPoint\",\"urlTemplate\":\"https:\\\/\\\/wein-werte.com\\\/de\\\/?s={search_term_string}\"},\"query-input\":{\"@type\":\"PropertyValueSpecification\",\"valueRequired\":true,\"valueName\":\"search_term_string\"}}],\"inLanguage\":\"de\"},{\"@type\":\"Organization\",\"@id\":\"https:\\\/\\\/wein-werte.com\\\/de\\\/#organization\",\"name\":\"Vins Fins Thorrold\",\"url\":\"https:\\\/\\\/wein-werte.com\\\/de\\\/\",\"logo\":{\"@type\":\"ImageObject\",\"inLanguage\":\"de\",\"@id\":\"https:\\\/\\\/wein-werte.com\\\/de\\\/#\\\/schema\\\/logo\\\/image\\\/\",\"url\":\"https:\\\/\\\/wein-werte.com\\\/wp-content\\\/uploads\\\/2023\\\/07\\\/Wein_werte_Logo700-1.png\",\"contentUrl\":\"https:\\\/\\\/wein-werte.com\\\/wp-content\\\/uploads\\\/2023\\\/07\\\/Wein_werte_Logo700-1.png\",\"width\":700,\"height\":272,\"caption\":\"Vins Fins Thorrold\"},\"image\":{\"@id\":\"https:\\\/\\\/wein-werte.com\\\/de\\\/#\\\/schema\\\/logo\\\/image\\\/\"}}]}<\/script>\n<!-- \/ Yoast SEO plugin. -->","yoast_head_json":{"title":"Clos i Terrasses Laurel 2022","description":"Kaufe Clos i Terrasses Laurel 2022 (Grenache Cuv\u00e9e, trocken aus Priorat, Spanien) bei Wein Werte, Ihrem nachhaltigen Onlineshop.","robots":{"index":"index","follow":"follow","max-snippet":"max-snippet:-1","max-image-preview":"max-image-preview:large","max-video-preview":"max-video-preview:-1"},"canonical":"https:\/\/wein-werte.com\/de\/produkt\/clos-i-terrasses-laurel-2022-750ml\/","og_locale":"de_DE","og_type":"article","og_title":"Clos i Terrasses Laurel 2022","og_description":"Kaufe Clos i Terrasses Laurel 2022 (Grenache Cuv\u00e9e, trocken aus Priorat, Spanien) bei Wein Werte, Ihrem nachhaltigen Onlineshop.","og_url":"https:\/\/wein-werte.com\/de\/produkt\/clos-i-terrasses-laurel-2022-750ml\/","og_site_name":"Wein Werte","og_image":[{"width":346,"height":1200,"url":"https:\/\/wein-werte.com\/wp-content\/uploads\/2026\/04\/Clos-i-Terrasses-Laurel-2022-750ml.png","type":"image\/png"}],"twitter_card":"summary_large_image","twitter_misc":{"Gesch\u00e4tzte Lesezeit":"2\u00a0Minuten"},"schema":{"@context":"https:\/\/schema.org","@graph":[{"@type":"WebPage","@id":"https:\/\/wein-werte.com\/de\/produkt\/clos-i-terrasses-laurel-2022-750ml\/","url":"https:\/\/wein-werte.com\/de\/produkt\/clos-i-terrasses-laurel-2022-750ml\/","name":"Clos i Terrasses Laurel 2022","isPartOf":{"@id":"https:\/\/wein-werte.com\/de\/#website"},"primaryImageOfPage":{"@id":"https:\/\/wein-werte.com\/de\/produkt\/clos-i-terrasses-laurel-2022-750ml\/#primaryimage"},"image":{"@id":"https:\/\/wein-werte.com\/de\/produkt\/clos-i-terrasses-laurel-2022-750ml\/#primaryimage"},"thumbnailUrl":"https:\/\/wein-werte.com\/wp-content\/uploads\/2026\/04\/Clos-i-Terrasses-Laurel-2022-750ml.png","datePublished":"2026-05-05T16:26:21+00:00","description":"Kaufe Clos i Terrasses Laurel 2022 (Grenache Cuv\u00e9e, trocken aus Priorat, Spanien) bei Wein Werte, Ihrem nachhaltigen Onlineshop.","breadcrumb":{"@id":"https:\/\/wein-werte.com\/de\/produkt\/clos-i-terrasses-laurel-2022-750ml\/#breadcrumb"},"inLanguage":"de","potentialAction":[{"@type":"ReadAction","target":["https:\/\/wein-werte.com\/de\/produkt\/clos-i-terrasses-laurel-2022-750ml\/"]}]},{"@type":"ImageObject","inLanguage":"de","@id":"https:\/\/wein-werte.com\/de\/produkt\/clos-i-terrasses-laurel-2022-750ml\/#primaryimage","url":"https:\/\/wein-werte.com\/wp-content\/uploads\/2026\/04\/Clos-i-Terrasses-Laurel-2022-750ml.png","contentUrl":"https:\/\/wein-werte.com\/wp-content\/uploads\/2026\/04\/Clos-i-Terrasses-Laurel-2022-750ml.png","width":346,"height":1200,"caption":"Clos i Terrasses Laurel 2022 750ml"},{"@type":"BreadcrumbList","@id":"https:\/\/wein-werte.com\/de\/produkt\/clos-i-terrasses-laurel-2022-750ml\/#breadcrumb","itemListElement":[{"@type":"ListItem","position":1,"name":"Home","item":"https:\/\/wein-werte.com\/de\/"},{"@type":"ListItem","position":2,"name":"Shop","item":"https:\/\/wein-werte.com\/de\/shop\/"},{"@type":"ListItem","position":3,"name":"Clos i Terrasses | Priorat | Laurel | 2022 | 750ml"}]},{"@type":"WebSite","@id":"https:\/\/wein-werte.com\/de\/#website","url":"https:\/\/wein-werte.com\/de\/","name":"Wein Werte","description":"","publisher":{"@id":"https:\/\/wein-werte.com\/de\/#organization"},"potentialAction":[{"@type":"SearchAction","target":{"@type":"EntryPoint","urlTemplate":"https:\/\/wein-werte.com\/de\/?s={search_term_string}"},"query-input":{"@type":"PropertyValueSpecification","valueRequired":true,"valueName":"search_term_string"}}],"inLanguage":"de"},{"@type":"Organization","@id":"https:\/\/wein-werte.com\/de\/#organization","name":"Vins Fins Thorrold","url":"https:\/\/wein-werte.com\/de\/","logo":{"@type":"ImageObject","inLanguage":"de","@id":"https:\/\/wein-werte.com\/de\/#\/schema\/logo\/image\/","url":"https:\/\/wein-werte.com\/wp-content\/uploads\/2023\/07\/Wein_werte_Logo700-1.png","contentUrl":"https:\/\/wein-werte.com\/wp-content\/uploads\/2023\/07\/Wein_werte_Logo700-1.png","width":700,"height":272,"caption":"Vins Fins Thorrold"},"image":{"@id":"https:\/\/wein-werte.com\/de\/#\/schema\/logo\/image\/"}}]}},"_links":{"self":[{"href":"https:\/\/wein-werte.com\/de\/wp-json\/wp\/v2\/product\/1133300","targetHints":{"allow":["GET"]}}],"collection":[{"href":"https:\/\/wein-werte.com\/de\/wp-json\/wp\/v2\/product"}],"about":[{"href":"https:\/\/wein-werte.com\/de\/wp-json\/wp\/v2\/types\/product"}],"wp:featuredmedia":[{"embeddable":true,"href":"https:\/\/wein-werte.com\/de\/wp-json\/wp\/v2\/media\/1143764"}],"wp:attachment":[{"href":"https:\/\/wein-werte.com\/de\/wp-json\/wp\/v2\/media?parent=1133300"}],"wp:term":[{"taxonomy":"product_brand","embeddable":true,"href":"https:\/\/wein-werte.com\/de\/wp-json\/wp\/v2\/product_brand?post=1133300"},{"taxonomy":"product_cat","embeddable":true,"href":"https:\/\/wein-werte.com\/de\/wp-json\/wp\/v2\/product_cat?post=1133300"},{"taxonomy":"product_tag","embeddable":true,"href":"https:\/\/wein-werte.com\/de\/wp-json\/wp\/v2\/product_tag?post=1133300"}],"curies":[{"name":"wp","href":"https:\/\/api.w.org\/{rel}","templated":true}]}}