{"id":1133276,"date":"2026-05-05T18:26:20","date_gmt":"2026-05-05T16:26:20","guid":{"rendered":"https:\/\/wein-werte.com\/product\/clos-i-terrasses-laurel-2020-1500ml\/"},"modified":"2026-04-27T11:50:21","modified_gmt":"2026-04-27T09:50:21","slug":"clos-i-terrasses-laurel-2020-1500ml","status":"publish","type":"product","link":"https:\/\/wein-werte.com\/de\/produkt\/clos-i-terrasses-laurel-2020-1500ml\/","title":{"rendered":"Clos i Terrasses | Priorat | Laurel | 2020 | 1500ml"},"content":{"rendered":"<p>Produktbeschreibung f\u00fcr Clos i Terrasses Laurel 2020  <\/p>\n<h5>Informationen zum Wein<\/h5>\n<p> Clos I Terrasses wurde Ende der 1980er Jahre von Daphne Glorian in Gratallops im Priorat gegr\u00fcndet. Daphne Glorian geh\u00f6rte zu jener Gruppe damals junger Weinmacher, die das Priorat wiederentdeckten und innerhalb k\u00fcrzester Zeit einige der besten und teuersten Rotweine Spaniens vinifizierten. Neben Ren\u00e9 Barbiers Clos Mogador, Costers del Siuranas Clos de l\u2019Obac, Mas Martinets und \u00c1lvaro Palacios\u2019 l\u2019Ermita war es Daphne Glorians Clos Erasmus, der schnell Kultstatus erlangte. Laurel \u2013 auf Deutsch Lorbeer, ist die englische \u00dcbersetzung des griechischen Namens Daphne \u2013, und dieser Wein ist, wenn man so will, der zweite Wein neben dem Clos Erasmus. Er ist eine Cuv\u00e9e aus 80 % Grenache, 15 % Syrah und 5 % Cabernet, deren Rebst\u00f6cke seit langer Zeit unter der \u00c4gide von Ester Nin (Nin-Ortiz) biodynamisch bewirtschaftet werden. Im Keller wird der Wein in Holz-Cuves und im Beton spontan vergoren und dann in alten Barriques, Tonamphoren und im Beton-Ei \u00fcber 18 Monate ausgebaut. <\/p>\n<h5>Farbe<\/h5>\n<p> dunkles Purpurrot <\/p>\n<h5>Nase<\/h5>\n<p> Es ist faszinierend, wie transparent und duftig gleichzeitig voll und expressiv der Laurel in der Nase wirkt. Er erinnert an Blaubeeren und Brombeeren, ein wenig Cassis und Schwarzkirschen. Dazu kommen Noten von Zimt und Grafit, Rosenbl\u00fcten, Veilchen und Minze sowie schwarzem Tee und zersto\u00dfenem Stein. All wirkt hier subtil, fein, klar und elegant. <\/p>\n<h5>Mund<\/h5>\n<p> Diese beeindruckende Eleganz und Sinnlichkeit findet man beim 2020er Laurel auch am Gaumen. Den Auftakt bilden auch hier Cabernet-typische Schwarze Johannisbeeren und zudem Kirschen, die eine s\u00e4uerliche Saftigkeit verstr\u00f6men und von einer Handvoll Berberitzen und Granatapfelkernen begleitet werden. Der Syrah verstr\u00f6mt zudem Zwetschgen, Veilchen, Bresaola sowie schwarze Oliventapenade. Dann wird es w\u00e4rmer und schokoladiger mit einer cremigen Textur, einem s\u00fc\u00dfen Kern, der Grenache-typischen Note von S\u00fc\u00dfholz sowie einem markanten, aber ausgesprochen feink\u00f6rnigen Tannin. Der Verzicht auf sp\u00fcrbares Holz stellt die exzellente Frucht dieses Weines komplett in den Mittelpunkt. Es ist ja heute fast ein Sakrileg, wenn Syrah und Cabernet in Priorat-Cuv\u00e9es neuerer Pr\u00e4gung auftauchen. Aber Daphne Glorian konnte sich bisher nicht dazu entschlie\u00dfen, diese Reben zugunsten der autochthonen Rebsorten aus den Weinbergen zu entfernen. Wenn man diesen Wein probiert, kann man nur sagen: Gl\u00fccklicherweise; denn der Laurel profitiert von den 20 % franz\u00f6sischer Sorten und bietet eine superbe Balance und Feinheit, einer gro\u00dfartigen L\u00e4nge und Eleganz, Dichte und Komplexit\u00e4t. Dieser Wein ist viel mehr als ein Zweitwein des legend\u00e4ren Clos Erasmus. Es ist ein eigenes kleines Meisterwerk und der sinnlichste Laurel, den ich bisher im Glas hatte.<\/p>\n<p>Copyright Vinaturel 2025<\/p>\n<p>Keywords: <a href=\"https:\/\/wein-werte.com\/de\/shop\/?swoof=1&#038;pa_producer=Clos-i-Terrasses\">Clos i Terrasses<\/a> <a href=\"https:\/\/wein-werte.com\/de\/shop\/?swoof=1&#038;woof_text=Laurel\">Laurel<\/a> 2020  <a href=\"https:\/\/wein-werte.com\/de\/shop\/?swoof=1&#038;pa_region=Priorat\">Priorat<\/a> <a href=\"https:\/\/wein-werte.com\/de\/shop\/?swoof=1&#038;pa_country=Spanien\">Spanien<\/a><\/p>\n<h3>Wine Advocate<\/h3>\n<p>Punkte: 96<\/p>\n<p>2020 war ein anspruchsvolles Jahr mit viel Arbeit im Weinberg, aber es hat sich gelohnt. Der 2020er Laurel f\u00fchlt sich sehr elegant, ausgewogen und frisch an, vielleicht ein wenig leichter, mit perfekt reifen Tanninen, ein wenig im Einklang mit 2016 oder 2013. Er ist vielleicht etwas ungew\u00f6hnlich f\u00fcr den Stil des Hauses oder vielleicht eine leichte Ver\u00e4nderung, da sie allm\u00e4hlich zu weicheren Weinbereitungen \u00fcbergehen; im Priorat ist eine Extraktion nicht wirklich n\u00f6tig, da die Weine von sich aus kraftvoll genug sind. Er ist noch extrem jung und hat eine milchige Note (die mit etwas Zeit im Glas verfliegt); er wurde erst Ende Mai 2022 in Flaschen abgef\u00fcllt, drei Monate bevor ich ihn probiert habe. Auch wenn es der Zweitwein hier ist, ist es ein Wein, der etwas Zeit braucht und in der Flasche besser wird. Allerdings wirken die 2020er offener, ausdrucksst\u00e4rker und zug\u00e4nglicher als die 2019er, die tanninreicher und kraftvoller sind, w\u00e4hrend die 2020er, wenn man so will, etwas burgundischer wirken. Dies d\u00fcrfte einer der besten Laurel-Jahrg\u00e4nge bisher sein. Nach einiger Zeit im Glas zeigten sich die Aromen des Syrah (der dieses Jahr vielleicht etwas st\u00e4rker war, etwa 12 % gegen\u00fcber 8 % im Jahr 2019) \u2013 Veilchen, ger\u00e4ucherter Speck. Daphne Glorian sagte mir, dass alles problemlos lief, der Wein vom ersten Tag an ausdrucksstark und offen war und die G\u00e4rung sanft verlief. Es gibt rund 19.000 Flaschen davon.<br \/>Luis Guti\u00e9rrez<\/p>\n<p>Internetseite des Weinguts: <a href=\"http:\/\/www.closerasmus.com\/\" target=\"_blank\">http:\/\/www.closerasmus.com\/<\/a><\/p>\n","protected":false},"excerpt":{"rendered":"<p>Lieferzeit: 1 bis 2 Arbeitstage (DE), 2 bis 5 Arbeitstage (EU and CH)<\/p>\n","protected":false},"featured_media":1143746,"template":"","meta":[],"product_brand":[],"product_cat":[19],"product_tag":[],"class_list":{"0":"post-1133276","1":"product","2":"type-product","3":"status-publish","4":"has-post-thumbnail","6":"product_cat-unkategorisiert","7":"pa_alcohol-for-filter-12894","8":"pa_certified-biodynamic-nein-de","9":"pa_certified-organic-nein-de","10":"pa_colour-rot","11":"pa_country-spanien","12":"pa_grape-grenache-cuvee","13":"pa_parker-points-for-filter-96-de-2","14":"pa_price-for-filter-10577","15":"pa_producer-clos-i-terrasses","16":"pa_region-priorat","17":"pa_size-ml-6657","18":"pa_sweetness-trocken-de","19":"pa_type-2-still-de","20":"pa_vintage-2020-de","21":"entry","22":"has-media","24":"first","25":"instock","26":"taxable","27":"shipping-taxable","28":"purchasable","29":"product-type-simple"},"yoast_head":"<!-- This site is optimized with the Yoast SEO plugin v27.5 - https:\/\/yoast.com\/product\/yoast-seo-wordpress\/ -->\n<title>Clos i Terrasses Laurel 2020, 1500ml<\/title>\n<meta name=\"description\" content=\"Kaufe Clos i Terrasses Laurel 2020 (Grenache Cuv\u00e9e, trocken aus Priorat, Spanien) bei Wein Werte, Ihrem nachhaltigen Onlineshop.\" \/>\n<meta name=\"robots\" content=\"index, follow, max-snippet:-1, max-image-preview:large, max-video-preview:-1\" \/>\n<link rel=\"canonical\" href=\"https:\/\/wein-werte.com\/de\/produkt\/clos-i-terrasses-laurel-2020-1500ml\/\" \/>\n<meta property=\"og:locale\" content=\"de_DE\" \/>\n<meta property=\"og:type\" content=\"article\" \/>\n<meta property=\"og:title\" content=\"Clos i Terrasses Laurel 2020, 1500ml\" \/>\n<meta property=\"og:description\" content=\"Kaufe Clos i Terrasses Laurel 2020 (Grenache Cuv\u00e9e, trocken aus Priorat, Spanien) bei Wein Werte, Ihrem nachhaltigen Onlineshop.\" \/>\n<meta property=\"og:url\" content=\"https:\/\/wein-werte.com\/de\/produkt\/clos-i-terrasses-laurel-2020-1500ml\/\" \/>\n<meta property=\"og:site_name\" content=\"Wein Werte\" \/>\n<meta property=\"og:image\" content=\"https:\/\/wein-werte.com\/wp-content\/uploads\/2026\/04\/Clos-i-Terrasses-Laurel-2020-1500ml.png\" \/>\n\t<meta property=\"og:image:width\" content=\"373\" \/>\n\t<meta property=\"og:image:height\" content=\"1200\" \/>\n\t<meta property=\"og:image:type\" content=\"image\/png\" \/>\n<meta name=\"twitter:card\" content=\"summary_large_image\" \/>\n<meta name=\"twitter:label1\" content=\"Gesch\u00e4tzte Lesezeit\" \/>\n\t<meta name=\"twitter:data1\" content=\"3\u00a0Minuten\" \/>\n<script type=\"application\/ld+json\" class=\"yoast-schema-graph\">{\"@context\":\"https:\\\/\\\/schema.org\",\"@graph\":[{\"@type\":\"WebPage\",\"@id\":\"https:\\\/\\\/wein-werte.com\\\/de\\\/produkt\\\/clos-i-terrasses-laurel-2020-1500ml\\\/\",\"url\":\"https:\\\/\\\/wein-werte.com\\\/de\\\/produkt\\\/clos-i-terrasses-laurel-2020-1500ml\\\/\",\"name\":\"Clos i Terrasses Laurel 2020, 1500ml\",\"isPartOf\":{\"@id\":\"https:\\\/\\\/wein-werte.com\\\/de\\\/#website\"},\"primaryImageOfPage\":{\"@id\":\"https:\\\/\\\/wein-werte.com\\\/de\\\/produkt\\\/clos-i-terrasses-laurel-2020-1500ml\\\/#primaryimage\"},\"image\":{\"@id\":\"https:\\\/\\\/wein-werte.com\\\/de\\\/produkt\\\/clos-i-terrasses-laurel-2020-1500ml\\\/#primaryimage\"},\"thumbnailUrl\":\"https:\\\/\\\/wein-werte.com\\\/wp-content\\\/uploads\\\/2026\\\/04\\\/Clos-i-Terrasses-Laurel-2020-1500ml.png\",\"datePublished\":\"2026-05-05T16:26:20+00:00\",\"description\":\"Kaufe Clos i Terrasses Laurel 2020 (Grenache Cuv\u00e9e, trocken aus Priorat, Spanien) bei Wein Werte, Ihrem nachhaltigen Onlineshop.\",\"breadcrumb\":{\"@id\":\"https:\\\/\\\/wein-werte.com\\\/de\\\/produkt\\\/clos-i-terrasses-laurel-2020-1500ml\\\/#breadcrumb\"},\"inLanguage\":\"de\",\"potentialAction\":[{\"@type\":\"ReadAction\",\"target\":[\"https:\\\/\\\/wein-werte.com\\\/de\\\/produkt\\\/clos-i-terrasses-laurel-2020-1500ml\\\/\"]}]},{\"@type\":\"ImageObject\",\"inLanguage\":\"de\",\"@id\":\"https:\\\/\\\/wein-werte.com\\\/de\\\/produkt\\\/clos-i-terrasses-laurel-2020-1500ml\\\/#primaryimage\",\"url\":\"https:\\\/\\\/wein-werte.com\\\/wp-content\\\/uploads\\\/2026\\\/04\\\/Clos-i-Terrasses-Laurel-2020-1500ml.png\",\"contentUrl\":\"https:\\\/\\\/wein-werte.com\\\/wp-content\\\/uploads\\\/2026\\\/04\\\/Clos-i-Terrasses-Laurel-2020-1500ml.png\",\"width\":373,\"height\":1200,\"caption\":\"Clos i Terrasses Laurel 2020 1500ml\"},{\"@type\":\"BreadcrumbList\",\"@id\":\"https:\\\/\\\/wein-werte.com\\\/de\\\/produkt\\\/clos-i-terrasses-laurel-2020-1500ml\\\/#breadcrumb\",\"itemListElement\":[{\"@type\":\"ListItem\",\"position\":1,\"name\":\"Home\",\"item\":\"https:\\\/\\\/wein-werte.com\\\/de\\\/\"},{\"@type\":\"ListItem\",\"position\":2,\"name\":\"Shop\",\"item\":\"https:\\\/\\\/wein-werte.com\\\/de\\\/shop\\\/\"},{\"@type\":\"ListItem\",\"position\":3,\"name\":\"Clos i Terrasses | Priorat | Laurel | 2020 | 1500ml\"}]},{\"@type\":\"WebSite\",\"@id\":\"https:\\\/\\\/wein-werte.com\\\/de\\\/#website\",\"url\":\"https:\\\/\\\/wein-werte.com\\\/de\\\/\",\"name\":\"Wein Werte\",\"description\":\"\",\"publisher\":{\"@id\":\"https:\\\/\\\/wein-werte.com\\\/de\\\/#organization\"},\"potentialAction\":[{\"@type\":\"SearchAction\",\"target\":{\"@type\":\"EntryPoint\",\"urlTemplate\":\"https:\\\/\\\/wein-werte.com\\\/de\\\/?s={search_term_string}\"},\"query-input\":{\"@type\":\"PropertyValueSpecification\",\"valueRequired\":true,\"valueName\":\"search_term_string\"}}],\"inLanguage\":\"de\"},{\"@type\":\"Organization\",\"@id\":\"https:\\\/\\\/wein-werte.com\\\/de\\\/#organization\",\"name\":\"Vins Fins Thorrold\",\"url\":\"https:\\\/\\\/wein-werte.com\\\/de\\\/\",\"logo\":{\"@type\":\"ImageObject\",\"inLanguage\":\"de\",\"@id\":\"https:\\\/\\\/wein-werte.com\\\/de\\\/#\\\/schema\\\/logo\\\/image\\\/\",\"url\":\"https:\\\/\\\/wein-werte.com\\\/wp-content\\\/uploads\\\/2023\\\/07\\\/Wein_werte_Logo700-1.png\",\"contentUrl\":\"https:\\\/\\\/wein-werte.com\\\/wp-content\\\/uploads\\\/2023\\\/07\\\/Wein_werte_Logo700-1.png\",\"width\":700,\"height\":272,\"caption\":\"Vins Fins Thorrold\"},\"image\":{\"@id\":\"https:\\\/\\\/wein-werte.com\\\/de\\\/#\\\/schema\\\/logo\\\/image\\\/\"}}]}<\/script>\n<!-- \/ Yoast SEO plugin. -->","yoast_head_json":{"title":"Clos i Terrasses Laurel 2020, 1500ml","description":"Kaufe Clos i Terrasses Laurel 2020 (Grenache Cuv\u00e9e, trocken aus Priorat, Spanien) bei Wein Werte, Ihrem nachhaltigen Onlineshop.","robots":{"index":"index","follow":"follow","max-snippet":"max-snippet:-1","max-image-preview":"max-image-preview:large","max-video-preview":"max-video-preview:-1"},"canonical":"https:\/\/wein-werte.com\/de\/produkt\/clos-i-terrasses-laurel-2020-1500ml\/","og_locale":"de_DE","og_type":"article","og_title":"Clos i Terrasses Laurel 2020, 1500ml","og_description":"Kaufe Clos i Terrasses Laurel 2020 (Grenache Cuv\u00e9e, trocken aus Priorat, Spanien) bei Wein Werte, Ihrem nachhaltigen Onlineshop.","og_url":"https:\/\/wein-werte.com\/de\/produkt\/clos-i-terrasses-laurel-2020-1500ml\/","og_site_name":"Wein Werte","og_image":[{"width":373,"height":1200,"url":"https:\/\/wein-werte.com\/wp-content\/uploads\/2026\/04\/Clos-i-Terrasses-Laurel-2020-1500ml.png","type":"image\/png"}],"twitter_card":"summary_large_image","twitter_misc":{"Gesch\u00e4tzte Lesezeit":"3\u00a0Minuten"},"schema":{"@context":"https:\/\/schema.org","@graph":[{"@type":"WebPage","@id":"https:\/\/wein-werte.com\/de\/produkt\/clos-i-terrasses-laurel-2020-1500ml\/","url":"https:\/\/wein-werte.com\/de\/produkt\/clos-i-terrasses-laurel-2020-1500ml\/","name":"Clos i Terrasses Laurel 2020, 1500ml","isPartOf":{"@id":"https:\/\/wein-werte.com\/de\/#website"},"primaryImageOfPage":{"@id":"https:\/\/wein-werte.com\/de\/produkt\/clos-i-terrasses-laurel-2020-1500ml\/#primaryimage"},"image":{"@id":"https:\/\/wein-werte.com\/de\/produkt\/clos-i-terrasses-laurel-2020-1500ml\/#primaryimage"},"thumbnailUrl":"https:\/\/wein-werte.com\/wp-content\/uploads\/2026\/04\/Clos-i-Terrasses-Laurel-2020-1500ml.png","datePublished":"2026-05-05T16:26:20+00:00","description":"Kaufe Clos i Terrasses Laurel 2020 (Grenache Cuv\u00e9e, trocken aus Priorat, Spanien) bei Wein Werte, Ihrem nachhaltigen Onlineshop.","breadcrumb":{"@id":"https:\/\/wein-werte.com\/de\/produkt\/clos-i-terrasses-laurel-2020-1500ml\/#breadcrumb"},"inLanguage":"de","potentialAction":[{"@type":"ReadAction","target":["https:\/\/wein-werte.com\/de\/produkt\/clos-i-terrasses-laurel-2020-1500ml\/"]}]},{"@type":"ImageObject","inLanguage":"de","@id":"https:\/\/wein-werte.com\/de\/produkt\/clos-i-terrasses-laurel-2020-1500ml\/#primaryimage","url":"https:\/\/wein-werte.com\/wp-content\/uploads\/2026\/04\/Clos-i-Terrasses-Laurel-2020-1500ml.png","contentUrl":"https:\/\/wein-werte.com\/wp-content\/uploads\/2026\/04\/Clos-i-Terrasses-Laurel-2020-1500ml.png","width":373,"height":1200,"caption":"Clos i Terrasses Laurel 2020 1500ml"},{"@type":"BreadcrumbList","@id":"https:\/\/wein-werte.com\/de\/produkt\/clos-i-terrasses-laurel-2020-1500ml\/#breadcrumb","itemListElement":[{"@type":"ListItem","position":1,"name":"Home","item":"https:\/\/wein-werte.com\/de\/"},{"@type":"ListItem","position":2,"name":"Shop","item":"https:\/\/wein-werte.com\/de\/shop\/"},{"@type":"ListItem","position":3,"name":"Clos i Terrasses | Priorat | Laurel | 2020 | 1500ml"}]},{"@type":"WebSite","@id":"https:\/\/wein-werte.com\/de\/#website","url":"https:\/\/wein-werte.com\/de\/","name":"Wein Werte","description":"","publisher":{"@id":"https:\/\/wein-werte.com\/de\/#organization"},"potentialAction":[{"@type":"SearchAction","target":{"@type":"EntryPoint","urlTemplate":"https:\/\/wein-werte.com\/de\/?s={search_term_string}"},"query-input":{"@type":"PropertyValueSpecification","valueRequired":true,"valueName":"search_term_string"}}],"inLanguage":"de"},{"@type":"Organization","@id":"https:\/\/wein-werte.com\/de\/#organization","name":"Vins Fins Thorrold","url":"https:\/\/wein-werte.com\/de\/","logo":{"@type":"ImageObject","inLanguage":"de","@id":"https:\/\/wein-werte.com\/de\/#\/schema\/logo\/image\/","url":"https:\/\/wein-werte.com\/wp-content\/uploads\/2023\/07\/Wein_werte_Logo700-1.png","contentUrl":"https:\/\/wein-werte.com\/wp-content\/uploads\/2023\/07\/Wein_werte_Logo700-1.png","width":700,"height":272,"caption":"Vins Fins Thorrold"},"image":{"@id":"https:\/\/wein-werte.com\/de\/#\/schema\/logo\/image\/"}}]}},"_links":{"self":[{"href":"https:\/\/wein-werte.com\/de\/wp-json\/wp\/v2\/product\/1133276","targetHints":{"allow":["GET"]}}],"collection":[{"href":"https:\/\/wein-werte.com\/de\/wp-json\/wp\/v2\/product"}],"about":[{"href":"https:\/\/wein-werte.com\/de\/wp-json\/wp\/v2\/types\/product"}],"wp:featuredmedia":[{"embeddable":true,"href":"https:\/\/wein-werte.com\/de\/wp-json\/wp\/v2\/media\/1143746"}],"wp:attachment":[{"href":"https:\/\/wein-werte.com\/de\/wp-json\/wp\/v2\/media?parent=1133276"}],"wp:term":[{"taxonomy":"product_brand","embeddable":true,"href":"https:\/\/wein-werte.com\/de\/wp-json\/wp\/v2\/product_brand?post=1133276"},{"taxonomy":"product_cat","embeddable":true,"href":"https:\/\/wein-werte.com\/de\/wp-json\/wp\/v2\/product_cat?post=1133276"},{"taxonomy":"product_tag","embeddable":true,"href":"https:\/\/wein-werte.com\/de\/wp-json\/wp\/v2\/product_tag?post=1133276"}],"curies":[{"name":"wp","href":"https:\/\/api.w.org\/{rel}","templated":true}]}}