{"id":1133251,"date":"2026-05-05T18:26:19","date_gmt":"2026-05-05T16:26:19","guid":{"rendered":"https:\/\/wein-werte.com\/product\/terroir-sense-fronteres-vertebra-2021-750ml\/"},"modified":"2026-04-27T11:50:18","modified_gmt":"2026-04-27T09:50:18","slug":"terroir-sense-fronteres-vertebra-2021-750ml","status":"publish","type":"product","link":"https:\/\/wein-werte.com\/de\/produkt\/terroir-sense-fronteres-vertebra-2021-750ml\/","title":{"rendered":"Terroir Sense Fronteres | Montsant | V\u00e8rtebra | 2021 | 750ml"},"content":{"rendered":"<p>Produktbeschreibung f\u00fcr Terroir Sense Fronteres V\u00e8rtebra 2021  <\/p>\n<h5>Informationen zum Wein<\/h5>\n<p> V\u00e8rtebra ist der Ortswein im Portfolio von Terroir Sense Fronteres. Winzer Dominik Huber und Winzerin Tatjana Peceric keltern ihn aus 100% Garnacha Tinta. Die Trauben lesen sie aus verschiedenen Weinbergen in der Ortschaft La Figuera im Anbaugebiet Montsant. Diese liegt quasi direkt an der Grenze zum Priorat. Die B\u00f6den in La Figuera sind \u00fcberwiegend ton- und gipshaltig, die biodynamisch bewirtschafteten Reben sind im Schnitt 60 Jahre alt, und die Weinberge befinden sich auf einer f\u00fcr Montsant beachtlichen H\u00f6he von rund 700 Metern. Entsprechend ist die Frische ein Markenzeichen dieses Rotweins, den die beiden Winzer ausschlie\u00dflich in Betontanks ausbauen. <\/p>\n<h5>Farbe<\/h5>\n<p> Transparentes Kirschrot <\/p>\n<h5>Nase<\/h5>\n<p> Der Jahrgang 2021 hat ein expressives und aromatisches Bukett aus frischen roten und blauen Fr\u00fcchten, unterlegt von dezent reduktiven und erdig-mineralischen Noten. Typisch f\u00fcr die Weine von Terroir Sense Fronteres ist die Nase anregend und sinnlich; sie hat gar nichts Schweres und Dunkles an sich, sondern ist hell, pr\u00e4zise und frisch. Man k\u00f6nnte ewig daran riechen. <\/p>\n<h5>Gaumen<\/h5>\n<p> Der V\u00e8rtebra verf\u00fcgt \u00fcber einen schlanken K\u00f6rper und feink\u00f6rnige Tannine. Im Mund f\u00fchlt er sich elegant und leicht an, ist zugleich aber auch druckvoll und von aromatischer Intensit\u00e4t. Der Wein entwickelt viel Grip am Gaumen, hat einen geradlinigen Zug und zeigt die f\u00fcr Garnacha typische W\u00fcrze im langen Abgang. Im Gesamtbild vereint dieser Rotwein auf beeindruckende Weise die erfrischende und sonnige Seite des Mittelmeers: Mit nur 12,5 Prozent Alkoholgehalt ist er einerseits leicht, andererseits aber auch strukturiert und konzentriert. Eigentlich ist die Garnacha-Traube daf\u00fcr bekannt, viel Zucker aufzubauen, weshalb einige spanische Winzer sagen, man k\u00f6nne aus Garnacha keine phenolisch reifen und ausdrucksstarken Rotweine mit weniger als 14 Volumenprozent keltern. Der V\u00e8rtebra 2021 beweist allerdings genau das Gegenteil.<\/p>\n<p>Copyright Vinaturel 2025<\/p>\n<p>Keywords: <a href=\"https:\/\/wein-werte.com\/de\/shop\/?swoof=1&#038;pa_producer=Terroir-Sense-Fronteres\">Terroir Sense Fronteres<\/a> <a href=\"https:\/\/wein-werte.com\/de\/shop\/?swoof=1&#038;woof_text=V\u00e8rtebra\">V\u00e8rtebra<\/a> 2021  <a href=\"https:\/\/wein-werte.com\/de\/shop\/?swoof=1&#038;pa_region=Montsant\">Montsant<\/a> <a href=\"https:\/\/wein-werte.com\/de\/shop\/?swoof=1&#038;pa_country=Spanien\">Spanien<\/a><\/p>\n<h3>Wine Advocate<\/h3>\n<p>Punkte: 93<\/p>\n<p>Der Rotwein V\u00e8rtebra de la Figuera 2021 aus dem Dorf hat, wie ich finde, den typischen Stil des Hauses: hell und mit einer gewissen Leichtigkeit, moderatem Alkoholgehalt (12 %) und Reifegrad sowie einem mittelkr\u00e4ftigen Gaumen, der in diesem Fall das saftige Gef\u00fchl der Kalkb\u00f6den vermittelt, kalkhaltig, sehr schmackhaft, fast salzig. 6.000 Flaschen produziert. Alle Weine wurden etwa sechs Monate nach der Ernte abgef\u00fcllt.<br \/>Luis Guti\u00e9rrez<\/p>\n<p>Internetseite des Weinguts: <a href=\"https:\/\/terroir-sense-fronteres.com\/\" target=\"_blank\">https:\/\/terroir-sense-fronteres.com\/<\/a><\/p>\n","protected":false},"excerpt":{"rendered":"<p>Lieferzeit: 1 bis 2 Arbeitstage (DE), 2 bis 5 Arbeitstage (EU and CH)<\/p>\n","protected":false},"featured_media":1143726,"template":"","meta":[],"product_brand":[],"product_cat":[19],"product_tag":[],"class_list":{"0":"post-1133251","1":"product","2":"type-product","3":"status-publish","4":"has-post-thumbnail","6":"product_cat-unkategorisiert","7":"pa_alcohol-for-filter-12-5","8":"pa_certified-biodynamic-nein-de","9":"pa_certified-organic-nein-de","10":"pa_colour-rot","11":"pa_country-spanien","12":"pa_grape-grenache","13":"pa_parker-points-for-filter-93-de-2","14":"pa_price-for-filter-10584","15":"pa_producer-terroir-sense-fronteres","16":"pa_region-montsant","17":"pa_size-ml-6584","18":"pa_sweetness-trocken-de","19":"pa_type-2-still-de","20":"pa_vintage-2021-de","21":"entry","22":"has-media","24":"first","25":"instock","26":"taxable","27":"shipping-taxable","28":"purchasable","29":"product-type-simple"},"yoast_head":"<!-- This site is optimized with the Yoast SEO plugin v27.5 - https:\/\/yoast.com\/product\/yoast-seo-wordpress\/ -->\n<title>Terroir Sense Fronteres V\u00e8rtebra 2021<\/title>\n<meta name=\"description\" content=\"Kaufe Terroir Sense Fronteres V\u00e8rtebra 2021 (Grenache, trocken aus Montsant, Spanien) bei Wein Werte, Ihrem nachhaltigen Onlineshop.\" \/>\n<meta name=\"robots\" content=\"index, follow, max-snippet:-1, max-image-preview:large, max-video-preview:-1\" \/>\n<link rel=\"canonical\" href=\"https:\/\/wein-werte.com\/de\/produkt\/terroir-sense-fronteres-vertebra-2021-750ml\/\" \/>\n<meta property=\"og:locale\" content=\"de_DE\" \/>\n<meta property=\"og:type\" content=\"article\" \/>\n<meta property=\"og:title\" content=\"Terroir Sense Fronteres V\u00e8rtebra 2021\" \/>\n<meta property=\"og:description\" content=\"Kaufe Terroir Sense Fronteres V\u00e8rtebra 2021 (Grenache, trocken aus Montsant, Spanien) bei Wein Werte, Ihrem nachhaltigen Onlineshop.\" \/>\n<meta property=\"og:url\" content=\"https:\/\/wein-werte.com\/de\/produkt\/terroir-sense-fronteres-vertebra-2021-750ml\/\" \/>\n<meta property=\"og:site_name\" content=\"Wein Werte\" \/>\n<meta property=\"og:image\" content=\"https:\/\/wein-werte.com\/wp-content\/uploads\/2026\/04\/Terroir-Sense-Fronteres-Vertebra-2021-750ml.png\" \/>\n\t<meta property=\"og:image:width\" content=\"325\" \/>\n\t<meta property=\"og:image:height\" content=\"1200\" \/>\n\t<meta property=\"og:image:type\" content=\"image\/png\" \/>\n<meta name=\"twitter:card\" content=\"summary_large_image\" \/>\n<meta name=\"twitter:label1\" content=\"Gesch\u00e4tzte Lesezeit\" \/>\n\t<meta name=\"twitter:data1\" content=\"2\u00a0Minuten\" \/>\n<script type=\"application\/ld+json\" class=\"yoast-schema-graph\">{\"@context\":\"https:\\\/\\\/schema.org\",\"@graph\":[{\"@type\":\"WebPage\",\"@id\":\"https:\\\/\\\/wein-werte.com\\\/de\\\/produkt\\\/terroir-sense-fronteres-vertebra-2021-750ml\\\/\",\"url\":\"https:\\\/\\\/wein-werte.com\\\/de\\\/produkt\\\/terroir-sense-fronteres-vertebra-2021-750ml\\\/\",\"name\":\"Terroir Sense Fronteres V\u00e8rtebra 2021\",\"isPartOf\":{\"@id\":\"https:\\\/\\\/wein-werte.com\\\/de\\\/#website\"},\"primaryImageOfPage\":{\"@id\":\"https:\\\/\\\/wein-werte.com\\\/de\\\/produkt\\\/terroir-sense-fronteres-vertebra-2021-750ml\\\/#primaryimage\"},\"image\":{\"@id\":\"https:\\\/\\\/wein-werte.com\\\/de\\\/produkt\\\/terroir-sense-fronteres-vertebra-2021-750ml\\\/#primaryimage\"},\"thumbnailUrl\":\"https:\\\/\\\/wein-werte.com\\\/wp-content\\\/uploads\\\/2026\\\/04\\\/Terroir-Sense-Fronteres-Vertebra-2021-750ml.png\",\"datePublished\":\"2026-05-05T16:26:19+00:00\",\"description\":\"Kaufe Terroir Sense Fronteres V\u00e8rtebra 2021 (Grenache, trocken aus Montsant, Spanien) bei Wein Werte, Ihrem nachhaltigen Onlineshop.\",\"breadcrumb\":{\"@id\":\"https:\\\/\\\/wein-werte.com\\\/de\\\/produkt\\\/terroir-sense-fronteres-vertebra-2021-750ml\\\/#breadcrumb\"},\"inLanguage\":\"de\",\"potentialAction\":[{\"@type\":\"ReadAction\",\"target\":[\"https:\\\/\\\/wein-werte.com\\\/de\\\/produkt\\\/terroir-sense-fronteres-vertebra-2021-750ml\\\/\"]}]},{\"@type\":\"ImageObject\",\"inLanguage\":\"de\",\"@id\":\"https:\\\/\\\/wein-werte.com\\\/de\\\/produkt\\\/terroir-sense-fronteres-vertebra-2021-750ml\\\/#primaryimage\",\"url\":\"https:\\\/\\\/wein-werte.com\\\/wp-content\\\/uploads\\\/2026\\\/04\\\/Terroir-Sense-Fronteres-Vertebra-2021-750ml.png\",\"contentUrl\":\"https:\\\/\\\/wein-werte.com\\\/wp-content\\\/uploads\\\/2026\\\/04\\\/Terroir-Sense-Fronteres-Vertebra-2021-750ml.png\",\"width\":325,\"height\":1200,\"caption\":\"Terroir Sense Fronteres V\u00e8rtebra 2021 750ml\"},{\"@type\":\"BreadcrumbList\",\"@id\":\"https:\\\/\\\/wein-werte.com\\\/de\\\/produkt\\\/terroir-sense-fronteres-vertebra-2021-750ml\\\/#breadcrumb\",\"itemListElement\":[{\"@type\":\"ListItem\",\"position\":1,\"name\":\"Home\",\"item\":\"https:\\\/\\\/wein-werte.com\\\/de\\\/\"},{\"@type\":\"ListItem\",\"position\":2,\"name\":\"Shop\",\"item\":\"https:\\\/\\\/wein-werte.com\\\/de\\\/shop\\\/\"},{\"@type\":\"ListItem\",\"position\":3,\"name\":\"Terroir Sense Fronteres | Montsant | V\u00e8rtebra | 2021 | 750ml\"}]},{\"@type\":\"WebSite\",\"@id\":\"https:\\\/\\\/wein-werte.com\\\/de\\\/#website\",\"url\":\"https:\\\/\\\/wein-werte.com\\\/de\\\/\",\"name\":\"Wein Werte\",\"description\":\"\",\"publisher\":{\"@id\":\"https:\\\/\\\/wein-werte.com\\\/de\\\/#organization\"},\"potentialAction\":[{\"@type\":\"SearchAction\",\"target\":{\"@type\":\"EntryPoint\",\"urlTemplate\":\"https:\\\/\\\/wein-werte.com\\\/de\\\/?s={search_term_string}\"},\"query-input\":{\"@type\":\"PropertyValueSpecification\",\"valueRequired\":true,\"valueName\":\"search_term_string\"}}],\"inLanguage\":\"de\"},{\"@type\":\"Organization\",\"@id\":\"https:\\\/\\\/wein-werte.com\\\/de\\\/#organization\",\"name\":\"Vins Fins Thorrold\",\"url\":\"https:\\\/\\\/wein-werte.com\\\/de\\\/\",\"logo\":{\"@type\":\"ImageObject\",\"inLanguage\":\"de\",\"@id\":\"https:\\\/\\\/wein-werte.com\\\/de\\\/#\\\/schema\\\/logo\\\/image\\\/\",\"url\":\"https:\\\/\\\/wein-werte.com\\\/wp-content\\\/uploads\\\/2023\\\/07\\\/Wein_werte_Logo700-1.png\",\"contentUrl\":\"https:\\\/\\\/wein-werte.com\\\/wp-content\\\/uploads\\\/2023\\\/07\\\/Wein_werte_Logo700-1.png\",\"width\":700,\"height\":272,\"caption\":\"Vins Fins Thorrold\"},\"image\":{\"@id\":\"https:\\\/\\\/wein-werte.com\\\/de\\\/#\\\/schema\\\/logo\\\/image\\\/\"}}]}<\/script>\n<!-- \/ Yoast SEO plugin. -->","yoast_head_json":{"title":"Terroir Sense Fronteres V\u00e8rtebra 2021","description":"Kaufe Terroir Sense Fronteres V\u00e8rtebra 2021 (Grenache, trocken aus Montsant, Spanien) bei Wein Werte, Ihrem nachhaltigen Onlineshop.","robots":{"index":"index","follow":"follow","max-snippet":"max-snippet:-1","max-image-preview":"max-image-preview:large","max-video-preview":"max-video-preview:-1"},"canonical":"https:\/\/wein-werte.com\/de\/produkt\/terroir-sense-fronteres-vertebra-2021-750ml\/","og_locale":"de_DE","og_type":"article","og_title":"Terroir Sense Fronteres V\u00e8rtebra 2021","og_description":"Kaufe Terroir Sense Fronteres V\u00e8rtebra 2021 (Grenache, trocken aus Montsant, Spanien) bei Wein Werte, Ihrem nachhaltigen Onlineshop.","og_url":"https:\/\/wein-werte.com\/de\/produkt\/terroir-sense-fronteres-vertebra-2021-750ml\/","og_site_name":"Wein Werte","og_image":[{"width":325,"height":1200,"url":"https:\/\/wein-werte.com\/wp-content\/uploads\/2026\/04\/Terroir-Sense-Fronteres-Vertebra-2021-750ml.png","type":"image\/png"}],"twitter_card":"summary_large_image","twitter_misc":{"Gesch\u00e4tzte Lesezeit":"2\u00a0Minuten"},"schema":{"@context":"https:\/\/schema.org","@graph":[{"@type":"WebPage","@id":"https:\/\/wein-werte.com\/de\/produkt\/terroir-sense-fronteres-vertebra-2021-750ml\/","url":"https:\/\/wein-werte.com\/de\/produkt\/terroir-sense-fronteres-vertebra-2021-750ml\/","name":"Terroir Sense Fronteres V\u00e8rtebra 2021","isPartOf":{"@id":"https:\/\/wein-werte.com\/de\/#website"},"primaryImageOfPage":{"@id":"https:\/\/wein-werte.com\/de\/produkt\/terroir-sense-fronteres-vertebra-2021-750ml\/#primaryimage"},"image":{"@id":"https:\/\/wein-werte.com\/de\/produkt\/terroir-sense-fronteres-vertebra-2021-750ml\/#primaryimage"},"thumbnailUrl":"https:\/\/wein-werte.com\/wp-content\/uploads\/2026\/04\/Terroir-Sense-Fronteres-Vertebra-2021-750ml.png","datePublished":"2026-05-05T16:26:19+00:00","description":"Kaufe Terroir Sense Fronteres V\u00e8rtebra 2021 (Grenache, trocken aus Montsant, Spanien) bei Wein Werte, Ihrem nachhaltigen Onlineshop.","breadcrumb":{"@id":"https:\/\/wein-werte.com\/de\/produkt\/terroir-sense-fronteres-vertebra-2021-750ml\/#breadcrumb"},"inLanguage":"de","potentialAction":[{"@type":"ReadAction","target":["https:\/\/wein-werte.com\/de\/produkt\/terroir-sense-fronteres-vertebra-2021-750ml\/"]}]},{"@type":"ImageObject","inLanguage":"de","@id":"https:\/\/wein-werte.com\/de\/produkt\/terroir-sense-fronteres-vertebra-2021-750ml\/#primaryimage","url":"https:\/\/wein-werte.com\/wp-content\/uploads\/2026\/04\/Terroir-Sense-Fronteres-Vertebra-2021-750ml.png","contentUrl":"https:\/\/wein-werte.com\/wp-content\/uploads\/2026\/04\/Terroir-Sense-Fronteres-Vertebra-2021-750ml.png","width":325,"height":1200,"caption":"Terroir Sense Fronteres V\u00e8rtebra 2021 750ml"},{"@type":"BreadcrumbList","@id":"https:\/\/wein-werte.com\/de\/produkt\/terroir-sense-fronteres-vertebra-2021-750ml\/#breadcrumb","itemListElement":[{"@type":"ListItem","position":1,"name":"Home","item":"https:\/\/wein-werte.com\/de\/"},{"@type":"ListItem","position":2,"name":"Shop","item":"https:\/\/wein-werte.com\/de\/shop\/"},{"@type":"ListItem","position":3,"name":"Terroir Sense Fronteres | Montsant | V\u00e8rtebra | 2021 | 750ml"}]},{"@type":"WebSite","@id":"https:\/\/wein-werte.com\/de\/#website","url":"https:\/\/wein-werte.com\/de\/","name":"Wein Werte","description":"","publisher":{"@id":"https:\/\/wein-werte.com\/de\/#organization"},"potentialAction":[{"@type":"SearchAction","target":{"@type":"EntryPoint","urlTemplate":"https:\/\/wein-werte.com\/de\/?s={search_term_string}"},"query-input":{"@type":"PropertyValueSpecification","valueRequired":true,"valueName":"search_term_string"}}],"inLanguage":"de"},{"@type":"Organization","@id":"https:\/\/wein-werte.com\/de\/#organization","name":"Vins Fins Thorrold","url":"https:\/\/wein-werte.com\/de\/","logo":{"@type":"ImageObject","inLanguage":"de","@id":"https:\/\/wein-werte.com\/de\/#\/schema\/logo\/image\/","url":"https:\/\/wein-werte.com\/wp-content\/uploads\/2023\/07\/Wein_werte_Logo700-1.png","contentUrl":"https:\/\/wein-werte.com\/wp-content\/uploads\/2023\/07\/Wein_werte_Logo700-1.png","width":700,"height":272,"caption":"Vins Fins Thorrold"},"image":{"@id":"https:\/\/wein-werte.com\/de\/#\/schema\/logo\/image\/"}}]}},"_links":{"self":[{"href":"https:\/\/wein-werte.com\/de\/wp-json\/wp\/v2\/product\/1133251","targetHints":{"allow":["GET"]}}],"collection":[{"href":"https:\/\/wein-werte.com\/de\/wp-json\/wp\/v2\/product"}],"about":[{"href":"https:\/\/wein-werte.com\/de\/wp-json\/wp\/v2\/types\/product"}],"wp:featuredmedia":[{"embeddable":true,"href":"https:\/\/wein-werte.com\/de\/wp-json\/wp\/v2\/media\/1143726"}],"wp:attachment":[{"href":"https:\/\/wein-werte.com\/de\/wp-json\/wp\/v2\/media?parent=1133251"}],"wp:term":[{"taxonomy":"product_brand","embeddable":true,"href":"https:\/\/wein-werte.com\/de\/wp-json\/wp\/v2\/product_brand?post=1133251"},{"taxonomy":"product_cat","embeddable":true,"href":"https:\/\/wein-werte.com\/de\/wp-json\/wp\/v2\/product_cat?post=1133251"},{"taxonomy":"product_tag","embeddable":true,"href":"https:\/\/wein-werte.com\/de\/wp-json\/wp\/v2\/product_tag?post=1133251"}],"curies":[{"name":"wp","href":"https:\/\/api.w.org\/{rel}","templated":true}]}}