{"id":1133246,"date":"2026-05-05T18:26:19","date_gmt":"2026-05-05T16:26:19","guid":{"rendered":"https:\/\/wein-werte.com\/product\/coreografia-pas-de-deux-2019-750ml\/"},"modified":"2026-04-27T11:50:17","modified_gmt":"2026-04-27T09:50:17","slug":"coreografia-pas-de-deux-2019-750ml","status":"publish","type":"product","link":"https:\/\/wein-werte.com\/de\/produkt\/coreografia-pas-de-deux-2019-750ml\/","title":{"rendered":"Coreografia | Montsant | Pas de deux | 2019 | 750ml"},"content":{"rendered":"<p>Produktbeschreibung f\u00fcr Coreografia Pas de deux 2019  <\/p>\n<h5>Information zum Wein<\/h5>\n<p> Garnacha Negra, Garnacha Peluda und Cari\u00f1ena von 50 bis 60 Jahre alten Reben. Sie stehen im Weinberg eines Freundes mit Rebst\u00f6cken in 700 Metern H\u00f6he in der Gemeinde Cornudella del Montsant, der gerade f\u00fcr den biodynamischen Anbau zertifiziert wird. Cornudella ist das n\u00f6rdlichste Dorf des Montsant, es gibt dort nur sehr wenige Weinberge, und die H\u00f6henlage tr\u00e4gt ebenfalls zum k\u00fchlen Klima bei. Der Reifezyklus verl\u00e4uft hier sehr langsam. Die B\u00f6den sind hellrot mit viel Gips. Der zweite Jahrgang dieses Weines wurde mit indigenen Hefen zur H\u00e4lfte in Amphoren vergoren, der Rest im Edelstahl. Er reifte in diesen Beh\u00e4ltern sechs Monate lang, bevor er im Mai 2020 in Flaschen abgef\u00fcllt wurde. <\/p>\n<h5>Farbe<\/h5>\n<p> leicht transparentes Granatrot <\/p>\n<h5>Nase<\/h5>\n<p> Die Cuv\u00e9e \u00f6ffnet sich mit einem rotbeerigen k\u00fchlen und frischen Ausdruck, der unterst\u00fctzt wird durch Noten von zerriebenem Kalk und Kr\u00e4utern. Die Mischung aus Roten Johannisbeeren, Berberitzen und Himbeeren wird begleitet von Veilchen, einem Hauch S\u00fc\u00dfholz und rosa Pfeffer. <\/p>\n<h5>Gaumen<\/h5>\n<p> Am Gaumen kann man den Namen des Weines recht gut nachvollziehen. Er tanzt auf der Zunge mit einer elektrisierenden S\u00e4ure und einer mineralischen Spannung, die einen zucken l\u00e4sst. Aromatisch wirkt der Pas de Deux \u00e4hnlich wie ein Vintage Port, nur ohne S\u00fc\u00dfe und Schwere. Aber die reife Frucht und der Gew\u00fcrzkuchen sind vorhanden. Allerdings ist es eben ein strukturell leichter, \u00e4therischer Wein, der nach vorne schiebt, herbe Noten und ein festes Tannin bietet und bis zum Finale steinig und k\u00fchl bleibt.<\/p>\n<p>Copyright Vinaturel 2025<\/p>\n<p>Keywords: <a href=\"https:\/\/wein-werte.com\/de\/shop\/?swoof=1&#038;pa_producer=Coreografia\">Coreografia<\/a> <a href=\"https:\/\/wein-werte.com\/de\/shop\/?swoof=1&#038;woof_text=Pas de deux\">Pas de deux<\/a> 2019  <a href=\"https:\/\/wein-werte.com\/de\/shop\/?swoof=1&#038;pa_region=Montsant\">Montsant<\/a> <a href=\"https:\/\/wein-werte.com\/de\/shop\/?swoof=1&#038;pa_country=Spanien\">Spanien<\/a><\/p>\n<h3>Wine Advocate<\/h3>\n<p>Punkte: 94<\/p>\n<p>Der 2019 Pas de Deux Coreografia, eine neue Rotweinmischung aus 50 % Garnacha und 50 % Cari\u00f1ena, wurde von der Liebe der Winzerin Tatjana Peceric zum Tanz inspiriert. Die Trauben stammen von 50 bis 60 Jahre alten Rebst\u00f6cken auf 700 Metern H\u00f6he im Dorf Cornudella del Montsant, die gerade f\u00fcr biologisch-dynamischen Anbau zertifiziert werden. Die H\u00e4lfte des Volumens wurde in Amphoren vergoren, der Rest in Edelstahlf\u00e4ssern, immer mit einheimischen Hefen, und der Wein reifte sechs Monate in diesen Gef\u00e4\u00dfen, bevor er in Flaschen abgef\u00fcllt wurde. Der Wein ist \u00fcberraschend frischer als 2018. Cornudella und Siurana sind die k\u00fchlsten D\u00f6rfer von Montsant. In Cornudella, dem n\u00f6rdlichsten Dorf von Montsant, gibt es nur sehr wenige Weinberge, ganz anders als La Figuera, und die H\u00f6he tr\u00e4gt ebenfalls eine zus\u00e4tzliche Dimension bei, die zu leuchtend s\u00e4ureroten Beeren und einem elektrisierenden Gef\u00fchl am Gaumen beitr\u00e4gt. Der Reifezyklus verl\u00e4uft hier sehr langsam, und die B\u00f6den sind hellrot mit viel Gips, was der Textur ein kalkiges Gef\u00fchl verleiht. Der Wein ist rein, elegant, aromatisch und ausdrucksstark. 2.500 Flaschen produziert. Abf\u00fcllung im Mai 2020.<br \/>Luis Guti\u00e9rrez<\/p>\n<p>Internetseite des Weinguts: <a href=\"https:\/\/terroir-sense-fronteres.com\/\" target=\"_blank\">https:\/\/terroir-sense-fronteres.com\/<\/a><\/p>\n","protected":false},"excerpt":{"rendered":"<p>Lieferzeit: 1 bis 2 Arbeitstage (DE), 2 bis 5 Arbeitstage (EU and CH)<\/p>\n","protected":false},"featured_media":1143722,"template":"","meta":[],"product_brand":[],"product_cat":[19],"product_tag":[],"class_list":{"0":"post-1133246","1":"product","2":"type-product","3":"status-publish","4":"has-post-thumbnail","6":"product_cat-unkategorisiert","7":"pa_alcohol-for-filter-12897","8":"pa_certified-biodynamic-nein-de","9":"pa_certified-organic-nein-de","10":"pa_colour-rot","11":"pa_country-spanien","12":"pa_grape-grenache-cuvee","13":"pa_parker-points-for-filter-94-de-2","14":"pa_price-for-filter-10605","15":"pa_producer-coreografia","16":"pa_region-montsant","17":"pa_size-ml-6584","18":"pa_sweetness-trocken-de","19":"pa_type-2-still-de","20":"pa_vintage-2019-de","21":"entry","22":"has-media","24":"first","25":"instock","26":"taxable","27":"shipping-taxable","28":"purchasable","29":"product-type-simple"},"yoast_head":"<!-- This site is optimized with the Yoast SEO plugin v27.5 - https:\/\/yoast.com\/product\/yoast-seo-wordpress\/ -->\n<title>Coreografia Pas de deux 2019<\/title>\n<meta name=\"description\" content=\"Kaufe Coreografia Pas de deux 2019 (Grenache Cuv\u00e9e, trocken aus Montsant, Spanien) bei Wein Werte, Ihrem nachhaltigen Onlineshop.\" \/>\n<meta name=\"robots\" content=\"index, follow, max-snippet:-1, max-image-preview:large, max-video-preview:-1\" \/>\n<link rel=\"canonical\" href=\"https:\/\/wein-werte.com\/de\/produkt\/coreografia-pas-de-deux-2019-750ml\/\" \/>\n<meta property=\"og:locale\" content=\"de_DE\" \/>\n<meta property=\"og:type\" content=\"article\" \/>\n<meta property=\"og:title\" content=\"Coreografia Pas de deux 2019\" \/>\n<meta property=\"og:description\" content=\"Kaufe Coreografia Pas de deux 2019 (Grenache Cuv\u00e9e, trocken aus Montsant, Spanien) bei Wein Werte, Ihrem nachhaltigen Onlineshop.\" \/>\n<meta property=\"og:url\" content=\"https:\/\/wein-werte.com\/de\/produkt\/coreografia-pas-de-deux-2019-750ml\/\" \/>\n<meta property=\"og:site_name\" content=\"Wein Werte\" \/>\n<meta property=\"og:image\" content=\"https:\/\/wein-werte.com\/wp-content\/uploads\/2026\/04\/Coreografia-Pas-de-deux-2019-750ml.png\" \/>\n\t<meta property=\"og:image:width\" content=\"342\" \/>\n\t<meta property=\"og:image:height\" content=\"1200\" \/>\n\t<meta property=\"og:image:type\" content=\"image\/png\" \/>\n<meta name=\"twitter:card\" content=\"summary_large_image\" \/>\n<meta name=\"twitter:label1\" content=\"Gesch\u00e4tzte Lesezeit\" \/>\n\t<meta name=\"twitter:data1\" content=\"2\u00a0Minuten\" \/>\n<script type=\"application\/ld+json\" class=\"yoast-schema-graph\">{\"@context\":\"https:\\\/\\\/schema.org\",\"@graph\":[{\"@type\":\"WebPage\",\"@id\":\"https:\\\/\\\/wein-werte.com\\\/de\\\/produkt\\\/coreografia-pas-de-deux-2019-750ml\\\/\",\"url\":\"https:\\\/\\\/wein-werte.com\\\/de\\\/produkt\\\/coreografia-pas-de-deux-2019-750ml\\\/\",\"name\":\"Coreografia Pas de deux 2019\",\"isPartOf\":{\"@id\":\"https:\\\/\\\/wein-werte.com\\\/de\\\/#website\"},\"primaryImageOfPage\":{\"@id\":\"https:\\\/\\\/wein-werte.com\\\/de\\\/produkt\\\/coreografia-pas-de-deux-2019-750ml\\\/#primaryimage\"},\"image\":{\"@id\":\"https:\\\/\\\/wein-werte.com\\\/de\\\/produkt\\\/coreografia-pas-de-deux-2019-750ml\\\/#primaryimage\"},\"thumbnailUrl\":\"https:\\\/\\\/wein-werte.com\\\/wp-content\\\/uploads\\\/2026\\\/04\\\/Coreografia-Pas-de-deux-2019-750ml.png\",\"datePublished\":\"2026-05-05T16:26:19+00:00\",\"description\":\"Kaufe Coreografia Pas de deux 2019 (Grenache Cuv\u00e9e, trocken aus Montsant, Spanien) bei Wein Werte, Ihrem nachhaltigen Onlineshop.\",\"breadcrumb\":{\"@id\":\"https:\\\/\\\/wein-werte.com\\\/de\\\/produkt\\\/coreografia-pas-de-deux-2019-750ml\\\/#breadcrumb\"},\"inLanguage\":\"de\",\"potentialAction\":[{\"@type\":\"ReadAction\",\"target\":[\"https:\\\/\\\/wein-werte.com\\\/de\\\/produkt\\\/coreografia-pas-de-deux-2019-750ml\\\/\"]}]},{\"@type\":\"ImageObject\",\"inLanguage\":\"de\",\"@id\":\"https:\\\/\\\/wein-werte.com\\\/de\\\/produkt\\\/coreografia-pas-de-deux-2019-750ml\\\/#primaryimage\",\"url\":\"https:\\\/\\\/wein-werte.com\\\/wp-content\\\/uploads\\\/2026\\\/04\\\/Coreografia-Pas-de-deux-2019-750ml.png\",\"contentUrl\":\"https:\\\/\\\/wein-werte.com\\\/wp-content\\\/uploads\\\/2026\\\/04\\\/Coreografia-Pas-de-deux-2019-750ml.png\",\"width\":342,\"height\":1200,\"caption\":\"Coreografia Pas de deux 2019 750ml\"},{\"@type\":\"BreadcrumbList\",\"@id\":\"https:\\\/\\\/wein-werte.com\\\/de\\\/produkt\\\/coreografia-pas-de-deux-2019-750ml\\\/#breadcrumb\",\"itemListElement\":[{\"@type\":\"ListItem\",\"position\":1,\"name\":\"Home\",\"item\":\"https:\\\/\\\/wein-werte.com\\\/de\\\/\"},{\"@type\":\"ListItem\",\"position\":2,\"name\":\"Shop\",\"item\":\"https:\\\/\\\/wein-werte.com\\\/de\\\/shop\\\/\"},{\"@type\":\"ListItem\",\"position\":3,\"name\":\"Coreografia | Montsant | Pas de deux | 2019 | 750ml\"}]},{\"@type\":\"WebSite\",\"@id\":\"https:\\\/\\\/wein-werte.com\\\/de\\\/#website\",\"url\":\"https:\\\/\\\/wein-werte.com\\\/de\\\/\",\"name\":\"Wein Werte\",\"description\":\"\",\"publisher\":{\"@id\":\"https:\\\/\\\/wein-werte.com\\\/de\\\/#organization\"},\"potentialAction\":[{\"@type\":\"SearchAction\",\"target\":{\"@type\":\"EntryPoint\",\"urlTemplate\":\"https:\\\/\\\/wein-werte.com\\\/de\\\/?s={search_term_string}\"},\"query-input\":{\"@type\":\"PropertyValueSpecification\",\"valueRequired\":true,\"valueName\":\"search_term_string\"}}],\"inLanguage\":\"de\"},{\"@type\":\"Organization\",\"@id\":\"https:\\\/\\\/wein-werte.com\\\/de\\\/#organization\",\"name\":\"Vins Fins Thorrold\",\"url\":\"https:\\\/\\\/wein-werte.com\\\/de\\\/\",\"logo\":{\"@type\":\"ImageObject\",\"inLanguage\":\"de\",\"@id\":\"https:\\\/\\\/wein-werte.com\\\/de\\\/#\\\/schema\\\/logo\\\/image\\\/\",\"url\":\"https:\\\/\\\/wein-werte.com\\\/wp-content\\\/uploads\\\/2023\\\/07\\\/Wein_werte_Logo700-1.png\",\"contentUrl\":\"https:\\\/\\\/wein-werte.com\\\/wp-content\\\/uploads\\\/2023\\\/07\\\/Wein_werte_Logo700-1.png\",\"width\":700,\"height\":272,\"caption\":\"Vins Fins Thorrold\"},\"image\":{\"@id\":\"https:\\\/\\\/wein-werte.com\\\/de\\\/#\\\/schema\\\/logo\\\/image\\\/\"}}]}<\/script>\n<!-- \/ Yoast SEO plugin. -->","yoast_head_json":{"title":"Coreografia Pas de deux 2019","description":"Kaufe Coreografia Pas de deux 2019 (Grenache Cuv\u00e9e, trocken aus Montsant, Spanien) bei Wein Werte, Ihrem nachhaltigen Onlineshop.","robots":{"index":"index","follow":"follow","max-snippet":"max-snippet:-1","max-image-preview":"max-image-preview:large","max-video-preview":"max-video-preview:-1"},"canonical":"https:\/\/wein-werte.com\/de\/produkt\/coreografia-pas-de-deux-2019-750ml\/","og_locale":"de_DE","og_type":"article","og_title":"Coreografia Pas de deux 2019","og_description":"Kaufe Coreografia Pas de deux 2019 (Grenache Cuv\u00e9e, trocken aus Montsant, Spanien) bei Wein Werte, Ihrem nachhaltigen Onlineshop.","og_url":"https:\/\/wein-werte.com\/de\/produkt\/coreografia-pas-de-deux-2019-750ml\/","og_site_name":"Wein Werte","og_image":[{"width":342,"height":1200,"url":"https:\/\/wein-werte.com\/wp-content\/uploads\/2026\/04\/Coreografia-Pas-de-deux-2019-750ml.png","type":"image\/png"}],"twitter_card":"summary_large_image","twitter_misc":{"Gesch\u00e4tzte Lesezeit":"2\u00a0Minuten"},"schema":{"@context":"https:\/\/schema.org","@graph":[{"@type":"WebPage","@id":"https:\/\/wein-werte.com\/de\/produkt\/coreografia-pas-de-deux-2019-750ml\/","url":"https:\/\/wein-werte.com\/de\/produkt\/coreografia-pas-de-deux-2019-750ml\/","name":"Coreografia Pas de deux 2019","isPartOf":{"@id":"https:\/\/wein-werte.com\/de\/#website"},"primaryImageOfPage":{"@id":"https:\/\/wein-werte.com\/de\/produkt\/coreografia-pas-de-deux-2019-750ml\/#primaryimage"},"image":{"@id":"https:\/\/wein-werte.com\/de\/produkt\/coreografia-pas-de-deux-2019-750ml\/#primaryimage"},"thumbnailUrl":"https:\/\/wein-werte.com\/wp-content\/uploads\/2026\/04\/Coreografia-Pas-de-deux-2019-750ml.png","datePublished":"2026-05-05T16:26:19+00:00","description":"Kaufe Coreografia Pas de deux 2019 (Grenache Cuv\u00e9e, trocken aus Montsant, Spanien) bei Wein Werte, Ihrem nachhaltigen Onlineshop.","breadcrumb":{"@id":"https:\/\/wein-werte.com\/de\/produkt\/coreografia-pas-de-deux-2019-750ml\/#breadcrumb"},"inLanguage":"de","potentialAction":[{"@type":"ReadAction","target":["https:\/\/wein-werte.com\/de\/produkt\/coreografia-pas-de-deux-2019-750ml\/"]}]},{"@type":"ImageObject","inLanguage":"de","@id":"https:\/\/wein-werte.com\/de\/produkt\/coreografia-pas-de-deux-2019-750ml\/#primaryimage","url":"https:\/\/wein-werte.com\/wp-content\/uploads\/2026\/04\/Coreografia-Pas-de-deux-2019-750ml.png","contentUrl":"https:\/\/wein-werte.com\/wp-content\/uploads\/2026\/04\/Coreografia-Pas-de-deux-2019-750ml.png","width":342,"height":1200,"caption":"Coreografia Pas de deux 2019 750ml"},{"@type":"BreadcrumbList","@id":"https:\/\/wein-werte.com\/de\/produkt\/coreografia-pas-de-deux-2019-750ml\/#breadcrumb","itemListElement":[{"@type":"ListItem","position":1,"name":"Home","item":"https:\/\/wein-werte.com\/de\/"},{"@type":"ListItem","position":2,"name":"Shop","item":"https:\/\/wein-werte.com\/de\/shop\/"},{"@type":"ListItem","position":3,"name":"Coreografia | Montsant | Pas de deux | 2019 | 750ml"}]},{"@type":"WebSite","@id":"https:\/\/wein-werte.com\/de\/#website","url":"https:\/\/wein-werte.com\/de\/","name":"Wein Werte","description":"","publisher":{"@id":"https:\/\/wein-werte.com\/de\/#organization"},"potentialAction":[{"@type":"SearchAction","target":{"@type":"EntryPoint","urlTemplate":"https:\/\/wein-werte.com\/de\/?s={search_term_string}"},"query-input":{"@type":"PropertyValueSpecification","valueRequired":true,"valueName":"search_term_string"}}],"inLanguage":"de"},{"@type":"Organization","@id":"https:\/\/wein-werte.com\/de\/#organization","name":"Vins Fins Thorrold","url":"https:\/\/wein-werte.com\/de\/","logo":{"@type":"ImageObject","inLanguage":"de","@id":"https:\/\/wein-werte.com\/de\/#\/schema\/logo\/image\/","url":"https:\/\/wein-werte.com\/wp-content\/uploads\/2023\/07\/Wein_werte_Logo700-1.png","contentUrl":"https:\/\/wein-werte.com\/wp-content\/uploads\/2023\/07\/Wein_werte_Logo700-1.png","width":700,"height":272,"caption":"Vins Fins Thorrold"},"image":{"@id":"https:\/\/wein-werte.com\/de\/#\/schema\/logo\/image\/"}}]}},"_links":{"self":[{"href":"https:\/\/wein-werte.com\/de\/wp-json\/wp\/v2\/product\/1133246","targetHints":{"allow":["GET"]}}],"collection":[{"href":"https:\/\/wein-werte.com\/de\/wp-json\/wp\/v2\/product"}],"about":[{"href":"https:\/\/wein-werte.com\/de\/wp-json\/wp\/v2\/types\/product"}],"wp:featuredmedia":[{"embeddable":true,"href":"https:\/\/wein-werte.com\/de\/wp-json\/wp\/v2\/media\/1143722"}],"wp:attachment":[{"href":"https:\/\/wein-werte.com\/de\/wp-json\/wp\/v2\/media?parent=1133246"}],"wp:term":[{"taxonomy":"product_brand","embeddable":true,"href":"https:\/\/wein-werte.com\/de\/wp-json\/wp\/v2\/product_brand?post=1133246"},{"taxonomy":"product_cat","embeddable":true,"href":"https:\/\/wein-werte.com\/de\/wp-json\/wp\/v2\/product_cat?post=1133246"},{"taxonomy":"product_tag","embeddable":true,"href":"https:\/\/wein-werte.com\/de\/wp-json\/wp\/v2\/product_tag?post=1133246"}],"curies":[{"name":"wp","href":"https:\/\/api.w.org\/{rel}","templated":true}]}}