{"id":1133241,"date":"2026-05-05T18:26:19","date_gmt":"2026-05-05T16:26:19","guid":{"rendered":"https:\/\/wein-werte.com\/product\/terroir-sense-fronteres-guix-vermell-2018-750ml\/"},"modified":"2026-04-27T11:50:17","modified_gmt":"2026-04-27T09:50:17","slug":"terroir-sense-fronteres-guix-vermell-2018-750ml","status":"publish","type":"product","link":"https:\/\/wein-werte.com\/de\/produkt\/terroir-sense-fronteres-guix-vermell-2018-750ml\/","title":{"rendered":"Terroir Sense Fronteres | Montsant | Guix Vermell | 2018 | 750ml"},"content":{"rendered":"<p>Produktbeschreibung f\u00fcr Terroir Sense Fronteres Guix Vermell 2018  <\/p>\n<h5>Info<\/h5>\n<p> Dominik Huber &amp; Tatjana Peceric, Head Winemaker von Terroir al Limit und Terroir Sense Fronteres, stehen als Doppelspitze hinter diesen Weinen. Das Duo hat sein Portfolio der hochgelobten Weine aus dem Priorat um die Nachbarregion Montsant erweitert. Die Spitzen-Cuv\u00e9e des neuen Projekts hei\u00dft Guix Vermell und stammt aus der Lage Montalts in direkter Nachbarschaft seines Les Manyes. Nur eben auf der anderen Seite der Gemarkung. F\u00fcr beide Weing\u00fcter gilt die Dreistufigkeit aus Region, Dorf und Grand Cru, wie wir dies aus dem Burgund kennen: Bourgogne, Village und Grand Cru. Das Premier Cru entf\u00e4llt vorerst. In beiden Projekten ist die Zielrichtung so ausgelegt, dass die Weine k\u00fchl und voller Finesse in die Flasche kommen. Bei der Bodega Terroir Sens Fronteres ist dies durch das Entfernen von Holzgef\u00e4\u00dfen umgesetzt worden. Beton und Ton kommen zum Einsatz. Bei Terroir al Limit hat man sich in den letzten 15 Jahren vom kleinen Holzfass zum Fuder entwickelt. Auch hier wird dies der n\u00e4chste Schritt sein. Der Guix Vermell wird aus der Rebsorte Garnacha Fina gekeltert. Diese gilt in der Region um La Figuera als das Nonplusultra. Im Jahrgang 2018 hat er davon 1600 Flaschen gef\u00fcllt. <\/p>\n<h5>Farbe<\/h5>\n<p> Dichtes, funkelndes Kirschrot <\/p>\n<h5>Nase<\/h5>\n<p> Der Guix Vermell wirkt absolut dunkel und tiefgr\u00fcndig. Dabei vermittelt er nicht ansatzweise ein Gef\u00fchl von F\u00fclle oder Schwere. Und wir alle wissen, dass Garnacha die Basis der gr\u00f6\u00dften Kaliber spanischer Rotweine sein kann. Er ist durchstr\u00f6mt von Dunkelheit, K\u00fchle, Eleganz. Absolut schwerelos schwebt er im Glas. Kaum Ver\u00e4nderung. Ein absolutes Manifest. In der Modebranche w\u00fcrde man dieses zeitlose Wunderwerk das \u201ekleine Schwarze\u201c nennen. Immer passend, nie aus der Mode. Er zeigt dabei dunkle, fast schwarze Fr\u00fcchte wie Brombeere, Cassis und schwarze Johannisbeeren. Etwas Teer, Leder und Lakritz untermauern dieses Farbschema. Oliven, Rosmarin und Wacholder steuern mediterrane und etherische Elemente bei. Wei\u00dfer Pfeffer und eine fast blutig anmutende Nase lassen fast an Syrah von der n\u00f6rdlichen Rh\u00f4ne denken. <\/p>\n<h5>Gaumen<\/h5>\n<p> Er packt am Gaumen fest zu. Mit ordentlich Druck und einem fesselnden, aber feink\u00f6rnigen Tannin erf\u00fcllt er den Mundraum mit dem ersten kleinen Schluck. Die Adjektive dunkel, k\u00fchl und elegant sind auch hier absolut zutreffend. Fast seidig kleidet er den Gaumen aus. Die mediterrane W\u00fcrze schl\u00e4gt deutlich durch. Fleischig und saftig zugleich. Er macht richtig Appetit auf mehr. Im Nachhall wirken dezente R\u00f6staromen und lassen die Gedanken sofort an das neue Grill-Kochbuch schweifen.<\/p>\n<p>Copyright Vinaturel 2025<\/p>\n<p>Keywords: <a href=\"https:\/\/wein-werte.com\/de\/shop\/?swoof=1&#038;pa_producer=Terroir-Sense-Fronteres\">Terroir Sense Fronteres<\/a> <a href=\"https:\/\/wein-werte.com\/de\/shop\/?swoof=1&#038;woof_text=Guix Vermell\">Guix Vermell<\/a> 2018  <a href=\"https:\/\/wein-werte.com\/de\/shop\/?swoof=1&#038;pa_region=Montsant\">Montsant<\/a> <a href=\"https:\/\/wein-werte.com\/de\/shop\/?swoof=1&#038;pa_country=Spanien\">Spanien<\/a><\/p>\n<h3>Wine Advocate<\/h3>\n<p>Punkte: 96<\/p>\n<p>Der Wein, der urspr\u00fcnglich Montals hei\u00dfen sollte, hei\u00dft jetzt Guix Vermell 2018, da der Name Montals bereits registriert war. Er stammt von einem Weinberg neben Les Manyes im Priorat, den sie zusammen mit Les Manyes (von Terroir al Limit) gekauft haben. Dies ist der erste Weinberg, wenn man von Priorat nach Montsant f\u00e4hrt, also sind die B\u00f6den und das Klima grunds\u00e4tzlich gleich. Die Reben wurden vor etwa 60 Jahren auf etwa 800 Metern H\u00f6he gepflanzt und sie treffen eine Auswahl der besten Teile der vier Hektar, die sie dort besitzen. Der Wein wurde in Tonamphoren vergoren und gereift, mit einer kurzen Reifezeit von sechs Monaten und dann in Flaschen abgef\u00fcllt. Er enth\u00e4lt Noten von Himbeeren, roten Kirschen, sauren Erdbeeren, Veilchen und Gew\u00fcrzen; er ist sehr ausgewogen und einschmeichelnd, offen und rein, elegant und harmonisch. Am Gaumen ist er mittelkr\u00e4ftig mit sehr feinen Tanninen. Ich habe diesen Wein neben dem 2016er Les Manyes von Terroir al Limit verkostet. Die Weine sind sehr unterschiedlich; sie haben v\u00f6llig unterschiedliche Aromen, und der Priorat-Wein ist tiefer und komplexer. Aber dieser ist wirklich hervorragend, und er ist noch sehr jung und d\u00fcrfte sich auch in der Flasche entwickeln. 1.600 Flaschen produziert.<br \/>Luis Guti\u00e9rrez<\/p>\n<p>Internetseite des Weinguts: <a href=\"https:\/\/terroir-sense-fronteres.com\/\" target=\"_blank\">https:\/\/terroir-sense-fronteres.com\/<\/a><\/p>\n","protected":false},"excerpt":{"rendered":"<p>Lieferzeit: 1 bis 2 Arbeitstage (DE), 2 bis 5 Arbeitstage (EU and CH)<\/p>\n","protected":false},"featured_media":1143718,"template":"","meta":[],"product_brand":[],"product_cat":[19],"product_tag":[],"class_list":{"0":"post-1133241","1":"product","2":"type-product","3":"status-publish","4":"has-post-thumbnail","6":"product_cat-unkategorisiert","7":"pa_alcohol-for-filter-13-5","8":"pa_certified-biodynamic-nein-de","9":"pa_certified-organic-nein-de","10":"pa_colour-rot","11":"pa_country-spanien","12":"pa_grape-grenache","13":"pa_parker-points-for-filter-96-de-2","14":"pa_price-for-filter-10596","15":"pa_producer-terroir-sense-fronteres","16":"pa_region-montsant","17":"pa_size-ml-6584","18":"pa_sweetness-trocken-de","19":"pa_type-2-still-de","20":"pa_vintage-2018-de","21":"entry","22":"has-media","24":"first","25":"instock","26":"taxable","27":"shipping-taxable","28":"purchasable","29":"product-type-simple"},"yoast_head":"<!-- This site is optimized with the Yoast SEO plugin v27.5 - https:\/\/yoast.com\/product\/yoast-seo-wordpress\/ -->\n<title>Terroir Sense Fronteres Guix Vermell 2018<\/title>\n<meta name=\"description\" content=\"Kaufe Terroir Sense Fronteres Guix Vermell 2018 (Grenache, trocken aus Montsant, Spanien) bei Wein Werte, Ihrem nachhaltigen Onlineshop.\" \/>\n<meta name=\"robots\" content=\"index, follow, max-snippet:-1, max-image-preview:large, max-video-preview:-1\" \/>\n<link rel=\"canonical\" href=\"https:\/\/wein-werte.com\/de\/produkt\/terroir-sense-fronteres-guix-vermell-2018-750ml\/\" \/>\n<meta property=\"og:locale\" content=\"de_DE\" \/>\n<meta property=\"og:type\" content=\"article\" \/>\n<meta property=\"og:title\" content=\"Terroir Sense Fronteres Guix Vermell 2018\" \/>\n<meta property=\"og:description\" content=\"Kaufe Terroir Sense Fronteres Guix Vermell 2018 (Grenache, trocken aus Montsant, Spanien) bei Wein Werte, Ihrem nachhaltigen Onlineshop.\" \/>\n<meta property=\"og:url\" content=\"https:\/\/wein-werte.com\/de\/produkt\/terroir-sense-fronteres-guix-vermell-2018-750ml\/\" \/>\n<meta property=\"og:site_name\" content=\"Wein Werte\" \/>\n<meta property=\"og:image\" content=\"https:\/\/wein-werte.com\/wp-content\/uploads\/2026\/04\/Terroir-Sense-Fronteres-Guix-Vermell-2018-750ml.png\" \/>\n\t<meta property=\"og:image:width\" content=\"338\" \/>\n\t<meta property=\"og:image:height\" content=\"1200\" \/>\n\t<meta property=\"og:image:type\" content=\"image\/png\" \/>\n<meta name=\"twitter:card\" content=\"summary_large_image\" \/>\n<meta name=\"twitter:label1\" content=\"Gesch\u00e4tzte Lesezeit\" \/>\n\t<meta name=\"twitter:data1\" content=\"3\u00a0Minuten\" \/>\n<script type=\"application\/ld+json\" class=\"yoast-schema-graph\">{\"@context\":\"https:\\\/\\\/schema.org\",\"@graph\":[{\"@type\":\"WebPage\",\"@id\":\"https:\\\/\\\/wein-werte.com\\\/de\\\/produkt\\\/terroir-sense-fronteres-guix-vermell-2018-750ml\\\/\",\"url\":\"https:\\\/\\\/wein-werte.com\\\/de\\\/produkt\\\/terroir-sense-fronteres-guix-vermell-2018-750ml\\\/\",\"name\":\"Terroir Sense Fronteres Guix Vermell 2018\",\"isPartOf\":{\"@id\":\"https:\\\/\\\/wein-werte.com\\\/de\\\/#website\"},\"primaryImageOfPage\":{\"@id\":\"https:\\\/\\\/wein-werte.com\\\/de\\\/produkt\\\/terroir-sense-fronteres-guix-vermell-2018-750ml\\\/#primaryimage\"},\"image\":{\"@id\":\"https:\\\/\\\/wein-werte.com\\\/de\\\/produkt\\\/terroir-sense-fronteres-guix-vermell-2018-750ml\\\/#primaryimage\"},\"thumbnailUrl\":\"https:\\\/\\\/wein-werte.com\\\/wp-content\\\/uploads\\\/2026\\\/04\\\/Terroir-Sense-Fronteres-Guix-Vermell-2018-750ml.png\",\"datePublished\":\"2026-05-05T16:26:19+00:00\",\"description\":\"Kaufe Terroir Sense Fronteres Guix Vermell 2018 (Grenache, trocken aus Montsant, Spanien) bei Wein Werte, Ihrem nachhaltigen Onlineshop.\",\"breadcrumb\":{\"@id\":\"https:\\\/\\\/wein-werte.com\\\/de\\\/produkt\\\/terroir-sense-fronteres-guix-vermell-2018-750ml\\\/#breadcrumb\"},\"inLanguage\":\"de\",\"potentialAction\":[{\"@type\":\"ReadAction\",\"target\":[\"https:\\\/\\\/wein-werte.com\\\/de\\\/produkt\\\/terroir-sense-fronteres-guix-vermell-2018-750ml\\\/\"]}]},{\"@type\":\"ImageObject\",\"inLanguage\":\"de\",\"@id\":\"https:\\\/\\\/wein-werte.com\\\/de\\\/produkt\\\/terroir-sense-fronteres-guix-vermell-2018-750ml\\\/#primaryimage\",\"url\":\"https:\\\/\\\/wein-werte.com\\\/wp-content\\\/uploads\\\/2026\\\/04\\\/Terroir-Sense-Fronteres-Guix-Vermell-2018-750ml.png\",\"contentUrl\":\"https:\\\/\\\/wein-werte.com\\\/wp-content\\\/uploads\\\/2026\\\/04\\\/Terroir-Sense-Fronteres-Guix-Vermell-2018-750ml.png\",\"width\":338,\"height\":1200,\"caption\":\"Terroir Sense Fronteres Guix Vermell 2018 750ml\"},{\"@type\":\"BreadcrumbList\",\"@id\":\"https:\\\/\\\/wein-werte.com\\\/de\\\/produkt\\\/terroir-sense-fronteres-guix-vermell-2018-750ml\\\/#breadcrumb\",\"itemListElement\":[{\"@type\":\"ListItem\",\"position\":1,\"name\":\"Home\",\"item\":\"https:\\\/\\\/wein-werte.com\\\/de\\\/\"},{\"@type\":\"ListItem\",\"position\":2,\"name\":\"Shop\",\"item\":\"https:\\\/\\\/wein-werte.com\\\/de\\\/shop\\\/\"},{\"@type\":\"ListItem\",\"position\":3,\"name\":\"Terroir Sense Fronteres | Montsant | Guix Vermell | 2018 | 750ml\"}]},{\"@type\":\"WebSite\",\"@id\":\"https:\\\/\\\/wein-werte.com\\\/de\\\/#website\",\"url\":\"https:\\\/\\\/wein-werte.com\\\/de\\\/\",\"name\":\"Wein Werte\",\"description\":\"\",\"publisher\":{\"@id\":\"https:\\\/\\\/wein-werte.com\\\/de\\\/#organization\"},\"potentialAction\":[{\"@type\":\"SearchAction\",\"target\":{\"@type\":\"EntryPoint\",\"urlTemplate\":\"https:\\\/\\\/wein-werte.com\\\/de\\\/?s={search_term_string}\"},\"query-input\":{\"@type\":\"PropertyValueSpecification\",\"valueRequired\":true,\"valueName\":\"search_term_string\"}}],\"inLanguage\":\"de\"},{\"@type\":\"Organization\",\"@id\":\"https:\\\/\\\/wein-werte.com\\\/de\\\/#organization\",\"name\":\"Vins Fins Thorrold\",\"url\":\"https:\\\/\\\/wein-werte.com\\\/de\\\/\",\"logo\":{\"@type\":\"ImageObject\",\"inLanguage\":\"de\",\"@id\":\"https:\\\/\\\/wein-werte.com\\\/de\\\/#\\\/schema\\\/logo\\\/image\\\/\",\"url\":\"https:\\\/\\\/wein-werte.com\\\/wp-content\\\/uploads\\\/2023\\\/07\\\/Wein_werte_Logo700-1.png\",\"contentUrl\":\"https:\\\/\\\/wein-werte.com\\\/wp-content\\\/uploads\\\/2023\\\/07\\\/Wein_werte_Logo700-1.png\",\"width\":700,\"height\":272,\"caption\":\"Vins Fins Thorrold\"},\"image\":{\"@id\":\"https:\\\/\\\/wein-werte.com\\\/de\\\/#\\\/schema\\\/logo\\\/image\\\/\"}}]}<\/script>\n<!-- \/ Yoast SEO plugin. -->","yoast_head_json":{"title":"Terroir Sense Fronteres Guix Vermell 2018","description":"Kaufe Terroir Sense Fronteres Guix Vermell 2018 (Grenache, trocken aus Montsant, Spanien) bei Wein Werte, Ihrem nachhaltigen Onlineshop.","robots":{"index":"index","follow":"follow","max-snippet":"max-snippet:-1","max-image-preview":"max-image-preview:large","max-video-preview":"max-video-preview:-1"},"canonical":"https:\/\/wein-werte.com\/de\/produkt\/terroir-sense-fronteres-guix-vermell-2018-750ml\/","og_locale":"de_DE","og_type":"article","og_title":"Terroir Sense Fronteres Guix Vermell 2018","og_description":"Kaufe Terroir Sense Fronteres Guix Vermell 2018 (Grenache, trocken aus Montsant, Spanien) bei Wein Werte, Ihrem nachhaltigen Onlineshop.","og_url":"https:\/\/wein-werte.com\/de\/produkt\/terroir-sense-fronteres-guix-vermell-2018-750ml\/","og_site_name":"Wein Werte","og_image":[{"width":338,"height":1200,"url":"https:\/\/wein-werte.com\/wp-content\/uploads\/2026\/04\/Terroir-Sense-Fronteres-Guix-Vermell-2018-750ml.png","type":"image\/png"}],"twitter_card":"summary_large_image","twitter_misc":{"Gesch\u00e4tzte Lesezeit":"3\u00a0Minuten"},"schema":{"@context":"https:\/\/schema.org","@graph":[{"@type":"WebPage","@id":"https:\/\/wein-werte.com\/de\/produkt\/terroir-sense-fronteres-guix-vermell-2018-750ml\/","url":"https:\/\/wein-werte.com\/de\/produkt\/terroir-sense-fronteres-guix-vermell-2018-750ml\/","name":"Terroir Sense Fronteres Guix Vermell 2018","isPartOf":{"@id":"https:\/\/wein-werte.com\/de\/#website"},"primaryImageOfPage":{"@id":"https:\/\/wein-werte.com\/de\/produkt\/terroir-sense-fronteres-guix-vermell-2018-750ml\/#primaryimage"},"image":{"@id":"https:\/\/wein-werte.com\/de\/produkt\/terroir-sense-fronteres-guix-vermell-2018-750ml\/#primaryimage"},"thumbnailUrl":"https:\/\/wein-werte.com\/wp-content\/uploads\/2026\/04\/Terroir-Sense-Fronteres-Guix-Vermell-2018-750ml.png","datePublished":"2026-05-05T16:26:19+00:00","description":"Kaufe Terroir Sense Fronteres Guix Vermell 2018 (Grenache, trocken aus Montsant, Spanien) bei Wein Werte, Ihrem nachhaltigen Onlineshop.","breadcrumb":{"@id":"https:\/\/wein-werte.com\/de\/produkt\/terroir-sense-fronteres-guix-vermell-2018-750ml\/#breadcrumb"},"inLanguage":"de","potentialAction":[{"@type":"ReadAction","target":["https:\/\/wein-werte.com\/de\/produkt\/terroir-sense-fronteres-guix-vermell-2018-750ml\/"]}]},{"@type":"ImageObject","inLanguage":"de","@id":"https:\/\/wein-werte.com\/de\/produkt\/terroir-sense-fronteres-guix-vermell-2018-750ml\/#primaryimage","url":"https:\/\/wein-werte.com\/wp-content\/uploads\/2026\/04\/Terroir-Sense-Fronteres-Guix-Vermell-2018-750ml.png","contentUrl":"https:\/\/wein-werte.com\/wp-content\/uploads\/2026\/04\/Terroir-Sense-Fronteres-Guix-Vermell-2018-750ml.png","width":338,"height":1200,"caption":"Terroir Sense Fronteres Guix Vermell 2018 750ml"},{"@type":"BreadcrumbList","@id":"https:\/\/wein-werte.com\/de\/produkt\/terroir-sense-fronteres-guix-vermell-2018-750ml\/#breadcrumb","itemListElement":[{"@type":"ListItem","position":1,"name":"Home","item":"https:\/\/wein-werte.com\/de\/"},{"@type":"ListItem","position":2,"name":"Shop","item":"https:\/\/wein-werte.com\/de\/shop\/"},{"@type":"ListItem","position":3,"name":"Terroir Sense Fronteres | Montsant | Guix Vermell | 2018 | 750ml"}]},{"@type":"WebSite","@id":"https:\/\/wein-werte.com\/de\/#website","url":"https:\/\/wein-werte.com\/de\/","name":"Wein Werte","description":"","publisher":{"@id":"https:\/\/wein-werte.com\/de\/#organization"},"potentialAction":[{"@type":"SearchAction","target":{"@type":"EntryPoint","urlTemplate":"https:\/\/wein-werte.com\/de\/?s={search_term_string}"},"query-input":{"@type":"PropertyValueSpecification","valueRequired":true,"valueName":"search_term_string"}}],"inLanguage":"de"},{"@type":"Organization","@id":"https:\/\/wein-werte.com\/de\/#organization","name":"Vins Fins Thorrold","url":"https:\/\/wein-werte.com\/de\/","logo":{"@type":"ImageObject","inLanguage":"de","@id":"https:\/\/wein-werte.com\/de\/#\/schema\/logo\/image\/","url":"https:\/\/wein-werte.com\/wp-content\/uploads\/2023\/07\/Wein_werte_Logo700-1.png","contentUrl":"https:\/\/wein-werte.com\/wp-content\/uploads\/2023\/07\/Wein_werte_Logo700-1.png","width":700,"height":272,"caption":"Vins Fins Thorrold"},"image":{"@id":"https:\/\/wein-werte.com\/de\/#\/schema\/logo\/image\/"}}]}},"_links":{"self":[{"href":"https:\/\/wein-werte.com\/de\/wp-json\/wp\/v2\/product\/1133241","targetHints":{"allow":["GET"]}}],"collection":[{"href":"https:\/\/wein-werte.com\/de\/wp-json\/wp\/v2\/product"}],"about":[{"href":"https:\/\/wein-werte.com\/de\/wp-json\/wp\/v2\/types\/product"}],"wp:featuredmedia":[{"embeddable":true,"href":"https:\/\/wein-werte.com\/de\/wp-json\/wp\/v2\/media\/1143718"}],"wp:attachment":[{"href":"https:\/\/wein-werte.com\/de\/wp-json\/wp\/v2\/media?parent=1133241"}],"wp:term":[{"taxonomy":"product_brand","embeddable":true,"href":"https:\/\/wein-werte.com\/de\/wp-json\/wp\/v2\/product_brand?post=1133241"},{"taxonomy":"product_cat","embeddable":true,"href":"https:\/\/wein-werte.com\/de\/wp-json\/wp\/v2\/product_cat?post=1133241"},{"taxonomy":"product_tag","embeddable":true,"href":"https:\/\/wein-werte.com\/de\/wp-json\/wp\/v2\/product_tag?post=1133241"}],"curies":[{"name":"wp","href":"https:\/\/api.w.org\/{rel}","templated":true}]}}