{"id":1133236,"date":"2026-05-08T20:04:43","date_gmt":"2026-05-08T18:04:43","guid":{"rendered":"https:\/\/wein-werte.com\/product\/coreografia-pas-de-deux-2018-750ml\/"},"modified":"2026-04-27T11:50:15","modified_gmt":"2026-04-27T09:50:15","slug":"coreografia-pas-de-deux-2018-750ml","status":"publish","type":"product","link":"https:\/\/wein-werte.com\/de\/produkt\/coreografia-pas-de-deux-2018-750ml\/","title":{"rendered":"Coreografia | Montsant | Pas de deux | 2018 | 750ml"},"content":{"rendered":"<p>Produktbeschreibung f\u00fcr Coreografia Pas de deux 2018  <\/p>\n<h5>Info<\/h5>\n<p> Tatjana Peceric ist seit einigen Jahren hauptberuflich Head Winemaker bei Terroir al Limit. Gemeinsam mit Dominik Huber hat sie deren neues Projekt Terroir sense Fronteres im Montsant etabliert. Pas de Deux ist nun ihr eigenes Weinprojekt aus dem Montsant. 2018 ist der erste Jahrgang und wird aus den Hauptrebsorten der Region, Garnacha und Cari\u00f1ena, gewonnen. \u00dcbersetzt bedeutet Pas de Deux ein Tanz zu zweit und stellt in vielen Ballettauff\u00fchrungen den Schlussakt dar. Als Hauptakteure sind die beiden Rebsorten zu verstehen. <\/p>\n<h5>Farbe<\/h5>\n<p> Sattes Kirschrot, helle Reflexe. <\/p>\n<h5>Nase<\/h5>\n<p> Was f\u00fcr eine \u00fcberw\u00e4ltigende Begegnung. Der Wein riecht nach dunkler Schokolade. Unerwartet, aber daf\u00fcr umso besser, da die Schokolade nicht s\u00fc\u00df, plump oder konzentriert wirkt. Erdige Noten und Rote Bete gesellen sich dazu. Frische Mandeln und eine zarte herbale Nuance. Auch Schottenmorelle und Sauerkirsche k\u00f6nnen wahrgenommen werden. <\/p>\n<h5>Gaumen<\/h5>\n<p> Die erste Nase von Schokolade verliert sich im Eindruck des Gaumens. Die erdigen Noten werden wunderbar durch leichte Bitterstoffe getragen. Das Tannin macht sich zur\u00fcckhaltend, aber genau im richtigen Ma\u00dfe bemerkbar. Vor allem aber wirkt er elegant und leichtf\u00fc\u00dfig. Saftig und mit viel Trinkfluss versehen ist das ein zeitgem\u00e4\u00df interpretierter Rotwein, der Platz f\u00fcr die Aromen der heutigen K\u00fcche l\u00e4sst. Garnacha und Cari\u00f1ena bieten ein Wechselbad aus hell und dunkel, s\u00fc\u00df und sauer zugleich. T\u00e4nzelnd und verspielt. Ganz wie beim Ballett. <\/p>\n<p>Copyright Vinaturel 2025<\/p>\n<p>Keywords: <a href=\"https:\/\/wein-werte.com\/de\/shop\/?swoof=1&#038;pa_producer=Coreografia\">Coreografia<\/a> <a href=\"https:\/\/wein-werte.com\/de\/shop\/?swoof=1&#038;woof_text=Pas de deux\">Pas de deux<\/a> 2018  <a href=\"https:\/\/wein-werte.com\/de\/shop\/?swoof=1&#038;pa_region=Montsant\">Montsant<\/a> <a href=\"https:\/\/wein-werte.com\/de\/shop\/?swoof=1&#038;pa_country=Spanien\">Spanien<\/a><\/p>\n<h3>Wine Advocate<\/h3>\n<p>Punkte: 91<\/p>\n<p>Der Pas de Deux 2018 ist der erste Wein hier, eine 50\/50-Cuv\u00e9e aus biologisch angebauten Garnacha- und Cari\u00f1ena-Trauben aus Montsant. Die ganzen Beeren wurden mit etwas Garnacha Blanca vergoren, gr\u00f6\u00dftenteils in Edelstahltanks und zu einem kleinen Teil in einer Tonamphore. Er besticht durch ein sehr reines Bouquet mit klaren Aromen, die mediterrane Kr\u00e4uter, Gew\u00fcrze, Waldbeeren und Blumen vermischen. Am Gaumen ist er zart, mittelkr\u00e4ftig, saftig und lebendig mit s\u00e4uerlicher Note und feink\u00f6rnigen, kalkigen Tanninen. 1.200 Flaschen wurden im Juni 2019 abgef\u00fcllt.<br \/>Luis Guti\u00e9rrez<\/p>\n<p>Internetseite des Weinguts: <a href=\"https:\/\/terroir-sense-fronteres.com\/\" target=\"_blank\">https:\/\/terroir-sense-fronteres.com\/<\/a><\/p>\n","protected":false},"excerpt":{"rendered":"<p>Lieferzeit: 1 bis 2 Arbeitstage (DE), 2 bis 5 Arbeitstage (EU and CH)<\/p>\n","protected":false},"featured_media":1143714,"template":"","meta":[],"product_brand":[],"product_cat":[19],"product_tag":[],"class_list":{"0":"post-1133236","1":"product","2":"type-product","3":"status-publish","4":"has-post-thumbnail","6":"product_cat-unkategorisiert","7":"pa_alcohol-for-filter-12897","8":"pa_certified-biodynamic-nein-de","9":"pa_certified-organic-nein-de","10":"pa_colour-rot","11":"pa_country-spanien","12":"pa_grape-grenache-cuvee","13":"pa_parker-points-for-filter-91-de-2","14":"pa_price-for-filter-10605","15":"pa_producer-coreografia","16":"pa_region-montsant","17":"pa_size-ml-6584","18":"pa_sweetness-trocken-de","19":"pa_type-2-still-de","20":"pa_vintage-2018-de","21":"entry","22":"has-media","24":"first","25":"instock","26":"taxable","27":"shipping-taxable","28":"purchasable","29":"product-type-simple"},"yoast_head":"<!-- This site is optimized with the Yoast SEO plugin v27.5 - https:\/\/yoast.com\/product\/yoast-seo-wordpress\/ -->\n<title>Coreografia Pas de deux 2018<\/title>\n<meta name=\"description\" content=\"Kaufe Coreografia Pas de deux 2018 (Grenache Cuv\u00e9e, trocken aus Montsant, Spanien) bei Wein Werte, Ihrem nachhaltigen Onlineshop.\" \/>\n<meta name=\"robots\" content=\"index, follow, max-snippet:-1, max-image-preview:large, max-video-preview:-1\" \/>\n<link rel=\"canonical\" href=\"https:\/\/wein-werte.com\/de\/produkt\/coreografia-pas-de-deux-2018-750ml\/\" \/>\n<meta property=\"og:locale\" content=\"de_DE\" \/>\n<meta property=\"og:type\" content=\"article\" \/>\n<meta property=\"og:title\" content=\"Coreografia Pas de deux 2018\" \/>\n<meta property=\"og:description\" content=\"Kaufe Coreografia Pas de deux 2018 (Grenache Cuv\u00e9e, trocken aus Montsant, Spanien) bei Wein Werte, Ihrem nachhaltigen Onlineshop.\" \/>\n<meta property=\"og:url\" content=\"https:\/\/wein-werte.com\/de\/produkt\/coreografia-pas-de-deux-2018-750ml\/\" \/>\n<meta property=\"og:site_name\" content=\"Wein Werte\" \/>\n<meta property=\"og:image\" content=\"https:\/\/wein-werte.com\/wp-content\/uploads\/2026\/04\/Coreografia-Pas-de-deux-2018-750ml.png\" \/>\n\t<meta property=\"og:image:width\" content=\"339\" \/>\n\t<meta property=\"og:image:height\" content=\"1200\" \/>\n\t<meta property=\"og:image:type\" content=\"image\/png\" \/>\n<meta name=\"twitter:card\" content=\"summary_large_image\" \/>\n<meta name=\"twitter:label1\" content=\"Gesch\u00e4tzte Lesezeit\" \/>\n\t<meta name=\"twitter:data1\" content=\"2\u00a0Minuten\" \/>\n<script type=\"application\/ld+json\" class=\"yoast-schema-graph\">{\"@context\":\"https:\\\/\\\/schema.org\",\"@graph\":[{\"@type\":\"WebPage\",\"@id\":\"https:\\\/\\\/wein-werte.com\\\/de\\\/produkt\\\/coreografia-pas-de-deux-2018-750ml\\\/\",\"url\":\"https:\\\/\\\/wein-werte.com\\\/de\\\/produkt\\\/coreografia-pas-de-deux-2018-750ml\\\/\",\"name\":\"Coreografia Pas de deux 2018\",\"isPartOf\":{\"@id\":\"https:\\\/\\\/wein-werte.com\\\/de\\\/#website\"},\"primaryImageOfPage\":{\"@id\":\"https:\\\/\\\/wein-werte.com\\\/de\\\/produkt\\\/coreografia-pas-de-deux-2018-750ml\\\/#primaryimage\"},\"image\":{\"@id\":\"https:\\\/\\\/wein-werte.com\\\/de\\\/produkt\\\/coreografia-pas-de-deux-2018-750ml\\\/#primaryimage\"},\"thumbnailUrl\":\"https:\\\/\\\/wein-werte.com\\\/wp-content\\\/uploads\\\/2026\\\/04\\\/Coreografia-Pas-de-deux-2018-750ml.png\",\"datePublished\":\"2026-05-08T18:04:43+00:00\",\"description\":\"Kaufe Coreografia Pas de deux 2018 (Grenache Cuv\u00e9e, trocken aus Montsant, Spanien) bei Wein Werte, Ihrem nachhaltigen Onlineshop.\",\"breadcrumb\":{\"@id\":\"https:\\\/\\\/wein-werte.com\\\/de\\\/produkt\\\/coreografia-pas-de-deux-2018-750ml\\\/#breadcrumb\"},\"inLanguage\":\"de\",\"potentialAction\":[{\"@type\":\"ReadAction\",\"target\":[\"https:\\\/\\\/wein-werte.com\\\/de\\\/produkt\\\/coreografia-pas-de-deux-2018-750ml\\\/\"]}]},{\"@type\":\"ImageObject\",\"inLanguage\":\"de\",\"@id\":\"https:\\\/\\\/wein-werte.com\\\/de\\\/produkt\\\/coreografia-pas-de-deux-2018-750ml\\\/#primaryimage\",\"url\":\"https:\\\/\\\/wein-werte.com\\\/wp-content\\\/uploads\\\/2026\\\/04\\\/Coreografia-Pas-de-deux-2018-750ml.png\",\"contentUrl\":\"https:\\\/\\\/wein-werte.com\\\/wp-content\\\/uploads\\\/2026\\\/04\\\/Coreografia-Pas-de-deux-2018-750ml.png\",\"width\":339,\"height\":1200,\"caption\":\"Coreografia Pas de deux 2018 750ml\"},{\"@type\":\"BreadcrumbList\",\"@id\":\"https:\\\/\\\/wein-werte.com\\\/de\\\/produkt\\\/coreografia-pas-de-deux-2018-750ml\\\/#breadcrumb\",\"itemListElement\":[{\"@type\":\"ListItem\",\"position\":1,\"name\":\"Home\",\"item\":\"https:\\\/\\\/wein-werte.com\\\/de\\\/\"},{\"@type\":\"ListItem\",\"position\":2,\"name\":\"Shop\",\"item\":\"https:\\\/\\\/wein-werte.com\\\/de\\\/shop\\\/\"},{\"@type\":\"ListItem\",\"position\":3,\"name\":\"Coreografia | Montsant | Pas de deux | 2018 | 750ml\"}]},{\"@type\":\"WebSite\",\"@id\":\"https:\\\/\\\/wein-werte.com\\\/de\\\/#website\",\"url\":\"https:\\\/\\\/wein-werte.com\\\/de\\\/\",\"name\":\"Wein Werte\",\"description\":\"\",\"publisher\":{\"@id\":\"https:\\\/\\\/wein-werte.com\\\/de\\\/#organization\"},\"potentialAction\":[{\"@type\":\"SearchAction\",\"target\":{\"@type\":\"EntryPoint\",\"urlTemplate\":\"https:\\\/\\\/wein-werte.com\\\/de\\\/?s={search_term_string}\"},\"query-input\":{\"@type\":\"PropertyValueSpecification\",\"valueRequired\":true,\"valueName\":\"search_term_string\"}}],\"inLanguage\":\"de\"},{\"@type\":\"Organization\",\"@id\":\"https:\\\/\\\/wein-werte.com\\\/de\\\/#organization\",\"name\":\"Vins Fins Thorrold\",\"url\":\"https:\\\/\\\/wein-werte.com\\\/de\\\/\",\"logo\":{\"@type\":\"ImageObject\",\"inLanguage\":\"de\",\"@id\":\"https:\\\/\\\/wein-werte.com\\\/de\\\/#\\\/schema\\\/logo\\\/image\\\/\",\"url\":\"https:\\\/\\\/wein-werte.com\\\/wp-content\\\/uploads\\\/2023\\\/07\\\/Wein_werte_Logo700-1.png\",\"contentUrl\":\"https:\\\/\\\/wein-werte.com\\\/wp-content\\\/uploads\\\/2023\\\/07\\\/Wein_werte_Logo700-1.png\",\"width\":700,\"height\":272,\"caption\":\"Vins Fins Thorrold\"},\"image\":{\"@id\":\"https:\\\/\\\/wein-werte.com\\\/de\\\/#\\\/schema\\\/logo\\\/image\\\/\"}}]}<\/script>\n<!-- \/ Yoast SEO plugin. -->","yoast_head_json":{"title":"Coreografia Pas de deux 2018","description":"Kaufe Coreografia Pas de deux 2018 (Grenache Cuv\u00e9e, trocken aus Montsant, Spanien) bei Wein Werte, Ihrem nachhaltigen Onlineshop.","robots":{"index":"index","follow":"follow","max-snippet":"max-snippet:-1","max-image-preview":"max-image-preview:large","max-video-preview":"max-video-preview:-1"},"canonical":"https:\/\/wein-werte.com\/de\/produkt\/coreografia-pas-de-deux-2018-750ml\/","og_locale":"de_DE","og_type":"article","og_title":"Coreografia Pas de deux 2018","og_description":"Kaufe Coreografia Pas de deux 2018 (Grenache Cuv\u00e9e, trocken aus Montsant, Spanien) bei Wein Werte, Ihrem nachhaltigen Onlineshop.","og_url":"https:\/\/wein-werte.com\/de\/produkt\/coreografia-pas-de-deux-2018-750ml\/","og_site_name":"Wein Werte","og_image":[{"width":339,"height":1200,"url":"https:\/\/wein-werte.com\/wp-content\/uploads\/2026\/04\/Coreografia-Pas-de-deux-2018-750ml.png","type":"image\/png"}],"twitter_card":"summary_large_image","twitter_misc":{"Gesch\u00e4tzte Lesezeit":"2\u00a0Minuten"},"schema":{"@context":"https:\/\/schema.org","@graph":[{"@type":"WebPage","@id":"https:\/\/wein-werte.com\/de\/produkt\/coreografia-pas-de-deux-2018-750ml\/","url":"https:\/\/wein-werte.com\/de\/produkt\/coreografia-pas-de-deux-2018-750ml\/","name":"Coreografia Pas de deux 2018","isPartOf":{"@id":"https:\/\/wein-werte.com\/de\/#website"},"primaryImageOfPage":{"@id":"https:\/\/wein-werte.com\/de\/produkt\/coreografia-pas-de-deux-2018-750ml\/#primaryimage"},"image":{"@id":"https:\/\/wein-werte.com\/de\/produkt\/coreografia-pas-de-deux-2018-750ml\/#primaryimage"},"thumbnailUrl":"https:\/\/wein-werte.com\/wp-content\/uploads\/2026\/04\/Coreografia-Pas-de-deux-2018-750ml.png","datePublished":"2026-05-08T18:04:43+00:00","description":"Kaufe Coreografia Pas de deux 2018 (Grenache Cuv\u00e9e, trocken aus Montsant, Spanien) bei Wein Werte, Ihrem nachhaltigen Onlineshop.","breadcrumb":{"@id":"https:\/\/wein-werte.com\/de\/produkt\/coreografia-pas-de-deux-2018-750ml\/#breadcrumb"},"inLanguage":"de","potentialAction":[{"@type":"ReadAction","target":["https:\/\/wein-werte.com\/de\/produkt\/coreografia-pas-de-deux-2018-750ml\/"]}]},{"@type":"ImageObject","inLanguage":"de","@id":"https:\/\/wein-werte.com\/de\/produkt\/coreografia-pas-de-deux-2018-750ml\/#primaryimage","url":"https:\/\/wein-werte.com\/wp-content\/uploads\/2026\/04\/Coreografia-Pas-de-deux-2018-750ml.png","contentUrl":"https:\/\/wein-werte.com\/wp-content\/uploads\/2026\/04\/Coreografia-Pas-de-deux-2018-750ml.png","width":339,"height":1200,"caption":"Coreografia Pas de deux 2018 750ml"},{"@type":"BreadcrumbList","@id":"https:\/\/wein-werte.com\/de\/produkt\/coreografia-pas-de-deux-2018-750ml\/#breadcrumb","itemListElement":[{"@type":"ListItem","position":1,"name":"Home","item":"https:\/\/wein-werte.com\/de\/"},{"@type":"ListItem","position":2,"name":"Shop","item":"https:\/\/wein-werte.com\/de\/shop\/"},{"@type":"ListItem","position":3,"name":"Coreografia | Montsant | Pas de deux | 2018 | 750ml"}]},{"@type":"WebSite","@id":"https:\/\/wein-werte.com\/de\/#website","url":"https:\/\/wein-werte.com\/de\/","name":"Wein Werte","description":"","publisher":{"@id":"https:\/\/wein-werte.com\/de\/#organization"},"potentialAction":[{"@type":"SearchAction","target":{"@type":"EntryPoint","urlTemplate":"https:\/\/wein-werte.com\/de\/?s={search_term_string}"},"query-input":{"@type":"PropertyValueSpecification","valueRequired":true,"valueName":"search_term_string"}}],"inLanguage":"de"},{"@type":"Organization","@id":"https:\/\/wein-werte.com\/de\/#organization","name":"Vins Fins Thorrold","url":"https:\/\/wein-werte.com\/de\/","logo":{"@type":"ImageObject","inLanguage":"de","@id":"https:\/\/wein-werte.com\/de\/#\/schema\/logo\/image\/","url":"https:\/\/wein-werte.com\/wp-content\/uploads\/2023\/07\/Wein_werte_Logo700-1.png","contentUrl":"https:\/\/wein-werte.com\/wp-content\/uploads\/2023\/07\/Wein_werte_Logo700-1.png","width":700,"height":272,"caption":"Vins Fins Thorrold"},"image":{"@id":"https:\/\/wein-werte.com\/de\/#\/schema\/logo\/image\/"}}]}},"_links":{"self":[{"href":"https:\/\/wein-werte.com\/de\/wp-json\/wp\/v2\/product\/1133236","targetHints":{"allow":["GET"]}}],"collection":[{"href":"https:\/\/wein-werte.com\/de\/wp-json\/wp\/v2\/product"}],"about":[{"href":"https:\/\/wein-werte.com\/de\/wp-json\/wp\/v2\/types\/product"}],"wp:featuredmedia":[{"embeddable":true,"href":"https:\/\/wein-werte.com\/de\/wp-json\/wp\/v2\/media\/1143714"}],"wp:attachment":[{"href":"https:\/\/wein-werte.com\/de\/wp-json\/wp\/v2\/media?parent=1133236"}],"wp:term":[{"taxonomy":"product_brand","embeddable":true,"href":"https:\/\/wein-werte.com\/de\/wp-json\/wp\/v2\/product_brand?post=1133236"},{"taxonomy":"product_cat","embeddable":true,"href":"https:\/\/wein-werte.com\/de\/wp-json\/wp\/v2\/product_cat?post=1133236"},{"taxonomy":"product_tag","embeddable":true,"href":"https:\/\/wein-werte.com\/de\/wp-json\/wp\/v2\/product_tag?post=1133236"}],"curies":[{"name":"wp","href":"https:\/\/api.w.org\/{rel}","templated":true}]}}