{"id":1133233,"date":"2026-05-05T18:26:18","date_gmt":"2026-05-05T16:26:18","guid":{"rendered":"https:\/\/wein-werte.com\/product\/terroir-sense-fronteres-guix-vermell-2017-750ml\/"},"modified":"2026-04-27T11:50:15","modified_gmt":"2026-04-27T09:50:15","slug":"terroir-sense-fronteres-guix-vermell-2017-750ml","status":"publish","type":"product","link":"https:\/\/wein-werte.com\/de\/produkt\/terroir-sense-fronteres-guix-vermell-2017-750ml\/","title":{"rendered":"Terroir Sense Fronteres | Montsant | Guix Vermell | 2017 | 750ml"},"content":{"rendered":"<p>Produktbeschreibung f\u00fcr Terroir Sense Fronteres Guix Vermell 2017  <\/p>\n<h5>Farbe<\/h5>\n<p> Rubinrot mit zarten violetten Reflexen. <\/p>\n<h5>Nase<\/h5>\n<p> Der 2017 Guix Vermell von Terroir Sense Fronteres zeigt sich in der Nase mit brillanter roter Beerenfrucht. Gewachsen auf 800 Meter Meeresh\u00f6he in unmittelbarer Nachbarschaft von Les Manyes im angrenzenden Priorat protzt er mit kleinen Erdbeeren, Himbeergel\u00e9e und Kirschen im Kelch. Unterlegt von mineralischer Vibration schm\u00fccken ihn \u00e4therisch milde Gew\u00fcrze in der Kopfnote. <\/p>\n<h5>Mund<\/h5>\n<p> Am Gaumen zeigt sich der Nektar aus 100% Grenache fruchtig gebettet. Gewachsen an \u00fcber 50 Jahre alten Reben auf einem Hochplateau mit rotem Lehm wird seine satte Fruchtausstattung musterg\u00fcltig durch den Amphorenausbau balanciert. Ganztraubeng\u00e4rung, nat\u00fcrliche Sedimentation und F\u00fcllung ohne Filtration ergeben so einen fast buddhistisch balancierten Wein. Die \u00e4therische Frucht wird von f\u00fcrsorglichen Gerbstoffen seidig ums\u00e4umt und von flirrender Mineralik getragen wie ein fliegender Teppich. Aufger\u00e4umt mit k\u00fchlem Naturell fliesst er ins epische Finale. Nur 1208 Flaschen!<\/p>\n<p>Copyright Vinaturel 2025<\/p>\n<p>Keywords: <a href=\"https:\/\/wein-werte.com\/de\/shop\/?swoof=1&#038;pa_producer=Terroir-Sense-Fronteres\">Terroir Sense Fronteres<\/a> <a href=\"https:\/\/wein-werte.com\/de\/shop\/?swoof=1&#038;woof_text=Guix Vermell\">Guix Vermell<\/a> 2017  <a href=\"https:\/\/wein-werte.com\/de\/shop\/?swoof=1&#038;pa_region=Montsant\">Montsant<\/a> <a href=\"https:\/\/wein-werte.com\/de\/shop\/?swoof=1&#038;pa_country=Spanien\">Spanien<\/a><\/p>\n<h3>Vinous<\/h3>\n<p>Punkte: 94<\/p>\n<p>Klares Rubinrot. Ausdrucksstarke Aromen von schwarzen Himbeeren, Kirschkompott und kandierten Bl\u00fcten werden durch eine rauchig-mineralische Kopfnote belebt. Am Gaumen angenehm s\u00fc\u00df und konzentriert, bietet er konzentrierte Aromen von roten Fr\u00fcchten, Konfit\u00fcre und Gew\u00fcrzkuchen, die sich mit der Luft entfalten und gleichzeitig die Energie bewahren. Noten von kandiertem Lakritz und exotischen Gew\u00fcrzen spiegeln sich in einem sehr langen, jugendlich-z\u00e4hen Abgang wider, umrahmt von geschliffenen, stetig wachsenden Tanninen. Alle Trauben sind ganz und in Tonamphoren gereift. \u2013 Josh Raynolds<br \/>Trinkfenster: 2023\u20132032<br \/>Bewertungsdatum: M\u00e4rz 2021<\/p>\n<p>Internetseite des Weinguts: <a href=\"https:\/\/terroir-sense-fronteres.com\/\" target=\"_blank\">https:\/\/terroir-sense-fronteres.com\/<\/a><\/p>\n","protected":false},"excerpt":{"rendered":"<p>Lieferzeit: 1 bis 2 Arbeitstage (DE), 2 bis 5 Arbeitstage (EU and CH)<\/p>\n","protected":false},"featured_media":1143712,"template":"","meta":[],"product_brand":[],"product_cat":[19],"product_tag":[],"class_list":{"0":"post-1133233","1":"product","2":"type-product","3":"status-publish","4":"has-post-thumbnail","6":"product_cat-unkategorisiert","7":"pa_alcohol-for-filter-12897","8":"pa_certified-biodynamic-nein-de","9":"pa_certified-organic-nein-de","10":"pa_colour-rot","11":"pa_country-spanien","12":"pa_grape-grenache","13":"pa_price-for-filter-10596","14":"pa_producer-terroir-sense-fronteres","15":"pa_region-montsant","16":"pa_size-ml-6584","17":"pa_sweetness-trocken-de","18":"pa_type-2-still-de","19":"pa_vinous-points-for-filter-20033","20":"pa_vintage-2017-de","21":"entry","22":"has-media","24":"first","25":"instock","26":"taxable","27":"shipping-taxable","28":"purchasable","29":"product-type-simple"},"yoast_head":"<!-- This site is optimized with the Yoast SEO plugin v27.5 - https:\/\/yoast.com\/product\/yoast-seo-wordpress\/ -->\n<title>Terroir Sense Fronteres Guix Vermell 2017<\/title>\n<meta name=\"description\" content=\"Kaufe Terroir Sense Fronteres Guix Vermell 2017 (Grenache, trocken aus Montsant, Spanien) bei Wein Werte, Ihrem nachhaltigen Onlineshop.\" \/>\n<meta name=\"robots\" content=\"index, follow, max-snippet:-1, max-image-preview:large, max-video-preview:-1\" \/>\n<link rel=\"canonical\" href=\"https:\/\/wein-werte.com\/de\/produkt\/terroir-sense-fronteres-guix-vermell-2017-750ml\/\" \/>\n<meta property=\"og:locale\" content=\"de_DE\" \/>\n<meta property=\"og:type\" content=\"article\" \/>\n<meta property=\"og:title\" content=\"Terroir Sense Fronteres Guix Vermell 2017\" \/>\n<meta property=\"og:description\" content=\"Kaufe Terroir Sense Fronteres Guix Vermell 2017 (Grenache, trocken aus Montsant, Spanien) bei Wein Werte, Ihrem nachhaltigen Onlineshop.\" \/>\n<meta property=\"og:url\" content=\"https:\/\/wein-werte.com\/de\/produkt\/terroir-sense-fronteres-guix-vermell-2017-750ml\/\" \/>\n<meta property=\"og:site_name\" content=\"Wein Werte\" \/>\n<meta property=\"og:image\" content=\"https:\/\/wein-werte.com\/wp-content\/uploads\/2026\/04\/Terroir-Sense-Fronteres-Guix-Vermell-2017-750ml.png\" \/>\n\t<meta property=\"og:image:width\" content=\"344\" \/>\n\t<meta property=\"og:image:height\" content=\"1200\" \/>\n\t<meta property=\"og:image:type\" content=\"image\/png\" \/>\n<meta name=\"twitter:card\" content=\"summary_large_image\" \/>\n<meta name=\"twitter:label1\" content=\"Gesch\u00e4tzte Lesezeit\" \/>\n\t<meta name=\"twitter:data1\" content=\"1\u00a0Minute\" \/>\n<script type=\"application\/ld+json\" class=\"yoast-schema-graph\">{\"@context\":\"https:\\\/\\\/schema.org\",\"@graph\":[{\"@type\":\"WebPage\",\"@id\":\"https:\\\/\\\/wein-werte.com\\\/de\\\/produkt\\\/terroir-sense-fronteres-guix-vermell-2017-750ml\\\/\",\"url\":\"https:\\\/\\\/wein-werte.com\\\/de\\\/produkt\\\/terroir-sense-fronteres-guix-vermell-2017-750ml\\\/\",\"name\":\"Terroir Sense Fronteres Guix Vermell 2017\",\"isPartOf\":{\"@id\":\"https:\\\/\\\/wein-werte.com\\\/de\\\/#website\"},\"primaryImageOfPage\":{\"@id\":\"https:\\\/\\\/wein-werte.com\\\/de\\\/produkt\\\/terroir-sense-fronteres-guix-vermell-2017-750ml\\\/#primaryimage\"},\"image\":{\"@id\":\"https:\\\/\\\/wein-werte.com\\\/de\\\/produkt\\\/terroir-sense-fronteres-guix-vermell-2017-750ml\\\/#primaryimage\"},\"thumbnailUrl\":\"https:\\\/\\\/wein-werte.com\\\/wp-content\\\/uploads\\\/2026\\\/04\\\/Terroir-Sense-Fronteres-Guix-Vermell-2017-750ml.png\",\"datePublished\":\"2026-05-05T16:26:18+00:00\",\"description\":\"Kaufe Terroir Sense Fronteres Guix Vermell 2017 (Grenache, trocken aus Montsant, Spanien) bei Wein Werte, Ihrem nachhaltigen Onlineshop.\",\"breadcrumb\":{\"@id\":\"https:\\\/\\\/wein-werte.com\\\/de\\\/produkt\\\/terroir-sense-fronteres-guix-vermell-2017-750ml\\\/#breadcrumb\"},\"inLanguage\":\"de\",\"potentialAction\":[{\"@type\":\"ReadAction\",\"target\":[\"https:\\\/\\\/wein-werte.com\\\/de\\\/produkt\\\/terroir-sense-fronteres-guix-vermell-2017-750ml\\\/\"]}]},{\"@type\":\"ImageObject\",\"inLanguage\":\"de\",\"@id\":\"https:\\\/\\\/wein-werte.com\\\/de\\\/produkt\\\/terroir-sense-fronteres-guix-vermell-2017-750ml\\\/#primaryimage\",\"url\":\"https:\\\/\\\/wein-werte.com\\\/wp-content\\\/uploads\\\/2026\\\/04\\\/Terroir-Sense-Fronteres-Guix-Vermell-2017-750ml.png\",\"contentUrl\":\"https:\\\/\\\/wein-werte.com\\\/wp-content\\\/uploads\\\/2026\\\/04\\\/Terroir-Sense-Fronteres-Guix-Vermell-2017-750ml.png\",\"width\":344,\"height\":1200,\"caption\":\"Terroir Sense Fronteres Guix Vermell 2017 750ml\"},{\"@type\":\"BreadcrumbList\",\"@id\":\"https:\\\/\\\/wein-werte.com\\\/de\\\/produkt\\\/terroir-sense-fronteres-guix-vermell-2017-750ml\\\/#breadcrumb\",\"itemListElement\":[{\"@type\":\"ListItem\",\"position\":1,\"name\":\"Home\",\"item\":\"https:\\\/\\\/wein-werte.com\\\/de\\\/\"},{\"@type\":\"ListItem\",\"position\":2,\"name\":\"Shop\",\"item\":\"https:\\\/\\\/wein-werte.com\\\/de\\\/shop\\\/\"},{\"@type\":\"ListItem\",\"position\":3,\"name\":\"Terroir Sense Fronteres | Montsant | Guix Vermell | 2017 | 750ml\"}]},{\"@type\":\"WebSite\",\"@id\":\"https:\\\/\\\/wein-werte.com\\\/de\\\/#website\",\"url\":\"https:\\\/\\\/wein-werte.com\\\/de\\\/\",\"name\":\"Wein Werte\",\"description\":\"\",\"publisher\":{\"@id\":\"https:\\\/\\\/wein-werte.com\\\/de\\\/#organization\"},\"potentialAction\":[{\"@type\":\"SearchAction\",\"target\":{\"@type\":\"EntryPoint\",\"urlTemplate\":\"https:\\\/\\\/wein-werte.com\\\/de\\\/?s={search_term_string}\"},\"query-input\":{\"@type\":\"PropertyValueSpecification\",\"valueRequired\":true,\"valueName\":\"search_term_string\"}}],\"inLanguage\":\"de\"},{\"@type\":\"Organization\",\"@id\":\"https:\\\/\\\/wein-werte.com\\\/de\\\/#organization\",\"name\":\"Vins Fins Thorrold\",\"url\":\"https:\\\/\\\/wein-werte.com\\\/de\\\/\",\"logo\":{\"@type\":\"ImageObject\",\"inLanguage\":\"de\",\"@id\":\"https:\\\/\\\/wein-werte.com\\\/de\\\/#\\\/schema\\\/logo\\\/image\\\/\",\"url\":\"https:\\\/\\\/wein-werte.com\\\/wp-content\\\/uploads\\\/2023\\\/07\\\/Wein_werte_Logo700-1.png\",\"contentUrl\":\"https:\\\/\\\/wein-werte.com\\\/wp-content\\\/uploads\\\/2023\\\/07\\\/Wein_werte_Logo700-1.png\",\"width\":700,\"height\":272,\"caption\":\"Vins Fins Thorrold\"},\"image\":{\"@id\":\"https:\\\/\\\/wein-werte.com\\\/de\\\/#\\\/schema\\\/logo\\\/image\\\/\"}}]}<\/script>\n<!-- \/ Yoast SEO plugin. -->","yoast_head_json":{"title":"Terroir Sense Fronteres Guix Vermell 2017","description":"Kaufe Terroir Sense Fronteres Guix Vermell 2017 (Grenache, trocken aus Montsant, Spanien) bei Wein Werte, Ihrem nachhaltigen Onlineshop.","robots":{"index":"index","follow":"follow","max-snippet":"max-snippet:-1","max-image-preview":"max-image-preview:large","max-video-preview":"max-video-preview:-1"},"canonical":"https:\/\/wein-werte.com\/de\/produkt\/terroir-sense-fronteres-guix-vermell-2017-750ml\/","og_locale":"de_DE","og_type":"article","og_title":"Terroir Sense Fronteres Guix Vermell 2017","og_description":"Kaufe Terroir Sense Fronteres Guix Vermell 2017 (Grenache, trocken aus Montsant, Spanien) bei Wein Werte, Ihrem nachhaltigen Onlineshop.","og_url":"https:\/\/wein-werte.com\/de\/produkt\/terroir-sense-fronteres-guix-vermell-2017-750ml\/","og_site_name":"Wein Werte","og_image":[{"width":344,"height":1200,"url":"https:\/\/wein-werte.com\/wp-content\/uploads\/2026\/04\/Terroir-Sense-Fronteres-Guix-Vermell-2017-750ml.png","type":"image\/png"}],"twitter_card":"summary_large_image","twitter_misc":{"Gesch\u00e4tzte Lesezeit":"1\u00a0Minute"},"schema":{"@context":"https:\/\/schema.org","@graph":[{"@type":"WebPage","@id":"https:\/\/wein-werte.com\/de\/produkt\/terroir-sense-fronteres-guix-vermell-2017-750ml\/","url":"https:\/\/wein-werte.com\/de\/produkt\/terroir-sense-fronteres-guix-vermell-2017-750ml\/","name":"Terroir Sense Fronteres Guix Vermell 2017","isPartOf":{"@id":"https:\/\/wein-werte.com\/de\/#website"},"primaryImageOfPage":{"@id":"https:\/\/wein-werte.com\/de\/produkt\/terroir-sense-fronteres-guix-vermell-2017-750ml\/#primaryimage"},"image":{"@id":"https:\/\/wein-werte.com\/de\/produkt\/terroir-sense-fronteres-guix-vermell-2017-750ml\/#primaryimage"},"thumbnailUrl":"https:\/\/wein-werte.com\/wp-content\/uploads\/2026\/04\/Terroir-Sense-Fronteres-Guix-Vermell-2017-750ml.png","datePublished":"2026-05-05T16:26:18+00:00","description":"Kaufe Terroir Sense Fronteres Guix Vermell 2017 (Grenache, trocken aus Montsant, Spanien) bei Wein Werte, Ihrem nachhaltigen Onlineshop.","breadcrumb":{"@id":"https:\/\/wein-werte.com\/de\/produkt\/terroir-sense-fronteres-guix-vermell-2017-750ml\/#breadcrumb"},"inLanguage":"de","potentialAction":[{"@type":"ReadAction","target":["https:\/\/wein-werte.com\/de\/produkt\/terroir-sense-fronteres-guix-vermell-2017-750ml\/"]}]},{"@type":"ImageObject","inLanguage":"de","@id":"https:\/\/wein-werte.com\/de\/produkt\/terroir-sense-fronteres-guix-vermell-2017-750ml\/#primaryimage","url":"https:\/\/wein-werte.com\/wp-content\/uploads\/2026\/04\/Terroir-Sense-Fronteres-Guix-Vermell-2017-750ml.png","contentUrl":"https:\/\/wein-werte.com\/wp-content\/uploads\/2026\/04\/Terroir-Sense-Fronteres-Guix-Vermell-2017-750ml.png","width":344,"height":1200,"caption":"Terroir Sense Fronteres Guix Vermell 2017 750ml"},{"@type":"BreadcrumbList","@id":"https:\/\/wein-werte.com\/de\/produkt\/terroir-sense-fronteres-guix-vermell-2017-750ml\/#breadcrumb","itemListElement":[{"@type":"ListItem","position":1,"name":"Home","item":"https:\/\/wein-werte.com\/de\/"},{"@type":"ListItem","position":2,"name":"Shop","item":"https:\/\/wein-werte.com\/de\/shop\/"},{"@type":"ListItem","position":3,"name":"Terroir Sense Fronteres | Montsant | Guix Vermell | 2017 | 750ml"}]},{"@type":"WebSite","@id":"https:\/\/wein-werte.com\/de\/#website","url":"https:\/\/wein-werte.com\/de\/","name":"Wein Werte","description":"","publisher":{"@id":"https:\/\/wein-werte.com\/de\/#organization"},"potentialAction":[{"@type":"SearchAction","target":{"@type":"EntryPoint","urlTemplate":"https:\/\/wein-werte.com\/de\/?s={search_term_string}"},"query-input":{"@type":"PropertyValueSpecification","valueRequired":true,"valueName":"search_term_string"}}],"inLanguage":"de"},{"@type":"Organization","@id":"https:\/\/wein-werte.com\/de\/#organization","name":"Vins Fins Thorrold","url":"https:\/\/wein-werte.com\/de\/","logo":{"@type":"ImageObject","inLanguage":"de","@id":"https:\/\/wein-werte.com\/de\/#\/schema\/logo\/image\/","url":"https:\/\/wein-werte.com\/wp-content\/uploads\/2023\/07\/Wein_werte_Logo700-1.png","contentUrl":"https:\/\/wein-werte.com\/wp-content\/uploads\/2023\/07\/Wein_werte_Logo700-1.png","width":700,"height":272,"caption":"Vins Fins Thorrold"},"image":{"@id":"https:\/\/wein-werte.com\/de\/#\/schema\/logo\/image\/"}}]}},"_links":{"self":[{"href":"https:\/\/wein-werte.com\/de\/wp-json\/wp\/v2\/product\/1133233","targetHints":{"allow":["GET"]}}],"collection":[{"href":"https:\/\/wein-werte.com\/de\/wp-json\/wp\/v2\/product"}],"about":[{"href":"https:\/\/wein-werte.com\/de\/wp-json\/wp\/v2\/types\/product"}],"wp:featuredmedia":[{"embeddable":true,"href":"https:\/\/wein-werte.com\/de\/wp-json\/wp\/v2\/media\/1143712"}],"wp:attachment":[{"href":"https:\/\/wein-werte.com\/de\/wp-json\/wp\/v2\/media?parent=1133233"}],"wp:term":[{"taxonomy":"product_brand","embeddable":true,"href":"https:\/\/wein-werte.com\/de\/wp-json\/wp\/v2\/product_brand?post=1133233"},{"taxonomy":"product_cat","embeddable":true,"href":"https:\/\/wein-werte.com\/de\/wp-json\/wp\/v2\/product_cat?post=1133233"},{"taxonomy":"product_tag","embeddable":true,"href":"https:\/\/wein-werte.com\/de\/wp-json\/wp\/v2\/product_tag?post=1133233"}],"curies":[{"name":"wp","href":"https:\/\/api.w.org\/{rel}","templated":true}]}}