{"id":1133189,"date":"2026-05-05T18:26:16","date_gmt":"2026-05-05T16:26:16","guid":{"rendered":"https:\/\/wein-werte.com\/product\/trossos-del-priorat-llum-dalba-2021-750ml\/"},"modified":"2026-04-27T11:50:12","modified_gmt":"2026-04-27T09:50:12","slug":"trossos-del-priorat-llum-dalba-2021-750ml","status":"publish","type":"product","link":"https:\/\/wein-werte.com\/de\/produkt\/trossos-del-priorat-llum-dalba-2021-750ml\/","title":{"rendered":"Trossos del Priorat | Priorat | Llum d&#8217;Alba | 2021 | 750ml"},"content":{"rendered":"<p>Produktbeschreibung f\u00fcr Trossos del Priorat Llum d&#8217;Alba 2021  <\/p>\n<h5>Informationen zum Wein<\/h5>\n<p> Der Wei\u00dfwein ist ein Blend aus den Rebsorten Garnacha Blanca, Macabeo und Viognier. Die zwei Erstgenannten sind autochthone Trauben des Priorat, ein Anbaugebiet, das etwa f\u00fcr seine Steillagen und Schieferb\u00f6den bekannt ist. Die Kombination aus hei\u00df-trockenem Klima und kargen B\u00f6den f\u00fchrt zu \u00e4u\u00dferst niedrigen Ertr\u00e4gen von knapp einem Kilogramm Trauben je Rebstock. Der Ausbau des Weins erfolgte im Stahltank, er lag vier Monate auf der Feinhefe. Im Resultat ist Llum d\u2019Alba ein hervorragendes Beispiel f\u00fcr einen mediterran gepr\u00e4gten Wei\u00dfwein, der zudem die typischen Eigenschaften seiner Rebsorten zum Ausdruck bringt. <\/p>\n<h5>Farbe<\/h5>\n<p> Graugelb bis hellgelb <\/p>\n<h5>Nase<\/h5>\n<p> Llum d\u2019Alba hat eine frische und interessante Nase, die reifes Kernobst wie Apfel und Quitte, wei\u00dfe Bl\u00fcten sowie Aromen von getrockneten Kr\u00e4utern enth\u00e4lt. Typisch f\u00fcr Weine aus dem Priorat sind auch die erdige Mineralit\u00e4t und recht hohe Intensit\u00e4t. Mit einem Leichtgewicht im Glas haben wir es nicht zu tun. <\/p>\n<h5>Gaumen<\/h5>\n<p> Der Wein bietet durchaus ein Gef\u00fchl von Opulenz, das von reifen Fr\u00fcchten, weicher S\u00e4ure, einem h\u00f6heren, gut integrierten Alkoholgehalt und einer wachsartigen Textur herr\u00fchrt, die den Gaumen umh\u00fcllt. Das Gew\u00e4chs dr\u00fcckt demnach seine mediterrane Herkunft sehr sch\u00f6n aus. Der volle K\u00f6rper verf\u00fcgt zugleich \u00fcber Spannung und Gripp (ein Tick Tannin), sodass nichts in die Breite geht. Llum d\u2019Alba hat ferner einen erdig-mineralischen Charakter und ein w\u00fcrziges, leicht bitteres Finish mit guter L\u00e4nge. Ein bisschen Luft tut diesem Wein \u00fcbrigens gut, da er unmittelbar nach dem Entkorken ein wenig rustikal wirken k\u00f6nnte.<\/p>\n<p>Copyright Vinaturel 2025<\/p>\n<p>Keywords: <a href=\"https:\/\/wein-werte.com\/de\/shop\/?swoof=1&#038;pa_producer=Trossos-del-Priorat\">Trossos del Priorat<\/a> <a href=\"https:\/\/wein-werte.com\/de\/shop\/?swoof=1&#038;woof_text=Llum d'Alba\">Llum d&#8217;Alba<\/a> 2021  <a href=\"https:\/\/wein-werte.com\/de\/shop\/?swoof=1&#038;pa_region=Priorat\">Priorat<\/a> <a href=\"https:\/\/wein-werte.com\/de\/shop\/?swoof=1&#038;pa_country=Spanien\">Spanien<\/a><\/p>\n<p>Internetseite des Weinguts: <a href=\"https:\/\/www.trossosdelpriorat.com\/\" target=\"_blank\">https:\/\/www.trossosdelpriorat.com\/<\/a><\/p>\n","protected":false},"excerpt":{"rendered":"<p>Lieferzeit: 1 bis 2 Arbeitstage (DE), 2 bis 5 Arbeitstage (EU and CH)<\/p>\n","protected":false},"featured_media":1143676,"template":"","meta":[],"product_brand":[],"product_cat":[19],"product_tag":[],"class_list":{"0":"post-1133189","1":"product","2":"type-product","3":"status-publish","4":"has-post-thumbnail","6":"product_cat-unkategorisiert","7":"pa_alcohol-for-filter-12892","8":"pa_certified-biodynamic-nein-de","9":"pa_certified-organic-nein-de","10":"pa_colour-weiss","11":"pa_country-spanien","12":"pa_grape-grenache-blanc-cuvee","13":"pa_price-for-filter-10575","14":"pa_producer-trossos-del-priorat","15":"pa_region-priorat","16":"pa_size-ml-6584","17":"pa_sweetness-trocken-de","18":"pa_type-2-still-de","19":"pa_vintage-2021-de","20":"entry","21":"has-media","23":"first","24":"instock","25":"taxable","26":"shipping-taxable","27":"purchasable","28":"product-type-simple"},"yoast_head":"<!-- This site is optimized with the Yoast SEO plugin v27.5 - https:\/\/yoast.com\/product\/yoast-seo-wordpress\/ -->\n<title>Trossos del Priorat Llum d&#039;Alba 2021<\/title>\n<meta name=\"description\" content=\"Kaufe Trossos del Priorat Llum d&#039;Alba 2021 (Grenache blanc Cuv\u00e9e, trocken aus Priorat, Spanien) bei Wein Werte, Ihrem nachhaltigen Onlineshop.\" \/>\n<meta name=\"robots\" content=\"index, follow, max-snippet:-1, max-image-preview:large, max-video-preview:-1\" \/>\n<link rel=\"canonical\" href=\"https:\/\/wein-werte.com\/de\/produkt\/trossos-del-priorat-llum-dalba-2021-750ml\/\" \/>\n<meta property=\"og:locale\" content=\"de_DE\" \/>\n<meta property=\"og:type\" content=\"article\" \/>\n<meta property=\"og:title\" content=\"Trossos del Priorat Llum d&#039;Alba 2021\" \/>\n<meta property=\"og:description\" content=\"Kaufe Trossos del Priorat Llum d&#039;Alba 2021 (Grenache blanc Cuv\u00e9e, trocken aus Priorat, Spanien) bei Wein Werte, Ihrem nachhaltigen Onlineshop.\" \/>\n<meta property=\"og:url\" content=\"https:\/\/wein-werte.com\/de\/produkt\/trossos-del-priorat-llum-dalba-2021-750ml\/\" \/>\n<meta property=\"og:site_name\" content=\"Wein Werte\" \/>\n<meta property=\"og:image\" content=\"https:\/\/wein-werte.com\/wp-content\/uploads\/2026\/04\/Trossos-del-Priorat-Llum-dAlba-2021-750ml.png\" \/>\n\t<meta property=\"og:image:width\" content=\"299\" \/>\n\t<meta property=\"og:image:height\" content=\"1200\" \/>\n\t<meta property=\"og:image:type\" content=\"image\/png\" \/>\n<meta name=\"twitter:card\" content=\"summary_large_image\" \/>\n<meta name=\"twitter:label1\" content=\"Gesch\u00e4tzte Lesezeit\" \/>\n\t<meta name=\"twitter:data1\" content=\"1\u00a0Minute\" \/>\n<script type=\"application\/ld+json\" class=\"yoast-schema-graph\">{\"@context\":\"https:\\\/\\\/schema.org\",\"@graph\":[{\"@type\":\"WebPage\",\"@id\":\"https:\\\/\\\/wein-werte.com\\\/de\\\/produkt\\\/trossos-del-priorat-llum-dalba-2021-750ml\\\/\",\"url\":\"https:\\\/\\\/wein-werte.com\\\/de\\\/produkt\\\/trossos-del-priorat-llum-dalba-2021-750ml\\\/\",\"name\":\"Trossos del Priorat Llum d'Alba 2021\",\"isPartOf\":{\"@id\":\"https:\\\/\\\/wein-werte.com\\\/de\\\/#website\"},\"primaryImageOfPage\":{\"@id\":\"https:\\\/\\\/wein-werte.com\\\/de\\\/produkt\\\/trossos-del-priorat-llum-dalba-2021-750ml\\\/#primaryimage\"},\"image\":{\"@id\":\"https:\\\/\\\/wein-werte.com\\\/de\\\/produkt\\\/trossos-del-priorat-llum-dalba-2021-750ml\\\/#primaryimage\"},\"thumbnailUrl\":\"https:\\\/\\\/wein-werte.com\\\/wp-content\\\/uploads\\\/2026\\\/04\\\/Trossos-del-Priorat-Llum-dAlba-2021-750ml.png\",\"datePublished\":\"2026-05-05T16:26:16+00:00\",\"description\":\"Kaufe Trossos del Priorat Llum d'Alba 2021 (Grenache blanc Cuv\u00e9e, trocken aus Priorat, Spanien) bei Wein Werte, Ihrem nachhaltigen Onlineshop.\",\"breadcrumb\":{\"@id\":\"https:\\\/\\\/wein-werte.com\\\/de\\\/produkt\\\/trossos-del-priorat-llum-dalba-2021-750ml\\\/#breadcrumb\"},\"inLanguage\":\"de\",\"potentialAction\":[{\"@type\":\"ReadAction\",\"target\":[\"https:\\\/\\\/wein-werte.com\\\/de\\\/produkt\\\/trossos-del-priorat-llum-dalba-2021-750ml\\\/\"]}]},{\"@type\":\"ImageObject\",\"inLanguage\":\"de\",\"@id\":\"https:\\\/\\\/wein-werte.com\\\/de\\\/produkt\\\/trossos-del-priorat-llum-dalba-2021-750ml\\\/#primaryimage\",\"url\":\"https:\\\/\\\/wein-werte.com\\\/wp-content\\\/uploads\\\/2026\\\/04\\\/Trossos-del-Priorat-Llum-dAlba-2021-750ml.png\",\"contentUrl\":\"https:\\\/\\\/wein-werte.com\\\/wp-content\\\/uploads\\\/2026\\\/04\\\/Trossos-del-Priorat-Llum-dAlba-2021-750ml.png\",\"width\":299,\"height\":1200,\"caption\":\"Trossos del Priorat Llum d'Alba 2021 750ml\"},{\"@type\":\"BreadcrumbList\",\"@id\":\"https:\\\/\\\/wein-werte.com\\\/de\\\/produkt\\\/trossos-del-priorat-llum-dalba-2021-750ml\\\/#breadcrumb\",\"itemListElement\":[{\"@type\":\"ListItem\",\"position\":1,\"name\":\"Home\",\"item\":\"https:\\\/\\\/wein-werte.com\\\/de\\\/\"},{\"@type\":\"ListItem\",\"position\":2,\"name\":\"Shop\",\"item\":\"https:\\\/\\\/wein-werte.com\\\/de\\\/shop\\\/\"},{\"@type\":\"ListItem\",\"position\":3,\"name\":\"Trossos del Priorat | Priorat | Llum d&#8217;Alba | 2021 | 750ml\"}]},{\"@type\":\"WebSite\",\"@id\":\"https:\\\/\\\/wein-werte.com\\\/de\\\/#website\",\"url\":\"https:\\\/\\\/wein-werte.com\\\/de\\\/\",\"name\":\"Wein Werte\",\"description\":\"\",\"publisher\":{\"@id\":\"https:\\\/\\\/wein-werte.com\\\/de\\\/#organization\"},\"potentialAction\":[{\"@type\":\"SearchAction\",\"target\":{\"@type\":\"EntryPoint\",\"urlTemplate\":\"https:\\\/\\\/wein-werte.com\\\/de\\\/?s={search_term_string}\"},\"query-input\":{\"@type\":\"PropertyValueSpecification\",\"valueRequired\":true,\"valueName\":\"search_term_string\"}}],\"inLanguage\":\"de\"},{\"@type\":\"Organization\",\"@id\":\"https:\\\/\\\/wein-werte.com\\\/de\\\/#organization\",\"name\":\"Vins Fins Thorrold\",\"url\":\"https:\\\/\\\/wein-werte.com\\\/de\\\/\",\"logo\":{\"@type\":\"ImageObject\",\"inLanguage\":\"de\",\"@id\":\"https:\\\/\\\/wein-werte.com\\\/de\\\/#\\\/schema\\\/logo\\\/image\\\/\",\"url\":\"https:\\\/\\\/wein-werte.com\\\/wp-content\\\/uploads\\\/2023\\\/07\\\/Wein_werte_Logo700-1.png\",\"contentUrl\":\"https:\\\/\\\/wein-werte.com\\\/wp-content\\\/uploads\\\/2023\\\/07\\\/Wein_werte_Logo700-1.png\",\"width\":700,\"height\":272,\"caption\":\"Vins Fins Thorrold\"},\"image\":{\"@id\":\"https:\\\/\\\/wein-werte.com\\\/de\\\/#\\\/schema\\\/logo\\\/image\\\/\"}}]}<\/script>\n<!-- \/ Yoast SEO plugin. -->","yoast_head_json":{"title":"Trossos del Priorat Llum d'Alba 2021","description":"Kaufe Trossos del Priorat Llum d'Alba 2021 (Grenache blanc Cuv\u00e9e, trocken aus Priorat, Spanien) bei Wein Werte, Ihrem nachhaltigen Onlineshop.","robots":{"index":"index","follow":"follow","max-snippet":"max-snippet:-1","max-image-preview":"max-image-preview:large","max-video-preview":"max-video-preview:-1"},"canonical":"https:\/\/wein-werte.com\/de\/produkt\/trossos-del-priorat-llum-dalba-2021-750ml\/","og_locale":"de_DE","og_type":"article","og_title":"Trossos del Priorat Llum d'Alba 2021","og_description":"Kaufe Trossos del Priorat Llum d'Alba 2021 (Grenache blanc Cuv\u00e9e, trocken aus Priorat, Spanien) bei Wein Werte, Ihrem nachhaltigen Onlineshop.","og_url":"https:\/\/wein-werte.com\/de\/produkt\/trossos-del-priorat-llum-dalba-2021-750ml\/","og_site_name":"Wein Werte","og_image":[{"width":299,"height":1200,"url":"https:\/\/wein-werte.com\/wp-content\/uploads\/2026\/04\/Trossos-del-Priorat-Llum-dAlba-2021-750ml.png","type":"image\/png"}],"twitter_card":"summary_large_image","twitter_misc":{"Gesch\u00e4tzte Lesezeit":"1\u00a0Minute"},"schema":{"@context":"https:\/\/schema.org","@graph":[{"@type":"WebPage","@id":"https:\/\/wein-werte.com\/de\/produkt\/trossos-del-priorat-llum-dalba-2021-750ml\/","url":"https:\/\/wein-werte.com\/de\/produkt\/trossos-del-priorat-llum-dalba-2021-750ml\/","name":"Trossos del Priorat Llum d'Alba 2021","isPartOf":{"@id":"https:\/\/wein-werte.com\/de\/#website"},"primaryImageOfPage":{"@id":"https:\/\/wein-werte.com\/de\/produkt\/trossos-del-priorat-llum-dalba-2021-750ml\/#primaryimage"},"image":{"@id":"https:\/\/wein-werte.com\/de\/produkt\/trossos-del-priorat-llum-dalba-2021-750ml\/#primaryimage"},"thumbnailUrl":"https:\/\/wein-werte.com\/wp-content\/uploads\/2026\/04\/Trossos-del-Priorat-Llum-dAlba-2021-750ml.png","datePublished":"2026-05-05T16:26:16+00:00","description":"Kaufe Trossos del Priorat Llum d'Alba 2021 (Grenache blanc Cuv\u00e9e, trocken aus Priorat, Spanien) bei Wein Werte, Ihrem nachhaltigen Onlineshop.","breadcrumb":{"@id":"https:\/\/wein-werte.com\/de\/produkt\/trossos-del-priorat-llum-dalba-2021-750ml\/#breadcrumb"},"inLanguage":"de","potentialAction":[{"@type":"ReadAction","target":["https:\/\/wein-werte.com\/de\/produkt\/trossos-del-priorat-llum-dalba-2021-750ml\/"]}]},{"@type":"ImageObject","inLanguage":"de","@id":"https:\/\/wein-werte.com\/de\/produkt\/trossos-del-priorat-llum-dalba-2021-750ml\/#primaryimage","url":"https:\/\/wein-werte.com\/wp-content\/uploads\/2026\/04\/Trossos-del-Priorat-Llum-dAlba-2021-750ml.png","contentUrl":"https:\/\/wein-werte.com\/wp-content\/uploads\/2026\/04\/Trossos-del-Priorat-Llum-dAlba-2021-750ml.png","width":299,"height":1200,"caption":"Trossos del Priorat Llum d'Alba 2021 750ml"},{"@type":"BreadcrumbList","@id":"https:\/\/wein-werte.com\/de\/produkt\/trossos-del-priorat-llum-dalba-2021-750ml\/#breadcrumb","itemListElement":[{"@type":"ListItem","position":1,"name":"Home","item":"https:\/\/wein-werte.com\/de\/"},{"@type":"ListItem","position":2,"name":"Shop","item":"https:\/\/wein-werte.com\/de\/shop\/"},{"@type":"ListItem","position":3,"name":"Trossos del Priorat | Priorat | Llum d&#8217;Alba | 2021 | 750ml"}]},{"@type":"WebSite","@id":"https:\/\/wein-werte.com\/de\/#website","url":"https:\/\/wein-werte.com\/de\/","name":"Wein Werte","description":"","publisher":{"@id":"https:\/\/wein-werte.com\/de\/#organization"},"potentialAction":[{"@type":"SearchAction","target":{"@type":"EntryPoint","urlTemplate":"https:\/\/wein-werte.com\/de\/?s={search_term_string}"},"query-input":{"@type":"PropertyValueSpecification","valueRequired":true,"valueName":"search_term_string"}}],"inLanguage":"de"},{"@type":"Organization","@id":"https:\/\/wein-werte.com\/de\/#organization","name":"Vins Fins Thorrold","url":"https:\/\/wein-werte.com\/de\/","logo":{"@type":"ImageObject","inLanguage":"de","@id":"https:\/\/wein-werte.com\/de\/#\/schema\/logo\/image\/","url":"https:\/\/wein-werte.com\/wp-content\/uploads\/2023\/07\/Wein_werte_Logo700-1.png","contentUrl":"https:\/\/wein-werte.com\/wp-content\/uploads\/2023\/07\/Wein_werte_Logo700-1.png","width":700,"height":272,"caption":"Vins Fins Thorrold"},"image":{"@id":"https:\/\/wein-werte.com\/de\/#\/schema\/logo\/image\/"}}]}},"_links":{"self":[{"href":"https:\/\/wein-werte.com\/de\/wp-json\/wp\/v2\/product\/1133189","targetHints":{"allow":["GET"]}}],"collection":[{"href":"https:\/\/wein-werte.com\/de\/wp-json\/wp\/v2\/product"}],"about":[{"href":"https:\/\/wein-werte.com\/de\/wp-json\/wp\/v2\/types\/product"}],"wp:featuredmedia":[{"embeddable":true,"href":"https:\/\/wein-werte.com\/de\/wp-json\/wp\/v2\/media\/1143676"}],"wp:attachment":[{"href":"https:\/\/wein-werte.com\/de\/wp-json\/wp\/v2\/media?parent=1133189"}],"wp:term":[{"taxonomy":"product_brand","embeddable":true,"href":"https:\/\/wein-werte.com\/de\/wp-json\/wp\/v2\/product_brand?post=1133189"},{"taxonomy":"product_cat","embeddable":true,"href":"https:\/\/wein-werte.com\/de\/wp-json\/wp\/v2\/product_cat?post=1133189"},{"taxonomy":"product_tag","embeddable":true,"href":"https:\/\/wein-werte.com\/de\/wp-json\/wp\/v2\/product_tag?post=1133189"}],"curies":[{"name":"wp","href":"https:\/\/api.w.org\/{rel}","templated":true}]}}