{"id":1133184,"date":"2026-05-05T18:26:16","date_gmt":"2026-05-05T16:26:16","guid":{"rendered":"https:\/\/wein-werte.com\/product\/trossos-del-priorat-pam-de-nas-2016-750ml\/"},"modified":"2026-04-27T11:50:10","modified_gmt":"2026-04-27T09:50:10","slug":"trossos-del-priorat-pam-de-nas-2016-750ml","status":"publish","type":"product","link":"https:\/\/wein-werte.com\/de\/produkt\/trossos-del-priorat-pam-de-nas-2016-750ml\/","title":{"rendered":"Trossos del Priorat | Priorat | Pam de Nas | 2016 | 750ml"},"content":{"rendered":"<p>Produktbeschreibung f\u00fcr Trossos del Priorat Pam de Nas 2016 <\/p>\n<p> Marian Hen\u00df: 2016 Pam de Nas wird aus den typischen Rebsorten des Priorat, Garnatxa und Sams\u00f3, gekeltert. Er pr\u00e4sentiert sich wie das \u201ekleine Schwarze\u201c. Ein Klassiker in der Damenmode, der nie unpassend ist. Zeitlos. Immer ein Hingucker. Pam de Nas wirkt wie in seidener H\u00fclle und die wundersch\u00f6ne, dunkle Frucht ist damit ummantelt. Voller Eleganz, Intensit\u00e4t und Ausstrahlung er\u00f6ffnet er sich im Glas und am Gaumen. Leichtf\u00fc\u00dfig w\u00e4re das falsche Wort f\u00fcr einen Priorat. Aber er zeigt sich nicht ansatzweise schwer. Das k\u00fchle Mundgef\u00fchl und die feine Mineralit\u00e4t stehen im Kontrast zur intensiven Frucht aus dem hei\u00dfen Klima. Die k\u00fchlen N\u00e4chte dort wirken unterst\u00fctzend zu diesem Effekt. <\/p>\n<h5>Info<\/h5>\n<p> Die Familie Vives hatte bei der Gr\u00fcndung der Bodega im Jahre 2004 das Ziel, erstklassige Weine herzustellen. Besonderes Augenmerk wurde darauf gelegt, die Authentizit\u00e4t und das Terroir des Priorats in den Weinen mit einer Eleganz zu vereinigen, die sonst eher im Burgund zu finden ist. Star\u00f6nologe Toni Coca betreut das Projekt von Anfang an. Die eigenen Weinberge werden biologisch bewirtschaftet, aber es wird auch erstklassiges Rebgut von anderen Winzern hinzugekauft, da noch nicht alle Reben der eigenen Parzellen gen\u00fcgend Alter aufweisen, um die hohen Anspr\u00fcche zu erf\u00fcllen. Das Weingut befindet sich in Mitten des Herzens des Priorat: in Gratallops. Sie verfolgen dabei eine m\u00f6glichst unverf\u00e4lschte Transformation der nat\u00fcrlichen Gegebenheiten in Form von Wein. 2016 Pam de Nas verbindet die beiden wichtigsten Sorten der Region: Garnacha und Cari\u00f1ena. Das Weingut verwendet die \u00e4ltesten Reben und besten Weinberge f\u00fcr diese Cuv\u00e9e. Der Ausbau erfolgt zu 100% in neuen franz\u00f6sischen Barrique-F\u00e4ssern. <\/p>\n<h5>Farbe<\/h5>\n<p> Leuchtendes Purpur <\/p>\n<h5>Nase<\/h5>\n<p> Trossos del Priorat findet in dieser Cuv\u00e9e die Quintessenz ihres Terroirs. Pam de Nas ist tiefdunkel in der Nase. Absolut dicht und intensiv, ohne ein Gef\u00fchl von Schwere zu vermitteln. Rote Johannisbeeren, Cassis, Holunderbeeren sowie Brombeere stehen auf der einen Seite. Dem gegen\u00fcber b\u00e4umen sich gr\u00fcne Waln\u00fcsse, schwarze Oliven, Kakaobutter und dunkle Schokolade auf. Ein wenig Leder, Akazienholz und Wacholder unterst\u00fctzen dies gewaltig. Mandelbl\u00fcte sowie auch ger\u00f6stete Mandeln und mediterrane Gew\u00fcrze sorgen f\u00fcr den kr\u00f6nenden Abschluss. <\/p>\n<h5>Gaumen<\/h5>\n<p> 2016 Pam de Nas wird aus den typischen Rebsorten des Priorat, Garnatxa und Sams\u00f3, gekeltert. Er pr\u00e4sentiert sich wie das \u201ekleine Schwarze\u201c. Ein Klassiker in der Damenmode, der nie unpassend ist. Zeitlos. Immer ein Hingucker. Pam de Nas wirkt wie in seidener H\u00fclle und die wundersch\u00f6ne, dunkle Frucht ist damit ummantelt. Voller Eleganz, Intensit\u00e4t und Ausstrahlung er\u00f6ffnet er sich im Glas und am Gaumen. Leichtf\u00fc\u00dfig w\u00e4re das falsche Wort f\u00fcr einen Priorat. Aber er zeigt sich nicht ansatzweise schwer. Das k\u00fchle Mundgef\u00fchl und die feine Mineralit\u00e4t stehen im Kontrast zur intensiven Frucht aus dem hei\u00dfen Klima. Die k\u00fchlen N\u00e4chte dort wirken unterst\u00fctzend zu diesem Effekt.<\/p>\n<p>Copyright Vinaturel 2025<\/p>\n<p>Keywords: <a href=\"https:\/\/wein-werte.com\/de\/shop\/?swoof=1&#038;pa_producer=Trossos-del-Priorat\">Trossos del Priorat<\/a> <a href=\"https:\/\/wein-werte.com\/de\/shop\/?swoof=1&#038;woof_text=Pam de Nas\">Pam de Nas<\/a> 2016  <a href=\"https:\/\/wein-werte.com\/de\/shop\/?swoof=1&#038;pa_region=Priorat\">Priorat<\/a> <a href=\"https:\/\/wein-werte.com\/de\/shop\/?swoof=1&#038;pa_country=Spanien\">Spanien<\/a><\/p>\n<p>Internetseite des Weinguts: <a href=\"https:\/\/www.trossosdelpriorat.com\/\" target=\"_blank\">https:\/\/www.trossosdelpriorat.com\/<\/a><\/p>\n","protected":false},"excerpt":{"rendered":"<p>Lieferzeit: 1 bis 2 Arbeitstage (DE), 2 bis 5 Arbeitstage (EU and CH)<\/p>\n","protected":false},"featured_media":1143672,"template":"","meta":[],"product_brand":[],"product_cat":[19],"product_tag":[],"class_list":{"0":"post-1133184","1":"product","2":"type-product","3":"status-publish","4":"has-post-thumbnail","6":"product_cat-unkategorisiert","7":"pa_alcohol-for-filter-14-5","8":"pa_certified-biodynamic-nein-de","9":"pa_certified-organic-nein-de","10":"pa_colour-rot","11":"pa_country-spanien","12":"pa_grape-grenache-cuvee","13":"pa_price-for-filter-10605","14":"pa_producer-trossos-del-priorat","15":"pa_region-priorat","16":"pa_size-ml-6584","17":"pa_sweetness-trocken-de","18":"pa_type-2-still-de","19":"pa_vintage-2016-de","20":"entry","21":"has-media","23":"first","24":"instock","25":"taxable","26":"shipping-taxable","27":"purchasable","28":"product-type-simple"},"yoast_head":"<!-- This site is optimized with the Yoast SEO plugin v27.5 - https:\/\/yoast.com\/product\/yoast-seo-wordpress\/ -->\n<title>Trossos del Priorat Pam de Nas 2016<\/title>\n<meta name=\"description\" content=\"Kaufe Trossos del Priorat Pam de Nas 2016 (Grenache Cuv\u00e9e, trocken aus Priorat, Spanien) bei Wein Werte, Ihrem nachhaltigen Onlineshop.\" \/>\n<meta name=\"robots\" content=\"index, follow, max-snippet:-1, max-image-preview:large, max-video-preview:-1\" \/>\n<link rel=\"canonical\" href=\"https:\/\/wein-werte.com\/de\/produkt\/trossos-del-priorat-pam-de-nas-2016-750ml\/\" \/>\n<meta property=\"og:locale\" content=\"de_DE\" \/>\n<meta property=\"og:type\" content=\"article\" \/>\n<meta property=\"og:title\" content=\"Trossos del Priorat Pam de Nas 2016\" \/>\n<meta property=\"og:description\" content=\"Kaufe Trossos del Priorat Pam de Nas 2016 (Grenache Cuv\u00e9e, trocken aus Priorat, Spanien) bei Wein Werte, Ihrem nachhaltigen Onlineshop.\" \/>\n<meta property=\"og:url\" content=\"https:\/\/wein-werte.com\/de\/produkt\/trossos-del-priorat-pam-de-nas-2016-750ml\/\" \/>\n<meta property=\"og:site_name\" content=\"Wein Werte\" \/>\n<meta property=\"og:image\" content=\"https:\/\/wein-werte.com\/wp-content\/uploads\/2026\/04\/Trossos-del-Priorat-Pam-de-Nas-2016-750ml.png\" \/>\n\t<meta property=\"og:image:width\" content=\"302\" \/>\n\t<meta property=\"og:image:height\" content=\"1200\" \/>\n\t<meta property=\"og:image:type\" content=\"image\/png\" \/>\n<meta name=\"twitter:card\" content=\"summary_large_image\" \/>\n<meta name=\"twitter:label1\" content=\"Gesch\u00e4tzte Lesezeit\" \/>\n\t<meta name=\"twitter:data1\" content=\"3\u00a0Minuten\" \/>\n<script type=\"application\/ld+json\" class=\"yoast-schema-graph\">{\"@context\":\"https:\\\/\\\/schema.org\",\"@graph\":[{\"@type\":\"WebPage\",\"@id\":\"https:\\\/\\\/wein-werte.com\\\/de\\\/produkt\\\/trossos-del-priorat-pam-de-nas-2016-750ml\\\/\",\"url\":\"https:\\\/\\\/wein-werte.com\\\/de\\\/produkt\\\/trossos-del-priorat-pam-de-nas-2016-750ml\\\/\",\"name\":\"Trossos del Priorat Pam de Nas 2016\",\"isPartOf\":{\"@id\":\"https:\\\/\\\/wein-werte.com\\\/de\\\/#website\"},\"primaryImageOfPage\":{\"@id\":\"https:\\\/\\\/wein-werte.com\\\/de\\\/produkt\\\/trossos-del-priorat-pam-de-nas-2016-750ml\\\/#primaryimage\"},\"image\":{\"@id\":\"https:\\\/\\\/wein-werte.com\\\/de\\\/produkt\\\/trossos-del-priorat-pam-de-nas-2016-750ml\\\/#primaryimage\"},\"thumbnailUrl\":\"https:\\\/\\\/wein-werte.com\\\/wp-content\\\/uploads\\\/2026\\\/04\\\/Trossos-del-Priorat-Pam-de-Nas-2016-750ml.png\",\"datePublished\":\"2026-05-05T16:26:16+00:00\",\"description\":\"Kaufe Trossos del Priorat Pam de Nas 2016 (Grenache Cuv\u00e9e, trocken aus Priorat, Spanien) bei Wein Werte, Ihrem nachhaltigen Onlineshop.\",\"breadcrumb\":{\"@id\":\"https:\\\/\\\/wein-werte.com\\\/de\\\/produkt\\\/trossos-del-priorat-pam-de-nas-2016-750ml\\\/#breadcrumb\"},\"inLanguage\":\"de\",\"potentialAction\":[{\"@type\":\"ReadAction\",\"target\":[\"https:\\\/\\\/wein-werte.com\\\/de\\\/produkt\\\/trossos-del-priorat-pam-de-nas-2016-750ml\\\/\"]}]},{\"@type\":\"ImageObject\",\"inLanguage\":\"de\",\"@id\":\"https:\\\/\\\/wein-werte.com\\\/de\\\/produkt\\\/trossos-del-priorat-pam-de-nas-2016-750ml\\\/#primaryimage\",\"url\":\"https:\\\/\\\/wein-werte.com\\\/wp-content\\\/uploads\\\/2026\\\/04\\\/Trossos-del-Priorat-Pam-de-Nas-2016-750ml.png\",\"contentUrl\":\"https:\\\/\\\/wein-werte.com\\\/wp-content\\\/uploads\\\/2026\\\/04\\\/Trossos-del-Priorat-Pam-de-Nas-2016-750ml.png\",\"width\":302,\"height\":1200,\"caption\":\"Trossos del Priorat Pam de Nas 2016 750ml\"},{\"@type\":\"BreadcrumbList\",\"@id\":\"https:\\\/\\\/wein-werte.com\\\/de\\\/produkt\\\/trossos-del-priorat-pam-de-nas-2016-750ml\\\/#breadcrumb\",\"itemListElement\":[{\"@type\":\"ListItem\",\"position\":1,\"name\":\"Home\",\"item\":\"https:\\\/\\\/wein-werte.com\\\/de\\\/\"},{\"@type\":\"ListItem\",\"position\":2,\"name\":\"Shop\",\"item\":\"https:\\\/\\\/wein-werte.com\\\/de\\\/shop\\\/\"},{\"@type\":\"ListItem\",\"position\":3,\"name\":\"Trossos del Priorat | Priorat | Pam de Nas | 2016 | 750ml\"}]},{\"@type\":\"WebSite\",\"@id\":\"https:\\\/\\\/wein-werte.com\\\/de\\\/#website\",\"url\":\"https:\\\/\\\/wein-werte.com\\\/de\\\/\",\"name\":\"Wein Werte\",\"description\":\"\",\"publisher\":{\"@id\":\"https:\\\/\\\/wein-werte.com\\\/de\\\/#organization\"},\"potentialAction\":[{\"@type\":\"SearchAction\",\"target\":{\"@type\":\"EntryPoint\",\"urlTemplate\":\"https:\\\/\\\/wein-werte.com\\\/de\\\/?s={search_term_string}\"},\"query-input\":{\"@type\":\"PropertyValueSpecification\",\"valueRequired\":true,\"valueName\":\"search_term_string\"}}],\"inLanguage\":\"de\"},{\"@type\":\"Organization\",\"@id\":\"https:\\\/\\\/wein-werte.com\\\/de\\\/#organization\",\"name\":\"Vins Fins Thorrold\",\"url\":\"https:\\\/\\\/wein-werte.com\\\/de\\\/\",\"logo\":{\"@type\":\"ImageObject\",\"inLanguage\":\"de\",\"@id\":\"https:\\\/\\\/wein-werte.com\\\/de\\\/#\\\/schema\\\/logo\\\/image\\\/\",\"url\":\"https:\\\/\\\/wein-werte.com\\\/wp-content\\\/uploads\\\/2023\\\/07\\\/Wein_werte_Logo700-1.png\",\"contentUrl\":\"https:\\\/\\\/wein-werte.com\\\/wp-content\\\/uploads\\\/2023\\\/07\\\/Wein_werte_Logo700-1.png\",\"width\":700,\"height\":272,\"caption\":\"Vins Fins Thorrold\"},\"image\":{\"@id\":\"https:\\\/\\\/wein-werte.com\\\/de\\\/#\\\/schema\\\/logo\\\/image\\\/\"}}]}<\/script>\n<!-- \/ Yoast SEO plugin. -->","yoast_head_json":{"title":"Trossos del Priorat Pam de Nas 2016","description":"Kaufe Trossos del Priorat Pam de Nas 2016 (Grenache Cuv\u00e9e, trocken aus Priorat, Spanien) bei Wein Werte, Ihrem nachhaltigen Onlineshop.","robots":{"index":"index","follow":"follow","max-snippet":"max-snippet:-1","max-image-preview":"max-image-preview:large","max-video-preview":"max-video-preview:-1"},"canonical":"https:\/\/wein-werte.com\/de\/produkt\/trossos-del-priorat-pam-de-nas-2016-750ml\/","og_locale":"de_DE","og_type":"article","og_title":"Trossos del Priorat Pam de Nas 2016","og_description":"Kaufe Trossos del Priorat Pam de Nas 2016 (Grenache Cuv\u00e9e, trocken aus Priorat, Spanien) bei Wein Werte, Ihrem nachhaltigen Onlineshop.","og_url":"https:\/\/wein-werte.com\/de\/produkt\/trossos-del-priorat-pam-de-nas-2016-750ml\/","og_site_name":"Wein Werte","og_image":[{"width":302,"height":1200,"url":"https:\/\/wein-werte.com\/wp-content\/uploads\/2026\/04\/Trossos-del-Priorat-Pam-de-Nas-2016-750ml.png","type":"image\/png"}],"twitter_card":"summary_large_image","twitter_misc":{"Gesch\u00e4tzte Lesezeit":"3\u00a0Minuten"},"schema":{"@context":"https:\/\/schema.org","@graph":[{"@type":"WebPage","@id":"https:\/\/wein-werte.com\/de\/produkt\/trossos-del-priorat-pam-de-nas-2016-750ml\/","url":"https:\/\/wein-werte.com\/de\/produkt\/trossos-del-priorat-pam-de-nas-2016-750ml\/","name":"Trossos del Priorat Pam de Nas 2016","isPartOf":{"@id":"https:\/\/wein-werte.com\/de\/#website"},"primaryImageOfPage":{"@id":"https:\/\/wein-werte.com\/de\/produkt\/trossos-del-priorat-pam-de-nas-2016-750ml\/#primaryimage"},"image":{"@id":"https:\/\/wein-werte.com\/de\/produkt\/trossos-del-priorat-pam-de-nas-2016-750ml\/#primaryimage"},"thumbnailUrl":"https:\/\/wein-werte.com\/wp-content\/uploads\/2026\/04\/Trossos-del-Priorat-Pam-de-Nas-2016-750ml.png","datePublished":"2026-05-05T16:26:16+00:00","description":"Kaufe Trossos del Priorat Pam de Nas 2016 (Grenache Cuv\u00e9e, trocken aus Priorat, Spanien) bei Wein Werte, Ihrem nachhaltigen Onlineshop.","breadcrumb":{"@id":"https:\/\/wein-werte.com\/de\/produkt\/trossos-del-priorat-pam-de-nas-2016-750ml\/#breadcrumb"},"inLanguage":"de","potentialAction":[{"@type":"ReadAction","target":["https:\/\/wein-werte.com\/de\/produkt\/trossos-del-priorat-pam-de-nas-2016-750ml\/"]}]},{"@type":"ImageObject","inLanguage":"de","@id":"https:\/\/wein-werte.com\/de\/produkt\/trossos-del-priorat-pam-de-nas-2016-750ml\/#primaryimage","url":"https:\/\/wein-werte.com\/wp-content\/uploads\/2026\/04\/Trossos-del-Priorat-Pam-de-Nas-2016-750ml.png","contentUrl":"https:\/\/wein-werte.com\/wp-content\/uploads\/2026\/04\/Trossos-del-Priorat-Pam-de-Nas-2016-750ml.png","width":302,"height":1200,"caption":"Trossos del Priorat Pam de Nas 2016 750ml"},{"@type":"BreadcrumbList","@id":"https:\/\/wein-werte.com\/de\/produkt\/trossos-del-priorat-pam-de-nas-2016-750ml\/#breadcrumb","itemListElement":[{"@type":"ListItem","position":1,"name":"Home","item":"https:\/\/wein-werte.com\/de\/"},{"@type":"ListItem","position":2,"name":"Shop","item":"https:\/\/wein-werte.com\/de\/shop\/"},{"@type":"ListItem","position":3,"name":"Trossos del Priorat | Priorat | Pam de Nas | 2016 | 750ml"}]},{"@type":"WebSite","@id":"https:\/\/wein-werte.com\/de\/#website","url":"https:\/\/wein-werte.com\/de\/","name":"Wein Werte","description":"","publisher":{"@id":"https:\/\/wein-werte.com\/de\/#organization"},"potentialAction":[{"@type":"SearchAction","target":{"@type":"EntryPoint","urlTemplate":"https:\/\/wein-werte.com\/de\/?s={search_term_string}"},"query-input":{"@type":"PropertyValueSpecification","valueRequired":true,"valueName":"search_term_string"}}],"inLanguage":"de"},{"@type":"Organization","@id":"https:\/\/wein-werte.com\/de\/#organization","name":"Vins Fins Thorrold","url":"https:\/\/wein-werte.com\/de\/","logo":{"@type":"ImageObject","inLanguage":"de","@id":"https:\/\/wein-werte.com\/de\/#\/schema\/logo\/image\/","url":"https:\/\/wein-werte.com\/wp-content\/uploads\/2023\/07\/Wein_werte_Logo700-1.png","contentUrl":"https:\/\/wein-werte.com\/wp-content\/uploads\/2023\/07\/Wein_werte_Logo700-1.png","width":700,"height":272,"caption":"Vins Fins Thorrold"},"image":{"@id":"https:\/\/wein-werte.com\/de\/#\/schema\/logo\/image\/"}}]}},"_links":{"self":[{"href":"https:\/\/wein-werte.com\/de\/wp-json\/wp\/v2\/product\/1133184","targetHints":{"allow":["GET"]}}],"collection":[{"href":"https:\/\/wein-werte.com\/de\/wp-json\/wp\/v2\/product"}],"about":[{"href":"https:\/\/wein-werte.com\/de\/wp-json\/wp\/v2\/types\/product"}],"wp:featuredmedia":[{"embeddable":true,"href":"https:\/\/wein-werte.com\/de\/wp-json\/wp\/v2\/media\/1143672"}],"wp:attachment":[{"href":"https:\/\/wein-werte.com\/de\/wp-json\/wp\/v2\/media?parent=1133184"}],"wp:term":[{"taxonomy":"product_brand","embeddable":true,"href":"https:\/\/wein-werte.com\/de\/wp-json\/wp\/v2\/product_brand?post=1133184"},{"taxonomy":"product_cat","embeddable":true,"href":"https:\/\/wein-werte.com\/de\/wp-json\/wp\/v2\/product_cat?post=1133184"},{"taxonomy":"product_tag","embeddable":true,"href":"https:\/\/wein-werte.com\/de\/wp-json\/wp\/v2\/product_tag?post=1133184"}],"curies":[{"name":"wp","href":"https:\/\/api.w.org\/{rel}","templated":true}]}}