{"id":1133164,"date":"2026-05-08T20:04:40","date_gmt":"2026-05-08T18:04:40","guid":{"rendered":"https:\/\/wein-werte.com\/product\/mesquida-mora-sotil-2021-750ml\/"},"modified":"2026-04-27T11:50:10","modified_gmt":"2026-04-27T09:50:10","slug":"mesquida-mora-sotil-2021-750ml","status":"publish","type":"product","link":"https:\/\/wein-werte.com\/de\/produkt\/mesquida-mora-sotil-2021-750ml\/","title":{"rendered":"Mesquida Mora | Mallorca | S\u00f2til | 2021 | 750ml | bio"},"content":{"rendered":"<p>Produktbeschreibung f\u00fcr Mesquida Mora S\u00f2til 2021 (bio)<\/p>\n<p> Marian Hen\u00df: Die autochthone Sorte Callet pr\u00e4sentiert sich hier erstaunlich feingliedrig und schlank. Mit seinen 12% Vol. ist er ein positives Beispiel im warmen Klima. Der S\u00f2til ist saftig, bissig und lebt von einem ungemeinen S\u00e4uredruck. Kein Tannin, keinerlei unn\u00f6tige Fruchts\u00fc\u00dfe, aber etwas Extrakt am Gaumen. Im Abgang zeigt er sich knackig und l\u00f6st direkt Verlangen nach einem weiteren Schluck aus. Voller Finesse ist dies eine sehr moderne Interpretation eines Callet. <\/p>\n<h5>Informationen zum Wein<\/h5>\n<p> Mallorca ist ein Refugium f\u00fcr viele autochthone Rebsorten, die es nur auf der Baleareninsel gibt. Die vielleicht interessanteste unter ihnen ist Callet: Die Traube vertr\u00e4gt die mediterrane Hitze und Trockenheit und bringt dennoch schlanke und frische Rotweine mit moderatem Alkoholgehalt und sinnlichen Aromen hervor. All das trifft auf den biodynamischen Sotil 2021 von Winzerin Barbara Mesquida Mora in beeindruckender Weise zu. Das sortenreine Gew\u00e4chs stammt von 56 bis 61 Jahre alten Buschreben und wird in 500-Liter-F\u00e4ssern aus franz\u00f6sischer Eiche ausgebaut. <\/p>\n<h5>Farbe<\/h5>\n<p> Transparentes Kirschrot <\/p>\n<h5>Nase<\/h5>\n<p> Sotil 2021 hat eine ausdrucksstarke und elegante Nase mit intensiven floralen Aromen und einer s\u00fc\u00dflichen Kirschfrucht. Das Bukett zeugt von gro\u00dfer Reinheit und Feinheit. <\/p>\n<h5>Gaumen<\/h5>\n<p> Am Gaumen ist dieser Rotwein leicht bis mittelschwer, mit seidiger Textur, weichen Tanninen und Aromen von Kirschen, etwas Pfeffer und gr\u00fcnem Paprika. Zun\u00e4chst wirkt er im Mund vielleicht etwas glatt, er entwickelt aber mit zunehmendem Luftkontakt eine wunderbare Griffigkeit, Komplexit\u00e4t und L\u00e4nge. Insgesamt steht der Sotil 2021 f\u00fcr schlanke Eleganz. Es ist ein feiner und frischer Rotwein, der das Mittelmeer von seiner sinnlichen Seite zeigt. Zweifellos einer der besten \u201eCallets\u201c Mallorcas.<\/p>\n<p>Copyright Vinaturel 2025<\/p>\n<p>Keywords: <a href=\"https:\/\/wein-werte.com\/de\/shop\/?swoof=1&#038;pa_producer=Mesquida-Mora\">Mesquida Mora<\/a> <a href=\"https:\/\/wein-werte.com\/de\/shop\/?swoof=1&#038;woof_text=S\u00f2til\">S\u00f2til<\/a> 2021 bio <a href=\"https:\/\/wein-werte.com\/de\/shop\/?swoof=1&#038;pa_region=Mallorca\">Mallorca<\/a> <a href=\"https:\/\/wein-werte.com\/de\/shop\/?swoof=1&#038;pa_country=Spanien\">Spanien<\/a><\/p>\n<p>Internetseite des Weinguts: <a href=\"https:\/\/mesquidamora.com\/en\/\" target=\"_blank\">https:\/\/mesquidamora.com\/en\/<\/a><\/p>\n","protected":false},"excerpt":{"rendered":"<p>Lieferzeit: 1 bis 2 Arbeitstage (DE), 2 bis 5 Arbeitstage (EU and CH)<\/p>\n","protected":false},"featured_media":1143656,"template":"","meta":[],"product_brand":[],"product_cat":[19],"product_tag":[],"class_list":{"0":"post-1133164","1":"product","2":"type-product","3":"status-publish","4":"has-post-thumbnail","6":"product_cat-unkategorisiert","7":"pa_alcohol-for-filter-12-5","8":"pa_certified-biodynamic-nein-de","9":"pa_certified-organic-ja-de","10":"pa_colour-rot","11":"pa_country-spanien","12":"pa_grape-callet","13":"pa_price-for-filter-10564","14":"pa_producer-mesquida-mora","15":"pa_region-mallorca","16":"pa_size-ml-6584","17":"pa_sweetness-trocken-de","18":"pa_type-2-still-de","19":"pa_vintage-2021-de","20":"entry","21":"has-media","23":"first","24":"instock","25":"taxable","26":"shipping-taxable","27":"purchasable","28":"product-type-simple"},"yoast_head":"<!-- This site is optimized with the Yoast SEO plugin v27.5 - https:\/\/yoast.com\/product\/yoast-seo-wordpress\/ -->\n<title>Mesquida Mora S\u00f2til 2021<\/title>\n<meta name=\"description\" content=\"Kaufe Mesquida Mora S\u00f2til 2021 (Callet, trocken aus Mallorca, Spanien) bei Wein Werte, Ihrem nachhaltigen Onlineshop.\" \/>\n<meta name=\"robots\" content=\"index, follow, max-snippet:-1, max-image-preview:large, max-video-preview:-1\" \/>\n<link rel=\"canonical\" href=\"https:\/\/wein-werte.com\/de\/produkt\/mesquida-mora-sotil-2021-750ml\/\" \/>\n<meta property=\"og:locale\" content=\"de_DE\" \/>\n<meta property=\"og:type\" content=\"article\" \/>\n<meta property=\"og:title\" content=\"Mesquida Mora S\u00f2til 2021\" \/>\n<meta property=\"og:description\" content=\"Kaufe Mesquida Mora S\u00f2til 2021 (Callet, trocken aus Mallorca, Spanien) bei Wein Werte, Ihrem nachhaltigen Onlineshop.\" \/>\n<meta property=\"og:url\" content=\"https:\/\/wein-werte.com\/de\/produkt\/mesquida-mora-sotil-2021-750ml\/\" \/>\n<meta property=\"og:site_name\" content=\"Wein Werte\" \/>\n<meta property=\"og:image\" content=\"https:\/\/wein-werte.com\/wp-content\/uploads\/2026\/04\/Mesquida-Mora-Sotil-2021-750ml.png\" \/>\n\t<meta property=\"og:image:width\" content=\"320\" \/>\n\t<meta property=\"og:image:height\" content=\"1200\" \/>\n\t<meta property=\"og:image:type\" content=\"image\/png\" \/>\n<meta name=\"twitter:card\" content=\"summary_large_image\" \/>\n<meta name=\"twitter:label1\" content=\"Gesch\u00e4tzte Lesezeit\" \/>\n\t<meta name=\"twitter:data1\" content=\"1\u00a0Minute\" \/>\n<script type=\"application\/ld+json\" class=\"yoast-schema-graph\">{\"@context\":\"https:\\\/\\\/schema.org\",\"@graph\":[{\"@type\":\"WebPage\",\"@id\":\"https:\\\/\\\/wein-werte.com\\\/de\\\/produkt\\\/mesquida-mora-sotil-2021-750ml\\\/\",\"url\":\"https:\\\/\\\/wein-werte.com\\\/de\\\/produkt\\\/mesquida-mora-sotil-2021-750ml\\\/\",\"name\":\"Mesquida Mora S\u00f2til 2021\",\"isPartOf\":{\"@id\":\"https:\\\/\\\/wein-werte.com\\\/de\\\/#website\"},\"primaryImageOfPage\":{\"@id\":\"https:\\\/\\\/wein-werte.com\\\/de\\\/produkt\\\/mesquida-mora-sotil-2021-750ml\\\/#primaryimage\"},\"image\":{\"@id\":\"https:\\\/\\\/wein-werte.com\\\/de\\\/produkt\\\/mesquida-mora-sotil-2021-750ml\\\/#primaryimage\"},\"thumbnailUrl\":\"https:\\\/\\\/wein-werte.com\\\/wp-content\\\/uploads\\\/2026\\\/04\\\/Mesquida-Mora-Sotil-2021-750ml.png\",\"datePublished\":\"2026-05-08T18:04:40+00:00\",\"description\":\"Kaufe Mesquida Mora S\u00f2til 2021 (Callet, trocken aus Mallorca, Spanien) bei Wein Werte, Ihrem nachhaltigen Onlineshop.\",\"breadcrumb\":{\"@id\":\"https:\\\/\\\/wein-werte.com\\\/de\\\/produkt\\\/mesquida-mora-sotil-2021-750ml\\\/#breadcrumb\"},\"inLanguage\":\"de\",\"potentialAction\":[{\"@type\":\"ReadAction\",\"target\":[\"https:\\\/\\\/wein-werte.com\\\/de\\\/produkt\\\/mesquida-mora-sotil-2021-750ml\\\/\"]}]},{\"@type\":\"ImageObject\",\"inLanguage\":\"de\",\"@id\":\"https:\\\/\\\/wein-werte.com\\\/de\\\/produkt\\\/mesquida-mora-sotil-2021-750ml\\\/#primaryimage\",\"url\":\"https:\\\/\\\/wein-werte.com\\\/wp-content\\\/uploads\\\/2026\\\/04\\\/Mesquida-Mora-Sotil-2021-750ml.png\",\"contentUrl\":\"https:\\\/\\\/wein-werte.com\\\/wp-content\\\/uploads\\\/2026\\\/04\\\/Mesquida-Mora-Sotil-2021-750ml.png\",\"width\":320,\"height\":1200,\"caption\":\"Mesquida Mora S\u00f2til 2021 750ml\"},{\"@type\":\"BreadcrumbList\",\"@id\":\"https:\\\/\\\/wein-werte.com\\\/de\\\/produkt\\\/mesquida-mora-sotil-2021-750ml\\\/#breadcrumb\",\"itemListElement\":[{\"@type\":\"ListItem\",\"position\":1,\"name\":\"Home\",\"item\":\"https:\\\/\\\/wein-werte.com\\\/de\\\/\"},{\"@type\":\"ListItem\",\"position\":2,\"name\":\"Shop\",\"item\":\"https:\\\/\\\/wein-werte.com\\\/de\\\/shop\\\/\"},{\"@type\":\"ListItem\",\"position\":3,\"name\":\"Mesquida Mora | Mallorca | S\u00f2til | 2021 | 750ml | bio\"}]},{\"@type\":\"WebSite\",\"@id\":\"https:\\\/\\\/wein-werte.com\\\/de\\\/#website\",\"url\":\"https:\\\/\\\/wein-werte.com\\\/de\\\/\",\"name\":\"Wein Werte\",\"description\":\"\",\"publisher\":{\"@id\":\"https:\\\/\\\/wein-werte.com\\\/de\\\/#organization\"},\"potentialAction\":[{\"@type\":\"SearchAction\",\"target\":{\"@type\":\"EntryPoint\",\"urlTemplate\":\"https:\\\/\\\/wein-werte.com\\\/de\\\/?s={search_term_string}\"},\"query-input\":{\"@type\":\"PropertyValueSpecification\",\"valueRequired\":true,\"valueName\":\"search_term_string\"}}],\"inLanguage\":\"de\"},{\"@type\":\"Organization\",\"@id\":\"https:\\\/\\\/wein-werte.com\\\/de\\\/#organization\",\"name\":\"Vins Fins Thorrold\",\"url\":\"https:\\\/\\\/wein-werte.com\\\/de\\\/\",\"logo\":{\"@type\":\"ImageObject\",\"inLanguage\":\"de\",\"@id\":\"https:\\\/\\\/wein-werte.com\\\/de\\\/#\\\/schema\\\/logo\\\/image\\\/\",\"url\":\"https:\\\/\\\/wein-werte.com\\\/wp-content\\\/uploads\\\/2023\\\/07\\\/Wein_werte_Logo700-1.png\",\"contentUrl\":\"https:\\\/\\\/wein-werte.com\\\/wp-content\\\/uploads\\\/2023\\\/07\\\/Wein_werte_Logo700-1.png\",\"width\":700,\"height\":272,\"caption\":\"Vins Fins Thorrold\"},\"image\":{\"@id\":\"https:\\\/\\\/wein-werte.com\\\/de\\\/#\\\/schema\\\/logo\\\/image\\\/\"}}]}<\/script>\n<!-- \/ Yoast SEO plugin. -->","yoast_head_json":{"title":"Mesquida Mora S\u00f2til 2021","description":"Kaufe Mesquida Mora S\u00f2til 2021 (Callet, trocken aus Mallorca, Spanien) bei Wein Werte, Ihrem nachhaltigen Onlineshop.","robots":{"index":"index","follow":"follow","max-snippet":"max-snippet:-1","max-image-preview":"max-image-preview:large","max-video-preview":"max-video-preview:-1"},"canonical":"https:\/\/wein-werte.com\/de\/produkt\/mesquida-mora-sotil-2021-750ml\/","og_locale":"de_DE","og_type":"article","og_title":"Mesquida Mora S\u00f2til 2021","og_description":"Kaufe Mesquida Mora S\u00f2til 2021 (Callet, trocken aus Mallorca, Spanien) bei Wein Werte, Ihrem nachhaltigen Onlineshop.","og_url":"https:\/\/wein-werte.com\/de\/produkt\/mesquida-mora-sotil-2021-750ml\/","og_site_name":"Wein Werte","og_image":[{"width":320,"height":1200,"url":"https:\/\/wein-werte.com\/wp-content\/uploads\/2026\/04\/Mesquida-Mora-Sotil-2021-750ml.png","type":"image\/png"}],"twitter_card":"summary_large_image","twitter_misc":{"Gesch\u00e4tzte Lesezeit":"1\u00a0Minute"},"schema":{"@context":"https:\/\/schema.org","@graph":[{"@type":"WebPage","@id":"https:\/\/wein-werte.com\/de\/produkt\/mesquida-mora-sotil-2021-750ml\/","url":"https:\/\/wein-werte.com\/de\/produkt\/mesquida-mora-sotil-2021-750ml\/","name":"Mesquida Mora S\u00f2til 2021","isPartOf":{"@id":"https:\/\/wein-werte.com\/de\/#website"},"primaryImageOfPage":{"@id":"https:\/\/wein-werte.com\/de\/produkt\/mesquida-mora-sotil-2021-750ml\/#primaryimage"},"image":{"@id":"https:\/\/wein-werte.com\/de\/produkt\/mesquida-mora-sotil-2021-750ml\/#primaryimage"},"thumbnailUrl":"https:\/\/wein-werte.com\/wp-content\/uploads\/2026\/04\/Mesquida-Mora-Sotil-2021-750ml.png","datePublished":"2026-05-08T18:04:40+00:00","description":"Kaufe Mesquida Mora S\u00f2til 2021 (Callet, trocken aus Mallorca, Spanien) bei Wein Werte, Ihrem nachhaltigen Onlineshop.","breadcrumb":{"@id":"https:\/\/wein-werte.com\/de\/produkt\/mesquida-mora-sotil-2021-750ml\/#breadcrumb"},"inLanguage":"de","potentialAction":[{"@type":"ReadAction","target":["https:\/\/wein-werte.com\/de\/produkt\/mesquida-mora-sotil-2021-750ml\/"]}]},{"@type":"ImageObject","inLanguage":"de","@id":"https:\/\/wein-werte.com\/de\/produkt\/mesquida-mora-sotil-2021-750ml\/#primaryimage","url":"https:\/\/wein-werte.com\/wp-content\/uploads\/2026\/04\/Mesquida-Mora-Sotil-2021-750ml.png","contentUrl":"https:\/\/wein-werte.com\/wp-content\/uploads\/2026\/04\/Mesquida-Mora-Sotil-2021-750ml.png","width":320,"height":1200,"caption":"Mesquida Mora S\u00f2til 2021 750ml"},{"@type":"BreadcrumbList","@id":"https:\/\/wein-werte.com\/de\/produkt\/mesquida-mora-sotil-2021-750ml\/#breadcrumb","itemListElement":[{"@type":"ListItem","position":1,"name":"Home","item":"https:\/\/wein-werte.com\/de\/"},{"@type":"ListItem","position":2,"name":"Shop","item":"https:\/\/wein-werte.com\/de\/shop\/"},{"@type":"ListItem","position":3,"name":"Mesquida Mora | Mallorca | S\u00f2til | 2021 | 750ml | bio"}]},{"@type":"WebSite","@id":"https:\/\/wein-werte.com\/de\/#website","url":"https:\/\/wein-werte.com\/de\/","name":"Wein Werte","description":"","publisher":{"@id":"https:\/\/wein-werte.com\/de\/#organization"},"potentialAction":[{"@type":"SearchAction","target":{"@type":"EntryPoint","urlTemplate":"https:\/\/wein-werte.com\/de\/?s={search_term_string}"},"query-input":{"@type":"PropertyValueSpecification","valueRequired":true,"valueName":"search_term_string"}}],"inLanguage":"de"},{"@type":"Organization","@id":"https:\/\/wein-werte.com\/de\/#organization","name":"Vins Fins Thorrold","url":"https:\/\/wein-werte.com\/de\/","logo":{"@type":"ImageObject","inLanguage":"de","@id":"https:\/\/wein-werte.com\/de\/#\/schema\/logo\/image\/","url":"https:\/\/wein-werte.com\/wp-content\/uploads\/2023\/07\/Wein_werte_Logo700-1.png","contentUrl":"https:\/\/wein-werte.com\/wp-content\/uploads\/2023\/07\/Wein_werte_Logo700-1.png","width":700,"height":272,"caption":"Vins Fins Thorrold"},"image":{"@id":"https:\/\/wein-werte.com\/de\/#\/schema\/logo\/image\/"}}]}},"_links":{"self":[{"href":"https:\/\/wein-werte.com\/de\/wp-json\/wp\/v2\/product\/1133164","targetHints":{"allow":["GET"]}}],"collection":[{"href":"https:\/\/wein-werte.com\/de\/wp-json\/wp\/v2\/product"}],"about":[{"href":"https:\/\/wein-werte.com\/de\/wp-json\/wp\/v2\/types\/product"}],"wp:featuredmedia":[{"embeddable":true,"href":"https:\/\/wein-werte.com\/de\/wp-json\/wp\/v2\/media\/1143656"}],"wp:attachment":[{"href":"https:\/\/wein-werte.com\/de\/wp-json\/wp\/v2\/media?parent=1133164"}],"wp:term":[{"taxonomy":"product_brand","embeddable":true,"href":"https:\/\/wein-werte.com\/de\/wp-json\/wp\/v2\/product_brand?post=1133164"},{"taxonomy":"product_cat","embeddable":true,"href":"https:\/\/wein-werte.com\/de\/wp-json\/wp\/v2\/product_cat?post=1133164"},{"taxonomy":"product_tag","embeddable":true,"href":"https:\/\/wein-werte.com\/de\/wp-json\/wp\/v2\/product_tag?post=1133164"}],"curies":[{"name":"wp","href":"https:\/\/api.w.org\/{rel}","templated":true}]}}