{"id":1133159,"date":"2026-05-08T20:04:40","date_gmt":"2026-05-08T18:04:40","guid":{"rendered":"https:\/\/wein-werte.com\/product\/mesquida-mora-gorgollassa-des-monjos-2019-750ml\/"},"modified":"2026-04-27T11:50:08","modified_gmt":"2026-04-27T09:50:08","slug":"mesquida-mora-gorgollassa-des-monjos-2019-750ml","status":"publish","type":"product","link":"https:\/\/wein-werte.com\/de\/produkt\/mesquida-mora-gorgollassa-des-monjos-2019-750ml\/","title":{"rendered":"Mesquida Mora | Mallorca | Gorgollassa d&#8217;es Monjos | 2019 | 750ml | bio"},"content":{"rendered":"<p>Produktbeschreibung f\u00fcr Mesquida Mora Gorgollassa d&#8217;es Monjos 2019 (bio)<\/p>\n<p> Marian Hen\u00df: Im Antrunk festigt sich der gewonnene Eindruck. Der Mallorquiner entspricht dem Stil von Mesquida Mora v\u00f6llig. Ein rassiger, straffer Rotwein von der beliebten Ferieninsel, der animierend, saftig und feingliedrig im Glas steht. Die Noten der roten Beeren spiegeln sich im Nachhall wider. Von einer fein ziselierten S\u00e4ure ist die Gorgollassa durchtrieben. Trinkfluss, Eleganz und Finesse sind vorprogrammiert. Sowohl gek\u00fchlt bei 11-12\u00b0C als temperiert bei 15-16\u00b0C zeit er seinen Charme. <\/p>\n<h5>Info<\/h5>\n<p> Die Autochthone Rebsorte Gorgolassa wurde nahezu vollkommen vergessen. Erst 2011 wurde diese wieder offiziell zugelassen. Eine Gruppe engagierter Winzer auf der Insel bem\u00fcht sich nun wieder vermehrt um ihre traditionellen Rebsorten. F\u00fcr die umsichtige Barbara Mesquida Mora ein gefundenes Fressen. Die Abf\u00fcllung aus 2019 ist limitiert auf 1111 Flaschen <\/p>\n<h5>Farbe<\/h5>\n<p> Helles Kirschrot <\/p>\n<h5>Nase<\/h5>\n<p> Die seltene Gorgollassa besticht durch einen verzaubernden Duft von kleinen s\u00e4uerlichen Beeren. Rote Johannisbeere, Himbeere sowie Sauerkirschen erg\u00e4nzen sich gegenseitig. Hinzu kommt ein vegetabiler Duft, der an Brombeerstr\u00e4ucher und Minze denken l\u00e4sst. Auch ein wenig Getreide zeigt sich in Form von Buchweizen, was f\u00fcr zus\u00e4tzliche Spannung in der Nase sorgt. Die Frucht ist durch einen dezent laktischen Ton unterlegt, wirkt dabei sehr stimmig und rein. <\/p>\n<h5>Gaumen<\/h5>\n<p> Im Antrunk festigt sich der gewonnene Eindruck. Der Mallorquiner entspricht dem Stil von Mesquida Mora v\u00f6llig. Ein rassiger, straffer Rotwein von der beliebten Ferieninsel, der animierend, saftig und feingliedrig im Glas steht. Die Noten der roten Beeren spiegeln sich im Nachhall wider. Von einer fein ziselierten S\u00e4ure ist die Gorgollassa durchtrieben. Trinkfluss, Eleganz und Finesse sind vorprogrammiert. Sowohl gek\u00fchlt bei 11-12\u00b0C als temperiert bei 15-16\u00b0C zeit er seinen Charme.<\/p>\n<p>Copyright Vinaturel 2025<\/p>\n<p>Keywords: <a href=\"https:\/\/wein-werte.com\/de\/shop\/?swoof=1&#038;pa_producer=Mesquida-Mora\">Mesquida Mora<\/a> <a href=\"https:\/\/wein-werte.com\/de\/shop\/?swoof=1&#038;woof_text=Gorgollassa d'es Monjos\">Gorgollassa d&#8217;es Monjos<\/a> 2019 bio <a href=\"https:\/\/wein-werte.com\/de\/shop\/?swoof=1&#038;pa_region=Mallorca\">Mallorca<\/a> <a href=\"https:\/\/wein-werte.com\/de\/shop\/?swoof=1&#038;pa_country=Spanien\">Spanien<\/a><\/p>\n<p>Internetseite des Weinguts: <a href=\"https:\/\/mesquidamora.com\/en\/\" target=\"_blank\">https:\/\/mesquidamora.com\/en\/<\/a><\/p>\n","protected":false},"excerpt":{"rendered":"<p>Lieferzeit: 1 bis 2 Arbeitstage (DE), 2 bis 5 Arbeitstage (EU and CH)<\/p>\n","protected":false},"featured_media":1143652,"template":"","meta":[],"product_brand":[],"product_cat":[19],"product_tag":[],"class_list":{"0":"post-1133159","1":"product","2":"type-product","3":"status-publish","4":"has-post-thumbnail","6":"product_cat-unkategorisiert","7":"pa_alcohol-for-filter-12-5","8":"pa_certified-biodynamic-nein-de","9":"pa_certified-organic-ja-de","10":"pa_colour-rot","11":"pa_country-spanien","12":"pa_grape-gorgollassa","13":"pa_price-for-filter-10612","14":"pa_producer-mesquida-mora","15":"pa_region-mallorca","16":"pa_size-ml-6584","17":"pa_sweetness-trocken-de","18":"pa_type-2-still-de","19":"pa_vintage-2019-de","20":"entry","21":"has-media","23":"first","24":"instock","25":"taxable","26":"shipping-taxable","27":"purchasable","28":"product-type-simple"},"yoast_head":"<!-- This site is optimized with the Yoast SEO plugin v27.5 - https:\/\/yoast.com\/product\/yoast-seo-wordpress\/ -->\n<title>Mesquida Mora Gorgollassa d&#039;es Monjos 2019<\/title>\n<meta name=\"description\" content=\"Kaufe Mesquida Mora Gorgollassa d&#039;es Monjos 2019 (Gorgollassa, trocken aus Mallorca, Spanien) bei Wein Werte, Ihrem nachhaltigen Onlineshop.\" \/>\n<meta name=\"robots\" content=\"index, follow, max-snippet:-1, max-image-preview:large, max-video-preview:-1\" \/>\n<link rel=\"canonical\" href=\"https:\/\/wein-werte.com\/de\/produkt\/mesquida-mora-gorgollassa-des-monjos-2019-750ml\/\" \/>\n<meta property=\"og:locale\" content=\"de_DE\" \/>\n<meta property=\"og:type\" content=\"article\" \/>\n<meta property=\"og:title\" content=\"Mesquida Mora Gorgollassa d&#039;es Monjos 2019\" \/>\n<meta property=\"og:description\" content=\"Kaufe Mesquida Mora Gorgollassa d&#039;es Monjos 2019 (Gorgollassa, trocken aus Mallorca, Spanien) bei Wein Werte, Ihrem nachhaltigen Onlineshop.\" \/>\n<meta property=\"og:url\" content=\"https:\/\/wein-werte.com\/de\/produkt\/mesquida-mora-gorgollassa-des-monjos-2019-750ml\/\" \/>\n<meta property=\"og:site_name\" content=\"Wein Werte\" \/>\n<meta property=\"og:image\" content=\"https:\/\/wein-werte.com\/wp-content\/uploads\/2026\/04\/Mesquida-Mora-Gorgollassa-des-Monjos-2019-750ml.png\" \/>\n\t<meta property=\"og:image:width\" content=\"322\" \/>\n\t<meta property=\"og:image:height\" content=\"1200\" \/>\n\t<meta property=\"og:image:type\" content=\"image\/png\" \/>\n<meta name=\"twitter:card\" content=\"summary_large_image\" \/>\n<meta name=\"twitter:label1\" content=\"Gesch\u00e4tzte Lesezeit\" \/>\n\t<meta name=\"twitter:data1\" content=\"2\u00a0Minuten\" \/>\n<script type=\"application\/ld+json\" class=\"yoast-schema-graph\">{\"@context\":\"https:\\\/\\\/schema.org\",\"@graph\":[{\"@type\":\"WebPage\",\"@id\":\"https:\\\/\\\/wein-werte.com\\\/de\\\/produkt\\\/mesquida-mora-gorgollassa-des-monjos-2019-750ml\\\/\",\"url\":\"https:\\\/\\\/wein-werte.com\\\/de\\\/produkt\\\/mesquida-mora-gorgollassa-des-monjos-2019-750ml\\\/\",\"name\":\"Mesquida Mora Gorgollassa d'es Monjos 2019\",\"isPartOf\":{\"@id\":\"https:\\\/\\\/wein-werte.com\\\/de\\\/#website\"},\"primaryImageOfPage\":{\"@id\":\"https:\\\/\\\/wein-werte.com\\\/de\\\/produkt\\\/mesquida-mora-gorgollassa-des-monjos-2019-750ml\\\/#primaryimage\"},\"image\":{\"@id\":\"https:\\\/\\\/wein-werte.com\\\/de\\\/produkt\\\/mesquida-mora-gorgollassa-des-monjos-2019-750ml\\\/#primaryimage\"},\"thumbnailUrl\":\"https:\\\/\\\/wein-werte.com\\\/wp-content\\\/uploads\\\/2026\\\/04\\\/Mesquida-Mora-Gorgollassa-des-Monjos-2019-750ml.png\",\"datePublished\":\"2026-05-08T18:04:40+00:00\",\"description\":\"Kaufe Mesquida Mora Gorgollassa d'es Monjos 2019 (Gorgollassa, trocken aus Mallorca, Spanien) bei Wein Werte, Ihrem nachhaltigen Onlineshop.\",\"breadcrumb\":{\"@id\":\"https:\\\/\\\/wein-werte.com\\\/de\\\/produkt\\\/mesquida-mora-gorgollassa-des-monjos-2019-750ml\\\/#breadcrumb\"},\"inLanguage\":\"de\",\"potentialAction\":[{\"@type\":\"ReadAction\",\"target\":[\"https:\\\/\\\/wein-werte.com\\\/de\\\/produkt\\\/mesquida-mora-gorgollassa-des-monjos-2019-750ml\\\/\"]}]},{\"@type\":\"ImageObject\",\"inLanguage\":\"de\",\"@id\":\"https:\\\/\\\/wein-werte.com\\\/de\\\/produkt\\\/mesquida-mora-gorgollassa-des-monjos-2019-750ml\\\/#primaryimage\",\"url\":\"https:\\\/\\\/wein-werte.com\\\/wp-content\\\/uploads\\\/2026\\\/04\\\/Mesquida-Mora-Gorgollassa-des-Monjos-2019-750ml.png\",\"contentUrl\":\"https:\\\/\\\/wein-werte.com\\\/wp-content\\\/uploads\\\/2026\\\/04\\\/Mesquida-Mora-Gorgollassa-des-Monjos-2019-750ml.png\",\"width\":322,\"height\":1200,\"caption\":\"Mesquida Mora Gorgollassa d'es Monjos 2019 750ml\"},{\"@type\":\"BreadcrumbList\",\"@id\":\"https:\\\/\\\/wein-werte.com\\\/de\\\/produkt\\\/mesquida-mora-gorgollassa-des-monjos-2019-750ml\\\/#breadcrumb\",\"itemListElement\":[{\"@type\":\"ListItem\",\"position\":1,\"name\":\"Home\",\"item\":\"https:\\\/\\\/wein-werte.com\\\/de\\\/\"},{\"@type\":\"ListItem\",\"position\":2,\"name\":\"Shop\",\"item\":\"https:\\\/\\\/wein-werte.com\\\/de\\\/shop\\\/\"},{\"@type\":\"ListItem\",\"position\":3,\"name\":\"Mesquida Mora | Mallorca | Gorgollassa d&#8217;es Monjos | 2019 | 750ml | bio\"}]},{\"@type\":\"WebSite\",\"@id\":\"https:\\\/\\\/wein-werte.com\\\/de\\\/#website\",\"url\":\"https:\\\/\\\/wein-werte.com\\\/de\\\/\",\"name\":\"Wein Werte\",\"description\":\"\",\"publisher\":{\"@id\":\"https:\\\/\\\/wein-werte.com\\\/de\\\/#organization\"},\"potentialAction\":[{\"@type\":\"SearchAction\",\"target\":{\"@type\":\"EntryPoint\",\"urlTemplate\":\"https:\\\/\\\/wein-werte.com\\\/de\\\/?s={search_term_string}\"},\"query-input\":{\"@type\":\"PropertyValueSpecification\",\"valueRequired\":true,\"valueName\":\"search_term_string\"}}],\"inLanguage\":\"de\"},{\"@type\":\"Organization\",\"@id\":\"https:\\\/\\\/wein-werte.com\\\/de\\\/#organization\",\"name\":\"Vins Fins Thorrold\",\"url\":\"https:\\\/\\\/wein-werte.com\\\/de\\\/\",\"logo\":{\"@type\":\"ImageObject\",\"inLanguage\":\"de\",\"@id\":\"https:\\\/\\\/wein-werte.com\\\/de\\\/#\\\/schema\\\/logo\\\/image\\\/\",\"url\":\"https:\\\/\\\/wein-werte.com\\\/wp-content\\\/uploads\\\/2023\\\/07\\\/Wein_werte_Logo700-1.png\",\"contentUrl\":\"https:\\\/\\\/wein-werte.com\\\/wp-content\\\/uploads\\\/2023\\\/07\\\/Wein_werte_Logo700-1.png\",\"width\":700,\"height\":272,\"caption\":\"Vins Fins Thorrold\"},\"image\":{\"@id\":\"https:\\\/\\\/wein-werte.com\\\/de\\\/#\\\/schema\\\/logo\\\/image\\\/\"}}]}<\/script>\n<!-- \/ Yoast SEO plugin. -->","yoast_head_json":{"title":"Mesquida Mora Gorgollassa d'es Monjos 2019","description":"Kaufe Mesquida Mora Gorgollassa d'es Monjos 2019 (Gorgollassa, trocken aus Mallorca, Spanien) bei Wein Werte, Ihrem nachhaltigen Onlineshop.","robots":{"index":"index","follow":"follow","max-snippet":"max-snippet:-1","max-image-preview":"max-image-preview:large","max-video-preview":"max-video-preview:-1"},"canonical":"https:\/\/wein-werte.com\/de\/produkt\/mesquida-mora-gorgollassa-des-monjos-2019-750ml\/","og_locale":"de_DE","og_type":"article","og_title":"Mesquida Mora Gorgollassa d'es Monjos 2019","og_description":"Kaufe Mesquida Mora Gorgollassa d'es Monjos 2019 (Gorgollassa, trocken aus Mallorca, Spanien) bei Wein Werte, Ihrem nachhaltigen Onlineshop.","og_url":"https:\/\/wein-werte.com\/de\/produkt\/mesquida-mora-gorgollassa-des-monjos-2019-750ml\/","og_site_name":"Wein Werte","og_image":[{"width":322,"height":1200,"url":"https:\/\/wein-werte.com\/wp-content\/uploads\/2026\/04\/Mesquida-Mora-Gorgollassa-des-Monjos-2019-750ml.png","type":"image\/png"}],"twitter_card":"summary_large_image","twitter_misc":{"Gesch\u00e4tzte Lesezeit":"2\u00a0Minuten"},"schema":{"@context":"https:\/\/schema.org","@graph":[{"@type":"WebPage","@id":"https:\/\/wein-werte.com\/de\/produkt\/mesquida-mora-gorgollassa-des-monjos-2019-750ml\/","url":"https:\/\/wein-werte.com\/de\/produkt\/mesquida-mora-gorgollassa-des-monjos-2019-750ml\/","name":"Mesquida Mora Gorgollassa d'es Monjos 2019","isPartOf":{"@id":"https:\/\/wein-werte.com\/de\/#website"},"primaryImageOfPage":{"@id":"https:\/\/wein-werte.com\/de\/produkt\/mesquida-mora-gorgollassa-des-monjos-2019-750ml\/#primaryimage"},"image":{"@id":"https:\/\/wein-werte.com\/de\/produkt\/mesquida-mora-gorgollassa-des-monjos-2019-750ml\/#primaryimage"},"thumbnailUrl":"https:\/\/wein-werte.com\/wp-content\/uploads\/2026\/04\/Mesquida-Mora-Gorgollassa-des-Monjos-2019-750ml.png","datePublished":"2026-05-08T18:04:40+00:00","description":"Kaufe Mesquida Mora Gorgollassa d'es Monjos 2019 (Gorgollassa, trocken aus Mallorca, Spanien) bei Wein Werte, Ihrem nachhaltigen Onlineshop.","breadcrumb":{"@id":"https:\/\/wein-werte.com\/de\/produkt\/mesquida-mora-gorgollassa-des-monjos-2019-750ml\/#breadcrumb"},"inLanguage":"de","potentialAction":[{"@type":"ReadAction","target":["https:\/\/wein-werte.com\/de\/produkt\/mesquida-mora-gorgollassa-des-monjos-2019-750ml\/"]}]},{"@type":"ImageObject","inLanguage":"de","@id":"https:\/\/wein-werte.com\/de\/produkt\/mesquida-mora-gorgollassa-des-monjos-2019-750ml\/#primaryimage","url":"https:\/\/wein-werte.com\/wp-content\/uploads\/2026\/04\/Mesquida-Mora-Gorgollassa-des-Monjos-2019-750ml.png","contentUrl":"https:\/\/wein-werte.com\/wp-content\/uploads\/2026\/04\/Mesquida-Mora-Gorgollassa-des-Monjos-2019-750ml.png","width":322,"height":1200,"caption":"Mesquida Mora Gorgollassa d'es Monjos 2019 750ml"},{"@type":"BreadcrumbList","@id":"https:\/\/wein-werte.com\/de\/produkt\/mesquida-mora-gorgollassa-des-monjos-2019-750ml\/#breadcrumb","itemListElement":[{"@type":"ListItem","position":1,"name":"Home","item":"https:\/\/wein-werte.com\/de\/"},{"@type":"ListItem","position":2,"name":"Shop","item":"https:\/\/wein-werte.com\/de\/shop\/"},{"@type":"ListItem","position":3,"name":"Mesquida Mora | Mallorca | Gorgollassa d&#8217;es Monjos | 2019 | 750ml | bio"}]},{"@type":"WebSite","@id":"https:\/\/wein-werte.com\/de\/#website","url":"https:\/\/wein-werte.com\/de\/","name":"Wein Werte","description":"","publisher":{"@id":"https:\/\/wein-werte.com\/de\/#organization"},"potentialAction":[{"@type":"SearchAction","target":{"@type":"EntryPoint","urlTemplate":"https:\/\/wein-werte.com\/de\/?s={search_term_string}"},"query-input":{"@type":"PropertyValueSpecification","valueRequired":true,"valueName":"search_term_string"}}],"inLanguage":"de"},{"@type":"Organization","@id":"https:\/\/wein-werte.com\/de\/#organization","name":"Vins Fins Thorrold","url":"https:\/\/wein-werte.com\/de\/","logo":{"@type":"ImageObject","inLanguage":"de","@id":"https:\/\/wein-werte.com\/de\/#\/schema\/logo\/image\/","url":"https:\/\/wein-werte.com\/wp-content\/uploads\/2023\/07\/Wein_werte_Logo700-1.png","contentUrl":"https:\/\/wein-werte.com\/wp-content\/uploads\/2023\/07\/Wein_werte_Logo700-1.png","width":700,"height":272,"caption":"Vins Fins Thorrold"},"image":{"@id":"https:\/\/wein-werte.com\/de\/#\/schema\/logo\/image\/"}}]}},"_links":{"self":[{"href":"https:\/\/wein-werte.com\/de\/wp-json\/wp\/v2\/product\/1133159","targetHints":{"allow":["GET"]}}],"collection":[{"href":"https:\/\/wein-werte.com\/de\/wp-json\/wp\/v2\/product"}],"about":[{"href":"https:\/\/wein-werte.com\/de\/wp-json\/wp\/v2\/types\/product"}],"wp:featuredmedia":[{"embeddable":true,"href":"https:\/\/wein-werte.com\/de\/wp-json\/wp\/v2\/media\/1143652"}],"wp:attachment":[{"href":"https:\/\/wein-werte.com\/de\/wp-json\/wp\/v2\/media?parent=1133159"}],"wp:term":[{"taxonomy":"product_brand","embeddable":true,"href":"https:\/\/wein-werte.com\/de\/wp-json\/wp\/v2\/product_brand?post=1133159"},{"taxonomy":"product_cat","embeddable":true,"href":"https:\/\/wein-werte.com\/de\/wp-json\/wp\/v2\/product_cat?post=1133159"},{"taxonomy":"product_tag","embeddable":true,"href":"https:\/\/wein-werte.com\/de\/wp-json\/wp\/v2\/product_tag?post=1133159"}],"curies":[{"name":"wp","href":"https:\/\/api.w.org\/{rel}","templated":true}]}}