{"id":1133144,"date":"2026-05-05T18:26:14","date_gmt":"2026-05-05T16:26:14","guid":{"rendered":"https:\/\/wein-werte.com\/product\/victoria-ordonez-voladeros-2022-750ml\/"},"modified":"2026-04-27T11:50:08","modified_gmt":"2026-04-27T09:50:08","slug":"victoria-ordonez-voladeros-2022-750ml","status":"publish","type":"product","link":"https:\/\/wein-werte.com\/de\/produkt\/victoria-ordonez-voladeros-2022-750ml\/","title":{"rendered":"Victoria Ord\u00f3\u00f1ez | Andalusien | Voladeros | 2022 | 750ml"},"content":{"rendered":"<p>Produktbeschreibung f\u00fcr Victoria Ord\u00f3\u00f1ez Voladeros 2022 <\/p>\n<p> Man muss schon Chuzpe besitzen, um in einem Gebiet, das einst f\u00fcr seine Weine weltber\u00fchmt war und einen beispiellosen Niedergang erlebt hat, im Jahr 2015 alte, sehr steile und arbeitsintensive Weinberge wiederzubeleben und das erste und einzige Weingut seit Jahrzehnten zu gr\u00fcnden. Victoria Ord\u00f3\u00f1ez hatte diese Chuzpe und die richtigen Leute an ihrer Seite, um in den Sierras de M\u00e1laga dieses bedeutende Projekt zu gr\u00fcnden. Eigentlich hatte die Tochter eines Weinh\u00e4ndlers einen Doktortitel in Medizin erworben. Doch irgendwann wurde sie sich des brach liegenden wein-kulturellen Erbes und der damit verbundenen offen gelassenen Weinberge bewusst und begann, sich zu engagieren. M\u00e1laga, das hie\u00df und hei\u00dft vor allem P\u00e9dro Xim\u00e9nez, fr\u00fcher meist aufgespritet und s\u00fc\u00df ausgebaut, bei ihr aber trocken und terroirbetont. Hinzu kommt die zweite wichtige Rebsorte der Region, der Moscatel de M\u00e1laga, der ebenfalls f\u00fcr Furore sorgt. <\/p>\n<h5>Informationen zum Wein<\/h5>\n<p> M\u00e1laga war einst eines der gr\u00f6\u00dften und ber\u00fchmtesten Weingebiete der Welt. Die Weine wurden von Goethe und Schiller getrunken und bei Christie\u2019s in London versteigert. Dann kam 1872 die Reblaus und vernichtete 112.000 Hektar Rebland. Danach fiel M\u00e1laga in einen langen Dornr\u00f6schenschlaf. Die Winzerin Victoria Ordo\u00f1ez, die bei der Winzerlegende Alois Kracher in die Schule ging, k\u00fcsst die Region nun wieder wach. Ihr Wei\u00dfwein \u201eVoladeros\u201c ist ein trockener PX im Stil der klassischen Bergweine M\u00e1lagas. Er stammt aus zwei alten Weinbergen mit wurzelechten Pedro Xim\u00e9nez-Reben, die die Reblausplage im 19. Jahrhundert \u00fcberlebt haben. Die Ertr\u00e4ge liegen unter 1000 kg pro Hektar, und die Weinberge befinden sich auf einer H\u00f6he von 800 bis 1000 Metern. F\u00fcr den Voladeros verwendet die Winzerin nur den Vorlaufmost. Danach reift der Wein neun Monate in 500-Liter-Eichenf\u00e4ssern auf der Feinhefe. Im Resultat entsteht einer der besten und au\u00dfergew\u00f6hnlichsten Wei\u00dfweine Spaniens. <\/p>\n<h5>Farbe<\/h5>\n<p> Hellgold <\/p>\n<h5>Nase<\/h5>\n<p> Der Voladeros 2022 bietet eine sinnliche und mitrei\u00dfende Nase mit Aromen von Quitte, wildem Fenchel, wei\u00dfen Bl\u00fcten und ein Hauch von Zitrusfrucht. Wer bei Andalusien an Hitze denkt, wird bei diesem mediterranen Bergwein \u00fcberrascht sein, wie frisch und fein bereits das Bukett ist. <\/p>\n<h5>Gaumen<\/h5>\n<p> Der Voladeros steht f\u00fcr Feinheit, Eleganz und Frische. Dieser Wei\u00dfwein ist immer auch ein ungeschminkter Ausdruck des Terroirs, der alten Reben auf kargen B\u00f6den in einem mediterranem Bergklima, sowie des Jahrgangs. In k\u00fchlen Jahren kann der Alkoholgehalt des Voladero 10,5% betragen. In warmen Jahren, wie 2022, erreicht er 13,5 % Alkohol. Je nach Jahrgang f\u00e4llt der K\u00f6rper schlanker oder voller aus. Was der Voladeros aber stets bietet: Er ist mineralisch, pr\u00e4zise und superfrisch. Der Jahrgang 2022 ist aromatisch ausdrucksstark, cremig und seidig am Gaumen, elegant und vielschichtig. Das i-T\u00fcpfelchen bildet der lange, w\u00fcrzige Abgang, dessen leichte Kr\u00e4uterherbe sehr animierend wirkt. Dies ist ein anregender und einzigartiger Wein.<\/p>\n<p>Copyright Vinaturel 2025<\/p>\n<p>Keywords: <a href=\"https:\/\/wein-werte.com\/de\/shop\/?swoof=1&#038;pa_producer=Victoria-Ord\u00f3\u00f1ez\">Victoria Ord\u00f3\u00f1ez<\/a> <a href=\"https:\/\/wein-werte.com\/de\/shop\/?swoof=1&#038;woof_text=Voladeros\">Voladeros<\/a> 2022  <a href=\"https:\/\/wein-werte.com\/de\/shop\/?swoof=1&#038;pa_region=Andalusien\">Andalusien<\/a> <a href=\"https:\/\/wein-werte.com\/de\/shop\/?swoof=1&#038;pa_country=Spanien\">Spanien<\/a><\/p>\n<p>Internetseite des Weinguts: <a href=\"https:\/\/victoriaordonez.com\/\" target=\"_blank\">https:\/\/victoriaordonez.com\/<\/a><\/p>\n","protected":false},"excerpt":{"rendered":"<p>Lieferzeit: 1 bis 2 Arbeitstage (DE), 2 bis 5 Arbeitstage (EU and CH)<\/p>\n","protected":false},"featured_media":1143640,"template":"","meta":[],"product_brand":[],"product_cat":[19],"product_tag":[],"class_list":{"0":"post-1133144","1":"product","2":"type-product","3":"status-publish","4":"has-post-thumbnail","6":"product_cat-unkategorisiert","7":"pa_alcohol-for-filter-13-5","8":"pa_certified-biodynamic-nein-de","9":"pa_certified-organic-nein-de","10":"pa_colour-weiss","11":"pa_country-spanien","12":"pa_grape-pedro-ximenez","13":"pa_price-for-filter-10599","14":"pa_producer-victoria-ordonez","15":"pa_region-andalusien","16":"pa_size-ml-6584","17":"pa_sweetness-trocken-de","18":"pa_type-2-still-de","19":"pa_vintage-2022-de","20":"entry","21":"has-media","23":"first","24":"instock","25":"taxable","26":"shipping-taxable","27":"purchasable","28":"product-type-simple"},"yoast_head":"<!-- This site is optimized with the Yoast SEO plugin v27.5 - https:\/\/yoast.com\/product\/yoast-seo-wordpress\/ -->\n<title>Victoria Ord\u00f3\u00f1ez Voladeros 2022<\/title>\n<meta name=\"description\" content=\"Kaufe Victoria Ord\u00f3\u00f1ez Voladeros 2022 (Pedro Xim\u00e9nez, trocken aus Andalusien, Spanien) bei Wein Werte, Ihrem nachhaltigen Onlineshop.\" \/>\n<meta name=\"robots\" content=\"index, follow, max-snippet:-1, max-image-preview:large, max-video-preview:-1\" \/>\n<link rel=\"canonical\" href=\"https:\/\/wein-werte.com\/de\/produkt\/victoria-ordonez-voladeros-2022-750ml\/\" \/>\n<meta property=\"og:locale\" content=\"de_DE\" \/>\n<meta property=\"og:type\" content=\"article\" \/>\n<meta property=\"og:title\" content=\"Victoria Ord\u00f3\u00f1ez Voladeros 2022\" \/>\n<meta property=\"og:description\" content=\"Kaufe Victoria Ord\u00f3\u00f1ez Voladeros 2022 (Pedro Xim\u00e9nez, trocken aus Andalusien, Spanien) bei Wein Werte, Ihrem nachhaltigen Onlineshop.\" \/>\n<meta property=\"og:url\" content=\"https:\/\/wein-werte.com\/de\/produkt\/victoria-ordonez-voladeros-2022-750ml\/\" \/>\n<meta property=\"og:site_name\" content=\"Wein Werte\" \/>\n<meta property=\"og:image\" content=\"https:\/\/wein-werte.com\/wp-content\/uploads\/2026\/04\/Victoria-Ordonez-Voladeros-2022-750ml.png\" \/>\n\t<meta property=\"og:image:width\" content=\"332\" \/>\n\t<meta property=\"og:image:height\" content=\"1200\" \/>\n\t<meta property=\"og:image:type\" content=\"image\/png\" \/>\n<meta name=\"twitter:card\" content=\"summary_large_image\" \/>\n<meta name=\"twitter:label1\" content=\"Gesch\u00e4tzte Lesezeit\" \/>\n\t<meta name=\"twitter:data1\" content=\"2\u00a0Minuten\" \/>\n<script type=\"application\/ld+json\" class=\"yoast-schema-graph\">{\"@context\":\"https:\\\/\\\/schema.org\",\"@graph\":[{\"@type\":\"WebPage\",\"@id\":\"https:\\\/\\\/wein-werte.com\\\/de\\\/produkt\\\/victoria-ordonez-voladeros-2022-750ml\\\/\",\"url\":\"https:\\\/\\\/wein-werte.com\\\/de\\\/produkt\\\/victoria-ordonez-voladeros-2022-750ml\\\/\",\"name\":\"Victoria Ord\u00f3\u00f1ez Voladeros 2022\",\"isPartOf\":{\"@id\":\"https:\\\/\\\/wein-werte.com\\\/de\\\/#website\"},\"primaryImageOfPage\":{\"@id\":\"https:\\\/\\\/wein-werte.com\\\/de\\\/produkt\\\/victoria-ordonez-voladeros-2022-750ml\\\/#primaryimage\"},\"image\":{\"@id\":\"https:\\\/\\\/wein-werte.com\\\/de\\\/produkt\\\/victoria-ordonez-voladeros-2022-750ml\\\/#primaryimage\"},\"thumbnailUrl\":\"https:\\\/\\\/wein-werte.com\\\/wp-content\\\/uploads\\\/2026\\\/04\\\/Victoria-Ordonez-Voladeros-2022-750ml.png\",\"datePublished\":\"2026-05-05T16:26:14+00:00\",\"description\":\"Kaufe Victoria Ord\u00f3\u00f1ez Voladeros 2022 (Pedro Xim\u00e9nez, trocken aus Andalusien, Spanien) bei Wein Werte, Ihrem nachhaltigen Onlineshop.\",\"breadcrumb\":{\"@id\":\"https:\\\/\\\/wein-werte.com\\\/de\\\/produkt\\\/victoria-ordonez-voladeros-2022-750ml\\\/#breadcrumb\"},\"inLanguage\":\"de\",\"potentialAction\":[{\"@type\":\"ReadAction\",\"target\":[\"https:\\\/\\\/wein-werte.com\\\/de\\\/produkt\\\/victoria-ordonez-voladeros-2022-750ml\\\/\"]}]},{\"@type\":\"ImageObject\",\"inLanguage\":\"de\",\"@id\":\"https:\\\/\\\/wein-werte.com\\\/de\\\/produkt\\\/victoria-ordonez-voladeros-2022-750ml\\\/#primaryimage\",\"url\":\"https:\\\/\\\/wein-werte.com\\\/wp-content\\\/uploads\\\/2026\\\/04\\\/Victoria-Ordonez-Voladeros-2022-750ml.png\",\"contentUrl\":\"https:\\\/\\\/wein-werte.com\\\/wp-content\\\/uploads\\\/2026\\\/04\\\/Victoria-Ordonez-Voladeros-2022-750ml.png\",\"width\":332,\"height\":1200,\"caption\":\"Victoria Ord\u00f3\u00f1ez Voladeros 2022 750ml\"},{\"@type\":\"BreadcrumbList\",\"@id\":\"https:\\\/\\\/wein-werte.com\\\/de\\\/produkt\\\/victoria-ordonez-voladeros-2022-750ml\\\/#breadcrumb\",\"itemListElement\":[{\"@type\":\"ListItem\",\"position\":1,\"name\":\"Home\",\"item\":\"https:\\\/\\\/wein-werte.com\\\/de\\\/\"},{\"@type\":\"ListItem\",\"position\":2,\"name\":\"Shop\",\"item\":\"https:\\\/\\\/wein-werte.com\\\/de\\\/shop\\\/\"},{\"@type\":\"ListItem\",\"position\":3,\"name\":\"Victoria Ord\u00f3\u00f1ez | Andalusien | Voladeros | 2022 | 750ml\"}]},{\"@type\":\"WebSite\",\"@id\":\"https:\\\/\\\/wein-werte.com\\\/de\\\/#website\",\"url\":\"https:\\\/\\\/wein-werte.com\\\/de\\\/\",\"name\":\"Wein Werte\",\"description\":\"\",\"publisher\":{\"@id\":\"https:\\\/\\\/wein-werte.com\\\/de\\\/#organization\"},\"potentialAction\":[{\"@type\":\"SearchAction\",\"target\":{\"@type\":\"EntryPoint\",\"urlTemplate\":\"https:\\\/\\\/wein-werte.com\\\/de\\\/?s={search_term_string}\"},\"query-input\":{\"@type\":\"PropertyValueSpecification\",\"valueRequired\":true,\"valueName\":\"search_term_string\"}}],\"inLanguage\":\"de\"},{\"@type\":\"Organization\",\"@id\":\"https:\\\/\\\/wein-werte.com\\\/de\\\/#organization\",\"name\":\"Vins Fins Thorrold\",\"url\":\"https:\\\/\\\/wein-werte.com\\\/de\\\/\",\"logo\":{\"@type\":\"ImageObject\",\"inLanguage\":\"de\",\"@id\":\"https:\\\/\\\/wein-werte.com\\\/de\\\/#\\\/schema\\\/logo\\\/image\\\/\",\"url\":\"https:\\\/\\\/wein-werte.com\\\/wp-content\\\/uploads\\\/2023\\\/07\\\/Wein_werte_Logo700-1.png\",\"contentUrl\":\"https:\\\/\\\/wein-werte.com\\\/wp-content\\\/uploads\\\/2023\\\/07\\\/Wein_werte_Logo700-1.png\",\"width\":700,\"height\":272,\"caption\":\"Vins Fins Thorrold\"},\"image\":{\"@id\":\"https:\\\/\\\/wein-werte.com\\\/de\\\/#\\\/schema\\\/logo\\\/image\\\/\"}}]}<\/script>\n<!-- \/ Yoast SEO plugin. -->","yoast_head_json":{"title":"Victoria Ord\u00f3\u00f1ez Voladeros 2022","description":"Kaufe Victoria Ord\u00f3\u00f1ez Voladeros 2022 (Pedro Xim\u00e9nez, trocken aus Andalusien, Spanien) bei Wein Werte, Ihrem nachhaltigen Onlineshop.","robots":{"index":"index","follow":"follow","max-snippet":"max-snippet:-1","max-image-preview":"max-image-preview:large","max-video-preview":"max-video-preview:-1"},"canonical":"https:\/\/wein-werte.com\/de\/produkt\/victoria-ordonez-voladeros-2022-750ml\/","og_locale":"de_DE","og_type":"article","og_title":"Victoria Ord\u00f3\u00f1ez Voladeros 2022","og_description":"Kaufe Victoria Ord\u00f3\u00f1ez Voladeros 2022 (Pedro Xim\u00e9nez, trocken aus Andalusien, Spanien) bei Wein Werte, Ihrem nachhaltigen Onlineshop.","og_url":"https:\/\/wein-werte.com\/de\/produkt\/victoria-ordonez-voladeros-2022-750ml\/","og_site_name":"Wein Werte","og_image":[{"width":332,"height":1200,"url":"https:\/\/wein-werte.com\/wp-content\/uploads\/2026\/04\/Victoria-Ordonez-Voladeros-2022-750ml.png","type":"image\/png"}],"twitter_card":"summary_large_image","twitter_misc":{"Gesch\u00e4tzte Lesezeit":"2\u00a0Minuten"},"schema":{"@context":"https:\/\/schema.org","@graph":[{"@type":"WebPage","@id":"https:\/\/wein-werte.com\/de\/produkt\/victoria-ordonez-voladeros-2022-750ml\/","url":"https:\/\/wein-werte.com\/de\/produkt\/victoria-ordonez-voladeros-2022-750ml\/","name":"Victoria Ord\u00f3\u00f1ez Voladeros 2022","isPartOf":{"@id":"https:\/\/wein-werte.com\/de\/#website"},"primaryImageOfPage":{"@id":"https:\/\/wein-werte.com\/de\/produkt\/victoria-ordonez-voladeros-2022-750ml\/#primaryimage"},"image":{"@id":"https:\/\/wein-werte.com\/de\/produkt\/victoria-ordonez-voladeros-2022-750ml\/#primaryimage"},"thumbnailUrl":"https:\/\/wein-werte.com\/wp-content\/uploads\/2026\/04\/Victoria-Ordonez-Voladeros-2022-750ml.png","datePublished":"2026-05-05T16:26:14+00:00","description":"Kaufe Victoria Ord\u00f3\u00f1ez Voladeros 2022 (Pedro Xim\u00e9nez, trocken aus Andalusien, Spanien) bei Wein Werte, Ihrem nachhaltigen Onlineshop.","breadcrumb":{"@id":"https:\/\/wein-werte.com\/de\/produkt\/victoria-ordonez-voladeros-2022-750ml\/#breadcrumb"},"inLanguage":"de","potentialAction":[{"@type":"ReadAction","target":["https:\/\/wein-werte.com\/de\/produkt\/victoria-ordonez-voladeros-2022-750ml\/"]}]},{"@type":"ImageObject","inLanguage":"de","@id":"https:\/\/wein-werte.com\/de\/produkt\/victoria-ordonez-voladeros-2022-750ml\/#primaryimage","url":"https:\/\/wein-werte.com\/wp-content\/uploads\/2026\/04\/Victoria-Ordonez-Voladeros-2022-750ml.png","contentUrl":"https:\/\/wein-werte.com\/wp-content\/uploads\/2026\/04\/Victoria-Ordonez-Voladeros-2022-750ml.png","width":332,"height":1200,"caption":"Victoria Ord\u00f3\u00f1ez Voladeros 2022 750ml"},{"@type":"BreadcrumbList","@id":"https:\/\/wein-werte.com\/de\/produkt\/victoria-ordonez-voladeros-2022-750ml\/#breadcrumb","itemListElement":[{"@type":"ListItem","position":1,"name":"Home","item":"https:\/\/wein-werte.com\/de\/"},{"@type":"ListItem","position":2,"name":"Shop","item":"https:\/\/wein-werte.com\/de\/shop\/"},{"@type":"ListItem","position":3,"name":"Victoria Ord\u00f3\u00f1ez | Andalusien | Voladeros | 2022 | 750ml"}]},{"@type":"WebSite","@id":"https:\/\/wein-werte.com\/de\/#website","url":"https:\/\/wein-werte.com\/de\/","name":"Wein Werte","description":"","publisher":{"@id":"https:\/\/wein-werte.com\/de\/#organization"},"potentialAction":[{"@type":"SearchAction","target":{"@type":"EntryPoint","urlTemplate":"https:\/\/wein-werte.com\/de\/?s={search_term_string}"},"query-input":{"@type":"PropertyValueSpecification","valueRequired":true,"valueName":"search_term_string"}}],"inLanguage":"de"},{"@type":"Organization","@id":"https:\/\/wein-werte.com\/de\/#organization","name":"Vins Fins Thorrold","url":"https:\/\/wein-werte.com\/de\/","logo":{"@type":"ImageObject","inLanguage":"de","@id":"https:\/\/wein-werte.com\/de\/#\/schema\/logo\/image\/","url":"https:\/\/wein-werte.com\/wp-content\/uploads\/2023\/07\/Wein_werte_Logo700-1.png","contentUrl":"https:\/\/wein-werte.com\/wp-content\/uploads\/2023\/07\/Wein_werte_Logo700-1.png","width":700,"height":272,"caption":"Vins Fins Thorrold"},"image":{"@id":"https:\/\/wein-werte.com\/de\/#\/schema\/logo\/image\/"}}]}},"_links":{"self":[{"href":"https:\/\/wein-werte.com\/de\/wp-json\/wp\/v2\/product\/1133144","targetHints":{"allow":["GET"]}}],"collection":[{"href":"https:\/\/wein-werte.com\/de\/wp-json\/wp\/v2\/product"}],"about":[{"href":"https:\/\/wein-werte.com\/de\/wp-json\/wp\/v2\/types\/product"}],"wp:featuredmedia":[{"embeddable":true,"href":"https:\/\/wein-werte.com\/de\/wp-json\/wp\/v2\/media\/1143640"}],"wp:attachment":[{"href":"https:\/\/wein-werte.com\/de\/wp-json\/wp\/v2\/media?parent=1133144"}],"wp:term":[{"taxonomy":"product_brand","embeddable":true,"href":"https:\/\/wein-werte.com\/de\/wp-json\/wp\/v2\/product_brand?post=1133144"},{"taxonomy":"product_cat","embeddable":true,"href":"https:\/\/wein-werte.com\/de\/wp-json\/wp\/v2\/product_cat?post=1133144"},{"taxonomy":"product_tag","embeddable":true,"href":"https:\/\/wein-werte.com\/de\/wp-json\/wp\/v2\/product_tag?post=1133144"}],"curies":[{"name":"wp","href":"https:\/\/api.w.org\/{rel}","templated":true}]}}