{"id":1133136,"date":"2026-05-05T18:26:14","date_gmt":"2026-05-05T16:26:14","guid":{"rendered":"https:\/\/wein-werte.com\/product\/victoria-ordonez-zetian-vino-de-la-tierra-de-castilla-2020-750ml\/"},"modified":"2026-04-27T11:50:06","modified_gmt":"2026-04-27T09:50:06","slug":"victoria-ordonez-zetian-vino-de-la-tierra-de-castilla-2020-750ml","status":"publish","type":"product","link":"https:\/\/wein-werte.com\/de\/produkt\/victoria-ordonez-zetian-vino-de-la-tierra-de-castilla-2020-750ml\/","title":{"rendered":"Victoria Ord\u00f3\u00f1ez | Andalusien | Zetian, Vino de la Tierra de Castilla | 2020 | 750ml | bio"},"content":{"rendered":"<p>Produktbeschreibung f\u00fcr Victoria Ord\u00f3\u00f1ez Zetian, Vino de la Tierra de Castilla 2020 (bio)<\/p>\n<p> Sebastian Bordth\u00e4user:  Der 2020 Zetian Tempranillo Old Vines von Victoria Ord\u00f3\u00f1ez pendelt zwischen Punk und Pop. Auch im Antrunk hat er seine w\u00fcrzige Seite, die ihm die gewisse Schippe Historie verleihen, die von ma\u00dfgeschneiderten, zeitgen\u00f6ssischen Beats begleitet wird. Frucht meets W\u00fcrze mit jugendlich polierten Gerbstoffen und frischem S\u00e4urespiel. Gut gek\u00fchlt sorgt er f\u00fcr mediterrane Spanien Vibes am heimischen Grill. Zetian ist die erste Marke, die Victoria Ord\u00f3\u00f1ez sich noch vor ihren Steillagen Projekten hat sichern lassen. Es ist der name der ersten chinesischen Kaiserin, einst ein Konkubine des verstorbenen Kaisers. Weibliche Herrscher waren damals nicht vorgesehen, dennoch wurde sie inthronisiert und war sehr beliebt beim Volk. Der Wein stammt von alten Reben der Montes de Toldeo und wurde urspr\u00fcnglich nur f\u00fcr den amerikanischen Markt produziert. Der 2020 Zetian ist mit diesem Jahrgang erstmals auf dem europ\u00e4ischen Markt erh\u00e4ltlich. <\/p>\n<h5>Farbe<\/h5>\n<p> Dunkles Rubinrot mit schwarzem Kern und violetten Reflexen. <\/p>\n<h5>Nase<\/h5>\n<p> Der Zetian aus uralten Tempranillo St\u00f6cken aus Tierra de Castilla macht keinerlei Konzessionen an den modernen Weingeschmack. Vielmehr erinnert seine Nase an Tempranillo alten Stils, den man heute immer seltener findet. Statt Schoko-Kirsch gibt\u2019s ein bisschen Stall zum Auftakt, es folgen indisches Vadouvan und frisch gegerbtes Leder. Erst dann zeigt sich die klare Kirschfrucht, die durch Maulbeeren eine abgr\u00fcndige Tiefe bekommt. <\/p>\n<h5>Mund<\/h5>\n<p> Der 2020 Zetian Tempranillo Old Vines von Victoria Ord\u00f3\u00f1ez pendelt zwischen Punk und Pop. Auch im Antrunk hat er seine w\u00fcrzige Seite, die ihm die gewisse Schippe Historie verleihen, die von ma\u00dfgeschneiderten, zeitgen\u00f6ssischen Beats begleitet wird. Frucht meets W\u00fcrze mit jugendlich polierten Gerbstoffen und frischem S\u00e4urespiel. Gut gek\u00fchlt sorgt er f\u00fcr mediterrane Spanien Vibes am heimischen Grill.<\/p>\n<p>Copyright Vinaturel 2025<\/p>\n<p>Keywords: <a href=\"https:\/\/wein-werte.com\/de\/shop\/?swoof=1&#038;pa_producer=Victoria-Ord\u00f3\u00f1ez\">Victoria Ord\u00f3\u00f1ez<\/a> <a href=\"https:\/\/wein-werte.com\/de\/shop\/?swoof=1&#038;woof_text=Zetian, Vino de la Tierra de Castilla\">Zetian, Vino de la Tierra de Castilla<\/a> 2020 bio <a href=\"https:\/\/wein-werte.com\/de\/shop\/?swoof=1&#038;pa_region=Andalusien\">Andalusien<\/a> <a href=\"https:\/\/wein-werte.com\/de\/shop\/?swoof=1&#038;pa_country=Spanien\">Spanien<\/a><\/p>\n<p>Internetseite des Weinguts: <a href=\"https:\/\/victoriaordonez.com\/\" target=\"_blank\">https:\/\/victoriaordonez.com\/<\/a><\/p>\n","protected":false},"excerpt":{"rendered":"<p>Lieferzeit: 1 bis 2 Arbeitstage (DE), 2 bis 5 Arbeitstage (EU and CH)<\/p>\n","protected":false},"featured_media":1143634,"template":"","meta":[],"product_brand":[],"product_cat":[19],"product_tag":[],"class_list":{"0":"post-1133136","1":"product","2":"type-product","3":"status-publish","4":"has-post-thumbnail","6":"product_cat-unkategorisiert","7":"pa_alcohol-for-filter-12897","8":"pa_certified-biodynamic-nein-de","9":"pa_certified-organic-ja-de","10":"pa_colour-rot","11":"pa_country-spanien","12":"pa_grape-tempranillo","13":"pa_price-for-filter-10587","14":"pa_producer-victoria-ordonez","15":"pa_region-andalusien","16":"pa_size-ml-6584","17":"pa_sweetness-trocken-de","18":"pa_type-2-still-de","19":"pa_vintage-2020-de","20":"entry","21":"has-media","23":"first","24":"instock","25":"taxable","26":"shipping-taxable","27":"purchasable","28":"product-type-simple"},"yoast_head":"<!-- This site is optimized with the Yoast SEO plugin v27.5 - https:\/\/yoast.com\/product\/yoast-seo-wordpress\/ -->\n<title>Victoria Ord\u00f3\u00f1ez Zetian Vino de la Tierra de Castilla 2020<\/title>\n<meta name=\"description\" content=\"Kaufe Victoria Ord\u00f3\u00f1ez Zetian Vino de la Tierra de Castilla 2020 (Tempranillo, trocken aus Andalusien, Spanien) bei Wein Werte, Ihrem nachhaltigen Onlineshop.\" \/>\n<meta name=\"robots\" content=\"index, follow, max-snippet:-1, max-image-preview:large, max-video-preview:-1\" \/>\n<link rel=\"canonical\" href=\"https:\/\/wein-werte.com\/de\/produkt\/victoria-ordonez-zetian-vino-de-la-tierra-de-castilla-2020-750ml\/\" \/>\n<meta property=\"og:locale\" content=\"de_DE\" \/>\n<meta property=\"og:type\" content=\"article\" \/>\n<meta property=\"og:title\" content=\"Victoria Ord\u00f3\u00f1ez Zetian Vino de la Tierra de Castilla 2020\" \/>\n<meta property=\"og:description\" content=\"Kaufe Victoria Ord\u00f3\u00f1ez Zetian Vino de la Tierra de Castilla 2020 (Tempranillo, trocken aus Andalusien, Spanien) bei Wein Werte, Ihrem nachhaltigen Onlineshop.\" \/>\n<meta property=\"og:url\" content=\"https:\/\/wein-werte.com\/de\/produkt\/victoria-ordonez-zetian-vino-de-la-tierra-de-castilla-2020-750ml\/\" \/>\n<meta property=\"og:site_name\" content=\"Wein Werte\" \/>\n<meta property=\"og:image\" content=\"https:\/\/wein-werte.com\/wp-content\/uploads\/2026\/04\/Victoria-Ordonez-Zetian-Vino-de-la-Tierra-de-Castilla-2020-750ml.png\" \/>\n\t<meta property=\"og:image:width\" content=\"316\" \/>\n\t<meta property=\"og:image:height\" content=\"1200\" \/>\n\t<meta property=\"og:image:type\" content=\"image\/png\" \/>\n<meta name=\"twitter:card\" content=\"summary_large_image\" \/>\n<meta name=\"twitter:label1\" content=\"Gesch\u00e4tzte Lesezeit\" \/>\n\t<meta name=\"twitter:data1\" content=\"2\u00a0Minuten\" \/>\n<script type=\"application\/ld+json\" class=\"yoast-schema-graph\">{\"@context\":\"https:\\\/\\\/schema.org\",\"@graph\":[{\"@type\":\"WebPage\",\"@id\":\"https:\\\/\\\/wein-werte.com\\\/de\\\/produkt\\\/victoria-ordonez-zetian-vino-de-la-tierra-de-castilla-2020-750ml\\\/\",\"url\":\"https:\\\/\\\/wein-werte.com\\\/de\\\/produkt\\\/victoria-ordonez-zetian-vino-de-la-tierra-de-castilla-2020-750ml\\\/\",\"name\":\"Victoria Ord\u00f3\u00f1ez Zetian Vino de la Tierra de Castilla 2020\",\"isPartOf\":{\"@id\":\"https:\\\/\\\/wein-werte.com\\\/de\\\/#website\"},\"primaryImageOfPage\":{\"@id\":\"https:\\\/\\\/wein-werte.com\\\/de\\\/produkt\\\/victoria-ordonez-zetian-vino-de-la-tierra-de-castilla-2020-750ml\\\/#primaryimage\"},\"image\":{\"@id\":\"https:\\\/\\\/wein-werte.com\\\/de\\\/produkt\\\/victoria-ordonez-zetian-vino-de-la-tierra-de-castilla-2020-750ml\\\/#primaryimage\"},\"thumbnailUrl\":\"https:\\\/\\\/wein-werte.com\\\/wp-content\\\/uploads\\\/2026\\\/04\\\/Victoria-Ordonez-Zetian-Vino-de-la-Tierra-de-Castilla-2020-750ml.png\",\"datePublished\":\"2026-05-05T16:26:14+00:00\",\"description\":\"Kaufe Victoria Ord\u00f3\u00f1ez Zetian Vino de la Tierra de Castilla 2020 (Tempranillo, trocken aus Andalusien, Spanien) bei Wein Werte, Ihrem nachhaltigen Onlineshop.\",\"breadcrumb\":{\"@id\":\"https:\\\/\\\/wein-werte.com\\\/de\\\/produkt\\\/victoria-ordonez-zetian-vino-de-la-tierra-de-castilla-2020-750ml\\\/#breadcrumb\"},\"inLanguage\":\"de\",\"potentialAction\":[{\"@type\":\"ReadAction\",\"target\":[\"https:\\\/\\\/wein-werte.com\\\/de\\\/produkt\\\/victoria-ordonez-zetian-vino-de-la-tierra-de-castilla-2020-750ml\\\/\"]}]},{\"@type\":\"ImageObject\",\"inLanguage\":\"de\",\"@id\":\"https:\\\/\\\/wein-werte.com\\\/de\\\/produkt\\\/victoria-ordonez-zetian-vino-de-la-tierra-de-castilla-2020-750ml\\\/#primaryimage\",\"url\":\"https:\\\/\\\/wein-werte.com\\\/wp-content\\\/uploads\\\/2026\\\/04\\\/Victoria-Ordonez-Zetian-Vino-de-la-Tierra-de-Castilla-2020-750ml.png\",\"contentUrl\":\"https:\\\/\\\/wein-werte.com\\\/wp-content\\\/uploads\\\/2026\\\/04\\\/Victoria-Ordonez-Zetian-Vino-de-la-Tierra-de-Castilla-2020-750ml.png\",\"width\":316,\"height\":1200,\"caption\":\"Victoria Ord\u00f3\u00f1ez Zetian, Vino de la Tierra de Castilla 2020 750ml\"},{\"@type\":\"BreadcrumbList\",\"@id\":\"https:\\\/\\\/wein-werte.com\\\/de\\\/produkt\\\/victoria-ordonez-zetian-vino-de-la-tierra-de-castilla-2020-750ml\\\/#breadcrumb\",\"itemListElement\":[{\"@type\":\"ListItem\",\"position\":1,\"name\":\"Home\",\"item\":\"https:\\\/\\\/wein-werte.com\\\/de\\\/\"},{\"@type\":\"ListItem\",\"position\":2,\"name\":\"Shop\",\"item\":\"https:\\\/\\\/wein-werte.com\\\/de\\\/shop\\\/\"},{\"@type\":\"ListItem\",\"position\":3,\"name\":\"Victoria Ord\u00f3\u00f1ez | Andalusien | Zetian, Vino de la Tierra de Castilla | 2020 | 750ml | bio\"}]},{\"@type\":\"WebSite\",\"@id\":\"https:\\\/\\\/wein-werte.com\\\/de\\\/#website\",\"url\":\"https:\\\/\\\/wein-werte.com\\\/de\\\/\",\"name\":\"Wein Werte\",\"description\":\"\",\"publisher\":{\"@id\":\"https:\\\/\\\/wein-werte.com\\\/de\\\/#organization\"},\"potentialAction\":[{\"@type\":\"SearchAction\",\"target\":{\"@type\":\"EntryPoint\",\"urlTemplate\":\"https:\\\/\\\/wein-werte.com\\\/de\\\/?s={search_term_string}\"},\"query-input\":{\"@type\":\"PropertyValueSpecification\",\"valueRequired\":true,\"valueName\":\"search_term_string\"}}],\"inLanguage\":\"de\"},{\"@type\":\"Organization\",\"@id\":\"https:\\\/\\\/wein-werte.com\\\/de\\\/#organization\",\"name\":\"Vins Fins Thorrold\",\"url\":\"https:\\\/\\\/wein-werte.com\\\/de\\\/\",\"logo\":{\"@type\":\"ImageObject\",\"inLanguage\":\"de\",\"@id\":\"https:\\\/\\\/wein-werte.com\\\/de\\\/#\\\/schema\\\/logo\\\/image\\\/\",\"url\":\"https:\\\/\\\/wein-werte.com\\\/wp-content\\\/uploads\\\/2023\\\/07\\\/Wein_werte_Logo700-1.png\",\"contentUrl\":\"https:\\\/\\\/wein-werte.com\\\/wp-content\\\/uploads\\\/2023\\\/07\\\/Wein_werte_Logo700-1.png\",\"width\":700,\"height\":272,\"caption\":\"Vins Fins Thorrold\"},\"image\":{\"@id\":\"https:\\\/\\\/wein-werte.com\\\/de\\\/#\\\/schema\\\/logo\\\/image\\\/\"}}]}<\/script>\n<!-- \/ Yoast SEO plugin. -->","yoast_head_json":{"title":"Victoria Ord\u00f3\u00f1ez Zetian Vino de la Tierra de Castilla 2020","description":"Kaufe Victoria Ord\u00f3\u00f1ez Zetian Vino de la Tierra de Castilla 2020 (Tempranillo, trocken aus Andalusien, Spanien) bei Wein Werte, Ihrem nachhaltigen Onlineshop.","robots":{"index":"index","follow":"follow","max-snippet":"max-snippet:-1","max-image-preview":"max-image-preview:large","max-video-preview":"max-video-preview:-1"},"canonical":"https:\/\/wein-werte.com\/de\/produkt\/victoria-ordonez-zetian-vino-de-la-tierra-de-castilla-2020-750ml\/","og_locale":"de_DE","og_type":"article","og_title":"Victoria Ord\u00f3\u00f1ez Zetian Vino de la Tierra de Castilla 2020","og_description":"Kaufe Victoria Ord\u00f3\u00f1ez Zetian Vino de la Tierra de Castilla 2020 (Tempranillo, trocken aus Andalusien, Spanien) bei Wein Werte, Ihrem nachhaltigen Onlineshop.","og_url":"https:\/\/wein-werte.com\/de\/produkt\/victoria-ordonez-zetian-vino-de-la-tierra-de-castilla-2020-750ml\/","og_site_name":"Wein Werte","og_image":[{"width":316,"height":1200,"url":"https:\/\/wein-werte.com\/wp-content\/uploads\/2026\/04\/Victoria-Ordonez-Zetian-Vino-de-la-Tierra-de-Castilla-2020-750ml.png","type":"image\/png"}],"twitter_card":"summary_large_image","twitter_misc":{"Gesch\u00e4tzte Lesezeit":"2\u00a0Minuten"},"schema":{"@context":"https:\/\/schema.org","@graph":[{"@type":"WebPage","@id":"https:\/\/wein-werte.com\/de\/produkt\/victoria-ordonez-zetian-vino-de-la-tierra-de-castilla-2020-750ml\/","url":"https:\/\/wein-werte.com\/de\/produkt\/victoria-ordonez-zetian-vino-de-la-tierra-de-castilla-2020-750ml\/","name":"Victoria Ord\u00f3\u00f1ez Zetian Vino de la Tierra de Castilla 2020","isPartOf":{"@id":"https:\/\/wein-werte.com\/de\/#website"},"primaryImageOfPage":{"@id":"https:\/\/wein-werte.com\/de\/produkt\/victoria-ordonez-zetian-vino-de-la-tierra-de-castilla-2020-750ml\/#primaryimage"},"image":{"@id":"https:\/\/wein-werte.com\/de\/produkt\/victoria-ordonez-zetian-vino-de-la-tierra-de-castilla-2020-750ml\/#primaryimage"},"thumbnailUrl":"https:\/\/wein-werte.com\/wp-content\/uploads\/2026\/04\/Victoria-Ordonez-Zetian-Vino-de-la-Tierra-de-Castilla-2020-750ml.png","datePublished":"2026-05-05T16:26:14+00:00","description":"Kaufe Victoria Ord\u00f3\u00f1ez Zetian Vino de la Tierra de Castilla 2020 (Tempranillo, trocken aus Andalusien, Spanien) bei Wein Werte, Ihrem nachhaltigen Onlineshop.","breadcrumb":{"@id":"https:\/\/wein-werte.com\/de\/produkt\/victoria-ordonez-zetian-vino-de-la-tierra-de-castilla-2020-750ml\/#breadcrumb"},"inLanguage":"de","potentialAction":[{"@type":"ReadAction","target":["https:\/\/wein-werte.com\/de\/produkt\/victoria-ordonez-zetian-vino-de-la-tierra-de-castilla-2020-750ml\/"]}]},{"@type":"ImageObject","inLanguage":"de","@id":"https:\/\/wein-werte.com\/de\/produkt\/victoria-ordonez-zetian-vino-de-la-tierra-de-castilla-2020-750ml\/#primaryimage","url":"https:\/\/wein-werte.com\/wp-content\/uploads\/2026\/04\/Victoria-Ordonez-Zetian-Vino-de-la-Tierra-de-Castilla-2020-750ml.png","contentUrl":"https:\/\/wein-werte.com\/wp-content\/uploads\/2026\/04\/Victoria-Ordonez-Zetian-Vino-de-la-Tierra-de-Castilla-2020-750ml.png","width":316,"height":1200,"caption":"Victoria Ord\u00f3\u00f1ez Zetian, Vino de la Tierra de Castilla 2020 750ml"},{"@type":"BreadcrumbList","@id":"https:\/\/wein-werte.com\/de\/produkt\/victoria-ordonez-zetian-vino-de-la-tierra-de-castilla-2020-750ml\/#breadcrumb","itemListElement":[{"@type":"ListItem","position":1,"name":"Home","item":"https:\/\/wein-werte.com\/de\/"},{"@type":"ListItem","position":2,"name":"Shop","item":"https:\/\/wein-werte.com\/de\/shop\/"},{"@type":"ListItem","position":3,"name":"Victoria Ord\u00f3\u00f1ez | Andalusien | Zetian, Vino de la Tierra de Castilla | 2020 | 750ml | bio"}]},{"@type":"WebSite","@id":"https:\/\/wein-werte.com\/de\/#website","url":"https:\/\/wein-werte.com\/de\/","name":"Wein Werte","description":"","publisher":{"@id":"https:\/\/wein-werte.com\/de\/#organization"},"potentialAction":[{"@type":"SearchAction","target":{"@type":"EntryPoint","urlTemplate":"https:\/\/wein-werte.com\/de\/?s={search_term_string}"},"query-input":{"@type":"PropertyValueSpecification","valueRequired":true,"valueName":"search_term_string"}}],"inLanguage":"de"},{"@type":"Organization","@id":"https:\/\/wein-werte.com\/de\/#organization","name":"Vins Fins Thorrold","url":"https:\/\/wein-werte.com\/de\/","logo":{"@type":"ImageObject","inLanguage":"de","@id":"https:\/\/wein-werte.com\/de\/#\/schema\/logo\/image\/","url":"https:\/\/wein-werte.com\/wp-content\/uploads\/2023\/07\/Wein_werte_Logo700-1.png","contentUrl":"https:\/\/wein-werte.com\/wp-content\/uploads\/2023\/07\/Wein_werte_Logo700-1.png","width":700,"height":272,"caption":"Vins Fins Thorrold"},"image":{"@id":"https:\/\/wein-werte.com\/de\/#\/schema\/logo\/image\/"}}]}},"_links":{"self":[{"href":"https:\/\/wein-werte.com\/de\/wp-json\/wp\/v2\/product\/1133136","targetHints":{"allow":["GET"]}}],"collection":[{"href":"https:\/\/wein-werte.com\/de\/wp-json\/wp\/v2\/product"}],"about":[{"href":"https:\/\/wein-werte.com\/de\/wp-json\/wp\/v2\/types\/product"}],"wp:featuredmedia":[{"embeddable":true,"href":"https:\/\/wein-werte.com\/de\/wp-json\/wp\/v2\/media\/1143634"}],"wp:attachment":[{"href":"https:\/\/wein-werte.com\/de\/wp-json\/wp\/v2\/media?parent=1133136"}],"wp:term":[{"taxonomy":"product_brand","embeddable":true,"href":"https:\/\/wein-werte.com\/de\/wp-json\/wp\/v2\/product_brand?post=1133136"},{"taxonomy":"product_cat","embeddable":true,"href":"https:\/\/wein-werte.com\/de\/wp-json\/wp\/v2\/product_cat?post=1133136"},{"taxonomy":"product_tag","embeddable":true,"href":"https:\/\/wein-werte.com\/de\/wp-json\/wp\/v2\/product_tag?post=1133136"}],"curies":[{"name":"wp","href":"https:\/\/api.w.org\/{rel}","templated":true}]}}