{"id":1133045,"date":"2026-05-08T20:04:33","date_gmt":"2026-05-08T18:04:33","guid":{"rendered":"https:\/\/wein-werte.com\/product\/attis-bodegas-y-vinedos-sitta-doliola-2018-750ml\/"},"modified":"2026-04-27T11:49:57","modified_gmt":"2026-04-27T09:49:57","slug":"attis-bodegas-y-vinedos-sitta-doliola-2018-750ml","status":"publish","type":"product","link":"https:\/\/wein-werte.com\/de\/produkt\/attis-bodegas-y-vinedos-sitta-doliola-2018-750ml\/","title":{"rendered":"Attis Bodegas y Vinedos | Rias Baixas | Sitta Doliola | 2018 | 750ml"},"content":{"rendered":"<p>Produktbeschreibung f\u00fcr Attis Bodegas y Vinedos Sitta Doliola 2018  <\/p>\n<h5>Info zum Wein<\/h5>\n<p> 100 % Albari\u00f1o, als Orange Wine hergestellt, limitierte Produktion von nur 850 Flaschen. <\/p>\n<h5>Info zum Ausbau<\/h5>\n<p> Handlese in 15 kg Boxen, Selektion und komplette Entrappung der Trauben, Spontang\u00e4rung in Tongef\u00e4\u00dfen, teilweise Mazeration in 380 l Tongef\u00e4\u00dfen (lateinisch Doliola), spontaner malolaktischer S\u00e4ureabbau und Filtration. <\/p>\n<h5>Farbe<\/h5>\n<p> Intensives Bernstein mit orangefarbenen Reflexen. <\/p>\n<h5>Nase<\/h5>\n<p> Der Duft des 2018er Sitta Doliola von Attis ist eine Wucht, reifes Orangenfleisch, trifft auf Orangenzeste, Orangenkonfit\u00fcre, Malzbonbons, wilde Kr\u00e4uter in Honig, wie Rosmarin, Thymian, Eukalyptus. Noten von getrockneter Apfelschale und getrockneten Aprikosen, die erg\u00e4nzt werden von orientalischen Gew\u00fcrzen, ganz deutlich Kurkuma, es folgen Zimt und Nelke. Ein Meer von Bl\u00fcten und Gr\u00e4sern s\u00e4umt seinen Weg \u2013 \u00e4u\u00dferst spannender Auftakt. <\/p>\n<h5>Gaumen<\/h5>\n<p> Trocken, markant und griffig packt er auf der Zunge zu und weckt durch seine markante, fleischige Art sofort das Verlangen nach Begleitung von intensiver, aromareicher K\u00fcche. Seine opulente Frucht mischt sich auf exzellente Weise mit feiner Bitterkeit und salziger L\u00e4nge, viel Kraft kombiniert mit Trinkfluss und Finesse. Da geht noch mehr, sehr gutes Reifepotential! Unbedingt dekantieren und nicht zu kalt aus einem gro\u00dfen Glas genie\u00dfen.<\/p>\n<p>Copyright Vinaturel 2025<\/p>\n<p>Keywords: <a href=\"https:\/\/wein-werte.com\/de\/shop\/?swoof=1&#038;pa_producer=Attis-Bodegas-y-Vinedos\">Attis Bodegas y Vinedos<\/a> <a href=\"https:\/\/wein-werte.com\/de\/shop\/?swoof=1&#038;woof_text=Sitta Doliola\">Sitta Doliola<\/a> 2018  <a href=\"https:\/\/wein-werte.com\/de\/shop\/?swoof=1&#038;pa_region=Rias Baixas\">Rias-Baixas<\/a> <a href=\"https:\/\/wein-werte.com\/de\/shop\/?swoof=1&#038;pa_country=Spanien\">Spanien<\/a><\/p>\n<p>Internetseite des Weinguts: <a href=\"https:\/\/attisbyv.es\/en\/\" target=\"_blank\">https:\/\/attisbyv.es\/en\/<\/a><\/p>\n","protected":false},"excerpt":{"rendered":"<p>Lieferzeit: 1 bis 2 Arbeitstage (DE), 2 bis 5 Arbeitstage (EU and CH)<\/p>\n","protected":false},"featured_media":1143564,"template":"","meta":[],"product_brand":[],"product_cat":[19],"product_tag":[],"class_list":{"0":"post-1133045","1":"product","2":"type-product","3":"status-publish","4":"has-post-thumbnail","6":"product_cat-unkategorisiert","7":"pa_alcohol-for-filter-12897","8":"pa_certified-biodynamic-nein-de","9":"pa_certified-organic-nein-de","10":"pa_colour-weiss","11":"pa_country-spanien","12":"pa_grape-albarino","13":"pa_price-for-filter-10605","14":"pa_producer-attis-bodegas-y-vinedos","15":"pa_region-rias-baixas","16":"pa_size-ml-6584","17":"pa_sweetness-trocken-de","18":"pa_type-2-still-de","19":"pa_vintage-2018-de","20":"entry","21":"has-media","23":"first","24":"instock","25":"taxable","26":"shipping-taxable","27":"purchasable","28":"product-type-simple"},"yoast_head":"<!-- This site is optimized with the Yoast SEO plugin v27.5 - https:\/\/yoast.com\/product\/yoast-seo-wordpress\/ -->\n<title>Attis Bodegas y Vinedos Sitta Doliola 2018<\/title>\n<meta name=\"description\" content=\"Kaufe Attis Bodegas y Vinedos Sitta Doliola 2018 (Albari\u00f1o, trocken aus Rias Baixas, Spanien) bei Wein Werte, Ihrem nachhaltigen Onlineshop.\" \/>\n<meta name=\"robots\" content=\"index, follow, max-snippet:-1, max-image-preview:large, max-video-preview:-1\" \/>\n<link rel=\"canonical\" href=\"https:\/\/wein-werte.com\/de\/produkt\/attis-bodegas-y-vinedos-sitta-doliola-2018-750ml\/\" \/>\n<meta property=\"og:locale\" content=\"de_DE\" \/>\n<meta property=\"og:type\" content=\"article\" \/>\n<meta property=\"og:title\" content=\"Attis Bodegas y Vinedos Sitta Doliola 2018\" \/>\n<meta property=\"og:description\" content=\"Kaufe Attis Bodegas y Vinedos Sitta Doliola 2018 (Albari\u00f1o, trocken aus Rias Baixas, Spanien) bei Wein Werte, Ihrem nachhaltigen Onlineshop.\" \/>\n<meta property=\"og:url\" content=\"https:\/\/wein-werte.com\/de\/produkt\/attis-bodegas-y-vinedos-sitta-doliola-2018-750ml\/\" \/>\n<meta property=\"og:site_name\" content=\"Wein Werte\" \/>\n<meta property=\"og:image\" content=\"https:\/\/wein-werte.com\/wp-content\/uploads\/2026\/04\/Attis-Bodegas-y-Vinedos-Sitta-Doliola-2018-750ml.png\" \/>\n\t<meta property=\"og:image:width\" content=\"346\" \/>\n\t<meta property=\"og:image:height\" content=\"1200\" \/>\n\t<meta property=\"og:image:type\" content=\"image\/png\" \/>\n<meta name=\"twitter:card\" content=\"summary_large_image\" \/>\n<meta name=\"twitter:label1\" content=\"Gesch\u00e4tzte Lesezeit\" \/>\n\t<meta name=\"twitter:data1\" content=\"1\u00a0Minute\" \/>\n<script type=\"application\/ld+json\" class=\"yoast-schema-graph\">{\"@context\":\"https:\\\/\\\/schema.org\",\"@graph\":[{\"@type\":\"WebPage\",\"@id\":\"https:\\\/\\\/wein-werte.com\\\/de\\\/produkt\\\/attis-bodegas-y-vinedos-sitta-doliola-2018-750ml\\\/\",\"url\":\"https:\\\/\\\/wein-werte.com\\\/de\\\/produkt\\\/attis-bodegas-y-vinedos-sitta-doliola-2018-750ml\\\/\",\"name\":\"Attis Bodegas y Vinedos Sitta Doliola 2018\",\"isPartOf\":{\"@id\":\"https:\\\/\\\/wein-werte.com\\\/de\\\/#website\"},\"primaryImageOfPage\":{\"@id\":\"https:\\\/\\\/wein-werte.com\\\/de\\\/produkt\\\/attis-bodegas-y-vinedos-sitta-doliola-2018-750ml\\\/#primaryimage\"},\"image\":{\"@id\":\"https:\\\/\\\/wein-werte.com\\\/de\\\/produkt\\\/attis-bodegas-y-vinedos-sitta-doliola-2018-750ml\\\/#primaryimage\"},\"thumbnailUrl\":\"https:\\\/\\\/wein-werte.com\\\/wp-content\\\/uploads\\\/2026\\\/04\\\/Attis-Bodegas-y-Vinedos-Sitta-Doliola-2018-750ml.png\",\"datePublished\":\"2026-05-08T18:04:33+00:00\",\"description\":\"Kaufe Attis Bodegas y Vinedos Sitta Doliola 2018 (Albari\u00f1o, trocken aus Rias Baixas, Spanien) bei Wein Werte, Ihrem nachhaltigen Onlineshop.\",\"breadcrumb\":{\"@id\":\"https:\\\/\\\/wein-werte.com\\\/de\\\/produkt\\\/attis-bodegas-y-vinedos-sitta-doliola-2018-750ml\\\/#breadcrumb\"},\"inLanguage\":\"de\",\"potentialAction\":[{\"@type\":\"ReadAction\",\"target\":[\"https:\\\/\\\/wein-werte.com\\\/de\\\/produkt\\\/attis-bodegas-y-vinedos-sitta-doliola-2018-750ml\\\/\"]}]},{\"@type\":\"ImageObject\",\"inLanguage\":\"de\",\"@id\":\"https:\\\/\\\/wein-werte.com\\\/de\\\/produkt\\\/attis-bodegas-y-vinedos-sitta-doliola-2018-750ml\\\/#primaryimage\",\"url\":\"https:\\\/\\\/wein-werte.com\\\/wp-content\\\/uploads\\\/2026\\\/04\\\/Attis-Bodegas-y-Vinedos-Sitta-Doliola-2018-750ml.png\",\"contentUrl\":\"https:\\\/\\\/wein-werte.com\\\/wp-content\\\/uploads\\\/2026\\\/04\\\/Attis-Bodegas-y-Vinedos-Sitta-Doliola-2018-750ml.png\",\"width\":346,\"height\":1200,\"caption\":\"Attis Bodegas y Vinedos Sitta Doliola 2018 750ml\"},{\"@type\":\"BreadcrumbList\",\"@id\":\"https:\\\/\\\/wein-werte.com\\\/de\\\/produkt\\\/attis-bodegas-y-vinedos-sitta-doliola-2018-750ml\\\/#breadcrumb\",\"itemListElement\":[{\"@type\":\"ListItem\",\"position\":1,\"name\":\"Home\",\"item\":\"https:\\\/\\\/wein-werte.com\\\/de\\\/\"},{\"@type\":\"ListItem\",\"position\":2,\"name\":\"Shop\",\"item\":\"https:\\\/\\\/wein-werte.com\\\/de\\\/shop\\\/\"},{\"@type\":\"ListItem\",\"position\":3,\"name\":\"Attis Bodegas y Vinedos | Rias Baixas | Sitta Doliola | 2018 | 750ml\"}]},{\"@type\":\"WebSite\",\"@id\":\"https:\\\/\\\/wein-werte.com\\\/de\\\/#website\",\"url\":\"https:\\\/\\\/wein-werte.com\\\/de\\\/\",\"name\":\"Wein Werte\",\"description\":\"\",\"publisher\":{\"@id\":\"https:\\\/\\\/wein-werte.com\\\/de\\\/#organization\"},\"potentialAction\":[{\"@type\":\"SearchAction\",\"target\":{\"@type\":\"EntryPoint\",\"urlTemplate\":\"https:\\\/\\\/wein-werte.com\\\/de\\\/?s={search_term_string}\"},\"query-input\":{\"@type\":\"PropertyValueSpecification\",\"valueRequired\":true,\"valueName\":\"search_term_string\"}}],\"inLanguage\":\"de\"},{\"@type\":\"Organization\",\"@id\":\"https:\\\/\\\/wein-werte.com\\\/de\\\/#organization\",\"name\":\"Vins Fins Thorrold\",\"url\":\"https:\\\/\\\/wein-werte.com\\\/de\\\/\",\"logo\":{\"@type\":\"ImageObject\",\"inLanguage\":\"de\",\"@id\":\"https:\\\/\\\/wein-werte.com\\\/de\\\/#\\\/schema\\\/logo\\\/image\\\/\",\"url\":\"https:\\\/\\\/wein-werte.com\\\/wp-content\\\/uploads\\\/2023\\\/07\\\/Wein_werte_Logo700-1.png\",\"contentUrl\":\"https:\\\/\\\/wein-werte.com\\\/wp-content\\\/uploads\\\/2023\\\/07\\\/Wein_werte_Logo700-1.png\",\"width\":700,\"height\":272,\"caption\":\"Vins Fins Thorrold\"},\"image\":{\"@id\":\"https:\\\/\\\/wein-werte.com\\\/de\\\/#\\\/schema\\\/logo\\\/image\\\/\"}}]}<\/script>\n<!-- \/ Yoast SEO plugin. -->","yoast_head_json":{"title":"Attis Bodegas y Vinedos Sitta Doliola 2018","description":"Kaufe Attis Bodegas y Vinedos Sitta Doliola 2018 (Albari\u00f1o, trocken aus Rias Baixas, Spanien) bei Wein Werte, Ihrem nachhaltigen Onlineshop.","robots":{"index":"index","follow":"follow","max-snippet":"max-snippet:-1","max-image-preview":"max-image-preview:large","max-video-preview":"max-video-preview:-1"},"canonical":"https:\/\/wein-werte.com\/de\/produkt\/attis-bodegas-y-vinedos-sitta-doliola-2018-750ml\/","og_locale":"de_DE","og_type":"article","og_title":"Attis Bodegas y Vinedos Sitta Doliola 2018","og_description":"Kaufe Attis Bodegas y Vinedos Sitta Doliola 2018 (Albari\u00f1o, trocken aus Rias Baixas, Spanien) bei Wein Werte, Ihrem nachhaltigen Onlineshop.","og_url":"https:\/\/wein-werte.com\/de\/produkt\/attis-bodegas-y-vinedos-sitta-doliola-2018-750ml\/","og_site_name":"Wein Werte","og_image":[{"width":346,"height":1200,"url":"https:\/\/wein-werte.com\/wp-content\/uploads\/2026\/04\/Attis-Bodegas-y-Vinedos-Sitta-Doliola-2018-750ml.png","type":"image\/png"}],"twitter_card":"summary_large_image","twitter_misc":{"Gesch\u00e4tzte Lesezeit":"1\u00a0Minute"},"schema":{"@context":"https:\/\/schema.org","@graph":[{"@type":"WebPage","@id":"https:\/\/wein-werte.com\/de\/produkt\/attis-bodegas-y-vinedos-sitta-doliola-2018-750ml\/","url":"https:\/\/wein-werte.com\/de\/produkt\/attis-bodegas-y-vinedos-sitta-doliola-2018-750ml\/","name":"Attis Bodegas y Vinedos Sitta Doliola 2018","isPartOf":{"@id":"https:\/\/wein-werte.com\/de\/#website"},"primaryImageOfPage":{"@id":"https:\/\/wein-werte.com\/de\/produkt\/attis-bodegas-y-vinedos-sitta-doliola-2018-750ml\/#primaryimage"},"image":{"@id":"https:\/\/wein-werte.com\/de\/produkt\/attis-bodegas-y-vinedos-sitta-doliola-2018-750ml\/#primaryimage"},"thumbnailUrl":"https:\/\/wein-werte.com\/wp-content\/uploads\/2026\/04\/Attis-Bodegas-y-Vinedos-Sitta-Doliola-2018-750ml.png","datePublished":"2026-05-08T18:04:33+00:00","description":"Kaufe Attis Bodegas y Vinedos Sitta Doliola 2018 (Albari\u00f1o, trocken aus Rias Baixas, Spanien) bei Wein Werte, Ihrem nachhaltigen Onlineshop.","breadcrumb":{"@id":"https:\/\/wein-werte.com\/de\/produkt\/attis-bodegas-y-vinedos-sitta-doliola-2018-750ml\/#breadcrumb"},"inLanguage":"de","potentialAction":[{"@type":"ReadAction","target":["https:\/\/wein-werte.com\/de\/produkt\/attis-bodegas-y-vinedos-sitta-doliola-2018-750ml\/"]}]},{"@type":"ImageObject","inLanguage":"de","@id":"https:\/\/wein-werte.com\/de\/produkt\/attis-bodegas-y-vinedos-sitta-doliola-2018-750ml\/#primaryimage","url":"https:\/\/wein-werte.com\/wp-content\/uploads\/2026\/04\/Attis-Bodegas-y-Vinedos-Sitta-Doliola-2018-750ml.png","contentUrl":"https:\/\/wein-werte.com\/wp-content\/uploads\/2026\/04\/Attis-Bodegas-y-Vinedos-Sitta-Doliola-2018-750ml.png","width":346,"height":1200,"caption":"Attis Bodegas y Vinedos Sitta Doliola 2018 750ml"},{"@type":"BreadcrumbList","@id":"https:\/\/wein-werte.com\/de\/produkt\/attis-bodegas-y-vinedos-sitta-doliola-2018-750ml\/#breadcrumb","itemListElement":[{"@type":"ListItem","position":1,"name":"Home","item":"https:\/\/wein-werte.com\/de\/"},{"@type":"ListItem","position":2,"name":"Shop","item":"https:\/\/wein-werte.com\/de\/shop\/"},{"@type":"ListItem","position":3,"name":"Attis Bodegas y Vinedos | Rias Baixas | Sitta Doliola | 2018 | 750ml"}]},{"@type":"WebSite","@id":"https:\/\/wein-werte.com\/de\/#website","url":"https:\/\/wein-werte.com\/de\/","name":"Wein Werte","description":"","publisher":{"@id":"https:\/\/wein-werte.com\/de\/#organization"},"potentialAction":[{"@type":"SearchAction","target":{"@type":"EntryPoint","urlTemplate":"https:\/\/wein-werte.com\/de\/?s={search_term_string}"},"query-input":{"@type":"PropertyValueSpecification","valueRequired":true,"valueName":"search_term_string"}}],"inLanguage":"de"},{"@type":"Organization","@id":"https:\/\/wein-werte.com\/de\/#organization","name":"Vins Fins Thorrold","url":"https:\/\/wein-werte.com\/de\/","logo":{"@type":"ImageObject","inLanguage":"de","@id":"https:\/\/wein-werte.com\/de\/#\/schema\/logo\/image\/","url":"https:\/\/wein-werte.com\/wp-content\/uploads\/2023\/07\/Wein_werte_Logo700-1.png","contentUrl":"https:\/\/wein-werte.com\/wp-content\/uploads\/2023\/07\/Wein_werte_Logo700-1.png","width":700,"height":272,"caption":"Vins Fins Thorrold"},"image":{"@id":"https:\/\/wein-werte.com\/de\/#\/schema\/logo\/image\/"}}]}},"_links":{"self":[{"href":"https:\/\/wein-werte.com\/de\/wp-json\/wp\/v2\/product\/1133045","targetHints":{"allow":["GET"]}}],"collection":[{"href":"https:\/\/wein-werte.com\/de\/wp-json\/wp\/v2\/product"}],"about":[{"href":"https:\/\/wein-werte.com\/de\/wp-json\/wp\/v2\/types\/product"}],"wp:featuredmedia":[{"embeddable":true,"href":"https:\/\/wein-werte.com\/de\/wp-json\/wp\/v2\/media\/1143564"}],"wp:attachment":[{"href":"https:\/\/wein-werte.com\/de\/wp-json\/wp\/v2\/media?parent=1133045"}],"wp:term":[{"taxonomy":"product_brand","embeddable":true,"href":"https:\/\/wein-werte.com\/de\/wp-json\/wp\/v2\/product_brand?post=1133045"},{"taxonomy":"product_cat","embeddable":true,"href":"https:\/\/wein-werte.com\/de\/wp-json\/wp\/v2\/product_cat?post=1133045"},{"taxonomy":"product_tag","embeddable":true,"href":"https:\/\/wein-werte.com\/de\/wp-json\/wp\/v2\/product_tag?post=1133045"}],"curies":[{"name":"wp","href":"https:\/\/api.w.org\/{rel}","templated":true}]}}