{"id":1133014,"date":"2026-05-08T20:04:31","date_gmt":"2026-05-08T18:04:31","guid":{"rendered":"https:\/\/wein-werte.com\/product\/larmandier-bernier-les-chemins-davize-grand-cru-blanc-de-blancs-extra-brut-2016-750ml\/"},"modified":"2026-04-27T11:49:54","modified_gmt":"2026-04-27T09:49:54","slug":"larmandier-bernier-les-chemins-davize-grand-cru-blanc-de-blancs-extra-brut-2016-750ml","status":"publish","type":"product","link":"https:\/\/wein-werte.com\/de\/produkt\/larmandier-bernier-les-chemins-davize-grand-cru-blanc-de-blancs-extra-brut-2016-750ml\/","title":{"rendered":"Larmandier-Bernier | Champagne | Les Chemins d&#8217;Avize Grand Cru Blanc de Blancs Extra Brut | 2016 | 750ml | bio"},"content":{"rendered":"<p>Produktbeschreibung f\u00fcr Larmandier-Bernier Les Chemins d&#8217;Avize Grand Cru Blanc de Blancs Extra Brut 2016 (bio) <\/p>\n<h5>Information zum Wein<\/h5>\n<p> Les Chemins d\u2019Avizeist der vierte Lagen-Champagner von Larmandier-Bernier nach dem Vieille Vigne du Levant (fr\u00fcher Cramant, 1988), dem Terre de Vertus (1955) und dem Ros\u00e9 de Saign\u00e9e (1999). Der Chardonnay stammt aus den beiden benachbarten Parzellen Chemin de Plivot und Chemin de Flavigny. Die Rebst\u00f6cke sind 50 Jahre alt. Die Trauben werden sanft gepresst, der Saft wird ganz leicht gekl\u00e4rt und kommt dann direkt ins Holz. Die nat\u00fcrliche alkoholische G\u00e4rung und die malolaktische G\u00e4rung beginnen spontan in Stockinger-F\u00e4ssern und Bottichen. Die Weine reifen im ersten Jahr auf der Hefe, ohne dass sie gefiltert oder gesch\u00f6nt werden. Die Flaschen werden sur lattes f\u00fcr mindestens f\u00fcnf weitere Jahre gelagert. Jede Flasche wird sechs Monate vor der Freigabe von Hand degorgiert. Die Dosierung betr\u00e4gt nur 2 g\/l (extra brut). <\/p>\n<h5>Farbe<\/h5>\n<p> helles Goldgelb mit feinem Mousseux <\/p>\n<h5>Nase<\/h5>\n<p> Der 2016er Avize-Champagner wirkt im Duftschon bet\u00f6rend sinnlich, saftig und elegant, aber auch kraftvoll, druckvoll und pr\u00e4zise. Es duftet nach Patisserie mit bester Vanille, gelben \u00c4pfeln, Birnen und Reineclauden, Zitronenkonfit und Orangenschale, vor allem aber nach feinen Gew\u00fcrzen, etwas Ingwer und Cr\u00e8me fraiche. <\/p>\n<h5>Gaumen<\/h5>\n<p> Am Gaumen wirkt der Les Chemins d\u2019Avize ausladend, seidig und zun\u00e4chst fast weich, bevor die Mineralit\u00e4t voll durchschl\u00e4gt. Es ist ein gro\u00dfer, nobler Champagner mit vollendeter Dichte und L\u00e4nge bei gro\u00dfer Finesse, tiefer Mineralit\u00e4t und einem breiten F\u00e4cher von frischen und sinnlichen Aromen. Reife Zitronen und Grapefruits, Nougat und Birnencr\u00e8me, etwas Vanille und Zimt verbinden sich mit einem Hauch von reifer S\u00fc\u00dfe. Die S\u00e4urestruktur wirkt sinnlich, nicht fordernd, aber straight. Das Volumen ist hier ebenso beeindruckend wie die Energie. <\/p>\n<p>Copyright Vinaturel 2025<\/p>\n<p>Keywords: <a href=\"https:\/\/wein-werte.com\/de\/shop\/?swoof=1&#038;pa_producer=Larmandier-Bernier\">Larmandier-Bernier<\/a> <a href=\"https:\/\/wein-werte.com\/de\/shop\/?swoof=1&#038;woof_text=Les Chemins d'Avize Grand Cru Blanc de Blancs Extra Brut\">Les Chemins d&#8217;Avize Grand Cru Blanc de Blancs Extra Brut<\/a> 2016 bio <a href=\"https:\/\/wein-werte.com\/de\/shop\/?swoof=1&#038;pa_region=Champagne\">Champagne<\/a> <a href=\"https:\/\/wein-werte.com\/de\/shop\/?swoof=1&#038;pa_country=Frankreich\">Frankreich<\/a><\/p>\n<h3>Vinous<\/h3>\n<p>Punkte: 94<\/p>\n<p>Der 2016er Extra Brut Les Chemins d&#8217;Avize Blanc de Blancs Grand Cru ist ein sehr sch\u00f6ner, exotischer Champagner. Wei\u00dfe Bl\u00fcten, Minze, Kreide, wei\u00dfer Pfeffer und zersto\u00dfene Steine sind fein modelliert. Die geringe Dosage von 2 Gramm pro Liter sorgt f\u00fcr eine bemerkenswerte Spannung und Schwung. Dieser pikante, extrem intensive Champagner ist ein hervorragender Begleiter am Esstisch. Degorgiert: September 2023. \u2013 Antonio Galloni<br \/>Trinkfenster: 2024\u20132031<br \/>Testdatum: M\u00e4rz 2024<\/p>\n<p>Internetseite des Weinguts: <a href=\"https:\/\/larmandier.fr\/en\/\" target=\"_blank\">https:\/\/larmandier.fr\/en\/<\/a><\/p>\n","protected":false},"excerpt":{"rendered":"<p>Lieferzeit: 1 bis 2 Arbeitstage (DE), 2 bis 5 Arbeitstage (EU and CH)<\/p>\n","protected":false},"featured_media":1143540,"template":"","meta":[],"product_brand":[],"product_cat":[19],"product_tag":[],"class_list":{"0":"post-1133014","1":"product","2":"type-product","3":"status-publish","4":"has-post-thumbnail","6":"product_cat-unkategorisiert","7":"pa_alcohol-for-filter-12-5","8":"pa_certified-biodynamic-ja-de","9":"pa_certified-organic-ja-de","10":"pa_colour-weiss","11":"pa_country-frankreich","12":"pa_grape-chardonnay","13":"pa_price-for-filter-10634","14":"pa_producer-larmandier-bernier","15":"pa_region-champagne","16":"pa_size-ml-6584","17":"pa_sweetness-trocken-de","18":"pa_type-2-champagner","19":"pa_vinous-points-for-filter-20033","20":"pa_vintage-2016-de","21":"entry","22":"has-media","24":"first","25":"instock","26":"taxable","27":"shipping-taxable","28":"purchasable","29":"product-type-simple"},"yoast_head":"<!-- This site is optimized with the Yoast SEO plugin v27.5 - https:\/\/yoast.com\/product\/yoast-seo-wordpress\/ -->\n<title>Larmandier-Bernier Les Chemins d&#039;Avize Grand Cru blanc de blancs Extra Brut 2016<\/title>\n<meta name=\"description\" content=\"Kaufe Larmandier-Bernier Les Chemins d&#039;Avize Grand Cru blanc de blancs Extra Brut 2016 (Chardonnay, trocken Schaumwein aus Champagne, Frankreich) bei Wein Werte, Ihrem nachhaltigen Onlineshop.\" \/>\n<meta name=\"robots\" content=\"index, follow, max-snippet:-1, max-image-preview:large, max-video-preview:-1\" \/>\n<link rel=\"canonical\" href=\"https:\/\/wein-werte.com\/de\/produkt\/larmandier-bernier-les-chemins-davize-grand-cru-blanc-de-blancs-extra-brut-2016-750ml\/\" \/>\n<meta property=\"og:locale\" content=\"de_DE\" \/>\n<meta property=\"og:type\" content=\"article\" \/>\n<meta property=\"og:title\" content=\"Larmandier-Bernier Les Chemins d&#039;Avize Grand Cru blanc de blancs Extra Brut 2016\" \/>\n<meta property=\"og:description\" content=\"Kaufe Larmandier-Bernier Les Chemins d&#039;Avize Grand Cru blanc de blancs Extra Brut 2016 (Chardonnay, trocken Schaumwein aus Champagne, Frankreich) bei Wein Werte, Ihrem nachhaltigen Onlineshop.\" \/>\n<meta property=\"og:url\" content=\"https:\/\/wein-werte.com\/de\/produkt\/larmandier-bernier-les-chemins-davize-grand-cru-blanc-de-blancs-extra-brut-2016-750ml\/\" \/>\n<meta property=\"og:site_name\" content=\"Wein Werte\" \/>\n<meta property=\"og:image\" content=\"https:\/\/wein-werte.com\/wp-content\/uploads\/2026\/04\/Larmandier-Bernier-Les-Chemins-dAvize-Grand-Cru-blanc-de-blancs-Extra-Brut-2016-750ml.png\" \/>\n\t<meta property=\"og:image:width\" content=\"329\" \/>\n\t<meta property=\"og:image:height\" content=\"1200\" \/>\n\t<meta property=\"og:image:type\" content=\"image\/png\" \/>\n<meta name=\"twitter:card\" content=\"summary_large_image\" \/>\n<meta name=\"twitter:label1\" content=\"Gesch\u00e4tzte Lesezeit\" \/>\n\t<meta name=\"twitter:data1\" content=\"2\u00a0Minuten\" \/>\n<script type=\"application\/ld+json\" class=\"yoast-schema-graph\">{\"@context\":\"https:\\\/\\\/schema.org\",\"@graph\":[{\"@type\":\"WebPage\",\"@id\":\"https:\\\/\\\/wein-werte.com\\\/de\\\/produkt\\\/larmandier-bernier-les-chemins-davize-grand-cru-blanc-de-blancs-extra-brut-2016-750ml\\\/\",\"url\":\"https:\\\/\\\/wein-werte.com\\\/de\\\/produkt\\\/larmandier-bernier-les-chemins-davize-grand-cru-blanc-de-blancs-extra-brut-2016-750ml\\\/\",\"name\":\"Larmandier-Bernier Les Chemins d'Avize Grand Cru blanc de blancs Extra Brut 2016\",\"isPartOf\":{\"@id\":\"https:\\\/\\\/wein-werte.com\\\/de\\\/#website\"},\"primaryImageOfPage\":{\"@id\":\"https:\\\/\\\/wein-werte.com\\\/de\\\/produkt\\\/larmandier-bernier-les-chemins-davize-grand-cru-blanc-de-blancs-extra-brut-2016-750ml\\\/#primaryimage\"},\"image\":{\"@id\":\"https:\\\/\\\/wein-werte.com\\\/de\\\/produkt\\\/larmandier-bernier-les-chemins-davize-grand-cru-blanc-de-blancs-extra-brut-2016-750ml\\\/#primaryimage\"},\"thumbnailUrl\":\"https:\\\/\\\/wein-werte.com\\\/wp-content\\\/uploads\\\/2026\\\/04\\\/Larmandier-Bernier-Les-Chemins-dAvize-Grand-Cru-blanc-de-blancs-Extra-Brut-2016-750ml.png\",\"datePublished\":\"2026-05-08T18:04:31+00:00\",\"description\":\"Kaufe Larmandier-Bernier Les Chemins d'Avize Grand Cru blanc de blancs Extra Brut 2016 (Chardonnay, trocken Schaumwein aus Champagne, Frankreich) bei Wein Werte, Ihrem nachhaltigen Onlineshop.\",\"breadcrumb\":{\"@id\":\"https:\\\/\\\/wein-werte.com\\\/de\\\/produkt\\\/larmandier-bernier-les-chemins-davize-grand-cru-blanc-de-blancs-extra-brut-2016-750ml\\\/#breadcrumb\"},\"inLanguage\":\"de\",\"potentialAction\":[{\"@type\":\"ReadAction\",\"target\":[\"https:\\\/\\\/wein-werte.com\\\/de\\\/produkt\\\/larmandier-bernier-les-chemins-davize-grand-cru-blanc-de-blancs-extra-brut-2016-750ml\\\/\"]}]},{\"@type\":\"ImageObject\",\"inLanguage\":\"de\",\"@id\":\"https:\\\/\\\/wein-werte.com\\\/de\\\/produkt\\\/larmandier-bernier-les-chemins-davize-grand-cru-blanc-de-blancs-extra-brut-2016-750ml\\\/#primaryimage\",\"url\":\"https:\\\/\\\/wein-werte.com\\\/wp-content\\\/uploads\\\/2026\\\/04\\\/Larmandier-Bernier-Les-Chemins-dAvize-Grand-Cru-blanc-de-blancs-Extra-Brut-2016-750ml.png\",\"contentUrl\":\"https:\\\/\\\/wein-werte.com\\\/wp-content\\\/uploads\\\/2026\\\/04\\\/Larmandier-Bernier-Les-Chemins-dAvize-Grand-Cru-blanc-de-blancs-Extra-Brut-2016-750ml.png\",\"width\":329,\"height\":1200,\"caption\":\"Larmandier-Bernier Les Chemins d'Avize Grand Cru Blanc de Blancs Extra Brut 2016 750ml\"},{\"@type\":\"BreadcrumbList\",\"@id\":\"https:\\\/\\\/wein-werte.com\\\/de\\\/produkt\\\/larmandier-bernier-les-chemins-davize-grand-cru-blanc-de-blancs-extra-brut-2016-750ml\\\/#breadcrumb\",\"itemListElement\":[{\"@type\":\"ListItem\",\"position\":1,\"name\":\"Home\",\"item\":\"https:\\\/\\\/wein-werte.com\\\/de\\\/\"},{\"@type\":\"ListItem\",\"position\":2,\"name\":\"Shop\",\"item\":\"https:\\\/\\\/wein-werte.com\\\/de\\\/shop\\\/\"},{\"@type\":\"ListItem\",\"position\":3,\"name\":\"Larmandier-Bernier | Champagne | Les Chemins d&#8217;Avize Grand Cru Blanc de Blancs Extra Brut | 2016 | 750ml | bio\"}]},{\"@type\":\"WebSite\",\"@id\":\"https:\\\/\\\/wein-werte.com\\\/de\\\/#website\",\"url\":\"https:\\\/\\\/wein-werte.com\\\/de\\\/\",\"name\":\"Wein Werte\",\"description\":\"\",\"publisher\":{\"@id\":\"https:\\\/\\\/wein-werte.com\\\/de\\\/#organization\"},\"potentialAction\":[{\"@type\":\"SearchAction\",\"target\":{\"@type\":\"EntryPoint\",\"urlTemplate\":\"https:\\\/\\\/wein-werte.com\\\/de\\\/?s={search_term_string}\"},\"query-input\":{\"@type\":\"PropertyValueSpecification\",\"valueRequired\":true,\"valueName\":\"search_term_string\"}}],\"inLanguage\":\"de\"},{\"@type\":\"Organization\",\"@id\":\"https:\\\/\\\/wein-werte.com\\\/de\\\/#organization\",\"name\":\"Vins Fins Thorrold\",\"url\":\"https:\\\/\\\/wein-werte.com\\\/de\\\/\",\"logo\":{\"@type\":\"ImageObject\",\"inLanguage\":\"de\",\"@id\":\"https:\\\/\\\/wein-werte.com\\\/de\\\/#\\\/schema\\\/logo\\\/image\\\/\",\"url\":\"https:\\\/\\\/wein-werte.com\\\/wp-content\\\/uploads\\\/2023\\\/07\\\/Wein_werte_Logo700-1.png\",\"contentUrl\":\"https:\\\/\\\/wein-werte.com\\\/wp-content\\\/uploads\\\/2023\\\/07\\\/Wein_werte_Logo700-1.png\",\"width\":700,\"height\":272,\"caption\":\"Vins Fins Thorrold\"},\"image\":{\"@id\":\"https:\\\/\\\/wein-werte.com\\\/de\\\/#\\\/schema\\\/logo\\\/image\\\/\"}}]}<\/script>\n<!-- \/ Yoast SEO plugin. -->","yoast_head_json":{"title":"Larmandier-Bernier Les Chemins d'Avize Grand Cru blanc de blancs Extra Brut 2016","description":"Kaufe Larmandier-Bernier Les Chemins d'Avize Grand Cru blanc de blancs Extra Brut 2016 (Chardonnay, trocken Schaumwein aus Champagne, Frankreich) bei Wein Werte, Ihrem nachhaltigen Onlineshop.","robots":{"index":"index","follow":"follow","max-snippet":"max-snippet:-1","max-image-preview":"max-image-preview:large","max-video-preview":"max-video-preview:-1"},"canonical":"https:\/\/wein-werte.com\/de\/produkt\/larmandier-bernier-les-chemins-davize-grand-cru-blanc-de-blancs-extra-brut-2016-750ml\/","og_locale":"de_DE","og_type":"article","og_title":"Larmandier-Bernier Les Chemins d'Avize Grand Cru blanc de blancs Extra Brut 2016","og_description":"Kaufe Larmandier-Bernier Les Chemins d'Avize Grand Cru blanc de blancs Extra Brut 2016 (Chardonnay, trocken Schaumwein aus Champagne, Frankreich) bei Wein Werte, Ihrem nachhaltigen Onlineshop.","og_url":"https:\/\/wein-werte.com\/de\/produkt\/larmandier-bernier-les-chemins-davize-grand-cru-blanc-de-blancs-extra-brut-2016-750ml\/","og_site_name":"Wein Werte","og_image":[{"width":329,"height":1200,"url":"https:\/\/wein-werte.com\/wp-content\/uploads\/2026\/04\/Larmandier-Bernier-Les-Chemins-dAvize-Grand-Cru-blanc-de-blancs-Extra-Brut-2016-750ml.png","type":"image\/png"}],"twitter_card":"summary_large_image","twitter_misc":{"Gesch\u00e4tzte Lesezeit":"2\u00a0Minuten"},"schema":{"@context":"https:\/\/schema.org","@graph":[{"@type":"WebPage","@id":"https:\/\/wein-werte.com\/de\/produkt\/larmandier-bernier-les-chemins-davize-grand-cru-blanc-de-blancs-extra-brut-2016-750ml\/","url":"https:\/\/wein-werte.com\/de\/produkt\/larmandier-bernier-les-chemins-davize-grand-cru-blanc-de-blancs-extra-brut-2016-750ml\/","name":"Larmandier-Bernier Les Chemins d'Avize Grand Cru blanc de blancs Extra Brut 2016","isPartOf":{"@id":"https:\/\/wein-werte.com\/de\/#website"},"primaryImageOfPage":{"@id":"https:\/\/wein-werte.com\/de\/produkt\/larmandier-bernier-les-chemins-davize-grand-cru-blanc-de-blancs-extra-brut-2016-750ml\/#primaryimage"},"image":{"@id":"https:\/\/wein-werte.com\/de\/produkt\/larmandier-bernier-les-chemins-davize-grand-cru-blanc-de-blancs-extra-brut-2016-750ml\/#primaryimage"},"thumbnailUrl":"https:\/\/wein-werte.com\/wp-content\/uploads\/2026\/04\/Larmandier-Bernier-Les-Chemins-dAvize-Grand-Cru-blanc-de-blancs-Extra-Brut-2016-750ml.png","datePublished":"2026-05-08T18:04:31+00:00","description":"Kaufe Larmandier-Bernier Les Chemins d'Avize Grand Cru blanc de blancs Extra Brut 2016 (Chardonnay, trocken Schaumwein aus Champagne, Frankreich) bei Wein Werte, Ihrem nachhaltigen Onlineshop.","breadcrumb":{"@id":"https:\/\/wein-werte.com\/de\/produkt\/larmandier-bernier-les-chemins-davize-grand-cru-blanc-de-blancs-extra-brut-2016-750ml\/#breadcrumb"},"inLanguage":"de","potentialAction":[{"@type":"ReadAction","target":["https:\/\/wein-werte.com\/de\/produkt\/larmandier-bernier-les-chemins-davize-grand-cru-blanc-de-blancs-extra-brut-2016-750ml\/"]}]},{"@type":"ImageObject","inLanguage":"de","@id":"https:\/\/wein-werte.com\/de\/produkt\/larmandier-bernier-les-chemins-davize-grand-cru-blanc-de-blancs-extra-brut-2016-750ml\/#primaryimage","url":"https:\/\/wein-werte.com\/wp-content\/uploads\/2026\/04\/Larmandier-Bernier-Les-Chemins-dAvize-Grand-Cru-blanc-de-blancs-Extra-Brut-2016-750ml.png","contentUrl":"https:\/\/wein-werte.com\/wp-content\/uploads\/2026\/04\/Larmandier-Bernier-Les-Chemins-dAvize-Grand-Cru-blanc-de-blancs-Extra-Brut-2016-750ml.png","width":329,"height":1200,"caption":"Larmandier-Bernier Les Chemins d'Avize Grand Cru Blanc de Blancs Extra Brut 2016 750ml"},{"@type":"BreadcrumbList","@id":"https:\/\/wein-werte.com\/de\/produkt\/larmandier-bernier-les-chemins-davize-grand-cru-blanc-de-blancs-extra-brut-2016-750ml\/#breadcrumb","itemListElement":[{"@type":"ListItem","position":1,"name":"Home","item":"https:\/\/wein-werte.com\/de\/"},{"@type":"ListItem","position":2,"name":"Shop","item":"https:\/\/wein-werte.com\/de\/shop\/"},{"@type":"ListItem","position":3,"name":"Larmandier-Bernier | Champagne | Les Chemins d&#8217;Avize Grand Cru Blanc de Blancs Extra Brut | 2016 | 750ml | bio"}]},{"@type":"WebSite","@id":"https:\/\/wein-werte.com\/de\/#website","url":"https:\/\/wein-werte.com\/de\/","name":"Wein Werte","description":"","publisher":{"@id":"https:\/\/wein-werte.com\/de\/#organization"},"potentialAction":[{"@type":"SearchAction","target":{"@type":"EntryPoint","urlTemplate":"https:\/\/wein-werte.com\/de\/?s={search_term_string}"},"query-input":{"@type":"PropertyValueSpecification","valueRequired":true,"valueName":"search_term_string"}}],"inLanguage":"de"},{"@type":"Organization","@id":"https:\/\/wein-werte.com\/de\/#organization","name":"Vins Fins Thorrold","url":"https:\/\/wein-werte.com\/de\/","logo":{"@type":"ImageObject","inLanguage":"de","@id":"https:\/\/wein-werte.com\/de\/#\/schema\/logo\/image\/","url":"https:\/\/wein-werte.com\/wp-content\/uploads\/2023\/07\/Wein_werte_Logo700-1.png","contentUrl":"https:\/\/wein-werte.com\/wp-content\/uploads\/2023\/07\/Wein_werte_Logo700-1.png","width":700,"height":272,"caption":"Vins Fins Thorrold"},"image":{"@id":"https:\/\/wein-werte.com\/de\/#\/schema\/logo\/image\/"}}]}},"_links":{"self":[{"href":"https:\/\/wein-werte.com\/de\/wp-json\/wp\/v2\/product\/1133014","targetHints":{"allow":["GET"]}}],"collection":[{"href":"https:\/\/wein-werte.com\/de\/wp-json\/wp\/v2\/product"}],"about":[{"href":"https:\/\/wein-werte.com\/de\/wp-json\/wp\/v2\/types\/product"}],"wp:featuredmedia":[{"embeddable":true,"href":"https:\/\/wein-werte.com\/de\/wp-json\/wp\/v2\/media\/1143540"}],"wp:attachment":[{"href":"https:\/\/wein-werte.com\/de\/wp-json\/wp\/v2\/media?parent=1133014"}],"wp:term":[{"taxonomy":"product_brand","embeddable":true,"href":"https:\/\/wein-werte.com\/de\/wp-json\/wp\/v2\/product_brand?post=1133014"},{"taxonomy":"product_cat","embeddable":true,"href":"https:\/\/wein-werte.com\/de\/wp-json\/wp\/v2\/product_cat?post=1133014"},{"taxonomy":"product_tag","embeddable":true,"href":"https:\/\/wein-werte.com\/de\/wp-json\/wp\/v2\/product_tag?post=1133014"}],"curies":[{"name":"wp","href":"https:\/\/api.w.org\/{rel}","templated":true}]}}