{"id":1133004,"date":"2026-05-08T20:04:31","date_gmt":"2026-05-08T18:04:31","guid":{"rendered":"https:\/\/wein-werte.com\/product\/larmandier-bernier-vieille-vigne-du-levant-grand-cru-blanc-de-blancs-extra-brut-2014-750ml\/"},"modified":"2026-04-27T11:49:53","modified_gmt":"2026-04-27T09:49:53","slug":"larmandier-bernier-vieille-vigne-du-levant-grand-cru-blanc-de-blancs-extra-brut-2014-750ml","status":"publish","type":"product","link":"https:\/\/wein-werte.com\/de\/produkt\/larmandier-bernier-vieille-vigne-du-levant-grand-cru-blanc-de-blancs-extra-brut-2014-750ml\/","title":{"rendered":"Larmandier-Bernier | Champagne | Vieille Vigne du Levant Grand Cru Blanc de Blancs Extra Brut | 2014 | 750ml | bio"},"content":{"rendered":"<p>Produktbeschreibung f\u00fcr Larmandier-Bernier Vieille Vigne du Levant Grand Cru Blanc de Blancs Extra Brut 2014 (bio) <\/p>\n<h5>Informationen zum Wein<\/h5>\n<p> Als dieser Champagner 1988 erstmals ver\u00f6ffentlich wurde, hie\u00df er Vieille Vigne de Cramant. Da die Larmandiers aber st\u00e4ndig Cramant erkl\u00e4ren mussten, weil es als Cr\u00e9mant verstanden wurde, haben sie diesen Einzellagenwein irgendwann umbenannt, der Parzellenname dieser Cuv\u00e9e lautet n\u00e4mlich Bourron du Levant. Levant bedeutet Osten, und die Weinbergsparzelle profitiert von den ersten Sonnenstrahlen am Morgen. Die alten Rebst\u00f6cke sind zwischen 56 und mehr als 80 Jahren alt. Die Trauben werden sanft gepresst, der Saft wird leicht gekl\u00e4rt und kommt dann direkt ins Holz. Die alkoholische und die malolaktische G\u00e4rung beginnen spontan in Stockinger-F\u00e4ssern und -Fudern. Die Weine reifen im ersten Jahr auf der Hefe, ohne dass sie gefiltert oder gesch\u00f6nt werden. Die Tirage findet im Juli statt. Es gibt keinen Verschnitt mit anderen Jahrg\u00e4ngen und mit anderen Terroirs. In den Flaschen reift der Champagner sieben oder acht Jahre sur lattes. Jede Flasche wird sechs Monate vor ihrer Freigabe von Hand degorgiert. Die Dosage liegt bei 2 Gramm. <\/p>\n<h5>Farbe<\/h5>\n<p> goldgelb mit sehr feinem Mousseux <\/p>\n<h5>Nase<\/h5>\n<p> Der Vieille Vigne aus Cramant ist ein Wein mit viel Substanz, der im Portfolio immer am reifsten und auch opulentesten wirkt, was am Terroir liegt. Der 2014er verf\u00fchrt in der Nase mit Noten von reifem, m\u00fcrbem und von knackigem Steinobst, frischem Sauerteigbrot, Buttergeb\u00e4ck und s\u00fc\u00dfen Gew\u00fcrzen. Dazu kommt ein Hauch von Honig, Kamille und Heublumen und ein wenig Eiche. <\/p>\n<h5>Gaumen<\/h5>\n<p> Am Gaumen pr\u00e4sentiert sich der Champagner opulent und auskleidend mit viel reifem Agrumen und Steinobst. Der Levant wirkt cremig und besitzt gleichzeitig eine gute Portion Gerbstoff. Hinzu kommt eine S\u00e4urestruktur die f\u00fcr ordentlich Druck am Gaumen sorgt und im Finale noch von einer vibrierenden Mineralit\u00e4t begleitet wird.<\/p>\n<p>Copyright Vinaturel 2025<\/p>\n<p>Keywords: <a href=\"https:\/\/wein-werte.com\/de\/shop\/?swoof=1&#038;pa_producer=Larmandier-Bernier\">Larmandier-Bernier<\/a> <a href=\"https:\/\/wein-werte.com\/de\/shop\/?swoof=1&#038;woof_text=Vieille Vigne du Levant Grand Cru Blanc de Blancs Extra Brut\">Vieille Vigne du Levant Grand Cru Blanc de Blancs Extra Brut<\/a> 2014 bio <a href=\"https:\/\/wein-werte.com\/de\/shop\/?swoof=1&#038;pa_region=Champagne\">Champagne<\/a> <a href=\"https:\/\/wein-werte.com\/de\/shop\/?swoof=1&#038;pa_country=Frankreich\">Frankreich<\/a><\/p>\n<h3>Wine Advocate<\/h3>\n<p>Punkte: 95<\/p>\n<p>Der im M\u00e4rz 2023 degorgierte, neu erschienene 2014 Extra-Brut Blanc de Blancs Grand Cru Vieille Vigne du Levant entfaltet sich im Glas mit Aromen von knackigem Steinobst, frisch gebackenem Brot, wei\u00dfen Bl\u00fcten, buttrigem Geb\u00e4ck und klarem Honig. Vollmundig, weich und kantig, mit einem s\u00fc\u00dfen Fruchtkern, spritzigen S\u00e4uren und einem durchdringenden, elektrisierenden Abgang \u2013 ein voller Erfolg.<br \/>William Kelley<\/p>\n<p>Internetseite des Weinguts: <a href=\"https:\/\/larmandier.fr\/en\/\" target=\"_blank\">https:\/\/larmandier.fr\/en\/<\/a><\/p>\n","protected":false},"excerpt":{"rendered":"<p>Lieferzeit: 1 bis 2 Arbeitstage (DE), 2 bis 5 Arbeitstage (EU and CH)<\/p>\n","protected":false},"featured_media":1143532,"template":"","meta":[],"product_brand":[],"product_cat":[19],"product_tag":[],"class_list":{"0":"post-1133004","1":"product","2":"type-product","3":"status-publish","4":"has-post-thumbnail","6":"product_cat-unkategorisiert","7":"pa_alcohol-for-filter-12-5","8":"pa_certified-biodynamic-ja-de","9":"pa_certified-organic-ja-de","10":"pa_colour-weiss","11":"pa_country-frankreich","12":"pa_grape-chardonnay","13":"pa_parker-points-for-filter-95-de","14":"pa_price-for-filter-10634","15":"pa_producer-larmandier-bernier","16":"pa_region-champagne","17":"pa_size-ml-6584","18":"pa_sweetness-trocken-de","19":"pa_type-2-champagner","20":"pa_vintage-2014-de","21":"entry","22":"has-media","24":"first","25":"instock","26":"taxable","27":"shipping-taxable","28":"purchasable","29":"product-type-simple"},"yoast_head":"<!-- This site is optimized with the Yoast SEO plugin v27.5 - https:\/\/yoast.com\/product\/yoast-seo-wordpress\/ -->\n<title>Larmandier-Bernier Vieille Vigne du Levant Grand Cru blanc de blancs Extra Brut 2014<\/title>\n<meta name=\"description\" content=\"Kaufe Larmandier-Bernier Vieille Vigne du Levant Grand Cru blanc de blancs Extra Brut 2014 (Chardonnay, trocken Schaumwein aus Champagne, Frankreich) bei Wein Werte, Ihrem nachhaltigen Onlineshop.\" \/>\n<meta name=\"robots\" content=\"index, follow, max-snippet:-1, max-image-preview:large, max-video-preview:-1\" \/>\n<link rel=\"canonical\" href=\"https:\/\/wein-werte.com\/de\/produkt\/larmandier-bernier-vieille-vigne-du-levant-grand-cru-blanc-de-blancs-extra-brut-2014-750ml\/\" \/>\n<meta property=\"og:locale\" content=\"de_DE\" \/>\n<meta property=\"og:type\" content=\"article\" \/>\n<meta property=\"og:title\" content=\"Larmandier-Bernier Vieille Vigne du Levant Grand Cru blanc de blancs Extra Brut 2014\" \/>\n<meta property=\"og:description\" content=\"Kaufe Larmandier-Bernier Vieille Vigne du Levant Grand Cru blanc de blancs Extra Brut 2014 (Chardonnay, trocken Schaumwein aus Champagne, Frankreich) bei Wein Werte, Ihrem nachhaltigen Onlineshop.\" \/>\n<meta property=\"og:url\" content=\"https:\/\/wein-werte.com\/de\/produkt\/larmandier-bernier-vieille-vigne-du-levant-grand-cru-blanc-de-blancs-extra-brut-2014-750ml\/\" \/>\n<meta property=\"og:site_name\" content=\"Wein Werte\" \/>\n<meta property=\"og:image\" content=\"https:\/\/wein-werte.com\/wp-content\/uploads\/2026\/04\/Larmandier-Bernier-Vieille-Vigne-du-Levant-Grand-Cru-blanc-de-blancs-Extra-Brut-2014-750ml.png\" \/>\n\t<meta property=\"og:image:width\" content=\"324\" \/>\n\t<meta property=\"og:image:height\" content=\"1200\" \/>\n\t<meta property=\"og:image:type\" content=\"image\/png\" \/>\n<meta name=\"twitter:card\" content=\"summary_large_image\" \/>\n<meta name=\"twitter:label1\" content=\"Gesch\u00e4tzte Lesezeit\" \/>\n\t<meta name=\"twitter:data1\" content=\"2\u00a0Minuten\" \/>\n<script type=\"application\/ld+json\" class=\"yoast-schema-graph\">{\"@context\":\"https:\\\/\\\/schema.org\",\"@graph\":[{\"@type\":\"WebPage\",\"@id\":\"https:\\\/\\\/wein-werte.com\\\/de\\\/produkt\\\/larmandier-bernier-vieille-vigne-du-levant-grand-cru-blanc-de-blancs-extra-brut-2014-750ml\\\/\",\"url\":\"https:\\\/\\\/wein-werte.com\\\/de\\\/produkt\\\/larmandier-bernier-vieille-vigne-du-levant-grand-cru-blanc-de-blancs-extra-brut-2014-750ml\\\/\",\"name\":\"Larmandier-Bernier Vieille Vigne du Levant Grand Cru blanc de blancs Extra Brut 2014\",\"isPartOf\":{\"@id\":\"https:\\\/\\\/wein-werte.com\\\/de\\\/#website\"},\"primaryImageOfPage\":{\"@id\":\"https:\\\/\\\/wein-werte.com\\\/de\\\/produkt\\\/larmandier-bernier-vieille-vigne-du-levant-grand-cru-blanc-de-blancs-extra-brut-2014-750ml\\\/#primaryimage\"},\"image\":{\"@id\":\"https:\\\/\\\/wein-werte.com\\\/de\\\/produkt\\\/larmandier-bernier-vieille-vigne-du-levant-grand-cru-blanc-de-blancs-extra-brut-2014-750ml\\\/#primaryimage\"},\"thumbnailUrl\":\"https:\\\/\\\/wein-werte.com\\\/wp-content\\\/uploads\\\/2026\\\/04\\\/Larmandier-Bernier-Vieille-Vigne-du-Levant-Grand-Cru-blanc-de-blancs-Extra-Brut-2014-750ml.png\",\"datePublished\":\"2026-05-08T18:04:31+00:00\",\"description\":\"Kaufe Larmandier-Bernier Vieille Vigne du Levant Grand Cru blanc de blancs Extra Brut 2014 (Chardonnay, trocken Schaumwein aus Champagne, Frankreich) bei Wein Werte, Ihrem nachhaltigen Onlineshop.\",\"breadcrumb\":{\"@id\":\"https:\\\/\\\/wein-werte.com\\\/de\\\/produkt\\\/larmandier-bernier-vieille-vigne-du-levant-grand-cru-blanc-de-blancs-extra-brut-2014-750ml\\\/#breadcrumb\"},\"inLanguage\":\"de\",\"potentialAction\":[{\"@type\":\"ReadAction\",\"target\":[\"https:\\\/\\\/wein-werte.com\\\/de\\\/produkt\\\/larmandier-bernier-vieille-vigne-du-levant-grand-cru-blanc-de-blancs-extra-brut-2014-750ml\\\/\"]}]},{\"@type\":\"ImageObject\",\"inLanguage\":\"de\",\"@id\":\"https:\\\/\\\/wein-werte.com\\\/de\\\/produkt\\\/larmandier-bernier-vieille-vigne-du-levant-grand-cru-blanc-de-blancs-extra-brut-2014-750ml\\\/#primaryimage\",\"url\":\"https:\\\/\\\/wein-werte.com\\\/wp-content\\\/uploads\\\/2026\\\/04\\\/Larmandier-Bernier-Vieille-Vigne-du-Levant-Grand-Cru-blanc-de-blancs-Extra-Brut-2014-750ml.png\",\"contentUrl\":\"https:\\\/\\\/wein-werte.com\\\/wp-content\\\/uploads\\\/2026\\\/04\\\/Larmandier-Bernier-Vieille-Vigne-du-Levant-Grand-Cru-blanc-de-blancs-Extra-Brut-2014-750ml.png\",\"width\":324,\"height\":1200,\"caption\":\"Larmandier-Bernier Vieille Vigne du Levant Grand Cru Blanc de Blancs Extra Brut 2014 750ml\"},{\"@type\":\"BreadcrumbList\",\"@id\":\"https:\\\/\\\/wein-werte.com\\\/de\\\/produkt\\\/larmandier-bernier-vieille-vigne-du-levant-grand-cru-blanc-de-blancs-extra-brut-2014-750ml\\\/#breadcrumb\",\"itemListElement\":[{\"@type\":\"ListItem\",\"position\":1,\"name\":\"Home\",\"item\":\"https:\\\/\\\/wein-werte.com\\\/de\\\/\"},{\"@type\":\"ListItem\",\"position\":2,\"name\":\"Shop\",\"item\":\"https:\\\/\\\/wein-werte.com\\\/de\\\/shop\\\/\"},{\"@type\":\"ListItem\",\"position\":3,\"name\":\"Larmandier-Bernier | Champagne | Vieille Vigne du Levant Grand Cru Blanc de Blancs Extra Brut | 2014 | 750ml | bio\"}]},{\"@type\":\"WebSite\",\"@id\":\"https:\\\/\\\/wein-werte.com\\\/de\\\/#website\",\"url\":\"https:\\\/\\\/wein-werte.com\\\/de\\\/\",\"name\":\"Wein Werte\",\"description\":\"\",\"publisher\":{\"@id\":\"https:\\\/\\\/wein-werte.com\\\/de\\\/#organization\"},\"potentialAction\":[{\"@type\":\"SearchAction\",\"target\":{\"@type\":\"EntryPoint\",\"urlTemplate\":\"https:\\\/\\\/wein-werte.com\\\/de\\\/?s={search_term_string}\"},\"query-input\":{\"@type\":\"PropertyValueSpecification\",\"valueRequired\":true,\"valueName\":\"search_term_string\"}}],\"inLanguage\":\"de\"},{\"@type\":\"Organization\",\"@id\":\"https:\\\/\\\/wein-werte.com\\\/de\\\/#organization\",\"name\":\"Vins Fins Thorrold\",\"url\":\"https:\\\/\\\/wein-werte.com\\\/de\\\/\",\"logo\":{\"@type\":\"ImageObject\",\"inLanguage\":\"de\",\"@id\":\"https:\\\/\\\/wein-werte.com\\\/de\\\/#\\\/schema\\\/logo\\\/image\\\/\",\"url\":\"https:\\\/\\\/wein-werte.com\\\/wp-content\\\/uploads\\\/2023\\\/07\\\/Wein_werte_Logo700-1.png\",\"contentUrl\":\"https:\\\/\\\/wein-werte.com\\\/wp-content\\\/uploads\\\/2023\\\/07\\\/Wein_werte_Logo700-1.png\",\"width\":700,\"height\":272,\"caption\":\"Vins Fins Thorrold\"},\"image\":{\"@id\":\"https:\\\/\\\/wein-werte.com\\\/de\\\/#\\\/schema\\\/logo\\\/image\\\/\"}}]}<\/script>\n<!-- \/ Yoast SEO plugin. -->","yoast_head_json":{"title":"Larmandier-Bernier Vieille Vigne du Levant Grand Cru blanc de blancs Extra Brut 2014","description":"Kaufe Larmandier-Bernier Vieille Vigne du Levant Grand Cru blanc de blancs Extra Brut 2014 (Chardonnay, trocken Schaumwein aus Champagne, Frankreich) bei Wein Werte, Ihrem nachhaltigen Onlineshop.","robots":{"index":"index","follow":"follow","max-snippet":"max-snippet:-1","max-image-preview":"max-image-preview:large","max-video-preview":"max-video-preview:-1"},"canonical":"https:\/\/wein-werte.com\/de\/produkt\/larmandier-bernier-vieille-vigne-du-levant-grand-cru-blanc-de-blancs-extra-brut-2014-750ml\/","og_locale":"de_DE","og_type":"article","og_title":"Larmandier-Bernier Vieille Vigne du Levant Grand Cru blanc de blancs Extra Brut 2014","og_description":"Kaufe Larmandier-Bernier Vieille Vigne du Levant Grand Cru blanc de blancs Extra Brut 2014 (Chardonnay, trocken Schaumwein aus Champagne, Frankreich) bei Wein Werte, Ihrem nachhaltigen Onlineshop.","og_url":"https:\/\/wein-werte.com\/de\/produkt\/larmandier-bernier-vieille-vigne-du-levant-grand-cru-blanc-de-blancs-extra-brut-2014-750ml\/","og_site_name":"Wein Werte","og_image":[{"width":324,"height":1200,"url":"https:\/\/wein-werte.com\/wp-content\/uploads\/2026\/04\/Larmandier-Bernier-Vieille-Vigne-du-Levant-Grand-Cru-blanc-de-blancs-Extra-Brut-2014-750ml.png","type":"image\/png"}],"twitter_card":"summary_large_image","twitter_misc":{"Gesch\u00e4tzte Lesezeit":"2\u00a0Minuten"},"schema":{"@context":"https:\/\/schema.org","@graph":[{"@type":"WebPage","@id":"https:\/\/wein-werte.com\/de\/produkt\/larmandier-bernier-vieille-vigne-du-levant-grand-cru-blanc-de-blancs-extra-brut-2014-750ml\/","url":"https:\/\/wein-werte.com\/de\/produkt\/larmandier-bernier-vieille-vigne-du-levant-grand-cru-blanc-de-blancs-extra-brut-2014-750ml\/","name":"Larmandier-Bernier Vieille Vigne du Levant Grand Cru blanc de blancs Extra Brut 2014","isPartOf":{"@id":"https:\/\/wein-werte.com\/de\/#website"},"primaryImageOfPage":{"@id":"https:\/\/wein-werte.com\/de\/produkt\/larmandier-bernier-vieille-vigne-du-levant-grand-cru-blanc-de-blancs-extra-brut-2014-750ml\/#primaryimage"},"image":{"@id":"https:\/\/wein-werte.com\/de\/produkt\/larmandier-bernier-vieille-vigne-du-levant-grand-cru-blanc-de-blancs-extra-brut-2014-750ml\/#primaryimage"},"thumbnailUrl":"https:\/\/wein-werte.com\/wp-content\/uploads\/2026\/04\/Larmandier-Bernier-Vieille-Vigne-du-Levant-Grand-Cru-blanc-de-blancs-Extra-Brut-2014-750ml.png","datePublished":"2026-05-08T18:04:31+00:00","description":"Kaufe Larmandier-Bernier Vieille Vigne du Levant Grand Cru blanc de blancs Extra Brut 2014 (Chardonnay, trocken Schaumwein aus Champagne, Frankreich) bei Wein Werte, Ihrem nachhaltigen Onlineshop.","breadcrumb":{"@id":"https:\/\/wein-werte.com\/de\/produkt\/larmandier-bernier-vieille-vigne-du-levant-grand-cru-blanc-de-blancs-extra-brut-2014-750ml\/#breadcrumb"},"inLanguage":"de","potentialAction":[{"@type":"ReadAction","target":["https:\/\/wein-werte.com\/de\/produkt\/larmandier-bernier-vieille-vigne-du-levant-grand-cru-blanc-de-blancs-extra-brut-2014-750ml\/"]}]},{"@type":"ImageObject","inLanguage":"de","@id":"https:\/\/wein-werte.com\/de\/produkt\/larmandier-bernier-vieille-vigne-du-levant-grand-cru-blanc-de-blancs-extra-brut-2014-750ml\/#primaryimage","url":"https:\/\/wein-werte.com\/wp-content\/uploads\/2026\/04\/Larmandier-Bernier-Vieille-Vigne-du-Levant-Grand-Cru-blanc-de-blancs-Extra-Brut-2014-750ml.png","contentUrl":"https:\/\/wein-werte.com\/wp-content\/uploads\/2026\/04\/Larmandier-Bernier-Vieille-Vigne-du-Levant-Grand-Cru-blanc-de-blancs-Extra-Brut-2014-750ml.png","width":324,"height":1200,"caption":"Larmandier-Bernier Vieille Vigne du Levant Grand Cru Blanc de Blancs Extra Brut 2014 750ml"},{"@type":"BreadcrumbList","@id":"https:\/\/wein-werte.com\/de\/produkt\/larmandier-bernier-vieille-vigne-du-levant-grand-cru-blanc-de-blancs-extra-brut-2014-750ml\/#breadcrumb","itemListElement":[{"@type":"ListItem","position":1,"name":"Home","item":"https:\/\/wein-werte.com\/de\/"},{"@type":"ListItem","position":2,"name":"Shop","item":"https:\/\/wein-werte.com\/de\/shop\/"},{"@type":"ListItem","position":3,"name":"Larmandier-Bernier | Champagne | Vieille Vigne du Levant Grand Cru Blanc de Blancs Extra Brut | 2014 | 750ml | bio"}]},{"@type":"WebSite","@id":"https:\/\/wein-werte.com\/de\/#website","url":"https:\/\/wein-werte.com\/de\/","name":"Wein Werte","description":"","publisher":{"@id":"https:\/\/wein-werte.com\/de\/#organization"},"potentialAction":[{"@type":"SearchAction","target":{"@type":"EntryPoint","urlTemplate":"https:\/\/wein-werte.com\/de\/?s={search_term_string}"},"query-input":{"@type":"PropertyValueSpecification","valueRequired":true,"valueName":"search_term_string"}}],"inLanguage":"de"},{"@type":"Organization","@id":"https:\/\/wein-werte.com\/de\/#organization","name":"Vins Fins Thorrold","url":"https:\/\/wein-werte.com\/de\/","logo":{"@type":"ImageObject","inLanguage":"de","@id":"https:\/\/wein-werte.com\/de\/#\/schema\/logo\/image\/","url":"https:\/\/wein-werte.com\/wp-content\/uploads\/2023\/07\/Wein_werte_Logo700-1.png","contentUrl":"https:\/\/wein-werte.com\/wp-content\/uploads\/2023\/07\/Wein_werte_Logo700-1.png","width":700,"height":272,"caption":"Vins Fins Thorrold"},"image":{"@id":"https:\/\/wein-werte.com\/de\/#\/schema\/logo\/image\/"}}]}},"_links":{"self":[{"href":"https:\/\/wein-werte.com\/de\/wp-json\/wp\/v2\/product\/1133004","targetHints":{"allow":["GET"]}}],"collection":[{"href":"https:\/\/wein-werte.com\/de\/wp-json\/wp\/v2\/product"}],"about":[{"href":"https:\/\/wein-werte.com\/de\/wp-json\/wp\/v2\/types\/product"}],"wp:featuredmedia":[{"embeddable":true,"href":"https:\/\/wein-werte.com\/de\/wp-json\/wp\/v2\/media\/1143532"}],"wp:attachment":[{"href":"https:\/\/wein-werte.com\/de\/wp-json\/wp\/v2\/media?parent=1133004"}],"wp:term":[{"taxonomy":"product_brand","embeddable":true,"href":"https:\/\/wein-werte.com\/de\/wp-json\/wp\/v2\/product_brand?post=1133004"},{"taxonomy":"product_cat","embeddable":true,"href":"https:\/\/wein-werte.com\/de\/wp-json\/wp\/v2\/product_cat?post=1133004"},{"taxonomy":"product_tag","embeddable":true,"href":"https:\/\/wein-werte.com\/de\/wp-json\/wp\/v2\/product_tag?post=1133004"}],"curies":[{"name":"wp","href":"https:\/\/api.w.org\/{rel}","templated":true}]}}