{"id":1132966,"date":"2026-05-08T20:04:29","date_gmt":"2026-05-08T18:04:29","guid":{"rendered":"https:\/\/wein-werte.com\/product\/larmandier-bernier-latitude-blanc-de-blancs-extra-brut-750ml\/"},"modified":"2026-04-27T11:49:50","modified_gmt":"2026-04-27T09:49:50","slug":"larmandier-bernier-latitude-blanc-de-blancs-extra-brut-750ml","status":"publish","type":"product","link":"https:\/\/wein-werte.com\/de\/produkt\/larmandier-bernier-latitude-blanc-de-blancs-extra-brut-750ml\/","title":{"rendered":"Larmandier-Bernier | Champagne | Latitude, Blanc de Blancs Extra Brut | NV | 750ml"},"content":{"rendered":"<p>Produktbeschreibung f\u00fcr Larmandier-Bernier Latitude, Blanc de Blancs Extra Brut NV <\/p>\n<p> Christoph Raffelt: Am Gaumen gibt sich der Latitude \u00fcberaus pr\u00e4zise, klar und pur. Er ist genau so, wie man es von einem jungen Blanc de Blancs von der Kreide erwartet. Zugleich macht sich hier aber auch eine gewisse richness, wie der Engl\u00e4nder es formulieren w\u00fcrde, bemerkbar. Es ist die W\u00e4rme der s\u00fcdlichen Vertus-Lagen, die hier zum Tragen kommt und dem Wein eine sch\u00f6ne F\u00fclle und Tiefe verleiht. <\/p>\n<h5>Wein<\/h5>\n<p> Champagne Larmandier-Bernier Latitude Extra-Brut <\/p>\n<h5>Wein<\/h5>\n<p> Die Chardonnay-Reben des Latitude (fr\u00fcher Tradition) stammen aus den etwas flacheren s\u00fcdlichen, w\u00e4rmeren Lagen von Vertus. Der Latitude ist eine Cuv\u00e9e von Weinen aus bis zu sechs Jahrg\u00e4ngen. Er wird \u00fcber 24 Monate sur lattes ausgebaut, degorgiert und erh\u00e4lt vier Gramm Dosage. <\/p>\n<h5>Farbe<\/h5>\n<p> zitronengelb, lebendiges gro\u00dfperliges Mousseux <\/p>\n<h5>Nase<\/h5>\n<p> Der Blanc de Blancs aus Vertus zeigt sich von der hellen, klaren und kr\u00e4uterw\u00fcrzigen Seite. Schon in der Nase wirkt der Latitude g\u00e4nzlich trocken, kreidig, zitrusfrisch und erinnert in seiner Frucht an wei\u00dfe Erdbeeren. Vor allem aber sind es die Kr\u00e4uter und ein leicht herber Duft von Tonic Water, die hier die Hauptrolle spielen. <\/p>\n<h5>Gaumen<\/h5>\n<p> Am Gaumen gibt sich der Latitude \u00fcberaus pr\u00e4zise, klar und pur. Er ist genau so, wie man es von einem jungen Blanc de Blancs von der Kreide erwartet. Zugleich macht sich hier aber auch eine gewisse richness, wie der Engl\u00e4nder es formulieren w\u00fcrde, bemerkbar. Es ist die W\u00e4rme der s\u00fcdlichen Vertus-Lagen, die hier zum Tragen kommt und dem Wein eine sch\u00f6ne F\u00fclle und Tiefe verleiht.<\/p>\n<p>Copyright Vinaturel 2025<\/p>\n<p>Keywords: <a href=\"https:\/\/wein-werte.com\/de\/shop\/?swoof=1&#038;pa_producer=Larmandier-Bernier\">Larmandier-Bernier<\/a> <a href=\"https:\/\/wein-werte.com\/de\/shop\/?swoof=1&#038;woof_text=Latitude, Blanc de Blancs Extra Brut\">Latitude, Blanc de Blancs Extra Brut<\/a> NV  <a href=\"https:\/\/wein-werte.com\/de\/shop\/?swoof=1&#038;pa_region=Champagne\">Champagne<\/a> <a href=\"https:\/\/wein-werte.com\/de\/shop\/?swoof=1&#038;pa_country=Frankreich\">Frankreich<\/a><\/p>\n<h3>Wine Advocate<\/h3>\n<p>Punkte: 91<\/p>\n<p>Die neueste Version von Larmandier-Berniers NV Extra-Brut Blanc de Blancs Latitude basiert auf dem Jahrgang 2021 (60 %), wurde vollst\u00e4ndig in Holzf\u00e4ssern ausgebaut und durch eine bis ins Jahr 2004 zur\u00fcckreichende Assemblage erg\u00e4nzt. Parzellen auf reicheren B\u00f6den, meist nach Osten und S\u00fcdosten ausgerichtet, liefern rundere, vollmundigere Weine, und das gilt auch f\u00fcr den Jahrgang 2021. Er entfaltet sich im Glas mit Aromen von Birne, Akazie und Geb\u00e4ck und ist vollmundiger als der Longitude, mit reifer, aber lebendiger S\u00e4ure und einer weichen Mousse. Degorgiert im Februar 2024 mit einer Dosage von drei Gramm pro Liter, ergibt er einen tollen Vergleich, wenn er zusammen mit dem Longitude verkostet wird.<br \/>David Schildknecht<\/p>\n<h3>Vinous<\/h3>\n<p>Punkte: 91<\/p>\n<p>Der NV Extra Brut Blanc de Blancs Latitude 1er Cru ist hell, ausdrucksstark und charaktervoll. In dieser Version pr\u00e4sentiert sich der Latitude ausgesprochen blumig und spr\u00fcht vor Energie. Wei\u00dfe Bl\u00fcten, Birne, Minze, wei\u00dfer Pfeffer und Kreide rasen \u00fcber den Gaumen. Diese Abf\u00fcllung ist eine Cuv\u00e9e aus 60 % 2021er und 40 % Reserveweinen aus einer seit 2004 bestehenden Cuv\u00e9e. Ein absoluter Spitzenwein. Die Dosage betr\u00e4gt 3 Gramm pro Liter. Degorgiert: Februar 2024. \u2013 Antonio Galloni<br \/>Trinkzeitraum: 2024\u20132032<br \/>Review-Datum: M\u00e4rz 2024<\/p>\n<p>Internetseite des Weinguts: <a href=\"https:\/\/larmandier.fr\/en\/\" target=\"_blank\">https:\/\/larmandier.fr\/en\/<\/a><\/p>\n","protected":false},"excerpt":{"rendered":"<p>Lieferzeit: 1 bis 2 Arbeitstage (DE), 2 bis 5 Arbeitstage (EU and CH)<\/p>\n","protected":false},"featured_media":1143502,"template":"","meta":[],"product_brand":[],"product_cat":[19],"product_tag":[],"class_list":{"0":"post-1132966","1":"product","2":"type-product","3":"status-publish","4":"has-post-thumbnail","6":"product_cat-unkategorisiert","7":"pa_alcohol-for-filter-12-5","8":"pa_certified-biodynamic-nein-de","9":"pa_certified-organic-nein-de","10":"pa_colour-weiss","11":"pa_country-frankreich","12":"pa_grape-chardonnay","13":"pa_parker-points-for-filter-91-de-2","14":"pa_price-for-filter-10565","15":"pa_producer-larmandier-bernier","16":"pa_region-champagne","17":"pa_size-ml-6584","18":"pa_sweetness-trocken-de","19":"pa_type-2-champagner","20":"pa_vinous-points-for-filter-20027","21":"pa_vintage-nv-de","22":"entry","23":"has-media","25":"first","26":"instock","27":"taxable","28":"shipping-taxable","29":"purchasable","30":"product-type-simple"},"yoast_head":"<!-- This site is optimized with the Yoast SEO plugin v27.5 - https:\/\/yoast.com\/product\/yoast-seo-wordpress\/ -->\n<title>Larmandier-Bernier Latitude blanc de blancs Extra Brut<\/title>\n<meta name=\"description\" content=\"Kaufe Larmandier-Bernier Latitude blanc de blancs Extra Brut (Chardonnay, trocken Schaumwein aus Champagne, Frankreich) bei Wein Werte, Ihrem nachhaltigen Onlineshop.\" \/>\n<meta name=\"robots\" content=\"index, follow, max-snippet:-1, max-image-preview:large, max-video-preview:-1\" \/>\n<link rel=\"canonical\" href=\"https:\/\/wein-werte.com\/de\/produkt\/larmandier-bernier-latitude-blanc-de-blancs-extra-brut-750ml\/\" \/>\n<meta property=\"og:locale\" content=\"de_DE\" \/>\n<meta property=\"og:type\" content=\"article\" \/>\n<meta property=\"og:title\" content=\"Larmandier-Bernier Latitude blanc de blancs Extra Brut\" \/>\n<meta property=\"og:description\" content=\"Kaufe Larmandier-Bernier Latitude blanc de blancs Extra Brut (Chardonnay, trocken Schaumwein aus Champagne, Frankreich) bei Wein Werte, Ihrem nachhaltigen Onlineshop.\" \/>\n<meta property=\"og:url\" content=\"https:\/\/wein-werte.com\/de\/produkt\/larmandier-bernier-latitude-blanc-de-blancs-extra-brut-750ml\/\" \/>\n<meta property=\"og:site_name\" content=\"Wein Werte\" \/>\n<meta property=\"og:image\" content=\"https:\/\/wein-werte.com\/wp-content\/uploads\/2026\/04\/Larmandier-Bernier-Latitude-blanc-de-blancs-Extra-Brut-750ml.png\" \/>\n\t<meta property=\"og:image:width\" content=\"327\" \/>\n\t<meta property=\"og:image:height\" content=\"1200\" \/>\n\t<meta property=\"og:image:type\" content=\"image\/png\" \/>\n<meta name=\"twitter:card\" content=\"summary_large_image\" \/>\n<meta name=\"twitter:label1\" content=\"Gesch\u00e4tzte Lesezeit\" \/>\n\t<meta name=\"twitter:data1\" content=\"2\u00a0Minuten\" \/>\n<script type=\"application\/ld+json\" class=\"yoast-schema-graph\">{\"@context\":\"https:\\\/\\\/schema.org\",\"@graph\":[{\"@type\":\"WebPage\",\"@id\":\"https:\\\/\\\/wein-werte.com\\\/de\\\/produkt\\\/larmandier-bernier-latitude-blanc-de-blancs-extra-brut-750ml\\\/\",\"url\":\"https:\\\/\\\/wein-werte.com\\\/de\\\/produkt\\\/larmandier-bernier-latitude-blanc-de-blancs-extra-brut-750ml\\\/\",\"name\":\"Larmandier-Bernier Latitude blanc de blancs Extra Brut\",\"isPartOf\":{\"@id\":\"https:\\\/\\\/wein-werte.com\\\/de\\\/#website\"},\"primaryImageOfPage\":{\"@id\":\"https:\\\/\\\/wein-werte.com\\\/de\\\/produkt\\\/larmandier-bernier-latitude-blanc-de-blancs-extra-brut-750ml\\\/#primaryimage\"},\"image\":{\"@id\":\"https:\\\/\\\/wein-werte.com\\\/de\\\/produkt\\\/larmandier-bernier-latitude-blanc-de-blancs-extra-brut-750ml\\\/#primaryimage\"},\"thumbnailUrl\":\"https:\\\/\\\/wein-werte.com\\\/wp-content\\\/uploads\\\/2026\\\/04\\\/Larmandier-Bernier-Latitude-blanc-de-blancs-Extra-Brut-750ml.png\",\"datePublished\":\"2026-05-08T18:04:29+00:00\",\"description\":\"Kaufe Larmandier-Bernier Latitude blanc de blancs Extra Brut (Chardonnay, trocken Schaumwein aus Champagne, Frankreich) bei Wein Werte, Ihrem nachhaltigen Onlineshop.\",\"breadcrumb\":{\"@id\":\"https:\\\/\\\/wein-werte.com\\\/de\\\/produkt\\\/larmandier-bernier-latitude-blanc-de-blancs-extra-brut-750ml\\\/#breadcrumb\"},\"inLanguage\":\"de\",\"potentialAction\":[{\"@type\":\"ReadAction\",\"target\":[\"https:\\\/\\\/wein-werte.com\\\/de\\\/produkt\\\/larmandier-bernier-latitude-blanc-de-blancs-extra-brut-750ml\\\/\"]}]},{\"@type\":\"ImageObject\",\"inLanguage\":\"de\",\"@id\":\"https:\\\/\\\/wein-werte.com\\\/de\\\/produkt\\\/larmandier-bernier-latitude-blanc-de-blancs-extra-brut-750ml\\\/#primaryimage\",\"url\":\"https:\\\/\\\/wein-werte.com\\\/wp-content\\\/uploads\\\/2026\\\/04\\\/Larmandier-Bernier-Latitude-blanc-de-blancs-Extra-Brut-750ml.png\",\"contentUrl\":\"https:\\\/\\\/wein-werte.com\\\/wp-content\\\/uploads\\\/2026\\\/04\\\/Larmandier-Bernier-Latitude-blanc-de-blancs-Extra-Brut-750ml.png\",\"width\":327,\"height\":1200,\"caption\":\"Larmandier-Bernier Latitude, Blanc de Blancs Extra Brut NV 750ml\"},{\"@type\":\"BreadcrumbList\",\"@id\":\"https:\\\/\\\/wein-werte.com\\\/de\\\/produkt\\\/larmandier-bernier-latitude-blanc-de-blancs-extra-brut-750ml\\\/#breadcrumb\",\"itemListElement\":[{\"@type\":\"ListItem\",\"position\":1,\"name\":\"Home\",\"item\":\"https:\\\/\\\/wein-werte.com\\\/de\\\/\"},{\"@type\":\"ListItem\",\"position\":2,\"name\":\"Shop\",\"item\":\"https:\\\/\\\/wein-werte.com\\\/de\\\/shop\\\/\"},{\"@type\":\"ListItem\",\"position\":3,\"name\":\"Larmandier-Bernier | Champagne | Latitude, Blanc de Blancs Extra Brut | NV | 750ml\"}]},{\"@type\":\"WebSite\",\"@id\":\"https:\\\/\\\/wein-werte.com\\\/de\\\/#website\",\"url\":\"https:\\\/\\\/wein-werte.com\\\/de\\\/\",\"name\":\"Wein Werte\",\"description\":\"\",\"publisher\":{\"@id\":\"https:\\\/\\\/wein-werte.com\\\/de\\\/#organization\"},\"potentialAction\":[{\"@type\":\"SearchAction\",\"target\":{\"@type\":\"EntryPoint\",\"urlTemplate\":\"https:\\\/\\\/wein-werte.com\\\/de\\\/?s={search_term_string}\"},\"query-input\":{\"@type\":\"PropertyValueSpecification\",\"valueRequired\":true,\"valueName\":\"search_term_string\"}}],\"inLanguage\":\"de\"},{\"@type\":\"Organization\",\"@id\":\"https:\\\/\\\/wein-werte.com\\\/de\\\/#organization\",\"name\":\"Vins Fins Thorrold\",\"url\":\"https:\\\/\\\/wein-werte.com\\\/de\\\/\",\"logo\":{\"@type\":\"ImageObject\",\"inLanguage\":\"de\",\"@id\":\"https:\\\/\\\/wein-werte.com\\\/de\\\/#\\\/schema\\\/logo\\\/image\\\/\",\"url\":\"https:\\\/\\\/wein-werte.com\\\/wp-content\\\/uploads\\\/2023\\\/07\\\/Wein_werte_Logo700-1.png\",\"contentUrl\":\"https:\\\/\\\/wein-werte.com\\\/wp-content\\\/uploads\\\/2023\\\/07\\\/Wein_werte_Logo700-1.png\",\"width\":700,\"height\":272,\"caption\":\"Vins Fins Thorrold\"},\"image\":{\"@id\":\"https:\\\/\\\/wein-werte.com\\\/de\\\/#\\\/schema\\\/logo\\\/image\\\/\"}}]}<\/script>\n<!-- \/ Yoast SEO plugin. -->","yoast_head_json":{"title":"Larmandier-Bernier Latitude blanc de blancs Extra Brut","description":"Kaufe Larmandier-Bernier Latitude blanc de blancs Extra Brut (Chardonnay, trocken Schaumwein aus Champagne, Frankreich) bei Wein Werte, Ihrem nachhaltigen Onlineshop.","robots":{"index":"index","follow":"follow","max-snippet":"max-snippet:-1","max-image-preview":"max-image-preview:large","max-video-preview":"max-video-preview:-1"},"canonical":"https:\/\/wein-werte.com\/de\/produkt\/larmandier-bernier-latitude-blanc-de-blancs-extra-brut-750ml\/","og_locale":"de_DE","og_type":"article","og_title":"Larmandier-Bernier Latitude blanc de blancs Extra Brut","og_description":"Kaufe Larmandier-Bernier Latitude blanc de blancs Extra Brut (Chardonnay, trocken Schaumwein aus Champagne, Frankreich) bei Wein Werte, Ihrem nachhaltigen Onlineshop.","og_url":"https:\/\/wein-werte.com\/de\/produkt\/larmandier-bernier-latitude-blanc-de-blancs-extra-brut-750ml\/","og_site_name":"Wein Werte","og_image":[{"width":327,"height":1200,"url":"https:\/\/wein-werte.com\/wp-content\/uploads\/2026\/04\/Larmandier-Bernier-Latitude-blanc-de-blancs-Extra-Brut-750ml.png","type":"image\/png"}],"twitter_card":"summary_large_image","twitter_misc":{"Gesch\u00e4tzte Lesezeit":"2\u00a0Minuten"},"schema":{"@context":"https:\/\/schema.org","@graph":[{"@type":"WebPage","@id":"https:\/\/wein-werte.com\/de\/produkt\/larmandier-bernier-latitude-blanc-de-blancs-extra-brut-750ml\/","url":"https:\/\/wein-werte.com\/de\/produkt\/larmandier-bernier-latitude-blanc-de-blancs-extra-brut-750ml\/","name":"Larmandier-Bernier Latitude blanc de blancs Extra Brut","isPartOf":{"@id":"https:\/\/wein-werte.com\/de\/#website"},"primaryImageOfPage":{"@id":"https:\/\/wein-werte.com\/de\/produkt\/larmandier-bernier-latitude-blanc-de-blancs-extra-brut-750ml\/#primaryimage"},"image":{"@id":"https:\/\/wein-werte.com\/de\/produkt\/larmandier-bernier-latitude-blanc-de-blancs-extra-brut-750ml\/#primaryimage"},"thumbnailUrl":"https:\/\/wein-werte.com\/wp-content\/uploads\/2026\/04\/Larmandier-Bernier-Latitude-blanc-de-blancs-Extra-Brut-750ml.png","datePublished":"2026-05-08T18:04:29+00:00","description":"Kaufe Larmandier-Bernier Latitude blanc de blancs Extra Brut (Chardonnay, trocken Schaumwein aus Champagne, Frankreich) bei Wein Werte, Ihrem nachhaltigen Onlineshop.","breadcrumb":{"@id":"https:\/\/wein-werte.com\/de\/produkt\/larmandier-bernier-latitude-blanc-de-blancs-extra-brut-750ml\/#breadcrumb"},"inLanguage":"de","potentialAction":[{"@type":"ReadAction","target":["https:\/\/wein-werte.com\/de\/produkt\/larmandier-bernier-latitude-blanc-de-blancs-extra-brut-750ml\/"]}]},{"@type":"ImageObject","inLanguage":"de","@id":"https:\/\/wein-werte.com\/de\/produkt\/larmandier-bernier-latitude-blanc-de-blancs-extra-brut-750ml\/#primaryimage","url":"https:\/\/wein-werte.com\/wp-content\/uploads\/2026\/04\/Larmandier-Bernier-Latitude-blanc-de-blancs-Extra-Brut-750ml.png","contentUrl":"https:\/\/wein-werte.com\/wp-content\/uploads\/2026\/04\/Larmandier-Bernier-Latitude-blanc-de-blancs-Extra-Brut-750ml.png","width":327,"height":1200,"caption":"Larmandier-Bernier Latitude, Blanc de Blancs Extra Brut NV 750ml"},{"@type":"BreadcrumbList","@id":"https:\/\/wein-werte.com\/de\/produkt\/larmandier-bernier-latitude-blanc-de-blancs-extra-brut-750ml\/#breadcrumb","itemListElement":[{"@type":"ListItem","position":1,"name":"Home","item":"https:\/\/wein-werte.com\/de\/"},{"@type":"ListItem","position":2,"name":"Shop","item":"https:\/\/wein-werte.com\/de\/shop\/"},{"@type":"ListItem","position":3,"name":"Larmandier-Bernier | Champagne | Latitude, Blanc de Blancs Extra Brut | NV | 750ml"}]},{"@type":"WebSite","@id":"https:\/\/wein-werte.com\/de\/#website","url":"https:\/\/wein-werte.com\/de\/","name":"Wein Werte","description":"","publisher":{"@id":"https:\/\/wein-werte.com\/de\/#organization"},"potentialAction":[{"@type":"SearchAction","target":{"@type":"EntryPoint","urlTemplate":"https:\/\/wein-werte.com\/de\/?s={search_term_string}"},"query-input":{"@type":"PropertyValueSpecification","valueRequired":true,"valueName":"search_term_string"}}],"inLanguage":"de"},{"@type":"Organization","@id":"https:\/\/wein-werte.com\/de\/#organization","name":"Vins Fins Thorrold","url":"https:\/\/wein-werte.com\/de\/","logo":{"@type":"ImageObject","inLanguage":"de","@id":"https:\/\/wein-werte.com\/de\/#\/schema\/logo\/image\/","url":"https:\/\/wein-werte.com\/wp-content\/uploads\/2023\/07\/Wein_werte_Logo700-1.png","contentUrl":"https:\/\/wein-werte.com\/wp-content\/uploads\/2023\/07\/Wein_werte_Logo700-1.png","width":700,"height":272,"caption":"Vins Fins Thorrold"},"image":{"@id":"https:\/\/wein-werte.com\/de\/#\/schema\/logo\/image\/"}}]}},"_links":{"self":[{"href":"https:\/\/wein-werte.com\/de\/wp-json\/wp\/v2\/product\/1132966","targetHints":{"allow":["GET"]}}],"collection":[{"href":"https:\/\/wein-werte.com\/de\/wp-json\/wp\/v2\/product"}],"about":[{"href":"https:\/\/wein-werte.com\/de\/wp-json\/wp\/v2\/types\/product"}],"wp:featuredmedia":[{"embeddable":true,"href":"https:\/\/wein-werte.com\/de\/wp-json\/wp\/v2\/media\/1143502"}],"wp:attachment":[{"href":"https:\/\/wein-werte.com\/de\/wp-json\/wp\/v2\/media?parent=1132966"}],"wp:term":[{"taxonomy":"product_brand","embeddable":true,"href":"https:\/\/wein-werte.com\/de\/wp-json\/wp\/v2\/product_brand?post=1132966"},{"taxonomy":"product_cat","embeddable":true,"href":"https:\/\/wein-werte.com\/de\/wp-json\/wp\/v2\/product_cat?post=1132966"},{"taxonomy":"product_tag","embeddable":true,"href":"https:\/\/wein-werte.com\/de\/wp-json\/wp\/v2\/product_tag?post=1132966"}],"curies":[{"name":"wp","href":"https:\/\/api.w.org\/{rel}","templated":true}]}}