{"id":1132940,"date":"2026-05-08T20:04:27","date_gmt":"2026-05-08T18:04:27","guid":{"rendered":"https:\/\/wein-werte.com\/product\/de-sousa-et-fils-coteaux-champenois-blanc-2020-750ml\/"},"modified":"2026-04-27T11:49:46","modified_gmt":"2026-04-27T09:49:46","slug":"de-sousa-et-fils-coteaux-champenois-blanc-2020-750ml","status":"publish","type":"product","link":"https:\/\/wein-werte.com\/de\/produkt\/de-sousa-et-fils-coteaux-champenois-blanc-2020-750ml\/","title":{"rendered":"De Sousa et Fils | Champagne | Coteaux Champenois, Blanc AOC | 2020 | 750ml | bio"},"content":{"rendered":"<p>Produktbeschreibung f\u00fcr De Sousa et Fils Coteaux Champenois, Blanc AOC 2020 (bio) <\/p>\n<h5>Farbe<\/h5>\n<p> Strohgelb mit leicht seidenmattem Schimmer. <\/p>\n<h5>Nase<\/h5>\n<p> Die Nase des 2020 Coteaux Champenoise Blanc von Champagne de Sousa ist derzeit noch gekr\u00f6nt von einer zarten Reduktionsnote, die an Gummiabrieb und Streichh\u00f6lzer erinnert. Mit zunehmender Bel\u00fcftung wandelt sich dieser Eindruck Richtung Lein\u00f6l, was f\u00fcr einen erdigen Bass sorgt. Die Melodief\u00fchrung ist New Wave-m\u00e4\u00dfig repetitiv, etwas k\u00fchl und zur\u00fcckgenommen, jedoch eing\u00e4ngig und catchy. Zitrus und nasse Flusskiesel pflastern den Weg direkt zur Bridge, gr\u00fcne Haseln\u00fcsse rasseln wie Maracas, bis im Refrain ins volle Horn geblasen wird. Kreidig-kalkige Hookline mit k\u00fchler Attit\u00fcde. <\/p>\n<h5>Mund<\/h5>\n<p> Griffig mit anst\u00e4ndigem Grip und jeder Menge Understatement, y\u2019know what I\u2019m sayin\u2019? Von der Zitrone nur das \u00d6l, pudrig feiner Gerbstoff sowie staubige Mineralik. Jedes Bestandteil als Extrakt, aber nur so viel wie n\u00f6tig, um die Konversation am Laufen zu halten. Die Antipode zum reichhaltigen Neue-Welt-Stil mit sattem Holz, krasser k\u00f6nnte man Gegens\u00e4tze kaum formulieren. Aber auch nicht weniger pr\u00e4zise. Handgeschmiedete Klinge, tausendfach gefaltet oder so.<\/p>\n<p>Copyright Vinaturel 2025<\/p>\n<p>Keywords: <a href=\"https:\/\/wein-werte.com\/de\/shop\/?swoof=1&#038;pa_producer=De-Sousa-et-Fils\">De Sousa et Fils<\/a> <a href=\"https:\/\/wein-werte.com\/de\/shop\/?swoof=1&#038;woof_text=Coteaux Champenois, Blanc AOC\">Coteaux Champenois, Blanc AOC<\/a> 2020 bio <a href=\"https:\/\/wein-werte.com\/de\/shop\/?swoof=1&#038;pa_region=Champagne\">Champagne<\/a> <a href=\"https:\/\/wein-werte.com\/de\/shop\/?swoof=1&#038;pa_country=Frankreich\">Frankreich<\/a><\/p>\n<p>Internetseite des Weinguts: <a href=\"https:\/\/www.champagnedesousa.com\/en\/home\/\" target=\"_blank\">https:\/\/www.champagnedesousa.com\/en\/home\/<\/a><\/p>\n","protected":false},"excerpt":{"rendered":"<p>Lieferzeit: 1 bis 2 Arbeitstage (DE), 2 bis 5 Arbeitstage (EU and CH)<\/p>\n","protected":false},"featured_media":1143482,"template":"","meta":[],"product_brand":[],"product_cat":[19],"product_tag":[],"class_list":{"0":"post-1132940","1":"product","2":"type-product","3":"status-publish","4":"has-post-thumbnail","6":"product_cat-unkategorisiert","7":"pa_alcohol-for-filter-12-5","8":"pa_certified-biodynamic-ja-de","9":"pa_certified-organic-ja-de","10":"pa_colour-weiss","11":"pa_country-frankreich","12":"pa_grape-chardonnay","13":"pa_price-for-filter-10643","14":"pa_producer-de-sousa-et-fils","15":"pa_region-champagne","16":"pa_size-ml-6584","17":"pa_sweetness-trocken-de","18":"pa_type-2-still-de","19":"pa_vintage-2020-de","20":"entry","21":"has-media","23":"first","24":"instock","25":"taxable","26":"shipping-taxable","27":"purchasable","28":"product-type-simple"},"yoast_head":"<!-- This site is optimized with the Yoast SEO plugin v27.5 - https:\/\/yoast.com\/product\/yoast-seo-wordpress\/ -->\n<title>De Sousa et Fils Coteaux Champenois blanc 2020<\/title>\n<meta name=\"description\" content=\"Kaufe De Sousa et Fils Coteaux Champenois blanc 2020 (Chardonnay, trocken aus Champagne, Frankreich) bei Wein Werte, Ihrem nachhaltigen Onlineshop.\" \/>\n<meta name=\"robots\" content=\"index, follow, max-snippet:-1, max-image-preview:large, max-video-preview:-1\" \/>\n<link rel=\"canonical\" href=\"https:\/\/wein-werte.com\/de\/produkt\/de-sousa-et-fils-coteaux-champenois-blanc-2020-750ml\/\" \/>\n<meta property=\"og:locale\" content=\"de_DE\" \/>\n<meta property=\"og:type\" content=\"article\" \/>\n<meta property=\"og:title\" content=\"De Sousa et Fils Coteaux Champenois blanc 2020\" \/>\n<meta property=\"og:description\" content=\"Kaufe De Sousa et Fils Coteaux Champenois blanc 2020 (Chardonnay, trocken aus Champagne, Frankreich) bei Wein Werte, Ihrem nachhaltigen Onlineshop.\" \/>\n<meta property=\"og:url\" content=\"https:\/\/wein-werte.com\/de\/produkt\/de-sousa-et-fils-coteaux-champenois-blanc-2020-750ml\/\" \/>\n<meta property=\"og:site_name\" content=\"Wein Werte\" \/>\n<meta property=\"og:image\" content=\"https:\/\/wein-werte.com\/wp-content\/uploads\/2026\/04\/De-Sousa-et-Fils-Coteaux-Champenois-blanc-2020-750ml.png\" \/>\n\t<meta property=\"og:image:width\" content=\"351\" \/>\n\t<meta property=\"og:image:height\" content=\"1200\" \/>\n\t<meta property=\"og:image:type\" content=\"image\/png\" \/>\n<meta name=\"twitter:card\" content=\"summary_large_image\" \/>\n<meta name=\"twitter:label1\" content=\"Gesch\u00e4tzte Lesezeit\" \/>\n\t<meta name=\"twitter:data1\" content=\"1\u00a0Minute\" \/>\n<script type=\"application\/ld+json\" class=\"yoast-schema-graph\">{\"@context\":\"https:\\\/\\\/schema.org\",\"@graph\":[{\"@type\":\"WebPage\",\"@id\":\"https:\\\/\\\/wein-werte.com\\\/de\\\/produkt\\\/de-sousa-et-fils-coteaux-champenois-blanc-2020-750ml\\\/\",\"url\":\"https:\\\/\\\/wein-werte.com\\\/de\\\/produkt\\\/de-sousa-et-fils-coteaux-champenois-blanc-2020-750ml\\\/\",\"name\":\"De Sousa et Fils Coteaux Champenois blanc 2020\",\"isPartOf\":{\"@id\":\"https:\\\/\\\/wein-werte.com\\\/de\\\/#website\"},\"primaryImageOfPage\":{\"@id\":\"https:\\\/\\\/wein-werte.com\\\/de\\\/produkt\\\/de-sousa-et-fils-coteaux-champenois-blanc-2020-750ml\\\/#primaryimage\"},\"image\":{\"@id\":\"https:\\\/\\\/wein-werte.com\\\/de\\\/produkt\\\/de-sousa-et-fils-coteaux-champenois-blanc-2020-750ml\\\/#primaryimage\"},\"thumbnailUrl\":\"https:\\\/\\\/wein-werte.com\\\/wp-content\\\/uploads\\\/2026\\\/04\\\/De-Sousa-et-Fils-Coteaux-Champenois-blanc-2020-750ml.png\",\"datePublished\":\"2026-05-08T18:04:27+00:00\",\"description\":\"Kaufe De Sousa et Fils Coteaux Champenois blanc 2020 (Chardonnay, trocken aus Champagne, Frankreich) bei Wein Werte, Ihrem nachhaltigen Onlineshop.\",\"breadcrumb\":{\"@id\":\"https:\\\/\\\/wein-werte.com\\\/de\\\/produkt\\\/de-sousa-et-fils-coteaux-champenois-blanc-2020-750ml\\\/#breadcrumb\"},\"inLanguage\":\"de\",\"potentialAction\":[{\"@type\":\"ReadAction\",\"target\":[\"https:\\\/\\\/wein-werte.com\\\/de\\\/produkt\\\/de-sousa-et-fils-coteaux-champenois-blanc-2020-750ml\\\/\"]}]},{\"@type\":\"ImageObject\",\"inLanguage\":\"de\",\"@id\":\"https:\\\/\\\/wein-werte.com\\\/de\\\/produkt\\\/de-sousa-et-fils-coteaux-champenois-blanc-2020-750ml\\\/#primaryimage\",\"url\":\"https:\\\/\\\/wein-werte.com\\\/wp-content\\\/uploads\\\/2026\\\/04\\\/De-Sousa-et-Fils-Coteaux-Champenois-blanc-2020-750ml.png\",\"contentUrl\":\"https:\\\/\\\/wein-werte.com\\\/wp-content\\\/uploads\\\/2026\\\/04\\\/De-Sousa-et-Fils-Coteaux-Champenois-blanc-2020-750ml.png\",\"width\":351,\"height\":1200,\"caption\":\"De Sousa et Fils Coteaux Champenois, Blanc AOC 2020 750ml\"},{\"@type\":\"BreadcrumbList\",\"@id\":\"https:\\\/\\\/wein-werte.com\\\/de\\\/produkt\\\/de-sousa-et-fils-coteaux-champenois-blanc-2020-750ml\\\/#breadcrumb\",\"itemListElement\":[{\"@type\":\"ListItem\",\"position\":1,\"name\":\"Home\",\"item\":\"https:\\\/\\\/wein-werte.com\\\/de\\\/\"},{\"@type\":\"ListItem\",\"position\":2,\"name\":\"Shop\",\"item\":\"https:\\\/\\\/wein-werte.com\\\/de\\\/shop\\\/\"},{\"@type\":\"ListItem\",\"position\":3,\"name\":\"De Sousa et Fils | Champagne | Coteaux Champenois, Blanc AOC | 2020 | 750ml | bio\"}]},{\"@type\":\"WebSite\",\"@id\":\"https:\\\/\\\/wein-werte.com\\\/de\\\/#website\",\"url\":\"https:\\\/\\\/wein-werte.com\\\/de\\\/\",\"name\":\"Wein Werte\",\"description\":\"\",\"publisher\":{\"@id\":\"https:\\\/\\\/wein-werte.com\\\/de\\\/#organization\"},\"potentialAction\":[{\"@type\":\"SearchAction\",\"target\":{\"@type\":\"EntryPoint\",\"urlTemplate\":\"https:\\\/\\\/wein-werte.com\\\/de\\\/?s={search_term_string}\"},\"query-input\":{\"@type\":\"PropertyValueSpecification\",\"valueRequired\":true,\"valueName\":\"search_term_string\"}}],\"inLanguage\":\"de\"},{\"@type\":\"Organization\",\"@id\":\"https:\\\/\\\/wein-werte.com\\\/de\\\/#organization\",\"name\":\"Vins Fins Thorrold\",\"url\":\"https:\\\/\\\/wein-werte.com\\\/de\\\/\",\"logo\":{\"@type\":\"ImageObject\",\"inLanguage\":\"de\",\"@id\":\"https:\\\/\\\/wein-werte.com\\\/de\\\/#\\\/schema\\\/logo\\\/image\\\/\",\"url\":\"https:\\\/\\\/wein-werte.com\\\/wp-content\\\/uploads\\\/2023\\\/07\\\/Wein_werte_Logo700-1.png\",\"contentUrl\":\"https:\\\/\\\/wein-werte.com\\\/wp-content\\\/uploads\\\/2023\\\/07\\\/Wein_werte_Logo700-1.png\",\"width\":700,\"height\":272,\"caption\":\"Vins Fins Thorrold\"},\"image\":{\"@id\":\"https:\\\/\\\/wein-werte.com\\\/de\\\/#\\\/schema\\\/logo\\\/image\\\/\"}}]}<\/script>\n<!-- \/ Yoast SEO plugin. -->","yoast_head_json":{"title":"De Sousa et Fils Coteaux Champenois blanc 2020","description":"Kaufe De Sousa et Fils Coteaux Champenois blanc 2020 (Chardonnay, trocken aus Champagne, Frankreich) bei Wein Werte, Ihrem nachhaltigen Onlineshop.","robots":{"index":"index","follow":"follow","max-snippet":"max-snippet:-1","max-image-preview":"max-image-preview:large","max-video-preview":"max-video-preview:-1"},"canonical":"https:\/\/wein-werte.com\/de\/produkt\/de-sousa-et-fils-coteaux-champenois-blanc-2020-750ml\/","og_locale":"de_DE","og_type":"article","og_title":"De Sousa et Fils Coteaux Champenois blanc 2020","og_description":"Kaufe De Sousa et Fils Coteaux Champenois blanc 2020 (Chardonnay, trocken aus Champagne, Frankreich) bei Wein Werte, Ihrem nachhaltigen Onlineshop.","og_url":"https:\/\/wein-werte.com\/de\/produkt\/de-sousa-et-fils-coteaux-champenois-blanc-2020-750ml\/","og_site_name":"Wein Werte","og_image":[{"width":351,"height":1200,"url":"https:\/\/wein-werte.com\/wp-content\/uploads\/2026\/04\/De-Sousa-et-Fils-Coteaux-Champenois-blanc-2020-750ml.png","type":"image\/png"}],"twitter_card":"summary_large_image","twitter_misc":{"Gesch\u00e4tzte Lesezeit":"1\u00a0Minute"},"schema":{"@context":"https:\/\/schema.org","@graph":[{"@type":"WebPage","@id":"https:\/\/wein-werte.com\/de\/produkt\/de-sousa-et-fils-coteaux-champenois-blanc-2020-750ml\/","url":"https:\/\/wein-werte.com\/de\/produkt\/de-sousa-et-fils-coteaux-champenois-blanc-2020-750ml\/","name":"De Sousa et Fils Coteaux Champenois blanc 2020","isPartOf":{"@id":"https:\/\/wein-werte.com\/de\/#website"},"primaryImageOfPage":{"@id":"https:\/\/wein-werte.com\/de\/produkt\/de-sousa-et-fils-coteaux-champenois-blanc-2020-750ml\/#primaryimage"},"image":{"@id":"https:\/\/wein-werte.com\/de\/produkt\/de-sousa-et-fils-coteaux-champenois-blanc-2020-750ml\/#primaryimage"},"thumbnailUrl":"https:\/\/wein-werte.com\/wp-content\/uploads\/2026\/04\/De-Sousa-et-Fils-Coteaux-Champenois-blanc-2020-750ml.png","datePublished":"2026-05-08T18:04:27+00:00","description":"Kaufe De Sousa et Fils Coteaux Champenois blanc 2020 (Chardonnay, trocken aus Champagne, Frankreich) bei Wein Werte, Ihrem nachhaltigen Onlineshop.","breadcrumb":{"@id":"https:\/\/wein-werte.com\/de\/produkt\/de-sousa-et-fils-coteaux-champenois-blanc-2020-750ml\/#breadcrumb"},"inLanguage":"de","potentialAction":[{"@type":"ReadAction","target":["https:\/\/wein-werte.com\/de\/produkt\/de-sousa-et-fils-coteaux-champenois-blanc-2020-750ml\/"]}]},{"@type":"ImageObject","inLanguage":"de","@id":"https:\/\/wein-werte.com\/de\/produkt\/de-sousa-et-fils-coteaux-champenois-blanc-2020-750ml\/#primaryimage","url":"https:\/\/wein-werte.com\/wp-content\/uploads\/2026\/04\/De-Sousa-et-Fils-Coteaux-Champenois-blanc-2020-750ml.png","contentUrl":"https:\/\/wein-werte.com\/wp-content\/uploads\/2026\/04\/De-Sousa-et-Fils-Coteaux-Champenois-blanc-2020-750ml.png","width":351,"height":1200,"caption":"De Sousa et Fils Coteaux Champenois, Blanc AOC 2020 750ml"},{"@type":"BreadcrumbList","@id":"https:\/\/wein-werte.com\/de\/produkt\/de-sousa-et-fils-coteaux-champenois-blanc-2020-750ml\/#breadcrumb","itemListElement":[{"@type":"ListItem","position":1,"name":"Home","item":"https:\/\/wein-werte.com\/de\/"},{"@type":"ListItem","position":2,"name":"Shop","item":"https:\/\/wein-werte.com\/de\/shop\/"},{"@type":"ListItem","position":3,"name":"De Sousa et Fils | Champagne | Coteaux Champenois, Blanc AOC | 2020 | 750ml | bio"}]},{"@type":"WebSite","@id":"https:\/\/wein-werte.com\/de\/#website","url":"https:\/\/wein-werte.com\/de\/","name":"Wein Werte","description":"","publisher":{"@id":"https:\/\/wein-werte.com\/de\/#organization"},"potentialAction":[{"@type":"SearchAction","target":{"@type":"EntryPoint","urlTemplate":"https:\/\/wein-werte.com\/de\/?s={search_term_string}"},"query-input":{"@type":"PropertyValueSpecification","valueRequired":true,"valueName":"search_term_string"}}],"inLanguage":"de"},{"@type":"Organization","@id":"https:\/\/wein-werte.com\/de\/#organization","name":"Vins Fins Thorrold","url":"https:\/\/wein-werte.com\/de\/","logo":{"@type":"ImageObject","inLanguage":"de","@id":"https:\/\/wein-werte.com\/de\/#\/schema\/logo\/image\/","url":"https:\/\/wein-werte.com\/wp-content\/uploads\/2023\/07\/Wein_werte_Logo700-1.png","contentUrl":"https:\/\/wein-werte.com\/wp-content\/uploads\/2023\/07\/Wein_werte_Logo700-1.png","width":700,"height":272,"caption":"Vins Fins Thorrold"},"image":{"@id":"https:\/\/wein-werte.com\/de\/#\/schema\/logo\/image\/"}}]}},"_links":{"self":[{"href":"https:\/\/wein-werte.com\/de\/wp-json\/wp\/v2\/product\/1132940","targetHints":{"allow":["GET"]}}],"collection":[{"href":"https:\/\/wein-werte.com\/de\/wp-json\/wp\/v2\/product"}],"about":[{"href":"https:\/\/wein-werte.com\/de\/wp-json\/wp\/v2\/types\/product"}],"wp:featuredmedia":[{"embeddable":true,"href":"https:\/\/wein-werte.com\/de\/wp-json\/wp\/v2\/media\/1143482"}],"wp:attachment":[{"href":"https:\/\/wein-werte.com\/de\/wp-json\/wp\/v2\/media?parent=1132940"}],"wp:term":[{"taxonomy":"product_brand","embeddable":true,"href":"https:\/\/wein-werte.com\/de\/wp-json\/wp\/v2\/product_brand?post=1132940"},{"taxonomy":"product_cat","embeddable":true,"href":"https:\/\/wein-werte.com\/de\/wp-json\/wp\/v2\/product_cat?post=1132940"},{"taxonomy":"product_tag","embeddable":true,"href":"https:\/\/wein-werte.com\/de\/wp-json\/wp\/v2\/product_tag?post=1132940"}],"curies":[{"name":"wp","href":"https:\/\/api.w.org\/{rel}","templated":true}]}}