{"id":1132922,"date":"2026-05-08T20:04:26","date_gmt":"2026-05-08T18:04:26","guid":{"rendered":"https:\/\/wein-werte.com\/product\/de-sousa-et-fils-avec-le-temps-extra-brut-blanc-de-blancs-grand-cru-750ml\/"},"modified":"2026-04-27T11:49:46","modified_gmt":"2026-04-27T09:49:46","slug":"de-sousa-et-fils-avec-le-temps-extra-brut-blanc-de-blancs-grand-cru-750ml","status":"publish","type":"product","link":"https:\/\/wein-werte.com\/de\/produkt\/de-sousa-et-fils-avec-le-temps-extra-brut-blanc-de-blancs-grand-cru-750ml\/","title":{"rendered":"De Sousa et Fils | Champagne | Avec le Temps, Extra Brut, Blanc de Blancs, Grand Cru | NV | 750ml"},"content":{"rendered":"<p>Produktbeschreibung f\u00fcr De Sousa et Fils Avec le Temps, Extra Brut, Blanc de Blancs, Grand Cru NV  <\/p>\n<h5>Info zum Champagner<\/h5>\n<p> Geerntet von den Grand Cru Lagen der C\u00f4te de Blancs, Avize, Oger, Les Mesnil, Cramant. Degorgiert am 11. Februar 2021. <\/p>\n<h5>Farbe\/Aussehen<\/h5>\n<p> Schillerndes, helles Goldgelb\/feine, breitgestreute Perlage. <\/p>\n<h5>Nase<\/h5>\n<p> Feiner Duft von Wei\u00dfbrotkruste, Apfel, Zitronenzeste, Haselnuss und Birne str\u00f6mt verf\u00fchrerisch und zugleich mineralisch markant aus dem Glas. Sauerstoffkontakt l\u00e4sst ihn gewinnen, es treten k\u00fchle Aromen von Muschelschalen und Meeresbrise, etwas Seetang und Salzmandeln hinzu. Ein \u00fcberaus eleganter Auftakt. <\/p>\n<h5>Gaumen<\/h5>\n<p> Auf der Zunge angelangt, besticht der Avec Le Temps Grand Cru von de Sousa mit heller Frucht und Saftigkeit, die feine lang anhaltende Kohlens\u00e4ure belebt den Gaumen und regt den Trinkfluss an. Der perfekte Aperitif-Champagner, macht extrem viel Freude zu salzigen Leckereien mit R\u00f6stnoten und rauchigen Komponenten.<\/p>\n<p>Copyright Vinaturel 2025<\/p>\n<p>Keywords: <a href=\"https:\/\/wein-werte.com\/de\/shop\/?swoof=1&#038;pa_producer=De-Sousa-et-Fils\">De Sousa et Fils<\/a> <a href=\"https:\/\/wein-werte.com\/de\/shop\/?swoof=1&#038;woof_text=Avec le Temps, Extra Brut, Blanc de Blancs, Grand Cru\">Avec le Temps, Extra Brut, Blanc de Blancs, Grand Cru<\/a> NV  <a href=\"https:\/\/wein-werte.com\/de\/shop\/?swoof=1&#038;pa_region=Champagne\">Champagne<\/a> <a href=\"https:\/\/wein-werte.com\/de\/shop\/?swoof=1&#038;pa_country=Frankreich\">Frankreich<\/a><\/p>\n<p>Internetseite des Weinguts: <a href=\"https:\/\/www.champagnedesousa.com\/en\/home\/\" target=\"_blank\">https:\/\/www.champagnedesousa.com\/en\/home\/<\/a><\/p>\n","protected":false},"excerpt":{"rendered":"<p>Lieferzeit: 1 bis 2 Arbeitstage (DE), 2 bis 5 Arbeitstage (EU and CH)<\/p>\n","protected":false},"featured_media":1143468,"template":"","meta":[],"product_brand":[],"product_cat":[19],"product_tag":[],"class_list":{"0":"post-1132922","1":"product","2":"type-product","3":"status-publish","4":"has-post-thumbnail","6":"product_cat-unkategorisiert","7":"pa_alcohol-for-filter-12-5","8":"pa_certified-biodynamic-nein-de","9":"pa_certified-organic-nein-de","10":"pa_colour-weiss","11":"pa_country-frankreich","12":"pa_grape-chardonnay","13":"pa_price-for-filter-10617","14":"pa_producer-de-sousa-et-fils","15":"pa_region-champagne","16":"pa_size-ml-6584","17":"pa_sweetness-trocken-de","18":"pa_type-2-champagner","19":"pa_vintage-nv-de","20":"entry","21":"has-media","23":"first","24":"instock","25":"taxable","26":"shipping-taxable","27":"purchasable","28":"product-type-simple"},"yoast_head":"<!-- This site is optimized with the Yoast SEO plugin v27.5 - https:\/\/yoast.com\/product\/yoast-seo-wordpress\/ -->\n<title>De Sousa et Fils Avec le Temps Extra Brut blanc de blancs Grand Cru<\/title>\n<meta name=\"description\" content=\"Kaufe De Sousa et Fils Avec le Temps Extra Brut blanc de blancs Grand Cru (Chardonnay, trocken Schaumwein aus Champagne, Frankreich) bei Wein Werte, Ihrem nachhaltigen Onlineshop.\" \/>\n<meta name=\"robots\" content=\"index, follow, max-snippet:-1, max-image-preview:large, max-video-preview:-1\" \/>\n<link rel=\"canonical\" href=\"https:\/\/wein-werte.com\/de\/produkt\/de-sousa-et-fils-avec-le-temps-extra-brut-blanc-de-blancs-grand-cru-750ml\/\" \/>\n<meta property=\"og:locale\" content=\"de_DE\" \/>\n<meta property=\"og:type\" content=\"article\" \/>\n<meta property=\"og:title\" content=\"De Sousa et Fils Avec le Temps Extra Brut blanc de blancs Grand Cru\" \/>\n<meta property=\"og:description\" content=\"Kaufe De Sousa et Fils Avec le Temps Extra Brut blanc de blancs Grand Cru (Chardonnay, trocken Schaumwein aus Champagne, Frankreich) bei Wein Werte, Ihrem nachhaltigen Onlineshop.\" \/>\n<meta property=\"og:url\" content=\"https:\/\/wein-werte.com\/de\/produkt\/de-sousa-et-fils-avec-le-temps-extra-brut-blanc-de-blancs-grand-cru-750ml\/\" \/>\n<meta property=\"og:site_name\" content=\"Wein Werte\" \/>\n<meta property=\"og:image\" content=\"https:\/\/wein-werte.com\/wp-content\/uploads\/2026\/04\/De-Sousa-et-Fils-Avec-le-Temps-Extra-Brut-blanc-de-blancs-Grand-Cru-750ml.png\" \/>\n\t<meta property=\"og:image:width\" content=\"330\" \/>\n\t<meta property=\"og:image:height\" content=\"1200\" \/>\n\t<meta property=\"og:image:type\" content=\"image\/png\" \/>\n<meta name=\"twitter:card\" content=\"summary_large_image\" \/>\n<meta name=\"twitter:label1\" content=\"Gesch\u00e4tzte Lesezeit\" \/>\n\t<meta name=\"twitter:data1\" content=\"1\u00a0Minute\" \/>\n<script type=\"application\/ld+json\" class=\"yoast-schema-graph\">{\"@context\":\"https:\\\/\\\/schema.org\",\"@graph\":[{\"@type\":\"WebPage\",\"@id\":\"https:\\\/\\\/wein-werte.com\\\/de\\\/produkt\\\/de-sousa-et-fils-avec-le-temps-extra-brut-blanc-de-blancs-grand-cru-750ml\\\/\",\"url\":\"https:\\\/\\\/wein-werte.com\\\/de\\\/produkt\\\/de-sousa-et-fils-avec-le-temps-extra-brut-blanc-de-blancs-grand-cru-750ml\\\/\",\"name\":\"De Sousa et Fils Avec le Temps Extra Brut blanc de blancs Grand Cru\",\"isPartOf\":{\"@id\":\"https:\\\/\\\/wein-werte.com\\\/de\\\/#website\"},\"primaryImageOfPage\":{\"@id\":\"https:\\\/\\\/wein-werte.com\\\/de\\\/produkt\\\/de-sousa-et-fils-avec-le-temps-extra-brut-blanc-de-blancs-grand-cru-750ml\\\/#primaryimage\"},\"image\":{\"@id\":\"https:\\\/\\\/wein-werte.com\\\/de\\\/produkt\\\/de-sousa-et-fils-avec-le-temps-extra-brut-blanc-de-blancs-grand-cru-750ml\\\/#primaryimage\"},\"thumbnailUrl\":\"https:\\\/\\\/wein-werte.com\\\/wp-content\\\/uploads\\\/2026\\\/04\\\/De-Sousa-et-Fils-Avec-le-Temps-Extra-Brut-blanc-de-blancs-Grand-Cru-750ml.png\",\"datePublished\":\"2026-05-08T18:04:26+00:00\",\"description\":\"Kaufe De Sousa et Fils Avec le Temps Extra Brut blanc de blancs Grand Cru (Chardonnay, trocken Schaumwein aus Champagne, Frankreich) bei Wein Werte, Ihrem nachhaltigen Onlineshop.\",\"breadcrumb\":{\"@id\":\"https:\\\/\\\/wein-werte.com\\\/de\\\/produkt\\\/de-sousa-et-fils-avec-le-temps-extra-brut-blanc-de-blancs-grand-cru-750ml\\\/#breadcrumb\"},\"inLanguage\":\"de\",\"potentialAction\":[{\"@type\":\"ReadAction\",\"target\":[\"https:\\\/\\\/wein-werte.com\\\/de\\\/produkt\\\/de-sousa-et-fils-avec-le-temps-extra-brut-blanc-de-blancs-grand-cru-750ml\\\/\"]}]},{\"@type\":\"ImageObject\",\"inLanguage\":\"de\",\"@id\":\"https:\\\/\\\/wein-werte.com\\\/de\\\/produkt\\\/de-sousa-et-fils-avec-le-temps-extra-brut-blanc-de-blancs-grand-cru-750ml\\\/#primaryimage\",\"url\":\"https:\\\/\\\/wein-werte.com\\\/wp-content\\\/uploads\\\/2026\\\/04\\\/De-Sousa-et-Fils-Avec-le-Temps-Extra-Brut-blanc-de-blancs-Grand-Cru-750ml.png\",\"contentUrl\":\"https:\\\/\\\/wein-werte.com\\\/wp-content\\\/uploads\\\/2026\\\/04\\\/De-Sousa-et-Fils-Avec-le-Temps-Extra-Brut-blanc-de-blancs-Grand-Cru-750ml.png\",\"width\":330,\"height\":1200,\"caption\":\"De Sousa et Fils Avec le Temps, Extra Brut, Blanc de Blancs, Grand Cru NV 750ml\"},{\"@type\":\"BreadcrumbList\",\"@id\":\"https:\\\/\\\/wein-werte.com\\\/de\\\/produkt\\\/de-sousa-et-fils-avec-le-temps-extra-brut-blanc-de-blancs-grand-cru-750ml\\\/#breadcrumb\",\"itemListElement\":[{\"@type\":\"ListItem\",\"position\":1,\"name\":\"Home\",\"item\":\"https:\\\/\\\/wein-werte.com\\\/de\\\/\"},{\"@type\":\"ListItem\",\"position\":2,\"name\":\"Shop\",\"item\":\"https:\\\/\\\/wein-werte.com\\\/de\\\/shop\\\/\"},{\"@type\":\"ListItem\",\"position\":3,\"name\":\"De Sousa et Fils | Champagne | Avec le Temps, Extra Brut, Blanc de Blancs, Grand Cru | NV | 750ml\"}]},{\"@type\":\"WebSite\",\"@id\":\"https:\\\/\\\/wein-werte.com\\\/de\\\/#website\",\"url\":\"https:\\\/\\\/wein-werte.com\\\/de\\\/\",\"name\":\"Wein Werte\",\"description\":\"\",\"publisher\":{\"@id\":\"https:\\\/\\\/wein-werte.com\\\/de\\\/#organization\"},\"potentialAction\":[{\"@type\":\"SearchAction\",\"target\":{\"@type\":\"EntryPoint\",\"urlTemplate\":\"https:\\\/\\\/wein-werte.com\\\/de\\\/?s={search_term_string}\"},\"query-input\":{\"@type\":\"PropertyValueSpecification\",\"valueRequired\":true,\"valueName\":\"search_term_string\"}}],\"inLanguage\":\"de\"},{\"@type\":\"Organization\",\"@id\":\"https:\\\/\\\/wein-werte.com\\\/de\\\/#organization\",\"name\":\"Vins Fins Thorrold\",\"url\":\"https:\\\/\\\/wein-werte.com\\\/de\\\/\",\"logo\":{\"@type\":\"ImageObject\",\"inLanguage\":\"de\",\"@id\":\"https:\\\/\\\/wein-werte.com\\\/de\\\/#\\\/schema\\\/logo\\\/image\\\/\",\"url\":\"https:\\\/\\\/wein-werte.com\\\/wp-content\\\/uploads\\\/2023\\\/07\\\/Wein_werte_Logo700-1.png\",\"contentUrl\":\"https:\\\/\\\/wein-werte.com\\\/wp-content\\\/uploads\\\/2023\\\/07\\\/Wein_werte_Logo700-1.png\",\"width\":700,\"height\":272,\"caption\":\"Vins Fins Thorrold\"},\"image\":{\"@id\":\"https:\\\/\\\/wein-werte.com\\\/de\\\/#\\\/schema\\\/logo\\\/image\\\/\"}}]}<\/script>\n<!-- \/ Yoast SEO plugin. -->","yoast_head_json":{"title":"De Sousa et Fils Avec le Temps Extra Brut blanc de blancs Grand Cru","description":"Kaufe De Sousa et Fils Avec le Temps Extra Brut blanc de blancs Grand Cru (Chardonnay, trocken Schaumwein aus Champagne, Frankreich) bei Wein Werte, Ihrem nachhaltigen Onlineshop.","robots":{"index":"index","follow":"follow","max-snippet":"max-snippet:-1","max-image-preview":"max-image-preview:large","max-video-preview":"max-video-preview:-1"},"canonical":"https:\/\/wein-werte.com\/de\/produkt\/de-sousa-et-fils-avec-le-temps-extra-brut-blanc-de-blancs-grand-cru-750ml\/","og_locale":"de_DE","og_type":"article","og_title":"De Sousa et Fils Avec le Temps Extra Brut blanc de blancs Grand Cru","og_description":"Kaufe De Sousa et Fils Avec le Temps Extra Brut blanc de blancs Grand Cru (Chardonnay, trocken Schaumwein aus Champagne, Frankreich) bei Wein Werte, Ihrem nachhaltigen Onlineshop.","og_url":"https:\/\/wein-werte.com\/de\/produkt\/de-sousa-et-fils-avec-le-temps-extra-brut-blanc-de-blancs-grand-cru-750ml\/","og_site_name":"Wein Werte","og_image":[{"width":330,"height":1200,"url":"https:\/\/wein-werte.com\/wp-content\/uploads\/2026\/04\/De-Sousa-et-Fils-Avec-le-Temps-Extra-Brut-blanc-de-blancs-Grand-Cru-750ml.png","type":"image\/png"}],"twitter_card":"summary_large_image","twitter_misc":{"Gesch\u00e4tzte Lesezeit":"1\u00a0Minute"},"schema":{"@context":"https:\/\/schema.org","@graph":[{"@type":"WebPage","@id":"https:\/\/wein-werte.com\/de\/produkt\/de-sousa-et-fils-avec-le-temps-extra-brut-blanc-de-blancs-grand-cru-750ml\/","url":"https:\/\/wein-werte.com\/de\/produkt\/de-sousa-et-fils-avec-le-temps-extra-brut-blanc-de-blancs-grand-cru-750ml\/","name":"De Sousa et Fils Avec le Temps Extra Brut blanc de blancs Grand Cru","isPartOf":{"@id":"https:\/\/wein-werte.com\/de\/#website"},"primaryImageOfPage":{"@id":"https:\/\/wein-werte.com\/de\/produkt\/de-sousa-et-fils-avec-le-temps-extra-brut-blanc-de-blancs-grand-cru-750ml\/#primaryimage"},"image":{"@id":"https:\/\/wein-werte.com\/de\/produkt\/de-sousa-et-fils-avec-le-temps-extra-brut-blanc-de-blancs-grand-cru-750ml\/#primaryimage"},"thumbnailUrl":"https:\/\/wein-werte.com\/wp-content\/uploads\/2026\/04\/De-Sousa-et-Fils-Avec-le-Temps-Extra-Brut-blanc-de-blancs-Grand-Cru-750ml.png","datePublished":"2026-05-08T18:04:26+00:00","description":"Kaufe De Sousa et Fils Avec le Temps Extra Brut blanc de blancs Grand Cru (Chardonnay, trocken Schaumwein aus Champagne, Frankreich) bei Wein Werte, Ihrem nachhaltigen Onlineshop.","breadcrumb":{"@id":"https:\/\/wein-werte.com\/de\/produkt\/de-sousa-et-fils-avec-le-temps-extra-brut-blanc-de-blancs-grand-cru-750ml\/#breadcrumb"},"inLanguage":"de","potentialAction":[{"@type":"ReadAction","target":["https:\/\/wein-werte.com\/de\/produkt\/de-sousa-et-fils-avec-le-temps-extra-brut-blanc-de-blancs-grand-cru-750ml\/"]}]},{"@type":"ImageObject","inLanguage":"de","@id":"https:\/\/wein-werte.com\/de\/produkt\/de-sousa-et-fils-avec-le-temps-extra-brut-blanc-de-blancs-grand-cru-750ml\/#primaryimage","url":"https:\/\/wein-werte.com\/wp-content\/uploads\/2026\/04\/De-Sousa-et-Fils-Avec-le-Temps-Extra-Brut-blanc-de-blancs-Grand-Cru-750ml.png","contentUrl":"https:\/\/wein-werte.com\/wp-content\/uploads\/2026\/04\/De-Sousa-et-Fils-Avec-le-Temps-Extra-Brut-blanc-de-blancs-Grand-Cru-750ml.png","width":330,"height":1200,"caption":"De Sousa et Fils Avec le Temps, Extra Brut, Blanc de Blancs, Grand Cru NV 750ml"},{"@type":"BreadcrumbList","@id":"https:\/\/wein-werte.com\/de\/produkt\/de-sousa-et-fils-avec-le-temps-extra-brut-blanc-de-blancs-grand-cru-750ml\/#breadcrumb","itemListElement":[{"@type":"ListItem","position":1,"name":"Home","item":"https:\/\/wein-werte.com\/de\/"},{"@type":"ListItem","position":2,"name":"Shop","item":"https:\/\/wein-werte.com\/de\/shop\/"},{"@type":"ListItem","position":3,"name":"De Sousa et Fils | Champagne | Avec le Temps, Extra Brut, Blanc de Blancs, Grand Cru | NV | 750ml"}]},{"@type":"WebSite","@id":"https:\/\/wein-werte.com\/de\/#website","url":"https:\/\/wein-werte.com\/de\/","name":"Wein Werte","description":"","publisher":{"@id":"https:\/\/wein-werte.com\/de\/#organization"},"potentialAction":[{"@type":"SearchAction","target":{"@type":"EntryPoint","urlTemplate":"https:\/\/wein-werte.com\/de\/?s={search_term_string}"},"query-input":{"@type":"PropertyValueSpecification","valueRequired":true,"valueName":"search_term_string"}}],"inLanguage":"de"},{"@type":"Organization","@id":"https:\/\/wein-werte.com\/de\/#organization","name":"Vins Fins Thorrold","url":"https:\/\/wein-werte.com\/de\/","logo":{"@type":"ImageObject","inLanguage":"de","@id":"https:\/\/wein-werte.com\/de\/#\/schema\/logo\/image\/","url":"https:\/\/wein-werte.com\/wp-content\/uploads\/2023\/07\/Wein_werte_Logo700-1.png","contentUrl":"https:\/\/wein-werte.com\/wp-content\/uploads\/2023\/07\/Wein_werte_Logo700-1.png","width":700,"height":272,"caption":"Vins Fins Thorrold"},"image":{"@id":"https:\/\/wein-werte.com\/de\/#\/schema\/logo\/image\/"}}]}},"_links":{"self":[{"href":"https:\/\/wein-werte.com\/de\/wp-json\/wp\/v2\/product\/1132922","targetHints":{"allow":["GET"]}}],"collection":[{"href":"https:\/\/wein-werte.com\/de\/wp-json\/wp\/v2\/product"}],"about":[{"href":"https:\/\/wein-werte.com\/de\/wp-json\/wp\/v2\/types\/product"}],"wp:featuredmedia":[{"embeddable":true,"href":"https:\/\/wein-werte.com\/de\/wp-json\/wp\/v2\/media\/1143468"}],"wp:attachment":[{"href":"https:\/\/wein-werte.com\/de\/wp-json\/wp\/v2\/media?parent=1132922"}],"wp:term":[{"taxonomy":"product_brand","embeddable":true,"href":"https:\/\/wein-werte.com\/de\/wp-json\/wp\/v2\/product_brand?post=1132922"},{"taxonomy":"product_cat","embeddable":true,"href":"https:\/\/wein-werte.com\/de\/wp-json\/wp\/v2\/product_cat?post=1132922"},{"taxonomy":"product_tag","embeddable":true,"href":"https:\/\/wein-werte.com\/de\/wp-json\/wp\/v2\/product_tag?post=1132922"}],"curies":[{"name":"wp","href":"https:\/\/api.w.org\/{rel}","templated":true}]}}