{"id":1132912,"date":"2026-05-08T20:04:25","date_gmt":"2026-05-08T18:04:25","guid":{"rendered":"https:\/\/wein-werte.com\/product\/de-sousa-et-fils-2er-kiste-cuvee-caudalies-avize-et-le-mesnil-grand-cru-2012-1500ml\/"},"modified":"2026-04-27T11:49:44","modified_gmt":"2026-04-27T09:49:44","slug":"de-sousa-et-fils-2er-kiste-cuvee-caudalies-avize-plus-le-mesnil-grand-cru-2012-1500ml","status":"publish","type":"product","link":"https:\/\/wein-werte.com\/de\/produkt\/de-sousa-et-fils-2er-kiste-cuvee-caudalies-avize-plus-le-mesnil-grand-cru-2012-1500ml\/","title":{"rendered":"De Sousa et Fils | Champagne | 2er-Kiste Cuv\u00e9e Caudalies &#8220;Avize&#8221; &#038; &#8220;Le Mesnil&#8221; Grand Cru | 2012 | 1500ml | bio"},"content":{"rendered":"<p>Produktbeschreibung f\u00fcr De Sousa et Fils 2er-Kiste Cuv\u00e9e Caudalies &#8220;Avize&#8221; &#038; &#8220;Le Mesnil&#8221; Grand Cru 2012 (bio)<\/p>\n<p> Auch Erick De Sousa geh\u00f6rt seit 1986 zum Kreis der Champagne-Winzer. Er hat fr\u00fch f\u00fcr Furore gesorgt, als er 1990 Le vigneron de l\u2019ann\u00e9e im Gault&amp;Millau wurde und auch die Revue du Vin de France ihn zu den Besten z\u00e4hlte, nur dass sein Betrieb damals schon ein R\u00e9coltant-Manipulant war und er nicht nur zu den Winzern z\u00e4hlte. Mittlerweile betreuen er und seine Frau Michelle zw\u00f6lf Hektar Weinlagen, und ihre drei T\u00f6chter Charlotte, Valentine und Julie k\u00fcmmern sich um das Weingut. Der Besitz von zw\u00f6lf Hektar verteilt sich auf zw\u00f6lf Ortschaften vor allem an der C\u00f4te des Blancs, aber auch auf andere Teile der Region. Seit 1995 wird biologisch, seit 2002 biodynamisch gearbeitet. Vergoren wird mit den Quarzhefen von Champagne Fleur, ausgebaut wird im Wesentlichen im Holz und mit B\u00e2tonnage, sodass die Weine einen recht cremig vollen Charakter bekommen.<\/p>\n<h5>Volumen<\/h5>\n<p> 2 x 750 ml <\/p>\n<p>Copyright Vinaturel 2025<\/p>\n<p>Keywords: <a href=\"https:\/\/wein-werte.com\/de\/shop\/?swoof=1&#038;pa_producer=De-Sousa-et-Fils\">De Sousa et Fils<\/a> <a href=\"https:\/\/wein-werte.com\/de\/shop\/?swoof=1&#038;woof_text=2er-Kiste Cuv\u00e9e Caudalies \"Avize\" &#038; \"Le Mesnil\" Grand Cru\">2er-Kiste Cuv\u00e9e Caudalies &#8220;Avize&#8221; &#038; &#8220;Le Mesnil&#8221; Grand Cru<\/a> 2012 bio <a href=\"https:\/\/wein-werte.com\/de\/shop\/?swoof=1&#038;pa_region=Champagne\">Champagne<\/a> <a href=\"https:\/\/wein-werte.com\/de\/shop\/?swoof=1&#038;pa_country=Frankreich\">Frankreich<\/a><\/p>\n<p>Internetseite des Weinguts: <a href=\"https:\/\/www.champagnedesousa.com\/en\/home\/\" target=\"_blank\">https:\/\/www.champagnedesousa.com\/en\/home\/<\/a><\/p>\n","protected":false},"excerpt":{"rendered":"<p>Lieferzeit: 1 bis 2 Arbeitstage (DE), 2 bis 5 Arbeitstage (EU and CH)<\/p>\n","protected":false},"featured_media":1147643,"template":"","meta":[],"product_brand":[],"product_cat":[19],"product_tag":[],"class_list":{"0":"post-1132912","1":"product","2":"type-product","3":"status-publish","4":"has-post-thumbnail","6":"product_cat-unkategorisiert","7":"pa_certified-biodynamic-ja-de","8":"pa_certified-organic-ja-de","9":"pa_colour-weiss","10":"pa_country-frankreich","11":"pa_grape-chardonnay","12":"pa_price-for-filter-10596","13":"pa_producer-de-sousa-et-fils","14":"pa_region-champagne","15":"pa_size-ml-6657","16":"pa_sweetness-trocken-de","17":"pa_type-2-champagner","18":"pa_vintage-2012-de","19":"entry","20":"has-media","22":"first","23":"instock","24":"taxable","25":"shipping-taxable","26":"purchasable","27":"product-type-simple"},"yoast_head":"<!-- This site is optimized with the Yoast SEO plugin v27.5 - https:\/\/yoast.com\/product\/yoast-seo-wordpress\/ -->\n<title>De Sousa et Fils 2er-Kiste Cuv\u00e9e Caudalies &quot;Avize&quot; &amp; &quot;Le Mesnil&quot; Grand Cru 2012, 1500ml<\/title>\n<meta name=\"description\" content=\"Kaufe De Sousa et Fils 2er-Kiste Cuv\u00e9e Caudalies &quot;Avize&quot; &amp; &quot;Le Mesnil&quot; Grand Cru 2012 (Chardonnay, trocken Schaumwein aus Champagne, Frankreich) bei Wein Werte, Ihrem nachhaltigen Onlineshop.\" \/>\n<meta name=\"robots\" content=\"index, follow, max-snippet:-1, max-image-preview:large, max-video-preview:-1\" \/>\n<link rel=\"canonical\" href=\"https:\/\/wein-werte.com\/de\/produkt\/de-sousa-et-fils-2er-kiste-cuvee-caudalies-avize-plus-le-mesnil-grand-cru-2012-1500ml\/\" \/>\n<meta property=\"og:locale\" content=\"de_DE\" \/>\n<meta property=\"og:type\" content=\"article\" \/>\n<meta property=\"og:title\" content=\"De Sousa et Fils 2er-Kiste Cuv\u00e9e Caudalies &quot;Avize&quot; &amp; &quot;Le Mesnil&quot; Grand Cru 2012, 1500ml\" \/>\n<meta property=\"og:description\" content=\"Kaufe De Sousa et Fils 2er-Kiste Cuv\u00e9e Caudalies &quot;Avize&quot; &amp; &quot;Le Mesnil&quot; Grand Cru 2012 (Chardonnay, trocken Schaumwein aus Champagne, Frankreich) bei Wein Werte, Ihrem nachhaltigen Onlineshop.\" \/>\n<meta property=\"og:url\" content=\"https:\/\/wein-werte.com\/de\/produkt\/de-sousa-et-fils-2er-kiste-cuvee-caudalies-avize-plus-le-mesnil-grand-cru-2012-1500ml\/\" \/>\n<meta property=\"og:site_name\" content=\"Wein Werte\" \/>\n<meta property=\"og:image\" content=\"https:\/\/wein-werte.com\/wp-content\/uploads\/2026\/04\/De-Sousa-et-Fils-2er-Kiste-Cuvee-Caudalies-Avize-et-Le-Mesnil-Grand-Cru-2012-1500-ml-1.png\" \/>\n\t<meta property=\"og:image:width\" content=\"164\" \/>\n\t<meta property=\"og:image:height\" content=\"389\" \/>\n\t<meta property=\"og:image:type\" content=\"image\/png\" \/>\n<meta name=\"twitter:card\" content=\"summary_large_image\" \/>\n<meta name=\"twitter:label1\" content=\"Gesch\u00e4tzte Lesezeit\" \/>\n\t<meta name=\"twitter:data1\" content=\"1\u00a0Minute\" \/>\n<script type=\"application\/ld+json\" class=\"yoast-schema-graph\">{\"@context\":\"https:\\\/\\\/schema.org\",\"@graph\":[{\"@type\":\"WebPage\",\"@id\":\"https:\\\/\\\/wein-werte.com\\\/de\\\/produkt\\\/de-sousa-et-fils-2er-kiste-cuvee-caudalies-avize-plus-le-mesnil-grand-cru-2012-1500ml\\\/\",\"url\":\"https:\\\/\\\/wein-werte.com\\\/de\\\/produkt\\\/de-sousa-et-fils-2er-kiste-cuvee-caudalies-avize-plus-le-mesnil-grand-cru-2012-1500ml\\\/\",\"name\":\"De Sousa et Fils 2er-Kiste Cuv\u00e9e Caudalies \\\"Avize\\\" & \\\"Le Mesnil\\\" Grand Cru 2012, 1500ml\",\"isPartOf\":{\"@id\":\"https:\\\/\\\/wein-werte.com\\\/de\\\/#website\"},\"primaryImageOfPage\":{\"@id\":\"https:\\\/\\\/wein-werte.com\\\/de\\\/produkt\\\/de-sousa-et-fils-2er-kiste-cuvee-caudalies-avize-plus-le-mesnil-grand-cru-2012-1500ml\\\/#primaryimage\"},\"image\":{\"@id\":\"https:\\\/\\\/wein-werte.com\\\/de\\\/produkt\\\/de-sousa-et-fils-2er-kiste-cuvee-caudalies-avize-plus-le-mesnil-grand-cru-2012-1500ml\\\/#primaryimage\"},\"thumbnailUrl\":\"https:\\\/\\\/wein-werte.com\\\/wp-content\\\/uploads\\\/2026\\\/04\\\/De-Sousa-et-Fils-2er-Kiste-Cuvee-Caudalies-Avize-et-Le-Mesnil-Grand-Cru-2012-1500-ml-1.png\",\"datePublished\":\"2026-05-08T18:04:25+00:00\",\"description\":\"Kaufe De Sousa et Fils 2er-Kiste Cuv\u00e9e Caudalies \\\"Avize\\\" & \\\"Le Mesnil\\\" Grand Cru 2012 (Chardonnay, trocken Schaumwein aus Champagne, Frankreich) bei Wein Werte, Ihrem nachhaltigen Onlineshop.\",\"breadcrumb\":{\"@id\":\"https:\\\/\\\/wein-werte.com\\\/de\\\/produkt\\\/de-sousa-et-fils-2er-kiste-cuvee-caudalies-avize-plus-le-mesnil-grand-cru-2012-1500ml\\\/#breadcrumb\"},\"inLanguage\":\"de\",\"potentialAction\":[{\"@type\":\"ReadAction\",\"target\":[\"https:\\\/\\\/wein-werte.com\\\/de\\\/produkt\\\/de-sousa-et-fils-2er-kiste-cuvee-caudalies-avize-plus-le-mesnil-grand-cru-2012-1500ml\\\/\"]}]},{\"@type\":\"ImageObject\",\"inLanguage\":\"de\",\"@id\":\"https:\\\/\\\/wein-werte.com\\\/de\\\/produkt\\\/de-sousa-et-fils-2er-kiste-cuvee-caudalies-avize-plus-le-mesnil-grand-cru-2012-1500ml\\\/#primaryimage\",\"url\":\"https:\\\/\\\/wein-werte.com\\\/wp-content\\\/uploads\\\/2026\\\/04\\\/De-Sousa-et-Fils-2er-Kiste-Cuvee-Caudalies-Avize-et-Le-Mesnil-Grand-Cru-2012-1500-ml-1.png\",\"contentUrl\":\"https:\\\/\\\/wein-werte.com\\\/wp-content\\\/uploads\\\/2026\\\/04\\\/De-Sousa-et-Fils-2er-Kiste-Cuvee-Caudalies-Avize-et-Le-Mesnil-Grand-Cru-2012-1500-ml-1.png\",\"width\":164,\"height\":389},{\"@type\":\"BreadcrumbList\",\"@id\":\"https:\\\/\\\/wein-werte.com\\\/de\\\/produkt\\\/de-sousa-et-fils-2er-kiste-cuvee-caudalies-avize-plus-le-mesnil-grand-cru-2012-1500ml\\\/#breadcrumb\",\"itemListElement\":[{\"@type\":\"ListItem\",\"position\":1,\"name\":\"Home\",\"item\":\"https:\\\/\\\/wein-werte.com\\\/de\\\/\"},{\"@type\":\"ListItem\",\"position\":2,\"name\":\"Shop\",\"item\":\"https:\\\/\\\/wein-werte.com\\\/de\\\/shop\\\/\"},{\"@type\":\"ListItem\",\"position\":3,\"name\":\"De Sousa et Fils | Champagne | 2er-Kiste Cuv\u00e9e Caudalies &#8220;Avize&#8221; &#038; &#8220;Le Mesnil&#8221; Grand Cru | 2012 | 1500ml | bio\"}]},{\"@type\":\"WebSite\",\"@id\":\"https:\\\/\\\/wein-werte.com\\\/de\\\/#website\",\"url\":\"https:\\\/\\\/wein-werte.com\\\/de\\\/\",\"name\":\"Wein Werte\",\"description\":\"\",\"publisher\":{\"@id\":\"https:\\\/\\\/wein-werte.com\\\/de\\\/#organization\"},\"potentialAction\":[{\"@type\":\"SearchAction\",\"target\":{\"@type\":\"EntryPoint\",\"urlTemplate\":\"https:\\\/\\\/wein-werte.com\\\/de\\\/?s={search_term_string}\"},\"query-input\":{\"@type\":\"PropertyValueSpecification\",\"valueRequired\":true,\"valueName\":\"search_term_string\"}}],\"inLanguage\":\"de\"},{\"@type\":\"Organization\",\"@id\":\"https:\\\/\\\/wein-werte.com\\\/de\\\/#organization\",\"name\":\"Vins Fins Thorrold\",\"url\":\"https:\\\/\\\/wein-werte.com\\\/de\\\/\",\"logo\":{\"@type\":\"ImageObject\",\"inLanguage\":\"de\",\"@id\":\"https:\\\/\\\/wein-werte.com\\\/de\\\/#\\\/schema\\\/logo\\\/image\\\/\",\"url\":\"https:\\\/\\\/wein-werte.com\\\/wp-content\\\/uploads\\\/2023\\\/07\\\/Wein_werte_Logo700-1.png\",\"contentUrl\":\"https:\\\/\\\/wein-werte.com\\\/wp-content\\\/uploads\\\/2023\\\/07\\\/Wein_werte_Logo700-1.png\",\"width\":700,\"height\":272,\"caption\":\"Vins Fins Thorrold\"},\"image\":{\"@id\":\"https:\\\/\\\/wein-werte.com\\\/de\\\/#\\\/schema\\\/logo\\\/image\\\/\"}}]}<\/script>\n<!-- \/ Yoast SEO plugin. -->","yoast_head_json":{"title":"De Sousa et Fils 2er-Kiste Cuv\u00e9e Caudalies \"Avize\" & \"Le Mesnil\" Grand Cru 2012, 1500ml","description":"Kaufe De Sousa et Fils 2er-Kiste Cuv\u00e9e Caudalies \"Avize\" & \"Le Mesnil\" Grand Cru 2012 (Chardonnay, trocken Schaumwein aus Champagne, Frankreich) bei Wein Werte, Ihrem nachhaltigen Onlineshop.","robots":{"index":"index","follow":"follow","max-snippet":"max-snippet:-1","max-image-preview":"max-image-preview:large","max-video-preview":"max-video-preview:-1"},"canonical":"https:\/\/wein-werte.com\/de\/produkt\/de-sousa-et-fils-2er-kiste-cuvee-caudalies-avize-plus-le-mesnil-grand-cru-2012-1500ml\/","og_locale":"de_DE","og_type":"article","og_title":"De Sousa et Fils 2er-Kiste Cuv\u00e9e Caudalies \"Avize\" & \"Le Mesnil\" Grand Cru 2012, 1500ml","og_description":"Kaufe De Sousa et Fils 2er-Kiste Cuv\u00e9e Caudalies \"Avize\" & \"Le Mesnil\" Grand Cru 2012 (Chardonnay, trocken Schaumwein aus Champagne, Frankreich) bei Wein Werte, Ihrem nachhaltigen Onlineshop.","og_url":"https:\/\/wein-werte.com\/de\/produkt\/de-sousa-et-fils-2er-kiste-cuvee-caudalies-avize-plus-le-mesnil-grand-cru-2012-1500ml\/","og_site_name":"Wein Werte","og_image":[{"width":164,"height":389,"url":"https:\/\/wein-werte.com\/wp-content\/uploads\/2026\/04\/De-Sousa-et-Fils-2er-Kiste-Cuvee-Caudalies-Avize-et-Le-Mesnil-Grand-Cru-2012-1500-ml-1.png","type":"image\/png"}],"twitter_card":"summary_large_image","twitter_misc":{"Gesch\u00e4tzte Lesezeit":"1\u00a0Minute"},"schema":{"@context":"https:\/\/schema.org","@graph":[{"@type":"WebPage","@id":"https:\/\/wein-werte.com\/de\/produkt\/de-sousa-et-fils-2er-kiste-cuvee-caudalies-avize-plus-le-mesnil-grand-cru-2012-1500ml\/","url":"https:\/\/wein-werte.com\/de\/produkt\/de-sousa-et-fils-2er-kiste-cuvee-caudalies-avize-plus-le-mesnil-grand-cru-2012-1500ml\/","name":"De Sousa et Fils 2er-Kiste Cuv\u00e9e Caudalies \"Avize\" & \"Le Mesnil\" Grand Cru 2012, 1500ml","isPartOf":{"@id":"https:\/\/wein-werte.com\/de\/#website"},"primaryImageOfPage":{"@id":"https:\/\/wein-werte.com\/de\/produkt\/de-sousa-et-fils-2er-kiste-cuvee-caudalies-avize-plus-le-mesnil-grand-cru-2012-1500ml\/#primaryimage"},"image":{"@id":"https:\/\/wein-werte.com\/de\/produkt\/de-sousa-et-fils-2er-kiste-cuvee-caudalies-avize-plus-le-mesnil-grand-cru-2012-1500ml\/#primaryimage"},"thumbnailUrl":"https:\/\/wein-werte.com\/wp-content\/uploads\/2026\/04\/De-Sousa-et-Fils-2er-Kiste-Cuvee-Caudalies-Avize-et-Le-Mesnil-Grand-Cru-2012-1500-ml-1.png","datePublished":"2026-05-08T18:04:25+00:00","description":"Kaufe De Sousa et Fils 2er-Kiste Cuv\u00e9e Caudalies \"Avize\" & \"Le Mesnil\" Grand Cru 2012 (Chardonnay, trocken Schaumwein aus Champagne, Frankreich) bei Wein Werte, Ihrem nachhaltigen Onlineshop.","breadcrumb":{"@id":"https:\/\/wein-werte.com\/de\/produkt\/de-sousa-et-fils-2er-kiste-cuvee-caudalies-avize-plus-le-mesnil-grand-cru-2012-1500ml\/#breadcrumb"},"inLanguage":"de","potentialAction":[{"@type":"ReadAction","target":["https:\/\/wein-werte.com\/de\/produkt\/de-sousa-et-fils-2er-kiste-cuvee-caudalies-avize-plus-le-mesnil-grand-cru-2012-1500ml\/"]}]},{"@type":"ImageObject","inLanguage":"de","@id":"https:\/\/wein-werte.com\/de\/produkt\/de-sousa-et-fils-2er-kiste-cuvee-caudalies-avize-plus-le-mesnil-grand-cru-2012-1500ml\/#primaryimage","url":"https:\/\/wein-werte.com\/wp-content\/uploads\/2026\/04\/De-Sousa-et-Fils-2er-Kiste-Cuvee-Caudalies-Avize-et-Le-Mesnil-Grand-Cru-2012-1500-ml-1.png","contentUrl":"https:\/\/wein-werte.com\/wp-content\/uploads\/2026\/04\/De-Sousa-et-Fils-2er-Kiste-Cuvee-Caudalies-Avize-et-Le-Mesnil-Grand-Cru-2012-1500-ml-1.png","width":164,"height":389},{"@type":"BreadcrumbList","@id":"https:\/\/wein-werte.com\/de\/produkt\/de-sousa-et-fils-2er-kiste-cuvee-caudalies-avize-plus-le-mesnil-grand-cru-2012-1500ml\/#breadcrumb","itemListElement":[{"@type":"ListItem","position":1,"name":"Home","item":"https:\/\/wein-werte.com\/de\/"},{"@type":"ListItem","position":2,"name":"Shop","item":"https:\/\/wein-werte.com\/de\/shop\/"},{"@type":"ListItem","position":3,"name":"De Sousa et Fils | Champagne | 2er-Kiste Cuv\u00e9e Caudalies &#8220;Avize&#8221; &#038; &#8220;Le Mesnil&#8221; Grand Cru | 2012 | 1500ml | bio"}]},{"@type":"WebSite","@id":"https:\/\/wein-werte.com\/de\/#website","url":"https:\/\/wein-werte.com\/de\/","name":"Wein Werte","description":"","publisher":{"@id":"https:\/\/wein-werte.com\/de\/#organization"},"potentialAction":[{"@type":"SearchAction","target":{"@type":"EntryPoint","urlTemplate":"https:\/\/wein-werte.com\/de\/?s={search_term_string}"},"query-input":{"@type":"PropertyValueSpecification","valueRequired":true,"valueName":"search_term_string"}}],"inLanguage":"de"},{"@type":"Organization","@id":"https:\/\/wein-werte.com\/de\/#organization","name":"Vins Fins Thorrold","url":"https:\/\/wein-werte.com\/de\/","logo":{"@type":"ImageObject","inLanguage":"de","@id":"https:\/\/wein-werte.com\/de\/#\/schema\/logo\/image\/","url":"https:\/\/wein-werte.com\/wp-content\/uploads\/2023\/07\/Wein_werte_Logo700-1.png","contentUrl":"https:\/\/wein-werte.com\/wp-content\/uploads\/2023\/07\/Wein_werte_Logo700-1.png","width":700,"height":272,"caption":"Vins Fins Thorrold"},"image":{"@id":"https:\/\/wein-werte.com\/de\/#\/schema\/logo\/image\/"}}]}},"_links":{"self":[{"href":"https:\/\/wein-werte.com\/de\/wp-json\/wp\/v2\/product\/1132912","targetHints":{"allow":["GET"]}}],"collection":[{"href":"https:\/\/wein-werte.com\/de\/wp-json\/wp\/v2\/product"}],"about":[{"href":"https:\/\/wein-werte.com\/de\/wp-json\/wp\/v2\/types\/product"}],"wp:featuredmedia":[{"embeddable":true,"href":"https:\/\/wein-werte.com\/de\/wp-json\/wp\/v2\/media\/1147643"}],"wp:attachment":[{"href":"https:\/\/wein-werte.com\/de\/wp-json\/wp\/v2\/media?parent=1132912"}],"wp:term":[{"taxonomy":"product_brand","embeddable":true,"href":"https:\/\/wein-werte.com\/de\/wp-json\/wp\/v2\/product_brand?post=1132912"},{"taxonomy":"product_cat","embeddable":true,"href":"https:\/\/wein-werte.com\/de\/wp-json\/wp\/v2\/product_cat?post=1132912"},{"taxonomy":"product_tag","embeddable":true,"href":"https:\/\/wein-werte.com\/de\/wp-json\/wp\/v2\/product_tag?post=1132912"}],"curies":[{"name":"wp","href":"https:\/\/api.w.org\/{rel}","templated":true}]}}