{"id":1132902,"date":"2026-05-08T20:04:25","date_gmt":"2026-05-08T18:04:25","guid":{"rendered":"https:\/\/wein-werte.com\/product\/de-sousa-et-fils-cuvee-des-caudalies-blanc-de-blancs-grand-cru-extra-brut-1500ml\/"},"modified":"2026-04-27T11:49:44","modified_gmt":"2026-04-27T09:49:44","slug":"de-sousa-et-fils-cuvee-des-caudalies-blanc-de-blancs-grand-cru-extra-brut-1500ml","status":"publish","type":"product","link":"https:\/\/wein-werte.com\/de\/produkt\/de-sousa-et-fils-cuvee-des-caudalies-blanc-de-blancs-grand-cru-extra-brut-1500ml\/","title":{"rendered":"De Sousa et Fils | Champagne | Cuv\u00e9e des Caudalies Blanc de Blancs Grand Cru Extra Brut | NV | 1500ml | bio"},"content":{"rendered":"<p>Produktbeschreibung f\u00fcr De Sousa et Fils Cuv\u00e9e des Caudalies Blanc de Blancs Grand Cru Extra Brut NV (bio)<\/p>\n<h5>Farbe\/Aussehen<\/h5>\n<p>  Helles, funkelndes Goldgelb, feinperliges\u00a0 und elegantes Mousseux.   \u00a0  <\/p>\n<h5>Nase<\/h5>\n<p>  Der Champagne Cuv\u00e9e des Caudalies von de Sousa bet\u00f6rt in der Nase mit einer kompakten und dicht verwobenen Mineralit\u00e4t. Erst nach l\u00e4ngerer \u00d6ffnung und ausreichend Sauerstoffkontakt offenbart er sein komplexes Aroma. Es str\u00f6men einem exotische Fr\u00fcchte, wie Mango, Kumquat und Sternfrucht entgegen aber auch Trockenfr\u00fcchte, Honig, glasierte Mandeln, Vanille, Zimt und Ingwer. Das Ganze bekommt durch Noten von Zitrus und Holunderbl\u00fcte einen erfrischenden Anstrich.   \u00a0  <\/p>\n<h5>Gaumen<\/h5>\n<p>  Der Gaumen des Champagne Cuv\u00e9e des Caudalies von de Sousa beeindruckt durch seine tiefgr\u00fcndige Struktur, die markante Mineralit\u00e4t, die wir auch schon in der Nase wahrgenommen haben und die feinen R\u00f6staromen. Nicht nur ein charaktervoller Ap\u00e9ritif sondern auch ein hervorragender Essensbegleiter der mit seiner sch\u00f6nen L\u00e4nge im Nachhall beeindruckt.<\/p>\n<p>Copyright Vinaturel 2025<\/p>\n<p>Keywords: <a href=\"https:\/\/wein-werte.com\/de\/shop\/?swoof=1&#038;pa_producer=De-Sousa-et-Fils\">De Sousa et Fils<\/a> <a href=\"https:\/\/wein-werte.com\/de\/shop\/?swoof=1&#038;woof_text=Cuv\u00e9e des Caudalies Blanc de Blancs Grand Cru Extra Brut\">Cuv\u00e9e des Caudalies Blanc de Blancs Grand Cru Extra Brut<\/a> NV bio <a href=\"https:\/\/wein-werte.com\/de\/shop\/?swoof=1&#038;pa_region=Champagne\">Champagne<\/a> <a href=\"https:\/\/wein-werte.com\/de\/shop\/?swoof=1&#038;pa_country=Frankreich\">Frankreich<\/a><\/p>\n<p>Internetseite des Weinguts: <a href=\"https:\/\/www.champagnedesousa.com\/en\/home\/\" target=\"_blank\">https:\/\/www.champagnedesousa.com\/en\/home\/<\/a><\/p>\n","protected":false},"excerpt":{"rendered":"<p>Lieferzeit: 1 bis 2 Arbeitstage (DE), 2 bis 5 Arbeitstage (EU and CH)<\/p>\n","protected":false},"featured_media":1143452,"template":"","meta":[],"product_brand":[],"product_cat":[19],"product_tag":[],"class_list":{"0":"post-1132902","1":"product","2":"type-product","3":"status-publish","4":"has-post-thumbnail","6":"product_cat-unkategorisiert","7":"pa_alcohol-for-filter-12-5","8":"pa_certified-biodynamic-ja-de","9":"pa_certified-organic-ja-de","10":"pa_colour-weiss","11":"pa_country-frankreich","12":"pa_grape-chardonnay","13":"pa_price-for-filter-10665","14":"pa_producer-de-sousa-et-fils","15":"pa_region-champagne","16":"pa_size-ml-6657","17":"pa_sweetness-trocken-de","18":"pa_type-2-champagner","19":"pa_vintage-nv-de","20":"entry","21":"has-media","23":"first","24":"instock","25":"taxable","26":"shipping-taxable","27":"purchasable","28":"product-type-simple"},"yoast_head":"<!-- This site is optimized with the Yoast SEO plugin v27.5 - https:\/\/yoast.com\/product\/yoast-seo-wordpress\/ -->\n<title>De Sousa et Fils Cuv\u00e9e des Caudalies blanc de blancs Grand Cru Extra Brut, 1500ml<\/title>\n<meta name=\"description\" content=\"Kaufe De Sousa et Fils Cuv\u00e9e des Caudalies blanc de blancs Grand Cru Extra Brut (Chardonnay, trocken Schaumwein aus Champagne, Frankreich) bei Wein Werte, Ihrem nachhaltigen Onlineshop.\" \/>\n<meta name=\"robots\" content=\"index, follow, max-snippet:-1, max-image-preview:large, max-video-preview:-1\" \/>\n<link rel=\"canonical\" href=\"https:\/\/wein-werte.com\/de\/produkt\/de-sousa-et-fils-cuvee-des-caudalies-blanc-de-blancs-grand-cru-extra-brut-1500ml\/\" \/>\n<meta property=\"og:locale\" content=\"de_DE\" \/>\n<meta property=\"og:type\" content=\"article\" \/>\n<meta property=\"og:title\" content=\"De Sousa et Fils Cuv\u00e9e des Caudalies blanc de blancs Grand Cru Extra Brut, 1500ml\" \/>\n<meta property=\"og:description\" content=\"Kaufe De Sousa et Fils Cuv\u00e9e des Caudalies blanc de blancs Grand Cru Extra Brut (Chardonnay, trocken Schaumwein aus Champagne, Frankreich) bei Wein Werte, Ihrem nachhaltigen Onlineshop.\" \/>\n<meta property=\"og:url\" content=\"https:\/\/wein-werte.com\/de\/produkt\/de-sousa-et-fils-cuvee-des-caudalies-blanc-de-blancs-grand-cru-extra-brut-1500ml\/\" \/>\n<meta property=\"og:site_name\" content=\"Wein Werte\" \/>\n<meta property=\"og:image\" content=\"https:\/\/wein-werte.com\/wp-content\/uploads\/2026\/04\/De-Sousa-et-Fils-Cuvee-des-Caudalies-blanc-de-blancs-Grand-Cru-Extra-Brut-1500ml.png\" \/>\n\t<meta property=\"og:image:width\" content=\"369\" \/>\n\t<meta property=\"og:image:height\" content=\"1200\" \/>\n\t<meta property=\"og:image:type\" content=\"image\/png\" \/>\n<meta name=\"twitter:card\" content=\"summary_large_image\" \/>\n<meta name=\"twitter:label1\" content=\"Gesch\u00e4tzte Lesezeit\" \/>\n\t<meta name=\"twitter:data1\" content=\"1\u00a0Minute\" \/>\n<script type=\"application\/ld+json\" class=\"yoast-schema-graph\">{\"@context\":\"https:\\\/\\\/schema.org\",\"@graph\":[{\"@type\":\"WebPage\",\"@id\":\"https:\\\/\\\/wein-werte.com\\\/de\\\/produkt\\\/de-sousa-et-fils-cuvee-des-caudalies-blanc-de-blancs-grand-cru-extra-brut-1500ml\\\/\",\"url\":\"https:\\\/\\\/wein-werte.com\\\/de\\\/produkt\\\/de-sousa-et-fils-cuvee-des-caudalies-blanc-de-blancs-grand-cru-extra-brut-1500ml\\\/\",\"name\":\"De Sousa et Fils Cuv\u00e9e des Caudalies blanc de blancs Grand Cru Extra Brut, 1500ml\",\"isPartOf\":{\"@id\":\"https:\\\/\\\/wein-werte.com\\\/de\\\/#website\"},\"primaryImageOfPage\":{\"@id\":\"https:\\\/\\\/wein-werte.com\\\/de\\\/produkt\\\/de-sousa-et-fils-cuvee-des-caudalies-blanc-de-blancs-grand-cru-extra-brut-1500ml\\\/#primaryimage\"},\"image\":{\"@id\":\"https:\\\/\\\/wein-werte.com\\\/de\\\/produkt\\\/de-sousa-et-fils-cuvee-des-caudalies-blanc-de-blancs-grand-cru-extra-brut-1500ml\\\/#primaryimage\"},\"thumbnailUrl\":\"https:\\\/\\\/wein-werte.com\\\/wp-content\\\/uploads\\\/2026\\\/04\\\/De-Sousa-et-Fils-Cuvee-des-Caudalies-blanc-de-blancs-Grand-Cru-Extra-Brut-1500ml.png\",\"datePublished\":\"2026-05-08T18:04:25+00:00\",\"description\":\"Kaufe De Sousa et Fils Cuv\u00e9e des Caudalies blanc de blancs Grand Cru Extra Brut (Chardonnay, trocken Schaumwein aus Champagne, Frankreich) bei Wein Werte, Ihrem nachhaltigen Onlineshop.\",\"breadcrumb\":{\"@id\":\"https:\\\/\\\/wein-werte.com\\\/de\\\/produkt\\\/de-sousa-et-fils-cuvee-des-caudalies-blanc-de-blancs-grand-cru-extra-brut-1500ml\\\/#breadcrumb\"},\"inLanguage\":\"de\",\"potentialAction\":[{\"@type\":\"ReadAction\",\"target\":[\"https:\\\/\\\/wein-werte.com\\\/de\\\/produkt\\\/de-sousa-et-fils-cuvee-des-caudalies-blanc-de-blancs-grand-cru-extra-brut-1500ml\\\/\"]}]},{\"@type\":\"ImageObject\",\"inLanguage\":\"de\",\"@id\":\"https:\\\/\\\/wein-werte.com\\\/de\\\/produkt\\\/de-sousa-et-fils-cuvee-des-caudalies-blanc-de-blancs-grand-cru-extra-brut-1500ml\\\/#primaryimage\",\"url\":\"https:\\\/\\\/wein-werte.com\\\/wp-content\\\/uploads\\\/2026\\\/04\\\/De-Sousa-et-Fils-Cuvee-des-Caudalies-blanc-de-blancs-Grand-Cru-Extra-Brut-1500ml.png\",\"contentUrl\":\"https:\\\/\\\/wein-werte.com\\\/wp-content\\\/uploads\\\/2026\\\/04\\\/De-Sousa-et-Fils-Cuvee-des-Caudalies-blanc-de-blancs-Grand-Cru-Extra-Brut-1500ml.png\",\"width\":369,\"height\":1200,\"caption\":\"De Sousa et Fils Cuv\u00e9e des Caudalies Blanc de Blancs Grand Cru Extra Brut NV 1500ml\"},{\"@type\":\"BreadcrumbList\",\"@id\":\"https:\\\/\\\/wein-werte.com\\\/de\\\/produkt\\\/de-sousa-et-fils-cuvee-des-caudalies-blanc-de-blancs-grand-cru-extra-brut-1500ml\\\/#breadcrumb\",\"itemListElement\":[{\"@type\":\"ListItem\",\"position\":1,\"name\":\"Home\",\"item\":\"https:\\\/\\\/wein-werte.com\\\/de\\\/\"},{\"@type\":\"ListItem\",\"position\":2,\"name\":\"Shop\",\"item\":\"https:\\\/\\\/wein-werte.com\\\/de\\\/shop\\\/\"},{\"@type\":\"ListItem\",\"position\":3,\"name\":\"De Sousa et Fils | Champagne | Cuv\u00e9e des Caudalies Blanc de Blancs Grand Cru Extra Brut | NV | 1500ml | bio\"}]},{\"@type\":\"WebSite\",\"@id\":\"https:\\\/\\\/wein-werte.com\\\/de\\\/#website\",\"url\":\"https:\\\/\\\/wein-werte.com\\\/de\\\/\",\"name\":\"Wein Werte\",\"description\":\"\",\"publisher\":{\"@id\":\"https:\\\/\\\/wein-werte.com\\\/de\\\/#organization\"},\"potentialAction\":[{\"@type\":\"SearchAction\",\"target\":{\"@type\":\"EntryPoint\",\"urlTemplate\":\"https:\\\/\\\/wein-werte.com\\\/de\\\/?s={search_term_string}\"},\"query-input\":{\"@type\":\"PropertyValueSpecification\",\"valueRequired\":true,\"valueName\":\"search_term_string\"}}],\"inLanguage\":\"de\"},{\"@type\":\"Organization\",\"@id\":\"https:\\\/\\\/wein-werte.com\\\/de\\\/#organization\",\"name\":\"Vins Fins Thorrold\",\"url\":\"https:\\\/\\\/wein-werte.com\\\/de\\\/\",\"logo\":{\"@type\":\"ImageObject\",\"inLanguage\":\"de\",\"@id\":\"https:\\\/\\\/wein-werte.com\\\/de\\\/#\\\/schema\\\/logo\\\/image\\\/\",\"url\":\"https:\\\/\\\/wein-werte.com\\\/wp-content\\\/uploads\\\/2023\\\/07\\\/Wein_werte_Logo700-1.png\",\"contentUrl\":\"https:\\\/\\\/wein-werte.com\\\/wp-content\\\/uploads\\\/2023\\\/07\\\/Wein_werte_Logo700-1.png\",\"width\":700,\"height\":272,\"caption\":\"Vins Fins Thorrold\"},\"image\":{\"@id\":\"https:\\\/\\\/wein-werte.com\\\/de\\\/#\\\/schema\\\/logo\\\/image\\\/\"}}]}<\/script>\n<!-- \/ Yoast SEO plugin. -->","yoast_head_json":{"title":"De Sousa et Fils Cuv\u00e9e des Caudalies blanc de blancs Grand Cru Extra Brut, 1500ml","description":"Kaufe De Sousa et Fils Cuv\u00e9e des Caudalies blanc de blancs Grand Cru Extra Brut (Chardonnay, trocken Schaumwein aus Champagne, Frankreich) bei Wein Werte, Ihrem nachhaltigen Onlineshop.","robots":{"index":"index","follow":"follow","max-snippet":"max-snippet:-1","max-image-preview":"max-image-preview:large","max-video-preview":"max-video-preview:-1"},"canonical":"https:\/\/wein-werte.com\/de\/produkt\/de-sousa-et-fils-cuvee-des-caudalies-blanc-de-blancs-grand-cru-extra-brut-1500ml\/","og_locale":"de_DE","og_type":"article","og_title":"De Sousa et Fils Cuv\u00e9e des Caudalies blanc de blancs Grand Cru Extra Brut, 1500ml","og_description":"Kaufe De Sousa et Fils Cuv\u00e9e des Caudalies blanc de blancs Grand Cru Extra Brut (Chardonnay, trocken Schaumwein aus Champagne, Frankreich) bei Wein Werte, Ihrem nachhaltigen Onlineshop.","og_url":"https:\/\/wein-werte.com\/de\/produkt\/de-sousa-et-fils-cuvee-des-caudalies-blanc-de-blancs-grand-cru-extra-brut-1500ml\/","og_site_name":"Wein Werte","og_image":[{"width":369,"height":1200,"url":"https:\/\/wein-werte.com\/wp-content\/uploads\/2026\/04\/De-Sousa-et-Fils-Cuvee-des-Caudalies-blanc-de-blancs-Grand-Cru-Extra-Brut-1500ml.png","type":"image\/png"}],"twitter_card":"summary_large_image","twitter_misc":{"Gesch\u00e4tzte Lesezeit":"1\u00a0Minute"},"schema":{"@context":"https:\/\/schema.org","@graph":[{"@type":"WebPage","@id":"https:\/\/wein-werte.com\/de\/produkt\/de-sousa-et-fils-cuvee-des-caudalies-blanc-de-blancs-grand-cru-extra-brut-1500ml\/","url":"https:\/\/wein-werte.com\/de\/produkt\/de-sousa-et-fils-cuvee-des-caudalies-blanc-de-blancs-grand-cru-extra-brut-1500ml\/","name":"De Sousa et Fils Cuv\u00e9e des Caudalies blanc de blancs Grand Cru Extra Brut, 1500ml","isPartOf":{"@id":"https:\/\/wein-werte.com\/de\/#website"},"primaryImageOfPage":{"@id":"https:\/\/wein-werte.com\/de\/produkt\/de-sousa-et-fils-cuvee-des-caudalies-blanc-de-blancs-grand-cru-extra-brut-1500ml\/#primaryimage"},"image":{"@id":"https:\/\/wein-werte.com\/de\/produkt\/de-sousa-et-fils-cuvee-des-caudalies-blanc-de-blancs-grand-cru-extra-brut-1500ml\/#primaryimage"},"thumbnailUrl":"https:\/\/wein-werte.com\/wp-content\/uploads\/2026\/04\/De-Sousa-et-Fils-Cuvee-des-Caudalies-blanc-de-blancs-Grand-Cru-Extra-Brut-1500ml.png","datePublished":"2026-05-08T18:04:25+00:00","description":"Kaufe De Sousa et Fils Cuv\u00e9e des Caudalies blanc de blancs Grand Cru Extra Brut (Chardonnay, trocken Schaumwein aus Champagne, Frankreich) bei Wein Werte, Ihrem nachhaltigen Onlineshop.","breadcrumb":{"@id":"https:\/\/wein-werte.com\/de\/produkt\/de-sousa-et-fils-cuvee-des-caudalies-blanc-de-blancs-grand-cru-extra-brut-1500ml\/#breadcrumb"},"inLanguage":"de","potentialAction":[{"@type":"ReadAction","target":["https:\/\/wein-werte.com\/de\/produkt\/de-sousa-et-fils-cuvee-des-caudalies-blanc-de-blancs-grand-cru-extra-brut-1500ml\/"]}]},{"@type":"ImageObject","inLanguage":"de","@id":"https:\/\/wein-werte.com\/de\/produkt\/de-sousa-et-fils-cuvee-des-caudalies-blanc-de-blancs-grand-cru-extra-brut-1500ml\/#primaryimage","url":"https:\/\/wein-werte.com\/wp-content\/uploads\/2026\/04\/De-Sousa-et-Fils-Cuvee-des-Caudalies-blanc-de-blancs-Grand-Cru-Extra-Brut-1500ml.png","contentUrl":"https:\/\/wein-werte.com\/wp-content\/uploads\/2026\/04\/De-Sousa-et-Fils-Cuvee-des-Caudalies-blanc-de-blancs-Grand-Cru-Extra-Brut-1500ml.png","width":369,"height":1200,"caption":"De Sousa et Fils Cuv\u00e9e des Caudalies Blanc de Blancs Grand Cru Extra Brut NV 1500ml"},{"@type":"BreadcrumbList","@id":"https:\/\/wein-werte.com\/de\/produkt\/de-sousa-et-fils-cuvee-des-caudalies-blanc-de-blancs-grand-cru-extra-brut-1500ml\/#breadcrumb","itemListElement":[{"@type":"ListItem","position":1,"name":"Home","item":"https:\/\/wein-werte.com\/de\/"},{"@type":"ListItem","position":2,"name":"Shop","item":"https:\/\/wein-werte.com\/de\/shop\/"},{"@type":"ListItem","position":3,"name":"De Sousa et Fils | Champagne | Cuv\u00e9e des Caudalies Blanc de Blancs Grand Cru Extra Brut | NV | 1500ml | bio"}]},{"@type":"WebSite","@id":"https:\/\/wein-werte.com\/de\/#website","url":"https:\/\/wein-werte.com\/de\/","name":"Wein Werte","description":"","publisher":{"@id":"https:\/\/wein-werte.com\/de\/#organization"},"potentialAction":[{"@type":"SearchAction","target":{"@type":"EntryPoint","urlTemplate":"https:\/\/wein-werte.com\/de\/?s={search_term_string}"},"query-input":{"@type":"PropertyValueSpecification","valueRequired":true,"valueName":"search_term_string"}}],"inLanguage":"de"},{"@type":"Organization","@id":"https:\/\/wein-werte.com\/de\/#organization","name":"Vins Fins Thorrold","url":"https:\/\/wein-werte.com\/de\/","logo":{"@type":"ImageObject","inLanguage":"de","@id":"https:\/\/wein-werte.com\/de\/#\/schema\/logo\/image\/","url":"https:\/\/wein-werte.com\/wp-content\/uploads\/2023\/07\/Wein_werte_Logo700-1.png","contentUrl":"https:\/\/wein-werte.com\/wp-content\/uploads\/2023\/07\/Wein_werte_Logo700-1.png","width":700,"height":272,"caption":"Vins Fins Thorrold"},"image":{"@id":"https:\/\/wein-werte.com\/de\/#\/schema\/logo\/image\/"}}]}},"_links":{"self":[{"href":"https:\/\/wein-werte.com\/de\/wp-json\/wp\/v2\/product\/1132902","targetHints":{"allow":["GET"]}}],"collection":[{"href":"https:\/\/wein-werte.com\/de\/wp-json\/wp\/v2\/product"}],"about":[{"href":"https:\/\/wein-werte.com\/de\/wp-json\/wp\/v2\/types\/product"}],"wp:featuredmedia":[{"embeddable":true,"href":"https:\/\/wein-werte.com\/de\/wp-json\/wp\/v2\/media\/1143452"}],"wp:attachment":[{"href":"https:\/\/wein-werte.com\/de\/wp-json\/wp\/v2\/media?parent=1132902"}],"wp:term":[{"taxonomy":"product_brand","embeddable":true,"href":"https:\/\/wein-werte.com\/de\/wp-json\/wp\/v2\/product_brand?post=1132902"},{"taxonomy":"product_cat","embeddable":true,"href":"https:\/\/wein-werte.com\/de\/wp-json\/wp\/v2\/product_cat?post=1132902"},{"taxonomy":"product_tag","embeddable":true,"href":"https:\/\/wein-werte.com\/de\/wp-json\/wp\/v2\/product_tag?post=1132902"}],"curies":[{"name":"wp","href":"https:\/\/api.w.org\/{rel}","templated":true}]}}