{"id":1132899,"date":"2026-05-08T20:04:24","date_gmt":"2026-05-08T18:04:24","guid":{"rendered":"https:\/\/wein-werte.com\/product\/de-sousa-et-fils-zoemie-de-sousa-cuvee-umami-grand-cru-extra-brut-2009-1500ml\/"},"modified":"2026-04-27T11:49:44","modified_gmt":"2026-04-27T09:49:44","slug":"de-sousa-et-fils-zoemie-de-sousa-cuvee-umami-grand-cru-extra-brut-2009-1500ml","status":"publish","type":"product","link":"https:\/\/wein-werte.com\/de\/produkt\/de-sousa-et-fils-zoemie-de-sousa-cuvee-umami-grand-cru-extra-brut-2009-1500ml\/","title":{"rendered":"De Sousa et Fils | Champagne | Zoemie de Sousa Cuv\u00e9e UMAMI Grand Cru Extra Brut | 2009 | 1500ml"},"content":{"rendered":"<p>Produktbeschreibung f\u00fcr De Sousa et Fils Zoemie de Sousa Cuv\u00e9e UMAMI Grand Cru Extra Brut 2009 <\/p>\n<p>De Sousa et Fils Zoemie de Sousa Cuv\u00e9e UMAMI Grand Cru Extra Brut 2009 ist ein trockener Champagner hergestellt aus Chardonnay Trauben in der Region Champagne in Frankreich.<\/p>\n<p>Keywords: <a href=\"https:\/\/wein-werte.com\/de\/shop\/?swoof=1&#038;pa_producer=De-Sousa-et-Fils\">De Sousa et Fils<\/a> <a href=\"https:\/\/wein-werte.com\/de\/shop\/?swoof=1&#038;woof_text=Zoemie de Sousa Cuv\u00e9e UMAMI Grand Cru Extra Brut\">Zoemie de Sousa Cuv\u00e9e UMAMI Grand Cru Extra Brut<\/a> 2009  <a href=\"https:\/\/wein-werte.com\/de\/shop\/?swoof=1&#038;pa_region=Champagne\">Champagne<\/a> <a href=\"https:\/\/wein-werte.com\/de\/shop\/?swoof=1&#038;pa_country=Frankreich\">Frankreich<\/a><\/p>\n<h3>Wine Advocate<\/h3>\n<p>Punkte: 93<\/p>\n<p>Diese Cuv\u00e9e Umami Grand Cru Extra Brut aus dem Jahr 2009 wurde im M\u00e4rz 2013 degorgiert. Sie bietet ein sehr klares, reines und komplexes Aroma mit einer angenehmen Kreide- und Jodnote in der Nase, die am Gaumen zu einem reichen, vollmundigen und hochkomplexen Geschmack f\u00fchrt. Der Wein ist sehr frisch und mineralisch und zeigt deutlich mehr Reinheit und Lebendigkeit als vor einem halben Jahr, als ich ihn zum ersten Mal bewertete. Dies ist ein exzellenter Champagner (70 % Chardonnay, 30 % Pinot Noir), der \u00fcber viel Finesse verf\u00fcgt und sich in den n\u00e4chsten zehn Jahren, wenn nicht sogar l\u00e4nger, weiterentwickeln wird.<br \/>Stephan Reinhardt<\/p>\n<p>Internetseite des Weinguts: <a href=\"https:\/\/www.champagnedesousa.com\/en\/home\/\" target=\"_blank\">https:\/\/www.champagnedesousa.com\/en\/home\/<\/a><\/p>\n","protected":false},"excerpt":{"rendered":"<p>Lieferzeit: 1 bis 2 Arbeitstage (DE), 2 bis 5 Arbeitstage (EU and CH)<\/p>\n","protected":false},"featured_media":1143450,"template":"","meta":[],"product_brand":[],"product_cat":[19],"product_tag":[],"class_list":{"0":"post-1132899","1":"product","2":"type-product","3":"status-publish","4":"has-post-thumbnail","6":"product_cat-unkategorisiert","7":"pa_alcohol-for-filter-12-5","8":"pa_certified-biodynamic-nein-de","9":"pa_certified-organic-nein-de","10":"pa_colour-weiss","11":"pa_country-frankreich","12":"pa_grape-chardonnay","13":"pa_parker-points-for-filter-93-de-2","14":"pa_price-for-filter-10596","15":"pa_producer-de-sousa-et-fils","16":"pa_region-champagne","17":"pa_size-ml-6657","18":"pa_sweetness-trocken-de","19":"pa_type-2-champagner","20":"pa_vintage-2009-de","21":"entry","22":"has-media","24":"first","25":"instock","26":"taxable","27":"shipping-taxable","28":"purchasable","29":"product-type-simple"},"yoast_head":"<!-- This site is optimized with the Yoast SEO plugin v27.5 - https:\/\/yoast.com\/product\/yoast-seo-wordpress\/ -->\n<title>De Sousa et Fils Zoemie de Sousa Cuv\u00e9e UMAMI Grand Cru Extra Brut 2009, 1500ml<\/title>\n<meta name=\"description\" content=\"Kaufe De Sousa et Fils Zoemie de Sousa Cuv\u00e9e UMAMI Grand Cru Extra Brut 2009 (Chardonnay, trocken Schaumwein aus Champagne, Frankreich) bei Wein Werte, Ihrem nachhaltigen Onlineshop.\" \/>\n<meta name=\"robots\" content=\"index, follow, max-snippet:-1, max-image-preview:large, max-video-preview:-1\" \/>\n<link rel=\"canonical\" href=\"https:\/\/wein-werte.com\/de\/produkt\/de-sousa-et-fils-zoemie-de-sousa-cuvee-umami-grand-cru-extra-brut-2009-1500ml\/\" \/>\n<meta property=\"og:locale\" content=\"de_DE\" \/>\n<meta property=\"og:type\" content=\"article\" \/>\n<meta property=\"og:title\" content=\"De Sousa et Fils Zoemie de Sousa Cuv\u00e9e UMAMI Grand Cru Extra Brut 2009, 1500ml\" \/>\n<meta property=\"og:description\" content=\"Kaufe De Sousa et Fils Zoemie de Sousa Cuv\u00e9e UMAMI Grand Cru Extra Brut 2009 (Chardonnay, trocken Schaumwein aus Champagne, Frankreich) bei Wein Werte, Ihrem nachhaltigen Onlineshop.\" \/>\n<meta property=\"og:url\" content=\"https:\/\/wein-werte.com\/de\/produkt\/de-sousa-et-fils-zoemie-de-sousa-cuvee-umami-grand-cru-extra-brut-2009-1500ml\/\" \/>\n<meta property=\"og:site_name\" content=\"Wein Werte\" \/>\n<meta property=\"og:image\" content=\"https:\/\/wein-werte.com\/wp-content\/uploads\/2026\/04\/De-Sousa-et-Fils-Zoemie-de-Sousa-Cuvee-UMAMI-Grand-Cru-Extra-Brut-2009-1500ml.png\" \/>\n\t<meta property=\"og:image:width\" content=\"367\" \/>\n\t<meta property=\"og:image:height\" content=\"1200\" \/>\n\t<meta property=\"og:image:type\" content=\"image\/png\" \/>\n<meta name=\"twitter:card\" content=\"summary_large_image\" \/>\n<meta name=\"twitter:label1\" content=\"Gesch\u00e4tzte Lesezeit\" \/>\n\t<meta name=\"twitter:data1\" content=\"1\u00a0Minute\" \/>\n<script type=\"application\/ld+json\" class=\"yoast-schema-graph\">{\"@context\":\"https:\\\/\\\/schema.org\",\"@graph\":[{\"@type\":\"WebPage\",\"@id\":\"https:\\\/\\\/wein-werte.com\\\/de\\\/produkt\\\/de-sousa-et-fils-zoemie-de-sousa-cuvee-umami-grand-cru-extra-brut-2009-1500ml\\\/\",\"url\":\"https:\\\/\\\/wein-werte.com\\\/de\\\/produkt\\\/de-sousa-et-fils-zoemie-de-sousa-cuvee-umami-grand-cru-extra-brut-2009-1500ml\\\/\",\"name\":\"De Sousa et Fils Zoemie de Sousa Cuv\u00e9e UMAMI Grand Cru Extra Brut 2009, 1500ml\",\"isPartOf\":{\"@id\":\"https:\\\/\\\/wein-werte.com\\\/de\\\/#website\"},\"primaryImageOfPage\":{\"@id\":\"https:\\\/\\\/wein-werte.com\\\/de\\\/produkt\\\/de-sousa-et-fils-zoemie-de-sousa-cuvee-umami-grand-cru-extra-brut-2009-1500ml\\\/#primaryimage\"},\"image\":{\"@id\":\"https:\\\/\\\/wein-werte.com\\\/de\\\/produkt\\\/de-sousa-et-fils-zoemie-de-sousa-cuvee-umami-grand-cru-extra-brut-2009-1500ml\\\/#primaryimage\"},\"thumbnailUrl\":\"https:\\\/\\\/wein-werte.com\\\/wp-content\\\/uploads\\\/2026\\\/04\\\/De-Sousa-et-Fils-Zoemie-de-Sousa-Cuvee-UMAMI-Grand-Cru-Extra-Brut-2009-1500ml.png\",\"datePublished\":\"2026-05-08T18:04:24+00:00\",\"description\":\"Kaufe De Sousa et Fils Zoemie de Sousa Cuv\u00e9e UMAMI Grand Cru Extra Brut 2009 (Chardonnay, trocken Schaumwein aus Champagne, Frankreich) bei Wein Werte, Ihrem nachhaltigen Onlineshop.\",\"breadcrumb\":{\"@id\":\"https:\\\/\\\/wein-werte.com\\\/de\\\/produkt\\\/de-sousa-et-fils-zoemie-de-sousa-cuvee-umami-grand-cru-extra-brut-2009-1500ml\\\/#breadcrumb\"},\"inLanguage\":\"de\",\"potentialAction\":[{\"@type\":\"ReadAction\",\"target\":[\"https:\\\/\\\/wein-werte.com\\\/de\\\/produkt\\\/de-sousa-et-fils-zoemie-de-sousa-cuvee-umami-grand-cru-extra-brut-2009-1500ml\\\/\"]}]},{\"@type\":\"ImageObject\",\"inLanguage\":\"de\",\"@id\":\"https:\\\/\\\/wein-werte.com\\\/de\\\/produkt\\\/de-sousa-et-fils-zoemie-de-sousa-cuvee-umami-grand-cru-extra-brut-2009-1500ml\\\/#primaryimage\",\"url\":\"https:\\\/\\\/wein-werte.com\\\/wp-content\\\/uploads\\\/2026\\\/04\\\/De-Sousa-et-Fils-Zoemie-de-Sousa-Cuvee-UMAMI-Grand-Cru-Extra-Brut-2009-1500ml.png\",\"contentUrl\":\"https:\\\/\\\/wein-werte.com\\\/wp-content\\\/uploads\\\/2026\\\/04\\\/De-Sousa-et-Fils-Zoemie-de-Sousa-Cuvee-UMAMI-Grand-Cru-Extra-Brut-2009-1500ml.png\",\"width\":367,\"height\":1200,\"caption\":\"De Sousa et Fils Zoemie de Sousa Cuv\u00e9e UMAMI Grand Cru Extra Brut 2009 1500ml\"},{\"@type\":\"BreadcrumbList\",\"@id\":\"https:\\\/\\\/wein-werte.com\\\/de\\\/produkt\\\/de-sousa-et-fils-zoemie-de-sousa-cuvee-umami-grand-cru-extra-brut-2009-1500ml\\\/#breadcrumb\",\"itemListElement\":[{\"@type\":\"ListItem\",\"position\":1,\"name\":\"Home\",\"item\":\"https:\\\/\\\/wein-werte.com\\\/de\\\/\"},{\"@type\":\"ListItem\",\"position\":2,\"name\":\"Shop\",\"item\":\"https:\\\/\\\/wein-werte.com\\\/de\\\/shop\\\/\"},{\"@type\":\"ListItem\",\"position\":3,\"name\":\"De Sousa et Fils | Champagne | Zoemie de Sousa Cuv\u00e9e UMAMI Grand Cru Extra Brut | 2009 | 1500ml\"}]},{\"@type\":\"WebSite\",\"@id\":\"https:\\\/\\\/wein-werte.com\\\/de\\\/#website\",\"url\":\"https:\\\/\\\/wein-werte.com\\\/de\\\/\",\"name\":\"Wein Werte\",\"description\":\"\",\"publisher\":{\"@id\":\"https:\\\/\\\/wein-werte.com\\\/de\\\/#organization\"},\"potentialAction\":[{\"@type\":\"SearchAction\",\"target\":{\"@type\":\"EntryPoint\",\"urlTemplate\":\"https:\\\/\\\/wein-werte.com\\\/de\\\/?s={search_term_string}\"},\"query-input\":{\"@type\":\"PropertyValueSpecification\",\"valueRequired\":true,\"valueName\":\"search_term_string\"}}],\"inLanguage\":\"de\"},{\"@type\":\"Organization\",\"@id\":\"https:\\\/\\\/wein-werte.com\\\/de\\\/#organization\",\"name\":\"Vins Fins Thorrold\",\"url\":\"https:\\\/\\\/wein-werte.com\\\/de\\\/\",\"logo\":{\"@type\":\"ImageObject\",\"inLanguage\":\"de\",\"@id\":\"https:\\\/\\\/wein-werte.com\\\/de\\\/#\\\/schema\\\/logo\\\/image\\\/\",\"url\":\"https:\\\/\\\/wein-werte.com\\\/wp-content\\\/uploads\\\/2023\\\/07\\\/Wein_werte_Logo700-1.png\",\"contentUrl\":\"https:\\\/\\\/wein-werte.com\\\/wp-content\\\/uploads\\\/2023\\\/07\\\/Wein_werte_Logo700-1.png\",\"width\":700,\"height\":272,\"caption\":\"Vins Fins Thorrold\"},\"image\":{\"@id\":\"https:\\\/\\\/wein-werte.com\\\/de\\\/#\\\/schema\\\/logo\\\/image\\\/\"}}]}<\/script>\n<!-- \/ Yoast SEO plugin. -->","yoast_head_json":{"title":"De Sousa et Fils Zoemie de Sousa Cuv\u00e9e UMAMI Grand Cru Extra Brut 2009, 1500ml","description":"Kaufe De Sousa et Fils Zoemie de Sousa Cuv\u00e9e UMAMI Grand Cru Extra Brut 2009 (Chardonnay, trocken Schaumwein aus Champagne, Frankreich) bei Wein Werte, Ihrem nachhaltigen Onlineshop.","robots":{"index":"index","follow":"follow","max-snippet":"max-snippet:-1","max-image-preview":"max-image-preview:large","max-video-preview":"max-video-preview:-1"},"canonical":"https:\/\/wein-werte.com\/de\/produkt\/de-sousa-et-fils-zoemie-de-sousa-cuvee-umami-grand-cru-extra-brut-2009-1500ml\/","og_locale":"de_DE","og_type":"article","og_title":"De Sousa et Fils Zoemie de Sousa Cuv\u00e9e UMAMI Grand Cru Extra Brut 2009, 1500ml","og_description":"Kaufe De Sousa et Fils Zoemie de Sousa Cuv\u00e9e UMAMI Grand Cru Extra Brut 2009 (Chardonnay, trocken Schaumwein aus Champagne, Frankreich) bei Wein Werte, Ihrem nachhaltigen Onlineshop.","og_url":"https:\/\/wein-werte.com\/de\/produkt\/de-sousa-et-fils-zoemie-de-sousa-cuvee-umami-grand-cru-extra-brut-2009-1500ml\/","og_site_name":"Wein Werte","og_image":[{"width":367,"height":1200,"url":"https:\/\/wein-werte.com\/wp-content\/uploads\/2026\/04\/De-Sousa-et-Fils-Zoemie-de-Sousa-Cuvee-UMAMI-Grand-Cru-Extra-Brut-2009-1500ml.png","type":"image\/png"}],"twitter_card":"summary_large_image","twitter_misc":{"Gesch\u00e4tzte Lesezeit":"1\u00a0Minute"},"schema":{"@context":"https:\/\/schema.org","@graph":[{"@type":"WebPage","@id":"https:\/\/wein-werte.com\/de\/produkt\/de-sousa-et-fils-zoemie-de-sousa-cuvee-umami-grand-cru-extra-brut-2009-1500ml\/","url":"https:\/\/wein-werte.com\/de\/produkt\/de-sousa-et-fils-zoemie-de-sousa-cuvee-umami-grand-cru-extra-brut-2009-1500ml\/","name":"De Sousa et Fils Zoemie de Sousa Cuv\u00e9e UMAMI Grand Cru Extra Brut 2009, 1500ml","isPartOf":{"@id":"https:\/\/wein-werte.com\/de\/#website"},"primaryImageOfPage":{"@id":"https:\/\/wein-werte.com\/de\/produkt\/de-sousa-et-fils-zoemie-de-sousa-cuvee-umami-grand-cru-extra-brut-2009-1500ml\/#primaryimage"},"image":{"@id":"https:\/\/wein-werte.com\/de\/produkt\/de-sousa-et-fils-zoemie-de-sousa-cuvee-umami-grand-cru-extra-brut-2009-1500ml\/#primaryimage"},"thumbnailUrl":"https:\/\/wein-werte.com\/wp-content\/uploads\/2026\/04\/De-Sousa-et-Fils-Zoemie-de-Sousa-Cuvee-UMAMI-Grand-Cru-Extra-Brut-2009-1500ml.png","datePublished":"2026-05-08T18:04:24+00:00","description":"Kaufe De Sousa et Fils Zoemie de Sousa Cuv\u00e9e UMAMI Grand Cru Extra Brut 2009 (Chardonnay, trocken Schaumwein aus Champagne, Frankreich) bei Wein Werte, Ihrem nachhaltigen Onlineshop.","breadcrumb":{"@id":"https:\/\/wein-werte.com\/de\/produkt\/de-sousa-et-fils-zoemie-de-sousa-cuvee-umami-grand-cru-extra-brut-2009-1500ml\/#breadcrumb"},"inLanguage":"de","potentialAction":[{"@type":"ReadAction","target":["https:\/\/wein-werte.com\/de\/produkt\/de-sousa-et-fils-zoemie-de-sousa-cuvee-umami-grand-cru-extra-brut-2009-1500ml\/"]}]},{"@type":"ImageObject","inLanguage":"de","@id":"https:\/\/wein-werte.com\/de\/produkt\/de-sousa-et-fils-zoemie-de-sousa-cuvee-umami-grand-cru-extra-brut-2009-1500ml\/#primaryimage","url":"https:\/\/wein-werte.com\/wp-content\/uploads\/2026\/04\/De-Sousa-et-Fils-Zoemie-de-Sousa-Cuvee-UMAMI-Grand-Cru-Extra-Brut-2009-1500ml.png","contentUrl":"https:\/\/wein-werte.com\/wp-content\/uploads\/2026\/04\/De-Sousa-et-Fils-Zoemie-de-Sousa-Cuvee-UMAMI-Grand-Cru-Extra-Brut-2009-1500ml.png","width":367,"height":1200,"caption":"De Sousa et Fils Zoemie de Sousa Cuv\u00e9e UMAMI Grand Cru Extra Brut 2009 1500ml"},{"@type":"BreadcrumbList","@id":"https:\/\/wein-werte.com\/de\/produkt\/de-sousa-et-fils-zoemie-de-sousa-cuvee-umami-grand-cru-extra-brut-2009-1500ml\/#breadcrumb","itemListElement":[{"@type":"ListItem","position":1,"name":"Home","item":"https:\/\/wein-werte.com\/de\/"},{"@type":"ListItem","position":2,"name":"Shop","item":"https:\/\/wein-werte.com\/de\/shop\/"},{"@type":"ListItem","position":3,"name":"De Sousa et Fils | Champagne | Zoemie de Sousa Cuv\u00e9e UMAMI Grand Cru Extra Brut | 2009 | 1500ml"}]},{"@type":"WebSite","@id":"https:\/\/wein-werte.com\/de\/#website","url":"https:\/\/wein-werte.com\/de\/","name":"Wein Werte","description":"","publisher":{"@id":"https:\/\/wein-werte.com\/de\/#organization"},"potentialAction":[{"@type":"SearchAction","target":{"@type":"EntryPoint","urlTemplate":"https:\/\/wein-werte.com\/de\/?s={search_term_string}"},"query-input":{"@type":"PropertyValueSpecification","valueRequired":true,"valueName":"search_term_string"}}],"inLanguage":"de"},{"@type":"Organization","@id":"https:\/\/wein-werte.com\/de\/#organization","name":"Vins Fins Thorrold","url":"https:\/\/wein-werte.com\/de\/","logo":{"@type":"ImageObject","inLanguage":"de","@id":"https:\/\/wein-werte.com\/de\/#\/schema\/logo\/image\/","url":"https:\/\/wein-werte.com\/wp-content\/uploads\/2023\/07\/Wein_werte_Logo700-1.png","contentUrl":"https:\/\/wein-werte.com\/wp-content\/uploads\/2023\/07\/Wein_werte_Logo700-1.png","width":700,"height":272,"caption":"Vins Fins Thorrold"},"image":{"@id":"https:\/\/wein-werte.com\/de\/#\/schema\/logo\/image\/"}}]}},"_links":{"self":[{"href":"https:\/\/wein-werte.com\/de\/wp-json\/wp\/v2\/product\/1132899","targetHints":{"allow":["GET"]}}],"collection":[{"href":"https:\/\/wein-werte.com\/de\/wp-json\/wp\/v2\/product"}],"about":[{"href":"https:\/\/wein-werte.com\/de\/wp-json\/wp\/v2\/types\/product"}],"wp:featuredmedia":[{"embeddable":true,"href":"https:\/\/wein-werte.com\/de\/wp-json\/wp\/v2\/media\/1143450"}],"wp:attachment":[{"href":"https:\/\/wein-werte.com\/de\/wp-json\/wp\/v2\/media?parent=1132899"}],"wp:term":[{"taxonomy":"product_brand","embeddable":true,"href":"https:\/\/wein-werte.com\/de\/wp-json\/wp\/v2\/product_brand?post=1132899"},{"taxonomy":"product_cat","embeddable":true,"href":"https:\/\/wein-werte.com\/de\/wp-json\/wp\/v2\/product_cat?post=1132899"},{"taxonomy":"product_tag","embeddable":true,"href":"https:\/\/wein-werte.com\/de\/wp-json\/wp\/v2\/product_tag?post=1132899"}],"curies":[{"name":"wp","href":"https:\/\/api.w.org\/{rel}","templated":true}]}}