{"id":1132880,"date":"2026-05-08T20:04:23","date_gmt":"2026-05-08T18:04:23","guid":{"rendered":"https:\/\/wein-werte.com\/product\/de-sousa-et-fils-reserve-extra-brut-blanc-de-blancs-grand-cru-750ml\/"},"modified":"2026-04-27T11:49:42","modified_gmt":"2026-04-27T09:49:42","slug":"de-sousa-et-fils-reserve-extra-brut-blanc-de-blancs-grand-cru-750ml","status":"publish","type":"product","link":"https:\/\/wein-werte.com\/de\/produkt\/de-sousa-et-fils-reserve-extra-brut-blanc-de-blancs-grand-cru-750ml\/","title":{"rendered":"De Sousa et Fils | Champagne | R\u00e9serve Extra Brut, Blanc de Blancs, Grand Cru | NV | 750ml | bio"},"content":{"rendered":"<p>Produktbeschreibung f\u00fcr De Sousa et Fils R\u00e9serve Extra Brut, Blanc de Blancs, Grand Cru NV (bio)<\/p>\n<p> Christoph Raffelt: Das, was der einladende Duft dieses Champagner verspricht, l\u00f6st der R\u00e9serve Brut am Gaumen voll und ganz ein. De Sousas Stil, die Hefe w\u00e4hrend des Ausbaus im Fass immer wieder aufzur\u00fchren, l\u00e4sst die R\u00e9serve Brut cremig und weich werden \u2013 und das, ohne an Kraft und erfrischender S\u00e4ure zu verlieren. Der de Sousa schafft ganz pr\u00e4zise die Balance zwischen der reifen Aromatik von Honig, Toast und reifem Steinobst und der mineralischen Frische und Klarheit, die man von einem Chardonnay der C\u00f4te des Blancs erwartet. So hat man hier einen Blanc de Blancs, der jeden bei den gro\u00dfen Marken abholt und f\u00fcr immer im Lager der unabh\u00e4ngigen H\u00e4user und Winzer der Champagne verwurzelt. <\/p>\n<h5>Wein<\/h5>\n<p> Champagne De Sousa et Fils, R\u00e9serve Brut Grand Cru <\/p>\n<h5>Zum Wein<\/h5>\n<p> 100 % Chardonnay aus Grand-Cru-Lagen mit einem R\u00e9serve-Anteil von mindestens 25 %. <\/p>\n<h5>Farbe<\/h5>\n<p> kr\u00e4ftiges Goldgelb mit leicht gr\u00fcnen Reflexen <\/p>\n<h5>Nase<\/h5>\n<p> Die R\u00e9serve Brut ist ein opulenter und im besten Sinne klassischer Champagner. Zitrusfr\u00fcchte, Nektarinen und getrocknetes Steinobst verbinden sich hier mit Noten von Brioche, ger\u00f6steten Haseln\u00fcssen, Toast und frischem Hochlandkaffee, in die sich der Duft von Fenchel und Kamille mischt. <\/p>\n<h5>Gaumen<\/h5>\n<p> Das, was der einladende Duft dieses Champagner verspricht, l\u00f6st der R\u00e9serve Brut am Gaumen voll und ganz ein. De Sousas Stil, die Hefe w\u00e4hrend des Ausbaus im Fass immer wieder aufzur\u00fchren, l\u00e4sst die R\u00e9serve Brut cremig und weich werden \u2013 und das, ohne an Kraft und erfrischender S\u00e4ure zu verlieren. Der de Sousa schafft ganz pr\u00e4zise die Balance zwischen der reifen Aromatik von Honig, Toast und reifem Steinobst und der mineralischen Frische und Klarheit, die man von einem Chardonnay der C\u00f4te des Blancs erwartet. So hat man hier einen Blanc de Blancs, der jeden bei den gro\u00dfen Marken abholt und f\u00fcr immer im Lager der unabh\u00e4ngigen H\u00e4user und Winzer der Champagne verwurzelt.<\/p>\n<p>Copyright Vinaturel 2025<\/p>\n<p>Keywords: <a href=\"https:\/\/wein-werte.com\/de\/shop\/?swoof=1&#038;pa_producer=De-Sousa-et-Fils\">De Sousa et Fils<\/a> <a href=\"https:\/\/wein-werte.com\/de\/shop\/?swoof=1&#038;woof_text=R\u00e9serve Extra Brut, Blanc de Blancs, Grand Cru\">R\u00e9serve Extra Brut, Blanc de Blancs, Grand Cru<\/a> NV bio <a href=\"https:\/\/wein-werte.com\/de\/shop\/?swoof=1&#038;pa_region=Champagne\">Champagne<\/a> <a href=\"https:\/\/wein-werte.com\/de\/shop\/?swoof=1&#038;pa_country=Frankreich\">Frankreich<\/a><\/p>\n<p>Internetseite des Weinguts: <a href=\"https:\/\/www.champagnedesousa.com\/en\/home\/\" target=\"_blank\">https:\/\/www.champagnedesousa.com\/en\/home\/<\/a><\/p>\n","protected":false},"excerpt":{"rendered":"<p>Lieferzeit: 1 bis 2 Arbeitstage (DE), 2 bis 5 Arbeitstage (EU and CH)<\/p>\n","protected":false},"featured_media":1143436,"template":"","meta":[],"product_brand":[],"product_cat":[19],"product_tag":[],"class_list":{"0":"post-1132880","1":"product","2":"type-product","3":"status-publish","4":"has-post-thumbnail","6":"product_cat-unkategorisiert","7":"pa_alcohol-for-filter-12-5","8":"pa_certified-biodynamic-ja-de","9":"pa_certified-organic-ja-de","10":"pa_colour-weiss","11":"pa_country-frankreich","12":"pa_grape-chardonnay","13":"pa_price-for-filter-10572","14":"pa_producer-de-sousa-et-fils","15":"pa_region-champagne","16":"pa_size-ml-6584","17":"pa_sweetness-trocken-de","18":"pa_type-2-champagner","19":"pa_vintage-nv-de","20":"entry","21":"has-media","23":"first","24":"instock","25":"taxable","26":"shipping-taxable","27":"purchasable","28":"product-type-simple"},"yoast_head":"<!-- This site is optimized with the Yoast SEO plugin v27.5 - https:\/\/yoast.com\/product\/yoast-seo-wordpress\/ -->\n<title>De Sousa et Fils R\u00e9serve Extra Brut blanc de blancs Grand Cru<\/title>\n<meta name=\"description\" content=\"Kaufe De Sousa et Fils R\u00e9serve Extra Brut blanc de blancs Grand Cru (Chardonnay, trocken Schaumwein aus Champagne, Frankreich) bei Wein Werte, Ihrem nachhaltigen Onlineshop.\" \/>\n<meta name=\"robots\" content=\"index, follow, max-snippet:-1, max-image-preview:large, max-video-preview:-1\" \/>\n<link rel=\"canonical\" href=\"https:\/\/wein-werte.com\/de\/produkt\/de-sousa-et-fils-reserve-extra-brut-blanc-de-blancs-grand-cru-750ml\/\" \/>\n<meta property=\"og:locale\" content=\"de_DE\" \/>\n<meta property=\"og:type\" content=\"article\" \/>\n<meta property=\"og:title\" content=\"De Sousa et Fils R\u00e9serve Extra Brut blanc de blancs Grand Cru\" \/>\n<meta property=\"og:description\" content=\"Kaufe De Sousa et Fils R\u00e9serve Extra Brut blanc de blancs Grand Cru (Chardonnay, trocken Schaumwein aus Champagne, Frankreich) bei Wein Werte, Ihrem nachhaltigen Onlineshop.\" \/>\n<meta property=\"og:url\" content=\"https:\/\/wein-werte.com\/de\/produkt\/de-sousa-et-fils-reserve-extra-brut-blanc-de-blancs-grand-cru-750ml\/\" \/>\n<meta property=\"og:site_name\" content=\"Wein Werte\" \/>\n<meta property=\"og:image\" content=\"https:\/\/wein-werte.com\/wp-content\/uploads\/2026\/04\/De-Sousa-et-Fils-Reserve-Extra-Brut-blanc-de-blancs-Grand-Cru-750ml.png\" \/>\n\t<meta property=\"og:image:width\" content=\"321\" \/>\n\t<meta property=\"og:image:height\" content=\"1200\" \/>\n\t<meta property=\"og:image:type\" content=\"image\/png\" \/>\n<meta name=\"twitter:card\" content=\"summary_large_image\" \/>\n<meta name=\"twitter:label1\" content=\"Gesch\u00e4tzte Lesezeit\" \/>\n\t<meta name=\"twitter:data1\" content=\"2\u00a0Minuten\" \/>\n<script type=\"application\/ld+json\" class=\"yoast-schema-graph\">{\"@context\":\"https:\\\/\\\/schema.org\",\"@graph\":[{\"@type\":\"WebPage\",\"@id\":\"https:\\\/\\\/wein-werte.com\\\/de\\\/produkt\\\/de-sousa-et-fils-reserve-extra-brut-blanc-de-blancs-grand-cru-750ml\\\/\",\"url\":\"https:\\\/\\\/wein-werte.com\\\/de\\\/produkt\\\/de-sousa-et-fils-reserve-extra-brut-blanc-de-blancs-grand-cru-750ml\\\/\",\"name\":\"De Sousa et Fils R\u00e9serve Extra Brut blanc de blancs Grand Cru\",\"isPartOf\":{\"@id\":\"https:\\\/\\\/wein-werte.com\\\/de\\\/#website\"},\"primaryImageOfPage\":{\"@id\":\"https:\\\/\\\/wein-werte.com\\\/de\\\/produkt\\\/de-sousa-et-fils-reserve-extra-brut-blanc-de-blancs-grand-cru-750ml\\\/#primaryimage\"},\"image\":{\"@id\":\"https:\\\/\\\/wein-werte.com\\\/de\\\/produkt\\\/de-sousa-et-fils-reserve-extra-brut-blanc-de-blancs-grand-cru-750ml\\\/#primaryimage\"},\"thumbnailUrl\":\"https:\\\/\\\/wein-werte.com\\\/wp-content\\\/uploads\\\/2026\\\/04\\\/De-Sousa-et-Fils-Reserve-Extra-Brut-blanc-de-blancs-Grand-Cru-750ml.png\",\"datePublished\":\"2026-05-08T18:04:23+00:00\",\"description\":\"Kaufe De Sousa et Fils R\u00e9serve Extra Brut blanc de blancs Grand Cru (Chardonnay, trocken Schaumwein aus Champagne, Frankreich) bei Wein Werte, Ihrem nachhaltigen Onlineshop.\",\"breadcrumb\":{\"@id\":\"https:\\\/\\\/wein-werte.com\\\/de\\\/produkt\\\/de-sousa-et-fils-reserve-extra-brut-blanc-de-blancs-grand-cru-750ml\\\/#breadcrumb\"},\"inLanguage\":\"de\",\"potentialAction\":[{\"@type\":\"ReadAction\",\"target\":[\"https:\\\/\\\/wein-werte.com\\\/de\\\/produkt\\\/de-sousa-et-fils-reserve-extra-brut-blanc-de-blancs-grand-cru-750ml\\\/\"]}]},{\"@type\":\"ImageObject\",\"inLanguage\":\"de\",\"@id\":\"https:\\\/\\\/wein-werte.com\\\/de\\\/produkt\\\/de-sousa-et-fils-reserve-extra-brut-blanc-de-blancs-grand-cru-750ml\\\/#primaryimage\",\"url\":\"https:\\\/\\\/wein-werte.com\\\/wp-content\\\/uploads\\\/2026\\\/04\\\/De-Sousa-et-Fils-Reserve-Extra-Brut-blanc-de-blancs-Grand-Cru-750ml.png\",\"contentUrl\":\"https:\\\/\\\/wein-werte.com\\\/wp-content\\\/uploads\\\/2026\\\/04\\\/De-Sousa-et-Fils-Reserve-Extra-Brut-blanc-de-blancs-Grand-Cru-750ml.png\",\"width\":321,\"height\":1200,\"caption\":\"De Sousa et Fils R\u00e9serve Extra Brut, Blanc de Blancs, Grand Cru NV 750ml\"},{\"@type\":\"BreadcrumbList\",\"@id\":\"https:\\\/\\\/wein-werte.com\\\/de\\\/produkt\\\/de-sousa-et-fils-reserve-extra-brut-blanc-de-blancs-grand-cru-750ml\\\/#breadcrumb\",\"itemListElement\":[{\"@type\":\"ListItem\",\"position\":1,\"name\":\"Home\",\"item\":\"https:\\\/\\\/wein-werte.com\\\/de\\\/\"},{\"@type\":\"ListItem\",\"position\":2,\"name\":\"Shop\",\"item\":\"https:\\\/\\\/wein-werte.com\\\/de\\\/shop\\\/\"},{\"@type\":\"ListItem\",\"position\":3,\"name\":\"De Sousa et Fils | Champagne | R\u00e9serve Extra Brut, Blanc de Blancs, Grand Cru | NV | 750ml | bio\"}]},{\"@type\":\"WebSite\",\"@id\":\"https:\\\/\\\/wein-werte.com\\\/de\\\/#website\",\"url\":\"https:\\\/\\\/wein-werte.com\\\/de\\\/\",\"name\":\"Wein Werte\",\"description\":\"\",\"publisher\":{\"@id\":\"https:\\\/\\\/wein-werte.com\\\/de\\\/#organization\"},\"potentialAction\":[{\"@type\":\"SearchAction\",\"target\":{\"@type\":\"EntryPoint\",\"urlTemplate\":\"https:\\\/\\\/wein-werte.com\\\/de\\\/?s={search_term_string}\"},\"query-input\":{\"@type\":\"PropertyValueSpecification\",\"valueRequired\":true,\"valueName\":\"search_term_string\"}}],\"inLanguage\":\"de\"},{\"@type\":\"Organization\",\"@id\":\"https:\\\/\\\/wein-werte.com\\\/de\\\/#organization\",\"name\":\"Vins Fins Thorrold\",\"url\":\"https:\\\/\\\/wein-werte.com\\\/de\\\/\",\"logo\":{\"@type\":\"ImageObject\",\"inLanguage\":\"de\",\"@id\":\"https:\\\/\\\/wein-werte.com\\\/de\\\/#\\\/schema\\\/logo\\\/image\\\/\",\"url\":\"https:\\\/\\\/wein-werte.com\\\/wp-content\\\/uploads\\\/2023\\\/07\\\/Wein_werte_Logo700-1.png\",\"contentUrl\":\"https:\\\/\\\/wein-werte.com\\\/wp-content\\\/uploads\\\/2023\\\/07\\\/Wein_werte_Logo700-1.png\",\"width\":700,\"height\":272,\"caption\":\"Vins Fins Thorrold\"},\"image\":{\"@id\":\"https:\\\/\\\/wein-werte.com\\\/de\\\/#\\\/schema\\\/logo\\\/image\\\/\"}}]}<\/script>\n<!-- \/ Yoast SEO plugin. -->","yoast_head_json":{"title":"De Sousa et Fils R\u00e9serve Extra Brut blanc de blancs Grand Cru","description":"Kaufe De Sousa et Fils R\u00e9serve Extra Brut blanc de blancs Grand Cru (Chardonnay, trocken Schaumwein aus Champagne, Frankreich) bei Wein Werte, Ihrem nachhaltigen Onlineshop.","robots":{"index":"index","follow":"follow","max-snippet":"max-snippet:-1","max-image-preview":"max-image-preview:large","max-video-preview":"max-video-preview:-1"},"canonical":"https:\/\/wein-werte.com\/de\/produkt\/de-sousa-et-fils-reserve-extra-brut-blanc-de-blancs-grand-cru-750ml\/","og_locale":"de_DE","og_type":"article","og_title":"De Sousa et Fils R\u00e9serve Extra Brut blanc de blancs Grand Cru","og_description":"Kaufe De Sousa et Fils R\u00e9serve Extra Brut blanc de blancs Grand Cru (Chardonnay, trocken Schaumwein aus Champagne, Frankreich) bei Wein Werte, Ihrem nachhaltigen Onlineshop.","og_url":"https:\/\/wein-werte.com\/de\/produkt\/de-sousa-et-fils-reserve-extra-brut-blanc-de-blancs-grand-cru-750ml\/","og_site_name":"Wein Werte","og_image":[{"width":321,"height":1200,"url":"https:\/\/wein-werte.com\/wp-content\/uploads\/2026\/04\/De-Sousa-et-Fils-Reserve-Extra-Brut-blanc-de-blancs-Grand-Cru-750ml.png","type":"image\/png"}],"twitter_card":"summary_large_image","twitter_misc":{"Gesch\u00e4tzte Lesezeit":"2\u00a0Minuten"},"schema":{"@context":"https:\/\/schema.org","@graph":[{"@type":"WebPage","@id":"https:\/\/wein-werte.com\/de\/produkt\/de-sousa-et-fils-reserve-extra-brut-blanc-de-blancs-grand-cru-750ml\/","url":"https:\/\/wein-werte.com\/de\/produkt\/de-sousa-et-fils-reserve-extra-brut-blanc-de-blancs-grand-cru-750ml\/","name":"De Sousa et Fils R\u00e9serve Extra Brut blanc de blancs Grand Cru","isPartOf":{"@id":"https:\/\/wein-werte.com\/de\/#website"},"primaryImageOfPage":{"@id":"https:\/\/wein-werte.com\/de\/produkt\/de-sousa-et-fils-reserve-extra-brut-blanc-de-blancs-grand-cru-750ml\/#primaryimage"},"image":{"@id":"https:\/\/wein-werte.com\/de\/produkt\/de-sousa-et-fils-reserve-extra-brut-blanc-de-blancs-grand-cru-750ml\/#primaryimage"},"thumbnailUrl":"https:\/\/wein-werte.com\/wp-content\/uploads\/2026\/04\/De-Sousa-et-Fils-Reserve-Extra-Brut-blanc-de-blancs-Grand-Cru-750ml.png","datePublished":"2026-05-08T18:04:23+00:00","description":"Kaufe De Sousa et Fils R\u00e9serve Extra Brut blanc de blancs Grand Cru (Chardonnay, trocken Schaumwein aus Champagne, Frankreich) bei Wein Werte, Ihrem nachhaltigen Onlineshop.","breadcrumb":{"@id":"https:\/\/wein-werte.com\/de\/produkt\/de-sousa-et-fils-reserve-extra-brut-blanc-de-blancs-grand-cru-750ml\/#breadcrumb"},"inLanguage":"de","potentialAction":[{"@type":"ReadAction","target":["https:\/\/wein-werte.com\/de\/produkt\/de-sousa-et-fils-reserve-extra-brut-blanc-de-blancs-grand-cru-750ml\/"]}]},{"@type":"ImageObject","inLanguage":"de","@id":"https:\/\/wein-werte.com\/de\/produkt\/de-sousa-et-fils-reserve-extra-brut-blanc-de-blancs-grand-cru-750ml\/#primaryimage","url":"https:\/\/wein-werte.com\/wp-content\/uploads\/2026\/04\/De-Sousa-et-Fils-Reserve-Extra-Brut-blanc-de-blancs-Grand-Cru-750ml.png","contentUrl":"https:\/\/wein-werte.com\/wp-content\/uploads\/2026\/04\/De-Sousa-et-Fils-Reserve-Extra-Brut-blanc-de-blancs-Grand-Cru-750ml.png","width":321,"height":1200,"caption":"De Sousa et Fils R\u00e9serve Extra Brut, Blanc de Blancs, Grand Cru NV 750ml"},{"@type":"BreadcrumbList","@id":"https:\/\/wein-werte.com\/de\/produkt\/de-sousa-et-fils-reserve-extra-brut-blanc-de-blancs-grand-cru-750ml\/#breadcrumb","itemListElement":[{"@type":"ListItem","position":1,"name":"Home","item":"https:\/\/wein-werte.com\/de\/"},{"@type":"ListItem","position":2,"name":"Shop","item":"https:\/\/wein-werte.com\/de\/shop\/"},{"@type":"ListItem","position":3,"name":"De Sousa et Fils | Champagne | R\u00e9serve Extra Brut, Blanc de Blancs, Grand Cru | NV | 750ml | bio"}]},{"@type":"WebSite","@id":"https:\/\/wein-werte.com\/de\/#website","url":"https:\/\/wein-werte.com\/de\/","name":"Wein Werte","description":"","publisher":{"@id":"https:\/\/wein-werte.com\/de\/#organization"},"potentialAction":[{"@type":"SearchAction","target":{"@type":"EntryPoint","urlTemplate":"https:\/\/wein-werte.com\/de\/?s={search_term_string}"},"query-input":{"@type":"PropertyValueSpecification","valueRequired":true,"valueName":"search_term_string"}}],"inLanguage":"de"},{"@type":"Organization","@id":"https:\/\/wein-werte.com\/de\/#organization","name":"Vins Fins Thorrold","url":"https:\/\/wein-werte.com\/de\/","logo":{"@type":"ImageObject","inLanguage":"de","@id":"https:\/\/wein-werte.com\/de\/#\/schema\/logo\/image\/","url":"https:\/\/wein-werte.com\/wp-content\/uploads\/2023\/07\/Wein_werte_Logo700-1.png","contentUrl":"https:\/\/wein-werte.com\/wp-content\/uploads\/2023\/07\/Wein_werte_Logo700-1.png","width":700,"height":272,"caption":"Vins Fins Thorrold"},"image":{"@id":"https:\/\/wein-werte.com\/de\/#\/schema\/logo\/image\/"}}]}},"_links":{"self":[{"href":"https:\/\/wein-werte.com\/de\/wp-json\/wp\/v2\/product\/1132880","targetHints":{"allow":["GET"]}}],"collection":[{"href":"https:\/\/wein-werte.com\/de\/wp-json\/wp\/v2\/product"}],"about":[{"href":"https:\/\/wein-werte.com\/de\/wp-json\/wp\/v2\/types\/product"}],"wp:featuredmedia":[{"embeddable":true,"href":"https:\/\/wein-werte.com\/de\/wp-json\/wp\/v2\/media\/1143436"}],"wp:attachment":[{"href":"https:\/\/wein-werte.com\/de\/wp-json\/wp\/v2\/media?parent=1132880"}],"wp:term":[{"taxonomy":"product_brand","embeddable":true,"href":"https:\/\/wein-werte.com\/de\/wp-json\/wp\/v2\/product_brand?post=1132880"},{"taxonomy":"product_cat","embeddable":true,"href":"https:\/\/wein-werte.com\/de\/wp-json\/wp\/v2\/product_cat?post=1132880"},{"taxonomy":"product_tag","embeddable":true,"href":"https:\/\/wein-werte.com\/de\/wp-json\/wp\/v2\/product_tag?post=1132880"}],"curies":[{"name":"wp","href":"https:\/\/api.w.org\/{rel}","templated":true}]}}