{"id":1132850,"date":"2026-05-08T20:04:22","date_gmt":"2026-05-08T18:04:22","guid":{"rendered":"https:\/\/wein-werte.com\/product\/vazart-coquart-et-fils-ad-191-extra-brut-blanc-de-blancs-chouilly-grand-cru-2016-750ml\/"},"modified":"2026-04-27T11:49:40","modified_gmt":"2026-04-27T09:49:40","slug":"vazart-coquart-plus-fils-ad-191-extra-brut-blanc-de-blancs-chouilly-grand-cru-2016-750ml","status":"publish","type":"product","link":"https:\/\/wein-werte.com\/de\/produkt\/vazart-coquart-plus-fils-ad-191-extra-brut-blanc-de-blancs-chouilly-grand-cru-2016-750ml\/","title":{"rendered":"Vazart-Coquart &#038; Fils | Champagne | AD 191 Extra Brut, Blanc de Blancs Chouilly Grand Cru | 2016 | 750ml"},"content":{"rendered":"<p>Produktbeschreibung f\u00fcr Vazart-Coquart &#038; Fils AD 191 Extra Brut, Blanc de Blancs Chouilly Grand Cru 2016 <\/p>\n<p>perfekte Balance von Reife und Frische!  \u201eAD\u201c ist eine Abk\u00fcrzung f\u00fcr \u201eAnno Domini\u201c, aber in diesem Fall hat der Name des Champagners nichts mit einer Jahreszahl zu tun. \u201eAD 191\u201c sind die Katasterkoordinaten der Parzelle La Cerisi\u00e8re im Grand Cru Chouilly. Es ist eine Parzelle, die Jean-Pierre Vazart jahrelang begeistert probiert und sie 2016 erstmals einzeln ausgebaut hat. Sie ist klein und der Champagner nicht zuletzt wegen des Jahresverlaufs rar. So sind gerade einmal 1.640 Flaschen entstanden.   Die Parzelle wurde schon damals \u00f6kologisch bewirtschaftet, war aber im Gegensatz zu heute noch nicht zertifiziert. Der Boden ist kreide- und kalkhaltig mit geringer Tiefe, die Chardonnay-Reben bereits \u201eVieilles Vignes\u201c und liefern eine sehr gute Grundlage f\u00fcr diesen Einzellagen-Champagner. 2016 entwickelte sich zun\u00e4chst als schwieriger Jahrgang. Unerbittlich waren die Sp\u00e4tfr\u00f6ste, die im April weite Teile der Fruchtans\u00e4tze zerst\u00f6rten. Von Mai bis Juli gab es heftige Regenf\u00e4lle und im Juli setzte endlich warmes und trockenes Wetter ein, die Temperaturen stiegen und im August zog sogar eine Hitzewelle \u00fcber die Region. Kurz vor der Lese kam es erneut zu Regenf\u00e4llen und die Erntemenge ging um etwa ein Drittel zur\u00fcck, vor allem bei den gro\u00dfen, eher unflexiblen Erzeugern. Bei Vazart-Coquart war man besser aufgestellt und konnte zwar wenige aber sehr gute Trauben ins Weingut bringen.   Der Grundwein des \u201eParcellaire AD 191\u201c Blanc de Blancs Grand Cru Extra Brut von 2016 wurde im Stahltank ausgebaut und einem biologischen S\u00e4ureabbau unterzogen. Nachdem die Flaschen im Mai 2017 zur zweiten G\u00e4rung \u201esur lattes\u201c gelegt wurden, hat man sie im Mai 2023 ger\u00fcttelt und schlie\u00dflich im Juni 2023 mit 1 Gramm Dosage degorgiert. Der Champagner pr\u00e4sentiert sich in einer intensiven kupfernen Farbe. Nach dem ersten wilden Aufsch\u00e4umen wird die Perlage sehr fein. Sowohl im Glas als auch am Gaumen. Das Bukett ist einladend und verf\u00fchrerisch und zeugt von einem Chardonnay der C\u00f4te des Blancs, der Zeit zum Reifen hatte. Wei\u00dfer Nougat und warmer Bl\u00e4tterteig mit Vanillecremef\u00fcllung, dazu reife Zitrusnoten mit kandierten Orangenschalen und einem Hauch von kandiertem Ingwer, gepaart mit einer leicht jodigen und auch kreidigen Note. Eigentlich m\u00f6chte man sich l\u00e4nger in diesen Duft vertiefen, andererseits will man auch probieren \u2013 und das macht mindestens genauso viel Spa\u00df! Es ist ein reifer und doch frischer, seidiger und doch spannender Champagner, der all die k\u00f6stlichen Aromen des Bouquets aufgreift und sie mit der bereits erw\u00e4hnten feinen Perlage, aber auch mit einer ganz feinen S\u00fc\u00dfe und einer lebendigen Mineralit\u00e4t mischt. Hier schmeckt man noch mehr Nougat, oder auch warme Croissants mit Mandel- und Tonkacremef\u00fcllung. Dazu kommen reif zitrische Noten und etwas saftiges Steinobst, kreidige Aspekte und ein ganz feiner Extrakt, der sich bis ins lange Finale h\u00e4lt. So entsteht eine Melange aus Frische und F\u00fclle, Lebendigkeit und Charme, die diesen Jahrgangschampagner zu etwas ganz Besonderem macht.  Ein Champagner f\u00fcr jetzt und die n\u00e4chsten sechs bis acht Jahre.  <\/p>\n<h5>Info zum Champagner<\/h5>\n<p> Gewachsen in Chouilly in der Parzelle La Cerisi\u00e8re 100 % Chardonnay, abgef\u00fcllt im Jahrgang 2016. D\u00e9gorgiert im Januar 2025 mit einer Dosage von 1g\/l .  <\/p>\n<h5>Farbe\/Aussehen<\/h5>\n<p> Helles Goldgelb\/sehr feine Perlage. \u00a0 <\/p>\n<h5>Nase<\/h5>\n<p> Der Brut R\u00e9serve AD 191 Blanc de Blancs Chouilly Grand Cru duftet elegant nach viel Mineralit\u00e4t, steinigen Noten und heller Frucht. Neben Quitte, fester Birne und Zitrone zeigt sich gr\u00fcner Apfel und Sternfrucht. Ein k\u00fchles und elegantes Aroma leitet den perfekten Ap\u00e9ritif ein. \u00a0 <\/p>\n<h5>Gaumen<\/h5>\n<p> Saftig, bet\u00f6rend wirkt er am Gaumen, mit salziger Spur und feiner Kohlens\u00e4ure tanzt er \u00fcber die Zunge. Ein Champagner, der einen mit seiner Finesse und zugleich straffen Intensit\u00e4t verf\u00fchrt. Kristallin, glasklar \u2013 belebend, eine echte Entdeckung entpuppt sich nicht nur als Gaumen\u00f6ffner, sondern auch als fantastischer Essensbegleiter!<\/p>\n<p>Copyright Vinaturel 2025<\/p>\n<p>Keywords: <a href=\"https:\/\/wein-werte.com\/de\/shop\/?swoof=1&#038;pa_producer=Vazart-Coquart-&#038;-Fils\">Vazart-Coquart &#038; Fils<\/a> <a href=\"https:\/\/wein-werte.com\/de\/shop\/?swoof=1&#038;woof_text=AD 191 Extra Brut, Blanc de Blancs Chouilly Grand Cru\">AD 191 Extra Brut, Blanc de Blancs Chouilly Grand Cru<\/a> 2016  <a href=\"https:\/\/wein-werte.com\/de\/shop\/?swoof=1&#038;pa_region=Champagne\">Champagne<\/a> <a href=\"https:\/\/wein-werte.com\/de\/shop\/?swoof=1&#038;pa_country=Frankreich\">Frankreich<\/a><\/p>\n<p>Internetseite des Weinguts: <a href=\"https:\/\/www.champagnevazartcoquart.com\/\" target=\"_blank\">https:\/\/www.champagnevazartcoquart.com\/<\/a><\/p>\n","protected":false},"excerpt":{"rendered":"<p>Lieferzeit: 1 bis 2 Arbeitstage (DE), 2 bis 5 Arbeitstage (EU and CH)<\/p>\n","protected":false},"featured_media":1143416,"template":"","meta":[],"product_brand":[],"product_cat":[19],"product_tag":[],"class_list":{"0":"post-1132850","1":"product","2":"type-product","3":"status-publish","4":"has-post-thumbnail","6":"product_cat-unkategorisiert","7":"pa_alcohol-for-filter-12-5","8":"pa_certified-biodynamic-nein-de","9":"pa_certified-organic-nein-de","10":"pa_colour-weiss","11":"pa_country-frankreich","12":"pa_grape-chardonnay","13":"pa_price-for-filter-10714","14":"pa_producer-vazart-coquart-fils","15":"pa_region-champagne","16":"pa_size-ml-6584","17":"pa_sweetness-trocken-de","18":"pa_type-2-champagner","19":"pa_vintage-2016-de","20":"entry","21":"has-media","23":"first","24":"instock","25":"taxable","26":"shipping-taxable","27":"purchasable","28":"product-type-simple"},"yoast_head":"<!-- This site is optimized with the Yoast SEO plugin v27.5 - https:\/\/yoast.com\/product\/yoast-seo-wordpress\/ -->\n<title>Vazart-Coquart &amp; Fils AD 191 Extra Brut blanc de blancs Chouilly Grand Cru 2016<\/title>\n<meta name=\"description\" content=\"Kaufe Vazart-Coquart &amp; Fils AD 191 Extra Brut blanc de blancs Chouilly Grand Cru 2016 (Chardonnay, trocken Schaumwein aus Champagne, Frankreich) bei Wein Werte, Ihrem nachhaltigen Onlineshop.\" \/>\n<meta name=\"robots\" content=\"index, follow, max-snippet:-1, max-image-preview:large, max-video-preview:-1\" \/>\n<link rel=\"canonical\" href=\"https:\/\/wein-werte.com\/de\/produkt\/vazart-coquart-plus-fils-ad-191-extra-brut-blanc-de-blancs-chouilly-grand-cru-2016-750ml\/\" \/>\n<meta property=\"og:locale\" content=\"de_DE\" \/>\n<meta property=\"og:type\" content=\"article\" \/>\n<meta property=\"og:title\" content=\"Vazart-Coquart &amp; Fils AD 191 Extra Brut blanc de blancs Chouilly Grand Cru 2016\" \/>\n<meta property=\"og:description\" content=\"Kaufe Vazart-Coquart &amp; Fils AD 191 Extra Brut blanc de blancs Chouilly Grand Cru 2016 (Chardonnay, trocken Schaumwein aus Champagne, Frankreich) bei Wein Werte, Ihrem nachhaltigen Onlineshop.\" \/>\n<meta property=\"og:url\" content=\"https:\/\/wein-werte.com\/de\/produkt\/vazart-coquart-plus-fils-ad-191-extra-brut-blanc-de-blancs-chouilly-grand-cru-2016-750ml\/\" \/>\n<meta property=\"og:site_name\" content=\"Wein Werte\" \/>\n<meta property=\"og:image\" content=\"https:\/\/wein-werte.com\/wp-content\/uploads\/2026\/04\/Vazart-Coquart-et-Fils-AD-191-Extra-Brut-blanc-de-blancs-Chouilly-Grand-Cru-2016-750ml.png\" \/>\n\t<meta property=\"og:image:width\" content=\"329\" \/>\n\t<meta property=\"og:image:height\" content=\"1200\" \/>\n\t<meta property=\"og:image:type\" content=\"image\/png\" \/>\n<meta name=\"twitter:card\" content=\"summary_large_image\" \/>\n<meta name=\"twitter:label1\" content=\"Gesch\u00e4tzte Lesezeit\" \/>\n\t<meta name=\"twitter:data1\" content=\"3\u00a0Minuten\" \/>\n<script type=\"application\/ld+json\" class=\"yoast-schema-graph\">{\"@context\":\"https:\\\/\\\/schema.org\",\"@graph\":[{\"@type\":\"WebPage\",\"@id\":\"https:\\\/\\\/wein-werte.com\\\/de\\\/produkt\\\/vazart-coquart-plus-fils-ad-191-extra-brut-blanc-de-blancs-chouilly-grand-cru-2016-750ml\\\/\",\"url\":\"https:\\\/\\\/wein-werte.com\\\/de\\\/produkt\\\/vazart-coquart-plus-fils-ad-191-extra-brut-blanc-de-blancs-chouilly-grand-cru-2016-750ml\\\/\",\"name\":\"Vazart-Coquart & Fils AD 191 Extra Brut blanc de blancs Chouilly Grand Cru 2016\",\"isPartOf\":{\"@id\":\"https:\\\/\\\/wein-werte.com\\\/de\\\/#website\"},\"primaryImageOfPage\":{\"@id\":\"https:\\\/\\\/wein-werte.com\\\/de\\\/produkt\\\/vazart-coquart-plus-fils-ad-191-extra-brut-blanc-de-blancs-chouilly-grand-cru-2016-750ml\\\/#primaryimage\"},\"image\":{\"@id\":\"https:\\\/\\\/wein-werte.com\\\/de\\\/produkt\\\/vazart-coquart-plus-fils-ad-191-extra-brut-blanc-de-blancs-chouilly-grand-cru-2016-750ml\\\/#primaryimage\"},\"thumbnailUrl\":\"https:\\\/\\\/wein-werte.com\\\/wp-content\\\/uploads\\\/2026\\\/04\\\/Vazart-Coquart-et-Fils-AD-191-Extra-Brut-blanc-de-blancs-Chouilly-Grand-Cru-2016-750ml.png\",\"datePublished\":\"2026-05-08T18:04:22+00:00\",\"description\":\"Kaufe Vazart-Coquart & Fils AD 191 Extra Brut blanc de blancs Chouilly Grand Cru 2016 (Chardonnay, trocken Schaumwein aus Champagne, Frankreich) bei Wein Werte, Ihrem nachhaltigen Onlineshop.\",\"breadcrumb\":{\"@id\":\"https:\\\/\\\/wein-werte.com\\\/de\\\/produkt\\\/vazart-coquart-plus-fils-ad-191-extra-brut-blanc-de-blancs-chouilly-grand-cru-2016-750ml\\\/#breadcrumb\"},\"inLanguage\":\"de\",\"potentialAction\":[{\"@type\":\"ReadAction\",\"target\":[\"https:\\\/\\\/wein-werte.com\\\/de\\\/produkt\\\/vazart-coquart-plus-fils-ad-191-extra-brut-blanc-de-blancs-chouilly-grand-cru-2016-750ml\\\/\"]}]},{\"@type\":\"ImageObject\",\"inLanguage\":\"de\",\"@id\":\"https:\\\/\\\/wein-werte.com\\\/de\\\/produkt\\\/vazart-coquart-plus-fils-ad-191-extra-brut-blanc-de-blancs-chouilly-grand-cru-2016-750ml\\\/#primaryimage\",\"url\":\"https:\\\/\\\/wein-werte.com\\\/wp-content\\\/uploads\\\/2026\\\/04\\\/Vazart-Coquart-et-Fils-AD-191-Extra-Brut-blanc-de-blancs-Chouilly-Grand-Cru-2016-750ml.png\",\"contentUrl\":\"https:\\\/\\\/wein-werte.com\\\/wp-content\\\/uploads\\\/2026\\\/04\\\/Vazart-Coquart-et-Fils-AD-191-Extra-Brut-blanc-de-blancs-Chouilly-Grand-Cru-2016-750ml.png\",\"width\":329,\"height\":1200,\"caption\":\"Vazart-Coquart & Fils AD 191 Extra Brut, Blanc de Blancs Chouilly Grand Cru 2016 750ml\"},{\"@type\":\"BreadcrumbList\",\"@id\":\"https:\\\/\\\/wein-werte.com\\\/de\\\/produkt\\\/vazart-coquart-plus-fils-ad-191-extra-brut-blanc-de-blancs-chouilly-grand-cru-2016-750ml\\\/#breadcrumb\",\"itemListElement\":[{\"@type\":\"ListItem\",\"position\":1,\"name\":\"Home\",\"item\":\"https:\\\/\\\/wein-werte.com\\\/de\\\/\"},{\"@type\":\"ListItem\",\"position\":2,\"name\":\"Shop\",\"item\":\"https:\\\/\\\/wein-werte.com\\\/de\\\/shop\\\/\"},{\"@type\":\"ListItem\",\"position\":3,\"name\":\"Vazart-Coquart &#038; Fils | Champagne | AD 191 Extra Brut, Blanc de Blancs Chouilly Grand Cru | 2016 | 750ml\"}]},{\"@type\":\"WebSite\",\"@id\":\"https:\\\/\\\/wein-werte.com\\\/de\\\/#website\",\"url\":\"https:\\\/\\\/wein-werte.com\\\/de\\\/\",\"name\":\"Wein Werte\",\"description\":\"\",\"publisher\":{\"@id\":\"https:\\\/\\\/wein-werte.com\\\/de\\\/#organization\"},\"potentialAction\":[{\"@type\":\"SearchAction\",\"target\":{\"@type\":\"EntryPoint\",\"urlTemplate\":\"https:\\\/\\\/wein-werte.com\\\/de\\\/?s={search_term_string}\"},\"query-input\":{\"@type\":\"PropertyValueSpecification\",\"valueRequired\":true,\"valueName\":\"search_term_string\"}}],\"inLanguage\":\"de\"},{\"@type\":\"Organization\",\"@id\":\"https:\\\/\\\/wein-werte.com\\\/de\\\/#organization\",\"name\":\"Vins Fins Thorrold\",\"url\":\"https:\\\/\\\/wein-werte.com\\\/de\\\/\",\"logo\":{\"@type\":\"ImageObject\",\"inLanguage\":\"de\",\"@id\":\"https:\\\/\\\/wein-werte.com\\\/de\\\/#\\\/schema\\\/logo\\\/image\\\/\",\"url\":\"https:\\\/\\\/wein-werte.com\\\/wp-content\\\/uploads\\\/2023\\\/07\\\/Wein_werte_Logo700-1.png\",\"contentUrl\":\"https:\\\/\\\/wein-werte.com\\\/wp-content\\\/uploads\\\/2023\\\/07\\\/Wein_werte_Logo700-1.png\",\"width\":700,\"height\":272,\"caption\":\"Vins Fins Thorrold\"},\"image\":{\"@id\":\"https:\\\/\\\/wein-werte.com\\\/de\\\/#\\\/schema\\\/logo\\\/image\\\/\"}}]}<\/script>\n<!-- \/ Yoast SEO plugin. -->","yoast_head_json":{"title":"Vazart-Coquart & Fils AD 191 Extra Brut blanc de blancs Chouilly Grand Cru 2016","description":"Kaufe Vazart-Coquart & Fils AD 191 Extra Brut blanc de blancs Chouilly Grand Cru 2016 (Chardonnay, trocken Schaumwein aus Champagne, Frankreich) bei Wein Werte, Ihrem nachhaltigen Onlineshop.","robots":{"index":"index","follow":"follow","max-snippet":"max-snippet:-1","max-image-preview":"max-image-preview:large","max-video-preview":"max-video-preview:-1"},"canonical":"https:\/\/wein-werte.com\/de\/produkt\/vazart-coquart-plus-fils-ad-191-extra-brut-blanc-de-blancs-chouilly-grand-cru-2016-750ml\/","og_locale":"de_DE","og_type":"article","og_title":"Vazart-Coquart & Fils AD 191 Extra Brut blanc de blancs Chouilly Grand Cru 2016","og_description":"Kaufe Vazart-Coquart & Fils AD 191 Extra Brut blanc de blancs Chouilly Grand Cru 2016 (Chardonnay, trocken Schaumwein aus Champagne, Frankreich) bei Wein Werte, Ihrem nachhaltigen Onlineshop.","og_url":"https:\/\/wein-werte.com\/de\/produkt\/vazart-coquart-plus-fils-ad-191-extra-brut-blanc-de-blancs-chouilly-grand-cru-2016-750ml\/","og_site_name":"Wein Werte","og_image":[{"width":329,"height":1200,"url":"https:\/\/wein-werte.com\/wp-content\/uploads\/2026\/04\/Vazart-Coquart-et-Fils-AD-191-Extra-Brut-blanc-de-blancs-Chouilly-Grand-Cru-2016-750ml.png","type":"image\/png"}],"twitter_card":"summary_large_image","twitter_misc":{"Gesch\u00e4tzte Lesezeit":"3\u00a0Minuten"},"schema":{"@context":"https:\/\/schema.org","@graph":[{"@type":"WebPage","@id":"https:\/\/wein-werte.com\/de\/produkt\/vazart-coquart-plus-fils-ad-191-extra-brut-blanc-de-blancs-chouilly-grand-cru-2016-750ml\/","url":"https:\/\/wein-werte.com\/de\/produkt\/vazart-coquart-plus-fils-ad-191-extra-brut-blanc-de-blancs-chouilly-grand-cru-2016-750ml\/","name":"Vazart-Coquart & Fils AD 191 Extra Brut blanc de blancs Chouilly Grand Cru 2016","isPartOf":{"@id":"https:\/\/wein-werte.com\/de\/#website"},"primaryImageOfPage":{"@id":"https:\/\/wein-werte.com\/de\/produkt\/vazart-coquart-plus-fils-ad-191-extra-brut-blanc-de-blancs-chouilly-grand-cru-2016-750ml\/#primaryimage"},"image":{"@id":"https:\/\/wein-werte.com\/de\/produkt\/vazart-coquart-plus-fils-ad-191-extra-brut-blanc-de-blancs-chouilly-grand-cru-2016-750ml\/#primaryimage"},"thumbnailUrl":"https:\/\/wein-werte.com\/wp-content\/uploads\/2026\/04\/Vazart-Coquart-et-Fils-AD-191-Extra-Brut-blanc-de-blancs-Chouilly-Grand-Cru-2016-750ml.png","datePublished":"2026-05-08T18:04:22+00:00","description":"Kaufe Vazart-Coquart & Fils AD 191 Extra Brut blanc de blancs Chouilly Grand Cru 2016 (Chardonnay, trocken Schaumwein aus Champagne, Frankreich) bei Wein Werte, Ihrem nachhaltigen Onlineshop.","breadcrumb":{"@id":"https:\/\/wein-werte.com\/de\/produkt\/vazart-coquart-plus-fils-ad-191-extra-brut-blanc-de-blancs-chouilly-grand-cru-2016-750ml\/#breadcrumb"},"inLanguage":"de","potentialAction":[{"@type":"ReadAction","target":["https:\/\/wein-werte.com\/de\/produkt\/vazart-coquart-plus-fils-ad-191-extra-brut-blanc-de-blancs-chouilly-grand-cru-2016-750ml\/"]}]},{"@type":"ImageObject","inLanguage":"de","@id":"https:\/\/wein-werte.com\/de\/produkt\/vazart-coquart-plus-fils-ad-191-extra-brut-blanc-de-blancs-chouilly-grand-cru-2016-750ml\/#primaryimage","url":"https:\/\/wein-werte.com\/wp-content\/uploads\/2026\/04\/Vazart-Coquart-et-Fils-AD-191-Extra-Brut-blanc-de-blancs-Chouilly-Grand-Cru-2016-750ml.png","contentUrl":"https:\/\/wein-werte.com\/wp-content\/uploads\/2026\/04\/Vazart-Coquart-et-Fils-AD-191-Extra-Brut-blanc-de-blancs-Chouilly-Grand-Cru-2016-750ml.png","width":329,"height":1200,"caption":"Vazart-Coquart & Fils AD 191 Extra Brut, Blanc de Blancs Chouilly Grand Cru 2016 750ml"},{"@type":"BreadcrumbList","@id":"https:\/\/wein-werte.com\/de\/produkt\/vazart-coquart-plus-fils-ad-191-extra-brut-blanc-de-blancs-chouilly-grand-cru-2016-750ml\/#breadcrumb","itemListElement":[{"@type":"ListItem","position":1,"name":"Home","item":"https:\/\/wein-werte.com\/de\/"},{"@type":"ListItem","position":2,"name":"Shop","item":"https:\/\/wein-werte.com\/de\/shop\/"},{"@type":"ListItem","position":3,"name":"Vazart-Coquart &#038; Fils | Champagne | AD 191 Extra Brut, Blanc de Blancs Chouilly Grand Cru | 2016 | 750ml"}]},{"@type":"WebSite","@id":"https:\/\/wein-werte.com\/de\/#website","url":"https:\/\/wein-werte.com\/de\/","name":"Wein Werte","description":"","publisher":{"@id":"https:\/\/wein-werte.com\/de\/#organization"},"potentialAction":[{"@type":"SearchAction","target":{"@type":"EntryPoint","urlTemplate":"https:\/\/wein-werte.com\/de\/?s={search_term_string}"},"query-input":{"@type":"PropertyValueSpecification","valueRequired":true,"valueName":"search_term_string"}}],"inLanguage":"de"},{"@type":"Organization","@id":"https:\/\/wein-werte.com\/de\/#organization","name":"Vins Fins Thorrold","url":"https:\/\/wein-werte.com\/de\/","logo":{"@type":"ImageObject","inLanguage":"de","@id":"https:\/\/wein-werte.com\/de\/#\/schema\/logo\/image\/","url":"https:\/\/wein-werte.com\/wp-content\/uploads\/2023\/07\/Wein_werte_Logo700-1.png","contentUrl":"https:\/\/wein-werte.com\/wp-content\/uploads\/2023\/07\/Wein_werte_Logo700-1.png","width":700,"height":272,"caption":"Vins Fins Thorrold"},"image":{"@id":"https:\/\/wein-werte.com\/de\/#\/schema\/logo\/image\/"}}]}},"_links":{"self":[{"href":"https:\/\/wein-werte.com\/de\/wp-json\/wp\/v2\/product\/1132850","targetHints":{"allow":["GET"]}}],"collection":[{"href":"https:\/\/wein-werte.com\/de\/wp-json\/wp\/v2\/product"}],"about":[{"href":"https:\/\/wein-werte.com\/de\/wp-json\/wp\/v2\/types\/product"}],"wp:featuredmedia":[{"embeddable":true,"href":"https:\/\/wein-werte.com\/de\/wp-json\/wp\/v2\/media\/1143416"}],"wp:attachment":[{"href":"https:\/\/wein-werte.com\/de\/wp-json\/wp\/v2\/media?parent=1132850"}],"wp:term":[{"taxonomy":"product_brand","embeddable":true,"href":"https:\/\/wein-werte.com\/de\/wp-json\/wp\/v2\/product_brand?post=1132850"},{"taxonomy":"product_cat","embeddable":true,"href":"https:\/\/wein-werte.com\/de\/wp-json\/wp\/v2\/product_cat?post=1132850"},{"taxonomy":"product_tag","embeddable":true,"href":"https:\/\/wein-werte.com\/de\/wp-json\/wp\/v2\/product_tag?post=1132850"}],"curies":[{"name":"wp","href":"https:\/\/api.w.org\/{rel}","templated":true}]}}