{"id":1132845,"date":"2026-05-08T20:04:21","date_gmt":"2026-05-08T18:04:21","guid":{"rendered":"https:\/\/wein-werte.com\/product\/vazart-coquart-et-fils-special-club-rose-extra-brut-chouilly-grand-cru-2020-750ml\/"},"modified":"2026-04-27T11:49:39","modified_gmt":"2026-04-27T09:49:39","slug":"vazart-coquart-plus-fils-special-club-rose-extra-brut-chouilly-grand-cru-2020-750ml","status":"publish","type":"product","link":"https:\/\/wein-werte.com\/de\/produkt\/vazart-coquart-plus-fils-special-club-rose-extra-brut-chouilly-grand-cru-2020-750ml\/","title":{"rendered":"Vazart-Coquart &#038; Fils | Champagne | Sp\u00e9cial Club Ros\u00e9, Extra Brut, Chouilly Grand Cru | 2020 | 750ml | bio"},"content":{"rendered":"<p>Produktbeschreibung f\u00fcr Vazart-Coquart &#038; Fils Sp\u00e9cial Club Ros\u00e9, Extra Brut, Chouilly Grand Cru 2020 (bio)<\/p>\n<p> Der Vazart-Coquart \u00bbSp\u00e9cial Club\u00ab Ros\u00e9 de Saign\u00e9e Grand Cru 2020 ist ein reinsortiger Pinot Noir aus einer einzelnen Parzelle in Chouilly, die Le Revers du Plumecoq hei\u00dft. Der Grundwein stammt komplett aus 2020. Die angerebelten Trauben mazerierten \u00fcber zwei Tage, bevor sie abgepresst wurden. Nach der spontanen Verg\u00e4rung des Grundweins erfolgte keine malolaktische G\u00e4rung. Ausgebaut wurde der Grundwein im Edelstahl. Die Tirage erfolgte im Mai 2021. Die Flaschen dieses Champagners reiften im Keller unter Kork und wurden \u00e0 la vol\u00e9e, also von Hand, im Dezember 2024 mit 4 Gramm degorgiert. Der Sp\u00e9cial Club ist eine Sonderabf\u00fcllung f\u00fcr die Winzervereinigung Club Tr\u00e9sors de Champagne, die 1971 gegr\u00fcndet wurde und die \u00e4lteste in der Champagne ist. <\/p>\n<h5>Farbe<\/h5>\n<p> Orangerot mit einem deutlichen inneren Leuchten und feinem Mousseux nach dem ersten kr\u00e4ftigen Aufsch\u00e4umen <\/p>\n<h5>Nase<\/h5>\n<p> Der Sp\u00e9cial Club 2020 ist rin herrlich duftender, einladender Ros\u00e9-Champagner, der gleichzeitig tief und intensiv wirkt, aber die Lockerheit und Aromatik eines fluffigen Erdbeerkuchens mit etwas Vanillesahne besitzt. Dazu kommen Noten von Cranberrys und Blutorangen, Minze und Verbene. <\/p>\n<h5>Gaumen<\/h5>\n<p> Am Gaumen spielt der Champagner dann die ganze Klasse des Terroirs aus. Der Grand Cru ist hier viel trockener und, wenn man so will, auch seri\u00f6ser als die leicht verspielte, sinnliche und fruchtige Nase. Der Special Club pr\u00e4sentiert sich intensiv, druckvoll und auch kraftvoll, dabei aber ausgewogen zwischen Frucht, Mineralit\u00e4t, S\u00e4ure und den 4 Gramm Dosage. Als Ros\u00e9 de Saign\u00e9e ist er nat\u00fcrlich vor allem als Speisenbegleiter gedacht und hat auch genau den passenden K\u00f6rper, den feinen Gerbstoff und den Druck daf\u00fcr. <\/p>\n<p>Copyright Vinaturel 2025<\/p>\n<p>Keywords: <a href=\"https:\/\/wein-werte.com\/de\/shop\/?swoof=1&#038;pa_producer=Vazart-Coquart-&#038;-Fils\">Vazart-Coquart &#038; Fils<\/a> <a href=\"https:\/\/wein-werte.com\/de\/shop\/?swoof=1&#038;woof_text=Sp\u00e9cial Club Ros\u00e9, Extra Brut, Chouilly Grand Cru\">Sp\u00e9cial Club Ros\u00e9, Extra Brut, Chouilly Grand Cru<\/a> 2020 bio <a href=\"https:\/\/wein-werte.com\/de\/shop\/?swoof=1&#038;pa_region=Champagne\">Champagne<\/a> <a href=\"https:\/\/wein-werte.com\/de\/shop\/?swoof=1&#038;pa_country=Frankreich\">Frankreich<\/a><\/p>\n<p>Internetseite des Weinguts: <a href=\"https:\/\/www.champagnevazartcoquart.com\/\" target=\"_blank\">https:\/\/www.champagnevazartcoquart.com\/<\/a><\/p>\n","protected":false},"excerpt":{"rendered":"<p>Lieferzeit: 1 bis 2 Arbeitstage (DE), 2 bis 5 Arbeitstage (EU and CH)<\/p>\n","protected":false},"featured_media":1143412,"template":"","meta":[],"product_brand":[],"product_cat":[19],"product_tag":[],"class_list":{"0":"post-1132845","1":"product","2":"type-product","3":"status-publish","4":"has-post-thumbnail","6":"product_cat-unkategorisiert","7":"pa_alcohol-for-filter-13-5","8":"pa_certified-biodynamic-nein-de","9":"pa_certified-organic-ja-de","10":"pa_colour-rose-de","11":"pa_country-frankreich","12":"pa_grape-pinot-noir-spatburgunder","13":"pa_price-for-filter-10662","14":"pa_producer-vazart-coquart-fils","15":"pa_region-champagne","16":"pa_size-ml-6584","17":"pa_sweetness-trocken-de","18":"pa_type-2-champagner","19":"pa_vintage-2020-de","20":"entry","21":"has-media","23":"first","24":"instock","25":"taxable","26":"shipping-taxable","27":"purchasable","28":"product-type-simple"},"yoast_head":"<!-- This site is optimized with the Yoast SEO plugin v27.5 - https:\/\/yoast.com\/product\/yoast-seo-wordpress\/ -->\n<title>Vazart-Coquart &amp; Fils Sp\u00e9cial Club Ros\u00e9 Extra Brut Chouilly Grand Cru 2020<\/title>\n<meta name=\"description\" content=\"Kaufe Vazart-Coquart &amp; Fils Sp\u00e9cial Club Ros\u00e9 Extra Brut Chouilly Grand Cru 2020 (Pinot Noir, trocken Schaumwein aus Champagne, Frankreich) bei Wein Werte, Ihrem nachhaltigen Onlineshop.\" \/>\n<meta name=\"robots\" content=\"index, follow, max-snippet:-1, max-image-preview:large, max-video-preview:-1\" \/>\n<link rel=\"canonical\" href=\"https:\/\/wein-werte.com\/de\/produkt\/vazart-coquart-plus-fils-special-club-rose-extra-brut-chouilly-grand-cru-2020-750ml\/\" \/>\n<meta property=\"og:locale\" content=\"de_DE\" \/>\n<meta property=\"og:type\" content=\"article\" \/>\n<meta property=\"og:title\" content=\"Vazart-Coquart &amp; Fils Sp\u00e9cial Club Ros\u00e9 Extra Brut Chouilly Grand Cru 2020\" \/>\n<meta property=\"og:description\" content=\"Kaufe Vazart-Coquart &amp; Fils Sp\u00e9cial Club Ros\u00e9 Extra Brut Chouilly Grand Cru 2020 (Pinot Noir, trocken Schaumwein aus Champagne, Frankreich) bei Wein Werte, Ihrem nachhaltigen Onlineshop.\" \/>\n<meta property=\"og:url\" content=\"https:\/\/wein-werte.com\/de\/produkt\/vazart-coquart-plus-fils-special-club-rose-extra-brut-chouilly-grand-cru-2020-750ml\/\" \/>\n<meta property=\"og:site_name\" content=\"Wein Werte\" \/>\n<meta property=\"og:image\" content=\"https:\/\/wein-werte.com\/wp-content\/uploads\/2026\/04\/Vazart-Coquart-et-Fils-Special-Club-Rose-Extra-Brut-Chouilly-Grand-Cru-2020-750ml.png\" \/>\n\t<meta property=\"og:image:width\" content=\"400\" \/>\n\t<meta property=\"og:image:height\" content=\"1159\" \/>\n\t<meta property=\"og:image:type\" content=\"image\/png\" \/>\n<meta name=\"twitter:card\" content=\"summary_large_image\" \/>\n<meta name=\"twitter:label1\" content=\"Gesch\u00e4tzte Lesezeit\" \/>\n\t<meta name=\"twitter:data1\" content=\"2\u00a0Minuten\" \/>\n<script type=\"application\/ld+json\" class=\"yoast-schema-graph\">{\"@context\":\"https:\\\/\\\/schema.org\",\"@graph\":[{\"@type\":\"WebPage\",\"@id\":\"https:\\\/\\\/wein-werte.com\\\/de\\\/produkt\\\/vazart-coquart-plus-fils-special-club-rose-extra-brut-chouilly-grand-cru-2020-750ml\\\/\",\"url\":\"https:\\\/\\\/wein-werte.com\\\/de\\\/produkt\\\/vazart-coquart-plus-fils-special-club-rose-extra-brut-chouilly-grand-cru-2020-750ml\\\/\",\"name\":\"Vazart-Coquart & Fils Sp\u00e9cial Club Ros\u00e9 Extra Brut Chouilly Grand Cru 2020\",\"isPartOf\":{\"@id\":\"https:\\\/\\\/wein-werte.com\\\/de\\\/#website\"},\"primaryImageOfPage\":{\"@id\":\"https:\\\/\\\/wein-werte.com\\\/de\\\/produkt\\\/vazart-coquart-plus-fils-special-club-rose-extra-brut-chouilly-grand-cru-2020-750ml\\\/#primaryimage\"},\"image\":{\"@id\":\"https:\\\/\\\/wein-werte.com\\\/de\\\/produkt\\\/vazart-coquart-plus-fils-special-club-rose-extra-brut-chouilly-grand-cru-2020-750ml\\\/#primaryimage\"},\"thumbnailUrl\":\"https:\\\/\\\/wein-werte.com\\\/wp-content\\\/uploads\\\/2026\\\/04\\\/Vazart-Coquart-et-Fils-Special-Club-Rose-Extra-Brut-Chouilly-Grand-Cru-2020-750ml.png\",\"datePublished\":\"2026-05-08T18:04:21+00:00\",\"description\":\"Kaufe Vazart-Coquart & Fils Sp\u00e9cial Club Ros\u00e9 Extra Brut Chouilly Grand Cru 2020 (Pinot Noir, trocken Schaumwein aus Champagne, Frankreich) bei Wein Werte, Ihrem nachhaltigen Onlineshop.\",\"breadcrumb\":{\"@id\":\"https:\\\/\\\/wein-werte.com\\\/de\\\/produkt\\\/vazart-coquart-plus-fils-special-club-rose-extra-brut-chouilly-grand-cru-2020-750ml\\\/#breadcrumb\"},\"inLanguage\":\"de\",\"potentialAction\":[{\"@type\":\"ReadAction\",\"target\":[\"https:\\\/\\\/wein-werte.com\\\/de\\\/produkt\\\/vazart-coquart-plus-fils-special-club-rose-extra-brut-chouilly-grand-cru-2020-750ml\\\/\"]}]},{\"@type\":\"ImageObject\",\"inLanguage\":\"de\",\"@id\":\"https:\\\/\\\/wein-werte.com\\\/de\\\/produkt\\\/vazart-coquart-plus-fils-special-club-rose-extra-brut-chouilly-grand-cru-2020-750ml\\\/#primaryimage\",\"url\":\"https:\\\/\\\/wein-werte.com\\\/wp-content\\\/uploads\\\/2026\\\/04\\\/Vazart-Coquart-et-Fils-Special-Club-Rose-Extra-Brut-Chouilly-Grand-Cru-2020-750ml.png\",\"contentUrl\":\"https:\\\/\\\/wein-werte.com\\\/wp-content\\\/uploads\\\/2026\\\/04\\\/Vazart-Coquart-et-Fils-Special-Club-Rose-Extra-Brut-Chouilly-Grand-Cru-2020-750ml.png\",\"width\":400,\"height\":1159,\"caption\":\"Vazart-Coquart & Fils Sp\u00e9cial Club Ros\u00e9, Extra Brut, Chouilly Grand Cru 2020 750ml\"},{\"@type\":\"BreadcrumbList\",\"@id\":\"https:\\\/\\\/wein-werte.com\\\/de\\\/produkt\\\/vazart-coquart-plus-fils-special-club-rose-extra-brut-chouilly-grand-cru-2020-750ml\\\/#breadcrumb\",\"itemListElement\":[{\"@type\":\"ListItem\",\"position\":1,\"name\":\"Home\",\"item\":\"https:\\\/\\\/wein-werte.com\\\/de\\\/\"},{\"@type\":\"ListItem\",\"position\":2,\"name\":\"Shop\",\"item\":\"https:\\\/\\\/wein-werte.com\\\/de\\\/shop\\\/\"},{\"@type\":\"ListItem\",\"position\":3,\"name\":\"Vazart-Coquart &#038; Fils | Champagne | Sp\u00e9cial Club Ros\u00e9, Extra Brut, Chouilly Grand Cru | 2020 | 750ml | bio\"}]},{\"@type\":\"WebSite\",\"@id\":\"https:\\\/\\\/wein-werte.com\\\/de\\\/#website\",\"url\":\"https:\\\/\\\/wein-werte.com\\\/de\\\/\",\"name\":\"Wein Werte\",\"description\":\"\",\"publisher\":{\"@id\":\"https:\\\/\\\/wein-werte.com\\\/de\\\/#organization\"},\"potentialAction\":[{\"@type\":\"SearchAction\",\"target\":{\"@type\":\"EntryPoint\",\"urlTemplate\":\"https:\\\/\\\/wein-werte.com\\\/de\\\/?s={search_term_string}\"},\"query-input\":{\"@type\":\"PropertyValueSpecification\",\"valueRequired\":true,\"valueName\":\"search_term_string\"}}],\"inLanguage\":\"de\"},{\"@type\":\"Organization\",\"@id\":\"https:\\\/\\\/wein-werte.com\\\/de\\\/#organization\",\"name\":\"Vins Fins Thorrold\",\"url\":\"https:\\\/\\\/wein-werte.com\\\/de\\\/\",\"logo\":{\"@type\":\"ImageObject\",\"inLanguage\":\"de\",\"@id\":\"https:\\\/\\\/wein-werte.com\\\/de\\\/#\\\/schema\\\/logo\\\/image\\\/\",\"url\":\"https:\\\/\\\/wein-werte.com\\\/wp-content\\\/uploads\\\/2023\\\/07\\\/Wein_werte_Logo700-1.png\",\"contentUrl\":\"https:\\\/\\\/wein-werte.com\\\/wp-content\\\/uploads\\\/2023\\\/07\\\/Wein_werte_Logo700-1.png\",\"width\":700,\"height\":272,\"caption\":\"Vins Fins Thorrold\"},\"image\":{\"@id\":\"https:\\\/\\\/wein-werte.com\\\/de\\\/#\\\/schema\\\/logo\\\/image\\\/\"}}]}<\/script>\n<!-- \/ Yoast SEO plugin. -->","yoast_head_json":{"title":"Vazart-Coquart & Fils Sp\u00e9cial Club Ros\u00e9 Extra Brut Chouilly Grand Cru 2020","description":"Kaufe Vazart-Coquart & Fils Sp\u00e9cial Club Ros\u00e9 Extra Brut Chouilly Grand Cru 2020 (Pinot Noir, trocken Schaumwein aus Champagne, Frankreich) bei Wein Werte, Ihrem nachhaltigen Onlineshop.","robots":{"index":"index","follow":"follow","max-snippet":"max-snippet:-1","max-image-preview":"max-image-preview:large","max-video-preview":"max-video-preview:-1"},"canonical":"https:\/\/wein-werte.com\/de\/produkt\/vazart-coquart-plus-fils-special-club-rose-extra-brut-chouilly-grand-cru-2020-750ml\/","og_locale":"de_DE","og_type":"article","og_title":"Vazart-Coquart & Fils Sp\u00e9cial Club Ros\u00e9 Extra Brut Chouilly Grand Cru 2020","og_description":"Kaufe Vazart-Coquart & Fils Sp\u00e9cial Club Ros\u00e9 Extra Brut Chouilly Grand Cru 2020 (Pinot Noir, trocken Schaumwein aus Champagne, Frankreich) bei Wein Werte, Ihrem nachhaltigen Onlineshop.","og_url":"https:\/\/wein-werte.com\/de\/produkt\/vazart-coquart-plus-fils-special-club-rose-extra-brut-chouilly-grand-cru-2020-750ml\/","og_site_name":"Wein Werte","og_image":[{"width":400,"height":1159,"url":"https:\/\/wein-werte.com\/wp-content\/uploads\/2026\/04\/Vazart-Coquart-et-Fils-Special-Club-Rose-Extra-Brut-Chouilly-Grand-Cru-2020-750ml.png","type":"image\/png"}],"twitter_card":"summary_large_image","twitter_misc":{"Gesch\u00e4tzte Lesezeit":"2\u00a0Minuten"},"schema":{"@context":"https:\/\/schema.org","@graph":[{"@type":"WebPage","@id":"https:\/\/wein-werte.com\/de\/produkt\/vazart-coquart-plus-fils-special-club-rose-extra-brut-chouilly-grand-cru-2020-750ml\/","url":"https:\/\/wein-werte.com\/de\/produkt\/vazart-coquart-plus-fils-special-club-rose-extra-brut-chouilly-grand-cru-2020-750ml\/","name":"Vazart-Coquart & Fils Sp\u00e9cial Club Ros\u00e9 Extra Brut Chouilly Grand Cru 2020","isPartOf":{"@id":"https:\/\/wein-werte.com\/de\/#website"},"primaryImageOfPage":{"@id":"https:\/\/wein-werte.com\/de\/produkt\/vazart-coquart-plus-fils-special-club-rose-extra-brut-chouilly-grand-cru-2020-750ml\/#primaryimage"},"image":{"@id":"https:\/\/wein-werte.com\/de\/produkt\/vazart-coquart-plus-fils-special-club-rose-extra-brut-chouilly-grand-cru-2020-750ml\/#primaryimage"},"thumbnailUrl":"https:\/\/wein-werte.com\/wp-content\/uploads\/2026\/04\/Vazart-Coquart-et-Fils-Special-Club-Rose-Extra-Brut-Chouilly-Grand-Cru-2020-750ml.png","datePublished":"2026-05-08T18:04:21+00:00","description":"Kaufe Vazart-Coquart & Fils Sp\u00e9cial Club Ros\u00e9 Extra Brut Chouilly Grand Cru 2020 (Pinot Noir, trocken Schaumwein aus Champagne, Frankreich) bei Wein Werte, Ihrem nachhaltigen Onlineshop.","breadcrumb":{"@id":"https:\/\/wein-werte.com\/de\/produkt\/vazart-coquart-plus-fils-special-club-rose-extra-brut-chouilly-grand-cru-2020-750ml\/#breadcrumb"},"inLanguage":"de","potentialAction":[{"@type":"ReadAction","target":["https:\/\/wein-werte.com\/de\/produkt\/vazart-coquart-plus-fils-special-club-rose-extra-brut-chouilly-grand-cru-2020-750ml\/"]}]},{"@type":"ImageObject","inLanguage":"de","@id":"https:\/\/wein-werte.com\/de\/produkt\/vazart-coquart-plus-fils-special-club-rose-extra-brut-chouilly-grand-cru-2020-750ml\/#primaryimage","url":"https:\/\/wein-werte.com\/wp-content\/uploads\/2026\/04\/Vazart-Coquart-et-Fils-Special-Club-Rose-Extra-Brut-Chouilly-Grand-Cru-2020-750ml.png","contentUrl":"https:\/\/wein-werte.com\/wp-content\/uploads\/2026\/04\/Vazart-Coquart-et-Fils-Special-Club-Rose-Extra-Brut-Chouilly-Grand-Cru-2020-750ml.png","width":400,"height":1159,"caption":"Vazart-Coquart & Fils Sp\u00e9cial Club Ros\u00e9, Extra Brut, Chouilly Grand Cru 2020 750ml"},{"@type":"BreadcrumbList","@id":"https:\/\/wein-werte.com\/de\/produkt\/vazart-coquart-plus-fils-special-club-rose-extra-brut-chouilly-grand-cru-2020-750ml\/#breadcrumb","itemListElement":[{"@type":"ListItem","position":1,"name":"Home","item":"https:\/\/wein-werte.com\/de\/"},{"@type":"ListItem","position":2,"name":"Shop","item":"https:\/\/wein-werte.com\/de\/shop\/"},{"@type":"ListItem","position":3,"name":"Vazart-Coquart &#038; Fils | Champagne | Sp\u00e9cial Club Ros\u00e9, Extra Brut, Chouilly Grand Cru | 2020 | 750ml | bio"}]},{"@type":"WebSite","@id":"https:\/\/wein-werte.com\/de\/#website","url":"https:\/\/wein-werte.com\/de\/","name":"Wein Werte","description":"","publisher":{"@id":"https:\/\/wein-werte.com\/de\/#organization"},"potentialAction":[{"@type":"SearchAction","target":{"@type":"EntryPoint","urlTemplate":"https:\/\/wein-werte.com\/de\/?s={search_term_string}"},"query-input":{"@type":"PropertyValueSpecification","valueRequired":true,"valueName":"search_term_string"}}],"inLanguage":"de"},{"@type":"Organization","@id":"https:\/\/wein-werte.com\/de\/#organization","name":"Vins Fins Thorrold","url":"https:\/\/wein-werte.com\/de\/","logo":{"@type":"ImageObject","inLanguage":"de","@id":"https:\/\/wein-werte.com\/de\/#\/schema\/logo\/image\/","url":"https:\/\/wein-werte.com\/wp-content\/uploads\/2023\/07\/Wein_werte_Logo700-1.png","contentUrl":"https:\/\/wein-werte.com\/wp-content\/uploads\/2023\/07\/Wein_werte_Logo700-1.png","width":700,"height":272,"caption":"Vins Fins Thorrold"},"image":{"@id":"https:\/\/wein-werte.com\/de\/#\/schema\/logo\/image\/"}}]}},"_links":{"self":[{"href":"https:\/\/wein-werte.com\/de\/wp-json\/wp\/v2\/product\/1132845","targetHints":{"allow":["GET"]}}],"collection":[{"href":"https:\/\/wein-werte.com\/de\/wp-json\/wp\/v2\/product"}],"about":[{"href":"https:\/\/wein-werte.com\/de\/wp-json\/wp\/v2\/types\/product"}],"wp:featuredmedia":[{"embeddable":true,"href":"https:\/\/wein-werte.com\/de\/wp-json\/wp\/v2\/media\/1143412"}],"wp:attachment":[{"href":"https:\/\/wein-werte.com\/de\/wp-json\/wp\/v2\/media?parent=1132845"}],"wp:term":[{"taxonomy":"product_brand","embeddable":true,"href":"https:\/\/wein-werte.com\/de\/wp-json\/wp\/v2\/product_brand?post=1132845"},{"taxonomy":"product_cat","embeddable":true,"href":"https:\/\/wein-werte.com\/de\/wp-json\/wp\/v2\/product_cat?post=1132845"},{"taxonomy":"product_tag","embeddable":true,"href":"https:\/\/wein-werte.com\/de\/wp-json\/wp\/v2\/product_tag?post=1132845"}],"curies":[{"name":"wp","href":"https:\/\/api.w.org\/{rel}","templated":true}]}}