{"id":1132830,"date":"2026-05-08T20:04:21","date_gmt":"2026-05-08T18:04:21","guid":{"rendered":"https:\/\/wein-werte.com\/product\/vazart-coquart-et-fils-brut-reserve-2021res-blanc-de-blancs-chouilly-grand-cru-375ml\/"},"modified":"2026-04-27T11:49:38","modified_gmt":"2026-04-27T09:49:38","slug":"vazart-coquart-plus-fils-brut-reserve-2021res-blanc-de-blancs-chouilly-grand-cru-375ml","status":"publish","type":"product","link":"https:\/\/wein-werte.com\/de\/produkt\/vazart-coquart-plus-fils-brut-reserve-2021res-blanc-de-blancs-chouilly-grand-cru-375ml\/","title":{"rendered":"Vazart-Coquart &#038; Fils | Champagne | Brut R\u00e9serve, 2021+Res. Blanc de Blancs Chouilly Grand Cru | NV | 375ml"},"content":{"rendered":"<p>Produktbeschreibung f\u00fcr Vazart-Coquart &#038; Fils Brut R\u00e9serve, 2021+Res. Blanc de Blancs Chouilly Grand Cru NV <\/p>\n<p> Der Vazart-Coquart Brut R\u00e9serve Blanc de Blancs Grand Cru stammt aus einem Grand-Cru-Weinberg von elf Hektar in Chouilly. Das Alter der Chardonnay-Reben dort betr\u00e4gt im Durchschnitt 45 Jahre. Die Reben wurzeln tief in Belemnit-Kreide. Das Weingut befand sich in Umstellung auf nachhaltigen und \u00f6kologischen Weinbau. Die erste zertifizierte Bio-Lese erfolgte 2020. F\u00fcr diese Cuv\u00e9e wurden 67 % der Lese aus 2021, sowie 33 % aus einer R\u00e9serve perp\u00e9tuelle genutzt, die 1982 begonnen wurde und von der jedes Jahr 40 % entnommen und wieder aufgef\u00fcllt werden. Der Grundwein wurde in temperaturkontrollierten Edelstahltanks vergoren und durchlief eine malolaktische G\u00e4rung. Gef\u00fcllt wurde der Wein im Mai 2022, d\u00e9gorgiert wurde der Champagner im Juli 2024 mit einer Dosage von 4,5 Gramm. <\/p>\n<h5>Farbe<\/h5>\n<p> mittleres Strohgelb mit lebendiger Perlage <\/p>\n<h5>Nase<\/h5>\n<p> Der Brut R\u00e9serve Grand Cru ist ein klassischer Blanc de Blancs von der C\u00f4te de Blancs. Es ist ein lebendig wirkender, frischer und angenehm fruchtiger Champagner mit Noten von Kalk und Kreide, Kr\u00e4utern und etwas Heu, Zitronen, etwas Mandarinen und einer Note von warmer Brioche mit Lemoncurd und Butter. <\/p>\n<h5>Gaumen<\/h5>\n<p> Am Gaumen wirkt der Non-Vintage kraftvoll und agil mit einer pr\u00e4senten Perlage, einer balancierenden S\u00fc\u00dfe von 4,5 Gramm Dosage und dazu passenden herben Noten. Der Champagner wirkt saftig mit einer wei\u00dffleischigen Frucht und Ankl\u00e4ngen von Zitronen und Mandarinen sowie auch in diesem Jahr wieder einer deutlichen Note von Mandelbiskuit. Ein trinkfreudiger, unkomplizierter Blanc de Blancs. <\/p>\n<p>Copyright Vinaturel 2025<\/p>\n<p>Keywords: <a href=\"https:\/\/wein-werte.com\/de\/shop\/?swoof=1&#038;pa_producer=Vazart-Coquart-&#038;-Fils\">Vazart-Coquart &#038; Fils<\/a> <a href=\"https:\/\/wein-werte.com\/de\/shop\/?swoof=1&#038;woof_text=Brut R\u00e9serve, 2021+Res. Blanc de Blancs Chouilly Grand Cru\">Brut R\u00e9serve, 2021+Res. Blanc de Blancs Chouilly Grand Cru<\/a> NV  <a href=\"https:\/\/wein-werte.com\/de\/shop\/?swoof=1&#038;pa_region=Champagne\">Champagne<\/a> <a href=\"https:\/\/wein-werte.com\/de\/shop\/?swoof=1&#038;pa_country=Frankreich\">Frankreich<\/a><\/p>\n<p>Internetseite des Weinguts: <a href=\"https:\/\/www.champagnevazartcoquart.com\/\" target=\"_blank\">https:\/\/www.champagnevazartcoquart.com\/<\/a><\/p>\n","protected":false},"excerpt":{"rendered":"<p>Lieferzeit: 1 bis 2 Arbeitstage (DE), 2 bis 5 Arbeitstage (EU and CH)<\/p>\n","protected":false},"featured_media":1143400,"template":"","meta":[],"product_brand":[],"product_cat":[19],"product_tag":[],"class_list":{"0":"post-1132830","1":"product","2":"type-product","3":"status-publish","4":"has-post-thumbnail","6":"product_cat-unkategorisiert","7":"pa_alcohol-for-filter-12-5","8":"pa_certified-biodynamic-nein-de","9":"pa_certified-organic-nein-de","10":"pa_colour-weiss","11":"pa_country-frankreich","12":"pa_grape-chardonnay","13":"pa_price-for-filter-10583","14":"pa_producer-vazart-coquart-fils","15":"pa_region-champagne","16":"pa_size-ml-6721","17":"pa_sweetness-trocken-de","18":"pa_type-2-champagner","19":"pa_vintage-nv-de","20":"entry","21":"has-media","23":"first","24":"instock","25":"taxable","26":"shipping-taxable","27":"purchasable","28":"product-type-simple"},"yoast_head":"<!-- This site is optimized with the Yoast SEO plugin v27.5 - https:\/\/yoast.com\/product\/yoast-seo-wordpress\/ -->\n<title>Vazart-Coquart &amp; Fils Brut R\u00e9serve 2021+Res. blanc de blancs Chouilly Grand Cru, 375ml<\/title>\n<meta name=\"description\" content=\"Kaufe Vazart-Coquart &amp; Fils Brut R\u00e9serve 2021+Res. blanc de blancs Chouilly Grand Cru (Chardonnay, trocken Schaumwein aus Champagne, Frankreich) bei Wein Werte, Ihrem nachhaltigen Onlineshop.\" \/>\n<meta name=\"robots\" content=\"index, follow, max-snippet:-1, max-image-preview:large, max-video-preview:-1\" \/>\n<link rel=\"canonical\" href=\"https:\/\/wein-werte.com\/de\/produkt\/vazart-coquart-plus-fils-brut-reserve-2021res-blanc-de-blancs-chouilly-grand-cru-375ml\/\" \/>\n<meta property=\"og:locale\" content=\"de_DE\" \/>\n<meta property=\"og:type\" content=\"article\" \/>\n<meta property=\"og:title\" content=\"Vazart-Coquart &amp; Fils Brut R\u00e9serve 2021+Res. blanc de blancs Chouilly Grand Cru, 375ml\" \/>\n<meta property=\"og:description\" content=\"Kaufe Vazart-Coquart &amp; Fils Brut R\u00e9serve 2021+Res. blanc de blancs Chouilly Grand Cru (Chardonnay, trocken Schaumwein aus Champagne, Frankreich) bei Wein Werte, Ihrem nachhaltigen Onlineshop.\" \/>\n<meta property=\"og:url\" content=\"https:\/\/wein-werte.com\/de\/produkt\/vazart-coquart-plus-fils-brut-reserve-2021res-blanc-de-blancs-chouilly-grand-cru-375ml\/\" \/>\n<meta property=\"og:site_name\" content=\"Wein Werte\" \/>\n<meta property=\"og:image\" content=\"https:\/\/wein-werte.com\/wp-content\/uploads\/2026\/04\/Vazart-Coquart-et-Fils-Brut-Reserve-2021Res.-blanc-de-blancs-Chouilly-Grand-Cru-375ml.png\" \/>\n\t<meta property=\"og:image:width\" content=\"315\" \/>\n\t<meta property=\"og:image:height\" content=\"1200\" \/>\n\t<meta property=\"og:image:type\" content=\"image\/png\" \/>\n<meta name=\"twitter:card\" content=\"summary_large_image\" \/>\n<meta name=\"twitter:label1\" content=\"Gesch\u00e4tzte Lesezeit\" \/>\n\t<meta name=\"twitter:data1\" content=\"1\u00a0Minute\" \/>\n<script type=\"application\/ld+json\" class=\"yoast-schema-graph\">{\"@context\":\"https:\\\/\\\/schema.org\",\"@graph\":[{\"@type\":\"WebPage\",\"@id\":\"https:\\\/\\\/wein-werte.com\\\/de\\\/produkt\\\/vazart-coquart-plus-fils-brut-reserve-2021res-blanc-de-blancs-chouilly-grand-cru-375ml\\\/\",\"url\":\"https:\\\/\\\/wein-werte.com\\\/de\\\/produkt\\\/vazart-coquart-plus-fils-brut-reserve-2021res-blanc-de-blancs-chouilly-grand-cru-375ml\\\/\",\"name\":\"Vazart-Coquart & Fils Brut R\u00e9serve 2021+Res. blanc de blancs Chouilly Grand Cru, 375ml\",\"isPartOf\":{\"@id\":\"https:\\\/\\\/wein-werte.com\\\/de\\\/#website\"},\"primaryImageOfPage\":{\"@id\":\"https:\\\/\\\/wein-werte.com\\\/de\\\/produkt\\\/vazart-coquart-plus-fils-brut-reserve-2021res-blanc-de-blancs-chouilly-grand-cru-375ml\\\/#primaryimage\"},\"image\":{\"@id\":\"https:\\\/\\\/wein-werte.com\\\/de\\\/produkt\\\/vazart-coquart-plus-fils-brut-reserve-2021res-blanc-de-blancs-chouilly-grand-cru-375ml\\\/#primaryimage\"},\"thumbnailUrl\":\"https:\\\/\\\/wein-werte.com\\\/wp-content\\\/uploads\\\/2026\\\/04\\\/Vazart-Coquart-et-Fils-Brut-Reserve-2021Res.-blanc-de-blancs-Chouilly-Grand-Cru-375ml.png\",\"datePublished\":\"2026-05-08T18:04:21+00:00\",\"description\":\"Kaufe Vazart-Coquart & Fils Brut R\u00e9serve 2021+Res. blanc de blancs Chouilly Grand Cru (Chardonnay, trocken Schaumwein aus Champagne, Frankreich) bei Wein Werte, Ihrem nachhaltigen Onlineshop.\",\"breadcrumb\":{\"@id\":\"https:\\\/\\\/wein-werte.com\\\/de\\\/produkt\\\/vazart-coquart-plus-fils-brut-reserve-2021res-blanc-de-blancs-chouilly-grand-cru-375ml\\\/#breadcrumb\"},\"inLanguage\":\"de\",\"potentialAction\":[{\"@type\":\"ReadAction\",\"target\":[\"https:\\\/\\\/wein-werte.com\\\/de\\\/produkt\\\/vazart-coquart-plus-fils-brut-reserve-2021res-blanc-de-blancs-chouilly-grand-cru-375ml\\\/\"]}]},{\"@type\":\"ImageObject\",\"inLanguage\":\"de\",\"@id\":\"https:\\\/\\\/wein-werte.com\\\/de\\\/produkt\\\/vazart-coquart-plus-fils-brut-reserve-2021res-blanc-de-blancs-chouilly-grand-cru-375ml\\\/#primaryimage\",\"url\":\"https:\\\/\\\/wein-werte.com\\\/wp-content\\\/uploads\\\/2026\\\/04\\\/Vazart-Coquart-et-Fils-Brut-Reserve-2021Res.-blanc-de-blancs-Chouilly-Grand-Cru-375ml.png\",\"contentUrl\":\"https:\\\/\\\/wein-werte.com\\\/wp-content\\\/uploads\\\/2026\\\/04\\\/Vazart-Coquart-et-Fils-Brut-Reserve-2021Res.-blanc-de-blancs-Chouilly-Grand-Cru-375ml.png\",\"width\":315,\"height\":1200,\"caption\":\"Vazart-Coquart & Fils Brut R\u00e9serve, 2021+Res. Blanc de Blancs Chouilly Grand Cru NV 375ml\"},{\"@type\":\"BreadcrumbList\",\"@id\":\"https:\\\/\\\/wein-werte.com\\\/de\\\/produkt\\\/vazart-coquart-plus-fils-brut-reserve-2021res-blanc-de-blancs-chouilly-grand-cru-375ml\\\/#breadcrumb\",\"itemListElement\":[{\"@type\":\"ListItem\",\"position\":1,\"name\":\"Home\",\"item\":\"https:\\\/\\\/wein-werte.com\\\/de\\\/\"},{\"@type\":\"ListItem\",\"position\":2,\"name\":\"Shop\",\"item\":\"https:\\\/\\\/wein-werte.com\\\/de\\\/shop\\\/\"},{\"@type\":\"ListItem\",\"position\":3,\"name\":\"Vazart-Coquart &#038; Fils | Champagne | Brut R\u00e9serve, 2021+Res. Blanc de Blancs Chouilly Grand Cru | NV | 375ml\"}]},{\"@type\":\"WebSite\",\"@id\":\"https:\\\/\\\/wein-werte.com\\\/de\\\/#website\",\"url\":\"https:\\\/\\\/wein-werte.com\\\/de\\\/\",\"name\":\"Wein Werte\",\"description\":\"\",\"publisher\":{\"@id\":\"https:\\\/\\\/wein-werte.com\\\/de\\\/#organization\"},\"potentialAction\":[{\"@type\":\"SearchAction\",\"target\":{\"@type\":\"EntryPoint\",\"urlTemplate\":\"https:\\\/\\\/wein-werte.com\\\/de\\\/?s={search_term_string}\"},\"query-input\":{\"@type\":\"PropertyValueSpecification\",\"valueRequired\":true,\"valueName\":\"search_term_string\"}}],\"inLanguage\":\"de\"},{\"@type\":\"Organization\",\"@id\":\"https:\\\/\\\/wein-werte.com\\\/de\\\/#organization\",\"name\":\"Vins Fins Thorrold\",\"url\":\"https:\\\/\\\/wein-werte.com\\\/de\\\/\",\"logo\":{\"@type\":\"ImageObject\",\"inLanguage\":\"de\",\"@id\":\"https:\\\/\\\/wein-werte.com\\\/de\\\/#\\\/schema\\\/logo\\\/image\\\/\",\"url\":\"https:\\\/\\\/wein-werte.com\\\/wp-content\\\/uploads\\\/2023\\\/07\\\/Wein_werte_Logo700-1.png\",\"contentUrl\":\"https:\\\/\\\/wein-werte.com\\\/wp-content\\\/uploads\\\/2023\\\/07\\\/Wein_werte_Logo700-1.png\",\"width\":700,\"height\":272,\"caption\":\"Vins Fins Thorrold\"},\"image\":{\"@id\":\"https:\\\/\\\/wein-werte.com\\\/de\\\/#\\\/schema\\\/logo\\\/image\\\/\"}}]}<\/script>\n<!-- \/ Yoast SEO plugin. -->","yoast_head_json":{"title":"Vazart-Coquart & Fils Brut R\u00e9serve 2021+Res. blanc de blancs Chouilly Grand Cru, 375ml","description":"Kaufe Vazart-Coquart & Fils Brut R\u00e9serve 2021+Res. blanc de blancs Chouilly Grand Cru (Chardonnay, trocken Schaumwein aus Champagne, Frankreich) bei Wein Werte, Ihrem nachhaltigen Onlineshop.","robots":{"index":"index","follow":"follow","max-snippet":"max-snippet:-1","max-image-preview":"max-image-preview:large","max-video-preview":"max-video-preview:-1"},"canonical":"https:\/\/wein-werte.com\/de\/produkt\/vazart-coquart-plus-fils-brut-reserve-2021res-blanc-de-blancs-chouilly-grand-cru-375ml\/","og_locale":"de_DE","og_type":"article","og_title":"Vazart-Coquart & Fils Brut R\u00e9serve 2021+Res. blanc de blancs Chouilly Grand Cru, 375ml","og_description":"Kaufe Vazart-Coquart & Fils Brut R\u00e9serve 2021+Res. blanc de blancs Chouilly Grand Cru (Chardonnay, trocken Schaumwein aus Champagne, Frankreich) bei Wein Werte, Ihrem nachhaltigen Onlineshop.","og_url":"https:\/\/wein-werte.com\/de\/produkt\/vazart-coquart-plus-fils-brut-reserve-2021res-blanc-de-blancs-chouilly-grand-cru-375ml\/","og_site_name":"Wein Werte","og_image":[{"width":315,"height":1200,"url":"https:\/\/wein-werte.com\/wp-content\/uploads\/2026\/04\/Vazart-Coquart-et-Fils-Brut-Reserve-2021Res.-blanc-de-blancs-Chouilly-Grand-Cru-375ml.png","type":"image\/png"}],"twitter_card":"summary_large_image","twitter_misc":{"Gesch\u00e4tzte Lesezeit":"1\u00a0Minute"},"schema":{"@context":"https:\/\/schema.org","@graph":[{"@type":"WebPage","@id":"https:\/\/wein-werte.com\/de\/produkt\/vazart-coquart-plus-fils-brut-reserve-2021res-blanc-de-blancs-chouilly-grand-cru-375ml\/","url":"https:\/\/wein-werte.com\/de\/produkt\/vazart-coquart-plus-fils-brut-reserve-2021res-blanc-de-blancs-chouilly-grand-cru-375ml\/","name":"Vazart-Coquart & Fils Brut R\u00e9serve 2021+Res. blanc de blancs Chouilly Grand Cru, 375ml","isPartOf":{"@id":"https:\/\/wein-werte.com\/de\/#website"},"primaryImageOfPage":{"@id":"https:\/\/wein-werte.com\/de\/produkt\/vazart-coquart-plus-fils-brut-reserve-2021res-blanc-de-blancs-chouilly-grand-cru-375ml\/#primaryimage"},"image":{"@id":"https:\/\/wein-werte.com\/de\/produkt\/vazart-coquart-plus-fils-brut-reserve-2021res-blanc-de-blancs-chouilly-grand-cru-375ml\/#primaryimage"},"thumbnailUrl":"https:\/\/wein-werte.com\/wp-content\/uploads\/2026\/04\/Vazart-Coquart-et-Fils-Brut-Reserve-2021Res.-blanc-de-blancs-Chouilly-Grand-Cru-375ml.png","datePublished":"2026-05-08T18:04:21+00:00","description":"Kaufe Vazart-Coquart & Fils Brut R\u00e9serve 2021+Res. blanc de blancs Chouilly Grand Cru (Chardonnay, trocken Schaumwein aus Champagne, Frankreich) bei Wein Werte, Ihrem nachhaltigen Onlineshop.","breadcrumb":{"@id":"https:\/\/wein-werte.com\/de\/produkt\/vazart-coquart-plus-fils-brut-reserve-2021res-blanc-de-blancs-chouilly-grand-cru-375ml\/#breadcrumb"},"inLanguage":"de","potentialAction":[{"@type":"ReadAction","target":["https:\/\/wein-werte.com\/de\/produkt\/vazart-coquart-plus-fils-brut-reserve-2021res-blanc-de-blancs-chouilly-grand-cru-375ml\/"]}]},{"@type":"ImageObject","inLanguage":"de","@id":"https:\/\/wein-werte.com\/de\/produkt\/vazart-coquart-plus-fils-brut-reserve-2021res-blanc-de-blancs-chouilly-grand-cru-375ml\/#primaryimage","url":"https:\/\/wein-werte.com\/wp-content\/uploads\/2026\/04\/Vazart-Coquart-et-Fils-Brut-Reserve-2021Res.-blanc-de-blancs-Chouilly-Grand-Cru-375ml.png","contentUrl":"https:\/\/wein-werte.com\/wp-content\/uploads\/2026\/04\/Vazart-Coquart-et-Fils-Brut-Reserve-2021Res.-blanc-de-blancs-Chouilly-Grand-Cru-375ml.png","width":315,"height":1200,"caption":"Vazart-Coquart & Fils Brut R\u00e9serve, 2021+Res. Blanc de Blancs Chouilly Grand Cru NV 375ml"},{"@type":"BreadcrumbList","@id":"https:\/\/wein-werte.com\/de\/produkt\/vazart-coquart-plus-fils-brut-reserve-2021res-blanc-de-blancs-chouilly-grand-cru-375ml\/#breadcrumb","itemListElement":[{"@type":"ListItem","position":1,"name":"Home","item":"https:\/\/wein-werte.com\/de\/"},{"@type":"ListItem","position":2,"name":"Shop","item":"https:\/\/wein-werte.com\/de\/shop\/"},{"@type":"ListItem","position":3,"name":"Vazart-Coquart &#038; Fils | Champagne | Brut R\u00e9serve, 2021+Res. Blanc de Blancs Chouilly Grand Cru | NV | 375ml"}]},{"@type":"WebSite","@id":"https:\/\/wein-werte.com\/de\/#website","url":"https:\/\/wein-werte.com\/de\/","name":"Wein Werte","description":"","publisher":{"@id":"https:\/\/wein-werte.com\/de\/#organization"},"potentialAction":[{"@type":"SearchAction","target":{"@type":"EntryPoint","urlTemplate":"https:\/\/wein-werte.com\/de\/?s={search_term_string}"},"query-input":{"@type":"PropertyValueSpecification","valueRequired":true,"valueName":"search_term_string"}}],"inLanguage":"de"},{"@type":"Organization","@id":"https:\/\/wein-werte.com\/de\/#organization","name":"Vins Fins Thorrold","url":"https:\/\/wein-werte.com\/de\/","logo":{"@type":"ImageObject","inLanguage":"de","@id":"https:\/\/wein-werte.com\/de\/#\/schema\/logo\/image\/","url":"https:\/\/wein-werte.com\/wp-content\/uploads\/2023\/07\/Wein_werte_Logo700-1.png","contentUrl":"https:\/\/wein-werte.com\/wp-content\/uploads\/2023\/07\/Wein_werte_Logo700-1.png","width":700,"height":272,"caption":"Vins Fins Thorrold"},"image":{"@id":"https:\/\/wein-werte.com\/de\/#\/schema\/logo\/image\/"}}]}},"_links":{"self":[{"href":"https:\/\/wein-werte.com\/de\/wp-json\/wp\/v2\/product\/1132830","targetHints":{"allow":["GET"]}}],"collection":[{"href":"https:\/\/wein-werte.com\/de\/wp-json\/wp\/v2\/product"}],"about":[{"href":"https:\/\/wein-werte.com\/de\/wp-json\/wp\/v2\/types\/product"}],"wp:featuredmedia":[{"embeddable":true,"href":"https:\/\/wein-werte.com\/de\/wp-json\/wp\/v2\/media\/1143400"}],"wp:attachment":[{"href":"https:\/\/wein-werte.com\/de\/wp-json\/wp\/v2\/media?parent=1132830"}],"wp:term":[{"taxonomy":"product_brand","embeddable":true,"href":"https:\/\/wein-werte.com\/de\/wp-json\/wp\/v2\/product_brand?post=1132830"},{"taxonomy":"product_cat","embeddable":true,"href":"https:\/\/wein-werte.com\/de\/wp-json\/wp\/v2\/product_cat?post=1132830"},{"taxonomy":"product_tag","embeddable":true,"href":"https:\/\/wein-werte.com\/de\/wp-json\/wp\/v2\/product_tag?post=1132830"}],"curies":[{"name":"wp","href":"https:\/\/api.w.org\/{rel}","templated":true}]}}