{"id":1132822,"date":"2026-05-08T20:04:20","date_gmt":"2026-05-08T18:04:20","guid":{"rendered":"https:\/\/wein-werte.com\/product\/vazart-coquart-et-fils-82-16-extra-brut-blanc-de-blancs-chouilly-grand-cru-750ml\/"},"modified":"2026-04-27T11:49:36","modified_gmt":"2026-04-27T09:49:36","slug":"vazart-coquart-plus-fils-82-16-extra-brut-blanc-de-blancs-chouilly-grand-cru-750ml","status":"publish","type":"product","link":"https:\/\/wein-werte.com\/de\/produkt\/vazart-coquart-plus-fils-82-16-extra-brut-blanc-de-blancs-chouilly-grand-cru-750ml\/","title":{"rendered":"Vazart-Coquart &#038; Fils | Champagne | 82\/16 Extra Brut, Blanc de Blancs Chouilly Grand Cru | NV | 750ml"},"content":{"rendered":"<p>Produktbeschreibung f\u00fcr Vazart-Coquart &#038; Fils 82\/16 Extra Brut, Blanc de Blancs Chouilly Grand Cru NV <\/p>\n<h5>Informationen zum Wein<\/h5>\n<p> Der Vazart-Coquart \u00bb82\/16\u00ab Blanc de Blancs Grand Cru stammt aus Grand-Cru-Lagen in Chouilly. Das Alter der Chardonnay-Reben dort betr\u00e4gt im Durchschnitt 45 Jahre. Die Reben wurzeln tief in Belemnit-Kreide. Das Weingut befand sich in Umstellung auf nachhaltigen und \u00f6kologischen Weinbau. Die erste zertifizierte Bio-Lese erfolgte 2020. Dieser Champagner stammt ausschlie\u00dflich aus der R\u00e9serve perp\u00e9tuelle, also aus einer Solera, die 1982 begonnen wurde, von der jedes Jahr 40 % genutzt und wieder aufgef\u00fcllt werden. Die letzte Auff\u00fcllung erfolgte 2016, als der Grundwein f\u00fcr diesen Champagner entnommen wurde \u2013 daher \u00bb82\/16\u00ab. Der Grundwein wurde in temperaturkontrollierten Edelstahltanks vergoren und durchlief eine malolaktische G\u00e4rung. Gef\u00fcllt wurden die Flaschen im Mai 2018. \u00a0Degorgiert wurde der Champagner im Juli 2022 mit 0 Gramm Dosage. Es wurden 1.690 Flaschen erzeugt. <\/p>\n<h5>Farbe<\/h5>\n<p> helles Goldgelb mit feiner Perlage \u00a0 <\/p>\n<h5>Nase<\/h5>\n<h5><\/h5>\n<p> Der 82\/16 ist ein eleganter und feiner Champagner, der gleichzeitig \u2013\u00a0obwohl ja der \u00e4lteste Teil der Solera bei der F\u00fcllung schon 36 Jahre alt war \u2013 frisch und \u00e4u\u00dferst lebendig wirkt. Der Blanc de Blancs bietet Noten von Vanillekipferln und Fr\u00fcchtebrot, Mandelcr\u00e8me, Lindenbl\u00fcten sowie ein wenig Lemoncurd und Yuzu. \u00a0 <\/p>\n<h5>Gaumen<\/h5>\n<p> Auch am Gaumen wirkt der Wein mit dem hohen R\u00e9serve-Anteil beeindruckend frisch, sorgt aber auch f\u00fcr reife Frucht- und Autolyse-Noten. Es ist ein Champagner mit Finesse, Seidigkeit und Charme, runden Steinobstnoten, roten Beeren und zitrischen und zestigen Noten sowie einen angenehmen S\u00e4uredruck, der perfekt mit dem eleganten Mousseux harmoniert. Auch im Finale findet man neben der Frucht wieder einen Hauch Vanille, aber auch ein wenig Mokka und leicht anger\u00f6stete N\u00fcsse. Ein feiner Wein!<\/p>\n<p>Copyright Vinaturel 2025<\/p>\n<p>Keywords: <a href=\"https:\/\/wein-werte.com\/de\/shop\/?swoof=1&#038;pa_producer=Vazart-Coquart-&#038;-Fils\">Vazart-Coquart &#038; Fils<\/a> <a href=\"https:\/\/wein-werte.com\/de\/shop\/?swoof=1&#038;woof_text=82\/16 Extra Brut, Blanc de Blancs Chouilly Grand Cru\">82\/16 Extra Brut, Blanc de Blancs Chouilly Grand Cru<\/a> NV  <a href=\"https:\/\/wein-werte.com\/de\/shop\/?swoof=1&#038;pa_region=Champagne\">Champagne<\/a> <a href=\"https:\/\/wein-werte.com\/de\/shop\/?swoof=1&#038;pa_country=Frankreich\">Frankreich<\/a><\/p>\n<p>Internetseite des Weinguts: <a href=\"https:\/\/www.champagnevazartcoquart.com\/\" target=\"_blank\">https:\/\/www.champagnevazartcoquart.com\/<\/a><\/p>\n","protected":false},"excerpt":{"rendered":"<p>Lieferzeit: 1 bis 2 Arbeitstage (DE), 2 bis 5 Arbeitstage (EU and CH)<\/p>\n","protected":false},"featured_media":1143394,"template":"","meta":[],"product_brand":[],"product_cat":[19],"product_tag":[],"class_list":{"0":"post-1132822","1":"product","2":"type-product","3":"status-publish","4":"has-post-thumbnail","6":"product_cat-unkategorisiert","7":"pa_alcohol-for-filter-12893","8":"pa_certified-biodynamic-nein-de","9":"pa_certified-organic-nein-de","10":"pa_colour-weiss","11":"pa_country-frankreich","12":"pa_grape-chardonnay","13":"pa_price-for-filter-10644","14":"pa_producer-vazart-coquart-fils","15":"pa_region-champagne","16":"pa_size-ml-6584","17":"pa_sweetness-trocken-de","18":"pa_type-2-champagner","19":"pa_vintage-nv-de","20":"entry","21":"has-media","23":"first","24":"instock","25":"taxable","26":"shipping-taxable","27":"purchasable","28":"product-type-simple"},"yoast_head":"<!-- This site is optimized with the Yoast SEO plugin v27.5 - https:\/\/yoast.com\/product\/yoast-seo-wordpress\/ -->\n<title>Vazart-Coquart &amp; Fils 82\/16 Extra Brut blanc de blancs Chouilly Grand Cru<\/title>\n<meta name=\"description\" content=\"Kaufe Vazart-Coquart &amp; Fils 82\/16 Extra Brut blanc de blancs Chouilly Grand Cru (Chardonnay, trocken Schaumwein aus Champagne, Frankreich) bei Wein Werte, Ihrem nachhaltigen Onlineshop.\" \/>\n<meta name=\"robots\" content=\"index, follow, max-snippet:-1, max-image-preview:large, max-video-preview:-1\" \/>\n<link rel=\"canonical\" href=\"https:\/\/wein-werte.com\/de\/produkt\/vazart-coquart-plus-fils-82-16-extra-brut-blanc-de-blancs-chouilly-grand-cru-750ml\/\" \/>\n<meta property=\"og:locale\" content=\"de_DE\" \/>\n<meta property=\"og:type\" content=\"article\" \/>\n<meta property=\"og:title\" content=\"Vazart-Coquart &amp; Fils 82\/16 Extra Brut blanc de blancs Chouilly Grand Cru\" \/>\n<meta property=\"og:description\" content=\"Kaufe Vazart-Coquart &amp; Fils 82\/16 Extra Brut blanc de blancs Chouilly Grand Cru (Chardonnay, trocken Schaumwein aus Champagne, Frankreich) bei Wein Werte, Ihrem nachhaltigen Onlineshop.\" \/>\n<meta property=\"og:url\" content=\"https:\/\/wein-werte.com\/de\/produkt\/vazart-coquart-plus-fils-82-16-extra-brut-blanc-de-blancs-chouilly-grand-cru-750ml\/\" \/>\n<meta property=\"og:site_name\" content=\"Wein Werte\" \/>\n<meta property=\"og:image\" content=\"https:\/\/wein-werte.com\/wp-content\/uploads\/2026\/04\/Vazart-Coquart-et-Fils-82-16-Extra-Brut-blanc-de-blancs-Chouilly-Grand-Cru-750ml.png\" \/>\n\t<meta property=\"og:image:width\" content=\"329\" \/>\n\t<meta property=\"og:image:height\" content=\"1200\" \/>\n\t<meta property=\"og:image:type\" content=\"image\/png\" \/>\n<meta name=\"twitter:card\" content=\"summary_large_image\" \/>\n<meta name=\"twitter:label1\" content=\"Gesch\u00e4tzte Lesezeit\" \/>\n\t<meta name=\"twitter:data1\" content=\"1\u00a0Minute\" \/>\n<script type=\"application\/ld+json\" class=\"yoast-schema-graph\">{\"@context\":\"https:\\\/\\\/schema.org\",\"@graph\":[{\"@type\":\"WebPage\",\"@id\":\"https:\\\/\\\/wein-werte.com\\\/de\\\/produkt\\\/vazart-coquart-plus-fils-82-16-extra-brut-blanc-de-blancs-chouilly-grand-cru-750ml\\\/\",\"url\":\"https:\\\/\\\/wein-werte.com\\\/de\\\/produkt\\\/vazart-coquart-plus-fils-82-16-extra-brut-blanc-de-blancs-chouilly-grand-cru-750ml\\\/\",\"name\":\"Vazart-Coquart & Fils 82\\\/16 Extra Brut blanc de blancs Chouilly Grand Cru\",\"isPartOf\":{\"@id\":\"https:\\\/\\\/wein-werte.com\\\/de\\\/#website\"},\"primaryImageOfPage\":{\"@id\":\"https:\\\/\\\/wein-werte.com\\\/de\\\/produkt\\\/vazart-coquart-plus-fils-82-16-extra-brut-blanc-de-blancs-chouilly-grand-cru-750ml\\\/#primaryimage\"},\"image\":{\"@id\":\"https:\\\/\\\/wein-werte.com\\\/de\\\/produkt\\\/vazart-coquart-plus-fils-82-16-extra-brut-blanc-de-blancs-chouilly-grand-cru-750ml\\\/#primaryimage\"},\"thumbnailUrl\":\"https:\\\/\\\/wein-werte.com\\\/wp-content\\\/uploads\\\/2026\\\/04\\\/Vazart-Coquart-et-Fils-82-16-Extra-Brut-blanc-de-blancs-Chouilly-Grand-Cru-750ml.png\",\"datePublished\":\"2026-05-08T18:04:20+00:00\",\"description\":\"Kaufe Vazart-Coquart & Fils 82\\\/16 Extra Brut blanc de blancs Chouilly Grand Cru (Chardonnay, trocken Schaumwein aus Champagne, Frankreich) bei Wein Werte, Ihrem nachhaltigen Onlineshop.\",\"breadcrumb\":{\"@id\":\"https:\\\/\\\/wein-werte.com\\\/de\\\/produkt\\\/vazart-coquart-plus-fils-82-16-extra-brut-blanc-de-blancs-chouilly-grand-cru-750ml\\\/#breadcrumb\"},\"inLanguage\":\"de\",\"potentialAction\":[{\"@type\":\"ReadAction\",\"target\":[\"https:\\\/\\\/wein-werte.com\\\/de\\\/produkt\\\/vazart-coquart-plus-fils-82-16-extra-brut-blanc-de-blancs-chouilly-grand-cru-750ml\\\/\"]}]},{\"@type\":\"ImageObject\",\"inLanguage\":\"de\",\"@id\":\"https:\\\/\\\/wein-werte.com\\\/de\\\/produkt\\\/vazart-coquart-plus-fils-82-16-extra-brut-blanc-de-blancs-chouilly-grand-cru-750ml\\\/#primaryimage\",\"url\":\"https:\\\/\\\/wein-werte.com\\\/wp-content\\\/uploads\\\/2026\\\/04\\\/Vazart-Coquart-et-Fils-82-16-Extra-Brut-blanc-de-blancs-Chouilly-Grand-Cru-750ml.png\",\"contentUrl\":\"https:\\\/\\\/wein-werte.com\\\/wp-content\\\/uploads\\\/2026\\\/04\\\/Vazart-Coquart-et-Fils-82-16-Extra-Brut-blanc-de-blancs-Chouilly-Grand-Cru-750ml.png\",\"width\":329,\"height\":1200,\"caption\":\"Vazart-Coquart & Fils 82\\\/16 Extra Brut, Blanc de Blancs Chouilly Grand Cru NV 750ml\"},{\"@type\":\"BreadcrumbList\",\"@id\":\"https:\\\/\\\/wein-werte.com\\\/de\\\/produkt\\\/vazart-coquart-plus-fils-82-16-extra-brut-blanc-de-blancs-chouilly-grand-cru-750ml\\\/#breadcrumb\",\"itemListElement\":[{\"@type\":\"ListItem\",\"position\":1,\"name\":\"Home\",\"item\":\"https:\\\/\\\/wein-werte.com\\\/de\\\/\"},{\"@type\":\"ListItem\",\"position\":2,\"name\":\"Shop\",\"item\":\"https:\\\/\\\/wein-werte.com\\\/de\\\/shop\\\/\"},{\"@type\":\"ListItem\",\"position\":3,\"name\":\"Vazart-Coquart &#038; Fils | Champagne | 82\\\/16 Extra Brut, Blanc de Blancs Chouilly Grand Cru | NV | 750ml\"}]},{\"@type\":\"WebSite\",\"@id\":\"https:\\\/\\\/wein-werte.com\\\/de\\\/#website\",\"url\":\"https:\\\/\\\/wein-werte.com\\\/de\\\/\",\"name\":\"Wein Werte\",\"description\":\"\",\"publisher\":{\"@id\":\"https:\\\/\\\/wein-werte.com\\\/de\\\/#organization\"},\"potentialAction\":[{\"@type\":\"SearchAction\",\"target\":{\"@type\":\"EntryPoint\",\"urlTemplate\":\"https:\\\/\\\/wein-werte.com\\\/de\\\/?s={search_term_string}\"},\"query-input\":{\"@type\":\"PropertyValueSpecification\",\"valueRequired\":true,\"valueName\":\"search_term_string\"}}],\"inLanguage\":\"de\"},{\"@type\":\"Organization\",\"@id\":\"https:\\\/\\\/wein-werte.com\\\/de\\\/#organization\",\"name\":\"Vins Fins Thorrold\",\"url\":\"https:\\\/\\\/wein-werte.com\\\/de\\\/\",\"logo\":{\"@type\":\"ImageObject\",\"inLanguage\":\"de\",\"@id\":\"https:\\\/\\\/wein-werte.com\\\/de\\\/#\\\/schema\\\/logo\\\/image\\\/\",\"url\":\"https:\\\/\\\/wein-werte.com\\\/wp-content\\\/uploads\\\/2023\\\/07\\\/Wein_werte_Logo700-1.png\",\"contentUrl\":\"https:\\\/\\\/wein-werte.com\\\/wp-content\\\/uploads\\\/2023\\\/07\\\/Wein_werte_Logo700-1.png\",\"width\":700,\"height\":272,\"caption\":\"Vins Fins Thorrold\"},\"image\":{\"@id\":\"https:\\\/\\\/wein-werte.com\\\/de\\\/#\\\/schema\\\/logo\\\/image\\\/\"}}]}<\/script>\n<!-- \/ Yoast SEO plugin. -->","yoast_head_json":{"title":"Vazart-Coquart & Fils 82\/16 Extra Brut blanc de blancs Chouilly Grand Cru","description":"Kaufe Vazart-Coquart & Fils 82\/16 Extra Brut blanc de blancs Chouilly Grand Cru (Chardonnay, trocken Schaumwein aus Champagne, Frankreich) bei Wein Werte, Ihrem nachhaltigen Onlineshop.","robots":{"index":"index","follow":"follow","max-snippet":"max-snippet:-1","max-image-preview":"max-image-preview:large","max-video-preview":"max-video-preview:-1"},"canonical":"https:\/\/wein-werte.com\/de\/produkt\/vazart-coquart-plus-fils-82-16-extra-brut-blanc-de-blancs-chouilly-grand-cru-750ml\/","og_locale":"de_DE","og_type":"article","og_title":"Vazart-Coquart & Fils 82\/16 Extra Brut blanc de blancs Chouilly Grand Cru","og_description":"Kaufe Vazart-Coquart & Fils 82\/16 Extra Brut blanc de blancs Chouilly Grand Cru (Chardonnay, trocken Schaumwein aus Champagne, Frankreich) bei Wein Werte, Ihrem nachhaltigen Onlineshop.","og_url":"https:\/\/wein-werte.com\/de\/produkt\/vazart-coquart-plus-fils-82-16-extra-brut-blanc-de-blancs-chouilly-grand-cru-750ml\/","og_site_name":"Wein Werte","og_image":[{"width":329,"height":1200,"url":"https:\/\/wein-werte.com\/wp-content\/uploads\/2026\/04\/Vazart-Coquart-et-Fils-82-16-Extra-Brut-blanc-de-blancs-Chouilly-Grand-Cru-750ml.png","type":"image\/png"}],"twitter_card":"summary_large_image","twitter_misc":{"Gesch\u00e4tzte Lesezeit":"1\u00a0Minute"},"schema":{"@context":"https:\/\/schema.org","@graph":[{"@type":"WebPage","@id":"https:\/\/wein-werte.com\/de\/produkt\/vazart-coquart-plus-fils-82-16-extra-brut-blanc-de-blancs-chouilly-grand-cru-750ml\/","url":"https:\/\/wein-werte.com\/de\/produkt\/vazart-coquart-plus-fils-82-16-extra-brut-blanc-de-blancs-chouilly-grand-cru-750ml\/","name":"Vazart-Coquart & Fils 82\/16 Extra Brut blanc de blancs Chouilly Grand Cru","isPartOf":{"@id":"https:\/\/wein-werte.com\/de\/#website"},"primaryImageOfPage":{"@id":"https:\/\/wein-werte.com\/de\/produkt\/vazart-coquart-plus-fils-82-16-extra-brut-blanc-de-blancs-chouilly-grand-cru-750ml\/#primaryimage"},"image":{"@id":"https:\/\/wein-werte.com\/de\/produkt\/vazart-coquart-plus-fils-82-16-extra-brut-blanc-de-blancs-chouilly-grand-cru-750ml\/#primaryimage"},"thumbnailUrl":"https:\/\/wein-werte.com\/wp-content\/uploads\/2026\/04\/Vazart-Coquart-et-Fils-82-16-Extra-Brut-blanc-de-blancs-Chouilly-Grand-Cru-750ml.png","datePublished":"2026-05-08T18:04:20+00:00","description":"Kaufe Vazart-Coquart & Fils 82\/16 Extra Brut blanc de blancs Chouilly Grand Cru (Chardonnay, trocken Schaumwein aus Champagne, Frankreich) bei Wein Werte, Ihrem nachhaltigen Onlineshop.","breadcrumb":{"@id":"https:\/\/wein-werte.com\/de\/produkt\/vazart-coquart-plus-fils-82-16-extra-brut-blanc-de-blancs-chouilly-grand-cru-750ml\/#breadcrumb"},"inLanguage":"de","potentialAction":[{"@type":"ReadAction","target":["https:\/\/wein-werte.com\/de\/produkt\/vazart-coquart-plus-fils-82-16-extra-brut-blanc-de-blancs-chouilly-grand-cru-750ml\/"]}]},{"@type":"ImageObject","inLanguage":"de","@id":"https:\/\/wein-werte.com\/de\/produkt\/vazart-coquart-plus-fils-82-16-extra-brut-blanc-de-blancs-chouilly-grand-cru-750ml\/#primaryimage","url":"https:\/\/wein-werte.com\/wp-content\/uploads\/2026\/04\/Vazart-Coquart-et-Fils-82-16-Extra-Brut-blanc-de-blancs-Chouilly-Grand-Cru-750ml.png","contentUrl":"https:\/\/wein-werte.com\/wp-content\/uploads\/2026\/04\/Vazart-Coquart-et-Fils-82-16-Extra-Brut-blanc-de-blancs-Chouilly-Grand-Cru-750ml.png","width":329,"height":1200,"caption":"Vazart-Coquart & Fils 82\/16 Extra Brut, Blanc de Blancs Chouilly Grand Cru NV 750ml"},{"@type":"BreadcrumbList","@id":"https:\/\/wein-werte.com\/de\/produkt\/vazart-coquart-plus-fils-82-16-extra-brut-blanc-de-blancs-chouilly-grand-cru-750ml\/#breadcrumb","itemListElement":[{"@type":"ListItem","position":1,"name":"Home","item":"https:\/\/wein-werte.com\/de\/"},{"@type":"ListItem","position":2,"name":"Shop","item":"https:\/\/wein-werte.com\/de\/shop\/"},{"@type":"ListItem","position":3,"name":"Vazart-Coquart &#038; Fils | Champagne | 82\/16 Extra Brut, Blanc de Blancs Chouilly Grand Cru | NV | 750ml"}]},{"@type":"WebSite","@id":"https:\/\/wein-werte.com\/de\/#website","url":"https:\/\/wein-werte.com\/de\/","name":"Wein Werte","description":"","publisher":{"@id":"https:\/\/wein-werte.com\/de\/#organization"},"potentialAction":[{"@type":"SearchAction","target":{"@type":"EntryPoint","urlTemplate":"https:\/\/wein-werte.com\/de\/?s={search_term_string}"},"query-input":{"@type":"PropertyValueSpecification","valueRequired":true,"valueName":"search_term_string"}}],"inLanguage":"de"},{"@type":"Organization","@id":"https:\/\/wein-werte.com\/de\/#organization","name":"Vins Fins Thorrold","url":"https:\/\/wein-werte.com\/de\/","logo":{"@type":"ImageObject","inLanguage":"de","@id":"https:\/\/wein-werte.com\/de\/#\/schema\/logo\/image\/","url":"https:\/\/wein-werte.com\/wp-content\/uploads\/2023\/07\/Wein_werte_Logo700-1.png","contentUrl":"https:\/\/wein-werte.com\/wp-content\/uploads\/2023\/07\/Wein_werte_Logo700-1.png","width":700,"height":272,"caption":"Vins Fins Thorrold"},"image":{"@id":"https:\/\/wein-werte.com\/de\/#\/schema\/logo\/image\/"}}]}},"_links":{"self":[{"href":"https:\/\/wein-werte.com\/de\/wp-json\/wp\/v2\/product\/1132822","targetHints":{"allow":["GET"]}}],"collection":[{"href":"https:\/\/wein-werte.com\/de\/wp-json\/wp\/v2\/product"}],"about":[{"href":"https:\/\/wein-werte.com\/de\/wp-json\/wp\/v2\/types\/product"}],"wp:featuredmedia":[{"embeddable":true,"href":"https:\/\/wein-werte.com\/de\/wp-json\/wp\/v2\/media\/1143394"}],"wp:attachment":[{"href":"https:\/\/wein-werte.com\/de\/wp-json\/wp\/v2\/media?parent=1132822"}],"wp:term":[{"taxonomy":"product_brand","embeddable":true,"href":"https:\/\/wein-werte.com\/de\/wp-json\/wp\/v2\/product_brand?post=1132822"},{"taxonomy":"product_cat","embeddable":true,"href":"https:\/\/wein-werte.com\/de\/wp-json\/wp\/v2\/product_cat?post=1132822"},{"taxonomy":"product_tag","embeddable":true,"href":"https:\/\/wein-werte.com\/de\/wp-json\/wp\/v2\/product_tag?post=1132822"}],"curies":[{"name":"wp","href":"https:\/\/api.w.org\/{rel}","templated":true}]}}