{"id":1132817,"date":"2026-05-08T20:04:20","date_gmt":"2026-05-08T18:04:20","guid":{"rendered":"https:\/\/wein-werte.com\/product\/vazart-coquart-et-fils-tc-extra-brut-blanc-de-blancs-chouilly-grand-cru-2017-750ml\/"},"modified":"2026-04-27T11:49:36","modified_gmt":"2026-04-27T09:49:36","slug":"vazart-coquart-plus-fils-tc-extra-brut-blanc-de-blancs-chouilly-grand-cru-2017-750ml","status":"publish","type":"product","link":"https:\/\/wein-werte.com\/de\/produkt\/vazart-coquart-plus-fils-tc-extra-brut-blanc-de-blancs-chouilly-grand-cru-2017-750ml\/","title":{"rendered":"Vazart-Coquart &#038; Fils | Champagne | TC Extra Brut, Blanc de Blancs Chouilly Grand Cru | 2017 | 750ml"},"content":{"rendered":"<p>Produktbeschreibung f\u00fcr Vazart-Coquart &#038; Fils TC Extra Brut, Blanc de Blancs Chouilly Grand Cru 2017 <\/p>\n<p> Die Familie Vazart betreibt bereits seit 1785 Weinbau in Chouilly. Die ersten eigenen Weine wurden allerdings erst im Jahr 1950 von Louis und Jacques Vazart gef\u00fcllt. Seit 1995 wird das Weingut von Jean-Pierre Vazart gef\u00fchrt, der bereits ein Jahr sp\u00e4ter dem Club Tr\u00e9sor de Champagne, einer der ersten Vereinigungen von unabh\u00e4ngigen Winzern der Champagne, beigetreten ist. Das Weingut verf\u00fcgt \u00fcber 11 Hektar, die sich komplett in Chouilly befinden. Jean-Pierre pflegt den Ausbau im Edelstahl \u2013 inklusive malolaktischer G\u00e4rung. Die Reserve-Weine stammen im Wesentlichen aus einer Solera, die 1982 begonnen wurde und aus der mittlerweile ein eigener Champagner entsteht. Die Non-Vintage-Champagner zeigen die typische Stilistik des Ortes. Sie sind ideale Ap\u00e9ritif-Champagner mit viel Frucht, Frische, Eleganz und Harmonie. Die Jahrgangs-Champagner sind voller, kraftvoller und mineralischer mit viel Substanz. <\/p>\n<p>Copyright Vinaturel 2025<\/p>\n<p>Keywords: <a href=\"https:\/\/wein-werte.com\/de\/shop\/?swoof=1&#038;pa_producer=Vazart-Coquart-&#038;-Fils\">Vazart-Coquart &#038; Fils<\/a> <a href=\"https:\/\/wein-werte.com\/de\/shop\/?swoof=1&#038;woof_text=TC Extra Brut, Blanc de Blancs Chouilly Grand Cru\">TC Extra Brut, Blanc de Blancs Chouilly Grand Cru<\/a> 2017  <a href=\"https:\/\/wein-werte.com\/de\/shop\/?swoof=1&#038;pa_region=Champagne\">Champagne<\/a> <a href=\"https:\/\/wein-werte.com\/de\/shop\/?swoof=1&#038;pa_country=Frankreich\">Frankreich<\/a><\/p>\n<p>Internetseite des Weinguts: <a href=\"https:\/\/www.champagnevazartcoquart.com\/\" target=\"_blank\">https:\/\/www.champagnevazartcoquart.com\/<\/a><\/p>\n","protected":false},"excerpt":{"rendered":"<p>Lieferzeit: 1 bis 2 Arbeitstage (DE), 2 bis 5 Arbeitstage (EU and CH)<\/p>\n","protected":false},"featured_media":1143390,"template":"","meta":[],"product_brand":[],"product_cat":[19],"product_tag":[],"class_list":{"0":"post-1132817","1":"product","2":"type-product","3":"status-publish","4":"has-post-thumbnail","6":"product_cat-unkategorisiert","7":"pa_alcohol-for-filter-12893","8":"pa_certified-biodynamic-nein-de","9":"pa_certified-organic-nein-de","10":"pa_colour-weiss","11":"pa_country-frankreich","12":"pa_grape-chardonnay","13":"pa_price-for-filter-10766","14":"pa_producer-vazart-coquart-fils","15":"pa_region-champagne","16":"pa_size-ml-6584","17":"pa_sweetness-trocken-de","18":"pa_type-2-champagner","19":"pa_vintage-2017-de","20":"entry","21":"has-media","23":"first","24":"instock","25":"taxable","26":"shipping-taxable","27":"purchasable","28":"product-type-simple"},"yoast_head":"<!-- This site is optimized with the Yoast SEO plugin v27.5 - https:\/\/yoast.com\/product\/yoast-seo-wordpress\/ -->\n<title>Vazart-Coquart &amp; Fils TC Extra Brut blanc de blancs Chouilly Grand Cru 2017<\/title>\n<meta name=\"description\" content=\"Kaufe Vazart-Coquart &amp; Fils TC Extra Brut blanc de blancs Chouilly Grand Cru 2017 (Chardonnay, trocken Schaumwein aus Champagne, Frankreich) bei Wein Werte, Ihrem nachhaltigen Onlineshop.\" \/>\n<meta name=\"robots\" content=\"index, follow, max-snippet:-1, max-image-preview:large, max-video-preview:-1\" \/>\n<link rel=\"canonical\" href=\"https:\/\/wein-werte.com\/de\/produkt\/vazart-coquart-plus-fils-tc-extra-brut-blanc-de-blancs-chouilly-grand-cru-2017-750ml\/\" \/>\n<meta property=\"og:locale\" content=\"de_DE\" \/>\n<meta property=\"og:type\" content=\"article\" \/>\n<meta property=\"og:title\" content=\"Vazart-Coquart &amp; Fils TC Extra Brut blanc de blancs Chouilly Grand Cru 2017\" \/>\n<meta property=\"og:description\" content=\"Kaufe Vazart-Coquart &amp; Fils TC Extra Brut blanc de blancs Chouilly Grand Cru 2017 (Chardonnay, trocken Schaumwein aus Champagne, Frankreich) bei Wein Werte, Ihrem nachhaltigen Onlineshop.\" \/>\n<meta property=\"og:url\" content=\"https:\/\/wein-werte.com\/de\/produkt\/vazart-coquart-plus-fils-tc-extra-brut-blanc-de-blancs-chouilly-grand-cru-2017-750ml\/\" \/>\n<meta property=\"og:site_name\" content=\"Wein Werte\" \/>\n<meta property=\"og:image\" content=\"https:\/\/wein-werte.com\/wp-content\/uploads\/2026\/04\/Vazart-Coquart-et-Fils-TC-Extra-Brut-blanc-de-blancs-Chouilly-Grand-Cru-2017-750ml.png\" \/>\n\t<meta property=\"og:image:width\" content=\"330\" \/>\n\t<meta property=\"og:image:height\" content=\"1200\" \/>\n\t<meta property=\"og:image:type\" content=\"image\/png\" \/>\n<meta name=\"twitter:card\" content=\"summary_large_image\" \/>\n<meta name=\"twitter:label1\" content=\"Gesch\u00e4tzte Lesezeit\" \/>\n\t<meta name=\"twitter:data1\" content=\"1\u00a0Minute\" \/>\n<script type=\"application\/ld+json\" class=\"yoast-schema-graph\">{\"@context\":\"https:\\\/\\\/schema.org\",\"@graph\":[{\"@type\":\"WebPage\",\"@id\":\"https:\\\/\\\/wein-werte.com\\\/de\\\/produkt\\\/vazart-coquart-plus-fils-tc-extra-brut-blanc-de-blancs-chouilly-grand-cru-2017-750ml\\\/\",\"url\":\"https:\\\/\\\/wein-werte.com\\\/de\\\/produkt\\\/vazart-coquart-plus-fils-tc-extra-brut-blanc-de-blancs-chouilly-grand-cru-2017-750ml\\\/\",\"name\":\"Vazart-Coquart & Fils TC Extra Brut blanc de blancs Chouilly Grand Cru 2017\",\"isPartOf\":{\"@id\":\"https:\\\/\\\/wein-werte.com\\\/de\\\/#website\"},\"primaryImageOfPage\":{\"@id\":\"https:\\\/\\\/wein-werte.com\\\/de\\\/produkt\\\/vazart-coquart-plus-fils-tc-extra-brut-blanc-de-blancs-chouilly-grand-cru-2017-750ml\\\/#primaryimage\"},\"image\":{\"@id\":\"https:\\\/\\\/wein-werte.com\\\/de\\\/produkt\\\/vazart-coquart-plus-fils-tc-extra-brut-blanc-de-blancs-chouilly-grand-cru-2017-750ml\\\/#primaryimage\"},\"thumbnailUrl\":\"https:\\\/\\\/wein-werte.com\\\/wp-content\\\/uploads\\\/2026\\\/04\\\/Vazart-Coquart-et-Fils-TC-Extra-Brut-blanc-de-blancs-Chouilly-Grand-Cru-2017-750ml.png\",\"datePublished\":\"2026-05-08T18:04:20+00:00\",\"description\":\"Kaufe Vazart-Coquart & Fils TC Extra Brut blanc de blancs Chouilly Grand Cru 2017 (Chardonnay, trocken Schaumwein aus Champagne, Frankreich) bei Wein Werte, Ihrem nachhaltigen Onlineshop.\",\"breadcrumb\":{\"@id\":\"https:\\\/\\\/wein-werte.com\\\/de\\\/produkt\\\/vazart-coquart-plus-fils-tc-extra-brut-blanc-de-blancs-chouilly-grand-cru-2017-750ml\\\/#breadcrumb\"},\"inLanguage\":\"de\",\"potentialAction\":[{\"@type\":\"ReadAction\",\"target\":[\"https:\\\/\\\/wein-werte.com\\\/de\\\/produkt\\\/vazart-coquart-plus-fils-tc-extra-brut-blanc-de-blancs-chouilly-grand-cru-2017-750ml\\\/\"]}]},{\"@type\":\"ImageObject\",\"inLanguage\":\"de\",\"@id\":\"https:\\\/\\\/wein-werte.com\\\/de\\\/produkt\\\/vazart-coquart-plus-fils-tc-extra-brut-blanc-de-blancs-chouilly-grand-cru-2017-750ml\\\/#primaryimage\",\"url\":\"https:\\\/\\\/wein-werte.com\\\/wp-content\\\/uploads\\\/2026\\\/04\\\/Vazart-Coquart-et-Fils-TC-Extra-Brut-blanc-de-blancs-Chouilly-Grand-Cru-2017-750ml.png\",\"contentUrl\":\"https:\\\/\\\/wein-werte.com\\\/wp-content\\\/uploads\\\/2026\\\/04\\\/Vazart-Coquart-et-Fils-TC-Extra-Brut-blanc-de-blancs-Chouilly-Grand-Cru-2017-750ml.png\",\"width\":330,\"height\":1200,\"caption\":\"Vazart-Coquart & Fils TC Extra Brut, Blanc de Blancs Chouilly Grand Cru 2017 750ml\"},{\"@type\":\"BreadcrumbList\",\"@id\":\"https:\\\/\\\/wein-werte.com\\\/de\\\/produkt\\\/vazart-coquart-plus-fils-tc-extra-brut-blanc-de-blancs-chouilly-grand-cru-2017-750ml\\\/#breadcrumb\",\"itemListElement\":[{\"@type\":\"ListItem\",\"position\":1,\"name\":\"Home\",\"item\":\"https:\\\/\\\/wein-werte.com\\\/de\\\/\"},{\"@type\":\"ListItem\",\"position\":2,\"name\":\"Shop\",\"item\":\"https:\\\/\\\/wein-werte.com\\\/de\\\/shop\\\/\"},{\"@type\":\"ListItem\",\"position\":3,\"name\":\"Vazart-Coquart &#038; Fils | Champagne | TC Extra Brut, Blanc de Blancs Chouilly Grand Cru | 2017 | 750ml\"}]},{\"@type\":\"WebSite\",\"@id\":\"https:\\\/\\\/wein-werte.com\\\/de\\\/#website\",\"url\":\"https:\\\/\\\/wein-werte.com\\\/de\\\/\",\"name\":\"Wein Werte\",\"description\":\"\",\"publisher\":{\"@id\":\"https:\\\/\\\/wein-werte.com\\\/de\\\/#organization\"},\"potentialAction\":[{\"@type\":\"SearchAction\",\"target\":{\"@type\":\"EntryPoint\",\"urlTemplate\":\"https:\\\/\\\/wein-werte.com\\\/de\\\/?s={search_term_string}\"},\"query-input\":{\"@type\":\"PropertyValueSpecification\",\"valueRequired\":true,\"valueName\":\"search_term_string\"}}],\"inLanguage\":\"de\"},{\"@type\":\"Organization\",\"@id\":\"https:\\\/\\\/wein-werte.com\\\/de\\\/#organization\",\"name\":\"Vins Fins Thorrold\",\"url\":\"https:\\\/\\\/wein-werte.com\\\/de\\\/\",\"logo\":{\"@type\":\"ImageObject\",\"inLanguage\":\"de\",\"@id\":\"https:\\\/\\\/wein-werte.com\\\/de\\\/#\\\/schema\\\/logo\\\/image\\\/\",\"url\":\"https:\\\/\\\/wein-werte.com\\\/wp-content\\\/uploads\\\/2023\\\/07\\\/Wein_werte_Logo700-1.png\",\"contentUrl\":\"https:\\\/\\\/wein-werte.com\\\/wp-content\\\/uploads\\\/2023\\\/07\\\/Wein_werte_Logo700-1.png\",\"width\":700,\"height\":272,\"caption\":\"Vins Fins Thorrold\"},\"image\":{\"@id\":\"https:\\\/\\\/wein-werte.com\\\/de\\\/#\\\/schema\\\/logo\\\/image\\\/\"}}]}<\/script>\n<!-- \/ Yoast SEO plugin. -->","yoast_head_json":{"title":"Vazart-Coquart & Fils TC Extra Brut blanc de blancs Chouilly Grand Cru 2017","description":"Kaufe Vazart-Coquart & Fils TC Extra Brut blanc de blancs Chouilly Grand Cru 2017 (Chardonnay, trocken Schaumwein aus Champagne, Frankreich) bei Wein Werte, Ihrem nachhaltigen Onlineshop.","robots":{"index":"index","follow":"follow","max-snippet":"max-snippet:-1","max-image-preview":"max-image-preview:large","max-video-preview":"max-video-preview:-1"},"canonical":"https:\/\/wein-werte.com\/de\/produkt\/vazart-coquart-plus-fils-tc-extra-brut-blanc-de-blancs-chouilly-grand-cru-2017-750ml\/","og_locale":"de_DE","og_type":"article","og_title":"Vazart-Coquart & Fils TC Extra Brut blanc de blancs Chouilly Grand Cru 2017","og_description":"Kaufe Vazart-Coquart & Fils TC Extra Brut blanc de blancs Chouilly Grand Cru 2017 (Chardonnay, trocken Schaumwein aus Champagne, Frankreich) bei Wein Werte, Ihrem nachhaltigen Onlineshop.","og_url":"https:\/\/wein-werte.com\/de\/produkt\/vazart-coquart-plus-fils-tc-extra-brut-blanc-de-blancs-chouilly-grand-cru-2017-750ml\/","og_site_name":"Wein Werte","og_image":[{"width":330,"height":1200,"url":"https:\/\/wein-werte.com\/wp-content\/uploads\/2026\/04\/Vazart-Coquart-et-Fils-TC-Extra-Brut-blanc-de-blancs-Chouilly-Grand-Cru-2017-750ml.png","type":"image\/png"}],"twitter_card":"summary_large_image","twitter_misc":{"Gesch\u00e4tzte Lesezeit":"1\u00a0Minute"},"schema":{"@context":"https:\/\/schema.org","@graph":[{"@type":"WebPage","@id":"https:\/\/wein-werte.com\/de\/produkt\/vazart-coquart-plus-fils-tc-extra-brut-blanc-de-blancs-chouilly-grand-cru-2017-750ml\/","url":"https:\/\/wein-werte.com\/de\/produkt\/vazart-coquart-plus-fils-tc-extra-brut-blanc-de-blancs-chouilly-grand-cru-2017-750ml\/","name":"Vazart-Coquart & Fils TC Extra Brut blanc de blancs Chouilly Grand Cru 2017","isPartOf":{"@id":"https:\/\/wein-werte.com\/de\/#website"},"primaryImageOfPage":{"@id":"https:\/\/wein-werte.com\/de\/produkt\/vazart-coquart-plus-fils-tc-extra-brut-blanc-de-blancs-chouilly-grand-cru-2017-750ml\/#primaryimage"},"image":{"@id":"https:\/\/wein-werte.com\/de\/produkt\/vazart-coquart-plus-fils-tc-extra-brut-blanc-de-blancs-chouilly-grand-cru-2017-750ml\/#primaryimage"},"thumbnailUrl":"https:\/\/wein-werte.com\/wp-content\/uploads\/2026\/04\/Vazart-Coquart-et-Fils-TC-Extra-Brut-blanc-de-blancs-Chouilly-Grand-Cru-2017-750ml.png","datePublished":"2026-05-08T18:04:20+00:00","description":"Kaufe Vazart-Coquart & Fils TC Extra Brut blanc de blancs Chouilly Grand Cru 2017 (Chardonnay, trocken Schaumwein aus Champagne, Frankreich) bei Wein Werte, Ihrem nachhaltigen Onlineshop.","breadcrumb":{"@id":"https:\/\/wein-werte.com\/de\/produkt\/vazart-coquart-plus-fils-tc-extra-brut-blanc-de-blancs-chouilly-grand-cru-2017-750ml\/#breadcrumb"},"inLanguage":"de","potentialAction":[{"@type":"ReadAction","target":["https:\/\/wein-werte.com\/de\/produkt\/vazart-coquart-plus-fils-tc-extra-brut-blanc-de-blancs-chouilly-grand-cru-2017-750ml\/"]}]},{"@type":"ImageObject","inLanguage":"de","@id":"https:\/\/wein-werte.com\/de\/produkt\/vazart-coquart-plus-fils-tc-extra-brut-blanc-de-blancs-chouilly-grand-cru-2017-750ml\/#primaryimage","url":"https:\/\/wein-werte.com\/wp-content\/uploads\/2026\/04\/Vazart-Coquart-et-Fils-TC-Extra-Brut-blanc-de-blancs-Chouilly-Grand-Cru-2017-750ml.png","contentUrl":"https:\/\/wein-werte.com\/wp-content\/uploads\/2026\/04\/Vazart-Coquart-et-Fils-TC-Extra-Brut-blanc-de-blancs-Chouilly-Grand-Cru-2017-750ml.png","width":330,"height":1200,"caption":"Vazart-Coquart & Fils TC Extra Brut, Blanc de Blancs Chouilly Grand Cru 2017 750ml"},{"@type":"BreadcrumbList","@id":"https:\/\/wein-werte.com\/de\/produkt\/vazart-coquart-plus-fils-tc-extra-brut-blanc-de-blancs-chouilly-grand-cru-2017-750ml\/#breadcrumb","itemListElement":[{"@type":"ListItem","position":1,"name":"Home","item":"https:\/\/wein-werte.com\/de\/"},{"@type":"ListItem","position":2,"name":"Shop","item":"https:\/\/wein-werte.com\/de\/shop\/"},{"@type":"ListItem","position":3,"name":"Vazart-Coquart &#038; Fils | Champagne | TC Extra Brut, Blanc de Blancs Chouilly Grand Cru | 2017 | 750ml"}]},{"@type":"WebSite","@id":"https:\/\/wein-werte.com\/de\/#website","url":"https:\/\/wein-werte.com\/de\/","name":"Wein Werte","description":"","publisher":{"@id":"https:\/\/wein-werte.com\/de\/#organization"},"potentialAction":[{"@type":"SearchAction","target":{"@type":"EntryPoint","urlTemplate":"https:\/\/wein-werte.com\/de\/?s={search_term_string}"},"query-input":{"@type":"PropertyValueSpecification","valueRequired":true,"valueName":"search_term_string"}}],"inLanguage":"de"},{"@type":"Organization","@id":"https:\/\/wein-werte.com\/de\/#organization","name":"Vins Fins Thorrold","url":"https:\/\/wein-werte.com\/de\/","logo":{"@type":"ImageObject","inLanguage":"de","@id":"https:\/\/wein-werte.com\/de\/#\/schema\/logo\/image\/","url":"https:\/\/wein-werte.com\/wp-content\/uploads\/2023\/07\/Wein_werte_Logo700-1.png","contentUrl":"https:\/\/wein-werte.com\/wp-content\/uploads\/2023\/07\/Wein_werte_Logo700-1.png","width":700,"height":272,"caption":"Vins Fins Thorrold"},"image":{"@id":"https:\/\/wein-werte.com\/de\/#\/schema\/logo\/image\/"}}]}},"_links":{"self":[{"href":"https:\/\/wein-werte.com\/de\/wp-json\/wp\/v2\/product\/1132817","targetHints":{"allow":["GET"]}}],"collection":[{"href":"https:\/\/wein-werte.com\/de\/wp-json\/wp\/v2\/product"}],"about":[{"href":"https:\/\/wein-werte.com\/de\/wp-json\/wp\/v2\/types\/product"}],"wp:featuredmedia":[{"embeddable":true,"href":"https:\/\/wein-werte.com\/de\/wp-json\/wp\/v2\/media\/1143390"}],"wp:attachment":[{"href":"https:\/\/wein-werte.com\/de\/wp-json\/wp\/v2\/media?parent=1132817"}],"wp:term":[{"taxonomy":"product_brand","embeddable":true,"href":"https:\/\/wein-werte.com\/de\/wp-json\/wp\/v2\/product_brand?post=1132817"},{"taxonomy":"product_cat","embeddable":true,"href":"https:\/\/wein-werte.com\/de\/wp-json\/wp\/v2\/product_cat?post=1132817"},{"taxonomy":"product_tag","embeddable":true,"href":"https:\/\/wein-werte.com\/de\/wp-json\/wp\/v2\/product_tag?post=1132817"}],"curies":[{"name":"wp","href":"https:\/\/api.w.org\/{rel}","templated":true}]}}