{"id":1132812,"date":"2026-05-12T15:50:54","date_gmt":"2026-05-12T13:50:54","guid":{"rendered":"https:\/\/wein-werte.com\/product\/vazart-coquart-et-fils-extra-brut-2018res-blanc-de-blancs-chouilly-grand-cru-750ml\/"},"modified":"2026-05-12T19:57:43","modified_gmt":"2026-05-12T17:57:43","slug":"vazart-coquart-et-fils-extra-brut-2018-plus-res-blanc-de-blancs-chouilly-grand-cru-nv-750ml","status":"publish","type":"product","link":"https:\/\/wein-werte.com\/de\/produkt\/vazart-coquart-et-fils-extra-brut-2018-plus-res-blanc-de-blancs-chouilly-grand-cru-nv-750ml\/","title":{"rendered":"Vazart-Coquart &#038; Fils | Champagne | Extra Brut, 2018+Res., Blanc de Blancs Chouilly Grand Cru | NV | 750ml"},"content":{"rendered":"<p>Produktbeschreibung f\u00fcr Vazart-Coquart &#038; Fils Extra Brut, 2018+Res., Blanc de Blancs Chouilly Grand Cru NV  <\/p>\n<h5>Informationen zum Wein<\/h5>\n<p> Der Vazart-Coquart Extra Brut Blanc de Blancs Grand Cru stammt aus einem Grand-Cru-Weinberg von elf Hektar in Chouilly. Das Alter der Chardonnay-Reben dort betr\u00e4gt im Durchschnitt 45 Jahre. Die Reben wurzeln tief in Belemnit-Kreide. Das Weingut befand sich zum Zeitpunkt der Entstehung dieses Weines noch in Umstellung auf nachhaltigen und \u00f6kologischen Weinbau. Die erste zertifizierte Bio-Lese erfolgte 2020. F\u00fcr diese Cuv\u00e9e wurden 56 % der Lese aus 2018, sowie 44 % aus einer R\u00e9serve perp\u00e9tuelle genutzt, die 1982 begonnen wurde und von der jedes Jahr 40 % entnommen und wieder aufgef\u00fcllt werden. Der Grundwein wurde in temperaturkontrollierten Edelstahltanks vergoren und durchlief eine malolaktische G\u00e4rung. D\u00e9gorgiert wurde der Champagner im Juni 2022 mit einer Dosage von 1,5 Gramm. <\/p>\n<h5>Farbe<\/h5>\n<p> Mittleres Strohgelb mit lebendiger Perlage <\/p>\n<h5>Nase<\/h5>\n<p> Der Extra Brut Blanc de Blancs Chouilly Grand Cru ist ein Champagner, der im Duft all das bietet, was man von einem klassischen Blanc de Blancs erwartet. Er verbindet eine k\u00fchle, kreidige Ader mit Generosit\u00e4t. Die steinigen Komponenten mischen sich mit frischer Zitronen und mit Zitronenbaiser, N\u00fcssen und Mandel, mit M\u00fcrbeteig und mit rotem Apfel samt Schale. Dazu gibt es ein Topping aus wei\u00dfe Bl\u00fcten. <\/p>\n<h5>Gaumen<\/h5>\n<p> Am Gaumen wirkt der Grand Cru frisch und reif. Er sorgt f\u00fcr Aromen von wei\u00dffleischigem Kern- und Steinobst, Zitrusfr\u00fcchten und einem Hauch Cointreau. Die Textur wirkt elegant mit einer feinen Phenolik. Dazu kommt die f\u00fcr diese B\u00f6den so typische kalkig-kreidige Mineralit\u00e4t und eine S\u00e4ure, die viel Druck aufbaut. Die Perlage wirkt lebendig, aber fein. Der R\u00e9servewein liefert eine elegante Basis von Autolyse-Noten, die sich jeodch immer nobel im Hintergrund bewegt und dem salzigen, jodhaltigen und zitronigen Charakter den Fortritt \u00fcberlasst.<\/p>\n<p>Copyright Vinaturel 2025<\/p>\n<p>Keywords: <a href=\"https:\/\/wein-werte.com\/de\/shop\/?swoof=1&#038;pa_producer=Vazart-Coquart-&#038;-Fils\">Vazart-Coquart &#038; Fils<\/a> <a href=\"https:\/\/wein-werte.com\/de\/shop\/?swoof=1&#038;woof_text=Extra Brut, 2018+Res., Blanc de Blancs Chouilly Grand Cru\">Extra Brut, 2018+Res., Blanc de Blancs Chouilly Grand Cru<\/a> NV  <a href=\"https:\/\/wein-werte.com\/de\/shop\/?swoof=1&#038;pa_region=Champagne\">Champagne<\/a> <a href=\"https:\/\/wein-werte.com\/de\/shop\/?swoof=1&#038;pa_country=Frankreich\">Frankreich<\/a><\/p>\n<p>Internetseite des Weinguts: <a href=\"https:\/\/www.champagnevazartcoquart.com\/\" target=\"_blank\">https:\/\/www.champagnevazartcoquart.com\/<\/a><\/p>\n","protected":false},"excerpt":{"rendered":"<div style=\"font-size: 14px;\">\n<p>Lieferzeit: 1 bis 2 Arbeitstage (DE), 2 bis 5 Arbeitstage (EU und CH)<\/p>\n<p>Ungef\u00e4hrer Energiegehalt pro 125-ml-Glas: 95 kcal<\/p>\n<\/p><\/div>\n","protected":false},"featured_media":1143386,"template":"","meta":[],"product_brand":[],"product_cat":[19],"product_tag":[],"class_list":{"0":"post-1132812","1":"product","2":"type-product","3":"status-publish","4":"has-post-thumbnail","6":"product_cat-unkategorisiert","7":"pa_alcohol-for-filter-12893","8":"pa_certified-biodynamic-nein-de","9":"pa_certified-organic-nein-de","10":"pa_colour-weiss","11":"pa_country-frankreich","12":"pa_grape-chardonnay","13":"pa_price-for-filter-10583","14":"pa_producer-vazart-coquart-fils","15":"pa_region-champagne","16":"pa_size-ml-6584","17":"pa_sweetness-trocken-de","18":"pa_type-2-champagner","19":"pa_vintage-nv-de","20":"entry","21":"has-media","23":"first","24":"instock","25":"taxable","26":"shipping-taxable","27":"purchasable","28":"product-type-simple"},"yoast_head":"<!-- This site is optimized with the Yoast SEO plugin v27.6 - https:\/\/yoast.com\/product\/yoast-seo-wordpress\/ -->\n<title>Vazart-Coquart &amp; Fils Extra Brut 2018+Res. blanc de blancs Chouilly Grand Cru<\/title>\n<meta name=\"description\" content=\"Kaufe Vazart-Coquart &amp; Fils Extra Brut 2018+Res. blanc de blancs Chouilly Grand Cru (Chardonnay, trocken Schaumwein aus Champagne, Frankreich) bei Wein Werte, Ihrem nachhaltigen Onlineshop.\" \/>\n<meta name=\"robots\" content=\"index, follow, max-snippet:-1, max-image-preview:large, max-video-preview:-1\" \/>\n<link rel=\"canonical\" href=\"https:\/\/wein-werte.com\/de\/produkt\/vazart-coquart-plus-fils-extra-brut-2018res-blanc-de-blancs-chouilly-grand-cru-750ml\/\" \/>\n<meta property=\"og:locale\" content=\"de_DE\" \/>\n<meta property=\"og:type\" content=\"article\" \/>\n<meta property=\"og:title\" content=\"Vazart-Coquart &amp; Fils Extra Brut 2018+Res. blanc de blancs Chouilly Grand Cru\" \/>\n<meta property=\"og:description\" content=\"Kaufe Vazart-Coquart &amp; Fils Extra Brut 2018+Res. blanc de blancs Chouilly Grand Cru (Chardonnay, trocken Schaumwein aus Champagne, Frankreich) bei Wein Werte, Ihrem nachhaltigen Onlineshop.\" \/>\n<meta property=\"og:url\" content=\"https:\/\/wein-werte.com\/de\/produkt\/vazart-coquart-plus-fils-extra-brut-2018res-blanc-de-blancs-chouilly-grand-cru-750ml\/\" \/>\n<meta property=\"og:site_name\" content=\"Wein Werte\" \/>\n<meta property=\"article:modified_time\" content=\"2026-05-12T17:57:43+00:00\" \/>\n<meta property=\"og:image\" content=\"https:\/\/wein-werte.com\/wp-content\/uploads\/2026\/04\/Vazart-Coquart-et-Fils-Extra-Brut-2018Res.-blanc-de-blancs-Chouilly-Grand-Cru-750ml.png\" \/>\n\t<meta property=\"og:image:width\" content=\"324\" \/>\n\t<meta property=\"og:image:height\" content=\"1200\" \/>\n\t<meta property=\"og:image:type\" content=\"image\/png\" \/>\n<meta name=\"twitter:card\" content=\"summary_large_image\" \/>\n<meta name=\"twitter:label1\" content=\"Gesch\u00e4tzte Lesezeit\" \/>\n\t<meta name=\"twitter:data1\" content=\"2\u00a0Minuten\" \/>\n<script type=\"application\/ld+json\" class=\"yoast-schema-graph\">{\"@context\":\"https:\\\/\\\/schema.org\",\"@graph\":[{\"@type\":\"WebPage\",\"@id\":\"https:\\\/\\\/wein-werte.com\\\/de\\\/produkt\\\/vazart-coquart-plus-fils-extra-brut-2018res-blanc-de-blancs-chouilly-grand-cru-750ml\\\/\",\"url\":\"https:\\\/\\\/wein-werte.com\\\/de\\\/produkt\\\/vazart-coquart-plus-fils-extra-brut-2018res-blanc-de-blancs-chouilly-grand-cru-750ml\\\/\",\"name\":\"Vazart-Coquart & Fils Extra Brut 2018+Res. blanc de blancs Chouilly Grand Cru\",\"isPartOf\":{\"@id\":\"https:\\\/\\\/wein-werte.com\\\/de\\\/#website\"},\"primaryImageOfPage\":{\"@id\":\"https:\\\/\\\/wein-werte.com\\\/de\\\/produkt\\\/vazart-coquart-plus-fils-extra-brut-2018res-blanc-de-blancs-chouilly-grand-cru-750ml\\\/#primaryimage\"},\"image\":{\"@id\":\"https:\\\/\\\/wein-werte.com\\\/de\\\/produkt\\\/vazart-coquart-plus-fils-extra-brut-2018res-blanc-de-blancs-chouilly-grand-cru-750ml\\\/#primaryimage\"},\"thumbnailUrl\":\"https:\\\/\\\/wein-werte.com\\\/wp-content\\\/uploads\\\/2026\\\/04\\\/Vazart-Coquart-et-Fils-Extra-Brut-2018Res.-blanc-de-blancs-Chouilly-Grand-Cru-750ml.png\",\"datePublished\":\"2026-05-12T13:50:54+00:00\",\"dateModified\":\"2026-05-12T17:57:43+00:00\",\"description\":\"Kaufe Vazart-Coquart & Fils Extra Brut 2018+Res. blanc de blancs Chouilly Grand Cru (Chardonnay, trocken Schaumwein aus Champagne, Frankreich) bei Wein Werte, Ihrem nachhaltigen Onlineshop.\",\"breadcrumb\":{\"@id\":\"https:\\\/\\\/wein-werte.com\\\/de\\\/produkt\\\/vazart-coquart-plus-fils-extra-brut-2018res-blanc-de-blancs-chouilly-grand-cru-750ml\\\/#breadcrumb\"},\"inLanguage\":\"de\",\"potentialAction\":[{\"@type\":\"ReadAction\",\"target\":[\"https:\\\/\\\/wein-werte.com\\\/de\\\/produkt\\\/vazart-coquart-plus-fils-extra-brut-2018res-blanc-de-blancs-chouilly-grand-cru-750ml\\\/\"]}]},{\"@type\":\"ImageObject\",\"inLanguage\":\"de\",\"@id\":\"https:\\\/\\\/wein-werte.com\\\/de\\\/produkt\\\/vazart-coquart-plus-fils-extra-brut-2018res-blanc-de-blancs-chouilly-grand-cru-750ml\\\/#primaryimage\",\"url\":\"https:\\\/\\\/wein-werte.com\\\/wp-content\\\/uploads\\\/2026\\\/04\\\/Vazart-Coquart-et-Fils-Extra-Brut-2018Res.-blanc-de-blancs-Chouilly-Grand-Cru-750ml.png\",\"contentUrl\":\"https:\\\/\\\/wein-werte.com\\\/wp-content\\\/uploads\\\/2026\\\/04\\\/Vazart-Coquart-et-Fils-Extra-Brut-2018Res.-blanc-de-blancs-Chouilly-Grand-Cru-750ml.png\",\"width\":324,\"height\":1200,\"caption\":\"Vazart-Coquart & Fils Extra Brut, 2018+Res., Blanc de Blancs Chouilly Grand Cru NV 750ml\"},{\"@type\":\"BreadcrumbList\",\"@id\":\"https:\\\/\\\/wein-werte.com\\\/de\\\/produkt\\\/vazart-coquart-plus-fils-extra-brut-2018res-blanc-de-blancs-chouilly-grand-cru-750ml\\\/#breadcrumb\",\"itemListElement\":[{\"@type\":\"ListItem\",\"position\":1,\"name\":\"Home\",\"item\":\"https:\\\/\\\/wein-werte.com\\\/de\\\/\"},{\"@type\":\"ListItem\",\"position\":2,\"name\":\"Shop\",\"item\":\"https:\\\/\\\/wein-werte.com\\\/de\\\/shop\\\/\"},{\"@type\":\"ListItem\",\"position\":3,\"name\":\"Vazart-Coquart &#038; Fils | Champagne | Extra Brut, 2018+Res., Blanc de Blancs Chouilly Grand Cru | NV | 750ml\"}]},{\"@type\":\"WebSite\",\"@id\":\"https:\\\/\\\/wein-werte.com\\\/de\\\/#website\",\"url\":\"https:\\\/\\\/wein-werte.com\\\/de\\\/\",\"name\":\"Wein Werte\",\"description\":\"\",\"publisher\":{\"@id\":\"https:\\\/\\\/wein-werte.com\\\/de\\\/#organization\"},\"potentialAction\":[{\"@type\":\"SearchAction\",\"target\":{\"@type\":\"EntryPoint\",\"urlTemplate\":\"https:\\\/\\\/wein-werte.com\\\/de\\\/?s={search_term_string}\"},\"query-input\":{\"@type\":\"PropertyValueSpecification\",\"valueRequired\":true,\"valueName\":\"search_term_string\"}}],\"inLanguage\":\"de\"},{\"@type\":\"Organization\",\"@id\":\"https:\\\/\\\/wein-werte.com\\\/de\\\/#organization\",\"name\":\"Vins Fins Thorrold\",\"url\":\"https:\\\/\\\/wein-werte.com\\\/de\\\/\",\"logo\":{\"@type\":\"ImageObject\",\"inLanguage\":\"de\",\"@id\":\"https:\\\/\\\/wein-werte.com\\\/de\\\/#\\\/schema\\\/logo\\\/image\\\/\",\"url\":\"https:\\\/\\\/wein-werte.com\\\/wp-content\\\/uploads\\\/2023\\\/07\\\/Wein_werte_Logo700-1.png\",\"contentUrl\":\"https:\\\/\\\/wein-werte.com\\\/wp-content\\\/uploads\\\/2023\\\/07\\\/Wein_werte_Logo700-1.png\",\"width\":700,\"height\":272,\"caption\":\"Vins Fins Thorrold\"},\"image\":{\"@id\":\"https:\\\/\\\/wein-werte.com\\\/de\\\/#\\\/schema\\\/logo\\\/image\\\/\"}}]}<\/script>\n<!-- \/ Yoast SEO plugin. -->","yoast_head_json":{"title":"Vazart-Coquart & Fils Extra Brut 2018+Res. blanc de blancs Chouilly Grand Cru","description":"Kaufe Vazart-Coquart & Fils Extra Brut 2018+Res. blanc de blancs Chouilly Grand Cru (Chardonnay, trocken Schaumwein aus Champagne, Frankreich) bei Wein Werte, Ihrem nachhaltigen Onlineshop.","robots":{"index":"index","follow":"follow","max-snippet":"max-snippet:-1","max-image-preview":"max-image-preview:large","max-video-preview":"max-video-preview:-1"},"canonical":"https:\/\/wein-werte.com\/de\/produkt\/vazart-coquart-plus-fils-extra-brut-2018res-blanc-de-blancs-chouilly-grand-cru-750ml\/","og_locale":"de_DE","og_type":"article","og_title":"Vazart-Coquart & Fils Extra Brut 2018+Res. blanc de blancs Chouilly Grand Cru","og_description":"Kaufe Vazart-Coquart & Fils Extra Brut 2018+Res. blanc de blancs Chouilly Grand Cru (Chardonnay, trocken Schaumwein aus Champagne, Frankreich) bei Wein Werte, Ihrem nachhaltigen Onlineshop.","og_url":"https:\/\/wein-werte.com\/de\/produkt\/vazart-coquart-plus-fils-extra-brut-2018res-blanc-de-blancs-chouilly-grand-cru-750ml\/","og_site_name":"Wein Werte","article_modified_time":"2026-05-12T17:57:43+00:00","og_image":[{"width":324,"height":1200,"url":"https:\/\/wein-werte.com\/wp-content\/uploads\/2026\/04\/Vazart-Coquart-et-Fils-Extra-Brut-2018Res.-blanc-de-blancs-Chouilly-Grand-Cru-750ml.png","type":"image\/png"}],"twitter_card":"summary_large_image","twitter_misc":{"Gesch\u00e4tzte Lesezeit":"2\u00a0Minuten"},"schema":{"@context":"https:\/\/schema.org","@graph":[{"@type":"WebPage","@id":"https:\/\/wein-werte.com\/de\/produkt\/vazart-coquart-plus-fils-extra-brut-2018res-blanc-de-blancs-chouilly-grand-cru-750ml\/","url":"https:\/\/wein-werte.com\/de\/produkt\/vazart-coquart-plus-fils-extra-brut-2018res-blanc-de-blancs-chouilly-grand-cru-750ml\/","name":"Vazart-Coquart & Fils Extra Brut 2018+Res. blanc de blancs Chouilly Grand Cru","isPartOf":{"@id":"https:\/\/wein-werte.com\/de\/#website"},"primaryImageOfPage":{"@id":"https:\/\/wein-werte.com\/de\/produkt\/vazart-coquart-plus-fils-extra-brut-2018res-blanc-de-blancs-chouilly-grand-cru-750ml\/#primaryimage"},"image":{"@id":"https:\/\/wein-werte.com\/de\/produkt\/vazart-coquart-plus-fils-extra-brut-2018res-blanc-de-blancs-chouilly-grand-cru-750ml\/#primaryimage"},"thumbnailUrl":"https:\/\/wein-werte.com\/wp-content\/uploads\/2026\/04\/Vazart-Coquart-et-Fils-Extra-Brut-2018Res.-blanc-de-blancs-Chouilly-Grand-Cru-750ml.png","datePublished":"2026-05-12T13:50:54+00:00","dateModified":"2026-05-12T17:57:43+00:00","description":"Kaufe Vazart-Coquart & Fils Extra Brut 2018+Res. blanc de blancs Chouilly Grand Cru (Chardonnay, trocken Schaumwein aus Champagne, Frankreich) bei Wein Werte, Ihrem nachhaltigen Onlineshop.","breadcrumb":{"@id":"https:\/\/wein-werte.com\/de\/produkt\/vazart-coquart-plus-fils-extra-brut-2018res-blanc-de-blancs-chouilly-grand-cru-750ml\/#breadcrumb"},"inLanguage":"de","potentialAction":[{"@type":"ReadAction","target":["https:\/\/wein-werte.com\/de\/produkt\/vazart-coquart-plus-fils-extra-brut-2018res-blanc-de-blancs-chouilly-grand-cru-750ml\/"]}]},{"@type":"ImageObject","inLanguage":"de","@id":"https:\/\/wein-werte.com\/de\/produkt\/vazart-coquart-plus-fils-extra-brut-2018res-blanc-de-blancs-chouilly-grand-cru-750ml\/#primaryimage","url":"https:\/\/wein-werte.com\/wp-content\/uploads\/2026\/04\/Vazart-Coquart-et-Fils-Extra-Brut-2018Res.-blanc-de-blancs-Chouilly-Grand-Cru-750ml.png","contentUrl":"https:\/\/wein-werte.com\/wp-content\/uploads\/2026\/04\/Vazart-Coquart-et-Fils-Extra-Brut-2018Res.-blanc-de-blancs-Chouilly-Grand-Cru-750ml.png","width":324,"height":1200,"caption":"Vazart-Coquart & Fils Extra Brut, 2018+Res., Blanc de Blancs Chouilly Grand Cru NV 750ml"},{"@type":"BreadcrumbList","@id":"https:\/\/wein-werte.com\/de\/produkt\/vazart-coquart-plus-fils-extra-brut-2018res-blanc-de-blancs-chouilly-grand-cru-750ml\/#breadcrumb","itemListElement":[{"@type":"ListItem","position":1,"name":"Home","item":"https:\/\/wein-werte.com\/de\/"},{"@type":"ListItem","position":2,"name":"Shop","item":"https:\/\/wein-werte.com\/de\/shop\/"},{"@type":"ListItem","position":3,"name":"Vazart-Coquart &#038; Fils | Champagne | Extra Brut, 2018+Res., Blanc de Blancs Chouilly Grand Cru | NV | 750ml"}]},{"@type":"WebSite","@id":"https:\/\/wein-werte.com\/de\/#website","url":"https:\/\/wein-werte.com\/de\/","name":"Wein Werte","description":"","publisher":{"@id":"https:\/\/wein-werte.com\/de\/#organization"},"potentialAction":[{"@type":"SearchAction","target":{"@type":"EntryPoint","urlTemplate":"https:\/\/wein-werte.com\/de\/?s={search_term_string}"},"query-input":{"@type":"PropertyValueSpecification","valueRequired":true,"valueName":"search_term_string"}}],"inLanguage":"de"},{"@type":"Organization","@id":"https:\/\/wein-werte.com\/de\/#organization","name":"Vins Fins Thorrold","url":"https:\/\/wein-werte.com\/de\/","logo":{"@type":"ImageObject","inLanguage":"de","@id":"https:\/\/wein-werte.com\/de\/#\/schema\/logo\/image\/","url":"https:\/\/wein-werte.com\/wp-content\/uploads\/2023\/07\/Wein_werte_Logo700-1.png","contentUrl":"https:\/\/wein-werte.com\/wp-content\/uploads\/2023\/07\/Wein_werte_Logo700-1.png","width":700,"height":272,"caption":"Vins Fins Thorrold"},"image":{"@id":"https:\/\/wein-werte.com\/de\/#\/schema\/logo\/image\/"}}]}},"_links":{"self":[{"href":"https:\/\/wein-werte.com\/de\/wp-json\/wp\/v2\/product\/1132812","targetHints":{"allow":["GET"]}}],"collection":[{"href":"https:\/\/wein-werte.com\/de\/wp-json\/wp\/v2\/product"}],"about":[{"href":"https:\/\/wein-werte.com\/de\/wp-json\/wp\/v2\/types\/product"}],"wp:featuredmedia":[{"embeddable":true,"href":"https:\/\/wein-werte.com\/de\/wp-json\/wp\/v2\/media\/1143386"}],"wp:attachment":[{"href":"https:\/\/wein-werte.com\/de\/wp-json\/wp\/v2\/media?parent=1132812"}],"wp:term":[{"taxonomy":"product_brand","embeddable":true,"href":"https:\/\/wein-werte.com\/de\/wp-json\/wp\/v2\/product_brand?post=1132812"},{"taxonomy":"product_cat","embeddable":true,"href":"https:\/\/wein-werte.com\/de\/wp-json\/wp\/v2\/product_cat?post=1132812"},{"taxonomy":"product_tag","embeddable":true,"href":"https:\/\/wein-werte.com\/de\/wp-json\/wp\/v2\/product_tag?post=1132812"}],"curies":[{"name":"wp","href":"https:\/\/api.w.org\/{rel}","templated":true}]}}