{"id":1132801,"date":"2026-05-08T20:04:19","date_gmt":"2026-05-08T18:04:19","guid":{"rendered":"https:\/\/wein-werte.com\/product\/solemme-ambre-de-solemme-blanc-de-noirs-brut-nature-millesime-2016-750ml\/"},"modified":"2026-04-27T11:49:34","modified_gmt":"2026-04-27T09:49:34","slug":"solemme-ambre-de-solemme-blanc-de-noirs-brut-nature-millesime-2016-750ml","status":"publish","type":"product","link":"https:\/\/wein-werte.com\/de\/produkt\/solemme-ambre-de-solemme-blanc-de-noirs-brut-nature-millesime-2016-750ml\/","title":{"rendered":"Solemme | Champagne | Ambre de Solemme, Blanc de Noirs, Brut Nature, Mill\u00e9sim\u00e9 | 2016 | 750ml | bio"},"content":{"rendered":"<p>Produktbeschreibung f\u00fcr Solemme Ambre de Solemme, Blanc de Noirs, Brut Nature, Mill\u00e9sim\u00e9 2016 (bio) <\/p>\n<h5>Information<\/h5>\n<p> Die Trauben stammen aus einem kreide- und kalkhaltigen einzigartigen Weinberg in Villiers-aux-N\u0153uds mit zu 70 % \u00fcber 50 Jahre alten und zu 30 % \u00fcber 30 Jahre alten Meunier-Reben. Entsprechend ist dies ein reinsortiger Pinot Meunier. Es gab keine Chaptalisierung und keine Filtration oder Weinsteinstabilisierung. Es wurde auch kein Schwefel hinzugef\u00fcgt, als der Wein degorgiert wurde. Ambre de Solemme enth\u00e4lt keine Dosage. <\/p>\n<h5>Farbe<\/h5>\n<p> ros\u00e9- bis kupferfarben mit lebendiger Perlage <\/p>\n<h5>Nase<\/h5>\n<p> Der Meunier-Champagner mit der ungew\u00f6hnlichen Farbe wirkt dezent in der Nase mit Noten von Berberitzen und Roten Johannisbeeren, Pomelos und Kr\u00e4utern. Im Hintergrund findet sich ein ganz feiner Duft von Mandelgeb\u00e4ck und Nougat. <\/p>\n<h5>Gaumen<\/h5>\n<p> Auch am Gaumen bestimmen eher s\u00e4urebetonte Beerennoten von Berberitze, Roter Johannisbeere und Granatapfelkernen die Aromatik. Grapefruit und Pomelos bringen pikant herbe Noten in den Ambre de Solemme, der sich kreidig und salzig zeigt mit einem feinen Mousseux und angenehmem Druck.<\/p>\n<p>Copyright Vinaturel 2025<\/p>\n<p>Keywords: <a href=\"https:\/\/wein-werte.com\/de\/shop\/?swoof=1&#038;pa_producer=Solemme\">Solemme<\/a> <a href=\"https:\/\/wein-werte.com\/de\/shop\/?swoof=1&#038;woof_text=Ambre de Solemme, Blanc de Noirs, Brut Nature, Mill\u00e9sim\u00e9\">Ambre de Solemme, Blanc de Noirs, Brut Nature, Mill\u00e9sim\u00e9<\/a> 2016 bio <a href=\"https:\/\/wein-werte.com\/de\/shop\/?swoof=1&#038;pa_region=Champagne\">Champagne<\/a> <a href=\"https:\/\/wein-werte.com\/de\/shop\/?swoof=1&#038;pa_country=Frankreich\">Frankreich<\/a><\/p>\n<p>Internetseite des Weinguts: <a href=\"https:\/\/www.champagnesolemme.fr\/\" target=\"_blank\">https:\/\/www.champagnesolemme.fr\/<\/a><\/p>\n","protected":false},"excerpt":{"rendered":"<p>Lieferzeit: 1 bis 2 Arbeitstage (DE), 2 bis 5 Arbeitstage (EU and CH)<\/p>\n","protected":false},"featured_media":1143378,"template":"","meta":[],"product_brand":[],"product_cat":[19],"product_tag":[],"class_list":{"0":"post-1132801","1":"product","2":"type-product","3":"status-publish","4":"has-post-thumbnail","6":"product_cat-unkategorisiert","7":"pa_alcohol-for-filter-12893","8":"pa_certified-biodynamic-nein-de","9":"pa_certified-organic-ja-de","10":"pa_colour-weiss","11":"pa_country-frankreich","12":"pa_grape-pinot-meunier-mullerrebe","13":"pa_price-for-filter-10571","14":"pa_producer-solemme","15":"pa_region-champagne","16":"pa_size-ml-6584","17":"pa_sweetness-trocken-de","18":"pa_type-2-champagner","19":"pa_vintage-2016-de","20":"entry","21":"has-media","23":"first","24":"instock","25":"taxable","26":"shipping-taxable","27":"purchasable","28":"product-type-simple"},"yoast_head":"<!-- This site is optimized with the Yoast SEO plugin v27.5 - https:\/\/yoast.com\/product\/yoast-seo-wordpress\/ -->\n<title>Solemme Ambre de Solemme blanc de Noirs Brut Nature Mill\u00e9sim\u00e9 2016<\/title>\n<meta name=\"description\" content=\"Kaufe Solemme Ambre de Solemme blanc de Noirs Brut Nature Mill\u00e9sim\u00e9 2016 (Pinot Meunier, trocken Schaumwein aus Champagne, Frankreich) bei Wein Werte, Ihrem nachhaltigen Onlineshop.\" \/>\n<meta name=\"robots\" content=\"index, follow, max-snippet:-1, max-image-preview:large, max-video-preview:-1\" \/>\n<link rel=\"canonical\" href=\"https:\/\/wein-werte.com\/de\/produkt\/solemme-ambre-de-solemme-blanc-de-noirs-brut-nature-millesime-2016-750ml\/\" \/>\n<meta property=\"og:locale\" content=\"de_DE\" \/>\n<meta property=\"og:type\" content=\"article\" \/>\n<meta property=\"og:title\" content=\"Solemme Ambre de Solemme blanc de Noirs Brut Nature Mill\u00e9sim\u00e9 2016\" \/>\n<meta property=\"og:description\" content=\"Kaufe Solemme Ambre de Solemme blanc de Noirs Brut Nature Mill\u00e9sim\u00e9 2016 (Pinot Meunier, trocken Schaumwein aus Champagne, Frankreich) bei Wein Werte, Ihrem nachhaltigen Onlineshop.\" \/>\n<meta property=\"og:url\" content=\"https:\/\/wein-werte.com\/de\/produkt\/solemme-ambre-de-solemme-blanc-de-noirs-brut-nature-millesime-2016-750ml\/\" \/>\n<meta property=\"og:site_name\" content=\"Wein Werte\" \/>\n<meta property=\"og:image\" content=\"https:\/\/wein-werte.com\/wp-content\/uploads\/2026\/04\/Solemme-Ambre-de-Solemme-blanc-de-Noirs-Brut-Nature-Millesime-2016-750ml.png\" \/>\n\t<meta property=\"og:image:width\" content=\"328\" \/>\n\t<meta property=\"og:image:height\" content=\"1200\" \/>\n\t<meta property=\"og:image:type\" content=\"image\/png\" \/>\n<meta name=\"twitter:card\" content=\"summary_large_image\" \/>\n<meta name=\"twitter:label1\" content=\"Gesch\u00e4tzte Lesezeit\" \/>\n\t<meta name=\"twitter:data1\" content=\"1\u00a0Minute\" \/>\n<script type=\"application\/ld+json\" class=\"yoast-schema-graph\">{\"@context\":\"https:\\\/\\\/schema.org\",\"@graph\":[{\"@type\":\"WebPage\",\"@id\":\"https:\\\/\\\/wein-werte.com\\\/de\\\/produkt\\\/solemme-ambre-de-solemme-blanc-de-noirs-brut-nature-millesime-2016-750ml\\\/\",\"url\":\"https:\\\/\\\/wein-werte.com\\\/de\\\/produkt\\\/solemme-ambre-de-solemme-blanc-de-noirs-brut-nature-millesime-2016-750ml\\\/\",\"name\":\"Solemme Ambre de Solemme blanc de Noirs Brut Nature Mill\u00e9sim\u00e9 2016\",\"isPartOf\":{\"@id\":\"https:\\\/\\\/wein-werte.com\\\/de\\\/#website\"},\"primaryImageOfPage\":{\"@id\":\"https:\\\/\\\/wein-werte.com\\\/de\\\/produkt\\\/solemme-ambre-de-solemme-blanc-de-noirs-brut-nature-millesime-2016-750ml\\\/#primaryimage\"},\"image\":{\"@id\":\"https:\\\/\\\/wein-werte.com\\\/de\\\/produkt\\\/solemme-ambre-de-solemme-blanc-de-noirs-brut-nature-millesime-2016-750ml\\\/#primaryimage\"},\"thumbnailUrl\":\"https:\\\/\\\/wein-werte.com\\\/wp-content\\\/uploads\\\/2026\\\/04\\\/Solemme-Ambre-de-Solemme-blanc-de-Noirs-Brut-Nature-Millesime-2016-750ml.png\",\"datePublished\":\"2026-05-08T18:04:19+00:00\",\"description\":\"Kaufe Solemme Ambre de Solemme blanc de Noirs Brut Nature Mill\u00e9sim\u00e9 2016 (Pinot Meunier, trocken Schaumwein aus Champagne, Frankreich) bei Wein Werte, Ihrem nachhaltigen Onlineshop.\",\"breadcrumb\":{\"@id\":\"https:\\\/\\\/wein-werte.com\\\/de\\\/produkt\\\/solemme-ambre-de-solemme-blanc-de-noirs-brut-nature-millesime-2016-750ml\\\/#breadcrumb\"},\"inLanguage\":\"de\",\"potentialAction\":[{\"@type\":\"ReadAction\",\"target\":[\"https:\\\/\\\/wein-werte.com\\\/de\\\/produkt\\\/solemme-ambre-de-solemme-blanc-de-noirs-brut-nature-millesime-2016-750ml\\\/\"]}]},{\"@type\":\"ImageObject\",\"inLanguage\":\"de\",\"@id\":\"https:\\\/\\\/wein-werte.com\\\/de\\\/produkt\\\/solemme-ambre-de-solemme-blanc-de-noirs-brut-nature-millesime-2016-750ml\\\/#primaryimage\",\"url\":\"https:\\\/\\\/wein-werte.com\\\/wp-content\\\/uploads\\\/2026\\\/04\\\/Solemme-Ambre-de-Solemme-blanc-de-Noirs-Brut-Nature-Millesime-2016-750ml.png\",\"contentUrl\":\"https:\\\/\\\/wein-werte.com\\\/wp-content\\\/uploads\\\/2026\\\/04\\\/Solemme-Ambre-de-Solemme-blanc-de-Noirs-Brut-Nature-Millesime-2016-750ml.png\",\"width\":328,\"height\":1200,\"caption\":\"Solemme Ambre de Solemme, Blanc de Noirs, Brut Nature, Mill\u00e9sim\u00e9 2016 750ml\"},{\"@type\":\"BreadcrumbList\",\"@id\":\"https:\\\/\\\/wein-werte.com\\\/de\\\/produkt\\\/solemme-ambre-de-solemme-blanc-de-noirs-brut-nature-millesime-2016-750ml\\\/#breadcrumb\",\"itemListElement\":[{\"@type\":\"ListItem\",\"position\":1,\"name\":\"Home\",\"item\":\"https:\\\/\\\/wein-werte.com\\\/de\\\/\"},{\"@type\":\"ListItem\",\"position\":2,\"name\":\"Shop\",\"item\":\"https:\\\/\\\/wein-werte.com\\\/de\\\/shop\\\/\"},{\"@type\":\"ListItem\",\"position\":3,\"name\":\"Solemme | Champagne | Ambre de Solemme, Blanc de Noirs, Brut Nature, Mill\u00e9sim\u00e9 | 2016 | 750ml | bio\"}]},{\"@type\":\"WebSite\",\"@id\":\"https:\\\/\\\/wein-werte.com\\\/de\\\/#website\",\"url\":\"https:\\\/\\\/wein-werte.com\\\/de\\\/\",\"name\":\"Wein Werte\",\"description\":\"\",\"publisher\":{\"@id\":\"https:\\\/\\\/wein-werte.com\\\/de\\\/#organization\"},\"potentialAction\":[{\"@type\":\"SearchAction\",\"target\":{\"@type\":\"EntryPoint\",\"urlTemplate\":\"https:\\\/\\\/wein-werte.com\\\/de\\\/?s={search_term_string}\"},\"query-input\":{\"@type\":\"PropertyValueSpecification\",\"valueRequired\":true,\"valueName\":\"search_term_string\"}}],\"inLanguage\":\"de\"},{\"@type\":\"Organization\",\"@id\":\"https:\\\/\\\/wein-werte.com\\\/de\\\/#organization\",\"name\":\"Vins Fins Thorrold\",\"url\":\"https:\\\/\\\/wein-werte.com\\\/de\\\/\",\"logo\":{\"@type\":\"ImageObject\",\"inLanguage\":\"de\",\"@id\":\"https:\\\/\\\/wein-werte.com\\\/de\\\/#\\\/schema\\\/logo\\\/image\\\/\",\"url\":\"https:\\\/\\\/wein-werte.com\\\/wp-content\\\/uploads\\\/2023\\\/07\\\/Wein_werte_Logo700-1.png\",\"contentUrl\":\"https:\\\/\\\/wein-werte.com\\\/wp-content\\\/uploads\\\/2023\\\/07\\\/Wein_werte_Logo700-1.png\",\"width\":700,\"height\":272,\"caption\":\"Vins Fins Thorrold\"},\"image\":{\"@id\":\"https:\\\/\\\/wein-werte.com\\\/de\\\/#\\\/schema\\\/logo\\\/image\\\/\"}}]}<\/script>\n<!-- \/ Yoast SEO plugin. -->","yoast_head_json":{"title":"Solemme Ambre de Solemme blanc de Noirs Brut Nature Mill\u00e9sim\u00e9 2016","description":"Kaufe Solemme Ambre de Solemme blanc de Noirs Brut Nature Mill\u00e9sim\u00e9 2016 (Pinot Meunier, trocken Schaumwein aus Champagne, Frankreich) bei Wein Werte, Ihrem nachhaltigen Onlineshop.","robots":{"index":"index","follow":"follow","max-snippet":"max-snippet:-1","max-image-preview":"max-image-preview:large","max-video-preview":"max-video-preview:-1"},"canonical":"https:\/\/wein-werte.com\/de\/produkt\/solemme-ambre-de-solemme-blanc-de-noirs-brut-nature-millesime-2016-750ml\/","og_locale":"de_DE","og_type":"article","og_title":"Solemme Ambre de Solemme blanc de Noirs Brut Nature Mill\u00e9sim\u00e9 2016","og_description":"Kaufe Solemme Ambre de Solemme blanc de Noirs Brut Nature Mill\u00e9sim\u00e9 2016 (Pinot Meunier, trocken Schaumwein aus Champagne, Frankreich) bei Wein Werte, Ihrem nachhaltigen Onlineshop.","og_url":"https:\/\/wein-werte.com\/de\/produkt\/solemme-ambre-de-solemme-blanc-de-noirs-brut-nature-millesime-2016-750ml\/","og_site_name":"Wein Werte","og_image":[{"width":328,"height":1200,"url":"https:\/\/wein-werte.com\/wp-content\/uploads\/2026\/04\/Solemme-Ambre-de-Solemme-blanc-de-Noirs-Brut-Nature-Millesime-2016-750ml.png","type":"image\/png"}],"twitter_card":"summary_large_image","twitter_misc":{"Gesch\u00e4tzte Lesezeit":"1\u00a0Minute"},"schema":{"@context":"https:\/\/schema.org","@graph":[{"@type":"WebPage","@id":"https:\/\/wein-werte.com\/de\/produkt\/solemme-ambre-de-solemme-blanc-de-noirs-brut-nature-millesime-2016-750ml\/","url":"https:\/\/wein-werte.com\/de\/produkt\/solemme-ambre-de-solemme-blanc-de-noirs-brut-nature-millesime-2016-750ml\/","name":"Solemme Ambre de Solemme blanc de Noirs Brut Nature Mill\u00e9sim\u00e9 2016","isPartOf":{"@id":"https:\/\/wein-werte.com\/de\/#website"},"primaryImageOfPage":{"@id":"https:\/\/wein-werte.com\/de\/produkt\/solemme-ambre-de-solemme-blanc-de-noirs-brut-nature-millesime-2016-750ml\/#primaryimage"},"image":{"@id":"https:\/\/wein-werte.com\/de\/produkt\/solemme-ambre-de-solemme-blanc-de-noirs-brut-nature-millesime-2016-750ml\/#primaryimage"},"thumbnailUrl":"https:\/\/wein-werte.com\/wp-content\/uploads\/2026\/04\/Solemme-Ambre-de-Solemme-blanc-de-Noirs-Brut-Nature-Millesime-2016-750ml.png","datePublished":"2026-05-08T18:04:19+00:00","description":"Kaufe Solemme Ambre de Solemme blanc de Noirs Brut Nature Mill\u00e9sim\u00e9 2016 (Pinot Meunier, trocken Schaumwein aus Champagne, Frankreich) bei Wein Werte, Ihrem nachhaltigen Onlineshop.","breadcrumb":{"@id":"https:\/\/wein-werte.com\/de\/produkt\/solemme-ambre-de-solemme-blanc-de-noirs-brut-nature-millesime-2016-750ml\/#breadcrumb"},"inLanguage":"de","potentialAction":[{"@type":"ReadAction","target":["https:\/\/wein-werte.com\/de\/produkt\/solemme-ambre-de-solemme-blanc-de-noirs-brut-nature-millesime-2016-750ml\/"]}]},{"@type":"ImageObject","inLanguage":"de","@id":"https:\/\/wein-werte.com\/de\/produkt\/solemme-ambre-de-solemme-blanc-de-noirs-brut-nature-millesime-2016-750ml\/#primaryimage","url":"https:\/\/wein-werte.com\/wp-content\/uploads\/2026\/04\/Solemme-Ambre-de-Solemme-blanc-de-Noirs-Brut-Nature-Millesime-2016-750ml.png","contentUrl":"https:\/\/wein-werte.com\/wp-content\/uploads\/2026\/04\/Solemme-Ambre-de-Solemme-blanc-de-Noirs-Brut-Nature-Millesime-2016-750ml.png","width":328,"height":1200,"caption":"Solemme Ambre de Solemme, Blanc de Noirs, Brut Nature, Mill\u00e9sim\u00e9 2016 750ml"},{"@type":"BreadcrumbList","@id":"https:\/\/wein-werte.com\/de\/produkt\/solemme-ambre-de-solemme-blanc-de-noirs-brut-nature-millesime-2016-750ml\/#breadcrumb","itemListElement":[{"@type":"ListItem","position":1,"name":"Home","item":"https:\/\/wein-werte.com\/de\/"},{"@type":"ListItem","position":2,"name":"Shop","item":"https:\/\/wein-werte.com\/de\/shop\/"},{"@type":"ListItem","position":3,"name":"Solemme | Champagne | Ambre de Solemme, Blanc de Noirs, Brut Nature, Mill\u00e9sim\u00e9 | 2016 | 750ml | bio"}]},{"@type":"WebSite","@id":"https:\/\/wein-werte.com\/de\/#website","url":"https:\/\/wein-werte.com\/de\/","name":"Wein Werte","description":"","publisher":{"@id":"https:\/\/wein-werte.com\/de\/#organization"},"potentialAction":[{"@type":"SearchAction","target":{"@type":"EntryPoint","urlTemplate":"https:\/\/wein-werte.com\/de\/?s={search_term_string}"},"query-input":{"@type":"PropertyValueSpecification","valueRequired":true,"valueName":"search_term_string"}}],"inLanguage":"de"},{"@type":"Organization","@id":"https:\/\/wein-werte.com\/de\/#organization","name":"Vins Fins Thorrold","url":"https:\/\/wein-werte.com\/de\/","logo":{"@type":"ImageObject","inLanguage":"de","@id":"https:\/\/wein-werte.com\/de\/#\/schema\/logo\/image\/","url":"https:\/\/wein-werte.com\/wp-content\/uploads\/2023\/07\/Wein_werte_Logo700-1.png","contentUrl":"https:\/\/wein-werte.com\/wp-content\/uploads\/2023\/07\/Wein_werte_Logo700-1.png","width":700,"height":272,"caption":"Vins Fins Thorrold"},"image":{"@id":"https:\/\/wein-werte.com\/de\/#\/schema\/logo\/image\/"}}]}},"_links":{"self":[{"href":"https:\/\/wein-werte.com\/de\/wp-json\/wp\/v2\/product\/1132801","targetHints":{"allow":["GET"]}}],"collection":[{"href":"https:\/\/wein-werte.com\/de\/wp-json\/wp\/v2\/product"}],"about":[{"href":"https:\/\/wein-werte.com\/de\/wp-json\/wp\/v2\/types\/product"}],"wp:featuredmedia":[{"embeddable":true,"href":"https:\/\/wein-werte.com\/de\/wp-json\/wp\/v2\/media\/1143378"}],"wp:attachment":[{"href":"https:\/\/wein-werte.com\/de\/wp-json\/wp\/v2\/media?parent=1132801"}],"wp:term":[{"taxonomy":"product_brand","embeddable":true,"href":"https:\/\/wein-werte.com\/de\/wp-json\/wp\/v2\/product_brand?post=1132801"},{"taxonomy":"product_cat","embeddable":true,"href":"https:\/\/wein-werte.com\/de\/wp-json\/wp\/v2\/product_cat?post=1132801"},{"taxonomy":"product_tag","embeddable":true,"href":"https:\/\/wein-werte.com\/de\/wp-json\/wp\/v2\/product_tag?post=1132801"}],"curies":[{"name":"wp","href":"https:\/\/api.w.org\/{rel}","templated":true}]}}