{"id":1132764,"date":"2026-05-08T20:04:16","date_gmt":"2026-05-08T18:04:16","guid":{"rendered":"https:\/\/wein-werte.com\/product\/drappier-quattuor-iv-extra-brut-750ml\/"},"modified":"2026-04-27T11:49:29","modified_gmt":"2026-04-27T09:49:29","slug":"drappier-quattuor-iv-extra-brut-750ml","status":"publish","type":"product","link":"https:\/\/wein-werte.com\/de\/produkt\/drappier-quattuor-iv-extra-brut-750ml\/","title":{"rendered":"Drappier | Champagne | Quattuor IV, Extra Brut | NV | 750ml | bio"},"content":{"rendered":"<p>Produktbeschreibung f\u00fcr Drappier Quattuor IV, Extra Brut NV (bio) <\/p>\n<h5>Informationen zum Wein<\/h5>\n<p> Der Quattuor ist ein Champagner, dessen Trauben vom Kimmeridge-Kalk von Urville stammen. Verwendet wurden je 25 % Arbanne, Petit Meslier, Blanc Vrai (Pinot Blanc) und Chardonnay, wobei nur die erste Pressung (Cuv\u00e9e) verwendet wurde. Die Pressung erfolgte mechanisch mit geringem Druck. Der Most floss durch Schwerkraft in die Tanks. Es erfolgte eine nat\u00fcrliche Kl\u00e4rung mit minimalem Schwefeleinsatz. Die G\u00e4rung in Edelstahlbeh\u00e4ltern erfolgte zwei Wochen lang bei niedriger Temperatur. Anschlie\u00dfend erfolgte die nat\u00fcrliche und vollst\u00e4ndige malolaktische G\u00e4rung. Eine Filtration oder Kaltstabilisierung erfolgte nicht. Nach der Assemblage erfolgte die zweite G\u00e4rung in der Flasche. Der Wein reift dort zwei bis drei Jahre, das Datum des D\u00e9gorgements ist auf dem Flaschenboden eingraviert. Der Quattor wurde mit 4,2 Gramm Zucker dosiert. <\/p>\n<h5>Farbe<\/h5>\n<p> helles Goldgelb mit gr\u00fcnen Reflexen, lebhaftes Mousseux <\/p>\n<h5>Nase<\/h5>\n<p> Der Champagner empf\u00e4ngt uns mit einem dichten Bouquet von wei\u00dfen Bl\u00fcten, Zitronencreme in warmem Geb\u00e4ck mit Mandelsplittern. Dazu Mirabellen, m\u00fcrbe \u00c4pfel, reife Ananas, Quitten und etwas Honig. <\/p>\n<h5>Gaumen<\/h5>\n<p> Am Gaumen ist der Quattuor komplex, w\u00fcrzig, herb und pikant mit einem dynamischen S\u00e4urebogen, der einen angenehmen Druck auf den Gaumen aus\u00fcbt. Es ist ein spannungsgeladener Wein mit subtilem Mousseux, leichten Noten von Autolyse, heller Frucht, m\u00fcrben und w\u00fcrzigen Noten und einem langen Abgang mit pr\u00e4ziser und klarer Struktur.<\/p>\n<p>Copyright Vinaturel 2025<\/p>\n<p>Keywords: <a href=\"https:\/\/wein-werte.com\/de\/shop\/?swoof=1&#038;pa_producer=Drappier\">Drappier<\/a> <a href=\"https:\/\/wein-werte.com\/de\/shop\/?swoof=1&#038;woof_text=Quattuor IV, Extra Brut\">Quattuor IV, Extra Brut<\/a> NV bio <a href=\"https:\/\/wein-werte.com\/de\/shop\/?swoof=1&#038;pa_region=Champagne\">Champagne<\/a> <a href=\"https:\/\/wein-werte.com\/de\/shop\/?swoof=1&#038;pa_country=Frankreich\">Frankreich<\/a><\/p>\n<p>Internetseite des Weinguts: <a href=\"https:\/\/www.champagne-drappier.com\/en\/\" target=\"_blank\">https:\/\/www.champagne-drappier.com\/en\/<\/a><\/p>\n","protected":false},"excerpt":{"rendered":"<p>Lieferzeit: 1 bis 2 Arbeitstage (DE), 2 bis 5 Arbeitstage (EU and CH)<\/p>\n","protected":false},"featured_media":1143350,"template":"","meta":[],"product_brand":[],"product_cat":[19],"product_tag":[],"class_list":{"0":"post-1132764","1":"product","2":"type-product","3":"status-publish","4":"has-post-thumbnail","6":"product_cat-unkategorisiert","7":"pa_alcohol-for-filter-12893","8":"pa_certified-biodynamic-nein-de","9":"pa_certified-organic-ja-de","10":"pa_colour-weiss","11":"pa_country-frankreich","12":"pa_grape-petit-meslier-cuvee","13":"pa_price-for-filter-10633","14":"pa_producer-drappier","15":"pa_region-champagne","16":"pa_size-ml-6584","17":"pa_sweetness-trocken-de","18":"pa_type-2-champagner","19":"pa_vintage-nv-de","20":"entry","21":"has-media","23":"first","24":"instock","25":"taxable","26":"shipping-taxable","27":"purchasable","28":"product-type-simple"},"yoast_head":"<!-- This site is optimized with the Yoast SEO plugin v27.5 - https:\/\/yoast.com\/product\/yoast-seo-wordpress\/ -->\n<title>Drappier Quattuor IV Extra Brut<\/title>\n<meta name=\"description\" content=\"Kaufe Drappier Quattuor IV Extra Brut (Petit Meslier Cuv\u00e9e, trocken Schaumwein aus Champagne, Frankreich) bei Wein Werte, Ihrem nachhaltigen Onlineshop.\" \/>\n<meta name=\"robots\" content=\"index, follow, max-snippet:-1, max-image-preview:large, max-video-preview:-1\" \/>\n<link rel=\"canonical\" href=\"https:\/\/wein-werte.com\/de\/produkt\/drappier-quattuor-iv-extra-brut-750ml\/\" \/>\n<meta property=\"og:locale\" content=\"de_DE\" \/>\n<meta property=\"og:type\" content=\"article\" \/>\n<meta property=\"og:title\" content=\"Drappier Quattuor IV Extra Brut\" \/>\n<meta property=\"og:description\" content=\"Kaufe Drappier Quattuor IV Extra Brut (Petit Meslier Cuv\u00e9e, trocken Schaumwein aus Champagne, Frankreich) bei Wein Werte, Ihrem nachhaltigen Onlineshop.\" \/>\n<meta property=\"og:url\" content=\"https:\/\/wein-werte.com\/de\/produkt\/drappier-quattuor-iv-extra-brut-750ml\/\" \/>\n<meta property=\"og:site_name\" content=\"Wein Werte\" \/>\n<meta property=\"og:image\" content=\"https:\/\/wein-werte.com\/wp-content\/uploads\/2026\/04\/Drappier-Quattuor-IV-Extra-Brut-750ml.png\" \/>\n\t<meta property=\"og:image:width\" content=\"324\" \/>\n\t<meta property=\"og:image:height\" content=\"1200\" \/>\n\t<meta property=\"og:image:type\" content=\"image\/png\" \/>\n<meta name=\"twitter:card\" content=\"summary_large_image\" \/>\n<meta name=\"twitter:label1\" content=\"Gesch\u00e4tzte Lesezeit\" \/>\n\t<meta name=\"twitter:data1\" content=\"1\u00a0Minute\" \/>\n<script type=\"application\/ld+json\" class=\"yoast-schema-graph\">{\"@context\":\"https:\\\/\\\/schema.org\",\"@graph\":[{\"@type\":\"WebPage\",\"@id\":\"https:\\\/\\\/wein-werte.com\\\/de\\\/produkt\\\/drappier-quattuor-iv-extra-brut-750ml\\\/\",\"url\":\"https:\\\/\\\/wein-werte.com\\\/de\\\/produkt\\\/drappier-quattuor-iv-extra-brut-750ml\\\/\",\"name\":\"Drappier Quattuor IV Extra Brut\",\"isPartOf\":{\"@id\":\"https:\\\/\\\/wein-werte.com\\\/de\\\/#website\"},\"primaryImageOfPage\":{\"@id\":\"https:\\\/\\\/wein-werte.com\\\/de\\\/produkt\\\/drappier-quattuor-iv-extra-brut-750ml\\\/#primaryimage\"},\"image\":{\"@id\":\"https:\\\/\\\/wein-werte.com\\\/de\\\/produkt\\\/drappier-quattuor-iv-extra-brut-750ml\\\/#primaryimage\"},\"thumbnailUrl\":\"https:\\\/\\\/wein-werte.com\\\/wp-content\\\/uploads\\\/2026\\\/04\\\/Drappier-Quattuor-IV-Extra-Brut-750ml.png\",\"datePublished\":\"2026-05-08T18:04:16+00:00\",\"description\":\"Kaufe Drappier Quattuor IV Extra Brut (Petit Meslier Cuv\u00e9e, trocken Schaumwein aus Champagne, Frankreich) bei Wein Werte, Ihrem nachhaltigen Onlineshop.\",\"breadcrumb\":{\"@id\":\"https:\\\/\\\/wein-werte.com\\\/de\\\/produkt\\\/drappier-quattuor-iv-extra-brut-750ml\\\/#breadcrumb\"},\"inLanguage\":\"de\",\"potentialAction\":[{\"@type\":\"ReadAction\",\"target\":[\"https:\\\/\\\/wein-werte.com\\\/de\\\/produkt\\\/drappier-quattuor-iv-extra-brut-750ml\\\/\"]}]},{\"@type\":\"ImageObject\",\"inLanguage\":\"de\",\"@id\":\"https:\\\/\\\/wein-werte.com\\\/de\\\/produkt\\\/drappier-quattuor-iv-extra-brut-750ml\\\/#primaryimage\",\"url\":\"https:\\\/\\\/wein-werte.com\\\/wp-content\\\/uploads\\\/2026\\\/04\\\/Drappier-Quattuor-IV-Extra-Brut-750ml.png\",\"contentUrl\":\"https:\\\/\\\/wein-werte.com\\\/wp-content\\\/uploads\\\/2026\\\/04\\\/Drappier-Quattuor-IV-Extra-Brut-750ml.png\",\"width\":324,\"height\":1200,\"caption\":\"Drappier Quattuor IV, Extra Brut NV 750ml\"},{\"@type\":\"BreadcrumbList\",\"@id\":\"https:\\\/\\\/wein-werte.com\\\/de\\\/produkt\\\/drappier-quattuor-iv-extra-brut-750ml\\\/#breadcrumb\",\"itemListElement\":[{\"@type\":\"ListItem\",\"position\":1,\"name\":\"Home\",\"item\":\"https:\\\/\\\/wein-werte.com\\\/de\\\/\"},{\"@type\":\"ListItem\",\"position\":2,\"name\":\"Shop\",\"item\":\"https:\\\/\\\/wein-werte.com\\\/de\\\/shop\\\/\"},{\"@type\":\"ListItem\",\"position\":3,\"name\":\"Drappier | Champagne | Quattuor IV, Extra Brut | NV | 750ml | bio\"}]},{\"@type\":\"WebSite\",\"@id\":\"https:\\\/\\\/wein-werte.com\\\/de\\\/#website\",\"url\":\"https:\\\/\\\/wein-werte.com\\\/de\\\/\",\"name\":\"Wein Werte\",\"description\":\"\",\"publisher\":{\"@id\":\"https:\\\/\\\/wein-werte.com\\\/de\\\/#organization\"},\"potentialAction\":[{\"@type\":\"SearchAction\",\"target\":{\"@type\":\"EntryPoint\",\"urlTemplate\":\"https:\\\/\\\/wein-werte.com\\\/de\\\/?s={search_term_string}\"},\"query-input\":{\"@type\":\"PropertyValueSpecification\",\"valueRequired\":true,\"valueName\":\"search_term_string\"}}],\"inLanguage\":\"de\"},{\"@type\":\"Organization\",\"@id\":\"https:\\\/\\\/wein-werte.com\\\/de\\\/#organization\",\"name\":\"Vins Fins Thorrold\",\"url\":\"https:\\\/\\\/wein-werte.com\\\/de\\\/\",\"logo\":{\"@type\":\"ImageObject\",\"inLanguage\":\"de\",\"@id\":\"https:\\\/\\\/wein-werte.com\\\/de\\\/#\\\/schema\\\/logo\\\/image\\\/\",\"url\":\"https:\\\/\\\/wein-werte.com\\\/wp-content\\\/uploads\\\/2023\\\/07\\\/Wein_werte_Logo700-1.png\",\"contentUrl\":\"https:\\\/\\\/wein-werte.com\\\/wp-content\\\/uploads\\\/2023\\\/07\\\/Wein_werte_Logo700-1.png\",\"width\":700,\"height\":272,\"caption\":\"Vins Fins Thorrold\"},\"image\":{\"@id\":\"https:\\\/\\\/wein-werte.com\\\/de\\\/#\\\/schema\\\/logo\\\/image\\\/\"}}]}<\/script>\n<!-- \/ Yoast SEO plugin. -->","yoast_head_json":{"title":"Drappier Quattuor IV Extra Brut","description":"Kaufe Drappier Quattuor IV Extra Brut (Petit Meslier Cuv\u00e9e, trocken Schaumwein aus Champagne, Frankreich) bei Wein Werte, Ihrem nachhaltigen Onlineshop.","robots":{"index":"index","follow":"follow","max-snippet":"max-snippet:-1","max-image-preview":"max-image-preview:large","max-video-preview":"max-video-preview:-1"},"canonical":"https:\/\/wein-werte.com\/de\/produkt\/drappier-quattuor-iv-extra-brut-750ml\/","og_locale":"de_DE","og_type":"article","og_title":"Drappier Quattuor IV Extra Brut","og_description":"Kaufe Drappier Quattuor IV Extra Brut (Petit Meslier Cuv\u00e9e, trocken Schaumwein aus Champagne, Frankreich) bei Wein Werte, Ihrem nachhaltigen Onlineshop.","og_url":"https:\/\/wein-werte.com\/de\/produkt\/drappier-quattuor-iv-extra-brut-750ml\/","og_site_name":"Wein Werte","og_image":[{"width":324,"height":1200,"url":"https:\/\/wein-werte.com\/wp-content\/uploads\/2026\/04\/Drappier-Quattuor-IV-Extra-Brut-750ml.png","type":"image\/png"}],"twitter_card":"summary_large_image","twitter_misc":{"Gesch\u00e4tzte Lesezeit":"1\u00a0Minute"},"schema":{"@context":"https:\/\/schema.org","@graph":[{"@type":"WebPage","@id":"https:\/\/wein-werte.com\/de\/produkt\/drappier-quattuor-iv-extra-brut-750ml\/","url":"https:\/\/wein-werte.com\/de\/produkt\/drappier-quattuor-iv-extra-brut-750ml\/","name":"Drappier Quattuor IV Extra Brut","isPartOf":{"@id":"https:\/\/wein-werte.com\/de\/#website"},"primaryImageOfPage":{"@id":"https:\/\/wein-werte.com\/de\/produkt\/drappier-quattuor-iv-extra-brut-750ml\/#primaryimage"},"image":{"@id":"https:\/\/wein-werte.com\/de\/produkt\/drappier-quattuor-iv-extra-brut-750ml\/#primaryimage"},"thumbnailUrl":"https:\/\/wein-werte.com\/wp-content\/uploads\/2026\/04\/Drappier-Quattuor-IV-Extra-Brut-750ml.png","datePublished":"2026-05-08T18:04:16+00:00","description":"Kaufe Drappier Quattuor IV Extra Brut (Petit Meslier Cuv\u00e9e, trocken Schaumwein aus Champagne, Frankreich) bei Wein Werte, Ihrem nachhaltigen Onlineshop.","breadcrumb":{"@id":"https:\/\/wein-werte.com\/de\/produkt\/drappier-quattuor-iv-extra-brut-750ml\/#breadcrumb"},"inLanguage":"de","potentialAction":[{"@type":"ReadAction","target":["https:\/\/wein-werte.com\/de\/produkt\/drappier-quattuor-iv-extra-brut-750ml\/"]}]},{"@type":"ImageObject","inLanguage":"de","@id":"https:\/\/wein-werte.com\/de\/produkt\/drappier-quattuor-iv-extra-brut-750ml\/#primaryimage","url":"https:\/\/wein-werte.com\/wp-content\/uploads\/2026\/04\/Drappier-Quattuor-IV-Extra-Brut-750ml.png","contentUrl":"https:\/\/wein-werte.com\/wp-content\/uploads\/2026\/04\/Drappier-Quattuor-IV-Extra-Brut-750ml.png","width":324,"height":1200,"caption":"Drappier Quattuor IV, Extra Brut NV 750ml"},{"@type":"BreadcrumbList","@id":"https:\/\/wein-werte.com\/de\/produkt\/drappier-quattuor-iv-extra-brut-750ml\/#breadcrumb","itemListElement":[{"@type":"ListItem","position":1,"name":"Home","item":"https:\/\/wein-werte.com\/de\/"},{"@type":"ListItem","position":2,"name":"Shop","item":"https:\/\/wein-werte.com\/de\/shop\/"},{"@type":"ListItem","position":3,"name":"Drappier | Champagne | Quattuor IV, Extra Brut | NV | 750ml | bio"}]},{"@type":"WebSite","@id":"https:\/\/wein-werte.com\/de\/#website","url":"https:\/\/wein-werte.com\/de\/","name":"Wein Werte","description":"","publisher":{"@id":"https:\/\/wein-werte.com\/de\/#organization"},"potentialAction":[{"@type":"SearchAction","target":{"@type":"EntryPoint","urlTemplate":"https:\/\/wein-werte.com\/de\/?s={search_term_string}"},"query-input":{"@type":"PropertyValueSpecification","valueRequired":true,"valueName":"search_term_string"}}],"inLanguage":"de"},{"@type":"Organization","@id":"https:\/\/wein-werte.com\/de\/#organization","name":"Vins Fins Thorrold","url":"https:\/\/wein-werte.com\/de\/","logo":{"@type":"ImageObject","inLanguage":"de","@id":"https:\/\/wein-werte.com\/de\/#\/schema\/logo\/image\/","url":"https:\/\/wein-werte.com\/wp-content\/uploads\/2023\/07\/Wein_werte_Logo700-1.png","contentUrl":"https:\/\/wein-werte.com\/wp-content\/uploads\/2023\/07\/Wein_werte_Logo700-1.png","width":700,"height":272,"caption":"Vins Fins Thorrold"},"image":{"@id":"https:\/\/wein-werte.com\/de\/#\/schema\/logo\/image\/"}}]}},"_links":{"self":[{"href":"https:\/\/wein-werte.com\/de\/wp-json\/wp\/v2\/product\/1132764","targetHints":{"allow":["GET"]}}],"collection":[{"href":"https:\/\/wein-werte.com\/de\/wp-json\/wp\/v2\/product"}],"about":[{"href":"https:\/\/wein-werte.com\/de\/wp-json\/wp\/v2\/types\/product"}],"wp:featuredmedia":[{"embeddable":true,"href":"https:\/\/wein-werte.com\/de\/wp-json\/wp\/v2\/media\/1143350"}],"wp:attachment":[{"href":"https:\/\/wein-werte.com\/de\/wp-json\/wp\/v2\/media?parent=1132764"}],"wp:term":[{"taxonomy":"product_brand","embeddable":true,"href":"https:\/\/wein-werte.com\/de\/wp-json\/wp\/v2\/product_brand?post=1132764"},{"taxonomy":"product_cat","embeddable":true,"href":"https:\/\/wein-werte.com\/de\/wp-json\/wp\/v2\/product_cat?post=1132764"},{"taxonomy":"product_tag","embeddable":true,"href":"https:\/\/wein-werte.com\/de\/wp-json\/wp\/v2\/product_tag?post=1132764"}],"curies":[{"name":"wp","href":"https:\/\/api.w.org\/{rel}","templated":true}]}}