{"id":1132744,"date":"2026-05-08T20:04:14","date_gmt":"2026-05-08T18:04:14","guid":{"rendered":"https:\/\/wein-werte.com\/product\/drappier-brut-nature-sans-ajout-de-soufre-750ml\/"},"modified":"2026-04-27T11:49:27","modified_gmt":"2026-04-27T09:49:27","slug":"drappier-brut-nature-sans-ajout-de-soufre-750ml","status":"publish","type":"product","link":"https:\/\/wein-werte.com\/de\/produkt\/drappier-brut-nature-sans-ajout-de-soufre-750ml\/","title":{"rendered":"Drappier | Champagne | Brut Nature, Sans Ajout de Soufre | NV | 750ml"},"content":{"rendered":"<p>Produktbeschreibung f\u00fcr Drappier Brut Nature, Sans Ajout de Soufre NV  <\/p>\n<h5>Informationen zum Wein<\/h5>\n<p> Es handelt sich um einen reinen Pinot Noir, von dem nur die erste Pressung (Cuv\u00e9e) verwendet wurde. Die Pressung erfolgte mechanisch mit geringem Druck. Der Most floss durch Schwerkraft in die Tanks. Die G\u00e4rung in Edelstahlbeh\u00e4ltern erfolgte zwei Wochen lang bei niedriger Temperatur. Danach erfolgte die nat\u00fcrliche und vollst\u00e4ndige malolaktische G\u00e4rung. Keine Kaltstabilisierung, keine Filtration, keine Schwefelung. Die Reifung auf der Hefe dauerte etwa drei Jahre. Das genaue Datum der Degorgierung ist auf der Flasche eingraviert. <\/p>\n<h5>Farbe<\/h5>\n<p> helles Gold, lebhaftes Mousseux <\/p>\n<h5>Geruch<\/h5>\n<p> Der schwefelfrei erzeugte Brut Nature zeigt bereits im Duft, was schwefelfreie Weine im Allgemeinen auszeichnet. Er pr\u00e4sentiert sich von Anfang an offen und einladend. Dezente, hefige Autolysenoten mischen sich mit Noten von herbem Bitterorangenabrieb, reifen, teils m\u00fcrben \u00c4pfeln, Birnen und Quitten, etwas Wollwachs und nussigen, an Mandeln erinnernden Noten. <\/p>\n<h5>Geschmack<\/h5>\n<p> Am Gaumen entwickelt der Champagner eine beeindruckende Vielschichtigkeit und Ausgewogenheit zwischen frischen, saftigen Noten mit klarer, pr\u00e4ziser, druckvoller S\u00e4ure sowie Terti\u00e4raromen und etwas Kandis, obwohl der \u201eBrut Nature\u201c keine messbare S\u00fc\u00dfe aufweist. Die Perlage ist lebhaft, aber zart und gut integriert, die Aromatik dicht und der Champagner insgesamt kraftvoll und lang.<\/p>\n<p>Copyright Vinaturel 2025<\/p>\n<p>Keywords: <a href=\"https:\/\/wein-werte.com\/de\/shop\/?swoof=1&#038;pa_producer=Drappier\">Drappier<\/a> <a href=\"https:\/\/wein-werte.com\/de\/shop\/?swoof=1&#038;woof_text=Brut Nature, Sans Ajout de Soufre\">Brut Nature, Sans Ajout de Soufre<\/a> NV  <a href=\"https:\/\/wein-werte.com\/de\/shop\/?swoof=1&#038;pa_region=Champagne\">Champagne<\/a> <a href=\"https:\/\/wein-werte.com\/de\/shop\/?swoof=1&#038;pa_country=Frankreich\">Frankreich<\/a><\/p>\n<h3>Wine Advocate<\/h3>\n<p>Punkte: 90<\/p>\n<p>Der NV Brut Nature Pinot Noir Zero Dosage Andre et Michel Sans Ajout de Souffre wird vollst\u00e4ndig aus Pinot Noir ohne Dosage hergestellt und offenbart ein lebendiges, frisches Bouquet von roten Beeren, Zitrone, Zitrusfr\u00fcchten und Kr\u00e4utern. Mittelgewichtig und spannungsreich, ist er pr\u00e4gnant und rein, mit einem guten Kern, eleganter Perlage und einem \u00e4therischen, mentholbetonten Abgang.<br \/>Antonio Galloni<\/p>\n<h3>Vinous<\/h3>\n<p>Punkte: 89<\/p>\n<p>Der NV Brut Nature Pinot Noir Zero Dosage Andr\u00e9 et Michel Sans Ajout de Souffre ist derselbe Wein wie der Brut Nature Pinot Noir Zero Dosage (allerdings aus unterschiedlichen Jahrg\u00e4ngen), der ohne Schwefelung vinifiziert und gereift wurde. Es handelt sich um einen relativ weichen, anschmiegsamen Zero Dosage Champagner mit einem relativ runden, offenen Kern aus kandierten, duftenden Fr\u00fcchten. Bei der gemeinsamen Verkostung der beiden NV Brut Natures l\u00e4sst sich schwer sagen, wie stark der Charakter der Weine auf die Schwefelung oder auf die zugrundeliegenden Jahrg\u00e4nge zur\u00fcckzuf\u00fchren ist. S\u00fc\u00dfe, erdige T\u00f6ne verleihen diesem sehr Aube-artigen Pinot Noir eine gewisse Komplexit\u00e4t. Degorgiert im Dezember 2008 \u2013 Antonio Galloni<br \/>Trinkfenster: 2013+<br \/>Bewertungsdatum: Dezember 2009<\/p>\n<p>Internetseite des Weinguts: <a href=\"https:\/\/www.champagne-drappier.com\/en\/\" target=\"_blank\">https:\/\/www.champagne-drappier.com\/en\/<\/a><\/p>\n","protected":false},"excerpt":{"rendered":"<p>Lieferzeit: 1 bis 2 Arbeitstage (DE), 2 bis 5 Arbeitstage (EU and CH)<\/p>\n","protected":false},"featured_media":1143334,"template":"","meta":[],"product_brand":[],"product_cat":[19],"product_tag":[],"class_list":{"0":"post-1132744","1":"product","2":"type-product","3":"status-publish","4":"has-post-thumbnail","6":"product_cat-unkategorisiert","7":"pa_alcohol-for-filter-12893","8":"pa_certified-biodynamic-nein-de","9":"pa_certified-organic-nein-de","10":"pa_colour-weiss","11":"pa_country-frankreich","12":"pa_grape-pinot-noir-spatburgunder","13":"pa_parker-points-for-filter-90-de-2","14":"pa_price-for-filter-10629","15":"pa_producer-drappier","16":"pa_region-champagne","17":"pa_size-ml-6584","18":"pa_sweetness-trocken-de","19":"pa_type-2-champagner","20":"pa_vinous-points-for-filter-20023","21":"pa_vintage-nv-de","22":"entry","23":"has-media","25":"first","26":"instock","27":"taxable","28":"shipping-taxable","29":"purchasable","30":"product-type-simple"},"yoast_head":"<!-- This site is optimized with the Yoast SEO plugin v27.5 - https:\/\/yoast.com\/product\/yoast-seo-wordpress\/ -->\n<title>Drappier Brut Nature Sans Ajout de Soufre<\/title>\n<meta name=\"description\" content=\"Kaufe Drappier Brut Nature Sans Ajout de Soufre (Pinot Noir, trocken Schaumwein aus Champagne, Frankreich) bei Wein Werte, Ihrem nachhaltigen Onlineshop.\" \/>\n<meta name=\"robots\" content=\"index, follow, max-snippet:-1, max-image-preview:large, max-video-preview:-1\" \/>\n<link rel=\"canonical\" href=\"https:\/\/wein-werte.com\/de\/produkt\/drappier-brut-nature-sans-ajout-de-soufre-750ml\/\" \/>\n<meta property=\"og:locale\" content=\"de_DE\" \/>\n<meta property=\"og:type\" content=\"article\" \/>\n<meta property=\"og:title\" content=\"Drappier Brut Nature Sans Ajout de Soufre\" \/>\n<meta property=\"og:description\" content=\"Kaufe Drappier Brut Nature Sans Ajout de Soufre (Pinot Noir, trocken Schaumwein aus Champagne, Frankreich) bei Wein Werte, Ihrem nachhaltigen Onlineshop.\" \/>\n<meta property=\"og:url\" content=\"https:\/\/wein-werte.com\/de\/produkt\/drappier-brut-nature-sans-ajout-de-soufre-750ml\/\" \/>\n<meta property=\"og:site_name\" content=\"Wein Werte\" \/>\n<meta property=\"og:image\" content=\"https:\/\/wein-werte.com\/wp-content\/uploads\/2026\/04\/Drappier-Brut-Nature-Sans-ajout-de-Soufre-750ml.png\" \/>\n\t<meta property=\"og:image:width\" content=\"324\" \/>\n\t<meta property=\"og:image:height\" content=\"1200\" \/>\n\t<meta property=\"og:image:type\" content=\"image\/png\" \/>\n<meta name=\"twitter:card\" content=\"summary_large_image\" \/>\n<meta name=\"twitter:label1\" content=\"Gesch\u00e4tzte Lesezeit\" \/>\n\t<meta name=\"twitter:data1\" content=\"2\u00a0Minuten\" \/>\n<script type=\"application\/ld+json\" class=\"yoast-schema-graph\">{\"@context\":\"https:\\\/\\\/schema.org\",\"@graph\":[{\"@type\":\"WebPage\",\"@id\":\"https:\\\/\\\/wein-werte.com\\\/de\\\/produkt\\\/drappier-brut-nature-sans-ajout-de-soufre-750ml\\\/\",\"url\":\"https:\\\/\\\/wein-werte.com\\\/de\\\/produkt\\\/drappier-brut-nature-sans-ajout-de-soufre-750ml\\\/\",\"name\":\"Drappier Brut Nature Sans Ajout de Soufre\",\"isPartOf\":{\"@id\":\"https:\\\/\\\/wein-werte.com\\\/de\\\/#website\"},\"primaryImageOfPage\":{\"@id\":\"https:\\\/\\\/wein-werte.com\\\/de\\\/produkt\\\/drappier-brut-nature-sans-ajout-de-soufre-750ml\\\/#primaryimage\"},\"image\":{\"@id\":\"https:\\\/\\\/wein-werte.com\\\/de\\\/produkt\\\/drappier-brut-nature-sans-ajout-de-soufre-750ml\\\/#primaryimage\"},\"thumbnailUrl\":\"https:\\\/\\\/wein-werte.com\\\/wp-content\\\/uploads\\\/2026\\\/04\\\/Drappier-Brut-Nature-Sans-ajout-de-Soufre-750ml.png\",\"datePublished\":\"2026-05-08T18:04:14+00:00\",\"description\":\"Kaufe Drappier Brut Nature Sans Ajout de Soufre (Pinot Noir, trocken Schaumwein aus Champagne, Frankreich) bei Wein Werte, Ihrem nachhaltigen Onlineshop.\",\"breadcrumb\":{\"@id\":\"https:\\\/\\\/wein-werte.com\\\/de\\\/produkt\\\/drappier-brut-nature-sans-ajout-de-soufre-750ml\\\/#breadcrumb\"},\"inLanguage\":\"de\",\"potentialAction\":[{\"@type\":\"ReadAction\",\"target\":[\"https:\\\/\\\/wein-werte.com\\\/de\\\/produkt\\\/drappier-brut-nature-sans-ajout-de-soufre-750ml\\\/\"]}]},{\"@type\":\"ImageObject\",\"inLanguage\":\"de\",\"@id\":\"https:\\\/\\\/wein-werte.com\\\/de\\\/produkt\\\/drappier-brut-nature-sans-ajout-de-soufre-750ml\\\/#primaryimage\",\"url\":\"https:\\\/\\\/wein-werte.com\\\/wp-content\\\/uploads\\\/2026\\\/04\\\/Drappier-Brut-Nature-Sans-ajout-de-Soufre-750ml.png\",\"contentUrl\":\"https:\\\/\\\/wein-werte.com\\\/wp-content\\\/uploads\\\/2026\\\/04\\\/Drappier-Brut-Nature-Sans-ajout-de-Soufre-750ml.png\",\"width\":324,\"height\":1200,\"caption\":\"Drappier Brut Nature, Sans Ajout de Soufre NV 750ml\"},{\"@type\":\"BreadcrumbList\",\"@id\":\"https:\\\/\\\/wein-werte.com\\\/de\\\/produkt\\\/drappier-brut-nature-sans-ajout-de-soufre-750ml\\\/#breadcrumb\",\"itemListElement\":[{\"@type\":\"ListItem\",\"position\":1,\"name\":\"Home\",\"item\":\"https:\\\/\\\/wein-werte.com\\\/de\\\/\"},{\"@type\":\"ListItem\",\"position\":2,\"name\":\"Shop\",\"item\":\"https:\\\/\\\/wein-werte.com\\\/de\\\/shop\\\/\"},{\"@type\":\"ListItem\",\"position\":3,\"name\":\"Drappier | Champagne | Brut Nature, Sans Ajout de Soufre | NV | 750ml\"}]},{\"@type\":\"WebSite\",\"@id\":\"https:\\\/\\\/wein-werte.com\\\/de\\\/#website\",\"url\":\"https:\\\/\\\/wein-werte.com\\\/de\\\/\",\"name\":\"Wein Werte\",\"description\":\"\",\"publisher\":{\"@id\":\"https:\\\/\\\/wein-werte.com\\\/de\\\/#organization\"},\"potentialAction\":[{\"@type\":\"SearchAction\",\"target\":{\"@type\":\"EntryPoint\",\"urlTemplate\":\"https:\\\/\\\/wein-werte.com\\\/de\\\/?s={search_term_string}\"},\"query-input\":{\"@type\":\"PropertyValueSpecification\",\"valueRequired\":true,\"valueName\":\"search_term_string\"}}],\"inLanguage\":\"de\"},{\"@type\":\"Organization\",\"@id\":\"https:\\\/\\\/wein-werte.com\\\/de\\\/#organization\",\"name\":\"Vins Fins Thorrold\",\"url\":\"https:\\\/\\\/wein-werte.com\\\/de\\\/\",\"logo\":{\"@type\":\"ImageObject\",\"inLanguage\":\"de\",\"@id\":\"https:\\\/\\\/wein-werte.com\\\/de\\\/#\\\/schema\\\/logo\\\/image\\\/\",\"url\":\"https:\\\/\\\/wein-werte.com\\\/wp-content\\\/uploads\\\/2023\\\/07\\\/Wein_werte_Logo700-1.png\",\"contentUrl\":\"https:\\\/\\\/wein-werte.com\\\/wp-content\\\/uploads\\\/2023\\\/07\\\/Wein_werte_Logo700-1.png\",\"width\":700,\"height\":272,\"caption\":\"Vins Fins Thorrold\"},\"image\":{\"@id\":\"https:\\\/\\\/wein-werte.com\\\/de\\\/#\\\/schema\\\/logo\\\/image\\\/\"}}]}<\/script>\n<!-- \/ Yoast SEO plugin. -->","yoast_head_json":{"title":"Drappier Brut Nature Sans Ajout de Soufre","description":"Kaufe Drappier Brut Nature Sans Ajout de Soufre (Pinot Noir, trocken Schaumwein aus Champagne, Frankreich) bei Wein Werte, Ihrem nachhaltigen Onlineshop.","robots":{"index":"index","follow":"follow","max-snippet":"max-snippet:-1","max-image-preview":"max-image-preview:large","max-video-preview":"max-video-preview:-1"},"canonical":"https:\/\/wein-werte.com\/de\/produkt\/drappier-brut-nature-sans-ajout-de-soufre-750ml\/","og_locale":"de_DE","og_type":"article","og_title":"Drappier Brut Nature Sans Ajout de Soufre","og_description":"Kaufe Drappier Brut Nature Sans Ajout de Soufre (Pinot Noir, trocken Schaumwein aus Champagne, Frankreich) bei Wein Werte, Ihrem nachhaltigen Onlineshop.","og_url":"https:\/\/wein-werte.com\/de\/produkt\/drappier-brut-nature-sans-ajout-de-soufre-750ml\/","og_site_name":"Wein Werte","og_image":[{"width":324,"height":1200,"url":"https:\/\/wein-werte.com\/wp-content\/uploads\/2026\/04\/Drappier-Brut-Nature-Sans-ajout-de-Soufre-750ml.png","type":"image\/png"}],"twitter_card":"summary_large_image","twitter_misc":{"Gesch\u00e4tzte Lesezeit":"2\u00a0Minuten"},"schema":{"@context":"https:\/\/schema.org","@graph":[{"@type":"WebPage","@id":"https:\/\/wein-werte.com\/de\/produkt\/drappier-brut-nature-sans-ajout-de-soufre-750ml\/","url":"https:\/\/wein-werte.com\/de\/produkt\/drappier-brut-nature-sans-ajout-de-soufre-750ml\/","name":"Drappier Brut Nature Sans Ajout de Soufre","isPartOf":{"@id":"https:\/\/wein-werte.com\/de\/#website"},"primaryImageOfPage":{"@id":"https:\/\/wein-werte.com\/de\/produkt\/drappier-brut-nature-sans-ajout-de-soufre-750ml\/#primaryimage"},"image":{"@id":"https:\/\/wein-werte.com\/de\/produkt\/drappier-brut-nature-sans-ajout-de-soufre-750ml\/#primaryimage"},"thumbnailUrl":"https:\/\/wein-werte.com\/wp-content\/uploads\/2026\/04\/Drappier-Brut-Nature-Sans-ajout-de-Soufre-750ml.png","datePublished":"2026-05-08T18:04:14+00:00","description":"Kaufe Drappier Brut Nature Sans Ajout de Soufre (Pinot Noir, trocken Schaumwein aus Champagne, Frankreich) bei Wein Werte, Ihrem nachhaltigen Onlineshop.","breadcrumb":{"@id":"https:\/\/wein-werte.com\/de\/produkt\/drappier-brut-nature-sans-ajout-de-soufre-750ml\/#breadcrumb"},"inLanguage":"de","potentialAction":[{"@type":"ReadAction","target":["https:\/\/wein-werte.com\/de\/produkt\/drappier-brut-nature-sans-ajout-de-soufre-750ml\/"]}]},{"@type":"ImageObject","inLanguage":"de","@id":"https:\/\/wein-werte.com\/de\/produkt\/drappier-brut-nature-sans-ajout-de-soufre-750ml\/#primaryimage","url":"https:\/\/wein-werte.com\/wp-content\/uploads\/2026\/04\/Drappier-Brut-Nature-Sans-ajout-de-Soufre-750ml.png","contentUrl":"https:\/\/wein-werte.com\/wp-content\/uploads\/2026\/04\/Drappier-Brut-Nature-Sans-ajout-de-Soufre-750ml.png","width":324,"height":1200,"caption":"Drappier Brut Nature, Sans Ajout de Soufre NV 750ml"},{"@type":"BreadcrumbList","@id":"https:\/\/wein-werte.com\/de\/produkt\/drappier-brut-nature-sans-ajout-de-soufre-750ml\/#breadcrumb","itemListElement":[{"@type":"ListItem","position":1,"name":"Home","item":"https:\/\/wein-werte.com\/de\/"},{"@type":"ListItem","position":2,"name":"Shop","item":"https:\/\/wein-werte.com\/de\/shop\/"},{"@type":"ListItem","position":3,"name":"Drappier | Champagne | Brut Nature, Sans Ajout de Soufre | NV | 750ml"}]},{"@type":"WebSite","@id":"https:\/\/wein-werte.com\/de\/#website","url":"https:\/\/wein-werte.com\/de\/","name":"Wein Werte","description":"","publisher":{"@id":"https:\/\/wein-werte.com\/de\/#organization"},"potentialAction":[{"@type":"SearchAction","target":{"@type":"EntryPoint","urlTemplate":"https:\/\/wein-werte.com\/de\/?s={search_term_string}"},"query-input":{"@type":"PropertyValueSpecification","valueRequired":true,"valueName":"search_term_string"}}],"inLanguage":"de"},{"@type":"Organization","@id":"https:\/\/wein-werte.com\/de\/#organization","name":"Vins Fins Thorrold","url":"https:\/\/wein-werte.com\/de\/","logo":{"@type":"ImageObject","inLanguage":"de","@id":"https:\/\/wein-werte.com\/de\/#\/schema\/logo\/image\/","url":"https:\/\/wein-werte.com\/wp-content\/uploads\/2023\/07\/Wein_werte_Logo700-1.png","contentUrl":"https:\/\/wein-werte.com\/wp-content\/uploads\/2023\/07\/Wein_werte_Logo700-1.png","width":700,"height":272,"caption":"Vins Fins Thorrold"},"image":{"@id":"https:\/\/wein-werte.com\/de\/#\/schema\/logo\/image\/"}}]}},"_links":{"self":[{"href":"https:\/\/wein-werte.com\/de\/wp-json\/wp\/v2\/product\/1132744","targetHints":{"allow":["GET"]}}],"collection":[{"href":"https:\/\/wein-werte.com\/de\/wp-json\/wp\/v2\/product"}],"about":[{"href":"https:\/\/wein-werte.com\/de\/wp-json\/wp\/v2\/types\/product"}],"wp:featuredmedia":[{"embeddable":true,"href":"https:\/\/wein-werte.com\/de\/wp-json\/wp\/v2\/media\/1143334"}],"wp:attachment":[{"href":"https:\/\/wein-werte.com\/de\/wp-json\/wp\/v2\/media?parent=1132744"}],"wp:term":[{"taxonomy":"product_brand","embeddable":true,"href":"https:\/\/wein-werte.com\/de\/wp-json\/wp\/v2\/product_brand?post=1132744"},{"taxonomy":"product_cat","embeddable":true,"href":"https:\/\/wein-werte.com\/de\/wp-json\/wp\/v2\/product_cat?post=1132744"},{"taxonomy":"product_tag","embeddable":true,"href":"https:\/\/wein-werte.com\/de\/wp-json\/wp\/v2\/product_tag?post=1132744"}],"curies":[{"name":"wp","href":"https:\/\/api.w.org\/{rel}","templated":true}]}}