{"id":1132724,"date":"2026-05-08T20:04:13","date_gmt":"2026-05-08T18:04:13","guid":{"rendered":"https:\/\/wein-werte.com\/product\/alexis-ageius-ay-grand-cru-extra-brut-2017-750ml\/"},"modified":"2026-04-27T11:49:27","modified_gmt":"2026-04-27T09:49:27","slug":"alexis-ageius-ay-grand-cru-extra-brut-2017-750ml","status":"publish","type":"product","link":"https:\/\/wein-werte.com\/de\/produkt\/alexis-ageius-ay-grand-cru-extra-brut-2017-750ml\/","title":{"rendered":"Alexis | Champagne | Ageius, Ay Grand Cru Extra Brut  | 2017 | 750ml"},"content":{"rendered":"<p>Produktbeschreibung f\u00fcr Alexis Ageius, Ay Grand Cru Extra Brut  2017  <\/p>\n<h5>Information zum Wein<\/h5>\n<p> Der Champagner ist ein 100\u00a0%iger Pinot Noir aus A\u00ff im Grand Vall\u00e9e. Die Frucht stammt aus dem Lieut-dit La Fosse mit s\u00fcds\u00fcd\u00f6stlicher Ausrichtung mit tonigem Oberboden und kreidigem Grundgestein. Gepflanzt wurde 1985. Der Ausbau erfolgte in 400-Liter-Tonneaux, die G\u00e4rung spontan. Es wurde keine malolaktische G\u00e4rung vorgenommen. Die Tirage fand am 27. 3. 2018, das D\u00e9gorgement im Januar 2023 statt. <\/p>\n<h5>Farbe<\/h5>\n<p> strahlendes Goldgelb mit feiner Perlage <\/p>\n<h5>Nase<\/h5>\n<p> Der 2017er \u00bbAgeius\u00ab verbindet dezente Noten vom leicht oxidativen Ausbau, die an m\u00fcrbe \u00c4pfel und salzigen Manzanilla-Sherry erinnern, mit etwas Rauch, Stein und Frucht. Der Pinot Noir erscheint in Form von roten und schwarzen Beeren, die sich mit Noten von Kumquats und Grapefruits verbinden. Dazu gibt es etwas Hefebrot und Kr\u00e4uter auf zersto\u00dfenem Stein. Im Duft wirkt der Wein durchaus straff. <\/p>\n<h5>Gaumen<\/h5>\n<p> Am Gaumen bietet der Grand Cru einen komplexen saftigen und konzentrierten Auftakt mit einer leicht cremigen Textur, aber auch mit leichtem Extrakt. Hier hat man das Gef\u00fchl, dass sich eine knackige junge Frucht mit m\u00fcrbem Kernobst verbindet. Der Champagner zeigt sich intensiv, salzig, fast jodig mit einem Hauch von Salzkaramell. Die Perlage ist fein und tritt recht schnell in den Hintergrund. Daf\u00fcr wird der Champagner zum Finale hin immer druckvoller.<\/p>\n<p>Copyright Vinaturel 2025<\/p>\n<p>Keywords: <a href=\"https:\/\/wein-werte.com\/de\/shop\/?swoof=1&#038;pa_producer=Alexis\">Alexis<\/a> <a href=\"https:\/\/wein-werte.com\/de\/shop\/?swoof=1&#038;woof_text=Ageius, Ay Grand Cru Extra Brut \">Ageius, Ay Grand Cru Extra Brut <\/a> 2017  <a href=\"https:\/\/wein-werte.com\/de\/shop\/?swoof=1&#038;pa_region=Champagne\">Champagne<\/a> <a href=\"https:\/\/wein-werte.com\/de\/shop\/?swoof=1&#038;pa_country=Frankreich\">Frankreich<\/a><\/p>\n","protected":false},"excerpt":{"rendered":"<p>Lieferzeit: 1 bis 2 Arbeitstage (DE), 2 bis 5 Arbeitstage (EU and CH)<\/p>\n","protected":false},"featured_media":1143318,"template":"","meta":[],"product_brand":[],"product_cat":[19],"product_tag":[],"class_list":{"0":"post-1132724","1":"product","2":"type-product","3":"status-publish","4":"has-post-thumbnail","6":"product_cat-unkategorisiert","7":"pa_alcohol-for-filter-12893","8":"pa_certified-biodynamic-nein-de","9":"pa_certified-organic-nein-de","10":"pa_colour-weiss","11":"pa_country-frankreich","12":"pa_grape-pinot-noir-spatburgunder","13":"pa_price-for-filter-10633","14":"pa_producer-alexis","15":"pa_region-champagne","16":"pa_size-ml-6584","17":"pa_sweetness-trocken-de","18":"pa_type-2-champagner","19":"pa_vintage-2017-de","20":"entry","21":"has-media","23":"first","24":"instock","25":"taxable","26":"shipping-taxable","27":"purchasable","28":"product-type-simple"},"yoast_head":"<!-- This site is optimized with the Yoast SEO plugin v27.5 - https:\/\/yoast.com\/product\/yoast-seo-wordpress\/ -->\n<title>Alexis Ageius Ay Grand Cru Extra Brut 2017<\/title>\n<meta name=\"description\" content=\"Kaufe Alexis Ageius Ay Grand Cru Extra Brut 2017 (Pinot Noir, trocken Schaumwein aus Champagne, Frankreich) bei Wein Werte, Ihrem nachhaltigen Onlineshop.\" \/>\n<meta name=\"robots\" content=\"index, follow, max-snippet:-1, max-image-preview:large, max-video-preview:-1\" \/>\n<link rel=\"canonical\" href=\"https:\/\/wein-werte.com\/de\/produkt\/alexis-ageius-ay-grand-cru-extra-brut-2017-750ml\/\" \/>\n<meta property=\"og:locale\" content=\"de_DE\" \/>\n<meta property=\"og:type\" content=\"article\" \/>\n<meta property=\"og:title\" content=\"Alexis Ageius Ay Grand Cru Extra Brut 2017\" \/>\n<meta property=\"og:description\" content=\"Kaufe Alexis Ageius Ay Grand Cru Extra Brut 2017 (Pinot Noir, trocken Schaumwein aus Champagne, Frankreich) bei Wein Werte, Ihrem nachhaltigen Onlineshop.\" \/>\n<meta property=\"og:url\" content=\"https:\/\/wein-werte.com\/de\/produkt\/alexis-ageius-ay-grand-cru-extra-brut-2017-750ml\/\" \/>\n<meta property=\"og:site_name\" content=\"Wein Werte\" \/>\n<meta property=\"og:image\" content=\"https:\/\/wein-werte.com\/wp-content\/uploads\/2026\/04\/Alexis-Ageius-Ay-Grand-Cru-Extra-Brut-2017-750ml.png\" \/>\n\t<meta property=\"og:image:width\" content=\"325\" \/>\n\t<meta property=\"og:image:height\" content=\"1200\" \/>\n\t<meta property=\"og:image:type\" content=\"image\/png\" \/>\n<meta name=\"twitter:card\" content=\"summary_large_image\" \/>\n<meta name=\"twitter:label1\" content=\"Gesch\u00e4tzte Lesezeit\" \/>\n\t<meta name=\"twitter:data1\" content=\"1\u00a0Minute\" \/>\n<script type=\"application\/ld+json\" class=\"yoast-schema-graph\">{\"@context\":\"https:\\\/\\\/schema.org\",\"@graph\":[{\"@type\":\"WebPage\",\"@id\":\"https:\\\/\\\/wein-werte.com\\\/de\\\/produkt\\\/alexis-ageius-ay-grand-cru-extra-brut-2017-750ml\\\/\",\"url\":\"https:\\\/\\\/wein-werte.com\\\/de\\\/produkt\\\/alexis-ageius-ay-grand-cru-extra-brut-2017-750ml\\\/\",\"name\":\"Alexis Ageius Ay Grand Cru Extra Brut 2017\",\"isPartOf\":{\"@id\":\"https:\\\/\\\/wein-werte.com\\\/de\\\/#website\"},\"primaryImageOfPage\":{\"@id\":\"https:\\\/\\\/wein-werte.com\\\/de\\\/produkt\\\/alexis-ageius-ay-grand-cru-extra-brut-2017-750ml\\\/#primaryimage\"},\"image\":{\"@id\":\"https:\\\/\\\/wein-werte.com\\\/de\\\/produkt\\\/alexis-ageius-ay-grand-cru-extra-brut-2017-750ml\\\/#primaryimage\"},\"thumbnailUrl\":\"https:\\\/\\\/wein-werte.com\\\/wp-content\\\/uploads\\\/2026\\\/04\\\/Alexis-Ageius-Ay-Grand-Cru-Extra-Brut-2017-750ml.png\",\"datePublished\":\"2026-05-08T18:04:13+00:00\",\"description\":\"Kaufe Alexis Ageius Ay Grand Cru Extra Brut 2017 (Pinot Noir, trocken Schaumwein aus Champagne, Frankreich) bei Wein Werte, Ihrem nachhaltigen Onlineshop.\",\"breadcrumb\":{\"@id\":\"https:\\\/\\\/wein-werte.com\\\/de\\\/produkt\\\/alexis-ageius-ay-grand-cru-extra-brut-2017-750ml\\\/#breadcrumb\"},\"inLanguage\":\"de\",\"potentialAction\":[{\"@type\":\"ReadAction\",\"target\":[\"https:\\\/\\\/wein-werte.com\\\/de\\\/produkt\\\/alexis-ageius-ay-grand-cru-extra-brut-2017-750ml\\\/\"]}]},{\"@type\":\"ImageObject\",\"inLanguage\":\"de\",\"@id\":\"https:\\\/\\\/wein-werte.com\\\/de\\\/produkt\\\/alexis-ageius-ay-grand-cru-extra-brut-2017-750ml\\\/#primaryimage\",\"url\":\"https:\\\/\\\/wein-werte.com\\\/wp-content\\\/uploads\\\/2026\\\/04\\\/Alexis-Ageius-Ay-Grand-Cru-Extra-Brut-2017-750ml.png\",\"contentUrl\":\"https:\\\/\\\/wein-werte.com\\\/wp-content\\\/uploads\\\/2026\\\/04\\\/Alexis-Ageius-Ay-Grand-Cru-Extra-Brut-2017-750ml.png\",\"width\":325,\"height\":1200,\"caption\":\"Alexis Ageius, Ay Grand Cru Extra Brut 2017 750ml\"},{\"@type\":\"BreadcrumbList\",\"@id\":\"https:\\\/\\\/wein-werte.com\\\/de\\\/produkt\\\/alexis-ageius-ay-grand-cru-extra-brut-2017-750ml\\\/#breadcrumb\",\"itemListElement\":[{\"@type\":\"ListItem\",\"position\":1,\"name\":\"Home\",\"item\":\"https:\\\/\\\/wein-werte.com\\\/de\\\/\"},{\"@type\":\"ListItem\",\"position\":2,\"name\":\"Shop\",\"item\":\"https:\\\/\\\/wein-werte.com\\\/de\\\/shop\\\/\"},{\"@type\":\"ListItem\",\"position\":3,\"name\":\"Alexis | Champagne | Ageius, Ay Grand Cru Extra Brut | 2017 | 750ml\"}]},{\"@type\":\"WebSite\",\"@id\":\"https:\\\/\\\/wein-werte.com\\\/de\\\/#website\",\"url\":\"https:\\\/\\\/wein-werte.com\\\/de\\\/\",\"name\":\"Wein Werte\",\"description\":\"\",\"publisher\":{\"@id\":\"https:\\\/\\\/wein-werte.com\\\/de\\\/#organization\"},\"potentialAction\":[{\"@type\":\"SearchAction\",\"target\":{\"@type\":\"EntryPoint\",\"urlTemplate\":\"https:\\\/\\\/wein-werte.com\\\/de\\\/?s={search_term_string}\"},\"query-input\":{\"@type\":\"PropertyValueSpecification\",\"valueRequired\":true,\"valueName\":\"search_term_string\"}}],\"inLanguage\":\"de\"},{\"@type\":\"Organization\",\"@id\":\"https:\\\/\\\/wein-werte.com\\\/de\\\/#organization\",\"name\":\"Vins Fins Thorrold\",\"url\":\"https:\\\/\\\/wein-werte.com\\\/de\\\/\",\"logo\":{\"@type\":\"ImageObject\",\"inLanguage\":\"de\",\"@id\":\"https:\\\/\\\/wein-werte.com\\\/de\\\/#\\\/schema\\\/logo\\\/image\\\/\",\"url\":\"https:\\\/\\\/wein-werte.com\\\/wp-content\\\/uploads\\\/2023\\\/07\\\/Wein_werte_Logo700-1.png\",\"contentUrl\":\"https:\\\/\\\/wein-werte.com\\\/wp-content\\\/uploads\\\/2023\\\/07\\\/Wein_werte_Logo700-1.png\",\"width\":700,\"height\":272,\"caption\":\"Vins Fins Thorrold\"},\"image\":{\"@id\":\"https:\\\/\\\/wein-werte.com\\\/de\\\/#\\\/schema\\\/logo\\\/image\\\/\"}}]}<\/script>\n<!-- \/ Yoast SEO plugin. -->","yoast_head_json":{"title":"Alexis Ageius Ay Grand Cru Extra Brut 2017","description":"Kaufe Alexis Ageius Ay Grand Cru Extra Brut 2017 (Pinot Noir, trocken Schaumwein aus Champagne, Frankreich) bei Wein Werte, Ihrem nachhaltigen Onlineshop.","robots":{"index":"index","follow":"follow","max-snippet":"max-snippet:-1","max-image-preview":"max-image-preview:large","max-video-preview":"max-video-preview:-1"},"canonical":"https:\/\/wein-werte.com\/de\/produkt\/alexis-ageius-ay-grand-cru-extra-brut-2017-750ml\/","og_locale":"de_DE","og_type":"article","og_title":"Alexis Ageius Ay Grand Cru Extra Brut 2017","og_description":"Kaufe Alexis Ageius Ay Grand Cru Extra Brut 2017 (Pinot Noir, trocken Schaumwein aus Champagne, Frankreich) bei Wein Werte, Ihrem nachhaltigen Onlineshop.","og_url":"https:\/\/wein-werte.com\/de\/produkt\/alexis-ageius-ay-grand-cru-extra-brut-2017-750ml\/","og_site_name":"Wein Werte","og_image":[{"width":325,"height":1200,"url":"https:\/\/wein-werte.com\/wp-content\/uploads\/2026\/04\/Alexis-Ageius-Ay-Grand-Cru-Extra-Brut-2017-750ml.png","type":"image\/png"}],"twitter_card":"summary_large_image","twitter_misc":{"Gesch\u00e4tzte Lesezeit":"1\u00a0Minute"},"schema":{"@context":"https:\/\/schema.org","@graph":[{"@type":"WebPage","@id":"https:\/\/wein-werte.com\/de\/produkt\/alexis-ageius-ay-grand-cru-extra-brut-2017-750ml\/","url":"https:\/\/wein-werte.com\/de\/produkt\/alexis-ageius-ay-grand-cru-extra-brut-2017-750ml\/","name":"Alexis Ageius Ay Grand Cru Extra Brut 2017","isPartOf":{"@id":"https:\/\/wein-werte.com\/de\/#website"},"primaryImageOfPage":{"@id":"https:\/\/wein-werte.com\/de\/produkt\/alexis-ageius-ay-grand-cru-extra-brut-2017-750ml\/#primaryimage"},"image":{"@id":"https:\/\/wein-werte.com\/de\/produkt\/alexis-ageius-ay-grand-cru-extra-brut-2017-750ml\/#primaryimage"},"thumbnailUrl":"https:\/\/wein-werte.com\/wp-content\/uploads\/2026\/04\/Alexis-Ageius-Ay-Grand-Cru-Extra-Brut-2017-750ml.png","datePublished":"2026-05-08T18:04:13+00:00","description":"Kaufe Alexis Ageius Ay Grand Cru Extra Brut 2017 (Pinot Noir, trocken Schaumwein aus Champagne, Frankreich) bei Wein Werte, Ihrem nachhaltigen Onlineshop.","breadcrumb":{"@id":"https:\/\/wein-werte.com\/de\/produkt\/alexis-ageius-ay-grand-cru-extra-brut-2017-750ml\/#breadcrumb"},"inLanguage":"de","potentialAction":[{"@type":"ReadAction","target":["https:\/\/wein-werte.com\/de\/produkt\/alexis-ageius-ay-grand-cru-extra-brut-2017-750ml\/"]}]},{"@type":"ImageObject","inLanguage":"de","@id":"https:\/\/wein-werte.com\/de\/produkt\/alexis-ageius-ay-grand-cru-extra-brut-2017-750ml\/#primaryimage","url":"https:\/\/wein-werte.com\/wp-content\/uploads\/2026\/04\/Alexis-Ageius-Ay-Grand-Cru-Extra-Brut-2017-750ml.png","contentUrl":"https:\/\/wein-werte.com\/wp-content\/uploads\/2026\/04\/Alexis-Ageius-Ay-Grand-Cru-Extra-Brut-2017-750ml.png","width":325,"height":1200,"caption":"Alexis Ageius, Ay Grand Cru Extra Brut 2017 750ml"},{"@type":"BreadcrumbList","@id":"https:\/\/wein-werte.com\/de\/produkt\/alexis-ageius-ay-grand-cru-extra-brut-2017-750ml\/#breadcrumb","itemListElement":[{"@type":"ListItem","position":1,"name":"Home","item":"https:\/\/wein-werte.com\/de\/"},{"@type":"ListItem","position":2,"name":"Shop","item":"https:\/\/wein-werte.com\/de\/shop\/"},{"@type":"ListItem","position":3,"name":"Alexis | Champagne | Ageius, Ay Grand Cru Extra Brut | 2017 | 750ml"}]},{"@type":"WebSite","@id":"https:\/\/wein-werte.com\/de\/#website","url":"https:\/\/wein-werte.com\/de\/","name":"Wein Werte","description":"","publisher":{"@id":"https:\/\/wein-werte.com\/de\/#organization"},"potentialAction":[{"@type":"SearchAction","target":{"@type":"EntryPoint","urlTemplate":"https:\/\/wein-werte.com\/de\/?s={search_term_string}"},"query-input":{"@type":"PropertyValueSpecification","valueRequired":true,"valueName":"search_term_string"}}],"inLanguage":"de"},{"@type":"Organization","@id":"https:\/\/wein-werte.com\/de\/#organization","name":"Vins Fins Thorrold","url":"https:\/\/wein-werte.com\/de\/","logo":{"@type":"ImageObject","inLanguage":"de","@id":"https:\/\/wein-werte.com\/de\/#\/schema\/logo\/image\/","url":"https:\/\/wein-werte.com\/wp-content\/uploads\/2023\/07\/Wein_werte_Logo700-1.png","contentUrl":"https:\/\/wein-werte.com\/wp-content\/uploads\/2023\/07\/Wein_werte_Logo700-1.png","width":700,"height":272,"caption":"Vins Fins Thorrold"},"image":{"@id":"https:\/\/wein-werte.com\/de\/#\/schema\/logo\/image\/"}}]}},"_links":{"self":[{"href":"https:\/\/wein-werte.com\/de\/wp-json\/wp\/v2\/product\/1132724","targetHints":{"allow":["GET"]}}],"collection":[{"href":"https:\/\/wein-werte.com\/de\/wp-json\/wp\/v2\/product"}],"about":[{"href":"https:\/\/wein-werte.com\/de\/wp-json\/wp\/v2\/types\/product"}],"wp:featuredmedia":[{"embeddable":true,"href":"https:\/\/wein-werte.com\/de\/wp-json\/wp\/v2\/media\/1143318"}],"wp:attachment":[{"href":"https:\/\/wein-werte.com\/de\/wp-json\/wp\/v2\/media?parent=1132724"}],"wp:term":[{"taxonomy":"product_brand","embeddable":true,"href":"https:\/\/wein-werte.com\/de\/wp-json\/wp\/v2\/product_brand?post=1132724"},{"taxonomy":"product_cat","embeddable":true,"href":"https:\/\/wein-werte.com\/de\/wp-json\/wp\/v2\/product_cat?post=1132724"},{"taxonomy":"product_tag","embeddable":true,"href":"https:\/\/wein-werte.com\/de\/wp-json\/wp\/v2\/product_tag?post=1132724"}],"curies":[{"name":"wp","href":"https:\/\/api.w.org\/{rel}","templated":true}]}}