{"id":1132697,"date":"2026-05-12T15:50:42","date_gmt":"2026-05-12T13:50:42","guid":{"rendered":"https:\/\/wein-werte.com\/product\/lacourte-godbillon-brut-nature-premier-cru-l2019reserve-750ml\/"},"modified":"2026-05-12T19:57:38","modified_gmt":"2026-05-12T17:57:38","slug":"lacourte-godbillon-brut-nature-premier-cru-l2019-plus-reserve-nv-750ml","status":"publish","type":"product","link":"https:\/\/wein-werte.com\/de\/produkt\/lacourte-godbillon-brut-nature-premier-cru-l2019-plus-reserve-nv-750ml\/","title":{"rendered":"Lacourte-Godbillon | Champagne | Brut Nature, Premier Cru L2019+R\u00e9serve | NV | 750ml"},"content":{"rendered":"<p>Produktbeschreibung f\u00fcr Lacourte-Godbillon Brut Nature, Premier Cru L2019+R\u00e9serve NV <\/p>\n<p> Das Weingut von G\u00e9raldine Lacourte und ihrem Mann Richard Desvignes liegt in \u00c9cueil im Herzen der Petit Montagne de Reims. Sie konzentrieren sich ganz auf die 1er Cru Lagen in diesem Ort, haben dadurch kurze Wege und verbringen sehr viel Zeit in ihren Weinbergen. Der Betrieb wurde 2016 auf biologischen Weinbau umgestellt. Beide haben viel von der Welt gesehen und sich erst sp\u00e4t entschieden, das Weingut von G\u00e9raldines Eltern zu \u00fcbernehmen. G\u00e9raldine hat jahrelang in Deutschland im Marketing gearbeitet, sodass auch der Stil des Weinguts eher modern ausf\u00e4llt. Die Grundweine werden im Edelstahl vergoren und machen nicht unbedingt den biologischen S\u00e4ureabbau. Nur ein Teil wird im Barrique ausgebaut. Sehr klar, pr\u00e4zise und straff spiegeln sie ihre Herkunft wider, stets gepr\u00e4gt von feiner Frucht und eleganter Tiefgr\u00fcndigkeit. Der Brut Nature Premier Cru ist eine Assemblage aus 54 % Pinot Noir und 46 % Chardonnay mit Basisweinen aus 2019 sowie 20 % Reserveweinen. Der Wein lag f\u00fcr neun Monate auf der Hefe und wurde zu 66 % in gebrauchtem Holz ausgebaut, bevor er im Juli 2020 gef\u00fcllt wurde. Degorgiert wurde am 6. M\u00e4rz 2024, die Dosage betr\u00e4gt 0 Gramm. <\/p>\n<h5>Farbe<\/h5>\n<p> Helles Gelb, leuchtend und klar. <\/p>\n<h5>Nase<\/h5>\n<p> Die Nase balanciert zwischen zitrisch-fruchtigen und salzig-jodigen Autolysenoten: Zitronat, Zitronen\u00f6l, Mesokarp und Salzzitronen f\u00fcllen den Fruchtkorb und sind untermalt von kalkigen Akzenten, die an Austernschalen und eine regennasse Kiesauffahrt vor einem linksufrigen Bordeaux Ch\u00e2teau erinnern. Aromen nach Getreide, R\u00f6stmalz sowie distinktive Autolysenoten nach warmem Hefezopf versprechen ein kreidig-karges Champagner-Vergn\u00fcgen. <\/p>\n<h5>Mund<\/h5>\n<p> Der Premier Cru Brut Nature von Lacourte-Godbillon zeigt sich im Antrunk ungest\u00fcm mit freigeistigem Naturell. Selbstbewusst fu\u00dft sein nat\u00fcrlicher Stil im hefegepr\u00e4gten Genre und zeigt sich dessen ungeachtet fokussiert, extraktreich und mit deklarierten 0 Gramm Dosage knochentrocken. Markant mit sehniger Statur und vibrierender Spannung am Gaumen polarisiert er und ist eher Autorenkino als Popcorn-Blockbuster. Seine dezente rauchige Mineralik und sein salines, karges Finish verleihen ihm einen Touch Nouvelle Vague mit markantem Nachhall. <\/p>\n<p>Copyright Vinaturel 2025<\/p>\n<p>Keywords: <a href=\"https:\/\/wein-werte.com\/de\/shop\/?swoof=1&#038;pa_producer=Lacourte-Godbillon\">Lacourte-Godbillon<\/a> <a href=\"https:\/\/wein-werte.com\/de\/shop\/?swoof=1&#038;woof_text=Brut Nature, Premier Cru L2019+R\u00e9serve\">Brut Nature, Premier Cru L2019+R\u00e9serve<\/a> NV  <a href=\"https:\/\/wein-werte.com\/de\/shop\/?swoof=1&#038;pa_region=Champagne\">Champagne<\/a> <a href=\"https:\/\/wein-werte.com\/de\/shop\/?swoof=1&#038;pa_country=Frankreich\">Frankreich<\/a><\/p>\n<p>Internetseite des Weinguts: <a href=\"https:\/\/www.champagne-lacourte-godbillon.com\/en\/\" target=\"_blank\">https:\/\/www.champagne-lacourte-godbillon.com\/en\/<\/a><\/p>\n","protected":false},"excerpt":{"rendered":"<div style=\"font-size: 14px;\">\n<p>Lieferzeit: 1 bis 2 Arbeitstage (DE), 2 bis 5 Arbeitstage (EU und CH)<\/p>\n<p>Ungef\u00e4hrer Energiegehalt pro 125-ml-Glas: 105 kcal<\/p>\n<\/p><\/div>\n","protected":false},"featured_media":1143296,"template":"","meta":[],"product_brand":[],"product_cat":[19],"product_tag":[],"class_list":{"0":"post-1132697","1":"product","2":"type-product","3":"status-publish","4":"has-post-thumbnail","6":"product_cat-unkategorisiert","7":"pa_alcohol-for-filter-12-5","8":"pa_certified-biodynamic-nein-de","9":"pa_certified-organic-nein-de","10":"pa_colour-weiss","11":"pa_country-frankreich","12":"pa_grape-chardonnay-cuvee","13":"pa_price-for-filter-10688","14":"pa_producer-lacourte-godbillon","15":"pa_region-champagne","16":"pa_size-ml-6584","17":"pa_sweetness-trocken-de","18":"pa_type-2-champagner","19":"pa_vintage-nv-de","20":"entry","21":"has-media","23":"first","24":"instock","25":"taxable","26":"shipping-taxable","27":"purchasable","28":"product-type-simple"},"yoast_head":"<!-- This site is optimized with the Yoast SEO plugin v27.6 - https:\/\/yoast.com\/product\/yoast-seo-wordpress\/ -->\n<title>Lacourte-Godbillon Brut Nature Premier Cru L2019+R\u00e9serve<\/title>\n<meta name=\"description\" content=\"Kaufe Lacourte-Godbillon Brut Nature Premier Cru L2019+R\u00e9serve (Chardonnay Cuv\u00e9e, trocken Schaumwein aus Champagne, Frankreich) bei Wein Werte, Ihrem nachhaltigen Onlineshop.\" \/>\n<meta name=\"robots\" content=\"index, follow, max-snippet:-1, max-image-preview:large, max-video-preview:-1\" \/>\n<link rel=\"canonical\" href=\"https:\/\/wein-werte.com\/de\/produkt\/lacourte-godbillon-brut-nature-premier-cru-l2019reserve-750ml\/\" \/>\n<meta property=\"og:locale\" content=\"de_DE\" \/>\n<meta property=\"og:type\" content=\"article\" \/>\n<meta property=\"og:title\" content=\"Lacourte-Godbillon Brut Nature Premier Cru L2019+R\u00e9serve\" \/>\n<meta property=\"og:description\" content=\"Kaufe Lacourte-Godbillon Brut Nature Premier Cru L2019+R\u00e9serve (Chardonnay Cuv\u00e9e, trocken Schaumwein aus Champagne, Frankreich) bei Wein Werte, Ihrem nachhaltigen Onlineshop.\" \/>\n<meta property=\"og:url\" content=\"https:\/\/wein-werte.com\/de\/produkt\/lacourte-godbillon-brut-nature-premier-cru-l2019reserve-750ml\/\" \/>\n<meta property=\"og:site_name\" content=\"Wein Werte\" \/>\n<meta property=\"article:modified_time\" content=\"2026-05-12T17:57:38+00:00\" \/>\n<meta property=\"og:image\" content=\"https:\/\/wein-werte.com\/wp-content\/uploads\/2026\/04\/Lacourte-Godbillon-Brut-Nature-Premier-Cru-L2019Reserve-750ml.png\" \/>\n\t<meta property=\"og:image:width\" content=\"326\" \/>\n\t<meta property=\"og:image:height\" content=\"1200\" \/>\n\t<meta property=\"og:image:type\" content=\"image\/png\" \/>\n<meta name=\"twitter:card\" content=\"summary_large_image\" \/>\n<meta name=\"twitter:label1\" content=\"Gesch\u00e4tzte Lesezeit\" \/>\n\t<meta name=\"twitter:data1\" content=\"2\u00a0Minuten\" \/>\n<script type=\"application\/ld+json\" class=\"yoast-schema-graph\">{\"@context\":\"https:\\\/\\\/schema.org\",\"@graph\":[{\"@type\":\"WebPage\",\"@id\":\"https:\\\/\\\/wein-werte.com\\\/de\\\/produkt\\\/lacourte-godbillon-brut-nature-premier-cru-l2019reserve-750ml\\\/\",\"url\":\"https:\\\/\\\/wein-werte.com\\\/de\\\/produkt\\\/lacourte-godbillon-brut-nature-premier-cru-l2019reserve-750ml\\\/\",\"name\":\"Lacourte-Godbillon Brut Nature Premier Cru L2019+R\u00e9serve\",\"isPartOf\":{\"@id\":\"https:\\\/\\\/wein-werte.com\\\/de\\\/#website\"},\"primaryImageOfPage\":{\"@id\":\"https:\\\/\\\/wein-werte.com\\\/de\\\/produkt\\\/lacourte-godbillon-brut-nature-premier-cru-l2019reserve-750ml\\\/#primaryimage\"},\"image\":{\"@id\":\"https:\\\/\\\/wein-werte.com\\\/de\\\/produkt\\\/lacourte-godbillon-brut-nature-premier-cru-l2019reserve-750ml\\\/#primaryimage\"},\"thumbnailUrl\":\"https:\\\/\\\/wein-werte.com\\\/wp-content\\\/uploads\\\/2026\\\/04\\\/Lacourte-Godbillon-Brut-Nature-Premier-Cru-L2019Reserve-750ml.png\",\"datePublished\":\"2026-05-12T13:50:42+00:00\",\"dateModified\":\"2026-05-12T17:57:38+00:00\",\"description\":\"Kaufe Lacourte-Godbillon Brut Nature Premier Cru L2019+R\u00e9serve (Chardonnay Cuv\u00e9e, trocken Schaumwein aus Champagne, Frankreich) bei Wein Werte, Ihrem nachhaltigen Onlineshop.\",\"breadcrumb\":{\"@id\":\"https:\\\/\\\/wein-werte.com\\\/de\\\/produkt\\\/lacourte-godbillon-brut-nature-premier-cru-l2019reserve-750ml\\\/#breadcrumb\"},\"inLanguage\":\"de\",\"potentialAction\":[{\"@type\":\"ReadAction\",\"target\":[\"https:\\\/\\\/wein-werte.com\\\/de\\\/produkt\\\/lacourte-godbillon-brut-nature-premier-cru-l2019reserve-750ml\\\/\"]}]},{\"@type\":\"ImageObject\",\"inLanguage\":\"de\",\"@id\":\"https:\\\/\\\/wein-werte.com\\\/de\\\/produkt\\\/lacourte-godbillon-brut-nature-premier-cru-l2019reserve-750ml\\\/#primaryimage\",\"url\":\"https:\\\/\\\/wein-werte.com\\\/wp-content\\\/uploads\\\/2026\\\/04\\\/Lacourte-Godbillon-Brut-Nature-Premier-Cru-L2019Reserve-750ml.png\",\"contentUrl\":\"https:\\\/\\\/wein-werte.com\\\/wp-content\\\/uploads\\\/2026\\\/04\\\/Lacourte-Godbillon-Brut-Nature-Premier-Cru-L2019Reserve-750ml.png\",\"width\":326,\"height\":1200,\"caption\":\"Lacourte-Godbillon Brut Nature, Premier Cru L2019+R\u00e9serve NV 750ml\"},{\"@type\":\"BreadcrumbList\",\"@id\":\"https:\\\/\\\/wein-werte.com\\\/de\\\/produkt\\\/lacourte-godbillon-brut-nature-premier-cru-l2019reserve-750ml\\\/#breadcrumb\",\"itemListElement\":[{\"@type\":\"ListItem\",\"position\":1,\"name\":\"Home\",\"item\":\"https:\\\/\\\/wein-werte.com\\\/de\\\/\"},{\"@type\":\"ListItem\",\"position\":2,\"name\":\"Shop\",\"item\":\"https:\\\/\\\/wein-werte.com\\\/de\\\/shop\\\/\"},{\"@type\":\"ListItem\",\"position\":3,\"name\":\"Lacourte-Godbillon | Champagne | Brut Nature, Premier Cru L2019+R\u00e9serve | NV | 750ml\"}]},{\"@type\":\"WebSite\",\"@id\":\"https:\\\/\\\/wein-werte.com\\\/de\\\/#website\",\"url\":\"https:\\\/\\\/wein-werte.com\\\/de\\\/\",\"name\":\"Wein Werte\",\"description\":\"\",\"publisher\":{\"@id\":\"https:\\\/\\\/wein-werte.com\\\/de\\\/#organization\"},\"potentialAction\":[{\"@type\":\"SearchAction\",\"target\":{\"@type\":\"EntryPoint\",\"urlTemplate\":\"https:\\\/\\\/wein-werte.com\\\/de\\\/?s={search_term_string}\"},\"query-input\":{\"@type\":\"PropertyValueSpecification\",\"valueRequired\":true,\"valueName\":\"search_term_string\"}}],\"inLanguage\":\"de\"},{\"@type\":\"Organization\",\"@id\":\"https:\\\/\\\/wein-werte.com\\\/de\\\/#organization\",\"name\":\"Vins Fins Thorrold\",\"url\":\"https:\\\/\\\/wein-werte.com\\\/de\\\/\",\"logo\":{\"@type\":\"ImageObject\",\"inLanguage\":\"de\",\"@id\":\"https:\\\/\\\/wein-werte.com\\\/de\\\/#\\\/schema\\\/logo\\\/image\\\/\",\"url\":\"https:\\\/\\\/wein-werte.com\\\/wp-content\\\/uploads\\\/2023\\\/07\\\/Wein_werte_Logo700-1.png\",\"contentUrl\":\"https:\\\/\\\/wein-werte.com\\\/wp-content\\\/uploads\\\/2023\\\/07\\\/Wein_werte_Logo700-1.png\",\"width\":700,\"height\":272,\"caption\":\"Vins Fins Thorrold\"},\"image\":{\"@id\":\"https:\\\/\\\/wein-werte.com\\\/de\\\/#\\\/schema\\\/logo\\\/image\\\/\"}}]}<\/script>\n<!-- \/ Yoast SEO plugin. -->","yoast_head_json":{"title":"Lacourte-Godbillon Brut Nature Premier Cru L2019+R\u00e9serve","description":"Kaufe Lacourte-Godbillon Brut Nature Premier Cru L2019+R\u00e9serve (Chardonnay Cuv\u00e9e, trocken Schaumwein aus Champagne, Frankreich) bei Wein Werte, Ihrem nachhaltigen Onlineshop.","robots":{"index":"index","follow":"follow","max-snippet":"max-snippet:-1","max-image-preview":"max-image-preview:large","max-video-preview":"max-video-preview:-1"},"canonical":"https:\/\/wein-werte.com\/de\/produkt\/lacourte-godbillon-brut-nature-premier-cru-l2019reserve-750ml\/","og_locale":"de_DE","og_type":"article","og_title":"Lacourte-Godbillon Brut Nature Premier Cru L2019+R\u00e9serve","og_description":"Kaufe Lacourte-Godbillon Brut Nature Premier Cru L2019+R\u00e9serve (Chardonnay Cuv\u00e9e, trocken Schaumwein aus Champagne, Frankreich) bei Wein Werte, Ihrem nachhaltigen Onlineshop.","og_url":"https:\/\/wein-werte.com\/de\/produkt\/lacourte-godbillon-brut-nature-premier-cru-l2019reserve-750ml\/","og_site_name":"Wein Werte","article_modified_time":"2026-05-12T17:57:38+00:00","og_image":[{"width":326,"height":1200,"url":"https:\/\/wein-werte.com\/wp-content\/uploads\/2026\/04\/Lacourte-Godbillon-Brut-Nature-Premier-Cru-L2019Reserve-750ml.png","type":"image\/png"}],"twitter_card":"summary_large_image","twitter_misc":{"Gesch\u00e4tzte Lesezeit":"2\u00a0Minuten"},"schema":{"@context":"https:\/\/schema.org","@graph":[{"@type":"WebPage","@id":"https:\/\/wein-werte.com\/de\/produkt\/lacourte-godbillon-brut-nature-premier-cru-l2019reserve-750ml\/","url":"https:\/\/wein-werte.com\/de\/produkt\/lacourte-godbillon-brut-nature-premier-cru-l2019reserve-750ml\/","name":"Lacourte-Godbillon Brut Nature Premier Cru L2019+R\u00e9serve","isPartOf":{"@id":"https:\/\/wein-werte.com\/de\/#website"},"primaryImageOfPage":{"@id":"https:\/\/wein-werte.com\/de\/produkt\/lacourte-godbillon-brut-nature-premier-cru-l2019reserve-750ml\/#primaryimage"},"image":{"@id":"https:\/\/wein-werte.com\/de\/produkt\/lacourte-godbillon-brut-nature-premier-cru-l2019reserve-750ml\/#primaryimage"},"thumbnailUrl":"https:\/\/wein-werte.com\/wp-content\/uploads\/2026\/04\/Lacourte-Godbillon-Brut-Nature-Premier-Cru-L2019Reserve-750ml.png","datePublished":"2026-05-12T13:50:42+00:00","dateModified":"2026-05-12T17:57:38+00:00","description":"Kaufe Lacourte-Godbillon Brut Nature Premier Cru L2019+R\u00e9serve (Chardonnay Cuv\u00e9e, trocken Schaumwein aus Champagne, Frankreich) bei Wein Werte, Ihrem nachhaltigen Onlineshop.","breadcrumb":{"@id":"https:\/\/wein-werte.com\/de\/produkt\/lacourte-godbillon-brut-nature-premier-cru-l2019reserve-750ml\/#breadcrumb"},"inLanguage":"de","potentialAction":[{"@type":"ReadAction","target":["https:\/\/wein-werte.com\/de\/produkt\/lacourte-godbillon-brut-nature-premier-cru-l2019reserve-750ml\/"]}]},{"@type":"ImageObject","inLanguage":"de","@id":"https:\/\/wein-werte.com\/de\/produkt\/lacourte-godbillon-brut-nature-premier-cru-l2019reserve-750ml\/#primaryimage","url":"https:\/\/wein-werte.com\/wp-content\/uploads\/2026\/04\/Lacourte-Godbillon-Brut-Nature-Premier-Cru-L2019Reserve-750ml.png","contentUrl":"https:\/\/wein-werte.com\/wp-content\/uploads\/2026\/04\/Lacourte-Godbillon-Brut-Nature-Premier-Cru-L2019Reserve-750ml.png","width":326,"height":1200,"caption":"Lacourte-Godbillon Brut Nature, Premier Cru L2019+R\u00e9serve NV 750ml"},{"@type":"BreadcrumbList","@id":"https:\/\/wein-werte.com\/de\/produkt\/lacourte-godbillon-brut-nature-premier-cru-l2019reserve-750ml\/#breadcrumb","itemListElement":[{"@type":"ListItem","position":1,"name":"Home","item":"https:\/\/wein-werte.com\/de\/"},{"@type":"ListItem","position":2,"name":"Shop","item":"https:\/\/wein-werte.com\/de\/shop\/"},{"@type":"ListItem","position":3,"name":"Lacourte-Godbillon | Champagne | Brut Nature, Premier Cru L2019+R\u00e9serve | NV | 750ml"}]},{"@type":"WebSite","@id":"https:\/\/wein-werte.com\/de\/#website","url":"https:\/\/wein-werte.com\/de\/","name":"Wein Werte","description":"","publisher":{"@id":"https:\/\/wein-werte.com\/de\/#organization"},"potentialAction":[{"@type":"SearchAction","target":{"@type":"EntryPoint","urlTemplate":"https:\/\/wein-werte.com\/de\/?s={search_term_string}"},"query-input":{"@type":"PropertyValueSpecification","valueRequired":true,"valueName":"search_term_string"}}],"inLanguage":"de"},{"@type":"Organization","@id":"https:\/\/wein-werte.com\/de\/#organization","name":"Vins Fins Thorrold","url":"https:\/\/wein-werte.com\/de\/","logo":{"@type":"ImageObject","inLanguage":"de","@id":"https:\/\/wein-werte.com\/de\/#\/schema\/logo\/image\/","url":"https:\/\/wein-werte.com\/wp-content\/uploads\/2023\/07\/Wein_werte_Logo700-1.png","contentUrl":"https:\/\/wein-werte.com\/wp-content\/uploads\/2023\/07\/Wein_werte_Logo700-1.png","width":700,"height":272,"caption":"Vins Fins Thorrold"},"image":{"@id":"https:\/\/wein-werte.com\/de\/#\/schema\/logo\/image\/"}}]}},"_links":{"self":[{"href":"https:\/\/wein-werte.com\/de\/wp-json\/wp\/v2\/product\/1132697","targetHints":{"allow":["GET"]}}],"collection":[{"href":"https:\/\/wein-werte.com\/de\/wp-json\/wp\/v2\/product"}],"about":[{"href":"https:\/\/wein-werte.com\/de\/wp-json\/wp\/v2\/types\/product"}],"wp:featuredmedia":[{"embeddable":true,"href":"https:\/\/wein-werte.com\/de\/wp-json\/wp\/v2\/media\/1143296"}],"wp:attachment":[{"href":"https:\/\/wein-werte.com\/de\/wp-json\/wp\/v2\/media?parent=1132697"}],"wp:term":[{"taxonomy":"product_brand","embeddable":true,"href":"https:\/\/wein-werte.com\/de\/wp-json\/wp\/v2\/product_brand?post=1132697"},{"taxonomy":"product_cat","embeddable":true,"href":"https:\/\/wein-werte.com\/de\/wp-json\/wp\/v2\/product_cat?post=1132697"},{"taxonomy":"product_tag","embeddable":true,"href":"https:\/\/wein-werte.com\/de\/wp-json\/wp\/v2\/product_tag?post=1132697"}],"curies":[{"name":"wp","href":"https:\/\/api.w.org\/{rel}","templated":true}]}}