{"id":1132687,"date":"2026-05-12T15:50:42","date_gmt":"2026-05-12T13:50:42","guid":{"rendered":"https:\/\/wein-werte.com\/product\/lacourte-godbillon-terroirs-epanouis-1-base-2015-premier-cru-extra-brut-750ml\/"},"modified":"2026-05-12T19:57:38","modified_gmt":"2026-05-12T17:57:38","slug":"lacourte-godbillon-terroirs-epanouis-n1-base-2015-premier-cru-extra-brut-nv-750ml","status":"publish","type":"product","link":"https:\/\/wein-werte.com\/de\/produkt\/lacourte-godbillon-terroirs-epanouis-n1-base-2015-premier-cru-extra-brut-nv-750ml\/","title":{"rendered":"Lacourte-Godbillon | Champagne | Terroirs \u00c9panouis #1, Base 2015 Premier Cru Extra Brut | NV | 750ml"},"content":{"rendered":"<p>Produktbeschreibung f\u00fcr Lacourte-Godbillon Terroirs \u00c9panouis #1, Base 2015 Premier Cru Extra Brut NV  <\/p>\n<h5>Information zum Wein<\/h5>\n<p> Dieser Champagner ist eine Assemblage von 85 % Pinot Noir und 15 % Chardonnay mit 56 % aus 2015 und 44 % Reserve-Weinen. Die Reben stehen in B\u00f6den mit Sanden und lockerem Ton in Ecueil, Montage de Reims. Der Grundwein wurde nach dem Pressen und der Spontanverg\u00e4rung neun Monate lang im Inox und Holz (ca. 11%) ausgebaut. Es wurde nichts stabilisiert oder filtriert oder gesch\u00f6nt. Der Wein wurde im Juli 2016 gef\u00fcllt mehr als sechs Jahre lang sur lattes gereift, um am 16. November 2022 degorgiert zu werden. Er besitzt 1,5 Gramm Dosage. <\/p>\n<h5>Farbe<\/h5>\n<p> Intensives Strohgelb mit leicht kupferfarbenen Reflexen und einem entspannten Mousseux <\/p>\n<h5>Nase<\/h5>\n<p> Der Terroirs \u00c9panouis ist ein Terroir d\u2019Ecueil, der erst deutlich sp\u00e4ter von der Hefe genommen wurde. Entsprechend tiefer und feiner pr\u00e4sentiert er sich. Der Wein aus 2015 mit einem hohen Anteil an Reserve-Weinen duftet nach Quitten, roten und gelben \u00c4pfeln und Pflaumen, etwas Fino Sherry und zersto\u00dfenem Stein. <\/p>\n<h5>Gaumen<\/h5>\n<p> Am Gaumen wirkt der Champagner elegant und im ersten Moment durchaus entspannt in seiner reifen Frucht und dem feinen Mousseux. Dann bauen S\u00e4ure und Mineralit\u00e4t aber doch einen geh\u00f6rigen Spannungsbogen auf und durchdringen den weinigen Charakter des Terroir d\u2019Ecueil. Hinzu kommt ein feiner Gerbstoff, der dem noblen Wein ein paar wichtige, charakterisierende Kanten verleiht. So wird er zu einem Highlight im Portfolio von Lacourte Godbillon.<\/p>\n<p>Copyright Vinaturel 2025<\/p>\n<p>Keywords: <a href=\"https:\/\/wein-werte.com\/de\/shop\/?swoof=1&#038;pa_producer=Lacourte-Godbillon\">Lacourte-Godbillon<\/a> <a href=\"https:\/\/wein-werte.com\/de\/shop\/?swoof=1&#038;woof_text=Terroirs \u00c9panouis #1, Base 2015 Premier Cru Extra Brut\">Terroirs \u00c9panouis #1, Base 2015 Premier Cru Extra Brut<\/a> NV  <a href=\"https:\/\/wein-werte.com\/de\/shop\/?swoof=1&#038;pa_region=Champagne\">Champagne<\/a> <a href=\"https:\/\/wein-werte.com\/de\/shop\/?swoof=1&#038;pa_country=Frankreich\">Frankreich<\/a><\/p>\n<p>Internetseite des Weinguts: <a href=\"https:\/\/www.champagne-lacourte-godbillon.com\/en\/\" target=\"_blank\">https:\/\/www.champagne-lacourte-godbillon.com\/en\/<\/a><\/p>\n","protected":false},"excerpt":{"rendered":"<div style=\"font-size: 14px;\">\n<p>Lieferzeit: 1 bis 2 Arbeitstage (DE), 2 bis 5 Arbeitstage (EU und CH)<\/p>\n<p>Ungef\u00e4hrer Energiegehalt pro 125-ml-Glas: 100 kcal<\/p>\n<\/p><\/div>\n","protected":false},"featured_media":1143292,"template":"","meta":[],"product_brand":[],"product_cat":[19],"product_tag":[],"class_list":{"0":"post-1132687","1":"product","2":"type-product","3":"status-publish","4":"has-post-thumbnail","6":"product_cat-unkategorisiert","7":"pa_alcohol-for-filter-12-5","8":"pa_certified-biodynamic-nein-de","9":"pa_certified-organic-nein-de","10":"pa_colour-weiss","11":"pa_country-frankreich","12":"pa_grape-chardonnay-cuvee","13":"pa_price-for-filter-10618","14":"pa_producer-lacourte-godbillon","15":"pa_region-champagne","16":"pa_size-ml-6584","17":"pa_sweetness-trocken-de","18":"pa_type-2-champagner","19":"pa_vintage-nv-de","20":"entry","21":"has-media","23":"first","24":"instock","25":"taxable","26":"shipping-taxable","27":"purchasable","28":"product-type-simple"},"yoast_head":"<!-- This site is optimized with the Yoast SEO plugin v27.6 - https:\/\/yoast.com\/product\/yoast-seo-wordpress\/ -->\n<title>Lacourte-Godbillon Terroirs \u00c9panouis #1 Base 2015 Premier Cru Extra Brut<\/title>\n<meta name=\"description\" content=\"Kaufe Lacourte-Godbillon Terroirs \u00c9panouis #1 Base 2015 Premier Cru Extra Brut (Chardonnay Cuv\u00e9e, trocken Schaumwein aus Champagne, Frankreich) bei Wein Werte, Ihrem nachhaltigen Onlineshop.\" \/>\n<meta name=\"robots\" content=\"index, follow, max-snippet:-1, max-image-preview:large, max-video-preview:-1\" \/>\n<link rel=\"canonical\" href=\"https:\/\/wein-werte.com\/de\/produkt\/lacourte-godbillon-terroirs-epanouis-1-base-2015-premier-cru-extra-brut-750ml\/\" \/>\n<meta property=\"og:locale\" content=\"de_DE\" \/>\n<meta property=\"og:type\" content=\"article\" \/>\n<meta property=\"og:title\" content=\"Lacourte-Godbillon Terroirs \u00c9panouis #1 Base 2015 Premier Cru Extra Brut\" \/>\n<meta property=\"og:description\" content=\"Kaufe Lacourte-Godbillon Terroirs \u00c9panouis #1 Base 2015 Premier Cru Extra Brut (Chardonnay Cuv\u00e9e, trocken Schaumwein aus Champagne, Frankreich) bei Wein Werte, Ihrem nachhaltigen Onlineshop.\" \/>\n<meta property=\"og:url\" content=\"https:\/\/wein-werte.com\/de\/produkt\/lacourte-godbillon-terroirs-epanouis-1-base-2015-premier-cru-extra-brut-750ml\/\" \/>\n<meta property=\"og:site_name\" content=\"Wein Werte\" \/>\n<meta property=\"article:modified_time\" content=\"2026-05-12T17:57:38+00:00\" \/>\n<meta property=\"og:image\" content=\"https:\/\/wein-werte.com\/wp-content\/uploads\/2026\/04\/Lacourte-Godbillon-Terroirs-Epanouis-1-Base-2015-Premier-Cru-Extra-Brut-750ml.png\" \/>\n\t<meta property=\"og:image:width\" content=\"326\" \/>\n\t<meta property=\"og:image:height\" content=\"1200\" \/>\n\t<meta property=\"og:image:type\" content=\"image\/png\" \/>\n<meta name=\"twitter:card\" content=\"summary_large_image\" \/>\n<meta name=\"twitter:label1\" content=\"Gesch\u00e4tzte Lesezeit\" \/>\n\t<meta name=\"twitter:data1\" content=\"1\u00a0Minute\" \/>\n<script type=\"application\/ld+json\" class=\"yoast-schema-graph\">{\"@context\":\"https:\\\/\\\/schema.org\",\"@graph\":[{\"@type\":\"WebPage\",\"@id\":\"https:\\\/\\\/wein-werte.com\\\/de\\\/produkt\\\/lacourte-godbillon-terroirs-epanouis-1-base-2015-premier-cru-extra-brut-750ml\\\/\",\"url\":\"https:\\\/\\\/wein-werte.com\\\/de\\\/produkt\\\/lacourte-godbillon-terroirs-epanouis-1-base-2015-premier-cru-extra-brut-750ml\\\/\",\"name\":\"Lacourte-Godbillon Terroirs \u00c9panouis #1 Base 2015 Premier Cru Extra Brut\",\"isPartOf\":{\"@id\":\"https:\\\/\\\/wein-werte.com\\\/de\\\/#website\"},\"primaryImageOfPage\":{\"@id\":\"https:\\\/\\\/wein-werte.com\\\/de\\\/produkt\\\/lacourte-godbillon-terroirs-epanouis-1-base-2015-premier-cru-extra-brut-750ml\\\/#primaryimage\"},\"image\":{\"@id\":\"https:\\\/\\\/wein-werte.com\\\/de\\\/produkt\\\/lacourte-godbillon-terroirs-epanouis-1-base-2015-premier-cru-extra-brut-750ml\\\/#primaryimage\"},\"thumbnailUrl\":\"https:\\\/\\\/wein-werte.com\\\/wp-content\\\/uploads\\\/2026\\\/04\\\/Lacourte-Godbillon-Terroirs-Epanouis-1-Base-2015-Premier-Cru-Extra-Brut-750ml.png\",\"datePublished\":\"2026-05-12T13:50:42+00:00\",\"dateModified\":\"2026-05-12T17:57:38+00:00\",\"description\":\"Kaufe Lacourte-Godbillon Terroirs \u00c9panouis #1 Base 2015 Premier Cru Extra Brut (Chardonnay Cuv\u00e9e, trocken Schaumwein aus Champagne, Frankreich) bei Wein Werte, Ihrem nachhaltigen Onlineshop.\",\"breadcrumb\":{\"@id\":\"https:\\\/\\\/wein-werte.com\\\/de\\\/produkt\\\/lacourte-godbillon-terroirs-epanouis-1-base-2015-premier-cru-extra-brut-750ml\\\/#breadcrumb\"},\"inLanguage\":\"de\",\"potentialAction\":[{\"@type\":\"ReadAction\",\"target\":[\"https:\\\/\\\/wein-werte.com\\\/de\\\/produkt\\\/lacourte-godbillon-terroirs-epanouis-1-base-2015-premier-cru-extra-brut-750ml\\\/\"]}]},{\"@type\":\"ImageObject\",\"inLanguage\":\"de\",\"@id\":\"https:\\\/\\\/wein-werte.com\\\/de\\\/produkt\\\/lacourte-godbillon-terroirs-epanouis-1-base-2015-premier-cru-extra-brut-750ml\\\/#primaryimage\",\"url\":\"https:\\\/\\\/wein-werte.com\\\/wp-content\\\/uploads\\\/2026\\\/04\\\/Lacourte-Godbillon-Terroirs-Epanouis-1-Base-2015-Premier-Cru-Extra-Brut-750ml.png\",\"contentUrl\":\"https:\\\/\\\/wein-werte.com\\\/wp-content\\\/uploads\\\/2026\\\/04\\\/Lacourte-Godbillon-Terroirs-Epanouis-1-Base-2015-Premier-Cru-Extra-Brut-750ml.png\",\"width\":326,\"height\":1200,\"caption\":\"Lacourte-Godbillon Terroirs \u00c9panouis #1, Base 2015 Premier Cru Extra Brut NV 750ml\"},{\"@type\":\"BreadcrumbList\",\"@id\":\"https:\\\/\\\/wein-werte.com\\\/de\\\/produkt\\\/lacourte-godbillon-terroirs-epanouis-1-base-2015-premier-cru-extra-brut-750ml\\\/#breadcrumb\",\"itemListElement\":[{\"@type\":\"ListItem\",\"position\":1,\"name\":\"Home\",\"item\":\"https:\\\/\\\/wein-werte.com\\\/de\\\/\"},{\"@type\":\"ListItem\",\"position\":2,\"name\":\"Shop\",\"item\":\"https:\\\/\\\/wein-werte.com\\\/de\\\/shop\\\/\"},{\"@type\":\"ListItem\",\"position\":3,\"name\":\"Lacourte-Godbillon | Champagne | Terroirs \u00c9panouis #1, Base 2015 Premier Cru Extra Brut | NV | 750ml\"}]},{\"@type\":\"WebSite\",\"@id\":\"https:\\\/\\\/wein-werte.com\\\/de\\\/#website\",\"url\":\"https:\\\/\\\/wein-werte.com\\\/de\\\/\",\"name\":\"Wein Werte\",\"description\":\"\",\"publisher\":{\"@id\":\"https:\\\/\\\/wein-werte.com\\\/de\\\/#organization\"},\"potentialAction\":[{\"@type\":\"SearchAction\",\"target\":{\"@type\":\"EntryPoint\",\"urlTemplate\":\"https:\\\/\\\/wein-werte.com\\\/de\\\/?s={search_term_string}\"},\"query-input\":{\"@type\":\"PropertyValueSpecification\",\"valueRequired\":true,\"valueName\":\"search_term_string\"}}],\"inLanguage\":\"de\"},{\"@type\":\"Organization\",\"@id\":\"https:\\\/\\\/wein-werte.com\\\/de\\\/#organization\",\"name\":\"Vins Fins Thorrold\",\"url\":\"https:\\\/\\\/wein-werte.com\\\/de\\\/\",\"logo\":{\"@type\":\"ImageObject\",\"inLanguage\":\"de\",\"@id\":\"https:\\\/\\\/wein-werte.com\\\/de\\\/#\\\/schema\\\/logo\\\/image\\\/\",\"url\":\"https:\\\/\\\/wein-werte.com\\\/wp-content\\\/uploads\\\/2023\\\/07\\\/Wein_werte_Logo700-1.png\",\"contentUrl\":\"https:\\\/\\\/wein-werte.com\\\/wp-content\\\/uploads\\\/2023\\\/07\\\/Wein_werte_Logo700-1.png\",\"width\":700,\"height\":272,\"caption\":\"Vins Fins Thorrold\"},\"image\":{\"@id\":\"https:\\\/\\\/wein-werte.com\\\/de\\\/#\\\/schema\\\/logo\\\/image\\\/\"}}]}<\/script>\n<!-- \/ Yoast SEO plugin. -->","yoast_head_json":{"title":"Lacourte-Godbillon Terroirs \u00c9panouis #1 Base 2015 Premier Cru Extra Brut","description":"Kaufe Lacourte-Godbillon Terroirs \u00c9panouis #1 Base 2015 Premier Cru Extra Brut (Chardonnay Cuv\u00e9e, trocken Schaumwein aus Champagne, Frankreich) bei Wein Werte, Ihrem nachhaltigen Onlineshop.","robots":{"index":"index","follow":"follow","max-snippet":"max-snippet:-1","max-image-preview":"max-image-preview:large","max-video-preview":"max-video-preview:-1"},"canonical":"https:\/\/wein-werte.com\/de\/produkt\/lacourte-godbillon-terroirs-epanouis-1-base-2015-premier-cru-extra-brut-750ml\/","og_locale":"de_DE","og_type":"article","og_title":"Lacourte-Godbillon Terroirs \u00c9panouis #1 Base 2015 Premier Cru Extra Brut","og_description":"Kaufe Lacourte-Godbillon Terroirs \u00c9panouis #1 Base 2015 Premier Cru Extra Brut (Chardonnay Cuv\u00e9e, trocken Schaumwein aus Champagne, Frankreich) bei Wein Werte, Ihrem nachhaltigen Onlineshop.","og_url":"https:\/\/wein-werte.com\/de\/produkt\/lacourte-godbillon-terroirs-epanouis-1-base-2015-premier-cru-extra-brut-750ml\/","og_site_name":"Wein Werte","article_modified_time":"2026-05-12T17:57:38+00:00","og_image":[{"width":326,"height":1200,"url":"https:\/\/wein-werte.com\/wp-content\/uploads\/2026\/04\/Lacourte-Godbillon-Terroirs-Epanouis-1-Base-2015-Premier-Cru-Extra-Brut-750ml.png","type":"image\/png"}],"twitter_card":"summary_large_image","twitter_misc":{"Gesch\u00e4tzte Lesezeit":"1\u00a0Minute"},"schema":{"@context":"https:\/\/schema.org","@graph":[{"@type":"WebPage","@id":"https:\/\/wein-werte.com\/de\/produkt\/lacourte-godbillon-terroirs-epanouis-1-base-2015-premier-cru-extra-brut-750ml\/","url":"https:\/\/wein-werte.com\/de\/produkt\/lacourte-godbillon-terroirs-epanouis-1-base-2015-premier-cru-extra-brut-750ml\/","name":"Lacourte-Godbillon Terroirs \u00c9panouis #1 Base 2015 Premier Cru Extra Brut","isPartOf":{"@id":"https:\/\/wein-werte.com\/de\/#website"},"primaryImageOfPage":{"@id":"https:\/\/wein-werte.com\/de\/produkt\/lacourte-godbillon-terroirs-epanouis-1-base-2015-premier-cru-extra-brut-750ml\/#primaryimage"},"image":{"@id":"https:\/\/wein-werte.com\/de\/produkt\/lacourte-godbillon-terroirs-epanouis-1-base-2015-premier-cru-extra-brut-750ml\/#primaryimage"},"thumbnailUrl":"https:\/\/wein-werte.com\/wp-content\/uploads\/2026\/04\/Lacourte-Godbillon-Terroirs-Epanouis-1-Base-2015-Premier-Cru-Extra-Brut-750ml.png","datePublished":"2026-05-12T13:50:42+00:00","dateModified":"2026-05-12T17:57:38+00:00","description":"Kaufe Lacourte-Godbillon Terroirs \u00c9panouis #1 Base 2015 Premier Cru Extra Brut (Chardonnay Cuv\u00e9e, trocken Schaumwein aus Champagne, Frankreich) bei Wein Werte, Ihrem nachhaltigen Onlineshop.","breadcrumb":{"@id":"https:\/\/wein-werte.com\/de\/produkt\/lacourte-godbillon-terroirs-epanouis-1-base-2015-premier-cru-extra-brut-750ml\/#breadcrumb"},"inLanguage":"de","potentialAction":[{"@type":"ReadAction","target":["https:\/\/wein-werte.com\/de\/produkt\/lacourte-godbillon-terroirs-epanouis-1-base-2015-premier-cru-extra-brut-750ml\/"]}]},{"@type":"ImageObject","inLanguage":"de","@id":"https:\/\/wein-werte.com\/de\/produkt\/lacourte-godbillon-terroirs-epanouis-1-base-2015-premier-cru-extra-brut-750ml\/#primaryimage","url":"https:\/\/wein-werte.com\/wp-content\/uploads\/2026\/04\/Lacourte-Godbillon-Terroirs-Epanouis-1-Base-2015-Premier-Cru-Extra-Brut-750ml.png","contentUrl":"https:\/\/wein-werte.com\/wp-content\/uploads\/2026\/04\/Lacourte-Godbillon-Terroirs-Epanouis-1-Base-2015-Premier-Cru-Extra-Brut-750ml.png","width":326,"height":1200,"caption":"Lacourte-Godbillon Terroirs \u00c9panouis #1, Base 2015 Premier Cru Extra Brut NV 750ml"},{"@type":"BreadcrumbList","@id":"https:\/\/wein-werte.com\/de\/produkt\/lacourte-godbillon-terroirs-epanouis-1-base-2015-premier-cru-extra-brut-750ml\/#breadcrumb","itemListElement":[{"@type":"ListItem","position":1,"name":"Home","item":"https:\/\/wein-werte.com\/de\/"},{"@type":"ListItem","position":2,"name":"Shop","item":"https:\/\/wein-werte.com\/de\/shop\/"},{"@type":"ListItem","position":3,"name":"Lacourte-Godbillon | Champagne | Terroirs \u00c9panouis #1, Base 2015 Premier Cru Extra Brut | NV | 750ml"}]},{"@type":"WebSite","@id":"https:\/\/wein-werte.com\/de\/#website","url":"https:\/\/wein-werte.com\/de\/","name":"Wein Werte","description":"","publisher":{"@id":"https:\/\/wein-werte.com\/de\/#organization"},"potentialAction":[{"@type":"SearchAction","target":{"@type":"EntryPoint","urlTemplate":"https:\/\/wein-werte.com\/de\/?s={search_term_string}"},"query-input":{"@type":"PropertyValueSpecification","valueRequired":true,"valueName":"search_term_string"}}],"inLanguage":"de"},{"@type":"Organization","@id":"https:\/\/wein-werte.com\/de\/#organization","name":"Vins Fins Thorrold","url":"https:\/\/wein-werte.com\/de\/","logo":{"@type":"ImageObject","inLanguage":"de","@id":"https:\/\/wein-werte.com\/de\/#\/schema\/logo\/image\/","url":"https:\/\/wein-werte.com\/wp-content\/uploads\/2023\/07\/Wein_werte_Logo700-1.png","contentUrl":"https:\/\/wein-werte.com\/wp-content\/uploads\/2023\/07\/Wein_werte_Logo700-1.png","width":700,"height":272,"caption":"Vins Fins Thorrold"},"image":{"@id":"https:\/\/wein-werte.com\/de\/#\/schema\/logo\/image\/"}}]}},"_links":{"self":[{"href":"https:\/\/wein-werte.com\/de\/wp-json\/wp\/v2\/product\/1132687","targetHints":{"allow":["GET"]}}],"collection":[{"href":"https:\/\/wein-werte.com\/de\/wp-json\/wp\/v2\/product"}],"about":[{"href":"https:\/\/wein-werte.com\/de\/wp-json\/wp\/v2\/types\/product"}],"wp:featuredmedia":[{"embeddable":true,"href":"https:\/\/wein-werte.com\/de\/wp-json\/wp\/v2\/media\/1143292"}],"wp:attachment":[{"href":"https:\/\/wein-werte.com\/de\/wp-json\/wp\/v2\/media?parent=1132687"}],"wp:term":[{"taxonomy":"product_brand","embeddable":true,"href":"https:\/\/wein-werte.com\/de\/wp-json\/wp\/v2\/product_brand?post=1132687"},{"taxonomy":"product_cat","embeddable":true,"href":"https:\/\/wein-werte.com\/de\/wp-json\/wp\/v2\/product_cat?post=1132687"},{"taxonomy":"product_tag","embeddable":true,"href":"https:\/\/wein-werte.com\/de\/wp-json\/wp\/v2\/product_tag?post=1132687"}],"curies":[{"name":"wp","href":"https:\/\/api.w.org\/{rel}","templated":true}]}}