{"id":1132679,"date":"2026-05-08T20:04:11","date_gmt":"2026-05-08T18:04:11","guid":{"rendered":"https:\/\/wein-werte.com\/product\/lacourte-godbillon-chaillots-premier-cru-extra-brut-2015-750ml\/"},"modified":"2026-04-27T11:49:22","modified_gmt":"2026-04-27T09:49:22","slug":"lacourte-godbillon-chaillots-premier-cru-extra-brut-2015-750ml","status":"publish","type":"product","link":"https:\/\/wein-werte.com\/de\/produkt\/lacourte-godbillon-chaillots-premier-cru-extra-brut-2015-750ml\/","title":{"rendered":"Lacourte-Godbillon | Champagne | Chaillots, Premier Cru Extra Brut | 2015 | 750ml"},"content":{"rendered":"<p>Produktbeschreibung f\u00fcr Lacourte-Godbillon Chaillots, Premier Cru Extra Brut 2015 <\/p>\n<p> Das Weingut von Geraldine Lacourte und Ihrem Mann Richard Desvignes liegt in Ecueil im Herzen der Petit Montagne de Reims. Sie konzentrieren sich ganz auf die 1er Cru Lagen in diese m Ort, haben dadurch kurze Wege und verbringen sehr viel Zeit in Ihren Weinbergen. Der Betrieb wurde 2016 auf biologischen Weinbau umgestellt. Beide haben viel von der Welt gesehen und sich erst sp\u00e4t entschieden, das Weingut von Geraldines Eltern zu \u00fcbernehmen. Geraldine hat jahrelang in Deutschland im Marketing gearbeitet, so dass der Stil des Weinguts nicht angestaubt, sondern eher modern ausf\u00e4llt. Die Grundweine werden im Edelstahl vergoren und machen nicht unbedingt den BSA. Nur ein Teil wird im Barrique ausgebaut. Sehr klar, pr\u00e4zise und straff, spiegeln sie Ihre Herkunft wider, stets gepr\u00e4gt von ihrer feinen Frucht und eleganter Tiefgr\u00fcndigkeit. Der 2015 Parcellaire Chaillots 1er Cru besteht aus 100% Pinot Noir und stammt von durchschnittlich 55 Jahre alten Rebst\u00f6cken, gewachsen auf Sand und Tuffstein. Die Trauben wurden von Hand gelesen und der Most ausgebaut in gebrauchten 300 Liter F\u00e4ssern. Der Wein reifte f\u00fcr f\u00fcnfeinhalb Jahre im Keller, bis er am 16. Dezember 2021 degorgiert wurde und schlanken zwei Gramm als Extra Brut eingestellt wurde. <\/p>\n<h5>Farbe<\/h5>\n<p> Dunkles Strohgelb mit zwiebelschalenfarbigen Reflexen und feiner Perlage. <\/p>\n<h5>Nase<\/h5>\n<p> In der Nase entbl\u00e4tterter sich der 2015 Chaillots Premier Cru von Lacourte-Godbillon Schicht um Schicht. Zun\u00e4chst dominieren dank der langen Zeit auf der Hefe Autolysenoten: Die Krume von frischem Roggensauerteigbrot aber auch r\u00f6stige Toastnoten schweben zeppelingleich \u00fcber dem Gesamtauftritt. Mit zunehmender Bel\u00fcftung emanzipieren sich rote Beerenfr\u00fcchte wie Waldhimbeeren und Erdbeeren, \u00e4therisch balanciert durch das \u00d6l vollreifer Blutorangen. Salzbutter ist zweifelsohne mit im Spiel, auch mineralische Aspekte wie Austernschalen oder nasse Tafelkreide bleiben nicht unbeachtet. <\/p>\n<h5>Mund<\/h5>\n<p> Die Perlage ist im Antrunk so feingliedrig, zart und fast schon subtil, dass sie eher an glitzernden Sternenstaub denn an regul\u00e4res kohlensaures Geblubber erinnert. Sie erhellt dden Gesamtauftritt dieses kraftvollen und rotfruchtigen Champagners, der mit reifer und weit gespannter S\u00e4ure den Gaumen erhellt. Vielschichtig, eigenst\u00e4ndig und komplex verl\u00e4sst dieser Champagner ganz klar die Empfangssituation und deutet mit vertraulichem Nicken in Richtung Tafel zu gehobenen bis elaborierten K\u00fcche.<\/p>\n<p>Copyright Vinaturel 2025<\/p>\n<p>Keywords: <a href=\"https:\/\/wein-werte.com\/de\/shop\/?swoof=1&#038;pa_producer=Lacourte-Godbillon\">Lacourte-Godbillon<\/a> <a href=\"https:\/\/wein-werte.com\/de\/shop\/?swoof=1&#038;woof_text=Chaillots, Premier Cru Extra Brut\">Chaillots, Premier Cru Extra Brut<\/a> 2015  <a href=\"https:\/\/wein-werte.com\/de\/shop\/?swoof=1&#038;pa_region=Champagne\">Champagne<\/a> <a href=\"https:\/\/wein-werte.com\/de\/shop\/?swoof=1&#038;pa_country=Frankreich\">Frankreich<\/a><\/p>\n<h3>Wine Advocate<\/h3>\n<p>Punkte: 92+<\/p>\n<p>Der 2015er Extra-Brut Premier Cru Les Chaillots wurde im September 2019 mit einer Dosage von 3,5 Gramm pro Liter degorgiert und entfaltet im Glas Aromen von Zitrus\u00f6l, wei\u00dfen Johannisbeeren und nassen Steinen, vermischt mit subtilen Ankl\u00e4ngen von warmem Geb\u00e4ck und Mandeln. Mittel- bis vollmundig, elegant kr\u00e4ftig und pr\u00e4gnant, mit einer spritzigen S\u00e4ure und einer punktgenauen Mousse, ist er sch\u00f6n konzentriert und strukturiert und endet mit einem knochentrockenen und zart eichenholzigen Abgang. Nach ein oder zwei Jahren Lagerung auf dem Korken wird er noch besser.<br \/>William Kelley<\/p>\n<p>Internetseite des Weinguts: <a href=\"https:\/\/www.champagne-lacourte-godbillon.com\/en\/\" target=\"_blank\">https:\/\/www.champagne-lacourte-godbillon.com\/en\/<\/a><\/p>\n","protected":false},"excerpt":{"rendered":"<p>Lieferzeit: 1 bis 2 Arbeitstage (DE), 2 bis 5 Arbeitstage (EU and CH)<\/p>\n","protected":false},"featured_media":1143286,"template":"","meta":[],"product_brand":[],"product_cat":[19],"product_tag":[],"class_list":{"0":"post-1132679","1":"product","2":"type-product","3":"status-publish","4":"has-post-thumbnail","6":"product_cat-unkategorisiert","7":"pa_alcohol-for-filter-12893","8":"pa_certified-biodynamic-nein-de","9":"pa_certified-organic-nein-de","10":"pa_colour-weiss","11":"pa_country-frankreich","12":"pa_grape-pinot-noir-spatburgunder","13":"pa_parker-points-for-filter-92-de","14":"pa_price-for-filter-10659","15":"pa_producer-lacourte-godbillon","16":"pa_region-champagne","17":"pa_size-ml-6584","18":"pa_sweetness-trocken-de","19":"pa_type-2-champagner","20":"pa_vintage-2015-de","21":"entry","22":"has-media","24":"first","25":"instock","26":"taxable","27":"shipping-taxable","28":"purchasable","29":"product-type-simple"},"yoast_head":"<!-- This site is optimized with the Yoast SEO plugin v27.5 - https:\/\/yoast.com\/product\/yoast-seo-wordpress\/ -->\n<title>Lacourte-Godbillon Chaillots Premier Cru Extra Brut 2015<\/title>\n<meta name=\"description\" content=\"Kaufe Lacourte-Godbillon Chaillots Premier Cru Extra Brut 2015 (Pinot Noir, trocken Schaumwein aus Champagne, Frankreich) bei Wein Werte, Ihrem nachhaltigen Onlineshop.\" \/>\n<meta name=\"robots\" content=\"index, follow, max-snippet:-1, max-image-preview:large, max-video-preview:-1\" \/>\n<link rel=\"canonical\" href=\"https:\/\/wein-werte.com\/de\/produkt\/lacourte-godbillon-chaillots-premier-cru-extra-brut-2015-750ml\/\" \/>\n<meta property=\"og:locale\" content=\"de_DE\" \/>\n<meta property=\"og:type\" content=\"article\" \/>\n<meta property=\"og:title\" content=\"Lacourte-Godbillon Chaillots Premier Cru Extra Brut 2015\" \/>\n<meta property=\"og:description\" content=\"Kaufe Lacourte-Godbillon Chaillots Premier Cru Extra Brut 2015 (Pinot Noir, trocken Schaumwein aus Champagne, Frankreich) bei Wein Werte, Ihrem nachhaltigen Onlineshop.\" \/>\n<meta property=\"og:url\" content=\"https:\/\/wein-werte.com\/de\/produkt\/lacourte-godbillon-chaillots-premier-cru-extra-brut-2015-750ml\/\" \/>\n<meta property=\"og:site_name\" content=\"Wein Werte\" \/>\n<meta property=\"og:image\" content=\"https:\/\/wein-werte.com\/wp-content\/uploads\/2026\/04\/Lacourte-Godbillon-Chaillots-Premier-Cru-Extra-Brut-2015-750ml.png\" \/>\n\t<meta property=\"og:image:width\" content=\"342\" \/>\n\t<meta property=\"og:image:height\" content=\"1200\" \/>\n\t<meta property=\"og:image:type\" content=\"image\/png\" \/>\n<meta name=\"twitter:card\" content=\"summary_large_image\" \/>\n<meta name=\"twitter:label1\" content=\"Gesch\u00e4tzte Lesezeit\" \/>\n\t<meta name=\"twitter:data1\" content=\"2\u00a0Minuten\" \/>\n<script type=\"application\/ld+json\" class=\"yoast-schema-graph\">{\"@context\":\"https:\\\/\\\/schema.org\",\"@graph\":[{\"@type\":\"WebPage\",\"@id\":\"https:\\\/\\\/wein-werte.com\\\/de\\\/produkt\\\/lacourte-godbillon-chaillots-premier-cru-extra-brut-2015-750ml\\\/\",\"url\":\"https:\\\/\\\/wein-werte.com\\\/de\\\/produkt\\\/lacourte-godbillon-chaillots-premier-cru-extra-brut-2015-750ml\\\/\",\"name\":\"Lacourte-Godbillon Chaillots Premier Cru Extra Brut 2015\",\"isPartOf\":{\"@id\":\"https:\\\/\\\/wein-werte.com\\\/de\\\/#website\"},\"primaryImageOfPage\":{\"@id\":\"https:\\\/\\\/wein-werte.com\\\/de\\\/produkt\\\/lacourte-godbillon-chaillots-premier-cru-extra-brut-2015-750ml\\\/#primaryimage\"},\"image\":{\"@id\":\"https:\\\/\\\/wein-werte.com\\\/de\\\/produkt\\\/lacourte-godbillon-chaillots-premier-cru-extra-brut-2015-750ml\\\/#primaryimage\"},\"thumbnailUrl\":\"https:\\\/\\\/wein-werte.com\\\/wp-content\\\/uploads\\\/2026\\\/04\\\/Lacourte-Godbillon-Chaillots-Premier-Cru-Extra-Brut-2015-750ml.png\",\"datePublished\":\"2026-05-08T18:04:11+00:00\",\"description\":\"Kaufe Lacourte-Godbillon Chaillots Premier Cru Extra Brut 2015 (Pinot Noir, trocken Schaumwein aus Champagne, Frankreich) bei Wein Werte, Ihrem nachhaltigen Onlineshop.\",\"breadcrumb\":{\"@id\":\"https:\\\/\\\/wein-werte.com\\\/de\\\/produkt\\\/lacourte-godbillon-chaillots-premier-cru-extra-brut-2015-750ml\\\/#breadcrumb\"},\"inLanguage\":\"de\",\"potentialAction\":[{\"@type\":\"ReadAction\",\"target\":[\"https:\\\/\\\/wein-werte.com\\\/de\\\/produkt\\\/lacourte-godbillon-chaillots-premier-cru-extra-brut-2015-750ml\\\/\"]}]},{\"@type\":\"ImageObject\",\"inLanguage\":\"de\",\"@id\":\"https:\\\/\\\/wein-werte.com\\\/de\\\/produkt\\\/lacourte-godbillon-chaillots-premier-cru-extra-brut-2015-750ml\\\/#primaryimage\",\"url\":\"https:\\\/\\\/wein-werte.com\\\/wp-content\\\/uploads\\\/2026\\\/04\\\/Lacourte-Godbillon-Chaillots-Premier-Cru-Extra-Brut-2015-750ml.png\",\"contentUrl\":\"https:\\\/\\\/wein-werte.com\\\/wp-content\\\/uploads\\\/2026\\\/04\\\/Lacourte-Godbillon-Chaillots-Premier-Cru-Extra-Brut-2015-750ml.png\",\"width\":342,\"height\":1200,\"caption\":\"Lacourte-Godbillon Chaillots, Premier Cru Extra Brut 2015 750ml\"},{\"@type\":\"BreadcrumbList\",\"@id\":\"https:\\\/\\\/wein-werte.com\\\/de\\\/produkt\\\/lacourte-godbillon-chaillots-premier-cru-extra-brut-2015-750ml\\\/#breadcrumb\",\"itemListElement\":[{\"@type\":\"ListItem\",\"position\":1,\"name\":\"Home\",\"item\":\"https:\\\/\\\/wein-werte.com\\\/de\\\/\"},{\"@type\":\"ListItem\",\"position\":2,\"name\":\"Shop\",\"item\":\"https:\\\/\\\/wein-werte.com\\\/de\\\/shop\\\/\"},{\"@type\":\"ListItem\",\"position\":3,\"name\":\"Lacourte-Godbillon | Champagne | Chaillots, Premier Cru Extra Brut | 2015 | 750ml\"}]},{\"@type\":\"WebSite\",\"@id\":\"https:\\\/\\\/wein-werte.com\\\/de\\\/#website\",\"url\":\"https:\\\/\\\/wein-werte.com\\\/de\\\/\",\"name\":\"Wein Werte\",\"description\":\"\",\"publisher\":{\"@id\":\"https:\\\/\\\/wein-werte.com\\\/de\\\/#organization\"},\"potentialAction\":[{\"@type\":\"SearchAction\",\"target\":{\"@type\":\"EntryPoint\",\"urlTemplate\":\"https:\\\/\\\/wein-werte.com\\\/de\\\/?s={search_term_string}\"},\"query-input\":{\"@type\":\"PropertyValueSpecification\",\"valueRequired\":true,\"valueName\":\"search_term_string\"}}],\"inLanguage\":\"de\"},{\"@type\":\"Organization\",\"@id\":\"https:\\\/\\\/wein-werte.com\\\/de\\\/#organization\",\"name\":\"Vins Fins Thorrold\",\"url\":\"https:\\\/\\\/wein-werte.com\\\/de\\\/\",\"logo\":{\"@type\":\"ImageObject\",\"inLanguage\":\"de\",\"@id\":\"https:\\\/\\\/wein-werte.com\\\/de\\\/#\\\/schema\\\/logo\\\/image\\\/\",\"url\":\"https:\\\/\\\/wein-werte.com\\\/wp-content\\\/uploads\\\/2023\\\/07\\\/Wein_werte_Logo700-1.png\",\"contentUrl\":\"https:\\\/\\\/wein-werte.com\\\/wp-content\\\/uploads\\\/2023\\\/07\\\/Wein_werte_Logo700-1.png\",\"width\":700,\"height\":272,\"caption\":\"Vins Fins Thorrold\"},\"image\":{\"@id\":\"https:\\\/\\\/wein-werte.com\\\/de\\\/#\\\/schema\\\/logo\\\/image\\\/\"}}]}<\/script>\n<!-- \/ Yoast SEO plugin. -->","yoast_head_json":{"title":"Lacourte-Godbillon Chaillots Premier Cru Extra Brut 2015","description":"Kaufe Lacourte-Godbillon Chaillots Premier Cru Extra Brut 2015 (Pinot Noir, trocken Schaumwein aus Champagne, Frankreich) bei Wein Werte, Ihrem nachhaltigen Onlineshop.","robots":{"index":"index","follow":"follow","max-snippet":"max-snippet:-1","max-image-preview":"max-image-preview:large","max-video-preview":"max-video-preview:-1"},"canonical":"https:\/\/wein-werte.com\/de\/produkt\/lacourte-godbillon-chaillots-premier-cru-extra-brut-2015-750ml\/","og_locale":"de_DE","og_type":"article","og_title":"Lacourte-Godbillon Chaillots Premier Cru Extra Brut 2015","og_description":"Kaufe Lacourte-Godbillon Chaillots Premier Cru Extra Brut 2015 (Pinot Noir, trocken Schaumwein aus Champagne, Frankreich) bei Wein Werte, Ihrem nachhaltigen Onlineshop.","og_url":"https:\/\/wein-werte.com\/de\/produkt\/lacourte-godbillon-chaillots-premier-cru-extra-brut-2015-750ml\/","og_site_name":"Wein Werte","og_image":[{"width":342,"height":1200,"url":"https:\/\/wein-werte.com\/wp-content\/uploads\/2026\/04\/Lacourte-Godbillon-Chaillots-Premier-Cru-Extra-Brut-2015-750ml.png","type":"image\/png"}],"twitter_card":"summary_large_image","twitter_misc":{"Gesch\u00e4tzte Lesezeit":"2\u00a0Minuten"},"schema":{"@context":"https:\/\/schema.org","@graph":[{"@type":"WebPage","@id":"https:\/\/wein-werte.com\/de\/produkt\/lacourte-godbillon-chaillots-premier-cru-extra-brut-2015-750ml\/","url":"https:\/\/wein-werte.com\/de\/produkt\/lacourte-godbillon-chaillots-premier-cru-extra-brut-2015-750ml\/","name":"Lacourte-Godbillon Chaillots Premier Cru Extra Brut 2015","isPartOf":{"@id":"https:\/\/wein-werte.com\/de\/#website"},"primaryImageOfPage":{"@id":"https:\/\/wein-werte.com\/de\/produkt\/lacourte-godbillon-chaillots-premier-cru-extra-brut-2015-750ml\/#primaryimage"},"image":{"@id":"https:\/\/wein-werte.com\/de\/produkt\/lacourte-godbillon-chaillots-premier-cru-extra-brut-2015-750ml\/#primaryimage"},"thumbnailUrl":"https:\/\/wein-werte.com\/wp-content\/uploads\/2026\/04\/Lacourte-Godbillon-Chaillots-Premier-Cru-Extra-Brut-2015-750ml.png","datePublished":"2026-05-08T18:04:11+00:00","description":"Kaufe Lacourte-Godbillon Chaillots Premier Cru Extra Brut 2015 (Pinot Noir, trocken Schaumwein aus Champagne, Frankreich) bei Wein Werte, Ihrem nachhaltigen Onlineshop.","breadcrumb":{"@id":"https:\/\/wein-werte.com\/de\/produkt\/lacourte-godbillon-chaillots-premier-cru-extra-brut-2015-750ml\/#breadcrumb"},"inLanguage":"de","potentialAction":[{"@type":"ReadAction","target":["https:\/\/wein-werte.com\/de\/produkt\/lacourte-godbillon-chaillots-premier-cru-extra-brut-2015-750ml\/"]}]},{"@type":"ImageObject","inLanguage":"de","@id":"https:\/\/wein-werte.com\/de\/produkt\/lacourte-godbillon-chaillots-premier-cru-extra-brut-2015-750ml\/#primaryimage","url":"https:\/\/wein-werte.com\/wp-content\/uploads\/2026\/04\/Lacourte-Godbillon-Chaillots-Premier-Cru-Extra-Brut-2015-750ml.png","contentUrl":"https:\/\/wein-werte.com\/wp-content\/uploads\/2026\/04\/Lacourte-Godbillon-Chaillots-Premier-Cru-Extra-Brut-2015-750ml.png","width":342,"height":1200,"caption":"Lacourte-Godbillon Chaillots, Premier Cru Extra Brut 2015 750ml"},{"@type":"BreadcrumbList","@id":"https:\/\/wein-werte.com\/de\/produkt\/lacourte-godbillon-chaillots-premier-cru-extra-brut-2015-750ml\/#breadcrumb","itemListElement":[{"@type":"ListItem","position":1,"name":"Home","item":"https:\/\/wein-werte.com\/de\/"},{"@type":"ListItem","position":2,"name":"Shop","item":"https:\/\/wein-werte.com\/de\/shop\/"},{"@type":"ListItem","position":3,"name":"Lacourte-Godbillon | Champagne | Chaillots, Premier Cru Extra Brut | 2015 | 750ml"}]},{"@type":"WebSite","@id":"https:\/\/wein-werte.com\/de\/#website","url":"https:\/\/wein-werte.com\/de\/","name":"Wein Werte","description":"","publisher":{"@id":"https:\/\/wein-werte.com\/de\/#organization"},"potentialAction":[{"@type":"SearchAction","target":{"@type":"EntryPoint","urlTemplate":"https:\/\/wein-werte.com\/de\/?s={search_term_string}"},"query-input":{"@type":"PropertyValueSpecification","valueRequired":true,"valueName":"search_term_string"}}],"inLanguage":"de"},{"@type":"Organization","@id":"https:\/\/wein-werte.com\/de\/#organization","name":"Vins Fins Thorrold","url":"https:\/\/wein-werte.com\/de\/","logo":{"@type":"ImageObject","inLanguage":"de","@id":"https:\/\/wein-werte.com\/de\/#\/schema\/logo\/image\/","url":"https:\/\/wein-werte.com\/wp-content\/uploads\/2023\/07\/Wein_werte_Logo700-1.png","contentUrl":"https:\/\/wein-werte.com\/wp-content\/uploads\/2023\/07\/Wein_werte_Logo700-1.png","width":700,"height":272,"caption":"Vins Fins Thorrold"},"image":{"@id":"https:\/\/wein-werte.com\/de\/#\/schema\/logo\/image\/"}}]}},"_links":{"self":[{"href":"https:\/\/wein-werte.com\/de\/wp-json\/wp\/v2\/product\/1132679","targetHints":{"allow":["GET"]}}],"collection":[{"href":"https:\/\/wein-werte.com\/de\/wp-json\/wp\/v2\/product"}],"about":[{"href":"https:\/\/wein-werte.com\/de\/wp-json\/wp\/v2\/types\/product"}],"wp:featuredmedia":[{"embeddable":true,"href":"https:\/\/wein-werte.com\/de\/wp-json\/wp\/v2\/media\/1143286"}],"wp:attachment":[{"href":"https:\/\/wein-werte.com\/de\/wp-json\/wp\/v2\/media?parent=1132679"}],"wp:term":[{"taxonomy":"product_brand","embeddable":true,"href":"https:\/\/wein-werte.com\/de\/wp-json\/wp\/v2\/product_brand?post=1132679"},{"taxonomy":"product_cat","embeddable":true,"href":"https:\/\/wein-werte.com\/de\/wp-json\/wp\/v2\/product_cat?post=1132679"},{"taxonomy":"product_tag","embeddable":true,"href":"https:\/\/wein-werte.com\/de\/wp-json\/wp\/v2\/product_tag?post=1132679"}],"curies":[{"name":"wp","href":"https:\/\/api.w.org\/{rel}","templated":true}]}}