{"id":1132674,"date":"2026-05-12T15:50:41","date_gmt":"2026-05-12T13:50:41","guid":{"rendered":"https:\/\/wein-werte.com\/product\/lacourte-godbillon-terroirs-decueil-premier-cru-extra-brut-375ml\/"},"modified":"2026-05-12T19:57:38","modified_gmt":"2026-05-12T17:57:38","slug":"lacourte-godbillon-terroirs-d-ecueil-premier-cru-extra-brut-nv-375ml","status":"publish","type":"product","link":"https:\/\/wein-werte.com\/de\/produkt\/lacourte-godbillon-terroirs-d-ecueil-premier-cru-extra-brut-nv-375ml\/","title":{"rendered":"Lacourte-Godbillon | Champagne | Terroirs d&#8217;Ecueil, Premier Cru Extra Brut | NV | 375ml"},"content":{"rendered":"<p>Produktbeschreibung f\u00fcr Lacourte-Godbillon Terroirs d&#8217;Ecueil, Premier Cru Extra Brut NV <\/p>\n<h5>Farbe<\/h5>\n<p> Blasses Strohgelb, leuchtend und klar. \u00a0 <\/p>\n<h5>Nase<\/h5>\n<p> Mit \u00fcppigem Auftakt vereint die Nase Aromen von Orangenzesten, roten Apfelschalen und gr\u00fcnen Mandeln mit den Autolysenoten nach Hefe, Brotkrumen und ger\u00f6steten Haseln\u00fcssen. Pr\u00e4senz ist das Thema, das dem Terroir d\u2019Ecueil in die Karten spielt, wenn ein gutes Glas Champagner gefragt is: Heftig mit charmanter Frucht steht er sofort im Glas wie \u2018ne Eins plus mit Sternchen. \u00a0 <\/p>\n<h5>Mund<\/h5>\n<p> Mit feiner Perle fliesst der Terroir d\u2019Ecueil von Lacourte-Godbillon elegant \u00fcber des Zechers Gaumen. Mit saftig-schlotziger Frucht und dezenter Hefenote vereint die Cuv\u00e9e aus 85% Pinot Noir und 15% Chardonnay Kraft und Noblesse in daseinsbeschwingter Beil\u00e4ufigkeit. Degorgiert nach 30 Monaten Hefelager im Dezember 2012 und dosiert mit schlanken f\u00fcnf Gramm ist er dank seines weitschweifigen S\u00e4urebogens wohlbalanciert und bietet maximales Champagner Vergn\u00fcgen mit hohem handwerklichem Anspruch und langem, zart salzigem Nachhall.<\/p>\n<p>Copyright Vinaturel 2025<\/p>\n<p>Keywords: <a href=\"https:\/\/wein-werte.com\/de\/shop\/?swoof=1&#038;pa_producer=Lacourte-Godbillon\">Lacourte-Godbillon<\/a> <a href=\"https:\/\/wein-werte.com\/de\/shop\/?swoof=1&#038;woof_text=Terroirs d'Ecueil, Premier Cru Extra Brut\">Terroirs d&#8217;Ecueil, Premier Cru Extra Brut<\/a> NV  <a href=\"https:\/\/wein-werte.com\/de\/shop\/?swoof=1&#038;pa_region=Champagne\">Champagne<\/a> <a href=\"https:\/\/wein-werte.com\/de\/shop\/?swoof=1&#038;pa_country=Frankreich\">Frankreich<\/a><\/p>\n<h3>Vinous<\/h3>\n<p>Punkte: 91<\/p>\n<p>Der NV Extra Brut Terroirs d&#8217;Ecueuil Premier Cru ist eine Cuv\u00e9e aus 85 % Pinot Noir und 15 % Chardonnay, gelesen in Ecueil. Der Basisjahrgang 2019 wird durch 57 % Reserveweine erg\u00e4nzt. Die Nase ist zur\u00fcckhaltend und pr\u00e4sentiert zarte Fruchtnoten, raffinierte, aber zur\u00fcckhaltende Aromen von roten und gelben Pflaumen, die sanft schimmern. Am Gaumen pr\u00e4sentiert er sich ebenso zur\u00fcckhaltend und zeigt eine straffe Eleganz, die durch die Pr\u00e4senz des Reserveweins noch verst\u00e4rkt wird. Reife Fr\u00fcchte, feine Mousse und eine sch\u00f6ne phenolische Note lassen das Wasser im Mund zusammenlaufen. Zur\u00fcckhaltung und Tiefe sind das A und O. Die Dosage betr\u00e4gt 3,5 g\/l. Degorgiert: 6. Dezember 2022. \u2013 Anne Krebiehl MW \u2013 Antonio Galloni<br \/>Trinkfenster: 2023\u20132030<br \/>\u00dcberpr\u00fcfungsdatum: November 2023<\/p>\n<p>Internetseite des Weinguts: <a href=\"https:\/\/www.champagne-lacourte-godbillon.com\/en\/\" target=\"_blank\">https:\/\/www.champagne-lacourte-godbillon.com\/en\/<\/a><\/p>\n","protected":false},"excerpt":{"rendered":"<div style=\"font-size: 14px;\">\n<p>Lieferzeit: 1 bis 2 Arbeitstage (DE), 2 bis 5 Arbeitstage (EU und CH)<\/p>\n<p>Ungef\u00e4hrer Energiegehalt pro 125-ml-Glas: 105 kcal<\/p>\n<\/p><\/div>\n","protected":false},"featured_media":1143282,"template":"","meta":[],"product_brand":[],"product_cat":[19],"product_tag":[],"class_list":{"0":"post-1132674","1":"product","2":"type-product","3":"status-publish","4":"has-post-thumbnail","6":"product_cat-unkategorisiert","7":"pa_alcohol-for-filter-12-5","8":"pa_certified-biodynamic-nein-de","9":"pa_certified-organic-nein-de","10":"pa_colour-weiss","11":"pa_country-frankreich","12":"pa_grape-chardonnay-cuvee","13":"pa_price-for-filter-10607","14":"pa_producer-lacourte-godbillon","15":"pa_region-champagne","16":"pa_size-ml-6721","17":"pa_sweetness-trocken-de","18":"pa_type-2-champagner","19":"pa_vinous-points-for-filter-20027","20":"pa_vintage-nv-de","21":"entry","22":"has-media","24":"first","25":"instock","26":"taxable","27":"shipping-taxable","28":"purchasable","29":"product-type-simple"},"yoast_head":"<!-- This site is optimized with the Yoast SEO plugin v27.6 - https:\/\/yoast.com\/product\/yoast-seo-wordpress\/ -->\n<title>Lacourte-Godbillon Terroirs d&#039;Ecueil Premier Cru Extra Brut, 375ml<\/title>\n<meta name=\"description\" content=\"Kaufe Lacourte-Godbillon Terroirs d&#039;Ecueil Premier Cru Extra Brut (Chardonnay Cuv\u00e9e, trocken Schaumwein aus Champagne, Frankreich) bei Wein Werte, Ihrem nachhaltigen Onlineshop.\" \/>\n<meta name=\"robots\" content=\"index, follow, max-snippet:-1, max-image-preview:large, max-video-preview:-1\" \/>\n<link rel=\"canonical\" href=\"https:\/\/wein-werte.com\/de\/produkt\/lacourte-godbillon-terroirs-decueil-premier-cru-extra-brut-375ml\/\" \/>\n<meta property=\"og:locale\" content=\"de_DE\" \/>\n<meta property=\"og:type\" content=\"article\" \/>\n<meta property=\"og:title\" content=\"Lacourte-Godbillon Terroirs d&#039;Ecueil Premier Cru Extra Brut, 375ml\" \/>\n<meta property=\"og:description\" content=\"Kaufe Lacourte-Godbillon Terroirs d&#039;Ecueil Premier Cru Extra Brut (Chardonnay Cuv\u00e9e, trocken Schaumwein aus Champagne, Frankreich) bei Wein Werte, Ihrem nachhaltigen Onlineshop.\" \/>\n<meta property=\"og:url\" content=\"https:\/\/wein-werte.com\/de\/produkt\/lacourte-godbillon-terroirs-decueil-premier-cru-extra-brut-375ml\/\" \/>\n<meta property=\"og:site_name\" content=\"Wein Werte\" \/>\n<meta property=\"article:modified_time\" content=\"2026-05-12T17:57:38+00:00\" \/>\n<meta property=\"og:image\" content=\"https:\/\/wein-werte.com\/wp-content\/uploads\/2026\/04\/Lacourte-Godbillon-Terroirs-dEcueil-Premier-Cru-Extra-Brut-375ml.png\" \/>\n\t<meta property=\"og:image:width\" content=\"400\" \/>\n\t<meta property=\"og:image:height\" content=\"1079\" \/>\n\t<meta property=\"og:image:type\" content=\"image\/png\" \/>\n<meta name=\"twitter:card\" content=\"summary_large_image\" \/>\n<meta name=\"twitter:label1\" content=\"Gesch\u00e4tzte Lesezeit\" \/>\n\t<meta name=\"twitter:data1\" content=\"1\u00a0Minute\" \/>\n<script type=\"application\/ld+json\" class=\"yoast-schema-graph\">{\"@context\":\"https:\\\/\\\/schema.org\",\"@graph\":[{\"@type\":\"WebPage\",\"@id\":\"https:\\\/\\\/wein-werte.com\\\/de\\\/produkt\\\/lacourte-godbillon-terroirs-decueil-premier-cru-extra-brut-375ml\\\/\",\"url\":\"https:\\\/\\\/wein-werte.com\\\/de\\\/produkt\\\/lacourte-godbillon-terroirs-decueil-premier-cru-extra-brut-375ml\\\/\",\"name\":\"Lacourte-Godbillon Terroirs d'Ecueil Premier Cru Extra Brut, 375ml\",\"isPartOf\":{\"@id\":\"https:\\\/\\\/wein-werte.com\\\/de\\\/#website\"},\"primaryImageOfPage\":{\"@id\":\"https:\\\/\\\/wein-werte.com\\\/de\\\/produkt\\\/lacourte-godbillon-terroirs-decueil-premier-cru-extra-brut-375ml\\\/#primaryimage\"},\"image\":{\"@id\":\"https:\\\/\\\/wein-werte.com\\\/de\\\/produkt\\\/lacourte-godbillon-terroirs-decueil-premier-cru-extra-brut-375ml\\\/#primaryimage\"},\"thumbnailUrl\":\"https:\\\/\\\/wein-werte.com\\\/wp-content\\\/uploads\\\/2026\\\/04\\\/Lacourte-Godbillon-Terroirs-dEcueil-Premier-Cru-Extra-Brut-375ml.png\",\"datePublished\":\"2026-05-12T13:50:41+00:00\",\"dateModified\":\"2026-05-12T17:57:38+00:00\",\"description\":\"Kaufe Lacourte-Godbillon Terroirs d'Ecueil Premier Cru Extra Brut (Chardonnay Cuv\u00e9e, trocken Schaumwein aus Champagne, Frankreich) bei Wein Werte, Ihrem nachhaltigen Onlineshop.\",\"breadcrumb\":{\"@id\":\"https:\\\/\\\/wein-werte.com\\\/de\\\/produkt\\\/lacourte-godbillon-terroirs-decueil-premier-cru-extra-brut-375ml\\\/#breadcrumb\"},\"inLanguage\":\"de\",\"potentialAction\":[{\"@type\":\"ReadAction\",\"target\":[\"https:\\\/\\\/wein-werte.com\\\/de\\\/produkt\\\/lacourte-godbillon-terroirs-decueil-premier-cru-extra-brut-375ml\\\/\"]}]},{\"@type\":\"ImageObject\",\"inLanguage\":\"de\",\"@id\":\"https:\\\/\\\/wein-werte.com\\\/de\\\/produkt\\\/lacourte-godbillon-terroirs-decueil-premier-cru-extra-brut-375ml\\\/#primaryimage\",\"url\":\"https:\\\/\\\/wein-werte.com\\\/wp-content\\\/uploads\\\/2026\\\/04\\\/Lacourte-Godbillon-Terroirs-dEcueil-Premier-Cru-Extra-Brut-375ml.png\",\"contentUrl\":\"https:\\\/\\\/wein-werte.com\\\/wp-content\\\/uploads\\\/2026\\\/04\\\/Lacourte-Godbillon-Terroirs-dEcueil-Premier-Cru-Extra-Brut-375ml.png\",\"width\":400,\"height\":1079,\"caption\":\"Lacourte-Godbillon Terroirs d'Ecueil, Premier Cru Extra Brut NV 375ml\"},{\"@type\":\"BreadcrumbList\",\"@id\":\"https:\\\/\\\/wein-werte.com\\\/de\\\/produkt\\\/lacourte-godbillon-terroirs-decueil-premier-cru-extra-brut-375ml\\\/#breadcrumb\",\"itemListElement\":[{\"@type\":\"ListItem\",\"position\":1,\"name\":\"Home\",\"item\":\"https:\\\/\\\/wein-werte.com\\\/de\\\/\"},{\"@type\":\"ListItem\",\"position\":2,\"name\":\"Shop\",\"item\":\"https:\\\/\\\/wein-werte.com\\\/de\\\/shop\\\/\"},{\"@type\":\"ListItem\",\"position\":3,\"name\":\"Lacourte-Godbillon | Champagne | Terroirs d&#8217;Ecueil, Premier Cru Extra Brut | NV | 375ml\"}]},{\"@type\":\"WebSite\",\"@id\":\"https:\\\/\\\/wein-werte.com\\\/de\\\/#website\",\"url\":\"https:\\\/\\\/wein-werte.com\\\/de\\\/\",\"name\":\"Wein Werte\",\"description\":\"\",\"publisher\":{\"@id\":\"https:\\\/\\\/wein-werte.com\\\/de\\\/#organization\"},\"potentialAction\":[{\"@type\":\"SearchAction\",\"target\":{\"@type\":\"EntryPoint\",\"urlTemplate\":\"https:\\\/\\\/wein-werte.com\\\/de\\\/?s={search_term_string}\"},\"query-input\":{\"@type\":\"PropertyValueSpecification\",\"valueRequired\":true,\"valueName\":\"search_term_string\"}}],\"inLanguage\":\"de\"},{\"@type\":\"Organization\",\"@id\":\"https:\\\/\\\/wein-werte.com\\\/de\\\/#organization\",\"name\":\"Vins Fins Thorrold\",\"url\":\"https:\\\/\\\/wein-werte.com\\\/de\\\/\",\"logo\":{\"@type\":\"ImageObject\",\"inLanguage\":\"de\",\"@id\":\"https:\\\/\\\/wein-werte.com\\\/de\\\/#\\\/schema\\\/logo\\\/image\\\/\",\"url\":\"https:\\\/\\\/wein-werte.com\\\/wp-content\\\/uploads\\\/2023\\\/07\\\/Wein_werte_Logo700-1.png\",\"contentUrl\":\"https:\\\/\\\/wein-werte.com\\\/wp-content\\\/uploads\\\/2023\\\/07\\\/Wein_werte_Logo700-1.png\",\"width\":700,\"height\":272,\"caption\":\"Vins Fins Thorrold\"},\"image\":{\"@id\":\"https:\\\/\\\/wein-werte.com\\\/de\\\/#\\\/schema\\\/logo\\\/image\\\/\"}}]}<\/script>\n<!-- \/ Yoast SEO plugin. -->","yoast_head_json":{"title":"Lacourte-Godbillon Terroirs d'Ecueil Premier Cru Extra Brut, 375ml","description":"Kaufe Lacourte-Godbillon Terroirs d'Ecueil Premier Cru Extra Brut (Chardonnay Cuv\u00e9e, trocken Schaumwein aus Champagne, Frankreich) bei Wein Werte, Ihrem nachhaltigen Onlineshop.","robots":{"index":"index","follow":"follow","max-snippet":"max-snippet:-1","max-image-preview":"max-image-preview:large","max-video-preview":"max-video-preview:-1"},"canonical":"https:\/\/wein-werte.com\/de\/produkt\/lacourte-godbillon-terroirs-decueil-premier-cru-extra-brut-375ml\/","og_locale":"de_DE","og_type":"article","og_title":"Lacourte-Godbillon Terroirs d'Ecueil Premier Cru Extra Brut, 375ml","og_description":"Kaufe Lacourte-Godbillon Terroirs d'Ecueil Premier Cru Extra Brut (Chardonnay Cuv\u00e9e, trocken Schaumwein aus Champagne, Frankreich) bei Wein Werte, Ihrem nachhaltigen Onlineshop.","og_url":"https:\/\/wein-werte.com\/de\/produkt\/lacourte-godbillon-terroirs-decueil-premier-cru-extra-brut-375ml\/","og_site_name":"Wein Werte","article_modified_time":"2026-05-12T17:57:38+00:00","og_image":[{"width":400,"height":1079,"url":"https:\/\/wein-werte.com\/wp-content\/uploads\/2026\/04\/Lacourte-Godbillon-Terroirs-dEcueil-Premier-Cru-Extra-Brut-375ml.png","type":"image\/png"}],"twitter_card":"summary_large_image","twitter_misc":{"Gesch\u00e4tzte Lesezeit":"1\u00a0Minute"},"schema":{"@context":"https:\/\/schema.org","@graph":[{"@type":"WebPage","@id":"https:\/\/wein-werte.com\/de\/produkt\/lacourte-godbillon-terroirs-decueil-premier-cru-extra-brut-375ml\/","url":"https:\/\/wein-werte.com\/de\/produkt\/lacourte-godbillon-terroirs-decueil-premier-cru-extra-brut-375ml\/","name":"Lacourte-Godbillon Terroirs d'Ecueil Premier Cru Extra Brut, 375ml","isPartOf":{"@id":"https:\/\/wein-werte.com\/de\/#website"},"primaryImageOfPage":{"@id":"https:\/\/wein-werte.com\/de\/produkt\/lacourte-godbillon-terroirs-decueil-premier-cru-extra-brut-375ml\/#primaryimage"},"image":{"@id":"https:\/\/wein-werte.com\/de\/produkt\/lacourte-godbillon-terroirs-decueil-premier-cru-extra-brut-375ml\/#primaryimage"},"thumbnailUrl":"https:\/\/wein-werte.com\/wp-content\/uploads\/2026\/04\/Lacourte-Godbillon-Terroirs-dEcueil-Premier-Cru-Extra-Brut-375ml.png","datePublished":"2026-05-12T13:50:41+00:00","dateModified":"2026-05-12T17:57:38+00:00","description":"Kaufe Lacourte-Godbillon Terroirs d'Ecueil Premier Cru Extra Brut (Chardonnay Cuv\u00e9e, trocken Schaumwein aus Champagne, Frankreich) bei Wein Werte, Ihrem nachhaltigen Onlineshop.","breadcrumb":{"@id":"https:\/\/wein-werte.com\/de\/produkt\/lacourte-godbillon-terroirs-decueil-premier-cru-extra-brut-375ml\/#breadcrumb"},"inLanguage":"de","potentialAction":[{"@type":"ReadAction","target":["https:\/\/wein-werte.com\/de\/produkt\/lacourte-godbillon-terroirs-decueil-premier-cru-extra-brut-375ml\/"]}]},{"@type":"ImageObject","inLanguage":"de","@id":"https:\/\/wein-werte.com\/de\/produkt\/lacourte-godbillon-terroirs-decueil-premier-cru-extra-brut-375ml\/#primaryimage","url":"https:\/\/wein-werte.com\/wp-content\/uploads\/2026\/04\/Lacourte-Godbillon-Terroirs-dEcueil-Premier-Cru-Extra-Brut-375ml.png","contentUrl":"https:\/\/wein-werte.com\/wp-content\/uploads\/2026\/04\/Lacourte-Godbillon-Terroirs-dEcueil-Premier-Cru-Extra-Brut-375ml.png","width":400,"height":1079,"caption":"Lacourte-Godbillon Terroirs d'Ecueil, Premier Cru Extra Brut NV 375ml"},{"@type":"BreadcrumbList","@id":"https:\/\/wein-werte.com\/de\/produkt\/lacourte-godbillon-terroirs-decueil-premier-cru-extra-brut-375ml\/#breadcrumb","itemListElement":[{"@type":"ListItem","position":1,"name":"Home","item":"https:\/\/wein-werte.com\/de\/"},{"@type":"ListItem","position":2,"name":"Shop","item":"https:\/\/wein-werte.com\/de\/shop\/"},{"@type":"ListItem","position":3,"name":"Lacourte-Godbillon | Champagne | Terroirs d&#8217;Ecueil, Premier Cru Extra Brut | NV | 375ml"}]},{"@type":"WebSite","@id":"https:\/\/wein-werte.com\/de\/#website","url":"https:\/\/wein-werte.com\/de\/","name":"Wein Werte","description":"","publisher":{"@id":"https:\/\/wein-werte.com\/de\/#organization"},"potentialAction":[{"@type":"SearchAction","target":{"@type":"EntryPoint","urlTemplate":"https:\/\/wein-werte.com\/de\/?s={search_term_string}"},"query-input":{"@type":"PropertyValueSpecification","valueRequired":true,"valueName":"search_term_string"}}],"inLanguage":"de"},{"@type":"Organization","@id":"https:\/\/wein-werte.com\/de\/#organization","name":"Vins Fins Thorrold","url":"https:\/\/wein-werte.com\/de\/","logo":{"@type":"ImageObject","inLanguage":"de","@id":"https:\/\/wein-werte.com\/de\/#\/schema\/logo\/image\/","url":"https:\/\/wein-werte.com\/wp-content\/uploads\/2023\/07\/Wein_werte_Logo700-1.png","contentUrl":"https:\/\/wein-werte.com\/wp-content\/uploads\/2023\/07\/Wein_werte_Logo700-1.png","width":700,"height":272,"caption":"Vins Fins Thorrold"},"image":{"@id":"https:\/\/wein-werte.com\/de\/#\/schema\/logo\/image\/"}}]}},"_links":{"self":[{"href":"https:\/\/wein-werte.com\/de\/wp-json\/wp\/v2\/product\/1132674","targetHints":{"allow":["GET"]}}],"collection":[{"href":"https:\/\/wein-werte.com\/de\/wp-json\/wp\/v2\/product"}],"about":[{"href":"https:\/\/wein-werte.com\/de\/wp-json\/wp\/v2\/types\/product"}],"wp:featuredmedia":[{"embeddable":true,"href":"https:\/\/wein-werte.com\/de\/wp-json\/wp\/v2\/media\/1143282"}],"wp:attachment":[{"href":"https:\/\/wein-werte.com\/de\/wp-json\/wp\/v2\/media?parent=1132674"}],"wp:term":[{"taxonomy":"product_brand","embeddable":true,"href":"https:\/\/wein-werte.com\/de\/wp-json\/wp\/v2\/product_brand?post=1132674"},{"taxonomy":"product_cat","embeddable":true,"href":"https:\/\/wein-werte.com\/de\/wp-json\/wp\/v2\/product_cat?post=1132674"},{"taxonomy":"product_tag","embeddable":true,"href":"https:\/\/wein-werte.com\/de\/wp-json\/wp\/v2\/product_tag?post=1132674"}],"curies":[{"name":"wp","href":"https:\/\/api.w.org\/{rel}","templated":true}]}}