{"id":1132664,"date":"2026-05-12T15:50:40","date_gmt":"2026-05-12T13:50:40","guid":{"rendered":"https:\/\/wein-werte.com\/product\/lacourte-godbillon-rose-premier-cru-extra-brut-750ml\/"},"modified":"2026-05-12T19:57:37","modified_gmt":"2026-05-12T17:57:37","slug":"lacourte-godbillon-rose-premier-cru-extra-brut-nv-750ml","status":"publish","type":"product","link":"https:\/\/wein-werte.com\/de\/produkt\/lacourte-godbillon-rose-premier-cru-extra-brut-nv-750ml\/","title":{"rendered":"Lacourte-Godbillon | Champagne | Ros\u00e9, Premier Cru Extra Brut | NV | 750ml | bio"},"content":{"rendered":"<p>Produktbeschreibung f\u00fcr Lacourte-Godbillon Ros\u00e9, Premier Cru Extra Brut NV (bio)<\/p>\n<p> Das Weingut von Geraldine Lacourte und Ihrem Mann Richard Desvignes (was ein sch\u00f6ner Name f\u00fcr einen Winzer!) liegt in Ecueil im Herzen der Petit Montagne de Reims. Sie konzentrieren sich ganz auf die 1er Cru Lagen in diesem Ort, haben dadurch kurze Wege und verbringen sehr viel Zeit in Ihren Weinbergen. Sie haben 2016 auf biologischen Weinbau umgestellt und ihre Weinberge spr\u00fchen vor Vitalit\u00e4t. Beide haben viel von der Welt gesehen und sich erst sp\u00e4t entschieden das elterliche Gut von Geraldine zu \u00fcbernehmen. Geraldine hat jahrelang in Deutschland im Marketing gearbeitet! Der Stil ist daher nicht angestaubt, sondern eher modern. Die Grundweine werden im Edelstahl vergoren und machen nicht unbedingt den BSA. Nur ein Teil wird im Barrique ausgebaut. Sehr klar, pr\u00e4zise und straff, spiegeln sie sch\u00f6n Ihre Herkunft wider, nie aggressiv, immer mit einer feinen Frucht und eleganten Tiefgr\u00fcndigkeit. <\/p>\n<h5>Farbe<\/h5>\n<p> Helles Ros\u00e9 mit organgenen Reflexen. <\/p>\n<h5>Nase<\/h5>\n<p> Aromen nach Heu, eingelegten Himbeeren, Rhabarber, Preiselbeeren und Johannisbeerlaub bilden die Silhouette der verhaltenen, kr\u00e4uterw\u00fcrzigen und leicht rauchig umrissenen Nase. Der Ros\u00e9 1er Cru Brut von Lacourte-Godbillon wurde zu 80% aus dem 2014er Jahrgang gekeltert und reifte 45 Monate auf der Flasche, bis er im Dezember 2018 degorgiert wurde. Mit etwas Bel\u00fcftung verbindet sich die zarte Frucht mit der floralen Kopfnote nach Malven und ersten Reifenoten. <\/p>\n<h5>Mund<\/h5>\n<p> Fruchtig herb im Antrunk ist er getragen durch sein feines Mousseux und zarte phenolische Komponenten. Der Ros\u00e9 aus 100% Pinot Noir wurde zu 10% im Holz ausgebaut und vereint subtilen Bass mit floral fruchtigen Aromen und gehobenem Trinkfluss. Von der Himbeere das Kern\u00f6l und von derJohannisbeere das Holz definieren den herb animierenden Gaumen mit langem, feinherbem Nachhall.<\/p>\n<p>Copyright Vinaturel 2025<\/p>\n<p>Keywords: <a href=\"https:\/\/wein-werte.com\/de\/shop\/?swoof=1&#038;pa_producer=Lacourte-Godbillon\">Lacourte-Godbillon<\/a> <a href=\"https:\/\/wein-werte.com\/de\/shop\/?swoof=1&#038;woof_text=Ros\u00e9, Premier Cru Extra Brut\">Ros\u00e9, Premier Cru Extra Brut<\/a> NV bio <a href=\"https:\/\/wein-werte.com\/de\/shop\/?swoof=1&#038;pa_region=Champagne\">Champagne<\/a> <a href=\"https:\/\/wein-werte.com\/de\/shop\/?swoof=1&#038;pa_country=Frankreich\">Frankreich<\/a><\/p>\n<h3>Vinous<\/h3>\n<p>Punkte: 92<\/p>\n<p>Der NV Extra Brut Ros\u00e9 Premier Cru ist ein reinsortiger Pinot Noir. 40 % reiften in kleinen Eichenf\u00e4ssern, w\u00e4hrend die Zugabe von 6 % Rotwein den dunkelrosa Farbton erzeugte. Der Basisjahrgang ist 2020 mit 45 % Reserveweinen. Zerdr\u00fccktes rotes Apfelfleisch und rote Pflaumennoten erzeugen ein reichhaltiges und fast weiches Bouquet, das Gro\u00dfz\u00fcgigkeit verspricht. Am Gaumen \u00fcberzeugt er sofort mit cremigem Apfelfleisch und einem abgerundeten, geschmeidigen K\u00f6rper mit einem Hauch von Salz und wei\u00dfem Pfeffer am Rand. Ein reichhaltiger, runder Ros\u00e9 mit einer gewissen Weichheit, ideal f\u00fcr den Tisch. Die Dosage betr\u00e4gt 3,5 g\/l. Degorgiert: 23. M\u00e4rz 2023. \u2013 Anne Krebiehl MW \u2013 Antonio Galloni<br \/>Trinkfenster: 2023\u20132030<br \/>\u00dcberpr\u00fcfungsdatum: November 2023<\/p>\n<p>Internetseite des Weinguts: <a href=\"https:\/\/www.champagne-lacourte-godbillon.com\/en\/\" target=\"_blank\">https:\/\/www.champagne-lacourte-godbillon.com\/en\/<\/a><\/p>\n","protected":false},"excerpt":{"rendered":"<div style=\"font-size: 14px;\">\n<p>Lieferzeit: 1 bis 2 Arbeitstage (DE), 2 bis 5 Arbeitstage (EU und CH)<\/p>\n<p>Ungef\u00e4hrer Energiegehalt pro 125-ml-Glas: 105 kcal<\/p>\n<\/p><\/div>\n","protected":false},"featured_media":1147481,"template":"","meta":[],"product_brand":[],"product_cat":[19],"product_tag":[],"class_list":{"0":"post-1132664","1":"product","2":"type-product","3":"status-publish","4":"has-post-thumbnail","6":"product_cat-unkategorisiert","7":"pa_alcohol-for-filter-12-5","8":"pa_certified-biodynamic-nein-de","9":"pa_certified-organic-ja-de","10":"pa_colour-rose-de","11":"pa_country-frankreich","12":"pa_grape-pinot-noir-spatburgunder","13":"pa_price-for-filter-10615","14":"pa_producer-lacourte-godbillon","15":"pa_region-champagne","16":"pa_size-ml-6584","17":"pa_sweetness-trocken-de","18":"pa_type-2-champagner","19":"pa_vinous-points-for-filter-20029","20":"pa_vintage-nv-de","21":"entry","22":"has-media","24":"first","25":"instock","26":"taxable","27":"shipping-taxable","28":"purchasable","29":"product-type-simple"},"yoast_head":"<!-- This site is optimized with the Yoast SEO plugin v27.6 - https:\/\/yoast.com\/product\/yoast-seo-wordpress\/ -->\n<title>Lacourte-Godbillon Ros\u00e9 Premier Cru Extra Brut<\/title>\n<meta name=\"description\" content=\"Kaufe Lacourte-Godbillon Ros\u00e9 Premier Cru Extra Brut (Pinot Noir, trocken Schaumwein aus Champagne, Frankreich) bei Wein Werte, Ihrem nachhaltigen Onlineshop.\" \/>\n<meta name=\"robots\" content=\"index, follow, max-snippet:-1, max-image-preview:large, max-video-preview:-1\" \/>\n<link rel=\"canonical\" href=\"https:\/\/wein-werte.com\/de\/produkt\/lacourte-godbillon-rose-premier-cru-extra-brut-750ml\/\" \/>\n<meta property=\"og:locale\" content=\"de_DE\" \/>\n<meta property=\"og:type\" content=\"article\" \/>\n<meta property=\"og:title\" content=\"Lacourte-Godbillon Ros\u00e9 Premier Cru Extra Brut\" \/>\n<meta property=\"og:description\" content=\"Kaufe Lacourte-Godbillon Ros\u00e9 Premier Cru Extra Brut (Pinot Noir, trocken Schaumwein aus Champagne, Frankreich) bei Wein Werte, Ihrem nachhaltigen Onlineshop.\" \/>\n<meta property=\"og:url\" content=\"https:\/\/wein-werte.com\/de\/produkt\/lacourte-godbillon-rose-premier-cru-extra-brut-750ml\/\" \/>\n<meta property=\"og:site_name\" content=\"Wein Werte\" \/>\n<meta property=\"article:modified_time\" content=\"2026-05-12T17:57:37+00:00\" \/>\n<meta property=\"og:image\" content=\"https:\/\/wein-werte.com\/wp-content\/uploads\/2026\/04\/Lacourte-Godbillon-Rose-Premier-Cru-Extra-Brut-750-ml.png\" \/>\n\t<meta property=\"og:image:width\" content=\"324\" \/>\n\t<meta property=\"og:image:height\" content=\"1200\" \/>\n\t<meta property=\"og:image:type\" content=\"image\/png\" \/>\n<meta name=\"twitter:card\" content=\"summary_large_image\" \/>\n<meta name=\"twitter:label1\" content=\"Gesch\u00e4tzte Lesezeit\" \/>\n\t<meta name=\"twitter:data1\" content=\"2\u00a0Minuten\" \/>\n<script type=\"application\/ld+json\" class=\"yoast-schema-graph\">{\"@context\":\"https:\\\/\\\/schema.org\",\"@graph\":[{\"@type\":\"WebPage\",\"@id\":\"https:\\\/\\\/wein-werte.com\\\/de\\\/produkt\\\/lacourte-godbillon-rose-premier-cru-extra-brut-750ml\\\/\",\"url\":\"https:\\\/\\\/wein-werte.com\\\/de\\\/produkt\\\/lacourte-godbillon-rose-premier-cru-extra-brut-750ml\\\/\",\"name\":\"Lacourte-Godbillon Ros\u00e9 Premier Cru Extra Brut\",\"isPartOf\":{\"@id\":\"https:\\\/\\\/wein-werte.com\\\/de\\\/#website\"},\"primaryImageOfPage\":{\"@id\":\"https:\\\/\\\/wein-werte.com\\\/de\\\/produkt\\\/lacourte-godbillon-rose-premier-cru-extra-brut-750ml\\\/#primaryimage\"},\"image\":{\"@id\":\"https:\\\/\\\/wein-werte.com\\\/de\\\/produkt\\\/lacourte-godbillon-rose-premier-cru-extra-brut-750ml\\\/#primaryimage\"},\"thumbnailUrl\":\"https:\\\/\\\/wein-werte.com\\\/wp-content\\\/uploads\\\/2026\\\/04\\\/Lacourte-Godbillon-Rose-Premier-Cru-Extra-Brut-750-ml.png\",\"datePublished\":\"2026-05-12T13:50:40+00:00\",\"dateModified\":\"2026-05-12T17:57:37+00:00\",\"description\":\"Kaufe Lacourte-Godbillon Ros\u00e9 Premier Cru Extra Brut (Pinot Noir, trocken Schaumwein aus Champagne, Frankreich) bei Wein Werte, Ihrem nachhaltigen Onlineshop.\",\"breadcrumb\":{\"@id\":\"https:\\\/\\\/wein-werte.com\\\/de\\\/produkt\\\/lacourte-godbillon-rose-premier-cru-extra-brut-750ml\\\/#breadcrumb\"},\"inLanguage\":\"de\",\"potentialAction\":[{\"@type\":\"ReadAction\",\"target\":[\"https:\\\/\\\/wein-werte.com\\\/de\\\/produkt\\\/lacourte-godbillon-rose-premier-cru-extra-brut-750ml\\\/\"]}]},{\"@type\":\"ImageObject\",\"inLanguage\":\"de\",\"@id\":\"https:\\\/\\\/wein-werte.com\\\/de\\\/produkt\\\/lacourte-godbillon-rose-premier-cru-extra-brut-750ml\\\/#primaryimage\",\"url\":\"https:\\\/\\\/wein-werte.com\\\/wp-content\\\/uploads\\\/2026\\\/04\\\/Lacourte-Godbillon-Rose-Premier-Cru-Extra-Brut-750-ml.png\",\"contentUrl\":\"https:\\\/\\\/wein-werte.com\\\/wp-content\\\/uploads\\\/2026\\\/04\\\/Lacourte-Godbillon-Rose-Premier-Cru-Extra-Brut-750-ml.png\",\"width\":324,\"height\":1200},{\"@type\":\"BreadcrumbList\",\"@id\":\"https:\\\/\\\/wein-werte.com\\\/de\\\/produkt\\\/lacourte-godbillon-rose-premier-cru-extra-brut-750ml\\\/#breadcrumb\",\"itemListElement\":[{\"@type\":\"ListItem\",\"position\":1,\"name\":\"Home\",\"item\":\"https:\\\/\\\/wein-werte.com\\\/de\\\/\"},{\"@type\":\"ListItem\",\"position\":2,\"name\":\"Shop\",\"item\":\"https:\\\/\\\/wein-werte.com\\\/de\\\/shop\\\/\"},{\"@type\":\"ListItem\",\"position\":3,\"name\":\"Lacourte-Godbillon | Champagne | Ros\u00e9, Premier Cru Extra Brut | NV | 750ml | bio\"}]},{\"@type\":\"WebSite\",\"@id\":\"https:\\\/\\\/wein-werte.com\\\/de\\\/#website\",\"url\":\"https:\\\/\\\/wein-werte.com\\\/de\\\/\",\"name\":\"Wein Werte\",\"description\":\"\",\"publisher\":{\"@id\":\"https:\\\/\\\/wein-werte.com\\\/de\\\/#organization\"},\"potentialAction\":[{\"@type\":\"SearchAction\",\"target\":{\"@type\":\"EntryPoint\",\"urlTemplate\":\"https:\\\/\\\/wein-werte.com\\\/de\\\/?s={search_term_string}\"},\"query-input\":{\"@type\":\"PropertyValueSpecification\",\"valueRequired\":true,\"valueName\":\"search_term_string\"}}],\"inLanguage\":\"de\"},{\"@type\":\"Organization\",\"@id\":\"https:\\\/\\\/wein-werte.com\\\/de\\\/#organization\",\"name\":\"Vins Fins Thorrold\",\"url\":\"https:\\\/\\\/wein-werte.com\\\/de\\\/\",\"logo\":{\"@type\":\"ImageObject\",\"inLanguage\":\"de\",\"@id\":\"https:\\\/\\\/wein-werte.com\\\/de\\\/#\\\/schema\\\/logo\\\/image\\\/\",\"url\":\"https:\\\/\\\/wein-werte.com\\\/wp-content\\\/uploads\\\/2023\\\/07\\\/Wein_werte_Logo700-1.png\",\"contentUrl\":\"https:\\\/\\\/wein-werte.com\\\/wp-content\\\/uploads\\\/2023\\\/07\\\/Wein_werte_Logo700-1.png\",\"width\":700,\"height\":272,\"caption\":\"Vins Fins Thorrold\"},\"image\":{\"@id\":\"https:\\\/\\\/wein-werte.com\\\/de\\\/#\\\/schema\\\/logo\\\/image\\\/\"}}]}<\/script>\n<!-- \/ Yoast SEO plugin. -->","yoast_head_json":{"title":"Lacourte-Godbillon Ros\u00e9 Premier Cru Extra Brut","description":"Kaufe Lacourte-Godbillon Ros\u00e9 Premier Cru Extra Brut (Pinot Noir, trocken Schaumwein aus Champagne, Frankreich) bei Wein Werte, Ihrem nachhaltigen Onlineshop.","robots":{"index":"index","follow":"follow","max-snippet":"max-snippet:-1","max-image-preview":"max-image-preview:large","max-video-preview":"max-video-preview:-1"},"canonical":"https:\/\/wein-werte.com\/de\/produkt\/lacourte-godbillon-rose-premier-cru-extra-brut-750ml\/","og_locale":"de_DE","og_type":"article","og_title":"Lacourte-Godbillon Ros\u00e9 Premier Cru Extra Brut","og_description":"Kaufe Lacourte-Godbillon Ros\u00e9 Premier Cru Extra Brut (Pinot Noir, trocken Schaumwein aus Champagne, Frankreich) bei Wein Werte, Ihrem nachhaltigen Onlineshop.","og_url":"https:\/\/wein-werte.com\/de\/produkt\/lacourte-godbillon-rose-premier-cru-extra-brut-750ml\/","og_site_name":"Wein Werte","article_modified_time":"2026-05-12T17:57:37+00:00","og_image":[{"width":324,"height":1200,"url":"https:\/\/wein-werte.com\/wp-content\/uploads\/2026\/04\/Lacourte-Godbillon-Rose-Premier-Cru-Extra-Brut-750-ml.png","type":"image\/png"}],"twitter_card":"summary_large_image","twitter_misc":{"Gesch\u00e4tzte Lesezeit":"2\u00a0Minuten"},"schema":{"@context":"https:\/\/schema.org","@graph":[{"@type":"WebPage","@id":"https:\/\/wein-werte.com\/de\/produkt\/lacourte-godbillon-rose-premier-cru-extra-brut-750ml\/","url":"https:\/\/wein-werte.com\/de\/produkt\/lacourte-godbillon-rose-premier-cru-extra-brut-750ml\/","name":"Lacourte-Godbillon Ros\u00e9 Premier Cru Extra Brut","isPartOf":{"@id":"https:\/\/wein-werte.com\/de\/#website"},"primaryImageOfPage":{"@id":"https:\/\/wein-werte.com\/de\/produkt\/lacourte-godbillon-rose-premier-cru-extra-brut-750ml\/#primaryimage"},"image":{"@id":"https:\/\/wein-werte.com\/de\/produkt\/lacourte-godbillon-rose-premier-cru-extra-brut-750ml\/#primaryimage"},"thumbnailUrl":"https:\/\/wein-werte.com\/wp-content\/uploads\/2026\/04\/Lacourte-Godbillon-Rose-Premier-Cru-Extra-Brut-750-ml.png","datePublished":"2026-05-12T13:50:40+00:00","dateModified":"2026-05-12T17:57:37+00:00","description":"Kaufe Lacourte-Godbillon Ros\u00e9 Premier Cru Extra Brut (Pinot Noir, trocken Schaumwein aus Champagne, Frankreich) bei Wein Werte, Ihrem nachhaltigen Onlineshop.","breadcrumb":{"@id":"https:\/\/wein-werte.com\/de\/produkt\/lacourte-godbillon-rose-premier-cru-extra-brut-750ml\/#breadcrumb"},"inLanguage":"de","potentialAction":[{"@type":"ReadAction","target":["https:\/\/wein-werte.com\/de\/produkt\/lacourte-godbillon-rose-premier-cru-extra-brut-750ml\/"]}]},{"@type":"ImageObject","inLanguage":"de","@id":"https:\/\/wein-werte.com\/de\/produkt\/lacourte-godbillon-rose-premier-cru-extra-brut-750ml\/#primaryimage","url":"https:\/\/wein-werte.com\/wp-content\/uploads\/2026\/04\/Lacourte-Godbillon-Rose-Premier-Cru-Extra-Brut-750-ml.png","contentUrl":"https:\/\/wein-werte.com\/wp-content\/uploads\/2026\/04\/Lacourte-Godbillon-Rose-Premier-Cru-Extra-Brut-750-ml.png","width":324,"height":1200},{"@type":"BreadcrumbList","@id":"https:\/\/wein-werte.com\/de\/produkt\/lacourte-godbillon-rose-premier-cru-extra-brut-750ml\/#breadcrumb","itemListElement":[{"@type":"ListItem","position":1,"name":"Home","item":"https:\/\/wein-werte.com\/de\/"},{"@type":"ListItem","position":2,"name":"Shop","item":"https:\/\/wein-werte.com\/de\/shop\/"},{"@type":"ListItem","position":3,"name":"Lacourte-Godbillon | Champagne | Ros\u00e9, Premier Cru Extra Brut | NV | 750ml | bio"}]},{"@type":"WebSite","@id":"https:\/\/wein-werte.com\/de\/#website","url":"https:\/\/wein-werte.com\/de\/","name":"Wein Werte","description":"","publisher":{"@id":"https:\/\/wein-werte.com\/de\/#organization"},"potentialAction":[{"@type":"SearchAction","target":{"@type":"EntryPoint","urlTemplate":"https:\/\/wein-werte.com\/de\/?s={search_term_string}"},"query-input":{"@type":"PropertyValueSpecification","valueRequired":true,"valueName":"search_term_string"}}],"inLanguage":"de"},{"@type":"Organization","@id":"https:\/\/wein-werte.com\/de\/#organization","name":"Vins Fins Thorrold","url":"https:\/\/wein-werte.com\/de\/","logo":{"@type":"ImageObject","inLanguage":"de","@id":"https:\/\/wein-werte.com\/de\/#\/schema\/logo\/image\/","url":"https:\/\/wein-werte.com\/wp-content\/uploads\/2023\/07\/Wein_werte_Logo700-1.png","contentUrl":"https:\/\/wein-werte.com\/wp-content\/uploads\/2023\/07\/Wein_werte_Logo700-1.png","width":700,"height":272,"caption":"Vins Fins Thorrold"},"image":{"@id":"https:\/\/wein-werte.com\/de\/#\/schema\/logo\/image\/"}}]}},"_links":{"self":[{"href":"https:\/\/wein-werte.com\/de\/wp-json\/wp\/v2\/product\/1132664","targetHints":{"allow":["GET"]}}],"collection":[{"href":"https:\/\/wein-werte.com\/de\/wp-json\/wp\/v2\/product"}],"about":[{"href":"https:\/\/wein-werte.com\/de\/wp-json\/wp\/v2\/types\/product"}],"wp:featuredmedia":[{"embeddable":true,"href":"https:\/\/wein-werte.com\/de\/wp-json\/wp\/v2\/media\/1147481"}],"wp:attachment":[{"href":"https:\/\/wein-werte.com\/de\/wp-json\/wp\/v2\/media?parent=1132664"}],"wp:term":[{"taxonomy":"product_brand","embeddable":true,"href":"https:\/\/wein-werte.com\/de\/wp-json\/wp\/v2\/product_brand?post=1132664"},{"taxonomy":"product_cat","embeddable":true,"href":"https:\/\/wein-werte.com\/de\/wp-json\/wp\/v2\/product_cat?post=1132664"},{"taxonomy":"product_tag","embeddable":true,"href":"https:\/\/wein-werte.com\/de\/wp-json\/wp\/v2\/product_tag?post=1132664"}],"curies":[{"name":"wp","href":"https:\/\/api.w.org\/{rel}","templated":true}]}}