{"id":1132624,"date":"2026-05-08T20:04:07","date_gmt":"2026-05-08T18:04:07","guid":{"rendered":"https:\/\/wein-werte.com\/product\/jeaunaux-les-marnes-blanches-brut-nature-v19-750ml\/"},"modified":"2026-04-27T11:49:16","modified_gmt":"2026-04-27T09:49:16","slug":"jeaunaux-les-marnes-blanches-brut-nature-v19-750ml","status":"publish","type":"product","link":"https:\/\/wein-werte.com\/de\/produkt\/jeaunaux-les-marnes-blanches-brut-nature-v19-750ml\/","title":{"rendered":"Jeaunaux-Robin | Champagne | Les Marnes Blanches Brut Nature V19 | NV | 750ml | bio"},"content":{"rendered":"<p>Produktbeschreibung f\u00fcr Jeaunaux-Robin Les Marnes Blanches Brut Nature V19 NV (bio) <\/p>\n<h5>Wein<\/h5>\n<p> 100 % Chardonnay von 40 Jahre alten Reben der Parzelle Les Vignes Douces im Terroir Les Coteaux du Petit Morin. Im Boden findet sich sogenannter M\u00fchlstein, Mergel, Kreide und Feuerstein. Der Champagner basiert zu 100 % auf dem Jahrgang 2019. Der Ausbau erfolgte im Holz. Ob eine malolaktische G\u00e4rung stattgefunden hat, hat man nicht gepr\u00fcft. Der Champagner wurde 11\/2022 mit null Gramm degorgiert. <\/p>\n<h5>Farbe<\/h5>\n<p> helles, fast silberfarbenes Gelb mit feinem Mousseux <\/p>\n<h5>Nase<\/h5>\n<p> Les Marnes Blanches, der Chardonnay vom wei\u00dfen Mergel, in den sich Kreide und ein Hauch von Feuerstein mischen, ist ein Blanc de Blancs mit viel Zitrusfrucht, die von Amalfi-Zitronen und Zedrat-Zitronen samt Zesten \u00fcber Grapefruits, Pomelos und Zitronengras hin zu ein wenig Lemoncurd und kandierter Zitronenschale reicht. Dazu gibt es subtile Noten von Ananas und Karambole, einen Hauch von Holz und Kalkgestein. <\/p>\n<h5>Gaumen<\/h5>\n<p> Am Gaumen wirkt der Blanc de Blancs druckvoll und gro\u00dfz\u00fcgig zugleich. Der Marnes Blanches besitzt Kraft und L\u00e4nge, ist zupackend und mineralisch. Die frische Zitrusaromatik samt herber Zesten-Noten ist hier genauso vorhanden, wie eine cremige Variante, die aber trocken bleibt. Der Verzicht auf Dosage sorgt f\u00fcr Klarheit und Pr\u00e4zision. Der Champagner wirkt dabei jedoch nicht streng, da das Lesegut die notwendige Reife besa\u00df. Er besitzt eine sch\u00f6ne Lange und ein salziges, mundw\u00e4sserndes Finale.<\/p>\n<p>Copyright Vinaturel 2025<\/p>\n<p>Keywords: <a href=\"https:\/\/wein-werte.com\/de\/shop\/?swoof=1&#038;pa_producer=Jeaunaux-Robin\">Jeaunaux-Robin<\/a> <a href=\"https:\/\/wein-werte.com\/de\/shop\/?swoof=1&#038;woof_text=Les Marnes Blanches Brut Nature V19\">Les Marnes Blanches Brut Nature V19<\/a> NV bio <a href=\"https:\/\/wein-werte.com\/de\/shop\/?swoof=1&#038;pa_region=Champagne\">Champagne<\/a> <a href=\"https:\/\/wein-werte.com\/de\/shop\/?swoof=1&#038;pa_country=Frankreich\">Frankreich<\/a><\/p>\n<p>Internetseite des Weinguts: <a href=\"https:\/\/www.champagne-jr.fr\/\" target=\"_blank\">https:\/\/www.champagne-jr.fr\/<\/a><\/p>\n","protected":false},"excerpt":{"rendered":"<p>Lieferzeit: 1 bis 2 Arbeitstage (DE), 2 bis 5 Arbeitstage (EU and CH)<\/p>\n","protected":false},"featured_media":1143246,"template":"","meta":[],"product_brand":[],"product_cat":[19],"product_tag":[],"class_list":{"0":"post-1132624","1":"product","2":"type-product","3":"status-publish","4":"has-post-thumbnail","6":"product_cat-unkategorisiert","7":"pa_alcohol-for-filter-12893","8":"pa_certified-biodynamic-nein-de","9":"pa_certified-organic-ja-de","10":"pa_colour-weiss","11":"pa_country-frankreich","12":"pa_grape-chardonnay","13":"pa_price-for-filter-10639","14":"pa_producer-jeaunaux-robin","15":"pa_region-champagne","16":"pa_size-ml-6584","17":"pa_sweetness-trocken-de","18":"pa_type-2-champagner","19":"pa_vintage-nv-de","20":"entry","21":"has-media","23":"first","24":"instock","25":"taxable","26":"shipping-taxable","27":"purchasable","28":"product-type-simple"},"yoast_head":"<!-- This site is optimized with the Yoast SEO plugin v27.5 - https:\/\/yoast.com\/product\/yoast-seo-wordpress\/ -->\n<title>Jeaunaux-Les Marnes blanches Brut Nature V19<\/title>\n<meta name=\"description\" content=\"Kaufe Jeaunaux-Les Marnes blanches Brut Nature V19 (Chardonnay, trocken Schaumwein aus Champagne, Frankreich) bei Wein Werte, Ihrem nachhaltigen Onlineshop.\" \/>\n<meta name=\"robots\" content=\"index, follow, max-snippet:-1, max-image-preview:large, max-video-preview:-1\" \/>\n<link rel=\"canonical\" href=\"https:\/\/wein-werte.com\/de\/produkt\/jeaunaux-les-marnes-blanches-brut-nature-v19-750ml\/\" \/>\n<meta property=\"og:locale\" content=\"de_DE\" \/>\n<meta property=\"og:type\" content=\"article\" \/>\n<meta property=\"og:title\" content=\"Jeaunaux-Les Marnes blanches Brut Nature V19\" \/>\n<meta property=\"og:description\" content=\"Kaufe Jeaunaux-Les Marnes blanches Brut Nature V19 (Chardonnay, trocken Schaumwein aus Champagne, Frankreich) bei Wein Werte, Ihrem nachhaltigen Onlineshop.\" \/>\n<meta property=\"og:url\" content=\"https:\/\/wein-werte.com\/de\/produkt\/jeaunaux-les-marnes-blanches-brut-nature-v19-750ml\/\" \/>\n<meta property=\"og:site_name\" content=\"Wein Werte\" \/>\n<meta property=\"og:image\" content=\"https:\/\/wein-werte.com\/wp-content\/uploads\/2026\/04\/Jeaunaux-Les-Marnes-blanches-Brut-Nature-V19-750ml.png\" \/>\n\t<meta property=\"og:image:width\" content=\"336\" \/>\n\t<meta property=\"og:image:height\" content=\"1200\" \/>\n\t<meta property=\"og:image:type\" content=\"image\/png\" \/>\n<meta name=\"twitter:card\" content=\"summary_large_image\" \/>\n<meta name=\"twitter:label1\" content=\"Gesch\u00e4tzte Lesezeit\" \/>\n\t<meta name=\"twitter:data1\" content=\"1\u00a0Minute\" \/>\n<script type=\"application\/ld+json\" class=\"yoast-schema-graph\">{\"@context\":\"https:\\\/\\\/schema.org\",\"@graph\":[{\"@type\":\"WebPage\",\"@id\":\"https:\\\/\\\/wein-werte.com\\\/de\\\/produkt\\\/jeaunaux-les-marnes-blanches-brut-nature-v19-750ml\\\/\",\"url\":\"https:\\\/\\\/wein-werte.com\\\/de\\\/produkt\\\/jeaunaux-les-marnes-blanches-brut-nature-v19-750ml\\\/\",\"name\":\"Jeaunaux-Les Marnes blanches Brut Nature V19\",\"isPartOf\":{\"@id\":\"https:\\\/\\\/wein-werte.com\\\/de\\\/#website\"},\"primaryImageOfPage\":{\"@id\":\"https:\\\/\\\/wein-werte.com\\\/de\\\/produkt\\\/jeaunaux-les-marnes-blanches-brut-nature-v19-750ml\\\/#primaryimage\"},\"image\":{\"@id\":\"https:\\\/\\\/wein-werte.com\\\/de\\\/produkt\\\/jeaunaux-les-marnes-blanches-brut-nature-v19-750ml\\\/#primaryimage\"},\"thumbnailUrl\":\"https:\\\/\\\/wein-werte.com\\\/wp-content\\\/uploads\\\/2026\\\/04\\\/Jeaunaux-Les-Marnes-blanches-Brut-Nature-V19-750ml.png\",\"datePublished\":\"2026-05-08T18:04:07+00:00\",\"description\":\"Kaufe Jeaunaux-Les Marnes blanches Brut Nature V19 (Chardonnay, trocken Schaumwein aus Champagne, Frankreich) bei Wein Werte, Ihrem nachhaltigen Onlineshop.\",\"breadcrumb\":{\"@id\":\"https:\\\/\\\/wein-werte.com\\\/de\\\/produkt\\\/jeaunaux-les-marnes-blanches-brut-nature-v19-750ml\\\/#breadcrumb\"},\"inLanguage\":\"de\",\"potentialAction\":[{\"@type\":\"ReadAction\",\"target\":[\"https:\\\/\\\/wein-werte.com\\\/de\\\/produkt\\\/jeaunaux-les-marnes-blanches-brut-nature-v19-750ml\\\/\"]}]},{\"@type\":\"ImageObject\",\"inLanguage\":\"de\",\"@id\":\"https:\\\/\\\/wein-werte.com\\\/de\\\/produkt\\\/jeaunaux-les-marnes-blanches-brut-nature-v19-750ml\\\/#primaryimage\",\"url\":\"https:\\\/\\\/wein-werte.com\\\/wp-content\\\/uploads\\\/2026\\\/04\\\/Jeaunaux-Les-Marnes-blanches-Brut-Nature-V19-750ml.png\",\"contentUrl\":\"https:\\\/\\\/wein-werte.com\\\/wp-content\\\/uploads\\\/2026\\\/04\\\/Jeaunaux-Les-Marnes-blanches-Brut-Nature-V19-750ml.png\",\"width\":336,\"height\":1200,\"caption\":\"Jeaunaux-Robin Les Marnes Blanches Brut Nature V19 NV 750ml\"},{\"@type\":\"BreadcrumbList\",\"@id\":\"https:\\\/\\\/wein-werte.com\\\/de\\\/produkt\\\/jeaunaux-les-marnes-blanches-brut-nature-v19-750ml\\\/#breadcrumb\",\"itemListElement\":[{\"@type\":\"ListItem\",\"position\":1,\"name\":\"Home\",\"item\":\"https:\\\/\\\/wein-werte.com\\\/de\\\/\"},{\"@type\":\"ListItem\",\"position\":2,\"name\":\"Shop\",\"item\":\"https:\\\/\\\/wein-werte.com\\\/de\\\/shop\\\/\"},{\"@type\":\"ListItem\",\"position\":3,\"name\":\"Jeaunaux-Robin | Champagne | Les Marnes Blanches Brut Nature V19 | NV | 750ml | bio\"}]},{\"@type\":\"WebSite\",\"@id\":\"https:\\\/\\\/wein-werte.com\\\/de\\\/#website\",\"url\":\"https:\\\/\\\/wein-werte.com\\\/de\\\/\",\"name\":\"Wein Werte\",\"description\":\"\",\"publisher\":{\"@id\":\"https:\\\/\\\/wein-werte.com\\\/de\\\/#organization\"},\"potentialAction\":[{\"@type\":\"SearchAction\",\"target\":{\"@type\":\"EntryPoint\",\"urlTemplate\":\"https:\\\/\\\/wein-werte.com\\\/de\\\/?s={search_term_string}\"},\"query-input\":{\"@type\":\"PropertyValueSpecification\",\"valueRequired\":true,\"valueName\":\"search_term_string\"}}],\"inLanguage\":\"de\"},{\"@type\":\"Organization\",\"@id\":\"https:\\\/\\\/wein-werte.com\\\/de\\\/#organization\",\"name\":\"Vins Fins Thorrold\",\"url\":\"https:\\\/\\\/wein-werte.com\\\/de\\\/\",\"logo\":{\"@type\":\"ImageObject\",\"inLanguage\":\"de\",\"@id\":\"https:\\\/\\\/wein-werte.com\\\/de\\\/#\\\/schema\\\/logo\\\/image\\\/\",\"url\":\"https:\\\/\\\/wein-werte.com\\\/wp-content\\\/uploads\\\/2023\\\/07\\\/Wein_werte_Logo700-1.png\",\"contentUrl\":\"https:\\\/\\\/wein-werte.com\\\/wp-content\\\/uploads\\\/2023\\\/07\\\/Wein_werte_Logo700-1.png\",\"width\":700,\"height\":272,\"caption\":\"Vins Fins Thorrold\"},\"image\":{\"@id\":\"https:\\\/\\\/wein-werte.com\\\/de\\\/#\\\/schema\\\/logo\\\/image\\\/\"}}]}<\/script>\n<!-- \/ Yoast SEO plugin. -->","yoast_head_json":{"title":"Jeaunaux-Les Marnes blanches Brut Nature V19","description":"Kaufe Jeaunaux-Les Marnes blanches Brut Nature V19 (Chardonnay, trocken Schaumwein aus Champagne, Frankreich) bei Wein Werte, Ihrem nachhaltigen Onlineshop.","robots":{"index":"index","follow":"follow","max-snippet":"max-snippet:-1","max-image-preview":"max-image-preview:large","max-video-preview":"max-video-preview:-1"},"canonical":"https:\/\/wein-werte.com\/de\/produkt\/jeaunaux-les-marnes-blanches-brut-nature-v19-750ml\/","og_locale":"de_DE","og_type":"article","og_title":"Jeaunaux-Les Marnes blanches Brut Nature V19","og_description":"Kaufe Jeaunaux-Les Marnes blanches Brut Nature V19 (Chardonnay, trocken Schaumwein aus Champagne, Frankreich) bei Wein Werte, Ihrem nachhaltigen Onlineshop.","og_url":"https:\/\/wein-werte.com\/de\/produkt\/jeaunaux-les-marnes-blanches-brut-nature-v19-750ml\/","og_site_name":"Wein Werte","og_image":[{"width":336,"height":1200,"url":"https:\/\/wein-werte.com\/wp-content\/uploads\/2026\/04\/Jeaunaux-Les-Marnes-blanches-Brut-Nature-V19-750ml.png","type":"image\/png"}],"twitter_card":"summary_large_image","twitter_misc":{"Gesch\u00e4tzte Lesezeit":"1\u00a0Minute"},"schema":{"@context":"https:\/\/schema.org","@graph":[{"@type":"WebPage","@id":"https:\/\/wein-werte.com\/de\/produkt\/jeaunaux-les-marnes-blanches-brut-nature-v19-750ml\/","url":"https:\/\/wein-werte.com\/de\/produkt\/jeaunaux-les-marnes-blanches-brut-nature-v19-750ml\/","name":"Jeaunaux-Les Marnes blanches Brut Nature V19","isPartOf":{"@id":"https:\/\/wein-werte.com\/de\/#website"},"primaryImageOfPage":{"@id":"https:\/\/wein-werte.com\/de\/produkt\/jeaunaux-les-marnes-blanches-brut-nature-v19-750ml\/#primaryimage"},"image":{"@id":"https:\/\/wein-werte.com\/de\/produkt\/jeaunaux-les-marnes-blanches-brut-nature-v19-750ml\/#primaryimage"},"thumbnailUrl":"https:\/\/wein-werte.com\/wp-content\/uploads\/2026\/04\/Jeaunaux-Les-Marnes-blanches-Brut-Nature-V19-750ml.png","datePublished":"2026-05-08T18:04:07+00:00","description":"Kaufe Jeaunaux-Les Marnes blanches Brut Nature V19 (Chardonnay, trocken Schaumwein aus Champagne, Frankreich) bei Wein Werte, Ihrem nachhaltigen Onlineshop.","breadcrumb":{"@id":"https:\/\/wein-werte.com\/de\/produkt\/jeaunaux-les-marnes-blanches-brut-nature-v19-750ml\/#breadcrumb"},"inLanguage":"de","potentialAction":[{"@type":"ReadAction","target":["https:\/\/wein-werte.com\/de\/produkt\/jeaunaux-les-marnes-blanches-brut-nature-v19-750ml\/"]}]},{"@type":"ImageObject","inLanguage":"de","@id":"https:\/\/wein-werte.com\/de\/produkt\/jeaunaux-les-marnes-blanches-brut-nature-v19-750ml\/#primaryimage","url":"https:\/\/wein-werte.com\/wp-content\/uploads\/2026\/04\/Jeaunaux-Les-Marnes-blanches-Brut-Nature-V19-750ml.png","contentUrl":"https:\/\/wein-werte.com\/wp-content\/uploads\/2026\/04\/Jeaunaux-Les-Marnes-blanches-Brut-Nature-V19-750ml.png","width":336,"height":1200,"caption":"Jeaunaux-Robin Les Marnes Blanches Brut Nature V19 NV 750ml"},{"@type":"BreadcrumbList","@id":"https:\/\/wein-werte.com\/de\/produkt\/jeaunaux-les-marnes-blanches-brut-nature-v19-750ml\/#breadcrumb","itemListElement":[{"@type":"ListItem","position":1,"name":"Home","item":"https:\/\/wein-werte.com\/de\/"},{"@type":"ListItem","position":2,"name":"Shop","item":"https:\/\/wein-werte.com\/de\/shop\/"},{"@type":"ListItem","position":3,"name":"Jeaunaux-Robin | Champagne | Les Marnes Blanches Brut Nature V19 | NV | 750ml | bio"}]},{"@type":"WebSite","@id":"https:\/\/wein-werte.com\/de\/#website","url":"https:\/\/wein-werte.com\/de\/","name":"Wein Werte","description":"","publisher":{"@id":"https:\/\/wein-werte.com\/de\/#organization"},"potentialAction":[{"@type":"SearchAction","target":{"@type":"EntryPoint","urlTemplate":"https:\/\/wein-werte.com\/de\/?s={search_term_string}"},"query-input":{"@type":"PropertyValueSpecification","valueRequired":true,"valueName":"search_term_string"}}],"inLanguage":"de"},{"@type":"Organization","@id":"https:\/\/wein-werte.com\/de\/#organization","name":"Vins Fins Thorrold","url":"https:\/\/wein-werte.com\/de\/","logo":{"@type":"ImageObject","inLanguage":"de","@id":"https:\/\/wein-werte.com\/de\/#\/schema\/logo\/image\/","url":"https:\/\/wein-werte.com\/wp-content\/uploads\/2023\/07\/Wein_werte_Logo700-1.png","contentUrl":"https:\/\/wein-werte.com\/wp-content\/uploads\/2023\/07\/Wein_werte_Logo700-1.png","width":700,"height":272,"caption":"Vins Fins Thorrold"},"image":{"@id":"https:\/\/wein-werte.com\/de\/#\/schema\/logo\/image\/"}}]}},"_links":{"self":[{"href":"https:\/\/wein-werte.com\/de\/wp-json\/wp\/v2\/product\/1132624","targetHints":{"allow":["GET"]}}],"collection":[{"href":"https:\/\/wein-werte.com\/de\/wp-json\/wp\/v2\/product"}],"about":[{"href":"https:\/\/wein-werte.com\/de\/wp-json\/wp\/v2\/types\/product"}],"wp:featuredmedia":[{"embeddable":true,"href":"https:\/\/wein-werte.com\/de\/wp-json\/wp\/v2\/media\/1143246"}],"wp:attachment":[{"href":"https:\/\/wein-werte.com\/de\/wp-json\/wp\/v2\/media?parent=1132624"}],"wp:term":[{"taxonomy":"product_brand","embeddable":true,"href":"https:\/\/wein-werte.com\/de\/wp-json\/wp\/v2\/product_brand?post=1132624"},{"taxonomy":"product_cat","embeddable":true,"href":"https:\/\/wein-werte.com\/de\/wp-json\/wp\/v2\/product_cat?post=1132624"},{"taxonomy":"product_tag","embeddable":true,"href":"https:\/\/wein-werte.com\/de\/wp-json\/wp\/v2\/product_tag?post=1132624"}],"curies":[{"name":"wp","href":"https:\/\/api.w.org\/{rel}","templated":true}]}}