{"id":1132614,"date":"2026-05-12T15:50:33","date_gmt":"2026-05-12T13:50:33","guid":{"rendered":"https:\/\/wein-werte.com\/product\/jeaunaux-les-grands-nots-brut-nature-2010-750ml\/"},"modified":"2026-05-12T19:57:27","modified_gmt":"2026-05-12T17:57:27","slug":"jeaunaux-les-grands-nots-brut-nature-2010-750ml","status":"publish","type":"product","link":"https:\/\/wein-werte.com\/de\/produkt\/jeaunaux-les-grands-nots-brut-nature-2010-750ml\/","title":{"rendered":"Jeaunaux-Robin | Champagne | Les Grands Nots Brut Nature | 2010 | 750ml"},"content":{"rendered":"<p>Produktbeschreibung f\u00fcr Jeaunaux-Robin Les Grands Nots Brut Nature 2010  <\/p>\n<h5>Information zum Wein<\/h5>\n<p> Der Les Grands Nots ist ein Champagner aus den T\u00eates de Cuv\u00e9e von je einem Drittel Meunier, Pinot Noir und Chardonnay von den komplexen kreidigen, kalkigen und lehmigen B\u00f6den der C\u00f4te de S\u00e9zanne. Die Rebst\u00f6cke sind \u00fcber 50 Jahre alt. Die spontan vergorenen S\u00e4fte wurden jeweils f\u00fcr zehn Monate in burgundischen Pi\u00e8ces aus Mehrfachbelegung ausgebaut. Sie sind normalerweise rund zehn Jahre alt. Der Jahrgang ist 2010. Das D\u00e9gorgement erfolgte im Juli 2022 mit null Gramm Dosage. Es wurden 1.432 Flaschen erzeugt. <\/p>\n<h5>Farbe<\/h5>\n<p> helles Goldgelb mit feiner Perlage <\/p>\n<h5>Nase<\/h5>\n<p> Der Les Grands Nots in ein von Beginn an komplexer Champagner, bei dem man den Ausbau des Grundweines im Holz vor allem zu Beginn sehr gut im Duft erahnen kann. Der wird zun\u00e4chst von eher exotischen Noten bestimmt. Es findet sich eine reife Nase von Ananas und Mango, viel Agrumen, etwas reifer Birne, kandiertem Ingwer und Steinobst. Die Frucht wird begleitet von dezentem Holz und von Vanille, Bl\u00e4tterteig und einer feinen Oxidation sowie von etwas Wachs und Honig. <\/p>\n<h5>Gaumen<\/h5>\n<p> Am Gaumen wirkt der Champagner geschmacklich reif und gereift mit viel m\u00fcrber Frucht, einer Menge reifer Zitrusfr\u00fcchte und etwas kandierter Zitronenschale. Dazu kommen auch hier Noten von Vanille, Bl\u00e4tterteig und Brioche. Der Wein kleidet den Gaumen wunderbar aus und sorgt f\u00fcr eine angenehme F\u00fclle und Pr\u00e4senz. Fast unerwartet schie\u00dft im n\u00e4chsten Moment die frische dr\u00e4ngende und lebendige S\u00e4ure ein, verwirbelt die reifen Fruchtkomponenten und verbindet sich mit ihnen. Erst jetzt wird einem die Kraft und die Vitalit\u00e4t dieses 13 Jahre alten Champagners in voller Bandbreite klar. Daf\u00fcr aber bleibt eine Erkenntnis lange dem Gaumen verhaftet; denn der Les Grands Nots verebbt nur langsam, und hinterl\u00e4sst Spuren von Salzkaramell, Jod, Apfel und Zitrusschalen.<\/p>\n<p>Copyright Vinaturel 2025<\/p>\n<p>Keywords: <a href=\"https:\/\/wein-werte.com\/de\/shop\/?swoof=1&#038;pa_producer=Jeaunaux-Robin\">Jeaunaux-Robin<\/a> <a href=\"https:\/\/wein-werte.com\/de\/shop\/?swoof=1&#038;woof_text=Les Grands Nots Brut Nature\">Les Grands Nots Brut Nature<\/a> 2010  <a href=\"https:\/\/wein-werte.com\/de\/shop\/?swoof=1&#038;pa_region=Champagne\">Champagne<\/a> <a href=\"https:\/\/wein-werte.com\/de\/shop\/?swoof=1&#038;pa_country=Frankreich\">Frankreich<\/a><\/p>\n<p>Internetseite des Weinguts: <a href=\"https:\/\/www.champagne-jr.fr\/\" target=\"_blank\">https:\/\/www.champagne-jr.fr\/<\/a><\/p>\n","protected":false},"excerpt":{"rendered":"<div style=\"font-size: 14px;\">\n<p>Lieferzeit: 1 bis 2 Arbeitstage (DE), 2 bis 5 Arbeitstage (EU und CH)<\/p>\n<p>Ungef\u00e4hrer Energiegehalt pro 125-ml-Glas: 95 kcal<\/p>\n<\/p><\/div>\n","protected":false},"featured_media":1143238,"template":"","meta":[],"product_brand":[],"product_cat":[19],"product_tag":[],"class_list":{"0":"post-1132614","1":"product","2":"type-product","3":"status-publish","4":"has-post-thumbnail","6":"product_cat-unkategorisiert","7":"pa_alcohol-for-filter-12893","8":"pa_certified-biodynamic-nein-de","9":"pa_certified-organic-nein-de","10":"pa_colour-weiss","11":"pa_country-frankreich","12":"pa_grape-chardonnay-cuvee","13":"pa_price-for-filter-10706","14":"pa_producer-jeaunaux-robin","15":"pa_region-champagne","16":"pa_size-ml-6584","17":"pa_sweetness-trocken-de","18":"pa_type-2-champagner","19":"pa_vintage-2010-de","20":"entry","21":"has-media","23":"first","24":"instock","25":"taxable","26":"shipping-taxable","27":"purchasable","28":"product-type-simple"},"yoast_head":"<!-- This site is optimized with the Yoast SEO plugin v27.6 - https:\/\/yoast.com\/product\/yoast-seo-wordpress\/ -->\n<title>Jeaunaux-Les Grands Nots Brut Nature 2010<\/title>\n<meta name=\"description\" content=\"Kaufe Jeaunaux-Les Grands Nots Brut Nature 2010 (Chardonnay Cuv\u00e9e, trocken Schaumwein aus Champagne, Frankreich) bei Wein Werte, Ihrem nachhaltigen Onlineshop.\" \/>\n<meta name=\"robots\" content=\"index, follow, max-snippet:-1, max-image-preview:large, max-video-preview:-1\" \/>\n<link rel=\"canonical\" href=\"https:\/\/wein-werte.com\/de\/produkt\/jeaunaux-les-grands-nots-brut-nature-2010-750ml\/\" \/>\n<meta property=\"og:locale\" content=\"de_DE\" \/>\n<meta property=\"og:type\" content=\"article\" \/>\n<meta property=\"og:title\" content=\"Jeaunaux-Les Grands Nots Brut Nature 2010\" \/>\n<meta property=\"og:description\" content=\"Kaufe Jeaunaux-Les Grands Nots Brut Nature 2010 (Chardonnay Cuv\u00e9e, trocken Schaumwein aus Champagne, Frankreich) bei Wein Werte, Ihrem nachhaltigen Onlineshop.\" \/>\n<meta property=\"og:url\" content=\"https:\/\/wein-werte.com\/de\/produkt\/jeaunaux-les-grands-nots-brut-nature-2010-750ml\/\" \/>\n<meta property=\"og:site_name\" content=\"Wein Werte\" \/>\n<meta property=\"article:modified_time\" content=\"2026-05-12T17:57:27+00:00\" \/>\n<meta property=\"og:image\" content=\"https:\/\/wein-werte.com\/wp-content\/uploads\/2026\/04\/Jeaunaux-Les-Grands-Nots-Brut-Nature-2010-750ml.png\" \/>\n\t<meta property=\"og:image:width\" content=\"376\" \/>\n\t<meta property=\"og:image:height\" content=\"1200\" \/>\n\t<meta property=\"og:image:type\" content=\"image\/png\" \/>\n<meta name=\"twitter:card\" content=\"summary_large_image\" \/>\n<meta name=\"twitter:label1\" content=\"Gesch\u00e4tzte Lesezeit\" \/>\n\t<meta name=\"twitter:data1\" content=\"2\u00a0Minuten\" \/>\n<script type=\"application\/ld+json\" class=\"yoast-schema-graph\">{\"@context\":\"https:\\\/\\\/schema.org\",\"@graph\":[{\"@type\":\"WebPage\",\"@id\":\"https:\\\/\\\/wein-werte.com\\\/de\\\/produkt\\\/jeaunaux-les-grands-nots-brut-nature-2010-750ml\\\/\",\"url\":\"https:\\\/\\\/wein-werte.com\\\/de\\\/produkt\\\/jeaunaux-les-grands-nots-brut-nature-2010-750ml\\\/\",\"name\":\"Jeaunaux-Les Grands Nots Brut Nature 2010\",\"isPartOf\":{\"@id\":\"https:\\\/\\\/wein-werte.com\\\/de\\\/#website\"},\"primaryImageOfPage\":{\"@id\":\"https:\\\/\\\/wein-werte.com\\\/de\\\/produkt\\\/jeaunaux-les-grands-nots-brut-nature-2010-750ml\\\/#primaryimage\"},\"image\":{\"@id\":\"https:\\\/\\\/wein-werte.com\\\/de\\\/produkt\\\/jeaunaux-les-grands-nots-brut-nature-2010-750ml\\\/#primaryimage\"},\"thumbnailUrl\":\"https:\\\/\\\/wein-werte.com\\\/wp-content\\\/uploads\\\/2026\\\/04\\\/Jeaunaux-Les-Grands-Nots-Brut-Nature-2010-750ml.png\",\"datePublished\":\"2026-05-12T13:50:33+00:00\",\"dateModified\":\"2026-05-12T17:57:27+00:00\",\"description\":\"Kaufe Jeaunaux-Les Grands Nots Brut Nature 2010 (Chardonnay Cuv\u00e9e, trocken Schaumwein aus Champagne, Frankreich) bei Wein Werte, Ihrem nachhaltigen Onlineshop.\",\"breadcrumb\":{\"@id\":\"https:\\\/\\\/wein-werte.com\\\/de\\\/produkt\\\/jeaunaux-les-grands-nots-brut-nature-2010-750ml\\\/#breadcrumb\"},\"inLanguage\":\"de\",\"potentialAction\":[{\"@type\":\"ReadAction\",\"target\":[\"https:\\\/\\\/wein-werte.com\\\/de\\\/produkt\\\/jeaunaux-les-grands-nots-brut-nature-2010-750ml\\\/\"]}]},{\"@type\":\"ImageObject\",\"inLanguage\":\"de\",\"@id\":\"https:\\\/\\\/wein-werte.com\\\/de\\\/produkt\\\/jeaunaux-les-grands-nots-brut-nature-2010-750ml\\\/#primaryimage\",\"url\":\"https:\\\/\\\/wein-werte.com\\\/wp-content\\\/uploads\\\/2026\\\/04\\\/Jeaunaux-Les-Grands-Nots-Brut-Nature-2010-750ml.png\",\"contentUrl\":\"https:\\\/\\\/wein-werte.com\\\/wp-content\\\/uploads\\\/2026\\\/04\\\/Jeaunaux-Les-Grands-Nots-Brut-Nature-2010-750ml.png\",\"width\":376,\"height\":1200,\"caption\":\"Jeaunaux-Robin Les Grands Nots Brut Nature 2010 750ml\"},{\"@type\":\"BreadcrumbList\",\"@id\":\"https:\\\/\\\/wein-werte.com\\\/de\\\/produkt\\\/jeaunaux-les-grands-nots-brut-nature-2010-750ml\\\/#breadcrumb\",\"itemListElement\":[{\"@type\":\"ListItem\",\"position\":1,\"name\":\"Home\",\"item\":\"https:\\\/\\\/wein-werte.com\\\/de\\\/\"},{\"@type\":\"ListItem\",\"position\":2,\"name\":\"Shop\",\"item\":\"https:\\\/\\\/wein-werte.com\\\/de\\\/shop\\\/\"},{\"@type\":\"ListItem\",\"position\":3,\"name\":\"Jeaunaux-Robin | Champagne | Les Grands Nots Brut Nature | 2010 | 750ml\"}]},{\"@type\":\"WebSite\",\"@id\":\"https:\\\/\\\/wein-werte.com\\\/de\\\/#website\",\"url\":\"https:\\\/\\\/wein-werte.com\\\/de\\\/\",\"name\":\"Wein Werte\",\"description\":\"\",\"publisher\":{\"@id\":\"https:\\\/\\\/wein-werte.com\\\/de\\\/#organization\"},\"potentialAction\":[{\"@type\":\"SearchAction\",\"target\":{\"@type\":\"EntryPoint\",\"urlTemplate\":\"https:\\\/\\\/wein-werte.com\\\/de\\\/?s={search_term_string}\"},\"query-input\":{\"@type\":\"PropertyValueSpecification\",\"valueRequired\":true,\"valueName\":\"search_term_string\"}}],\"inLanguage\":\"de\"},{\"@type\":\"Organization\",\"@id\":\"https:\\\/\\\/wein-werte.com\\\/de\\\/#organization\",\"name\":\"Vins Fins Thorrold\",\"url\":\"https:\\\/\\\/wein-werte.com\\\/de\\\/\",\"logo\":{\"@type\":\"ImageObject\",\"inLanguage\":\"de\",\"@id\":\"https:\\\/\\\/wein-werte.com\\\/de\\\/#\\\/schema\\\/logo\\\/image\\\/\",\"url\":\"https:\\\/\\\/wein-werte.com\\\/wp-content\\\/uploads\\\/2023\\\/07\\\/Wein_werte_Logo700-1.png\",\"contentUrl\":\"https:\\\/\\\/wein-werte.com\\\/wp-content\\\/uploads\\\/2023\\\/07\\\/Wein_werte_Logo700-1.png\",\"width\":700,\"height\":272,\"caption\":\"Vins Fins Thorrold\"},\"image\":{\"@id\":\"https:\\\/\\\/wein-werte.com\\\/de\\\/#\\\/schema\\\/logo\\\/image\\\/\"}}]}<\/script>\n<!-- \/ Yoast SEO plugin. -->","yoast_head_json":{"title":"Jeaunaux-Les Grands Nots Brut Nature 2010","description":"Kaufe Jeaunaux-Les Grands Nots Brut Nature 2010 (Chardonnay Cuv\u00e9e, trocken Schaumwein aus Champagne, Frankreich) bei Wein Werte, Ihrem nachhaltigen Onlineshop.","robots":{"index":"index","follow":"follow","max-snippet":"max-snippet:-1","max-image-preview":"max-image-preview:large","max-video-preview":"max-video-preview:-1"},"canonical":"https:\/\/wein-werte.com\/de\/produkt\/jeaunaux-les-grands-nots-brut-nature-2010-750ml\/","og_locale":"de_DE","og_type":"article","og_title":"Jeaunaux-Les Grands Nots Brut Nature 2010","og_description":"Kaufe Jeaunaux-Les Grands Nots Brut Nature 2010 (Chardonnay Cuv\u00e9e, trocken Schaumwein aus Champagne, Frankreich) bei Wein Werte, Ihrem nachhaltigen Onlineshop.","og_url":"https:\/\/wein-werte.com\/de\/produkt\/jeaunaux-les-grands-nots-brut-nature-2010-750ml\/","og_site_name":"Wein Werte","article_modified_time":"2026-05-12T17:57:27+00:00","og_image":[{"width":376,"height":1200,"url":"https:\/\/wein-werte.com\/wp-content\/uploads\/2026\/04\/Jeaunaux-Les-Grands-Nots-Brut-Nature-2010-750ml.png","type":"image\/png"}],"twitter_card":"summary_large_image","twitter_misc":{"Gesch\u00e4tzte Lesezeit":"2\u00a0Minuten"},"schema":{"@context":"https:\/\/schema.org","@graph":[{"@type":"WebPage","@id":"https:\/\/wein-werte.com\/de\/produkt\/jeaunaux-les-grands-nots-brut-nature-2010-750ml\/","url":"https:\/\/wein-werte.com\/de\/produkt\/jeaunaux-les-grands-nots-brut-nature-2010-750ml\/","name":"Jeaunaux-Les Grands Nots Brut Nature 2010","isPartOf":{"@id":"https:\/\/wein-werte.com\/de\/#website"},"primaryImageOfPage":{"@id":"https:\/\/wein-werte.com\/de\/produkt\/jeaunaux-les-grands-nots-brut-nature-2010-750ml\/#primaryimage"},"image":{"@id":"https:\/\/wein-werte.com\/de\/produkt\/jeaunaux-les-grands-nots-brut-nature-2010-750ml\/#primaryimage"},"thumbnailUrl":"https:\/\/wein-werte.com\/wp-content\/uploads\/2026\/04\/Jeaunaux-Les-Grands-Nots-Brut-Nature-2010-750ml.png","datePublished":"2026-05-12T13:50:33+00:00","dateModified":"2026-05-12T17:57:27+00:00","description":"Kaufe Jeaunaux-Les Grands Nots Brut Nature 2010 (Chardonnay Cuv\u00e9e, trocken Schaumwein aus Champagne, Frankreich) bei Wein Werte, Ihrem nachhaltigen Onlineshop.","breadcrumb":{"@id":"https:\/\/wein-werte.com\/de\/produkt\/jeaunaux-les-grands-nots-brut-nature-2010-750ml\/#breadcrumb"},"inLanguage":"de","potentialAction":[{"@type":"ReadAction","target":["https:\/\/wein-werte.com\/de\/produkt\/jeaunaux-les-grands-nots-brut-nature-2010-750ml\/"]}]},{"@type":"ImageObject","inLanguage":"de","@id":"https:\/\/wein-werte.com\/de\/produkt\/jeaunaux-les-grands-nots-brut-nature-2010-750ml\/#primaryimage","url":"https:\/\/wein-werte.com\/wp-content\/uploads\/2026\/04\/Jeaunaux-Les-Grands-Nots-Brut-Nature-2010-750ml.png","contentUrl":"https:\/\/wein-werte.com\/wp-content\/uploads\/2026\/04\/Jeaunaux-Les-Grands-Nots-Brut-Nature-2010-750ml.png","width":376,"height":1200,"caption":"Jeaunaux-Robin Les Grands Nots Brut Nature 2010 750ml"},{"@type":"BreadcrumbList","@id":"https:\/\/wein-werte.com\/de\/produkt\/jeaunaux-les-grands-nots-brut-nature-2010-750ml\/#breadcrumb","itemListElement":[{"@type":"ListItem","position":1,"name":"Home","item":"https:\/\/wein-werte.com\/de\/"},{"@type":"ListItem","position":2,"name":"Shop","item":"https:\/\/wein-werte.com\/de\/shop\/"},{"@type":"ListItem","position":3,"name":"Jeaunaux-Robin | Champagne | Les Grands Nots Brut Nature | 2010 | 750ml"}]},{"@type":"WebSite","@id":"https:\/\/wein-werte.com\/de\/#website","url":"https:\/\/wein-werte.com\/de\/","name":"Wein Werte","description":"","publisher":{"@id":"https:\/\/wein-werte.com\/de\/#organization"},"potentialAction":[{"@type":"SearchAction","target":{"@type":"EntryPoint","urlTemplate":"https:\/\/wein-werte.com\/de\/?s={search_term_string}"},"query-input":{"@type":"PropertyValueSpecification","valueRequired":true,"valueName":"search_term_string"}}],"inLanguage":"de"},{"@type":"Organization","@id":"https:\/\/wein-werte.com\/de\/#organization","name":"Vins Fins Thorrold","url":"https:\/\/wein-werte.com\/de\/","logo":{"@type":"ImageObject","inLanguage":"de","@id":"https:\/\/wein-werte.com\/de\/#\/schema\/logo\/image\/","url":"https:\/\/wein-werte.com\/wp-content\/uploads\/2023\/07\/Wein_werte_Logo700-1.png","contentUrl":"https:\/\/wein-werte.com\/wp-content\/uploads\/2023\/07\/Wein_werte_Logo700-1.png","width":700,"height":272,"caption":"Vins Fins Thorrold"},"image":{"@id":"https:\/\/wein-werte.com\/de\/#\/schema\/logo\/image\/"}}]}},"_links":{"self":[{"href":"https:\/\/wein-werte.com\/de\/wp-json\/wp\/v2\/product\/1132614","targetHints":{"allow":["GET"]}}],"collection":[{"href":"https:\/\/wein-werte.com\/de\/wp-json\/wp\/v2\/product"}],"about":[{"href":"https:\/\/wein-werte.com\/de\/wp-json\/wp\/v2\/types\/product"}],"wp:featuredmedia":[{"embeddable":true,"href":"https:\/\/wein-werte.com\/de\/wp-json\/wp\/v2\/media\/1143238"}],"wp:attachment":[{"href":"https:\/\/wein-werte.com\/de\/wp-json\/wp\/v2\/media?parent=1132614"}],"wp:term":[{"taxonomy":"product_brand","embeddable":true,"href":"https:\/\/wein-werte.com\/de\/wp-json\/wp\/v2\/product_brand?post=1132614"},{"taxonomy":"product_cat","embeddable":true,"href":"https:\/\/wein-werte.com\/de\/wp-json\/wp\/v2\/product_cat?post=1132614"},{"taxonomy":"product_tag","embeddable":true,"href":"https:\/\/wein-werte.com\/de\/wp-json\/wp\/v2\/product_tag?post=1132614"}],"curies":[{"name":"wp","href":"https:\/\/api.w.org\/{rel}","templated":true}]}}