{"id":1132611,"date":"2026-05-12T15:50:33","date_gmt":"2026-05-12T13:50:33","guid":{"rendered":"https:\/\/wein-werte.com\/product\/jeaunaux-instinct-meunier-brut-nature-2018-750ml\/"},"modified":"2026-05-12T19:57:27","modified_gmt":"2026-05-12T17:57:27","slug":"jeaunaux-instinct-meunier-brut-nature-2018-750ml","status":"publish","type":"product","link":"https:\/\/wein-werte.com\/de\/produkt\/jeaunaux-instinct-meunier-brut-nature-2018-750ml\/","title":{"rendered":"Jeaunaux-Robin | Champagne | Instinct Meunier Brut Nature | 2018 | 750ml"},"content":{"rendered":"<p>Produktbeschreibung f\u00fcr Jeaunaux-Robin Instinct Meunier Brut Nature 2018 <\/p>\n<p> Cyril Jeaunaux betreibt in der dritten Generation Weinbau und hat 2015 auf biodynamische Bewirtschaftung umgestellt. Ganz im S\u00fcden der C\u00f4te des Blancs, am Fl\u00fcsschen Petit Morin, liegt das \u00d6rtchen Tallus Les Prix. Hier ist die Champagne wirklich noch l\u00e4ndlich. Nichts deutet auf Luxus und Jet Set hin. Durch k\u00fchle Luft aus den umliegenden H\u00fcgeln sind die Weinberge im Tal Sp\u00e4tfrost gef\u00e4hrdet. Dagegen ist der Pinot Meunier am besten gewappnet, der hier dominiert. Ein kleiner Teil der Trauben kommt von der C\u00f4te des Bar, wo Cyril noch einen Hektar Weinberge bewirtschaftet. Die Weine werden in gebrauchten Barrique ausgebaut. Der biologische S\u00e4ureabbau wird wenn m\u00f6glich vermieden. Hier entstehen ganz individuelle und ehrliche Champagner, die animierende S\u00e4ure, Mineralit\u00e4t und Trinkfluss vereinen. <\/p>\n<h5>Info<\/h5>\n<p> Instinct Meunier basiert auf der Parzelle Le Grand Morceau und ist mit 59-j\u00e4hrigen Reben gesegnet. Im Boden findet man Feuerstein sowie Ton. Der Ausbau des Grundweines findet in F\u00e4ssern aus dem Jahr 2004 statt. Die malolaktische G\u00e4rung passiert nicht. Tirage in 2019, 0g Dosage. <\/p>\n<h5>Farbe<\/h5>\n<p> Funkelnd leuchtendes Zitronengelb mit zart orangenen Reflexen und sehr gleichm\u00e4\u00dfiger Perlage <\/p>\n<h5>Nase<\/h5>\n<p> In der Nase vereint der Instinct Meunier Brut Nature von Jeaunaux-Robin gelbe Frucht mit buttrigen Aspekten sowie leicht maritimen Ankl\u00e4ngen. Mirabelle, etwas reife Ananas und Pfirsich kommen zun\u00e4chst zur Geltung. Es folgt eine Reihe typischer Aromen. Butterbrioche, leicht ger\u00f6stet und warm duftend macht es einem schwer zu widerstehen. Ganz zart kommt auch Bourbon-Vanille durch sowie Vanille-Kipferl. Auf der maritimen Seite zeigt er reichlich Gischt und Austernschale. Das ganz wird mit etwas kaltem Rauch abgerundet. <\/p>\n<h5>Gaumen<\/h5>\n<p> Im Antrunk zeigt er sich dann deutlich straffer und klarer, als seine Nase vermuten lie\u00df. Er ist konsequent trocken, wie sein Name bereits verr\u00e4t, und schneidet damit durch die Frucht. Seine packende S\u00e4urestruktur baut auch direkt richtig Druck auf den Gaumen auf. Schaumwein f\u00fcr Fortgeschrittene. Kompakt legt sich sein mineralischer Film \u00fcber die Zahnoberfl\u00e4chen und setzt sich dort fest. Herrlich. Er fordert und begeistert zugleich. Hinten raus zeigt er angenehme Bitterstoffe, die sich mit der Frucht wunderbar erg\u00e4nzen. Im Nachhall kommt die Austernschale in Verbindung mit Zitronenabrieb bestens und vor allem lange zur Geltung.<\/p>\n<p>Copyright Vinaturel 2025<\/p>\n<p>Keywords: <a href=\"https:\/\/wein-werte.com\/de\/shop\/?swoof=1&#038;pa_producer=Jeaunaux-Robin\">Jeaunaux-Robin<\/a> <a href=\"https:\/\/wein-werte.com\/de\/shop\/?swoof=1&#038;woof_text=Instinct Meunier Brut Nature\">Instinct Meunier Brut Nature<\/a> 2018  <a href=\"https:\/\/wein-werte.com\/de\/shop\/?swoof=1&#038;pa_region=Champagne\">Champagne<\/a> <a href=\"https:\/\/wein-werte.com\/de\/shop\/?swoof=1&#038;pa_country=Frankreich\">Frankreich<\/a><\/p>\n<p>Internetseite des Weinguts: <a href=\"https:\/\/www.champagne-jr.fr\/\" target=\"_blank\">https:\/\/www.champagne-jr.fr\/<\/a><\/p>\n","protected":false},"excerpt":{"rendered":"<div style=\"font-size: 14px;\">\n<p>Lieferzeit: 1 bis 2 Arbeitstage (DE), 2 bis 5 Arbeitstage (EU und CH)<\/p>\n<p>Ungef\u00e4hrer Energiegehalt pro 125-ml-Glas: 95 kcal<\/p>\n<\/p><\/div>\n","protected":false},"featured_media":1147479,"template":"","meta":[],"product_brand":[],"product_cat":[19],"product_tag":[],"class_list":{"0":"post-1132611","1":"product","2":"type-product","3":"status-publish","4":"has-post-thumbnail","6":"product_cat-unkategorisiert","7":"pa_alcohol-for-filter-12893","8":"pa_certified-biodynamic-nein-de","9":"pa_certified-organic-nein-de","10":"pa_colour-weiss","11":"pa_country-frankreich","12":"pa_grape-pinot-meunier-mullerrebe","13":"pa_price-for-filter-10621","14":"pa_producer-jeaunaux-robin","15":"pa_region-champagne","16":"pa_size-ml-6584","17":"pa_sweetness-trocken-de","18":"pa_type-2-champagner","19":"pa_vintage-2018-de","20":"entry","21":"has-media","23":"first","24":"instock","25":"taxable","26":"shipping-taxable","27":"purchasable","28":"product-type-simple"},"yoast_head":"<!-- This site is optimized with the Yoast SEO plugin v27.6 - https:\/\/yoast.com\/product\/yoast-seo-wordpress\/ -->\n<title>Jeaunaux-Instinct Meunier Brut Nature 2018<\/title>\n<meta name=\"description\" content=\"Kaufe Jeaunaux-Instinct Meunier Brut Nature 2018 (Pinot Meunier, trocken Schaumwein aus Champagne, Frankreich) bei Wein Werte, Ihrem nachhaltigen Onlineshop.\" \/>\n<meta name=\"robots\" content=\"index, follow, max-snippet:-1, max-image-preview:large, max-video-preview:-1\" \/>\n<link rel=\"canonical\" href=\"https:\/\/wein-werte.com\/de\/produkt\/jeaunaux-instinct-meunier-brut-nature-2018-750ml\/\" \/>\n<meta property=\"og:locale\" content=\"de_DE\" \/>\n<meta property=\"og:type\" content=\"article\" \/>\n<meta property=\"og:title\" content=\"Jeaunaux-Instinct Meunier Brut Nature 2018\" \/>\n<meta property=\"og:description\" content=\"Kaufe Jeaunaux-Instinct Meunier Brut Nature 2018 (Pinot Meunier, trocken Schaumwein aus Champagne, Frankreich) bei Wein Werte, Ihrem nachhaltigen Onlineshop.\" \/>\n<meta property=\"og:url\" content=\"https:\/\/wein-werte.com\/de\/produkt\/jeaunaux-instinct-meunier-brut-nature-2018-750ml\/\" \/>\n<meta property=\"og:site_name\" content=\"Wein Werte\" \/>\n<meta property=\"article:modified_time\" content=\"2026-05-12T17:57:27+00:00\" \/>\n<meta property=\"og:image\" content=\"https:\/\/wein-werte.com\/wp-content\/uploads\/2026\/04\/Jeaunaux-Instinct-Meunier-Brut-Nature-2018-750-ml.png\" \/>\n\t<meta property=\"og:image:width\" content=\"178\" \/>\n\t<meta property=\"og:image:height\" content=\"621\" \/>\n\t<meta property=\"og:image:type\" content=\"image\/png\" \/>\n<meta name=\"twitter:card\" content=\"summary_large_image\" \/>\n<meta name=\"twitter:label1\" content=\"Gesch\u00e4tzte Lesezeit\" \/>\n\t<meta name=\"twitter:data1\" content=\"2\u00a0Minuten\" \/>\n<script type=\"application\/ld+json\" class=\"yoast-schema-graph\">{\"@context\":\"https:\\\/\\\/schema.org\",\"@graph\":[{\"@type\":\"WebPage\",\"@id\":\"https:\\\/\\\/wein-werte.com\\\/de\\\/produkt\\\/jeaunaux-instinct-meunier-brut-nature-2018-750ml\\\/\",\"url\":\"https:\\\/\\\/wein-werte.com\\\/de\\\/produkt\\\/jeaunaux-instinct-meunier-brut-nature-2018-750ml\\\/\",\"name\":\"Jeaunaux-Instinct Meunier Brut Nature 2018\",\"isPartOf\":{\"@id\":\"https:\\\/\\\/wein-werte.com\\\/de\\\/#website\"},\"primaryImageOfPage\":{\"@id\":\"https:\\\/\\\/wein-werte.com\\\/de\\\/produkt\\\/jeaunaux-instinct-meunier-brut-nature-2018-750ml\\\/#primaryimage\"},\"image\":{\"@id\":\"https:\\\/\\\/wein-werte.com\\\/de\\\/produkt\\\/jeaunaux-instinct-meunier-brut-nature-2018-750ml\\\/#primaryimage\"},\"thumbnailUrl\":\"https:\\\/\\\/wein-werte.com\\\/wp-content\\\/uploads\\\/2026\\\/04\\\/Jeaunaux-Instinct-Meunier-Brut-Nature-2018-750-ml.png\",\"datePublished\":\"2026-05-12T13:50:33+00:00\",\"dateModified\":\"2026-05-12T17:57:27+00:00\",\"description\":\"Kaufe Jeaunaux-Instinct Meunier Brut Nature 2018 (Pinot Meunier, trocken Schaumwein aus Champagne, Frankreich) bei Wein Werte, Ihrem nachhaltigen Onlineshop.\",\"breadcrumb\":{\"@id\":\"https:\\\/\\\/wein-werte.com\\\/de\\\/produkt\\\/jeaunaux-instinct-meunier-brut-nature-2018-750ml\\\/#breadcrumb\"},\"inLanguage\":\"de\",\"potentialAction\":[{\"@type\":\"ReadAction\",\"target\":[\"https:\\\/\\\/wein-werte.com\\\/de\\\/produkt\\\/jeaunaux-instinct-meunier-brut-nature-2018-750ml\\\/\"]}]},{\"@type\":\"ImageObject\",\"inLanguage\":\"de\",\"@id\":\"https:\\\/\\\/wein-werte.com\\\/de\\\/produkt\\\/jeaunaux-instinct-meunier-brut-nature-2018-750ml\\\/#primaryimage\",\"url\":\"https:\\\/\\\/wein-werte.com\\\/wp-content\\\/uploads\\\/2026\\\/04\\\/Jeaunaux-Instinct-Meunier-Brut-Nature-2018-750-ml.png\",\"contentUrl\":\"https:\\\/\\\/wein-werte.com\\\/wp-content\\\/uploads\\\/2026\\\/04\\\/Jeaunaux-Instinct-Meunier-Brut-Nature-2018-750-ml.png\",\"width\":178,\"height\":621},{\"@type\":\"BreadcrumbList\",\"@id\":\"https:\\\/\\\/wein-werte.com\\\/de\\\/produkt\\\/jeaunaux-instinct-meunier-brut-nature-2018-750ml\\\/#breadcrumb\",\"itemListElement\":[{\"@type\":\"ListItem\",\"position\":1,\"name\":\"Home\",\"item\":\"https:\\\/\\\/wein-werte.com\\\/de\\\/\"},{\"@type\":\"ListItem\",\"position\":2,\"name\":\"Shop\",\"item\":\"https:\\\/\\\/wein-werte.com\\\/de\\\/shop\\\/\"},{\"@type\":\"ListItem\",\"position\":3,\"name\":\"Jeaunaux-Robin | Champagne | Instinct Meunier Brut Nature | 2018 | 750ml\"}]},{\"@type\":\"WebSite\",\"@id\":\"https:\\\/\\\/wein-werte.com\\\/de\\\/#website\",\"url\":\"https:\\\/\\\/wein-werte.com\\\/de\\\/\",\"name\":\"Wein Werte\",\"description\":\"\",\"publisher\":{\"@id\":\"https:\\\/\\\/wein-werte.com\\\/de\\\/#organization\"},\"potentialAction\":[{\"@type\":\"SearchAction\",\"target\":{\"@type\":\"EntryPoint\",\"urlTemplate\":\"https:\\\/\\\/wein-werte.com\\\/de\\\/?s={search_term_string}\"},\"query-input\":{\"@type\":\"PropertyValueSpecification\",\"valueRequired\":true,\"valueName\":\"search_term_string\"}}],\"inLanguage\":\"de\"},{\"@type\":\"Organization\",\"@id\":\"https:\\\/\\\/wein-werte.com\\\/de\\\/#organization\",\"name\":\"Vins Fins Thorrold\",\"url\":\"https:\\\/\\\/wein-werte.com\\\/de\\\/\",\"logo\":{\"@type\":\"ImageObject\",\"inLanguage\":\"de\",\"@id\":\"https:\\\/\\\/wein-werte.com\\\/de\\\/#\\\/schema\\\/logo\\\/image\\\/\",\"url\":\"https:\\\/\\\/wein-werte.com\\\/wp-content\\\/uploads\\\/2023\\\/07\\\/Wein_werte_Logo700-1.png\",\"contentUrl\":\"https:\\\/\\\/wein-werte.com\\\/wp-content\\\/uploads\\\/2023\\\/07\\\/Wein_werte_Logo700-1.png\",\"width\":700,\"height\":272,\"caption\":\"Vins Fins Thorrold\"},\"image\":{\"@id\":\"https:\\\/\\\/wein-werte.com\\\/de\\\/#\\\/schema\\\/logo\\\/image\\\/\"}}]}<\/script>\n<!-- \/ Yoast SEO plugin. -->","yoast_head_json":{"title":"Jeaunaux-Instinct Meunier Brut Nature 2018","description":"Kaufe Jeaunaux-Instinct Meunier Brut Nature 2018 (Pinot Meunier, trocken Schaumwein aus Champagne, Frankreich) bei Wein Werte, Ihrem nachhaltigen Onlineshop.","robots":{"index":"index","follow":"follow","max-snippet":"max-snippet:-1","max-image-preview":"max-image-preview:large","max-video-preview":"max-video-preview:-1"},"canonical":"https:\/\/wein-werte.com\/de\/produkt\/jeaunaux-instinct-meunier-brut-nature-2018-750ml\/","og_locale":"de_DE","og_type":"article","og_title":"Jeaunaux-Instinct Meunier Brut Nature 2018","og_description":"Kaufe Jeaunaux-Instinct Meunier Brut Nature 2018 (Pinot Meunier, trocken Schaumwein aus Champagne, Frankreich) bei Wein Werte, Ihrem nachhaltigen Onlineshop.","og_url":"https:\/\/wein-werte.com\/de\/produkt\/jeaunaux-instinct-meunier-brut-nature-2018-750ml\/","og_site_name":"Wein Werte","article_modified_time":"2026-05-12T17:57:27+00:00","og_image":[{"width":178,"height":621,"url":"https:\/\/wein-werte.com\/wp-content\/uploads\/2026\/04\/Jeaunaux-Instinct-Meunier-Brut-Nature-2018-750-ml.png","type":"image\/png"}],"twitter_card":"summary_large_image","twitter_misc":{"Gesch\u00e4tzte Lesezeit":"2\u00a0Minuten"},"schema":{"@context":"https:\/\/schema.org","@graph":[{"@type":"WebPage","@id":"https:\/\/wein-werte.com\/de\/produkt\/jeaunaux-instinct-meunier-brut-nature-2018-750ml\/","url":"https:\/\/wein-werte.com\/de\/produkt\/jeaunaux-instinct-meunier-brut-nature-2018-750ml\/","name":"Jeaunaux-Instinct Meunier Brut Nature 2018","isPartOf":{"@id":"https:\/\/wein-werte.com\/de\/#website"},"primaryImageOfPage":{"@id":"https:\/\/wein-werte.com\/de\/produkt\/jeaunaux-instinct-meunier-brut-nature-2018-750ml\/#primaryimage"},"image":{"@id":"https:\/\/wein-werte.com\/de\/produkt\/jeaunaux-instinct-meunier-brut-nature-2018-750ml\/#primaryimage"},"thumbnailUrl":"https:\/\/wein-werte.com\/wp-content\/uploads\/2026\/04\/Jeaunaux-Instinct-Meunier-Brut-Nature-2018-750-ml.png","datePublished":"2026-05-12T13:50:33+00:00","dateModified":"2026-05-12T17:57:27+00:00","description":"Kaufe Jeaunaux-Instinct Meunier Brut Nature 2018 (Pinot Meunier, trocken Schaumwein aus Champagne, Frankreich) bei Wein Werte, Ihrem nachhaltigen Onlineshop.","breadcrumb":{"@id":"https:\/\/wein-werte.com\/de\/produkt\/jeaunaux-instinct-meunier-brut-nature-2018-750ml\/#breadcrumb"},"inLanguage":"de","potentialAction":[{"@type":"ReadAction","target":["https:\/\/wein-werte.com\/de\/produkt\/jeaunaux-instinct-meunier-brut-nature-2018-750ml\/"]}]},{"@type":"ImageObject","inLanguage":"de","@id":"https:\/\/wein-werte.com\/de\/produkt\/jeaunaux-instinct-meunier-brut-nature-2018-750ml\/#primaryimage","url":"https:\/\/wein-werte.com\/wp-content\/uploads\/2026\/04\/Jeaunaux-Instinct-Meunier-Brut-Nature-2018-750-ml.png","contentUrl":"https:\/\/wein-werte.com\/wp-content\/uploads\/2026\/04\/Jeaunaux-Instinct-Meunier-Brut-Nature-2018-750-ml.png","width":178,"height":621},{"@type":"BreadcrumbList","@id":"https:\/\/wein-werte.com\/de\/produkt\/jeaunaux-instinct-meunier-brut-nature-2018-750ml\/#breadcrumb","itemListElement":[{"@type":"ListItem","position":1,"name":"Home","item":"https:\/\/wein-werte.com\/de\/"},{"@type":"ListItem","position":2,"name":"Shop","item":"https:\/\/wein-werte.com\/de\/shop\/"},{"@type":"ListItem","position":3,"name":"Jeaunaux-Robin | Champagne | Instinct Meunier Brut Nature | 2018 | 750ml"}]},{"@type":"WebSite","@id":"https:\/\/wein-werte.com\/de\/#website","url":"https:\/\/wein-werte.com\/de\/","name":"Wein Werte","description":"","publisher":{"@id":"https:\/\/wein-werte.com\/de\/#organization"},"potentialAction":[{"@type":"SearchAction","target":{"@type":"EntryPoint","urlTemplate":"https:\/\/wein-werte.com\/de\/?s={search_term_string}"},"query-input":{"@type":"PropertyValueSpecification","valueRequired":true,"valueName":"search_term_string"}}],"inLanguage":"de"},{"@type":"Organization","@id":"https:\/\/wein-werte.com\/de\/#organization","name":"Vins Fins Thorrold","url":"https:\/\/wein-werte.com\/de\/","logo":{"@type":"ImageObject","inLanguage":"de","@id":"https:\/\/wein-werte.com\/de\/#\/schema\/logo\/image\/","url":"https:\/\/wein-werte.com\/wp-content\/uploads\/2023\/07\/Wein_werte_Logo700-1.png","contentUrl":"https:\/\/wein-werte.com\/wp-content\/uploads\/2023\/07\/Wein_werte_Logo700-1.png","width":700,"height":272,"caption":"Vins Fins Thorrold"},"image":{"@id":"https:\/\/wein-werte.com\/de\/#\/schema\/logo\/image\/"}}]}},"_links":{"self":[{"href":"https:\/\/wein-werte.com\/de\/wp-json\/wp\/v2\/product\/1132611","targetHints":{"allow":["GET"]}}],"collection":[{"href":"https:\/\/wein-werte.com\/de\/wp-json\/wp\/v2\/product"}],"about":[{"href":"https:\/\/wein-werte.com\/de\/wp-json\/wp\/v2\/types\/product"}],"wp:featuredmedia":[{"embeddable":true,"href":"https:\/\/wein-werte.com\/de\/wp-json\/wp\/v2\/media\/1147479"}],"wp:attachment":[{"href":"https:\/\/wein-werte.com\/de\/wp-json\/wp\/v2\/media?parent=1132611"}],"wp:term":[{"taxonomy":"product_brand","embeddable":true,"href":"https:\/\/wein-werte.com\/de\/wp-json\/wp\/v2\/product_brand?post=1132611"},{"taxonomy":"product_cat","embeddable":true,"href":"https:\/\/wein-werte.com\/de\/wp-json\/wp\/v2\/product_cat?post=1132611"},{"taxonomy":"product_tag","embeddable":true,"href":"https:\/\/wein-werte.com\/de\/wp-json\/wp\/v2\/product_tag?post=1132611"}],"curies":[{"name":"wp","href":"https:\/\/api.w.org\/{rel}","templated":true}]}}