{"id":1132608,"date":"2026-05-08T20:04:06","date_gmt":"2026-05-08T18:04:06","guid":{"rendered":"https:\/\/wein-werte.com\/product\/jeaunaux-fil-de-brume-brut-nature-v16-15-750ml\/"},"modified":"2026-04-27T11:49:15","modified_gmt":"2026-04-27T09:49:15","slug":"jeaunaux-fil-de-brume-brut-nature-v16-15-750ml","status":"publish","type":"product","link":"https:\/\/wein-werte.com\/de\/produkt\/jeaunaux-fil-de-brume-brut-nature-v16-15-750ml\/","title":{"rendered":"Jeaunaux-Robin | Champagne | Fil de Brume Brut Nature V16\/15 | NV | 750ml"},"content":{"rendered":"<p>Produktbeschreibung f\u00fcr Jeaunaux-Robin Fil de Brume Brut Nature V16\/15 NV  <\/p>\n<h5>Weingut<\/h5>\n<p> Das Weingut von Cyril Jeaunaux liegt ein wenig abseits der \u00fcblichen Wege in der Champagne. Der Ort Talus Saint Prix findet sich auf halbem Wege von Vertus (C\u00f4te des Blancs) nach S\u00e9zanne (C\u00f4te de S\u00e9zanne) im Vall\u00e9e du Petit Morin, und auch da findet man die Gemeinde, die nur \u00fcber 39 Hektar verf\u00fcgt, eher \u00fcber Umwege. Das ist deshalb wichtig, weil auch das Terroir, auf dem Cyril seine 5,7 Hektar bewirtschaftet, sich deutlich von der Kreide der C\u00f4te des Blancs unterscheidet. Nicht die Kreide ist hier bestimmend, sondern wei\u00dfer Mergel, Kalkstein und vor allem Feuerstein. Das f\u00fchrt dazu, dass 70 % seiner Weinberge mit Pinot Meunier bestockt sind. Seit 2005 werden sie organisch bewirtschaftet, seit 2010 wendet er biodynamische Methoden an, und seit 2015 befinden sich die Weinberge auch offiziell in Konversion. Cyril presst die Trauben mit zwei eigenen Conquard-Pressen und baut die Weine im Edelstahl wie auch in alten Holzf\u00e4ssern aus, wobei eine malolaktische G\u00e4rung nicht bewusst herbeigef\u00fchrt wird. <\/p>\n<h5>Wein<\/h5>\n<p> 80 % Chardonnay und 20 % Pinot Noir von Rebst\u00f6cken, die rund 60 Jahre alt sind. Im Boden findet sich Lehm, Kalk, Kreide und viel Feuerstein. Der Champagner basiert auf den Jahrg\u00e4ngen 2013 mit 70 % sowie 2012 mit 30 %. Der Ausbau erfolgte im Edelstahl und im Holz, der Wein lag 3,5 Jahre sur lattes, und die Dosage liegt bei 6 Gramm. <\/p>\n<h5>Farbe<\/h5>\n<p> helles Gold mit lebendigem Mousseux <\/p>\n<h5>Nase<\/h5>\n<p> Der Fil de Brume Brut von Cyriel Jeaunaux \u00f6ffnet sich mit feinen Hefe- und Brioche-Noten. Man denkt unwillk\u00fcrlich an eine Pariser P\u00e2tisserie, in der vorwiegend Tartes mit Zitronen und Steinobst gebacken werden. Im Hintergrund finden sich ein wenig Kalk- und Kreidestaub, bedeckt mit Bl\u00fcten von Wiesenblumen. Der Champagner ist duftig, lebendig und elegant. <\/p>\n<h5>Gaumen<\/h5>\n<p> Am Gaumen zeigt sich der Fil de Brume, was im Franz\u00f6sischen so viel wie Nebelschwaden hei\u00dft, die morgens oft durchs kleine Tal ziehen, zun\u00e4chst deutlich knackiger und mit mehr Druck, als die Brioche-Nase verraten hat. Das ist wunderbar; denn neben dem fast fleischigen Charakter ist der Champagner frisch und hell sowie klar, zeigt eine leichte W\u00fcrze und ein Wechselspiel von reifer Frucht und angenehmer Bitternote, die fast tonisch erscheint. Der Winzer hat es auf rondeur und gourmandise angelegt, und genau das ist ihm ausgezeichnet gelungen.<\/p>\n<p>Copyright Vinaturel 2025<\/p>\n<p>Keywords: <a href=\"https:\/\/wein-werte.com\/de\/shop\/?swoof=1&#038;pa_producer=Jeaunaux-Robin\">Jeaunaux-Robin<\/a> <a href=\"https:\/\/wein-werte.com\/de\/shop\/?swoof=1&#038;woof_text=Fil de Brume Brut Nature V16\/15\">Fil de Brume Brut Nature V16\/15<\/a> NV  <a href=\"https:\/\/wein-werte.com\/de\/shop\/?swoof=1&#038;pa_region=Champagne\">Champagne<\/a> <a href=\"https:\/\/wein-werte.com\/de\/shop\/?swoof=1&#038;pa_country=Frankreich\">Frankreich<\/a><\/p>\n<p>Internetseite des Weinguts: <a href=\"https:\/\/www.champagne-jr.fr\/\" target=\"_blank\">https:\/\/www.champagne-jr.fr\/<\/a><\/p>\n","protected":false},"excerpt":{"rendered":"<p>Lieferzeit: 1 bis 2 Arbeitstage (DE), 2 bis 5 Arbeitstage (EU and CH)<\/p>\n","protected":false},"featured_media":1143234,"template":"","meta":[],"product_brand":[],"product_cat":[19],"product_tag":[],"class_list":{"0":"post-1132608","1":"product","2":"type-product","3":"status-publish","4":"has-post-thumbnail","6":"product_cat-unkategorisiert","7":"pa_alcohol-for-filter-12893","8":"pa_certified-biodynamic-nein-de","9":"pa_certified-organic-nein-de","10":"pa_colour-weiss","11":"pa_country-frankreich","12":"pa_grape-chardonnay-cuvee","13":"pa_price-for-filter-10617","14":"pa_producer-jeaunaux-robin","15":"pa_region-champagne","16":"pa_size-ml-6584","17":"pa_sweetness-trocken-de","18":"pa_type-2-champagner","19":"pa_vintage-nv-de","20":"entry","21":"has-media","23":"first","24":"instock","25":"taxable","26":"shipping-taxable","27":"purchasable","28":"product-type-simple"},"yoast_head":"<!-- This site is optimized with the Yoast SEO plugin v27.5 - https:\/\/yoast.com\/product\/yoast-seo-wordpress\/ -->\n<title>Jeaunaux-Fil de Brume Brut Nature V16\/15<\/title>\n<meta name=\"description\" content=\"Kaufe Jeaunaux-Fil de Brume Brut Nature V16\/15 (Chardonnay Cuv\u00e9e, trocken Schaumwein aus Champagne, Frankreich) bei Wein Werte, Ihrem nachhaltigen Onlineshop.\" \/>\n<meta name=\"robots\" content=\"index, follow, max-snippet:-1, max-image-preview:large, max-video-preview:-1\" \/>\n<link rel=\"canonical\" href=\"https:\/\/wein-werte.com\/de\/produkt\/jeaunaux-fil-de-brume-brut-nature-v16-15-750ml\/\" \/>\n<meta property=\"og:locale\" content=\"de_DE\" \/>\n<meta property=\"og:type\" content=\"article\" \/>\n<meta property=\"og:title\" content=\"Jeaunaux-Fil de Brume Brut Nature V16\/15\" \/>\n<meta property=\"og:description\" content=\"Kaufe Jeaunaux-Fil de Brume Brut Nature V16\/15 (Chardonnay Cuv\u00e9e, trocken Schaumwein aus Champagne, Frankreich) bei Wein Werte, Ihrem nachhaltigen Onlineshop.\" \/>\n<meta property=\"og:url\" content=\"https:\/\/wein-werte.com\/de\/produkt\/jeaunaux-fil-de-brume-brut-nature-v16-15-750ml\/\" \/>\n<meta property=\"og:site_name\" content=\"Wein Werte\" \/>\n<meta property=\"og:image\" content=\"https:\/\/wein-werte.com\/wp-content\/uploads\/2026\/04\/Jeaunaux-Fil-de-Brume-Brut-Nature-V16-15-750ml.png\" \/>\n\t<meta property=\"og:image:width\" content=\"337\" \/>\n\t<meta property=\"og:image:height\" content=\"1200\" \/>\n\t<meta property=\"og:image:type\" content=\"image\/png\" \/>\n<meta name=\"twitter:card\" content=\"summary_large_image\" \/>\n<meta name=\"twitter:label1\" content=\"Gesch\u00e4tzte Lesezeit\" \/>\n\t<meta name=\"twitter:data1\" content=\"2\u00a0Minuten\" \/>\n<script type=\"application\/ld+json\" class=\"yoast-schema-graph\">{\"@context\":\"https:\\\/\\\/schema.org\",\"@graph\":[{\"@type\":\"WebPage\",\"@id\":\"https:\\\/\\\/wein-werte.com\\\/de\\\/produkt\\\/jeaunaux-fil-de-brume-brut-nature-v16-15-750ml\\\/\",\"url\":\"https:\\\/\\\/wein-werte.com\\\/de\\\/produkt\\\/jeaunaux-fil-de-brume-brut-nature-v16-15-750ml\\\/\",\"name\":\"Jeaunaux-Fil de Brume Brut Nature V16\\\/15\",\"isPartOf\":{\"@id\":\"https:\\\/\\\/wein-werte.com\\\/de\\\/#website\"},\"primaryImageOfPage\":{\"@id\":\"https:\\\/\\\/wein-werte.com\\\/de\\\/produkt\\\/jeaunaux-fil-de-brume-brut-nature-v16-15-750ml\\\/#primaryimage\"},\"image\":{\"@id\":\"https:\\\/\\\/wein-werte.com\\\/de\\\/produkt\\\/jeaunaux-fil-de-brume-brut-nature-v16-15-750ml\\\/#primaryimage\"},\"thumbnailUrl\":\"https:\\\/\\\/wein-werte.com\\\/wp-content\\\/uploads\\\/2026\\\/04\\\/Jeaunaux-Fil-de-Brume-Brut-Nature-V16-15-750ml.png\",\"datePublished\":\"2026-05-08T18:04:06+00:00\",\"description\":\"Kaufe Jeaunaux-Fil de Brume Brut Nature V16\\\/15 (Chardonnay Cuv\u00e9e, trocken Schaumwein aus Champagne, Frankreich) bei Wein Werte, Ihrem nachhaltigen Onlineshop.\",\"breadcrumb\":{\"@id\":\"https:\\\/\\\/wein-werte.com\\\/de\\\/produkt\\\/jeaunaux-fil-de-brume-brut-nature-v16-15-750ml\\\/#breadcrumb\"},\"inLanguage\":\"de\",\"potentialAction\":[{\"@type\":\"ReadAction\",\"target\":[\"https:\\\/\\\/wein-werte.com\\\/de\\\/produkt\\\/jeaunaux-fil-de-brume-brut-nature-v16-15-750ml\\\/\"]}]},{\"@type\":\"ImageObject\",\"inLanguage\":\"de\",\"@id\":\"https:\\\/\\\/wein-werte.com\\\/de\\\/produkt\\\/jeaunaux-fil-de-brume-brut-nature-v16-15-750ml\\\/#primaryimage\",\"url\":\"https:\\\/\\\/wein-werte.com\\\/wp-content\\\/uploads\\\/2026\\\/04\\\/Jeaunaux-Fil-de-Brume-Brut-Nature-V16-15-750ml.png\",\"contentUrl\":\"https:\\\/\\\/wein-werte.com\\\/wp-content\\\/uploads\\\/2026\\\/04\\\/Jeaunaux-Fil-de-Brume-Brut-Nature-V16-15-750ml.png\",\"width\":337,\"height\":1200,\"caption\":\"Jeaunaux-Robin Fil de Brume Brut Nature V16\\\/15 NV 750ml\"},{\"@type\":\"BreadcrumbList\",\"@id\":\"https:\\\/\\\/wein-werte.com\\\/de\\\/produkt\\\/jeaunaux-fil-de-brume-brut-nature-v16-15-750ml\\\/#breadcrumb\",\"itemListElement\":[{\"@type\":\"ListItem\",\"position\":1,\"name\":\"Home\",\"item\":\"https:\\\/\\\/wein-werte.com\\\/de\\\/\"},{\"@type\":\"ListItem\",\"position\":2,\"name\":\"Shop\",\"item\":\"https:\\\/\\\/wein-werte.com\\\/de\\\/shop\\\/\"},{\"@type\":\"ListItem\",\"position\":3,\"name\":\"Jeaunaux-Robin | Champagne | Fil de Brume Brut Nature V16\\\/15 | NV | 750ml\"}]},{\"@type\":\"WebSite\",\"@id\":\"https:\\\/\\\/wein-werte.com\\\/de\\\/#website\",\"url\":\"https:\\\/\\\/wein-werte.com\\\/de\\\/\",\"name\":\"Wein Werte\",\"description\":\"\",\"publisher\":{\"@id\":\"https:\\\/\\\/wein-werte.com\\\/de\\\/#organization\"},\"potentialAction\":[{\"@type\":\"SearchAction\",\"target\":{\"@type\":\"EntryPoint\",\"urlTemplate\":\"https:\\\/\\\/wein-werte.com\\\/de\\\/?s={search_term_string}\"},\"query-input\":{\"@type\":\"PropertyValueSpecification\",\"valueRequired\":true,\"valueName\":\"search_term_string\"}}],\"inLanguage\":\"de\"},{\"@type\":\"Organization\",\"@id\":\"https:\\\/\\\/wein-werte.com\\\/de\\\/#organization\",\"name\":\"Vins Fins Thorrold\",\"url\":\"https:\\\/\\\/wein-werte.com\\\/de\\\/\",\"logo\":{\"@type\":\"ImageObject\",\"inLanguage\":\"de\",\"@id\":\"https:\\\/\\\/wein-werte.com\\\/de\\\/#\\\/schema\\\/logo\\\/image\\\/\",\"url\":\"https:\\\/\\\/wein-werte.com\\\/wp-content\\\/uploads\\\/2023\\\/07\\\/Wein_werte_Logo700-1.png\",\"contentUrl\":\"https:\\\/\\\/wein-werte.com\\\/wp-content\\\/uploads\\\/2023\\\/07\\\/Wein_werte_Logo700-1.png\",\"width\":700,\"height\":272,\"caption\":\"Vins Fins Thorrold\"},\"image\":{\"@id\":\"https:\\\/\\\/wein-werte.com\\\/de\\\/#\\\/schema\\\/logo\\\/image\\\/\"}}]}<\/script>\n<!-- \/ Yoast SEO plugin. -->","yoast_head_json":{"title":"Jeaunaux-Fil de Brume Brut Nature V16\/15","description":"Kaufe Jeaunaux-Fil de Brume Brut Nature V16\/15 (Chardonnay Cuv\u00e9e, trocken Schaumwein aus Champagne, Frankreich) bei Wein Werte, Ihrem nachhaltigen Onlineshop.","robots":{"index":"index","follow":"follow","max-snippet":"max-snippet:-1","max-image-preview":"max-image-preview:large","max-video-preview":"max-video-preview:-1"},"canonical":"https:\/\/wein-werte.com\/de\/produkt\/jeaunaux-fil-de-brume-brut-nature-v16-15-750ml\/","og_locale":"de_DE","og_type":"article","og_title":"Jeaunaux-Fil de Brume Brut Nature V16\/15","og_description":"Kaufe Jeaunaux-Fil de Brume Brut Nature V16\/15 (Chardonnay Cuv\u00e9e, trocken Schaumwein aus Champagne, Frankreich) bei Wein Werte, Ihrem nachhaltigen Onlineshop.","og_url":"https:\/\/wein-werte.com\/de\/produkt\/jeaunaux-fil-de-brume-brut-nature-v16-15-750ml\/","og_site_name":"Wein Werte","og_image":[{"width":337,"height":1200,"url":"https:\/\/wein-werte.com\/wp-content\/uploads\/2026\/04\/Jeaunaux-Fil-de-Brume-Brut-Nature-V16-15-750ml.png","type":"image\/png"}],"twitter_card":"summary_large_image","twitter_misc":{"Gesch\u00e4tzte Lesezeit":"2\u00a0Minuten"},"schema":{"@context":"https:\/\/schema.org","@graph":[{"@type":"WebPage","@id":"https:\/\/wein-werte.com\/de\/produkt\/jeaunaux-fil-de-brume-brut-nature-v16-15-750ml\/","url":"https:\/\/wein-werte.com\/de\/produkt\/jeaunaux-fil-de-brume-brut-nature-v16-15-750ml\/","name":"Jeaunaux-Fil de Brume Brut Nature V16\/15","isPartOf":{"@id":"https:\/\/wein-werte.com\/de\/#website"},"primaryImageOfPage":{"@id":"https:\/\/wein-werte.com\/de\/produkt\/jeaunaux-fil-de-brume-brut-nature-v16-15-750ml\/#primaryimage"},"image":{"@id":"https:\/\/wein-werte.com\/de\/produkt\/jeaunaux-fil-de-brume-brut-nature-v16-15-750ml\/#primaryimage"},"thumbnailUrl":"https:\/\/wein-werte.com\/wp-content\/uploads\/2026\/04\/Jeaunaux-Fil-de-Brume-Brut-Nature-V16-15-750ml.png","datePublished":"2026-05-08T18:04:06+00:00","description":"Kaufe Jeaunaux-Fil de Brume Brut Nature V16\/15 (Chardonnay Cuv\u00e9e, trocken Schaumwein aus Champagne, Frankreich) bei Wein Werte, Ihrem nachhaltigen Onlineshop.","breadcrumb":{"@id":"https:\/\/wein-werte.com\/de\/produkt\/jeaunaux-fil-de-brume-brut-nature-v16-15-750ml\/#breadcrumb"},"inLanguage":"de","potentialAction":[{"@type":"ReadAction","target":["https:\/\/wein-werte.com\/de\/produkt\/jeaunaux-fil-de-brume-brut-nature-v16-15-750ml\/"]}]},{"@type":"ImageObject","inLanguage":"de","@id":"https:\/\/wein-werte.com\/de\/produkt\/jeaunaux-fil-de-brume-brut-nature-v16-15-750ml\/#primaryimage","url":"https:\/\/wein-werte.com\/wp-content\/uploads\/2026\/04\/Jeaunaux-Fil-de-Brume-Brut-Nature-V16-15-750ml.png","contentUrl":"https:\/\/wein-werte.com\/wp-content\/uploads\/2026\/04\/Jeaunaux-Fil-de-Brume-Brut-Nature-V16-15-750ml.png","width":337,"height":1200,"caption":"Jeaunaux-Robin Fil de Brume Brut Nature V16\/15 NV 750ml"},{"@type":"BreadcrumbList","@id":"https:\/\/wein-werte.com\/de\/produkt\/jeaunaux-fil-de-brume-brut-nature-v16-15-750ml\/#breadcrumb","itemListElement":[{"@type":"ListItem","position":1,"name":"Home","item":"https:\/\/wein-werte.com\/de\/"},{"@type":"ListItem","position":2,"name":"Shop","item":"https:\/\/wein-werte.com\/de\/shop\/"},{"@type":"ListItem","position":3,"name":"Jeaunaux-Robin | Champagne | Fil de Brume Brut Nature V16\/15 | NV | 750ml"}]},{"@type":"WebSite","@id":"https:\/\/wein-werte.com\/de\/#website","url":"https:\/\/wein-werte.com\/de\/","name":"Wein Werte","description":"","publisher":{"@id":"https:\/\/wein-werte.com\/de\/#organization"},"potentialAction":[{"@type":"SearchAction","target":{"@type":"EntryPoint","urlTemplate":"https:\/\/wein-werte.com\/de\/?s={search_term_string}"},"query-input":{"@type":"PropertyValueSpecification","valueRequired":true,"valueName":"search_term_string"}}],"inLanguage":"de"},{"@type":"Organization","@id":"https:\/\/wein-werte.com\/de\/#organization","name":"Vins Fins Thorrold","url":"https:\/\/wein-werte.com\/de\/","logo":{"@type":"ImageObject","inLanguage":"de","@id":"https:\/\/wein-werte.com\/de\/#\/schema\/logo\/image\/","url":"https:\/\/wein-werte.com\/wp-content\/uploads\/2023\/07\/Wein_werte_Logo700-1.png","contentUrl":"https:\/\/wein-werte.com\/wp-content\/uploads\/2023\/07\/Wein_werte_Logo700-1.png","width":700,"height":272,"caption":"Vins Fins Thorrold"},"image":{"@id":"https:\/\/wein-werte.com\/de\/#\/schema\/logo\/image\/"}}]}},"_links":{"self":[{"href":"https:\/\/wein-werte.com\/de\/wp-json\/wp\/v2\/product\/1132608","targetHints":{"allow":["GET"]}}],"collection":[{"href":"https:\/\/wein-werte.com\/de\/wp-json\/wp\/v2\/product"}],"about":[{"href":"https:\/\/wein-werte.com\/de\/wp-json\/wp\/v2\/types\/product"}],"wp:featuredmedia":[{"embeddable":true,"href":"https:\/\/wein-werte.com\/de\/wp-json\/wp\/v2\/media\/1143234"}],"wp:attachment":[{"href":"https:\/\/wein-werte.com\/de\/wp-json\/wp\/v2\/media?parent=1132608"}],"wp:term":[{"taxonomy":"product_brand","embeddable":true,"href":"https:\/\/wein-werte.com\/de\/wp-json\/wp\/v2\/product_brand?post=1132608"},{"taxonomy":"product_cat","embeddable":true,"href":"https:\/\/wein-werte.com\/de\/wp-json\/wp\/v2\/product_cat?post=1132608"},{"taxonomy":"product_tag","embeddable":true,"href":"https:\/\/wein-werte.com\/de\/wp-json\/wp\/v2\/product_tag?post=1132608"}],"curies":[{"name":"wp","href":"https:\/\/api.w.org\/{rel}","templated":true}]}}