{"id":1132553,"date":"2026-05-08T20:04:04","date_gmt":"2026-05-08T18:04:04","guid":{"rendered":"https:\/\/wein-werte.com\/product\/bonnet-ponson-petit-melange-7-cepages-non-dose-750ml\/"},"modified":"2026-04-27T11:49:10","modified_gmt":"2026-04-27T09:49:10","slug":"bonnet-ponson-petit-melange-7-cepages-non-dose-750ml","status":"publish","type":"product","link":"https:\/\/wein-werte.com\/de\/produkt\/bonnet-ponson-petit-melange-7-cepages-non-dose-750ml\/","title":{"rendered":"Bonnet-Ponson | Champagne | Petit Melange, 7 C\u00e9pages, Non Dos\u00e9 | NV | 750ml | bio"},"content":{"rendered":"<p>Produktbeschreibung f\u00fcr Bonnet-Ponson Petit Melange, 7 C\u00e9pages, Non Dos\u00e9 NV (bio) <\/p>\n<h5>Info<\/h5>\n<p> Petit Melange basiert auf sieben Rebsorten, die durch 38% Petit Meslier dominiert werden. Die Rebst\u00f6cke stehen in Chamery, Vrigny und Coulommes. Petit Melange ist zusammengesetzt aus 50% 2020 sowie Reserveweinen aus 2018 und 2019. Degorgement im Januar 2023 bei 0g\/l Dosage. Keine Zugabe von Schwefel. <\/p>\n<h5>Farbe<\/h5>\n<p> Leuchtendes Strohgelb mit goldenen Reflexen, best\u00e4ndiger Perlage und kurzem Mousseux <\/p>\n<h5>Nase<\/h5>\n<p> Die Nase des Petit Melange ist variabel, wild und voller Facettenreichtum. Seine Frucht schwankt zwischen gelb und rot. Pfirsich, gr\u00fcner Apfel, Birne, aber auch Himbeere und rote Johannisbeere kommen darin vor. Reichlich kreidige Nuancen untermauern die Frucht. Das manifestiert sich komplett ein und soll diese Nase bestimmen. Austernschale, frische Alge und reichlich Kr\u00e4uter versorgen ihn mit viel Frische. Zitronenthymian, Melisse, Minze und Kerbel sind dabei omnipr\u00e4sent. <\/p>\n<h5>Gaumen<\/h5>\n<p> Im Antrunk zeigt er sich dann straff, knackig und lebt von seinem Terroir. Diese feine Mineralit\u00e4t kleidet den Mundraum komplett aus. das Zahngef\u00fchl dabei ist perfekt und harmonisch. Die Frucht zeigt sich dadurch deutlich heller und knackiger. Die \u00c4pfel zeigen Gerbstoff, Phenolik und eine knackige S\u00e4ure in Kombination. Im Nachhall wirkt er dann nochmals markanter. Eine feine Bitternote begleitet ihn dabei. Aromatisch driftet er in eine leicht nussige Ecke ab, die gemeinsam mit der Kr\u00e4uterw\u00fcrze minutenlang anh\u00e4lt.<\/p>\n<p>Copyright Vinaturel 2025<\/p>\n<p>Keywords: <a href=\"https:\/\/wein-werte.com\/de\/shop\/?swoof=1&#038;pa_producer=Bonnet-Ponson\">Bonnet-Ponson<\/a> <a href=\"https:\/\/wein-werte.com\/de\/shop\/?swoof=1&#038;woof_text=Petit Melange, 7 C\u00e9pages, Non Dos\u00e9\">Petit Melange, 7 C\u00e9pages, Non Dos\u00e9<\/a> NV bio <a href=\"https:\/\/wein-werte.com\/de\/shop\/?swoof=1&#038;pa_region=Champagne\">Champagne<\/a> <a href=\"https:\/\/wein-werte.com\/de\/shop\/?swoof=1&#038;pa_country=Frankreich\">Frankreich<\/a><\/p>\n<p>Internetseite des Weinguts: <a href=\"https:\/\/www.champagne-bonnet-ponson.com\/en\/homepage-english\/\" target=\"_blank\">https:\/\/www.champagne-bonnet-ponson.com\/en\/homepage-english\/<\/a><\/p>\n","protected":false},"excerpt":{"rendered":"<p>Lieferzeit: 1 bis 2 Arbeitstage (DE), 2 bis 5 Arbeitstage (EU and CH)<\/p>\n","protected":false},"featured_media":1143190,"template":"","meta":[],"product_brand":[],"product_cat":[19],"product_tag":[],"class_list":{"0":"post-1132553","1":"product","2":"type-product","3":"status-publish","4":"has-post-thumbnail","6":"product_cat-unkategorisiert","7":"pa_certified-biodynamic-nein-de","8":"pa_certified-organic-ja-de","9":"pa_colour-weiss","10":"pa_country-frankreich","11":"pa_price-for-filter-10602","12":"pa_producer-bonnet-ponson","13":"pa_region-champagne","14":"pa_size-ml-6584","15":"pa_sweetness-trocken-de","16":"pa_type-2-champagner","17":"pa_vintage-nv-de","18":"entry","19":"has-media","21":"first","22":"instock","23":"taxable","24":"shipping-taxable","25":"purchasable","26":"product-type-simple"},"yoast_head":"<!-- This site is optimized with the Yoast SEO plugin v27.5 - https:\/\/yoast.com\/product\/yoast-seo-wordpress\/ -->\n<title>Bonnet-Ponson Petit Melange 7 C\u00e9pages Non Dos\u00e9<\/title>\n<meta name=\"description\" content=\"Kaufe Bonnet-Ponson Petit Melange 7 C\u00e9pages Non Dos\u00e9 (, trocken Schaumwein aus Champagne, Frankreich) bei Wein Werte, Ihrem nachhaltigen Onlineshop.\" \/>\n<meta name=\"robots\" content=\"index, follow, max-snippet:-1, max-image-preview:large, max-video-preview:-1\" \/>\n<link rel=\"canonical\" href=\"https:\/\/wein-werte.com\/de\/produkt\/bonnet-ponson-petit-melange-7-cepages-non-dose-750ml\/\" \/>\n<meta property=\"og:locale\" content=\"de_DE\" \/>\n<meta property=\"og:type\" content=\"article\" \/>\n<meta property=\"og:title\" content=\"Bonnet-Ponson Petit Melange 7 C\u00e9pages Non Dos\u00e9\" \/>\n<meta property=\"og:description\" content=\"Kaufe Bonnet-Ponson Petit Melange 7 C\u00e9pages Non Dos\u00e9 (, trocken Schaumwein aus Champagne, Frankreich) bei Wein Werte, Ihrem nachhaltigen Onlineshop.\" \/>\n<meta property=\"og:url\" content=\"https:\/\/wein-werte.com\/de\/produkt\/bonnet-ponson-petit-melange-7-cepages-non-dose-750ml\/\" \/>\n<meta property=\"og:site_name\" content=\"Wein Werte\" \/>\n<meta property=\"og:image\" content=\"https:\/\/wein-werte.com\/wp-content\/uploads\/2026\/04\/Bonnet-Ponson-Petit-Melange-7-Cepages-Non-Dose-750ml.png\" \/>\n\t<meta property=\"og:image:width\" content=\"322\" \/>\n\t<meta property=\"og:image:height\" content=\"1200\" \/>\n\t<meta property=\"og:image:type\" content=\"image\/png\" \/>\n<meta name=\"twitter:card\" content=\"summary_large_image\" \/>\n<meta name=\"twitter:label1\" content=\"Gesch\u00e4tzte Lesezeit\" \/>\n\t<meta name=\"twitter:data1\" content=\"1\u00a0Minute\" \/>\n<script type=\"application\/ld+json\" class=\"yoast-schema-graph\">{\"@context\":\"https:\\\/\\\/schema.org\",\"@graph\":[{\"@type\":\"WebPage\",\"@id\":\"https:\\\/\\\/wein-werte.com\\\/de\\\/produkt\\\/bonnet-ponson-petit-melange-7-cepages-non-dose-750ml\\\/\",\"url\":\"https:\\\/\\\/wein-werte.com\\\/de\\\/produkt\\\/bonnet-ponson-petit-melange-7-cepages-non-dose-750ml\\\/\",\"name\":\"Bonnet-Ponson Petit Melange 7 C\u00e9pages Non Dos\u00e9\",\"isPartOf\":{\"@id\":\"https:\\\/\\\/wein-werte.com\\\/de\\\/#website\"},\"primaryImageOfPage\":{\"@id\":\"https:\\\/\\\/wein-werte.com\\\/de\\\/produkt\\\/bonnet-ponson-petit-melange-7-cepages-non-dose-750ml\\\/#primaryimage\"},\"image\":{\"@id\":\"https:\\\/\\\/wein-werte.com\\\/de\\\/produkt\\\/bonnet-ponson-petit-melange-7-cepages-non-dose-750ml\\\/#primaryimage\"},\"thumbnailUrl\":\"https:\\\/\\\/wein-werte.com\\\/wp-content\\\/uploads\\\/2026\\\/04\\\/Bonnet-Ponson-Petit-Melange-7-Cepages-Non-Dose-750ml.png\",\"datePublished\":\"2026-05-08T18:04:04+00:00\",\"description\":\"Kaufe Bonnet-Ponson Petit Melange 7 C\u00e9pages Non Dos\u00e9 (, trocken Schaumwein aus Champagne, Frankreich) bei Wein Werte, Ihrem nachhaltigen Onlineshop.\",\"breadcrumb\":{\"@id\":\"https:\\\/\\\/wein-werte.com\\\/de\\\/produkt\\\/bonnet-ponson-petit-melange-7-cepages-non-dose-750ml\\\/#breadcrumb\"},\"inLanguage\":\"de\",\"potentialAction\":[{\"@type\":\"ReadAction\",\"target\":[\"https:\\\/\\\/wein-werte.com\\\/de\\\/produkt\\\/bonnet-ponson-petit-melange-7-cepages-non-dose-750ml\\\/\"]}]},{\"@type\":\"ImageObject\",\"inLanguage\":\"de\",\"@id\":\"https:\\\/\\\/wein-werte.com\\\/de\\\/produkt\\\/bonnet-ponson-petit-melange-7-cepages-non-dose-750ml\\\/#primaryimage\",\"url\":\"https:\\\/\\\/wein-werte.com\\\/wp-content\\\/uploads\\\/2026\\\/04\\\/Bonnet-Ponson-Petit-Melange-7-Cepages-Non-Dose-750ml.png\",\"contentUrl\":\"https:\\\/\\\/wein-werte.com\\\/wp-content\\\/uploads\\\/2026\\\/04\\\/Bonnet-Ponson-Petit-Melange-7-Cepages-Non-Dose-750ml.png\",\"width\":322,\"height\":1200,\"caption\":\"Bonnet-Ponson Petit Melange, 7 C\u00e9pages, Non Dos\u00e9 NV 750ml\"},{\"@type\":\"BreadcrumbList\",\"@id\":\"https:\\\/\\\/wein-werte.com\\\/de\\\/produkt\\\/bonnet-ponson-petit-melange-7-cepages-non-dose-750ml\\\/#breadcrumb\",\"itemListElement\":[{\"@type\":\"ListItem\",\"position\":1,\"name\":\"Home\",\"item\":\"https:\\\/\\\/wein-werte.com\\\/de\\\/\"},{\"@type\":\"ListItem\",\"position\":2,\"name\":\"Shop\",\"item\":\"https:\\\/\\\/wein-werte.com\\\/de\\\/shop\\\/\"},{\"@type\":\"ListItem\",\"position\":3,\"name\":\"Bonnet-Ponson | Champagne | Petit Melange, 7 C\u00e9pages, Non Dos\u00e9 | NV | 750ml | bio\"}]},{\"@type\":\"WebSite\",\"@id\":\"https:\\\/\\\/wein-werte.com\\\/de\\\/#website\",\"url\":\"https:\\\/\\\/wein-werte.com\\\/de\\\/\",\"name\":\"Wein Werte\",\"description\":\"\",\"publisher\":{\"@id\":\"https:\\\/\\\/wein-werte.com\\\/de\\\/#organization\"},\"potentialAction\":[{\"@type\":\"SearchAction\",\"target\":{\"@type\":\"EntryPoint\",\"urlTemplate\":\"https:\\\/\\\/wein-werte.com\\\/de\\\/?s={search_term_string}\"},\"query-input\":{\"@type\":\"PropertyValueSpecification\",\"valueRequired\":true,\"valueName\":\"search_term_string\"}}],\"inLanguage\":\"de\"},{\"@type\":\"Organization\",\"@id\":\"https:\\\/\\\/wein-werte.com\\\/de\\\/#organization\",\"name\":\"Vins Fins Thorrold\",\"url\":\"https:\\\/\\\/wein-werte.com\\\/de\\\/\",\"logo\":{\"@type\":\"ImageObject\",\"inLanguage\":\"de\",\"@id\":\"https:\\\/\\\/wein-werte.com\\\/de\\\/#\\\/schema\\\/logo\\\/image\\\/\",\"url\":\"https:\\\/\\\/wein-werte.com\\\/wp-content\\\/uploads\\\/2023\\\/07\\\/Wein_werte_Logo700-1.png\",\"contentUrl\":\"https:\\\/\\\/wein-werte.com\\\/wp-content\\\/uploads\\\/2023\\\/07\\\/Wein_werte_Logo700-1.png\",\"width\":700,\"height\":272,\"caption\":\"Vins Fins Thorrold\"},\"image\":{\"@id\":\"https:\\\/\\\/wein-werte.com\\\/de\\\/#\\\/schema\\\/logo\\\/image\\\/\"}}]}<\/script>\n<!-- \/ Yoast SEO plugin. -->","yoast_head_json":{"title":"Bonnet-Ponson Petit Melange 7 C\u00e9pages Non Dos\u00e9","description":"Kaufe Bonnet-Ponson Petit Melange 7 C\u00e9pages Non Dos\u00e9 (, trocken Schaumwein aus Champagne, Frankreich) bei Wein Werte, Ihrem nachhaltigen Onlineshop.","robots":{"index":"index","follow":"follow","max-snippet":"max-snippet:-1","max-image-preview":"max-image-preview:large","max-video-preview":"max-video-preview:-1"},"canonical":"https:\/\/wein-werte.com\/de\/produkt\/bonnet-ponson-petit-melange-7-cepages-non-dose-750ml\/","og_locale":"de_DE","og_type":"article","og_title":"Bonnet-Ponson Petit Melange 7 C\u00e9pages Non Dos\u00e9","og_description":"Kaufe Bonnet-Ponson Petit Melange 7 C\u00e9pages Non Dos\u00e9 (, trocken Schaumwein aus Champagne, Frankreich) bei Wein Werte, Ihrem nachhaltigen Onlineshop.","og_url":"https:\/\/wein-werte.com\/de\/produkt\/bonnet-ponson-petit-melange-7-cepages-non-dose-750ml\/","og_site_name":"Wein Werte","og_image":[{"width":322,"height":1200,"url":"https:\/\/wein-werte.com\/wp-content\/uploads\/2026\/04\/Bonnet-Ponson-Petit-Melange-7-Cepages-Non-Dose-750ml.png","type":"image\/png"}],"twitter_card":"summary_large_image","twitter_misc":{"Gesch\u00e4tzte Lesezeit":"1\u00a0Minute"},"schema":{"@context":"https:\/\/schema.org","@graph":[{"@type":"WebPage","@id":"https:\/\/wein-werte.com\/de\/produkt\/bonnet-ponson-petit-melange-7-cepages-non-dose-750ml\/","url":"https:\/\/wein-werte.com\/de\/produkt\/bonnet-ponson-petit-melange-7-cepages-non-dose-750ml\/","name":"Bonnet-Ponson Petit Melange 7 C\u00e9pages Non Dos\u00e9","isPartOf":{"@id":"https:\/\/wein-werte.com\/de\/#website"},"primaryImageOfPage":{"@id":"https:\/\/wein-werte.com\/de\/produkt\/bonnet-ponson-petit-melange-7-cepages-non-dose-750ml\/#primaryimage"},"image":{"@id":"https:\/\/wein-werte.com\/de\/produkt\/bonnet-ponson-petit-melange-7-cepages-non-dose-750ml\/#primaryimage"},"thumbnailUrl":"https:\/\/wein-werte.com\/wp-content\/uploads\/2026\/04\/Bonnet-Ponson-Petit-Melange-7-Cepages-Non-Dose-750ml.png","datePublished":"2026-05-08T18:04:04+00:00","description":"Kaufe Bonnet-Ponson Petit Melange 7 C\u00e9pages Non Dos\u00e9 (, trocken Schaumwein aus Champagne, Frankreich) bei Wein Werte, Ihrem nachhaltigen Onlineshop.","breadcrumb":{"@id":"https:\/\/wein-werte.com\/de\/produkt\/bonnet-ponson-petit-melange-7-cepages-non-dose-750ml\/#breadcrumb"},"inLanguage":"de","potentialAction":[{"@type":"ReadAction","target":["https:\/\/wein-werte.com\/de\/produkt\/bonnet-ponson-petit-melange-7-cepages-non-dose-750ml\/"]}]},{"@type":"ImageObject","inLanguage":"de","@id":"https:\/\/wein-werte.com\/de\/produkt\/bonnet-ponson-petit-melange-7-cepages-non-dose-750ml\/#primaryimage","url":"https:\/\/wein-werte.com\/wp-content\/uploads\/2026\/04\/Bonnet-Ponson-Petit-Melange-7-Cepages-Non-Dose-750ml.png","contentUrl":"https:\/\/wein-werte.com\/wp-content\/uploads\/2026\/04\/Bonnet-Ponson-Petit-Melange-7-Cepages-Non-Dose-750ml.png","width":322,"height":1200,"caption":"Bonnet-Ponson Petit Melange, 7 C\u00e9pages, Non Dos\u00e9 NV 750ml"},{"@type":"BreadcrumbList","@id":"https:\/\/wein-werte.com\/de\/produkt\/bonnet-ponson-petit-melange-7-cepages-non-dose-750ml\/#breadcrumb","itemListElement":[{"@type":"ListItem","position":1,"name":"Home","item":"https:\/\/wein-werte.com\/de\/"},{"@type":"ListItem","position":2,"name":"Shop","item":"https:\/\/wein-werte.com\/de\/shop\/"},{"@type":"ListItem","position":3,"name":"Bonnet-Ponson | Champagne | Petit Melange, 7 C\u00e9pages, Non Dos\u00e9 | NV | 750ml | bio"}]},{"@type":"WebSite","@id":"https:\/\/wein-werte.com\/de\/#website","url":"https:\/\/wein-werte.com\/de\/","name":"Wein Werte","description":"","publisher":{"@id":"https:\/\/wein-werte.com\/de\/#organization"},"potentialAction":[{"@type":"SearchAction","target":{"@type":"EntryPoint","urlTemplate":"https:\/\/wein-werte.com\/de\/?s={search_term_string}"},"query-input":{"@type":"PropertyValueSpecification","valueRequired":true,"valueName":"search_term_string"}}],"inLanguage":"de"},{"@type":"Organization","@id":"https:\/\/wein-werte.com\/de\/#organization","name":"Vins Fins Thorrold","url":"https:\/\/wein-werte.com\/de\/","logo":{"@type":"ImageObject","inLanguage":"de","@id":"https:\/\/wein-werte.com\/de\/#\/schema\/logo\/image\/","url":"https:\/\/wein-werte.com\/wp-content\/uploads\/2023\/07\/Wein_werte_Logo700-1.png","contentUrl":"https:\/\/wein-werte.com\/wp-content\/uploads\/2023\/07\/Wein_werte_Logo700-1.png","width":700,"height":272,"caption":"Vins Fins Thorrold"},"image":{"@id":"https:\/\/wein-werte.com\/de\/#\/schema\/logo\/image\/"}}]}},"_links":{"self":[{"href":"https:\/\/wein-werte.com\/de\/wp-json\/wp\/v2\/product\/1132553","targetHints":{"allow":["GET"]}}],"collection":[{"href":"https:\/\/wein-werte.com\/de\/wp-json\/wp\/v2\/product"}],"about":[{"href":"https:\/\/wein-werte.com\/de\/wp-json\/wp\/v2\/types\/product"}],"wp:featuredmedia":[{"embeddable":true,"href":"https:\/\/wein-werte.com\/de\/wp-json\/wp\/v2\/media\/1143190"}],"wp:attachment":[{"href":"https:\/\/wein-werte.com\/de\/wp-json\/wp\/v2\/media?parent=1132553"}],"wp:term":[{"taxonomy":"product_brand","embeddable":true,"href":"https:\/\/wein-werte.com\/de\/wp-json\/wp\/v2\/product_brand?post=1132553"},{"taxonomy":"product_cat","embeddable":true,"href":"https:\/\/wein-werte.com\/de\/wp-json\/wp\/v2\/product_cat?post=1132553"},{"taxonomy":"product_tag","embeddable":true,"href":"https:\/\/wein-werte.com\/de\/wp-json\/wp\/v2\/product_tag?post=1132553"}],"curies":[{"name":"wp","href":"https:\/\/api.w.org\/{rel}","templated":true}]}}