{"id":1132548,"date":"2026-05-08T20:04:04","date_gmt":"2026-05-08T18:04:04","guid":{"rendered":"https:\/\/wein-werte.com\/product\/bonnet-ponson-le-jour-lj20-non-dose-premier-cru-750ml\/"},"modified":"2026-04-27T11:49:09","modified_gmt":"2026-04-27T09:49:09","slug":"bonnet-ponson-le-jour-lj20-non-dose-premier-cru-750ml","status":"publish","type":"product","link":"https:\/\/wein-werte.com\/de\/produkt\/bonnet-ponson-le-jour-lj20-non-dose-premier-cru-750ml\/","title":{"rendered":"Bonnet-Ponson | Champagne | Le Jour LJ20, Non Dos\u00e9 Premier Cru  | NV | 750ml | bio"},"content":{"rendered":"<p>Produktbeschreibung f\u00fcr Bonnet-Ponson Le Jour LJ20, Non Dos\u00e9 Premier Cru  NV (bio) <\/p>\n<h5>Information zum Wein<\/h5>\n<p> Der Le Jour ist ein Champagner aus 100 % Pinot Meunier. Die Frucht stammt aus der Premier-Cru-Einzellage Le Jour in Vrigny. Die Reben, die im Jahre 1971 gepflanzt wurden, stehen auf einem Lehm-Schluff-Boden mit einem Kalkstein-Untergrund. Der Grundwein aus der C\u0153ur de Cuv\u00e9e wurde spontan vergoren und \u00fcber neun Monate in vier Jahre alten 228- und 400-Liter-F\u00e4ssern ausgebaut. Es fand ein biologischer S\u00e4ureabbau statt. Der Wein wurde nicht geschwefelt, sondern als Brut Nature degorgiert. Diese Flasche wurde 05\/2021 gef\u00fcllt und 02\/2023 degorgiert. <\/p>\n<h5>Farbe<\/h5>\n<p> Strohgelb mit feiner Perlage und leicht kupferfarbenem Einschlag <\/p>\n<h5>Nase<\/h5>\n<p> Der Le Jour ist ein Champagner aus 100 % Pinot Meunier. Er startet mit einem w\u00fcrzigen Eindruck von blondem Tabak und m\u00fcrben Apfelnoten, zersto\u00dfenem Stein und Apfelschale. Dazu kommen Noten von Pomelo, Zitronenschale, Kr\u00e4utern und etwas Wachs. <\/p>\n<h5>Gaumen<\/h5>\n<p> Auch am Gaumen ist das ein angenehm w\u00fcrziger trockener Champagner, dessen W\u00fcrze sich mit einer feinen Extrakts\u00fc\u00dfe und etwas Patisserie verbindet. Der Le Jour wirkt saftig und frisch, knackig und pikant und durch den Verzicht auf Schwefel offen und einladend. Das Mundgef\u00fchl ist m\u00fcrbe und griffig. Es gibt auch hier die Noten von Tabak, Apfelschalen und nassem Stein. Das ist individuell und stimmig.<\/p>\n<p>Copyright Vinaturel 2025<\/p>\n<p>Keywords: <a href=\"https:\/\/wein-werte.com\/de\/shop\/?swoof=1&#038;pa_producer=Bonnet-Ponson\">Bonnet-Ponson<\/a> <a href=\"https:\/\/wein-werte.com\/de\/shop\/?swoof=1&#038;woof_text=Le Jour LJ20, Non Dos\u00e9 Premier Cru \">Le Jour LJ20, Non Dos\u00e9 Premier Cru <\/a> NV bio <a href=\"https:\/\/wein-werte.com\/de\/shop\/?swoof=1&#038;pa_region=Champagne\">Champagne<\/a> <a href=\"https:\/\/wein-werte.com\/de\/shop\/?swoof=1&#038;pa_country=Frankreich\">Frankreich<\/a><\/p>\n<p>Internetseite des Weinguts: <a href=\"https:\/\/www.champagne-bonnet-ponson.com\/en\/homepage-english\/\" target=\"_blank\">https:\/\/www.champagne-bonnet-ponson.com\/en\/homepage-english\/<\/a><\/p>\n","protected":false},"excerpt":{"rendered":"<p>Lieferzeit: 1 bis 2 Arbeitstage (DE), 2 bis 5 Arbeitstage (EU and CH)<\/p>\n","protected":false},"featured_media":1143186,"template":"","meta":[],"product_brand":[],"product_cat":[19],"product_tag":[],"class_list":{"0":"post-1132548","1":"product","2":"type-product","3":"status-publish","4":"has-post-thumbnail","6":"product_cat-unkategorisiert","7":"pa_alcohol-for-filter-12893","8":"pa_certified-biodynamic-nein-de","9":"pa_certified-organic-ja-de","10":"pa_colour-weiss","11":"pa_country-frankreich","12":"pa_grape-pinot-meunier-mullerrebe","13":"pa_price-for-filter-10658","14":"pa_producer-bonnet-ponson","15":"pa_region-champagne","16":"pa_size-ml-6584","17":"pa_sweetness-trocken-de","18":"pa_type-2-champagner","19":"pa_vintage-nv-de","20":"entry","21":"has-media","23":"first","24":"instock","25":"taxable","26":"shipping-taxable","27":"purchasable","28":"product-type-simple"},"yoast_head":"<!-- This site is optimized with the Yoast SEO plugin v27.5 - https:\/\/yoast.com\/product\/yoast-seo-wordpress\/ -->\n<title>Bonnet-Ponson Le Jour LJ20 Non Dos\u00e9 Premier Cru<\/title>\n<meta name=\"description\" content=\"Kaufe Bonnet-Ponson Le Jour LJ20 Non Dos\u00e9 Premier Cru (Pinot Meunier, trocken Schaumwein aus Champagne, Frankreich) bei Wein Werte, Ihrem nachhaltigen Onlineshop.\" \/>\n<meta name=\"robots\" content=\"index, follow, max-snippet:-1, max-image-preview:large, max-video-preview:-1\" \/>\n<link rel=\"canonical\" href=\"https:\/\/wein-werte.com\/de\/produkt\/bonnet-ponson-le-jour-lj20-non-dose-premier-cru-750ml\/\" \/>\n<meta property=\"og:locale\" content=\"de_DE\" \/>\n<meta property=\"og:type\" content=\"article\" \/>\n<meta property=\"og:title\" content=\"Bonnet-Ponson Le Jour LJ20 Non Dos\u00e9 Premier Cru\" \/>\n<meta property=\"og:description\" content=\"Kaufe Bonnet-Ponson Le Jour LJ20 Non Dos\u00e9 Premier Cru (Pinot Meunier, trocken Schaumwein aus Champagne, Frankreich) bei Wein Werte, Ihrem nachhaltigen Onlineshop.\" \/>\n<meta property=\"og:url\" content=\"https:\/\/wein-werte.com\/de\/produkt\/bonnet-ponson-le-jour-lj20-non-dose-premier-cru-750ml\/\" \/>\n<meta property=\"og:site_name\" content=\"Wein Werte\" \/>\n<meta property=\"og:image\" content=\"https:\/\/wein-werte.com\/wp-content\/uploads\/2026\/04\/Bonnet-Ponson-Le-Jour-LJ20-Non-Dose-Premier-Cru-750ml.png\" \/>\n\t<meta property=\"og:image:width\" content=\"394\" \/>\n\t<meta property=\"og:image:height\" content=\"1200\" \/>\n\t<meta property=\"og:image:type\" content=\"image\/png\" \/>\n<meta name=\"twitter:card\" content=\"summary_large_image\" \/>\n<meta name=\"twitter:label1\" content=\"Gesch\u00e4tzte Lesezeit\" \/>\n\t<meta name=\"twitter:data1\" content=\"1\u00a0Minute\" \/>\n<script type=\"application\/ld+json\" class=\"yoast-schema-graph\">{\"@context\":\"https:\\\/\\\/schema.org\",\"@graph\":[{\"@type\":\"WebPage\",\"@id\":\"https:\\\/\\\/wein-werte.com\\\/de\\\/produkt\\\/bonnet-ponson-le-jour-lj20-non-dose-premier-cru-750ml\\\/\",\"url\":\"https:\\\/\\\/wein-werte.com\\\/de\\\/produkt\\\/bonnet-ponson-le-jour-lj20-non-dose-premier-cru-750ml\\\/\",\"name\":\"Bonnet-Ponson Le Jour LJ20 Non Dos\u00e9 Premier Cru\",\"isPartOf\":{\"@id\":\"https:\\\/\\\/wein-werte.com\\\/de\\\/#website\"},\"primaryImageOfPage\":{\"@id\":\"https:\\\/\\\/wein-werte.com\\\/de\\\/produkt\\\/bonnet-ponson-le-jour-lj20-non-dose-premier-cru-750ml\\\/#primaryimage\"},\"image\":{\"@id\":\"https:\\\/\\\/wein-werte.com\\\/de\\\/produkt\\\/bonnet-ponson-le-jour-lj20-non-dose-premier-cru-750ml\\\/#primaryimage\"},\"thumbnailUrl\":\"https:\\\/\\\/wein-werte.com\\\/wp-content\\\/uploads\\\/2026\\\/04\\\/Bonnet-Ponson-Le-Jour-LJ20-Non-Dose-Premier-Cru-750ml.png\",\"datePublished\":\"2026-05-08T18:04:04+00:00\",\"description\":\"Kaufe Bonnet-Ponson Le Jour LJ20 Non Dos\u00e9 Premier Cru (Pinot Meunier, trocken Schaumwein aus Champagne, Frankreich) bei Wein Werte, Ihrem nachhaltigen Onlineshop.\",\"breadcrumb\":{\"@id\":\"https:\\\/\\\/wein-werte.com\\\/de\\\/produkt\\\/bonnet-ponson-le-jour-lj20-non-dose-premier-cru-750ml\\\/#breadcrumb\"},\"inLanguage\":\"de\",\"potentialAction\":[{\"@type\":\"ReadAction\",\"target\":[\"https:\\\/\\\/wein-werte.com\\\/de\\\/produkt\\\/bonnet-ponson-le-jour-lj20-non-dose-premier-cru-750ml\\\/\"]}]},{\"@type\":\"ImageObject\",\"inLanguage\":\"de\",\"@id\":\"https:\\\/\\\/wein-werte.com\\\/de\\\/produkt\\\/bonnet-ponson-le-jour-lj20-non-dose-premier-cru-750ml\\\/#primaryimage\",\"url\":\"https:\\\/\\\/wein-werte.com\\\/wp-content\\\/uploads\\\/2026\\\/04\\\/Bonnet-Ponson-Le-Jour-LJ20-Non-Dose-Premier-Cru-750ml.png\",\"contentUrl\":\"https:\\\/\\\/wein-werte.com\\\/wp-content\\\/uploads\\\/2026\\\/04\\\/Bonnet-Ponson-Le-Jour-LJ20-Non-Dose-Premier-Cru-750ml.png\",\"width\":394,\"height\":1200,\"caption\":\"Bonnet-Ponson Le Jour LJ20, Non Dos\u00e9 Premier Cru NV 750ml\"},{\"@type\":\"BreadcrumbList\",\"@id\":\"https:\\\/\\\/wein-werte.com\\\/de\\\/produkt\\\/bonnet-ponson-le-jour-lj20-non-dose-premier-cru-750ml\\\/#breadcrumb\",\"itemListElement\":[{\"@type\":\"ListItem\",\"position\":1,\"name\":\"Home\",\"item\":\"https:\\\/\\\/wein-werte.com\\\/de\\\/\"},{\"@type\":\"ListItem\",\"position\":2,\"name\":\"Shop\",\"item\":\"https:\\\/\\\/wein-werte.com\\\/de\\\/shop\\\/\"},{\"@type\":\"ListItem\",\"position\":3,\"name\":\"Bonnet-Ponson | Champagne | Le Jour LJ20, Non Dos\u00e9 Premier Cru | NV | 750ml | bio\"}]},{\"@type\":\"WebSite\",\"@id\":\"https:\\\/\\\/wein-werte.com\\\/de\\\/#website\",\"url\":\"https:\\\/\\\/wein-werte.com\\\/de\\\/\",\"name\":\"Wein Werte\",\"description\":\"\",\"publisher\":{\"@id\":\"https:\\\/\\\/wein-werte.com\\\/de\\\/#organization\"},\"potentialAction\":[{\"@type\":\"SearchAction\",\"target\":{\"@type\":\"EntryPoint\",\"urlTemplate\":\"https:\\\/\\\/wein-werte.com\\\/de\\\/?s={search_term_string}\"},\"query-input\":{\"@type\":\"PropertyValueSpecification\",\"valueRequired\":true,\"valueName\":\"search_term_string\"}}],\"inLanguage\":\"de\"},{\"@type\":\"Organization\",\"@id\":\"https:\\\/\\\/wein-werte.com\\\/de\\\/#organization\",\"name\":\"Vins Fins Thorrold\",\"url\":\"https:\\\/\\\/wein-werte.com\\\/de\\\/\",\"logo\":{\"@type\":\"ImageObject\",\"inLanguage\":\"de\",\"@id\":\"https:\\\/\\\/wein-werte.com\\\/de\\\/#\\\/schema\\\/logo\\\/image\\\/\",\"url\":\"https:\\\/\\\/wein-werte.com\\\/wp-content\\\/uploads\\\/2023\\\/07\\\/Wein_werte_Logo700-1.png\",\"contentUrl\":\"https:\\\/\\\/wein-werte.com\\\/wp-content\\\/uploads\\\/2023\\\/07\\\/Wein_werte_Logo700-1.png\",\"width\":700,\"height\":272,\"caption\":\"Vins Fins Thorrold\"},\"image\":{\"@id\":\"https:\\\/\\\/wein-werte.com\\\/de\\\/#\\\/schema\\\/logo\\\/image\\\/\"}}]}<\/script>\n<!-- \/ Yoast SEO plugin. -->","yoast_head_json":{"title":"Bonnet-Ponson Le Jour LJ20 Non Dos\u00e9 Premier Cru","description":"Kaufe Bonnet-Ponson Le Jour LJ20 Non Dos\u00e9 Premier Cru (Pinot Meunier, trocken Schaumwein aus Champagne, Frankreich) bei Wein Werte, Ihrem nachhaltigen Onlineshop.","robots":{"index":"index","follow":"follow","max-snippet":"max-snippet:-1","max-image-preview":"max-image-preview:large","max-video-preview":"max-video-preview:-1"},"canonical":"https:\/\/wein-werte.com\/de\/produkt\/bonnet-ponson-le-jour-lj20-non-dose-premier-cru-750ml\/","og_locale":"de_DE","og_type":"article","og_title":"Bonnet-Ponson Le Jour LJ20 Non Dos\u00e9 Premier Cru","og_description":"Kaufe Bonnet-Ponson Le Jour LJ20 Non Dos\u00e9 Premier Cru (Pinot Meunier, trocken Schaumwein aus Champagne, Frankreich) bei Wein Werte, Ihrem nachhaltigen Onlineshop.","og_url":"https:\/\/wein-werte.com\/de\/produkt\/bonnet-ponson-le-jour-lj20-non-dose-premier-cru-750ml\/","og_site_name":"Wein Werte","og_image":[{"width":394,"height":1200,"url":"https:\/\/wein-werte.com\/wp-content\/uploads\/2026\/04\/Bonnet-Ponson-Le-Jour-LJ20-Non-Dose-Premier-Cru-750ml.png","type":"image\/png"}],"twitter_card":"summary_large_image","twitter_misc":{"Gesch\u00e4tzte Lesezeit":"1\u00a0Minute"},"schema":{"@context":"https:\/\/schema.org","@graph":[{"@type":"WebPage","@id":"https:\/\/wein-werte.com\/de\/produkt\/bonnet-ponson-le-jour-lj20-non-dose-premier-cru-750ml\/","url":"https:\/\/wein-werte.com\/de\/produkt\/bonnet-ponson-le-jour-lj20-non-dose-premier-cru-750ml\/","name":"Bonnet-Ponson Le Jour LJ20 Non Dos\u00e9 Premier Cru","isPartOf":{"@id":"https:\/\/wein-werte.com\/de\/#website"},"primaryImageOfPage":{"@id":"https:\/\/wein-werte.com\/de\/produkt\/bonnet-ponson-le-jour-lj20-non-dose-premier-cru-750ml\/#primaryimage"},"image":{"@id":"https:\/\/wein-werte.com\/de\/produkt\/bonnet-ponson-le-jour-lj20-non-dose-premier-cru-750ml\/#primaryimage"},"thumbnailUrl":"https:\/\/wein-werte.com\/wp-content\/uploads\/2026\/04\/Bonnet-Ponson-Le-Jour-LJ20-Non-Dose-Premier-Cru-750ml.png","datePublished":"2026-05-08T18:04:04+00:00","description":"Kaufe Bonnet-Ponson Le Jour LJ20 Non Dos\u00e9 Premier Cru (Pinot Meunier, trocken Schaumwein aus Champagne, Frankreich) bei Wein Werte, Ihrem nachhaltigen Onlineshop.","breadcrumb":{"@id":"https:\/\/wein-werte.com\/de\/produkt\/bonnet-ponson-le-jour-lj20-non-dose-premier-cru-750ml\/#breadcrumb"},"inLanguage":"de","potentialAction":[{"@type":"ReadAction","target":["https:\/\/wein-werte.com\/de\/produkt\/bonnet-ponson-le-jour-lj20-non-dose-premier-cru-750ml\/"]}]},{"@type":"ImageObject","inLanguage":"de","@id":"https:\/\/wein-werte.com\/de\/produkt\/bonnet-ponson-le-jour-lj20-non-dose-premier-cru-750ml\/#primaryimage","url":"https:\/\/wein-werte.com\/wp-content\/uploads\/2026\/04\/Bonnet-Ponson-Le-Jour-LJ20-Non-Dose-Premier-Cru-750ml.png","contentUrl":"https:\/\/wein-werte.com\/wp-content\/uploads\/2026\/04\/Bonnet-Ponson-Le-Jour-LJ20-Non-Dose-Premier-Cru-750ml.png","width":394,"height":1200,"caption":"Bonnet-Ponson Le Jour LJ20, Non Dos\u00e9 Premier Cru NV 750ml"},{"@type":"BreadcrumbList","@id":"https:\/\/wein-werte.com\/de\/produkt\/bonnet-ponson-le-jour-lj20-non-dose-premier-cru-750ml\/#breadcrumb","itemListElement":[{"@type":"ListItem","position":1,"name":"Home","item":"https:\/\/wein-werte.com\/de\/"},{"@type":"ListItem","position":2,"name":"Shop","item":"https:\/\/wein-werte.com\/de\/shop\/"},{"@type":"ListItem","position":3,"name":"Bonnet-Ponson | Champagne | Le Jour LJ20, Non Dos\u00e9 Premier Cru | NV | 750ml | bio"}]},{"@type":"WebSite","@id":"https:\/\/wein-werte.com\/de\/#website","url":"https:\/\/wein-werte.com\/de\/","name":"Wein Werte","description":"","publisher":{"@id":"https:\/\/wein-werte.com\/de\/#organization"},"potentialAction":[{"@type":"SearchAction","target":{"@type":"EntryPoint","urlTemplate":"https:\/\/wein-werte.com\/de\/?s={search_term_string}"},"query-input":{"@type":"PropertyValueSpecification","valueRequired":true,"valueName":"search_term_string"}}],"inLanguage":"de"},{"@type":"Organization","@id":"https:\/\/wein-werte.com\/de\/#organization","name":"Vins Fins Thorrold","url":"https:\/\/wein-werte.com\/de\/","logo":{"@type":"ImageObject","inLanguage":"de","@id":"https:\/\/wein-werte.com\/de\/#\/schema\/logo\/image\/","url":"https:\/\/wein-werte.com\/wp-content\/uploads\/2023\/07\/Wein_werte_Logo700-1.png","contentUrl":"https:\/\/wein-werte.com\/wp-content\/uploads\/2023\/07\/Wein_werte_Logo700-1.png","width":700,"height":272,"caption":"Vins Fins Thorrold"},"image":{"@id":"https:\/\/wein-werte.com\/de\/#\/schema\/logo\/image\/"}}]}},"_links":{"self":[{"href":"https:\/\/wein-werte.com\/de\/wp-json\/wp\/v2\/product\/1132548","targetHints":{"allow":["GET"]}}],"collection":[{"href":"https:\/\/wein-werte.com\/de\/wp-json\/wp\/v2\/product"}],"about":[{"href":"https:\/\/wein-werte.com\/de\/wp-json\/wp\/v2\/types\/product"}],"wp:featuredmedia":[{"embeddable":true,"href":"https:\/\/wein-werte.com\/de\/wp-json\/wp\/v2\/media\/1143186"}],"wp:attachment":[{"href":"https:\/\/wein-werte.com\/de\/wp-json\/wp\/v2\/media?parent=1132548"}],"wp:term":[{"taxonomy":"product_brand","embeddable":true,"href":"https:\/\/wein-werte.com\/de\/wp-json\/wp\/v2\/product_brand?post=1132548"},{"taxonomy":"product_cat","embeddable":true,"href":"https:\/\/wein-werte.com\/de\/wp-json\/wp\/v2\/product_cat?post=1132548"},{"taxonomy":"product_tag","embeddable":true,"href":"https:\/\/wein-werte.com\/de\/wp-json\/wp\/v2\/product_tag?post=1132548"}],"curies":[{"name":"wp","href":"https:\/\/api.w.org\/{rel}","templated":true}]}}