{"id":1132502,"date":"2026-05-08T20:04:01","date_gmt":"2026-05-08T18:04:01","guid":{"rendered":"https:\/\/wein-werte.com\/product\/regis-poissinet-cuvee-irizee-meunier-extra-brut-2014-750ml\/"},"modified":"2026-04-27T11:49:05","modified_gmt":"2026-04-27T09:49:05","slug":"regis-poissinet-cuvee-irizee-meunier-extra-brut-2014-750ml","status":"publish","type":"product","link":"https:\/\/wein-werte.com\/de\/produkt\/regis-poissinet-cuvee-irizee-meunier-extra-brut-2014-750ml\/","title":{"rendered":"R\u00e9gis Poissinet | Champagne | Cuv\u00e9e Iriz\u00e9e Meunier, Extra Brut | 2014 | 750ml"},"content":{"rendered":"<p>Produktbeschreibung f\u00fcr R\u00e9gis Poissinet Cuv\u00e9e Iriz\u00e9e Meunier, Extra Brut 2014  <\/p>\n<h5>Information zum Wein<\/h5>\n<p> Dieser Champagner stammt aus Weinbergen an der Schwelle vom Marne-Tal zur Montagne de Reims. Die Lagen in Cuchery, Baslieux, Leuvrigny, Troissy und Mareuil le Port von sind gepr\u00e4gt von kalkhaltigen Lehm- und Schwemmlandb\u00f6den. Die Cuv\u00e9e besteht zu 87% aus Pinot Meunier und zu 13% aus Chardonnay. Ausgebaut wurde der Wein in Teilen im Edelstahl, in Teilen im Holz. Der Anteil an Reserveweinen liegt bei 45%. Der Wein wurde am 28.11.2022 mit 1,9 g\/L Dosage degorgiert. <\/p>\n<h5>Farbe<\/h5>\n<p> Platingelb, feines Mousseux <\/p>\n<h5>Nase<\/h5>\n<p> Die Nase der Cuv\u00e9e Iriz\u00e9e wirkt besonders fein und ausgewogen. Sie erinnert an Zitronen, Grapefruits und Blutorangen, an Pfirsiche und Nektarinen, aber auch an Cassis und m\u00fcrben Apfel. Dazu kommen Ankl\u00e4nge von Shortbread und Brotkruste, etwas Gestein und Kr\u00e4uter. <\/p>\n<h5>Gaumen<\/h5>\n<p> Am Gaumen offenbart sich eine gem\u00e4\u00dfigt kraftvolle Struktur, verbunden mit einem angenehmen, geradlinigen S\u00e4uredruck. Auch hier findet man wieder die Mischung der zitrischen, wei\u00dfen und dunklen Armen, erg\u00e4nzt durch einen Hauch Passionsfrucht, Salzzitrone und Zitronencr\u00e8me. Tats\u00e4chlich wirkt auch die Textur cremig und schafft eine gelungene Balance zur frischen S\u00e4ure und Mineralit\u00e4t. <\/p>\n<p>Copyright Vinaturel 2025<\/p>\n<p>Keywords: <a href=\"https:\/\/wein-werte.com\/de\/shop\/?swoof=1&#038;pa_producer=R\u00e9gis-Poissinet\">R\u00e9gis Poissinet<\/a> <a href=\"https:\/\/wein-werte.com\/de\/shop\/?swoof=1&#038;woof_text=Cuv\u00e9e Iriz\u00e9e Meunier, Extra Brut\">Cuv\u00e9e Iriz\u00e9e Meunier, Extra Brut<\/a> 2014  <a href=\"https:\/\/wein-werte.com\/de\/shop\/?swoof=1&#038;pa_region=Champagne\">Champagne<\/a> <a href=\"https:\/\/wein-werte.com\/de\/shop\/?swoof=1&#038;pa_country=Frankreich\">Frankreich<\/a><\/p>\n<p>Internetseite des Weinguts: <a href=\"https:\/\/champagne-regis-poissinet.com\/en\/\" target=\"_blank\">https:\/\/champagne-regis-poissinet.com\/en\/<\/a><\/p>\n","protected":false},"excerpt":{"rendered":"<p>Lieferzeit: 1 bis 2 Arbeitstage (DE), 2 bis 5 Arbeitstage (EU and CH)<\/p>\n","protected":false},"featured_media":1143150,"template":"","meta":[],"product_brand":[],"product_cat":[19],"product_tag":[],"class_list":{"0":"post-1132502","1":"product","2":"type-product","3":"status-publish","4":"has-post-thumbnail","6":"product_cat-unkategorisiert","7":"pa_alcohol-for-filter-12893","8":"pa_certified-biodynamic-nein-de","9":"pa_certified-organic-nein-de","10":"pa_colour-weiss","11":"pa_country-frankreich","12":"pa_grape-pinot-meunier-mullerrebe","13":"pa_price-for-filter-10716","14":"pa_producer-regis-poissinet","15":"pa_region-champagne","16":"pa_size-ml-6584","17":"pa_sweetness-trocken-de","18":"pa_type-2-champagner","19":"pa_vintage-2014-de","20":"entry","21":"has-media","23":"first","24":"instock","25":"taxable","26":"shipping-taxable","27":"purchasable","28":"product-type-simple"},"yoast_head":"<!-- This site is optimized with the Yoast SEO plugin v27.5 - https:\/\/yoast.com\/product\/yoast-seo-wordpress\/ -->\n<title>R\u00e9gis Poissinet Cuv\u00e9e Iriz\u00e9e Meunier Extra Brut 2014<\/title>\n<meta name=\"description\" content=\"Kaufe R\u00e9gis Poissinet Cuv\u00e9e Iriz\u00e9e Meunier Extra Brut 2014 (Pinot Meunier, trocken Schaumwein aus Champagne, Frankreich) bei Wein Werte, Ihrem nachhaltigen Onlineshop.\" \/>\n<meta name=\"robots\" content=\"index, follow, max-snippet:-1, max-image-preview:large, max-video-preview:-1\" \/>\n<link rel=\"canonical\" href=\"https:\/\/wein-werte.com\/de\/produkt\/regis-poissinet-cuvee-irizee-meunier-extra-brut-2014-750ml\/\" \/>\n<meta property=\"og:locale\" content=\"de_DE\" \/>\n<meta property=\"og:type\" content=\"article\" \/>\n<meta property=\"og:title\" content=\"R\u00e9gis Poissinet Cuv\u00e9e Iriz\u00e9e Meunier Extra Brut 2014\" \/>\n<meta property=\"og:description\" content=\"Kaufe R\u00e9gis Poissinet Cuv\u00e9e Iriz\u00e9e Meunier Extra Brut 2014 (Pinot Meunier, trocken Schaumwein aus Champagne, Frankreich) bei Wein Werte, Ihrem nachhaltigen Onlineshop.\" \/>\n<meta property=\"og:url\" content=\"https:\/\/wein-werte.com\/de\/produkt\/regis-poissinet-cuvee-irizee-meunier-extra-brut-2014-750ml\/\" \/>\n<meta property=\"og:site_name\" content=\"Wein Werte\" \/>\n<meta property=\"og:image\" content=\"https:\/\/wein-werte.com\/wp-content\/uploads\/2026\/04\/Regis-Poissinet-Cuvee-Irizee-Meunier-Extra-Brut-2014-750ml.png\" \/>\n\t<meta property=\"og:image:width\" content=\"395\" \/>\n\t<meta property=\"og:image:height\" content=\"1200\" \/>\n\t<meta property=\"og:image:type\" content=\"image\/png\" \/>\n<meta name=\"twitter:card\" content=\"summary_large_image\" \/>\n<meta name=\"twitter:label1\" content=\"Gesch\u00e4tzte Lesezeit\" \/>\n\t<meta name=\"twitter:data1\" content=\"1\u00a0Minute\" \/>\n<script type=\"application\/ld+json\" class=\"yoast-schema-graph\">{\"@context\":\"https:\\\/\\\/schema.org\",\"@graph\":[{\"@type\":\"WebPage\",\"@id\":\"https:\\\/\\\/wein-werte.com\\\/de\\\/produkt\\\/regis-poissinet-cuvee-irizee-meunier-extra-brut-2014-750ml\\\/\",\"url\":\"https:\\\/\\\/wein-werte.com\\\/de\\\/produkt\\\/regis-poissinet-cuvee-irizee-meunier-extra-brut-2014-750ml\\\/\",\"name\":\"R\u00e9gis Poissinet Cuv\u00e9e Iriz\u00e9e Meunier Extra Brut 2014\",\"isPartOf\":{\"@id\":\"https:\\\/\\\/wein-werte.com\\\/de\\\/#website\"},\"primaryImageOfPage\":{\"@id\":\"https:\\\/\\\/wein-werte.com\\\/de\\\/produkt\\\/regis-poissinet-cuvee-irizee-meunier-extra-brut-2014-750ml\\\/#primaryimage\"},\"image\":{\"@id\":\"https:\\\/\\\/wein-werte.com\\\/de\\\/produkt\\\/regis-poissinet-cuvee-irizee-meunier-extra-brut-2014-750ml\\\/#primaryimage\"},\"thumbnailUrl\":\"https:\\\/\\\/wein-werte.com\\\/wp-content\\\/uploads\\\/2026\\\/04\\\/Regis-Poissinet-Cuvee-Irizee-Meunier-Extra-Brut-2014-750ml.png\",\"datePublished\":\"2026-05-08T18:04:01+00:00\",\"description\":\"Kaufe R\u00e9gis Poissinet Cuv\u00e9e Iriz\u00e9e Meunier Extra Brut 2014 (Pinot Meunier, trocken Schaumwein aus Champagne, Frankreich) bei Wein Werte, Ihrem nachhaltigen Onlineshop.\",\"breadcrumb\":{\"@id\":\"https:\\\/\\\/wein-werte.com\\\/de\\\/produkt\\\/regis-poissinet-cuvee-irizee-meunier-extra-brut-2014-750ml\\\/#breadcrumb\"},\"inLanguage\":\"de\",\"potentialAction\":[{\"@type\":\"ReadAction\",\"target\":[\"https:\\\/\\\/wein-werte.com\\\/de\\\/produkt\\\/regis-poissinet-cuvee-irizee-meunier-extra-brut-2014-750ml\\\/\"]}]},{\"@type\":\"ImageObject\",\"inLanguage\":\"de\",\"@id\":\"https:\\\/\\\/wein-werte.com\\\/de\\\/produkt\\\/regis-poissinet-cuvee-irizee-meunier-extra-brut-2014-750ml\\\/#primaryimage\",\"url\":\"https:\\\/\\\/wein-werte.com\\\/wp-content\\\/uploads\\\/2026\\\/04\\\/Regis-Poissinet-Cuvee-Irizee-Meunier-Extra-Brut-2014-750ml.png\",\"contentUrl\":\"https:\\\/\\\/wein-werte.com\\\/wp-content\\\/uploads\\\/2026\\\/04\\\/Regis-Poissinet-Cuvee-Irizee-Meunier-Extra-Brut-2014-750ml.png\",\"width\":395,\"height\":1200,\"caption\":\"R\u00e9gis Poissinet Cuv\u00e9e Iriz\u00e9e Meunier, Extra Brut 2014 750ml\"},{\"@type\":\"BreadcrumbList\",\"@id\":\"https:\\\/\\\/wein-werte.com\\\/de\\\/produkt\\\/regis-poissinet-cuvee-irizee-meunier-extra-brut-2014-750ml\\\/#breadcrumb\",\"itemListElement\":[{\"@type\":\"ListItem\",\"position\":1,\"name\":\"Home\",\"item\":\"https:\\\/\\\/wein-werte.com\\\/de\\\/\"},{\"@type\":\"ListItem\",\"position\":2,\"name\":\"Shop\",\"item\":\"https:\\\/\\\/wein-werte.com\\\/de\\\/shop\\\/\"},{\"@type\":\"ListItem\",\"position\":3,\"name\":\"R\u00e9gis Poissinet | Champagne | Cuv\u00e9e Iriz\u00e9e Meunier, Extra Brut | 2014 | 750ml\"}]},{\"@type\":\"WebSite\",\"@id\":\"https:\\\/\\\/wein-werte.com\\\/de\\\/#website\",\"url\":\"https:\\\/\\\/wein-werte.com\\\/de\\\/\",\"name\":\"Wein Werte\",\"description\":\"\",\"publisher\":{\"@id\":\"https:\\\/\\\/wein-werte.com\\\/de\\\/#organization\"},\"potentialAction\":[{\"@type\":\"SearchAction\",\"target\":{\"@type\":\"EntryPoint\",\"urlTemplate\":\"https:\\\/\\\/wein-werte.com\\\/de\\\/?s={search_term_string}\"},\"query-input\":{\"@type\":\"PropertyValueSpecification\",\"valueRequired\":true,\"valueName\":\"search_term_string\"}}],\"inLanguage\":\"de\"},{\"@type\":\"Organization\",\"@id\":\"https:\\\/\\\/wein-werte.com\\\/de\\\/#organization\",\"name\":\"Vins Fins Thorrold\",\"url\":\"https:\\\/\\\/wein-werte.com\\\/de\\\/\",\"logo\":{\"@type\":\"ImageObject\",\"inLanguage\":\"de\",\"@id\":\"https:\\\/\\\/wein-werte.com\\\/de\\\/#\\\/schema\\\/logo\\\/image\\\/\",\"url\":\"https:\\\/\\\/wein-werte.com\\\/wp-content\\\/uploads\\\/2023\\\/07\\\/Wein_werte_Logo700-1.png\",\"contentUrl\":\"https:\\\/\\\/wein-werte.com\\\/wp-content\\\/uploads\\\/2023\\\/07\\\/Wein_werte_Logo700-1.png\",\"width\":700,\"height\":272,\"caption\":\"Vins Fins Thorrold\"},\"image\":{\"@id\":\"https:\\\/\\\/wein-werte.com\\\/de\\\/#\\\/schema\\\/logo\\\/image\\\/\"}}]}<\/script>\n<!-- \/ Yoast SEO plugin. -->","yoast_head_json":{"title":"R\u00e9gis Poissinet Cuv\u00e9e Iriz\u00e9e Meunier Extra Brut 2014","description":"Kaufe R\u00e9gis Poissinet Cuv\u00e9e Iriz\u00e9e Meunier Extra Brut 2014 (Pinot Meunier, trocken Schaumwein aus Champagne, Frankreich) bei Wein Werte, Ihrem nachhaltigen Onlineshop.","robots":{"index":"index","follow":"follow","max-snippet":"max-snippet:-1","max-image-preview":"max-image-preview:large","max-video-preview":"max-video-preview:-1"},"canonical":"https:\/\/wein-werte.com\/de\/produkt\/regis-poissinet-cuvee-irizee-meunier-extra-brut-2014-750ml\/","og_locale":"de_DE","og_type":"article","og_title":"R\u00e9gis Poissinet Cuv\u00e9e Iriz\u00e9e Meunier Extra Brut 2014","og_description":"Kaufe R\u00e9gis Poissinet Cuv\u00e9e Iriz\u00e9e Meunier Extra Brut 2014 (Pinot Meunier, trocken Schaumwein aus Champagne, Frankreich) bei Wein Werte, Ihrem nachhaltigen Onlineshop.","og_url":"https:\/\/wein-werte.com\/de\/produkt\/regis-poissinet-cuvee-irizee-meunier-extra-brut-2014-750ml\/","og_site_name":"Wein Werte","og_image":[{"width":395,"height":1200,"url":"https:\/\/wein-werte.com\/wp-content\/uploads\/2026\/04\/Regis-Poissinet-Cuvee-Irizee-Meunier-Extra-Brut-2014-750ml.png","type":"image\/png"}],"twitter_card":"summary_large_image","twitter_misc":{"Gesch\u00e4tzte Lesezeit":"1\u00a0Minute"},"schema":{"@context":"https:\/\/schema.org","@graph":[{"@type":"WebPage","@id":"https:\/\/wein-werte.com\/de\/produkt\/regis-poissinet-cuvee-irizee-meunier-extra-brut-2014-750ml\/","url":"https:\/\/wein-werte.com\/de\/produkt\/regis-poissinet-cuvee-irizee-meunier-extra-brut-2014-750ml\/","name":"R\u00e9gis Poissinet Cuv\u00e9e Iriz\u00e9e Meunier Extra Brut 2014","isPartOf":{"@id":"https:\/\/wein-werte.com\/de\/#website"},"primaryImageOfPage":{"@id":"https:\/\/wein-werte.com\/de\/produkt\/regis-poissinet-cuvee-irizee-meunier-extra-brut-2014-750ml\/#primaryimage"},"image":{"@id":"https:\/\/wein-werte.com\/de\/produkt\/regis-poissinet-cuvee-irizee-meunier-extra-brut-2014-750ml\/#primaryimage"},"thumbnailUrl":"https:\/\/wein-werte.com\/wp-content\/uploads\/2026\/04\/Regis-Poissinet-Cuvee-Irizee-Meunier-Extra-Brut-2014-750ml.png","datePublished":"2026-05-08T18:04:01+00:00","description":"Kaufe R\u00e9gis Poissinet Cuv\u00e9e Iriz\u00e9e Meunier Extra Brut 2014 (Pinot Meunier, trocken Schaumwein aus Champagne, Frankreich) bei Wein Werte, Ihrem nachhaltigen Onlineshop.","breadcrumb":{"@id":"https:\/\/wein-werte.com\/de\/produkt\/regis-poissinet-cuvee-irizee-meunier-extra-brut-2014-750ml\/#breadcrumb"},"inLanguage":"de","potentialAction":[{"@type":"ReadAction","target":["https:\/\/wein-werte.com\/de\/produkt\/regis-poissinet-cuvee-irizee-meunier-extra-brut-2014-750ml\/"]}]},{"@type":"ImageObject","inLanguage":"de","@id":"https:\/\/wein-werte.com\/de\/produkt\/regis-poissinet-cuvee-irizee-meunier-extra-brut-2014-750ml\/#primaryimage","url":"https:\/\/wein-werte.com\/wp-content\/uploads\/2026\/04\/Regis-Poissinet-Cuvee-Irizee-Meunier-Extra-Brut-2014-750ml.png","contentUrl":"https:\/\/wein-werte.com\/wp-content\/uploads\/2026\/04\/Regis-Poissinet-Cuvee-Irizee-Meunier-Extra-Brut-2014-750ml.png","width":395,"height":1200,"caption":"R\u00e9gis Poissinet Cuv\u00e9e Iriz\u00e9e Meunier, Extra Brut 2014 750ml"},{"@type":"BreadcrumbList","@id":"https:\/\/wein-werte.com\/de\/produkt\/regis-poissinet-cuvee-irizee-meunier-extra-brut-2014-750ml\/#breadcrumb","itemListElement":[{"@type":"ListItem","position":1,"name":"Home","item":"https:\/\/wein-werte.com\/de\/"},{"@type":"ListItem","position":2,"name":"Shop","item":"https:\/\/wein-werte.com\/de\/shop\/"},{"@type":"ListItem","position":3,"name":"R\u00e9gis Poissinet | Champagne | Cuv\u00e9e Iriz\u00e9e Meunier, Extra Brut | 2014 | 750ml"}]},{"@type":"WebSite","@id":"https:\/\/wein-werte.com\/de\/#website","url":"https:\/\/wein-werte.com\/de\/","name":"Wein Werte","description":"","publisher":{"@id":"https:\/\/wein-werte.com\/de\/#organization"},"potentialAction":[{"@type":"SearchAction","target":{"@type":"EntryPoint","urlTemplate":"https:\/\/wein-werte.com\/de\/?s={search_term_string}"},"query-input":{"@type":"PropertyValueSpecification","valueRequired":true,"valueName":"search_term_string"}}],"inLanguage":"de"},{"@type":"Organization","@id":"https:\/\/wein-werte.com\/de\/#organization","name":"Vins Fins Thorrold","url":"https:\/\/wein-werte.com\/de\/","logo":{"@type":"ImageObject","inLanguage":"de","@id":"https:\/\/wein-werte.com\/de\/#\/schema\/logo\/image\/","url":"https:\/\/wein-werte.com\/wp-content\/uploads\/2023\/07\/Wein_werte_Logo700-1.png","contentUrl":"https:\/\/wein-werte.com\/wp-content\/uploads\/2023\/07\/Wein_werte_Logo700-1.png","width":700,"height":272,"caption":"Vins Fins Thorrold"},"image":{"@id":"https:\/\/wein-werte.com\/de\/#\/schema\/logo\/image\/"}}]}},"_links":{"self":[{"href":"https:\/\/wein-werte.com\/de\/wp-json\/wp\/v2\/product\/1132502","targetHints":{"allow":["GET"]}}],"collection":[{"href":"https:\/\/wein-werte.com\/de\/wp-json\/wp\/v2\/product"}],"about":[{"href":"https:\/\/wein-werte.com\/de\/wp-json\/wp\/v2\/types\/product"}],"wp:featuredmedia":[{"embeddable":true,"href":"https:\/\/wein-werte.com\/de\/wp-json\/wp\/v2\/media\/1143150"}],"wp:attachment":[{"href":"https:\/\/wein-werte.com\/de\/wp-json\/wp\/v2\/media?parent=1132502"}],"wp:term":[{"taxonomy":"product_brand","embeddable":true,"href":"https:\/\/wein-werte.com\/de\/wp-json\/wp\/v2\/product_brand?post=1132502"},{"taxonomy":"product_cat","embeddable":true,"href":"https:\/\/wein-werte.com\/de\/wp-json\/wp\/v2\/product_cat?post=1132502"},{"taxonomy":"product_tag","embeddable":true,"href":"https:\/\/wein-werte.com\/de\/wp-json\/wp\/v2\/product_tag?post=1132502"}],"curies":[{"name":"wp","href":"https:\/\/api.w.org\/{rel}","templated":true}]}}