{"id":1132482,"date":"2026-05-08T20:04:00","date_gmt":"2026-05-08T18:04:00","guid":{"rendered":"https:\/\/wein-werte.com\/product\/jerome-blin-les-ports-complantation-zero-dosage-2022-750ml\/"},"modified":"2026-04-27T11:49:03","modified_gmt":"2026-04-27T09:49:03","slug":"jerome-blin-les-ports-complantation-zero-dosage-2022-750ml","status":"publish","type":"product","link":"https:\/\/wein-werte.com\/de\/produkt\/jerome-blin-les-ports-complantation-zero-dosage-2022-750ml\/","title":{"rendered":"J\u00e9r\u00f4me Blin | Champagne | Les Ports Complantation, zero dosage | 2022 | 750ml | bio"},"content":{"rendered":"<p>Produktbeschreibung f\u00fcr J\u00e9r\u00f4me Blin Les Ports Complantation, zero dosage 2022 (bio) <\/p>\n<h5>Information zum Wein<\/h5>\n<p> Dieser Champagner stammt aus einer Complantation, also aus einem Gemischten Satz, der in den 1970er Jahren in Vincelles gepflanzt wurde. Er besteht aus 90% Meunier, sowie Petit Meslier, Pinot Noir, Pinot Blanc und Pinot Gris. Es ist der 2022er Jahrgang mit einem Grundwein, der im Barrique ausgebaut wurde. Die Tirage erfolgte im M\u00e4rz 2023, das D\u00e9gorgement im April 2024 ohne Dosage. 2.925 Flaschen. <\/p>\n<h5>Farbe<\/h5>\n<p> ganz leicht Ros\u00e9farben, feine Perlage <\/p>\n<h5>Nase<\/h5>\n<p> Les Ports\u00f6ffnet sich mit leichten Ankl\u00e4ngen von Rauch und S\u00fc\u00dfholz in Verbindung mit Zitronen und Zitronenabrieb, m\u00fcrben \u00c4pfeln, etwas gr\u00fcnem Steinobst und knackigen roten Beeren. Dazu kommen Noten von leicht ger\u00f6steter Brotkuste und Brioche mit Mandelcr\u00e8me. Mit Luft werden Ankl\u00e4nge von zersto\u00dfenem Kalkstein und Grafit offensichtlich. <\/p>\n<h5>Gaumen<\/h5>\n<p> Am Gaumen wirkt der Gemischte Satz frisch, energiegeladen und unaufdringlich fruchtig. Dabei erinnert er an Pfirsiche, Aprikose, gelbe Pflaumen, Reineclauden, Zitronen und etwas Granatapfel. Sch\u00f6n ist auch die Kraft, die der Champagner mit einer klaren S\u00e4ure und einer lebendigen und sch\u00f6n eigebundenen Perlage verbindet. Es ist ein purer, tonischer, energetischer Champagner. <\/p>\n<p>Copyright Vinaturel 2025<\/p>\n<p>Keywords: <a href=\"https:\/\/wein-werte.com\/de\/shop\/?swoof=1&#038;pa_producer=J\u00e9r\u00f4me-Blin\">J\u00e9r\u00f4me Blin<\/a> <a href=\"https:\/\/wein-werte.com\/de\/shop\/?swoof=1&#038;woof_text=Les Ports Complantation, zero dosage\">Les Ports Complantation, zero dosage<\/a> 2022 bio <a href=\"https:\/\/wein-werte.com\/de\/shop\/?swoof=1&#038;pa_region=Champagne\">Champagne<\/a> <a href=\"https:\/\/wein-werte.com\/de\/shop\/?swoof=1&#038;pa_country=Frankreich\">Frankreich<\/a><\/p>\n<p>Internetseite des Weinguts: <a href=\"https:\/\/champagne-jeromeblin.fr\/\" target=\"_blank\">https:\/\/champagne-jeromeblin.fr\/\/<\/a><\/p>\n","protected":false},"excerpt":{"rendered":"<p>Lieferzeit: 1 bis 2 Arbeitstage (DE), 2 bis 5 Arbeitstage (EU and CH)<\/p>\n","protected":false},"featured_media":1143134,"template":"","meta":[],"product_brand":[],"product_cat":[19],"product_tag":[],"class_list":{"0":"post-1132482","1":"product","2":"type-product","3":"status-publish","4":"has-post-thumbnail","6":"product_cat-unkategorisiert","7":"pa_alcohol-for-filter-12893","8":"pa_certified-biodynamic-nein-de","9":"pa_certified-organic-ja-de","10":"pa_colour-weiss","11":"pa_country-frankreich","12":"pa_grape-weissburgunder-cuvee","13":"pa_price-for-filter-10640","14":"pa_producer-jerome-blin","15":"pa_region-champagne","16":"pa_size-ml-6584","17":"pa_sweetness-trocken-de","18":"pa_type-2-champagner","19":"pa_vintage-2022-de","20":"entry","21":"has-media","23":"first","24":"instock","25":"taxable","26":"shipping-taxable","27":"purchasable","28":"product-type-simple"},"yoast_head":"<!-- This site is optimized with the Yoast SEO plugin v27.5 - https:\/\/yoast.com\/product\/yoast-seo-wordpress\/ -->\n<title>J\u00e9r\u00f4me Blin Les Ports Complantation zero dosage 2022<\/title>\n<meta name=\"description\" content=\"Kaufe J\u00e9r\u00f4me Blin Les Ports Complantation zero dosage 2022 (Wei\u00dfburgunder Cuv\u00e9e, trocken Schaumwein aus Champagne, Frankreich) bei Wein Werte, Ihrem nachhaltigen Onlineshop.\" \/>\n<meta name=\"robots\" content=\"index, follow, max-snippet:-1, max-image-preview:large, max-video-preview:-1\" \/>\n<link rel=\"canonical\" href=\"https:\/\/wein-werte.com\/de\/produkt\/jerome-blin-les-ports-complantation-zero-dosage-2022-750ml\/\" \/>\n<meta property=\"og:locale\" content=\"de_DE\" \/>\n<meta property=\"og:type\" content=\"article\" \/>\n<meta property=\"og:title\" content=\"J\u00e9r\u00f4me Blin Les Ports Complantation zero dosage 2022\" \/>\n<meta property=\"og:description\" content=\"Kaufe J\u00e9r\u00f4me Blin Les Ports Complantation zero dosage 2022 (Wei\u00dfburgunder Cuv\u00e9e, trocken Schaumwein aus Champagne, Frankreich) bei Wein Werte, Ihrem nachhaltigen Onlineshop.\" \/>\n<meta property=\"og:url\" content=\"https:\/\/wein-werte.com\/de\/produkt\/jerome-blin-les-ports-complantation-zero-dosage-2022-750ml\/\" \/>\n<meta property=\"og:site_name\" content=\"Wein Werte\" \/>\n<meta property=\"og:image\" content=\"https:\/\/wein-werte.com\/wp-content\/uploads\/2026\/04\/Jerome-Blin-Les-Ports-Complantation-zero-dosage-2022-750ml.png\" \/>\n\t<meta property=\"og:image:width\" content=\"324\" \/>\n\t<meta property=\"og:image:height\" content=\"1200\" \/>\n\t<meta property=\"og:image:type\" content=\"image\/png\" \/>\n<meta name=\"twitter:card\" content=\"summary_large_image\" \/>\n<meta name=\"twitter:label1\" content=\"Gesch\u00e4tzte Lesezeit\" \/>\n\t<meta name=\"twitter:data1\" content=\"1\u00a0Minute\" \/>\n<script type=\"application\/ld+json\" class=\"yoast-schema-graph\">{\"@context\":\"https:\\\/\\\/schema.org\",\"@graph\":[{\"@type\":\"WebPage\",\"@id\":\"https:\\\/\\\/wein-werte.com\\\/de\\\/produkt\\\/jerome-blin-les-ports-complantation-zero-dosage-2022-750ml\\\/\",\"url\":\"https:\\\/\\\/wein-werte.com\\\/de\\\/produkt\\\/jerome-blin-les-ports-complantation-zero-dosage-2022-750ml\\\/\",\"name\":\"J\u00e9r\u00f4me Blin Les Ports Complantation zero dosage 2022\",\"isPartOf\":{\"@id\":\"https:\\\/\\\/wein-werte.com\\\/de\\\/#website\"},\"primaryImageOfPage\":{\"@id\":\"https:\\\/\\\/wein-werte.com\\\/de\\\/produkt\\\/jerome-blin-les-ports-complantation-zero-dosage-2022-750ml\\\/#primaryimage\"},\"image\":{\"@id\":\"https:\\\/\\\/wein-werte.com\\\/de\\\/produkt\\\/jerome-blin-les-ports-complantation-zero-dosage-2022-750ml\\\/#primaryimage\"},\"thumbnailUrl\":\"https:\\\/\\\/wein-werte.com\\\/wp-content\\\/uploads\\\/2026\\\/04\\\/Jerome-Blin-Les-Ports-Complantation-zero-dosage-2022-750ml.png\",\"datePublished\":\"2026-05-08T18:04:00+00:00\",\"description\":\"Kaufe J\u00e9r\u00f4me Blin Les Ports Complantation zero dosage 2022 (Wei\u00dfburgunder Cuv\u00e9e, trocken Schaumwein aus Champagne, Frankreich) bei Wein Werte, Ihrem nachhaltigen Onlineshop.\",\"breadcrumb\":{\"@id\":\"https:\\\/\\\/wein-werte.com\\\/de\\\/produkt\\\/jerome-blin-les-ports-complantation-zero-dosage-2022-750ml\\\/#breadcrumb\"},\"inLanguage\":\"de\",\"potentialAction\":[{\"@type\":\"ReadAction\",\"target\":[\"https:\\\/\\\/wein-werte.com\\\/de\\\/produkt\\\/jerome-blin-les-ports-complantation-zero-dosage-2022-750ml\\\/\"]}]},{\"@type\":\"ImageObject\",\"inLanguage\":\"de\",\"@id\":\"https:\\\/\\\/wein-werte.com\\\/de\\\/produkt\\\/jerome-blin-les-ports-complantation-zero-dosage-2022-750ml\\\/#primaryimage\",\"url\":\"https:\\\/\\\/wein-werte.com\\\/wp-content\\\/uploads\\\/2026\\\/04\\\/Jerome-Blin-Les-Ports-Complantation-zero-dosage-2022-750ml.png\",\"contentUrl\":\"https:\\\/\\\/wein-werte.com\\\/wp-content\\\/uploads\\\/2026\\\/04\\\/Jerome-Blin-Les-Ports-Complantation-zero-dosage-2022-750ml.png\",\"width\":324,\"height\":1200,\"caption\":\"J\u00e9r\u00f4me Blin Les Ports Complantation, zero dosage 2022 750ml\"},{\"@type\":\"BreadcrumbList\",\"@id\":\"https:\\\/\\\/wein-werte.com\\\/de\\\/produkt\\\/jerome-blin-les-ports-complantation-zero-dosage-2022-750ml\\\/#breadcrumb\",\"itemListElement\":[{\"@type\":\"ListItem\",\"position\":1,\"name\":\"Home\",\"item\":\"https:\\\/\\\/wein-werte.com\\\/de\\\/\"},{\"@type\":\"ListItem\",\"position\":2,\"name\":\"Shop\",\"item\":\"https:\\\/\\\/wein-werte.com\\\/de\\\/shop\\\/\"},{\"@type\":\"ListItem\",\"position\":3,\"name\":\"J\u00e9r\u00f4me Blin | Champagne | Les Ports Complantation, zero dosage | 2022 | 750ml | bio\"}]},{\"@type\":\"WebSite\",\"@id\":\"https:\\\/\\\/wein-werte.com\\\/de\\\/#website\",\"url\":\"https:\\\/\\\/wein-werte.com\\\/de\\\/\",\"name\":\"Wein Werte\",\"description\":\"\",\"publisher\":{\"@id\":\"https:\\\/\\\/wein-werte.com\\\/de\\\/#organization\"},\"potentialAction\":[{\"@type\":\"SearchAction\",\"target\":{\"@type\":\"EntryPoint\",\"urlTemplate\":\"https:\\\/\\\/wein-werte.com\\\/de\\\/?s={search_term_string}\"},\"query-input\":{\"@type\":\"PropertyValueSpecification\",\"valueRequired\":true,\"valueName\":\"search_term_string\"}}],\"inLanguage\":\"de\"},{\"@type\":\"Organization\",\"@id\":\"https:\\\/\\\/wein-werte.com\\\/de\\\/#organization\",\"name\":\"Vins Fins Thorrold\",\"url\":\"https:\\\/\\\/wein-werte.com\\\/de\\\/\",\"logo\":{\"@type\":\"ImageObject\",\"inLanguage\":\"de\",\"@id\":\"https:\\\/\\\/wein-werte.com\\\/de\\\/#\\\/schema\\\/logo\\\/image\\\/\",\"url\":\"https:\\\/\\\/wein-werte.com\\\/wp-content\\\/uploads\\\/2023\\\/07\\\/Wein_werte_Logo700-1.png\",\"contentUrl\":\"https:\\\/\\\/wein-werte.com\\\/wp-content\\\/uploads\\\/2023\\\/07\\\/Wein_werte_Logo700-1.png\",\"width\":700,\"height\":272,\"caption\":\"Vins Fins Thorrold\"},\"image\":{\"@id\":\"https:\\\/\\\/wein-werte.com\\\/de\\\/#\\\/schema\\\/logo\\\/image\\\/\"}}]}<\/script>\n<!-- \/ Yoast SEO plugin. -->","yoast_head_json":{"title":"J\u00e9r\u00f4me Blin Les Ports Complantation zero dosage 2022","description":"Kaufe J\u00e9r\u00f4me Blin Les Ports Complantation zero dosage 2022 (Wei\u00dfburgunder Cuv\u00e9e, trocken Schaumwein aus Champagne, Frankreich) bei Wein Werte, Ihrem nachhaltigen Onlineshop.","robots":{"index":"index","follow":"follow","max-snippet":"max-snippet:-1","max-image-preview":"max-image-preview:large","max-video-preview":"max-video-preview:-1"},"canonical":"https:\/\/wein-werte.com\/de\/produkt\/jerome-blin-les-ports-complantation-zero-dosage-2022-750ml\/","og_locale":"de_DE","og_type":"article","og_title":"J\u00e9r\u00f4me Blin Les Ports Complantation zero dosage 2022","og_description":"Kaufe J\u00e9r\u00f4me Blin Les Ports Complantation zero dosage 2022 (Wei\u00dfburgunder Cuv\u00e9e, trocken Schaumwein aus Champagne, Frankreich) bei Wein Werte, Ihrem nachhaltigen Onlineshop.","og_url":"https:\/\/wein-werte.com\/de\/produkt\/jerome-blin-les-ports-complantation-zero-dosage-2022-750ml\/","og_site_name":"Wein Werte","og_image":[{"width":324,"height":1200,"url":"https:\/\/wein-werte.com\/wp-content\/uploads\/2026\/04\/Jerome-Blin-Les-Ports-Complantation-zero-dosage-2022-750ml.png","type":"image\/png"}],"twitter_card":"summary_large_image","twitter_misc":{"Gesch\u00e4tzte Lesezeit":"1\u00a0Minute"},"schema":{"@context":"https:\/\/schema.org","@graph":[{"@type":"WebPage","@id":"https:\/\/wein-werte.com\/de\/produkt\/jerome-blin-les-ports-complantation-zero-dosage-2022-750ml\/","url":"https:\/\/wein-werte.com\/de\/produkt\/jerome-blin-les-ports-complantation-zero-dosage-2022-750ml\/","name":"J\u00e9r\u00f4me Blin Les Ports Complantation zero dosage 2022","isPartOf":{"@id":"https:\/\/wein-werte.com\/de\/#website"},"primaryImageOfPage":{"@id":"https:\/\/wein-werte.com\/de\/produkt\/jerome-blin-les-ports-complantation-zero-dosage-2022-750ml\/#primaryimage"},"image":{"@id":"https:\/\/wein-werte.com\/de\/produkt\/jerome-blin-les-ports-complantation-zero-dosage-2022-750ml\/#primaryimage"},"thumbnailUrl":"https:\/\/wein-werte.com\/wp-content\/uploads\/2026\/04\/Jerome-Blin-Les-Ports-Complantation-zero-dosage-2022-750ml.png","datePublished":"2026-05-08T18:04:00+00:00","description":"Kaufe J\u00e9r\u00f4me Blin Les Ports Complantation zero dosage 2022 (Wei\u00dfburgunder Cuv\u00e9e, trocken Schaumwein aus Champagne, Frankreich) bei Wein Werte, Ihrem nachhaltigen Onlineshop.","breadcrumb":{"@id":"https:\/\/wein-werte.com\/de\/produkt\/jerome-blin-les-ports-complantation-zero-dosage-2022-750ml\/#breadcrumb"},"inLanguage":"de","potentialAction":[{"@type":"ReadAction","target":["https:\/\/wein-werte.com\/de\/produkt\/jerome-blin-les-ports-complantation-zero-dosage-2022-750ml\/"]}]},{"@type":"ImageObject","inLanguage":"de","@id":"https:\/\/wein-werte.com\/de\/produkt\/jerome-blin-les-ports-complantation-zero-dosage-2022-750ml\/#primaryimage","url":"https:\/\/wein-werte.com\/wp-content\/uploads\/2026\/04\/Jerome-Blin-Les-Ports-Complantation-zero-dosage-2022-750ml.png","contentUrl":"https:\/\/wein-werte.com\/wp-content\/uploads\/2026\/04\/Jerome-Blin-Les-Ports-Complantation-zero-dosage-2022-750ml.png","width":324,"height":1200,"caption":"J\u00e9r\u00f4me Blin Les Ports Complantation, zero dosage 2022 750ml"},{"@type":"BreadcrumbList","@id":"https:\/\/wein-werte.com\/de\/produkt\/jerome-blin-les-ports-complantation-zero-dosage-2022-750ml\/#breadcrumb","itemListElement":[{"@type":"ListItem","position":1,"name":"Home","item":"https:\/\/wein-werte.com\/de\/"},{"@type":"ListItem","position":2,"name":"Shop","item":"https:\/\/wein-werte.com\/de\/shop\/"},{"@type":"ListItem","position":3,"name":"J\u00e9r\u00f4me Blin | Champagne | Les Ports Complantation, zero dosage | 2022 | 750ml | bio"}]},{"@type":"WebSite","@id":"https:\/\/wein-werte.com\/de\/#website","url":"https:\/\/wein-werte.com\/de\/","name":"Wein Werte","description":"","publisher":{"@id":"https:\/\/wein-werte.com\/de\/#organization"},"potentialAction":[{"@type":"SearchAction","target":{"@type":"EntryPoint","urlTemplate":"https:\/\/wein-werte.com\/de\/?s={search_term_string}"},"query-input":{"@type":"PropertyValueSpecification","valueRequired":true,"valueName":"search_term_string"}}],"inLanguage":"de"},{"@type":"Organization","@id":"https:\/\/wein-werte.com\/de\/#organization","name":"Vins Fins Thorrold","url":"https:\/\/wein-werte.com\/de\/","logo":{"@type":"ImageObject","inLanguage":"de","@id":"https:\/\/wein-werte.com\/de\/#\/schema\/logo\/image\/","url":"https:\/\/wein-werte.com\/wp-content\/uploads\/2023\/07\/Wein_werte_Logo700-1.png","contentUrl":"https:\/\/wein-werte.com\/wp-content\/uploads\/2023\/07\/Wein_werte_Logo700-1.png","width":700,"height":272,"caption":"Vins Fins Thorrold"},"image":{"@id":"https:\/\/wein-werte.com\/de\/#\/schema\/logo\/image\/"}}]}},"_links":{"self":[{"href":"https:\/\/wein-werte.com\/de\/wp-json\/wp\/v2\/product\/1132482","targetHints":{"allow":["GET"]}}],"collection":[{"href":"https:\/\/wein-werte.com\/de\/wp-json\/wp\/v2\/product"}],"about":[{"href":"https:\/\/wein-werte.com\/de\/wp-json\/wp\/v2\/types\/product"}],"wp:featuredmedia":[{"embeddable":true,"href":"https:\/\/wein-werte.com\/de\/wp-json\/wp\/v2\/media\/1143134"}],"wp:attachment":[{"href":"https:\/\/wein-werte.com\/de\/wp-json\/wp\/v2\/media?parent=1132482"}],"wp:term":[{"taxonomy":"product_brand","embeddable":true,"href":"https:\/\/wein-werte.com\/de\/wp-json\/wp\/v2\/product_brand?post=1132482"},{"taxonomy":"product_cat","embeddable":true,"href":"https:\/\/wein-werte.com\/de\/wp-json\/wp\/v2\/product_cat?post=1132482"},{"taxonomy":"product_tag","embeddable":true,"href":"https:\/\/wein-werte.com\/de\/wp-json\/wp\/v2\/product_tag?post=1132482"}],"curies":[{"name":"wp","href":"https:\/\/api.w.org\/{rel}","templated":true}]}}