{"id":1132410,"date":"2026-05-12T15:50:08","date_gmt":"2026-05-12T13:50:08","guid":{"rendered":"https:\/\/wein-werte.com\/product\/barrat-masson-les-volies-brut-nature-2017-750ml\/"},"modified":"2026-05-12T19:57:19","modified_gmt":"2026-05-12T17:57:19","slug":"barrat-masson-les-volies-brut-nature-2017-750ml","status":"publish","type":"product","link":"https:\/\/wein-werte.com\/de\/produkt\/barrat-masson-les-volies-brut-nature-2017-750ml\/","title":{"rendered":"Barrat-Masson | Champagne | Les Volies, Brut Nature | 2017 | 750ml | bio"},"content":{"rendered":"<p>Produktbeschreibung f\u00fcr Barrat-Masson Les Volies, Brut Nature 2017 (bio) <\/p>\n<h5>Information zum Wein<\/h5>\n<p> Der Chardonnay dieser Cuv\u00e9e stammt von Kreideb\u00f6den (80 %) mit Lehmauflage, der Pinot Noir von lehmigeren B\u00f6den mit Kalk- und Kreideunterlage. Der Ertrag lag bei 60 hl\/ha. Die Weinreben sind rund 40 Jahre alt und wurden 2012 nach ECOCERT zertifiziert. F\u00fcr den Grundwein wurde 100 % der C\u0153ur de Cuv\u00e9e genutzt. Nach dem nat\u00fcrlichen Absetzen wurde der Saft zu 100 % in Demi-Muids von 600 Litern vergoren und neun Monate dort ausgebaut. F\u00fcr den Champagner wurden 50 % Chardonnay und 50 % Pinot Noir genutzt. Rund 75 % stammen aus 2018 und 25 % aus 2017. Auf der Flasche reifte der Wein f\u00fcr 36 Monate. Es gab keine Dosage. Der Champagner wurde von Hand degorgiert. <\/p>\n<h5>Farbe<\/h5>\n<p> helles Goldgelb mit entspannter Perlage <\/p>\n<h5>Nase<\/h5>\n<p> Wie das Etikett schon andeutet, handelt es sich hier um einen Champagner, dessen Grundwein komplett im Holz ausgebaut wurde. Das Holz sollte nat\u00fcrlich nicht dominieren, aber pr\u00e4sent sein. So ist es auch beim Les Volies, dessen Frucht von Aprikosen, Pfirsichen, gelben \u00c4pfeln und reifen Cedrat-Zitronen von ein wenig Holz, N\u00fcssen und Marzipan gerahmt wird. <\/p>\n<h5>Gaumen<\/h5>\n<p> Am Gaumen sorgen die Frucht wie auch der Ausbau und das 36-monatige Hefelager f\u00fcr Eleganz, Finesse und Komplexit\u00e4t. Der Les Volies ist ein tiefer und kraftvoller Champagner, der gerade erst am Anfang seiner Entwicklung steht. Er verbindet auch am Gaumen vor allem Steinobst mit zitrisch frischen Noten und Marzipan, leicht ger\u00f6steten N\u00fcssen und einem Holz, das sich nie in den Vordergrund mogelt und trotzdem als Komponente des Gesamtwerks pr\u00e4sent ist. Das wirkt jetzt schon stimmig, aber man sollte verfolgen, wie sich dieser Champagner weiterentwickelt.<\/p>\n<p>Copyright Vinaturel 2025<\/p>\n<p>Keywords: <a href=\"https:\/\/wein-werte.com\/de\/shop\/?swoof=1&#038;pa_producer=Barrat-Masson\">Barrat-Masson<\/a> <a href=\"https:\/\/wein-werte.com\/de\/shop\/?swoof=1&#038;woof_text=Les Volies, Brut Nature\">Les Volies, Brut Nature<\/a> 2017 bio <a href=\"https:\/\/wein-werte.com\/de\/shop\/?swoof=1&#038;pa_region=Champagne\">Champagne<\/a> <a href=\"https:\/\/wein-werte.com\/de\/shop\/?swoof=1&#038;pa_country=Frankreich\">Frankreich<\/a><\/p>\n<p>Internetseite des Weinguts: <a href=\"https:\/\/champagne-barrat-masson.com\/\" target=\"_blank\">https:\/\/champagne-barrat-masson.com\/<\/a><\/p>\n","protected":false},"excerpt":{"rendered":"<div style=\"font-size: 14px;\">\n<p>Lieferzeit: 1 bis 2 Arbeitstage (DE), 2 bis 5 Arbeitstage (EU und CH)<\/p>\n<p>Ungef\u00e4hrer Energiegehalt pro 125-ml-Glas: 105 kcal<\/p>\n<\/p><\/div>\n","protected":false},"featured_media":1143076,"template":"","meta":[],"product_brand":[],"product_cat":[19],"product_tag":[],"class_list":{"0":"post-1132410","1":"product","2":"type-product","3":"status-publish","4":"has-post-thumbnail","6":"product_cat-unkategorisiert","7":"pa_alcohol-for-filter-12-5","8":"pa_certified-biodynamic-nein-de","9":"pa_certified-organic-ja-de","10":"pa_colour-weiss","11":"pa_country-frankreich","12":"pa_grape-chardonnay-cuvee","13":"pa_price-for-filter-10604","14":"pa_producer-barrat-masson","15":"pa_region-champagne","16":"pa_size-ml-6584","17":"pa_sweetness-trocken-de","18":"pa_type-2-champagner","19":"pa_vintage-2017-de","20":"entry","21":"has-media","23":"first","24":"instock","25":"taxable","26":"shipping-taxable","27":"purchasable","28":"product-type-simple"},"yoast_head":"<!-- This site is optimized with the Yoast SEO plugin v27.6 - https:\/\/yoast.com\/product\/yoast-seo-wordpress\/ -->\n<title>Barrat-Masson Les Volies Brut Nature 2017<\/title>\n<meta name=\"description\" content=\"Kaufe Barrat-Masson Les Volies Brut Nature 2017 (Chardonnay Cuv\u00e9e, trocken Schaumwein aus Champagne, Frankreich) bei Wein Werte, Ihrem nachhaltigen Onlineshop.\" \/>\n<meta name=\"robots\" content=\"index, follow, max-snippet:-1, max-image-preview:large, max-video-preview:-1\" \/>\n<link rel=\"canonical\" href=\"https:\/\/wein-werte.com\/de\/produkt\/barrat-masson-les-volies-brut-nature-2017-750ml\/\" \/>\n<meta property=\"og:locale\" content=\"de_DE\" \/>\n<meta property=\"og:type\" content=\"article\" \/>\n<meta property=\"og:title\" content=\"Barrat-Masson Les Volies Brut Nature 2017\" \/>\n<meta property=\"og:description\" content=\"Kaufe Barrat-Masson Les Volies Brut Nature 2017 (Chardonnay Cuv\u00e9e, trocken Schaumwein aus Champagne, Frankreich) bei Wein Werte, Ihrem nachhaltigen Onlineshop.\" \/>\n<meta property=\"og:url\" content=\"https:\/\/wein-werte.com\/de\/produkt\/barrat-masson-les-volies-brut-nature-2017-750ml\/\" \/>\n<meta property=\"og:site_name\" content=\"Wein Werte\" \/>\n<meta property=\"article:modified_time\" content=\"2026-05-12T17:57:19+00:00\" \/>\n<meta property=\"og:image\" content=\"https:\/\/wein-werte.com\/wp-content\/uploads\/2026\/04\/Barrat-Masson-Les-Volies-Brut-Nature-2017-750ml.png\" \/>\n\t<meta property=\"og:image:width\" content=\"326\" \/>\n\t<meta property=\"og:image:height\" content=\"1200\" \/>\n\t<meta property=\"og:image:type\" content=\"image\/png\" \/>\n<meta name=\"twitter:card\" content=\"summary_large_image\" \/>\n<meta name=\"twitter:label1\" content=\"Gesch\u00e4tzte Lesezeit\" \/>\n\t<meta name=\"twitter:data1\" content=\"1\u00a0Minute\" \/>\n<script type=\"application\/ld+json\" class=\"yoast-schema-graph\">{\"@context\":\"https:\\\/\\\/schema.org\",\"@graph\":[{\"@type\":\"WebPage\",\"@id\":\"https:\\\/\\\/wein-werte.com\\\/de\\\/produkt\\\/barrat-masson-les-volies-brut-nature-2017-750ml\\\/\",\"url\":\"https:\\\/\\\/wein-werte.com\\\/de\\\/produkt\\\/barrat-masson-les-volies-brut-nature-2017-750ml\\\/\",\"name\":\"Barrat-Masson Les Volies Brut Nature 2017\",\"isPartOf\":{\"@id\":\"https:\\\/\\\/wein-werte.com\\\/de\\\/#website\"},\"primaryImageOfPage\":{\"@id\":\"https:\\\/\\\/wein-werte.com\\\/de\\\/produkt\\\/barrat-masson-les-volies-brut-nature-2017-750ml\\\/#primaryimage\"},\"image\":{\"@id\":\"https:\\\/\\\/wein-werte.com\\\/de\\\/produkt\\\/barrat-masson-les-volies-brut-nature-2017-750ml\\\/#primaryimage\"},\"thumbnailUrl\":\"https:\\\/\\\/wein-werte.com\\\/wp-content\\\/uploads\\\/2026\\\/04\\\/Barrat-Masson-Les-Volies-Brut-Nature-2017-750ml.png\",\"datePublished\":\"2026-05-12T13:50:08+00:00\",\"dateModified\":\"2026-05-12T17:57:19+00:00\",\"description\":\"Kaufe Barrat-Masson Les Volies Brut Nature 2017 (Chardonnay Cuv\u00e9e, trocken Schaumwein aus Champagne, Frankreich) bei Wein Werte, Ihrem nachhaltigen Onlineshop.\",\"breadcrumb\":{\"@id\":\"https:\\\/\\\/wein-werte.com\\\/de\\\/produkt\\\/barrat-masson-les-volies-brut-nature-2017-750ml\\\/#breadcrumb\"},\"inLanguage\":\"de\",\"potentialAction\":[{\"@type\":\"ReadAction\",\"target\":[\"https:\\\/\\\/wein-werte.com\\\/de\\\/produkt\\\/barrat-masson-les-volies-brut-nature-2017-750ml\\\/\"]}]},{\"@type\":\"ImageObject\",\"inLanguage\":\"de\",\"@id\":\"https:\\\/\\\/wein-werte.com\\\/de\\\/produkt\\\/barrat-masson-les-volies-brut-nature-2017-750ml\\\/#primaryimage\",\"url\":\"https:\\\/\\\/wein-werte.com\\\/wp-content\\\/uploads\\\/2026\\\/04\\\/Barrat-Masson-Les-Volies-Brut-Nature-2017-750ml.png\",\"contentUrl\":\"https:\\\/\\\/wein-werte.com\\\/wp-content\\\/uploads\\\/2026\\\/04\\\/Barrat-Masson-Les-Volies-Brut-Nature-2017-750ml.png\",\"width\":326,\"height\":1200,\"caption\":\"Barrat-Masson Les Volies, Brut Nature 2017 750ml\"},{\"@type\":\"BreadcrumbList\",\"@id\":\"https:\\\/\\\/wein-werte.com\\\/de\\\/produkt\\\/barrat-masson-les-volies-brut-nature-2017-750ml\\\/#breadcrumb\",\"itemListElement\":[{\"@type\":\"ListItem\",\"position\":1,\"name\":\"Home\",\"item\":\"https:\\\/\\\/wein-werte.com\\\/de\\\/\"},{\"@type\":\"ListItem\",\"position\":2,\"name\":\"Shop\",\"item\":\"https:\\\/\\\/wein-werte.com\\\/de\\\/shop\\\/\"},{\"@type\":\"ListItem\",\"position\":3,\"name\":\"Barrat-Masson | Champagne | Les Volies, Brut Nature | 2017 | 750ml | bio\"}]},{\"@type\":\"WebSite\",\"@id\":\"https:\\\/\\\/wein-werte.com\\\/de\\\/#website\",\"url\":\"https:\\\/\\\/wein-werte.com\\\/de\\\/\",\"name\":\"Wein Werte\",\"description\":\"\",\"publisher\":{\"@id\":\"https:\\\/\\\/wein-werte.com\\\/de\\\/#organization\"},\"potentialAction\":[{\"@type\":\"SearchAction\",\"target\":{\"@type\":\"EntryPoint\",\"urlTemplate\":\"https:\\\/\\\/wein-werte.com\\\/de\\\/?s={search_term_string}\"},\"query-input\":{\"@type\":\"PropertyValueSpecification\",\"valueRequired\":true,\"valueName\":\"search_term_string\"}}],\"inLanguage\":\"de\"},{\"@type\":\"Organization\",\"@id\":\"https:\\\/\\\/wein-werte.com\\\/de\\\/#organization\",\"name\":\"Vins Fins Thorrold\",\"url\":\"https:\\\/\\\/wein-werte.com\\\/de\\\/\",\"logo\":{\"@type\":\"ImageObject\",\"inLanguage\":\"de\",\"@id\":\"https:\\\/\\\/wein-werte.com\\\/de\\\/#\\\/schema\\\/logo\\\/image\\\/\",\"url\":\"https:\\\/\\\/wein-werte.com\\\/wp-content\\\/uploads\\\/2023\\\/07\\\/Wein_werte_Logo700-1.png\",\"contentUrl\":\"https:\\\/\\\/wein-werte.com\\\/wp-content\\\/uploads\\\/2023\\\/07\\\/Wein_werte_Logo700-1.png\",\"width\":700,\"height\":272,\"caption\":\"Vins Fins Thorrold\"},\"image\":{\"@id\":\"https:\\\/\\\/wein-werte.com\\\/de\\\/#\\\/schema\\\/logo\\\/image\\\/\"}}]}<\/script>\n<!-- \/ Yoast SEO plugin. -->","yoast_head_json":{"title":"Barrat-Masson Les Volies Brut Nature 2017","description":"Kaufe Barrat-Masson Les Volies Brut Nature 2017 (Chardonnay Cuv\u00e9e, trocken Schaumwein aus Champagne, Frankreich) bei Wein Werte, Ihrem nachhaltigen Onlineshop.","robots":{"index":"index","follow":"follow","max-snippet":"max-snippet:-1","max-image-preview":"max-image-preview:large","max-video-preview":"max-video-preview:-1"},"canonical":"https:\/\/wein-werte.com\/de\/produkt\/barrat-masson-les-volies-brut-nature-2017-750ml\/","og_locale":"de_DE","og_type":"article","og_title":"Barrat-Masson Les Volies Brut Nature 2017","og_description":"Kaufe Barrat-Masson Les Volies Brut Nature 2017 (Chardonnay Cuv\u00e9e, trocken Schaumwein aus Champagne, Frankreich) bei Wein Werte, Ihrem nachhaltigen Onlineshop.","og_url":"https:\/\/wein-werte.com\/de\/produkt\/barrat-masson-les-volies-brut-nature-2017-750ml\/","og_site_name":"Wein Werte","article_modified_time":"2026-05-12T17:57:19+00:00","og_image":[{"width":326,"height":1200,"url":"https:\/\/wein-werte.com\/wp-content\/uploads\/2026\/04\/Barrat-Masson-Les-Volies-Brut-Nature-2017-750ml.png","type":"image\/png"}],"twitter_card":"summary_large_image","twitter_misc":{"Gesch\u00e4tzte Lesezeit":"1\u00a0Minute"},"schema":{"@context":"https:\/\/schema.org","@graph":[{"@type":"WebPage","@id":"https:\/\/wein-werte.com\/de\/produkt\/barrat-masson-les-volies-brut-nature-2017-750ml\/","url":"https:\/\/wein-werte.com\/de\/produkt\/barrat-masson-les-volies-brut-nature-2017-750ml\/","name":"Barrat-Masson Les Volies Brut Nature 2017","isPartOf":{"@id":"https:\/\/wein-werte.com\/de\/#website"},"primaryImageOfPage":{"@id":"https:\/\/wein-werte.com\/de\/produkt\/barrat-masson-les-volies-brut-nature-2017-750ml\/#primaryimage"},"image":{"@id":"https:\/\/wein-werte.com\/de\/produkt\/barrat-masson-les-volies-brut-nature-2017-750ml\/#primaryimage"},"thumbnailUrl":"https:\/\/wein-werte.com\/wp-content\/uploads\/2026\/04\/Barrat-Masson-Les-Volies-Brut-Nature-2017-750ml.png","datePublished":"2026-05-12T13:50:08+00:00","dateModified":"2026-05-12T17:57:19+00:00","description":"Kaufe Barrat-Masson Les Volies Brut Nature 2017 (Chardonnay Cuv\u00e9e, trocken Schaumwein aus Champagne, Frankreich) bei Wein Werte, Ihrem nachhaltigen Onlineshop.","breadcrumb":{"@id":"https:\/\/wein-werte.com\/de\/produkt\/barrat-masson-les-volies-brut-nature-2017-750ml\/#breadcrumb"},"inLanguage":"de","potentialAction":[{"@type":"ReadAction","target":["https:\/\/wein-werte.com\/de\/produkt\/barrat-masson-les-volies-brut-nature-2017-750ml\/"]}]},{"@type":"ImageObject","inLanguage":"de","@id":"https:\/\/wein-werte.com\/de\/produkt\/barrat-masson-les-volies-brut-nature-2017-750ml\/#primaryimage","url":"https:\/\/wein-werte.com\/wp-content\/uploads\/2026\/04\/Barrat-Masson-Les-Volies-Brut-Nature-2017-750ml.png","contentUrl":"https:\/\/wein-werte.com\/wp-content\/uploads\/2026\/04\/Barrat-Masson-Les-Volies-Brut-Nature-2017-750ml.png","width":326,"height":1200,"caption":"Barrat-Masson Les Volies, Brut Nature 2017 750ml"},{"@type":"BreadcrumbList","@id":"https:\/\/wein-werte.com\/de\/produkt\/barrat-masson-les-volies-brut-nature-2017-750ml\/#breadcrumb","itemListElement":[{"@type":"ListItem","position":1,"name":"Home","item":"https:\/\/wein-werte.com\/de\/"},{"@type":"ListItem","position":2,"name":"Shop","item":"https:\/\/wein-werte.com\/de\/shop\/"},{"@type":"ListItem","position":3,"name":"Barrat-Masson | Champagne | Les Volies, Brut Nature | 2017 | 750ml | bio"}]},{"@type":"WebSite","@id":"https:\/\/wein-werte.com\/de\/#website","url":"https:\/\/wein-werte.com\/de\/","name":"Wein Werte","description":"","publisher":{"@id":"https:\/\/wein-werte.com\/de\/#organization"},"potentialAction":[{"@type":"SearchAction","target":{"@type":"EntryPoint","urlTemplate":"https:\/\/wein-werte.com\/de\/?s={search_term_string}"},"query-input":{"@type":"PropertyValueSpecification","valueRequired":true,"valueName":"search_term_string"}}],"inLanguage":"de"},{"@type":"Organization","@id":"https:\/\/wein-werte.com\/de\/#organization","name":"Vins Fins Thorrold","url":"https:\/\/wein-werte.com\/de\/","logo":{"@type":"ImageObject","inLanguage":"de","@id":"https:\/\/wein-werte.com\/de\/#\/schema\/logo\/image\/","url":"https:\/\/wein-werte.com\/wp-content\/uploads\/2023\/07\/Wein_werte_Logo700-1.png","contentUrl":"https:\/\/wein-werte.com\/wp-content\/uploads\/2023\/07\/Wein_werte_Logo700-1.png","width":700,"height":272,"caption":"Vins Fins Thorrold"},"image":{"@id":"https:\/\/wein-werte.com\/de\/#\/schema\/logo\/image\/"}}]}},"_links":{"self":[{"href":"https:\/\/wein-werte.com\/de\/wp-json\/wp\/v2\/product\/1132410","targetHints":{"allow":["GET"]}}],"collection":[{"href":"https:\/\/wein-werte.com\/de\/wp-json\/wp\/v2\/product"}],"about":[{"href":"https:\/\/wein-werte.com\/de\/wp-json\/wp\/v2\/types\/product"}],"wp:featuredmedia":[{"embeddable":true,"href":"https:\/\/wein-werte.com\/de\/wp-json\/wp\/v2\/media\/1143076"}],"wp:attachment":[{"href":"https:\/\/wein-werte.com\/de\/wp-json\/wp\/v2\/media?parent=1132410"}],"wp:term":[{"taxonomy":"product_brand","embeddable":true,"href":"https:\/\/wein-werte.com\/de\/wp-json\/wp\/v2\/product_brand?post=1132410"},{"taxonomy":"product_cat","embeddable":true,"href":"https:\/\/wein-werte.com\/de\/wp-json\/wp\/v2\/product_cat?post=1132410"},{"taxonomy":"product_tag","embeddable":true,"href":"https:\/\/wein-werte.com\/de\/wp-json\/wp\/v2\/product_tag?post=1132410"}],"curies":[{"name":"wp","href":"https:\/\/api.w.org\/{rel}","templated":true}]}}