{"id":1131926,"date":"2026-05-05T18:24:39","date_gmt":"2026-05-05T16:24:39","guid":{"rendered":"https:\/\/wein-werte.com\/product\/weingut-am-klotz-pinot-extra-brut-2021-750ml\/"},"modified":"2026-04-27T11:48:14","modified_gmt":"2026-04-27T09:48:14","slug":"weingut-am-klotz-pinot-extra-brut-2021-750ml","status":"publish","type":"product","link":"https:\/\/wein-werte.com\/de\/produkt\/weingut-am-klotz-pinot-extra-brut-2021-750ml\/","title":{"rendered":"Weingut am Klotz | Baden | Pinot Extra Brut | 2021 | 750ml"},"content":{"rendered":"<p>Produktbeschreibung f\u00fcr Weingut am Klotz Pinot Extra Brut 2021 <\/p>\n<h5>Info zum Schaumwein<\/h5>\n<p>Die Sp\u00e4tburgunder-Trauben wurden fr\u00fch gelesen. Im Zusammenspiel mit den kalkhaltigen B\u00f6den des Isteiner Kirchbergs ergab sich ein Sektgrundwein mit knackig-animierender S\u00e4ure. Die erste G\u00e4rung erfolgte zur H\u00e4lfte im mehrfach belegten Barrique, zur anderen H\u00e4lfte im Edelstahl. Im Juli 2022 erfolgte die Tirage-F\u00fcllung. Nach mindestens 34 Monaten auf der Hefe wurde der Sekt im M\u00e4rz 2025 degorgiert und mit einer geringen Dosage von 2 g\/l versehen.<\/p>\n<h5>Farbe\/ Aussehen<\/h5>\n<p>Strahlendes Goldgelb\/lebendige und breitgestreute P\u00e9rlage.<\/p>\n<h5>Nase<\/h5>\n<p>Der2021er Pinot Extra Brut zeigt sich mit Weinbergs Pfirsich, hellen roten Fr\u00fcchten, nussigen Ankl\u00e4ngen, Baumrinde, edlen Pilzen, deutlich Safran und intensiver mineralischer und kalkiger Pr\u00e4gung, sowie kr\u00e4utriger Anmutung. Er mutet bereits in der Nase komplex und zugleich mineralisch pointiert an.<\/p>\n<h5>Gaumen<\/h5>\n<p>Auf der Zunge gl\u00e4nzt er mit nussiger, hefiger Note, saftiger und charmanter Frucht und belebender Kohlens\u00e4ure, die wunderbar in seinen saftigen Charakter eingebunden ist. Der perfekte Ap\u00e9ritif der mit salziger Note \u00fcberaus bet\u00f6rt und der zu pikanten Leckereien die perfekte Erg\u00e4nzung darstellt. Sehr sch\u00f6ne Erg\u00e4nzung des spannenden Sortiments!<\/p>\n<p>Copyright Vinaturel 2025<\/p>\n<p>Keywords: <a href=\"https:\/\/wein-werte.com\/de\/shop\/?swoof=1&#038;pa_producer=Weingut-am-Klotz\">Weingut am Klotz<\/a> <a href=\"https:\/\/wein-werte.com\/de\/shop\/?swoof=1&#038;woof_text=Pinot Extra Brut\">Pinot Extra Brut<\/a> 2021  <a href=\"https:\/\/wein-werte.com\/de\/shop\/?swoof=1&#038;pa_region=Baden\">Baden<\/a> <a href=\"https:\/\/wein-werte.com\/de\/shop\/?swoof=1&#038;pa_country=Deutschland\">Deutschland<\/a><\/p>\n<p>Internetseite des Weinguts: <a href=\"https:\/\/www.weingut-am-klotz.de\/\" target=\"_blank\">https:\/\/www.weingut-am-klotz.de\/<\/a><\/p>\n","protected":false},"excerpt":{"rendered":"<p>Lieferzeit: 1 bis 2 Arbeitstage (DE), 2 bis 5 Arbeitstage (EU and CH)<\/p>\n","protected":false},"featured_media":1142710,"template":"","meta":[],"product_brand":[],"product_cat":[19],"product_tag":[],"class_list":{"0":"post-1131926","1":"product","2":"type-product","3":"status-publish","4":"has-post-thumbnail","6":"product_cat-unkategorisiert","7":"pa_alcohol-for-filter-12893","8":"pa_certified-biodynamic-nein-de","9":"pa_certified-organic-nein-de","10":"pa_colour-weiss","11":"pa_country-deutschland","12":"pa_grape-pinot-noir-spatburgunder","13":"pa_price-for-filter-10579","14":"pa_producer-weingut-am-klotz","15":"pa_region-baden","16":"pa_size-ml-6584","17":"pa_sweetness-trocken-de","18":"pa_type-2-sekt-de","19":"pa_vintage-2021-de","20":"entry","21":"has-media","23":"first","24":"instock","25":"taxable","26":"shipping-taxable","27":"purchasable","28":"product-type-simple"},"yoast_head":"<!-- This site is optimized with the Yoast SEO plugin v27.5 - https:\/\/yoast.com\/product\/yoast-seo-wordpress\/ -->\n<title>Weingut am Klotz Pinot Extra Brut 2021<\/title>\n<meta name=\"description\" content=\"Kaufe Weingut am Klotz Pinot Extra Brut 2021 (Pinot Noir, trocken Schaumwein aus Baden, Deutschland) bei Wein Werte, Ihrem nachhaltigen Onlineshop.\" \/>\n<meta name=\"robots\" content=\"index, follow, max-snippet:-1, max-image-preview:large, max-video-preview:-1\" \/>\n<link rel=\"canonical\" href=\"https:\/\/wein-werte.com\/de\/produkt\/weingut-am-klotz-pinot-extra-brut-2021-750ml\/\" \/>\n<meta property=\"og:locale\" content=\"de_DE\" \/>\n<meta property=\"og:type\" content=\"article\" \/>\n<meta property=\"og:title\" content=\"Weingut am Klotz Pinot Extra Brut 2021\" \/>\n<meta property=\"og:description\" content=\"Kaufe Weingut am Klotz Pinot Extra Brut 2021 (Pinot Noir, trocken Schaumwein aus Baden, Deutschland) bei Wein Werte, Ihrem nachhaltigen Onlineshop.\" \/>\n<meta property=\"og:url\" content=\"https:\/\/wein-werte.com\/de\/produkt\/weingut-am-klotz-pinot-extra-brut-2021-750ml\/\" \/>\n<meta property=\"og:site_name\" content=\"Wein Werte\" \/>\n<meta property=\"og:image\" content=\"https:\/\/wein-werte.com\/wp-content\/uploads\/2026\/04\/Weingut-am-Klotz-Pinot-Extra-Brut-2021-750ml.png\" \/>\n\t<meta property=\"og:image:width\" content=\"321\" \/>\n\t<meta property=\"og:image:height\" content=\"1200\" \/>\n\t<meta property=\"og:image:type\" content=\"image\/png\" \/>\n<meta name=\"twitter:card\" content=\"summary_large_image\" \/>\n<meta name=\"twitter:label1\" content=\"Gesch\u00e4tzte Lesezeit\" \/>\n\t<meta name=\"twitter:data1\" content=\"1\u00a0Minute\" \/>\n<script type=\"application\/ld+json\" class=\"yoast-schema-graph\">{\"@context\":\"https:\\\/\\\/schema.org\",\"@graph\":[{\"@type\":\"WebPage\",\"@id\":\"https:\\\/\\\/wein-werte.com\\\/de\\\/produkt\\\/weingut-am-klotz-pinot-extra-brut-2021-750ml\\\/\",\"url\":\"https:\\\/\\\/wein-werte.com\\\/de\\\/produkt\\\/weingut-am-klotz-pinot-extra-brut-2021-750ml\\\/\",\"name\":\"Weingut am Klotz Pinot Extra Brut 2021\",\"isPartOf\":{\"@id\":\"https:\\\/\\\/wein-werte.com\\\/de\\\/#website\"},\"primaryImageOfPage\":{\"@id\":\"https:\\\/\\\/wein-werte.com\\\/de\\\/produkt\\\/weingut-am-klotz-pinot-extra-brut-2021-750ml\\\/#primaryimage\"},\"image\":{\"@id\":\"https:\\\/\\\/wein-werte.com\\\/de\\\/produkt\\\/weingut-am-klotz-pinot-extra-brut-2021-750ml\\\/#primaryimage\"},\"thumbnailUrl\":\"https:\\\/\\\/wein-werte.com\\\/wp-content\\\/uploads\\\/2026\\\/04\\\/Weingut-am-Klotz-Pinot-Extra-Brut-2021-750ml.png\",\"datePublished\":\"2026-05-05T16:24:39+00:00\",\"description\":\"Kaufe Weingut am Klotz Pinot Extra Brut 2021 (Pinot Noir, trocken Schaumwein aus Baden, Deutschland) bei Wein Werte, Ihrem nachhaltigen Onlineshop.\",\"breadcrumb\":{\"@id\":\"https:\\\/\\\/wein-werte.com\\\/de\\\/produkt\\\/weingut-am-klotz-pinot-extra-brut-2021-750ml\\\/#breadcrumb\"},\"inLanguage\":\"de\",\"potentialAction\":[{\"@type\":\"ReadAction\",\"target\":[\"https:\\\/\\\/wein-werte.com\\\/de\\\/produkt\\\/weingut-am-klotz-pinot-extra-brut-2021-750ml\\\/\"]}]},{\"@type\":\"ImageObject\",\"inLanguage\":\"de\",\"@id\":\"https:\\\/\\\/wein-werte.com\\\/de\\\/produkt\\\/weingut-am-klotz-pinot-extra-brut-2021-750ml\\\/#primaryimage\",\"url\":\"https:\\\/\\\/wein-werte.com\\\/wp-content\\\/uploads\\\/2026\\\/04\\\/Weingut-am-Klotz-Pinot-Extra-Brut-2021-750ml.png\",\"contentUrl\":\"https:\\\/\\\/wein-werte.com\\\/wp-content\\\/uploads\\\/2026\\\/04\\\/Weingut-am-Klotz-Pinot-Extra-Brut-2021-750ml.png\",\"width\":321,\"height\":1200,\"caption\":\"Weingut am Klotz Pinot Extra Brut 2021 750ml\"},{\"@type\":\"BreadcrumbList\",\"@id\":\"https:\\\/\\\/wein-werte.com\\\/de\\\/produkt\\\/weingut-am-klotz-pinot-extra-brut-2021-750ml\\\/#breadcrumb\",\"itemListElement\":[{\"@type\":\"ListItem\",\"position\":1,\"name\":\"Home\",\"item\":\"https:\\\/\\\/wein-werte.com\\\/de\\\/\"},{\"@type\":\"ListItem\",\"position\":2,\"name\":\"Shop\",\"item\":\"https:\\\/\\\/wein-werte.com\\\/de\\\/shop\\\/\"},{\"@type\":\"ListItem\",\"position\":3,\"name\":\"Weingut am Klotz | Baden | Pinot Extra Brut | 2021 | 750ml\"}]},{\"@type\":\"WebSite\",\"@id\":\"https:\\\/\\\/wein-werte.com\\\/de\\\/#website\",\"url\":\"https:\\\/\\\/wein-werte.com\\\/de\\\/\",\"name\":\"Wein Werte\",\"description\":\"\",\"publisher\":{\"@id\":\"https:\\\/\\\/wein-werte.com\\\/de\\\/#organization\"},\"potentialAction\":[{\"@type\":\"SearchAction\",\"target\":{\"@type\":\"EntryPoint\",\"urlTemplate\":\"https:\\\/\\\/wein-werte.com\\\/de\\\/?s={search_term_string}\"},\"query-input\":{\"@type\":\"PropertyValueSpecification\",\"valueRequired\":true,\"valueName\":\"search_term_string\"}}],\"inLanguage\":\"de\"},{\"@type\":\"Organization\",\"@id\":\"https:\\\/\\\/wein-werte.com\\\/de\\\/#organization\",\"name\":\"Vins Fins Thorrold\",\"url\":\"https:\\\/\\\/wein-werte.com\\\/de\\\/\",\"logo\":{\"@type\":\"ImageObject\",\"inLanguage\":\"de\",\"@id\":\"https:\\\/\\\/wein-werte.com\\\/de\\\/#\\\/schema\\\/logo\\\/image\\\/\",\"url\":\"https:\\\/\\\/wein-werte.com\\\/wp-content\\\/uploads\\\/2023\\\/07\\\/Wein_werte_Logo700-1.png\",\"contentUrl\":\"https:\\\/\\\/wein-werte.com\\\/wp-content\\\/uploads\\\/2023\\\/07\\\/Wein_werte_Logo700-1.png\",\"width\":700,\"height\":272,\"caption\":\"Vins Fins Thorrold\"},\"image\":{\"@id\":\"https:\\\/\\\/wein-werte.com\\\/de\\\/#\\\/schema\\\/logo\\\/image\\\/\"}}]}<\/script>\n<!-- \/ Yoast SEO plugin. -->","yoast_head_json":{"title":"Weingut am Klotz Pinot Extra Brut 2021","description":"Kaufe Weingut am Klotz Pinot Extra Brut 2021 (Pinot Noir, trocken Schaumwein aus Baden, Deutschland) bei Wein Werte, Ihrem nachhaltigen Onlineshop.","robots":{"index":"index","follow":"follow","max-snippet":"max-snippet:-1","max-image-preview":"max-image-preview:large","max-video-preview":"max-video-preview:-1"},"canonical":"https:\/\/wein-werte.com\/de\/produkt\/weingut-am-klotz-pinot-extra-brut-2021-750ml\/","og_locale":"de_DE","og_type":"article","og_title":"Weingut am Klotz Pinot Extra Brut 2021","og_description":"Kaufe Weingut am Klotz Pinot Extra Brut 2021 (Pinot Noir, trocken Schaumwein aus Baden, Deutschland) bei Wein Werte, Ihrem nachhaltigen Onlineshop.","og_url":"https:\/\/wein-werte.com\/de\/produkt\/weingut-am-klotz-pinot-extra-brut-2021-750ml\/","og_site_name":"Wein Werte","og_image":[{"width":321,"height":1200,"url":"https:\/\/wein-werte.com\/wp-content\/uploads\/2026\/04\/Weingut-am-Klotz-Pinot-Extra-Brut-2021-750ml.png","type":"image\/png"}],"twitter_card":"summary_large_image","twitter_misc":{"Gesch\u00e4tzte Lesezeit":"1\u00a0Minute"},"schema":{"@context":"https:\/\/schema.org","@graph":[{"@type":"WebPage","@id":"https:\/\/wein-werte.com\/de\/produkt\/weingut-am-klotz-pinot-extra-brut-2021-750ml\/","url":"https:\/\/wein-werte.com\/de\/produkt\/weingut-am-klotz-pinot-extra-brut-2021-750ml\/","name":"Weingut am Klotz Pinot Extra Brut 2021","isPartOf":{"@id":"https:\/\/wein-werte.com\/de\/#website"},"primaryImageOfPage":{"@id":"https:\/\/wein-werte.com\/de\/produkt\/weingut-am-klotz-pinot-extra-brut-2021-750ml\/#primaryimage"},"image":{"@id":"https:\/\/wein-werte.com\/de\/produkt\/weingut-am-klotz-pinot-extra-brut-2021-750ml\/#primaryimage"},"thumbnailUrl":"https:\/\/wein-werte.com\/wp-content\/uploads\/2026\/04\/Weingut-am-Klotz-Pinot-Extra-Brut-2021-750ml.png","datePublished":"2026-05-05T16:24:39+00:00","description":"Kaufe Weingut am Klotz Pinot Extra Brut 2021 (Pinot Noir, trocken Schaumwein aus Baden, Deutschland) bei Wein Werte, Ihrem nachhaltigen Onlineshop.","breadcrumb":{"@id":"https:\/\/wein-werte.com\/de\/produkt\/weingut-am-klotz-pinot-extra-brut-2021-750ml\/#breadcrumb"},"inLanguage":"de","potentialAction":[{"@type":"ReadAction","target":["https:\/\/wein-werte.com\/de\/produkt\/weingut-am-klotz-pinot-extra-brut-2021-750ml\/"]}]},{"@type":"ImageObject","inLanguage":"de","@id":"https:\/\/wein-werte.com\/de\/produkt\/weingut-am-klotz-pinot-extra-brut-2021-750ml\/#primaryimage","url":"https:\/\/wein-werte.com\/wp-content\/uploads\/2026\/04\/Weingut-am-Klotz-Pinot-Extra-Brut-2021-750ml.png","contentUrl":"https:\/\/wein-werte.com\/wp-content\/uploads\/2026\/04\/Weingut-am-Klotz-Pinot-Extra-Brut-2021-750ml.png","width":321,"height":1200,"caption":"Weingut am Klotz Pinot Extra Brut 2021 750ml"},{"@type":"BreadcrumbList","@id":"https:\/\/wein-werte.com\/de\/produkt\/weingut-am-klotz-pinot-extra-brut-2021-750ml\/#breadcrumb","itemListElement":[{"@type":"ListItem","position":1,"name":"Home","item":"https:\/\/wein-werte.com\/de\/"},{"@type":"ListItem","position":2,"name":"Shop","item":"https:\/\/wein-werte.com\/de\/shop\/"},{"@type":"ListItem","position":3,"name":"Weingut am Klotz | Baden | Pinot Extra Brut | 2021 | 750ml"}]},{"@type":"WebSite","@id":"https:\/\/wein-werte.com\/de\/#website","url":"https:\/\/wein-werte.com\/de\/","name":"Wein Werte","description":"","publisher":{"@id":"https:\/\/wein-werte.com\/de\/#organization"},"potentialAction":[{"@type":"SearchAction","target":{"@type":"EntryPoint","urlTemplate":"https:\/\/wein-werte.com\/de\/?s={search_term_string}"},"query-input":{"@type":"PropertyValueSpecification","valueRequired":true,"valueName":"search_term_string"}}],"inLanguage":"de"},{"@type":"Organization","@id":"https:\/\/wein-werte.com\/de\/#organization","name":"Vins Fins Thorrold","url":"https:\/\/wein-werte.com\/de\/","logo":{"@type":"ImageObject","inLanguage":"de","@id":"https:\/\/wein-werte.com\/de\/#\/schema\/logo\/image\/","url":"https:\/\/wein-werte.com\/wp-content\/uploads\/2023\/07\/Wein_werte_Logo700-1.png","contentUrl":"https:\/\/wein-werte.com\/wp-content\/uploads\/2023\/07\/Wein_werte_Logo700-1.png","width":700,"height":272,"caption":"Vins Fins Thorrold"},"image":{"@id":"https:\/\/wein-werte.com\/de\/#\/schema\/logo\/image\/"}}]}},"_links":{"self":[{"href":"https:\/\/wein-werte.com\/de\/wp-json\/wp\/v2\/product\/1131926","targetHints":{"allow":["GET"]}}],"collection":[{"href":"https:\/\/wein-werte.com\/de\/wp-json\/wp\/v2\/product"}],"about":[{"href":"https:\/\/wein-werte.com\/de\/wp-json\/wp\/v2\/types\/product"}],"wp:featuredmedia":[{"embeddable":true,"href":"https:\/\/wein-werte.com\/de\/wp-json\/wp\/v2\/media\/1142710"}],"wp:attachment":[{"href":"https:\/\/wein-werte.com\/de\/wp-json\/wp\/v2\/media?parent=1131926"}],"wp:term":[{"taxonomy":"product_brand","embeddable":true,"href":"https:\/\/wein-werte.com\/de\/wp-json\/wp\/v2\/product_brand?post=1131926"},{"taxonomy":"product_cat","embeddable":true,"href":"https:\/\/wein-werte.com\/de\/wp-json\/wp\/v2\/product_cat?post=1131926"},{"taxonomy":"product_tag","embeddable":true,"href":"https:\/\/wein-werte.com\/de\/wp-json\/wp\/v2\/product_tag?post=1131926"}],"curies":[{"name":"wp","href":"https:\/\/api.w.org\/{rel}","templated":true}]}}