{"id":1131921,"date":"2026-05-12T15:48:56","date_gmt":"2026-05-12T13:48:56","guid":{"rendered":"https:\/\/wein-werte.com\/product\/weingut-am-klotz-weissburgunder-und-chardonnay-kalk-und-loss-2023-750ml\/"},"modified":"2026-05-12T19:57:00","modified_gmt":"2026-05-12T17:57:00","slug":"weingut-am-klotz-weissburgunder-und-chardonnay-kalk-und-loss-2023-750ml","status":"publish","type":"product","link":"https:\/\/wein-werte.com\/de\/produkt\/weingut-am-klotz-weissburgunder-und-chardonnay-kalk-und-loss-2023-750ml\/","title":{"rendered":"Weingut am Klotz | Baden | Weissburgunder &#038; Chardonnay Kalk und L\u00f6ss | 2023 | 750ml"},"content":{"rendered":"<p>Produktbeschreibung f\u00fcr Weingut am Klotz Weissburgunder &#038; Chardonnay Kalk und L\u00f6ss 2023  <\/p>\n<h5>Farbe<\/h5>\n<p> Leuchtendes Strohgelb mit hellen und leicht gr\u00fcnen Reflexen <\/p>\n<h5>Nase<\/h5>\n<p> In der Nase zeigt er sich enorm ansprechend. Er duftet fruchtig bis kr\u00e4utrig. Brennnessel und Salbei sind dabei dominant. Dies wird von gr\u00fcner Mango, gegrillter Ananas und Papaya flankiert. Kaffir-Limettenbl\u00e4tter sowie der Abrieb von Bergamotte setzen frische bis herbe Akzente. Sternanis und Nelke verleihen ihm eine zarte W\u00fcrze. Dezent hefige Nuancen lassen an Brioche mit Salzbutter denken. <\/p>\n<h5>Gaumen<\/h5>\n<p> Hinter dem Weingut am Klotz steht auch das Weingut Franz Keller. Er zeigt sich von Haptik gepr\u00e4gt und wirkt sehr gut strukturiert. Seine dichte Struktur und die sehr angenehme Phenolik legen sich vor die Frucht. Die gelben Aromen der Fr\u00fcchte sind zwar satt und deutlich, zeigen sich aber viel leiser und heller als in der Nase. Dahinter verbergen sich steinige und mineralische Komponenten, die ihn nahezu salzig wirken lassen. Das zeigt sich fort und bindet die w\u00fcrzigen Aromen sowie die Kr\u00e4uterbrise im Hintergrund an sich. Enorm animierend und gut zu trinken. Weit entfernt von Beh\u00e4bigkeit, sondern ganz weit vorne im nationalen Vergleich. <\/p>\n<p>Copyright Vinaturel 2025<\/p>\n<p>Keywords: <a href=\"https:\/\/wein-werte.com\/de\/shop\/?swoof=1&#038;pa_producer=Weingut-am-Klotz\">Weingut am Klotz<\/a> <a href=\"https:\/\/wein-werte.com\/de\/shop\/?swoof=1&#038;woof_text=Weissburgunder &#038; Chardonnay Kalk und L\u00f6ss\">Weissburgunder &#038; Chardonnay Kalk und L\u00f6ss<\/a> 2023  <a href=\"https:\/\/wein-werte.com\/de\/shop\/?swoof=1&#038;pa_region=Baden\">Baden<\/a> <a href=\"https:\/\/wein-werte.com\/de\/shop\/?swoof=1&#038;pa_country=Deutschland\">Deutschland<\/a><\/p>\n<p>Internetseite des Weinguts: <a href=\"https:\/\/www.weingut-am-klotz.de\/\" target=\"_blank\">https:\/\/www.weingut-am-klotz.de\/<\/a><\/p>\n","protected":false},"excerpt":{"rendered":"<div style=\"font-size: 14px;\">\n<p>Lieferzeit: 1 bis 2 Arbeitstage (DE), 2 bis 5 Arbeitstage (EU und CH)<\/p>\n<p>Ungef\u00e4hrer Energiegehalt pro 125-ml-Glas: 105 kcal<\/p>\n<\/p><\/div>\n","protected":false},"featured_media":1142706,"template":"","meta":[],"product_brand":[],"product_cat":[19],"product_tag":[],"class_list":{"0":"post-1131921","1":"product","2":"type-product","3":"status-publish","4":"has-post-thumbnail","6":"product_cat-unkategorisiert","7":"pa_alcohol-for-filter-12-5","8":"pa_certified-biodynamic-nein-de","9":"pa_certified-organic-nein-de","10":"pa_colour-weiss","11":"pa_country-deutschland","12":"pa_grape-chardonnay-cuvee","13":"pa_price-for-filter-10631","14":"pa_producer-weingut-am-klotz","15":"pa_region-baden","16":"pa_size-ml-6584","17":"pa_sweetness-trocken-de","18":"pa_type-2-still-de","19":"pa_vintage-2023-de","20":"entry","21":"has-media","23":"first","24":"instock","25":"taxable","26":"shipping-taxable","27":"purchasable","28":"product-type-simple"},"yoast_head":"<!-- This site is optimized with the Yoast SEO plugin v27.6 - https:\/\/yoast.com\/product\/yoast-seo-wordpress\/ -->\n<title>Weingut am Klotz Weissburgunder &amp; Chardonnay Kalk und L\u00f6ss 2023<\/title>\n<meta name=\"description\" content=\"Kaufe Weingut am Klotz Weissburgunder &amp; Chardonnay Kalk und L\u00f6ss 2023 (Chardonnay Cuv\u00e9e, trocken aus Baden, Deutschland) bei Wein Werte, Ihrem nachhaltigen Onlineshop.\" \/>\n<meta name=\"robots\" content=\"index, follow, max-snippet:-1, max-image-preview:large, max-video-preview:-1\" \/>\n<link rel=\"canonical\" href=\"https:\/\/wein-werte.com\/de\/produkt\/weingut-am-klotz-weissburgunder-plus-chardonnay-kalk-und-loss-2023-750ml\/\" \/>\n<meta property=\"og:locale\" content=\"de_DE\" \/>\n<meta property=\"og:type\" content=\"article\" \/>\n<meta property=\"og:title\" content=\"Weingut am Klotz Weissburgunder &amp; Chardonnay Kalk und L\u00f6ss 2023\" \/>\n<meta property=\"og:description\" content=\"Kaufe Weingut am Klotz Weissburgunder &amp; Chardonnay Kalk und L\u00f6ss 2023 (Chardonnay Cuv\u00e9e, trocken aus Baden, Deutschland) bei Wein Werte, Ihrem nachhaltigen Onlineshop.\" \/>\n<meta property=\"og:url\" content=\"https:\/\/wein-werte.com\/de\/produkt\/weingut-am-klotz-weissburgunder-plus-chardonnay-kalk-und-loss-2023-750ml\/\" \/>\n<meta property=\"og:site_name\" content=\"Wein Werte\" \/>\n<meta property=\"article:modified_time\" content=\"2026-05-12T17:57:00+00:00\" \/>\n<meta property=\"og:image\" content=\"https:\/\/wein-werte.com\/wp-content\/uploads\/2026\/04\/Weingut-am-Klotz-Weissburgunder-und-Chardonnay-Kalk-und-Loss-2023-750ml.png\" \/>\n\t<meta property=\"og:image:width\" content=\"320\" \/>\n\t<meta property=\"og:image:height\" content=\"1200\" \/>\n\t<meta property=\"og:image:type\" content=\"image\/png\" \/>\n<meta name=\"twitter:card\" content=\"summary_large_image\" \/>\n<meta name=\"twitter:label1\" content=\"Gesch\u00e4tzte Lesezeit\" \/>\n\t<meta name=\"twitter:data1\" content=\"1\u00a0Minute\" \/>\n<script type=\"application\/ld+json\" class=\"yoast-schema-graph\">{\"@context\":\"https:\\\/\\\/schema.org\",\"@graph\":[{\"@type\":\"WebPage\",\"@id\":\"https:\\\/\\\/wein-werte.com\\\/de\\\/produkt\\\/weingut-am-klotz-weissburgunder-plus-chardonnay-kalk-und-loss-2023-750ml\\\/\",\"url\":\"https:\\\/\\\/wein-werte.com\\\/de\\\/produkt\\\/weingut-am-klotz-weissburgunder-plus-chardonnay-kalk-und-loss-2023-750ml\\\/\",\"name\":\"Weingut am Klotz Weissburgunder & Chardonnay Kalk und L\u00f6ss 2023\",\"isPartOf\":{\"@id\":\"https:\\\/\\\/wein-werte.com\\\/de\\\/#website\"},\"primaryImageOfPage\":{\"@id\":\"https:\\\/\\\/wein-werte.com\\\/de\\\/produkt\\\/weingut-am-klotz-weissburgunder-plus-chardonnay-kalk-und-loss-2023-750ml\\\/#primaryimage\"},\"image\":{\"@id\":\"https:\\\/\\\/wein-werte.com\\\/de\\\/produkt\\\/weingut-am-klotz-weissburgunder-plus-chardonnay-kalk-und-loss-2023-750ml\\\/#primaryimage\"},\"thumbnailUrl\":\"https:\\\/\\\/wein-werte.com\\\/wp-content\\\/uploads\\\/2026\\\/04\\\/Weingut-am-Klotz-Weissburgunder-und-Chardonnay-Kalk-und-Loss-2023-750ml.png\",\"datePublished\":\"2026-05-12T13:48:56+00:00\",\"dateModified\":\"2026-05-12T17:57:00+00:00\",\"description\":\"Kaufe Weingut am Klotz Weissburgunder & Chardonnay Kalk und L\u00f6ss 2023 (Chardonnay Cuv\u00e9e, trocken aus Baden, Deutschland) bei Wein Werte, Ihrem nachhaltigen Onlineshop.\",\"breadcrumb\":{\"@id\":\"https:\\\/\\\/wein-werte.com\\\/de\\\/produkt\\\/weingut-am-klotz-weissburgunder-plus-chardonnay-kalk-und-loss-2023-750ml\\\/#breadcrumb\"},\"inLanguage\":\"de\",\"potentialAction\":[{\"@type\":\"ReadAction\",\"target\":[\"https:\\\/\\\/wein-werte.com\\\/de\\\/produkt\\\/weingut-am-klotz-weissburgunder-plus-chardonnay-kalk-und-loss-2023-750ml\\\/\"]}]},{\"@type\":\"ImageObject\",\"inLanguage\":\"de\",\"@id\":\"https:\\\/\\\/wein-werte.com\\\/de\\\/produkt\\\/weingut-am-klotz-weissburgunder-plus-chardonnay-kalk-und-loss-2023-750ml\\\/#primaryimage\",\"url\":\"https:\\\/\\\/wein-werte.com\\\/wp-content\\\/uploads\\\/2026\\\/04\\\/Weingut-am-Klotz-Weissburgunder-und-Chardonnay-Kalk-und-Loss-2023-750ml.png\",\"contentUrl\":\"https:\\\/\\\/wein-werte.com\\\/wp-content\\\/uploads\\\/2026\\\/04\\\/Weingut-am-Klotz-Weissburgunder-und-Chardonnay-Kalk-und-Loss-2023-750ml.png\",\"width\":320,\"height\":1200,\"caption\":\"Weingut am Klotz Weissburgunder & Chardonnay Kalk und L\u00f6ss 2023 750ml\"},{\"@type\":\"BreadcrumbList\",\"@id\":\"https:\\\/\\\/wein-werte.com\\\/de\\\/produkt\\\/weingut-am-klotz-weissburgunder-plus-chardonnay-kalk-und-loss-2023-750ml\\\/#breadcrumb\",\"itemListElement\":[{\"@type\":\"ListItem\",\"position\":1,\"name\":\"Home\",\"item\":\"https:\\\/\\\/wein-werte.com\\\/de\\\/\"},{\"@type\":\"ListItem\",\"position\":2,\"name\":\"Shop\",\"item\":\"https:\\\/\\\/wein-werte.com\\\/de\\\/shop\\\/\"},{\"@type\":\"ListItem\",\"position\":3,\"name\":\"Weingut am Klotz | Baden | Weissburgunder &#038; Chardonnay Kalk und L\u00f6ss | 2023 | 750ml\"}]},{\"@type\":\"WebSite\",\"@id\":\"https:\\\/\\\/wein-werte.com\\\/de\\\/#website\",\"url\":\"https:\\\/\\\/wein-werte.com\\\/de\\\/\",\"name\":\"Wein Werte\",\"description\":\"\",\"publisher\":{\"@id\":\"https:\\\/\\\/wein-werte.com\\\/de\\\/#organization\"},\"potentialAction\":[{\"@type\":\"SearchAction\",\"target\":{\"@type\":\"EntryPoint\",\"urlTemplate\":\"https:\\\/\\\/wein-werte.com\\\/de\\\/?s={search_term_string}\"},\"query-input\":{\"@type\":\"PropertyValueSpecification\",\"valueRequired\":true,\"valueName\":\"search_term_string\"}}],\"inLanguage\":\"de\"},{\"@type\":\"Organization\",\"@id\":\"https:\\\/\\\/wein-werte.com\\\/de\\\/#organization\",\"name\":\"Vins Fins Thorrold\",\"url\":\"https:\\\/\\\/wein-werte.com\\\/de\\\/\",\"logo\":{\"@type\":\"ImageObject\",\"inLanguage\":\"de\",\"@id\":\"https:\\\/\\\/wein-werte.com\\\/de\\\/#\\\/schema\\\/logo\\\/image\\\/\",\"url\":\"https:\\\/\\\/wein-werte.com\\\/wp-content\\\/uploads\\\/2023\\\/07\\\/Wein_werte_Logo700-1.png\",\"contentUrl\":\"https:\\\/\\\/wein-werte.com\\\/wp-content\\\/uploads\\\/2023\\\/07\\\/Wein_werte_Logo700-1.png\",\"width\":700,\"height\":272,\"caption\":\"Vins Fins Thorrold\"},\"image\":{\"@id\":\"https:\\\/\\\/wein-werte.com\\\/de\\\/#\\\/schema\\\/logo\\\/image\\\/\"}}]}<\/script>\n<!-- \/ Yoast SEO plugin. -->","yoast_head_json":{"title":"Weingut am Klotz Weissburgunder & Chardonnay Kalk und L\u00f6ss 2023","description":"Kaufe Weingut am Klotz Weissburgunder & Chardonnay Kalk und L\u00f6ss 2023 (Chardonnay Cuv\u00e9e, trocken aus Baden, Deutschland) bei Wein Werte, Ihrem nachhaltigen Onlineshop.","robots":{"index":"index","follow":"follow","max-snippet":"max-snippet:-1","max-image-preview":"max-image-preview:large","max-video-preview":"max-video-preview:-1"},"canonical":"https:\/\/wein-werte.com\/de\/produkt\/weingut-am-klotz-weissburgunder-plus-chardonnay-kalk-und-loss-2023-750ml\/","og_locale":"de_DE","og_type":"article","og_title":"Weingut am Klotz Weissburgunder & Chardonnay Kalk und L\u00f6ss 2023","og_description":"Kaufe Weingut am Klotz Weissburgunder & Chardonnay Kalk und L\u00f6ss 2023 (Chardonnay Cuv\u00e9e, trocken aus Baden, Deutschland) bei Wein Werte, Ihrem nachhaltigen Onlineshop.","og_url":"https:\/\/wein-werte.com\/de\/produkt\/weingut-am-klotz-weissburgunder-plus-chardonnay-kalk-und-loss-2023-750ml\/","og_site_name":"Wein Werte","article_modified_time":"2026-05-12T17:57:00+00:00","og_image":[{"width":320,"height":1200,"url":"https:\/\/wein-werte.com\/wp-content\/uploads\/2026\/04\/Weingut-am-Klotz-Weissburgunder-und-Chardonnay-Kalk-und-Loss-2023-750ml.png","type":"image\/png"}],"twitter_card":"summary_large_image","twitter_misc":{"Gesch\u00e4tzte Lesezeit":"1\u00a0Minute"},"schema":{"@context":"https:\/\/schema.org","@graph":[{"@type":"WebPage","@id":"https:\/\/wein-werte.com\/de\/produkt\/weingut-am-klotz-weissburgunder-plus-chardonnay-kalk-und-loss-2023-750ml\/","url":"https:\/\/wein-werte.com\/de\/produkt\/weingut-am-klotz-weissburgunder-plus-chardonnay-kalk-und-loss-2023-750ml\/","name":"Weingut am Klotz Weissburgunder & Chardonnay Kalk und L\u00f6ss 2023","isPartOf":{"@id":"https:\/\/wein-werte.com\/de\/#website"},"primaryImageOfPage":{"@id":"https:\/\/wein-werte.com\/de\/produkt\/weingut-am-klotz-weissburgunder-plus-chardonnay-kalk-und-loss-2023-750ml\/#primaryimage"},"image":{"@id":"https:\/\/wein-werte.com\/de\/produkt\/weingut-am-klotz-weissburgunder-plus-chardonnay-kalk-und-loss-2023-750ml\/#primaryimage"},"thumbnailUrl":"https:\/\/wein-werte.com\/wp-content\/uploads\/2026\/04\/Weingut-am-Klotz-Weissburgunder-und-Chardonnay-Kalk-und-Loss-2023-750ml.png","datePublished":"2026-05-12T13:48:56+00:00","dateModified":"2026-05-12T17:57:00+00:00","description":"Kaufe Weingut am Klotz Weissburgunder & Chardonnay Kalk und L\u00f6ss 2023 (Chardonnay Cuv\u00e9e, trocken aus Baden, Deutschland) bei Wein Werte, Ihrem nachhaltigen Onlineshop.","breadcrumb":{"@id":"https:\/\/wein-werte.com\/de\/produkt\/weingut-am-klotz-weissburgunder-plus-chardonnay-kalk-und-loss-2023-750ml\/#breadcrumb"},"inLanguage":"de","potentialAction":[{"@type":"ReadAction","target":["https:\/\/wein-werte.com\/de\/produkt\/weingut-am-klotz-weissburgunder-plus-chardonnay-kalk-und-loss-2023-750ml\/"]}]},{"@type":"ImageObject","inLanguage":"de","@id":"https:\/\/wein-werte.com\/de\/produkt\/weingut-am-klotz-weissburgunder-plus-chardonnay-kalk-und-loss-2023-750ml\/#primaryimage","url":"https:\/\/wein-werte.com\/wp-content\/uploads\/2026\/04\/Weingut-am-Klotz-Weissburgunder-und-Chardonnay-Kalk-und-Loss-2023-750ml.png","contentUrl":"https:\/\/wein-werte.com\/wp-content\/uploads\/2026\/04\/Weingut-am-Klotz-Weissburgunder-und-Chardonnay-Kalk-und-Loss-2023-750ml.png","width":320,"height":1200,"caption":"Weingut am Klotz Weissburgunder & Chardonnay Kalk und L\u00f6ss 2023 750ml"},{"@type":"BreadcrumbList","@id":"https:\/\/wein-werte.com\/de\/produkt\/weingut-am-klotz-weissburgunder-plus-chardonnay-kalk-und-loss-2023-750ml\/#breadcrumb","itemListElement":[{"@type":"ListItem","position":1,"name":"Home","item":"https:\/\/wein-werte.com\/de\/"},{"@type":"ListItem","position":2,"name":"Shop","item":"https:\/\/wein-werte.com\/de\/shop\/"},{"@type":"ListItem","position":3,"name":"Weingut am Klotz | Baden | Weissburgunder &#038; Chardonnay Kalk und L\u00f6ss | 2023 | 750ml"}]},{"@type":"WebSite","@id":"https:\/\/wein-werte.com\/de\/#website","url":"https:\/\/wein-werte.com\/de\/","name":"Wein Werte","description":"","publisher":{"@id":"https:\/\/wein-werte.com\/de\/#organization"},"potentialAction":[{"@type":"SearchAction","target":{"@type":"EntryPoint","urlTemplate":"https:\/\/wein-werte.com\/de\/?s={search_term_string}"},"query-input":{"@type":"PropertyValueSpecification","valueRequired":true,"valueName":"search_term_string"}}],"inLanguage":"de"},{"@type":"Organization","@id":"https:\/\/wein-werte.com\/de\/#organization","name":"Vins Fins Thorrold","url":"https:\/\/wein-werte.com\/de\/","logo":{"@type":"ImageObject","inLanguage":"de","@id":"https:\/\/wein-werte.com\/de\/#\/schema\/logo\/image\/","url":"https:\/\/wein-werte.com\/wp-content\/uploads\/2023\/07\/Wein_werte_Logo700-1.png","contentUrl":"https:\/\/wein-werte.com\/wp-content\/uploads\/2023\/07\/Wein_werte_Logo700-1.png","width":700,"height":272,"caption":"Vins Fins Thorrold"},"image":{"@id":"https:\/\/wein-werte.com\/de\/#\/schema\/logo\/image\/"}}]}},"_links":{"self":[{"href":"https:\/\/wein-werte.com\/de\/wp-json\/wp\/v2\/product\/1131921","targetHints":{"allow":["GET"]}}],"collection":[{"href":"https:\/\/wein-werte.com\/de\/wp-json\/wp\/v2\/product"}],"about":[{"href":"https:\/\/wein-werte.com\/de\/wp-json\/wp\/v2\/types\/product"}],"wp:featuredmedia":[{"embeddable":true,"href":"https:\/\/wein-werte.com\/de\/wp-json\/wp\/v2\/media\/1142706"}],"wp:attachment":[{"href":"https:\/\/wein-werte.com\/de\/wp-json\/wp\/v2\/media?parent=1131921"}],"wp:term":[{"taxonomy":"product_brand","embeddable":true,"href":"https:\/\/wein-werte.com\/de\/wp-json\/wp\/v2\/product_brand?post=1131921"},{"taxonomy":"product_cat","embeddable":true,"href":"https:\/\/wein-werte.com\/de\/wp-json\/wp\/v2\/product_cat?post=1131921"},{"taxonomy":"product_tag","embeddable":true,"href":"https:\/\/wein-werte.com\/de\/wp-json\/wp\/v2\/product_tag?post=1131921"}],"curies":[{"name":"wp","href":"https:\/\/api.w.org\/{rel}","templated":true}]}}