{"id":1131911,"date":"2026-05-08T20:03:31","date_gmt":"2026-05-08T18:03:31","guid":{"rendered":"https:\/\/wein-werte.com\/product\/weingut-am-klotz-weissburgunder-im-scherben-2022-750ml\/"},"modified":"2026-04-27T11:48:13","modified_gmt":"2026-04-27T09:48:13","slug":"weingut-am-klotz-weissburgunder-im-scherben-2022-750ml","status":"publish","type":"product","link":"https:\/\/wein-werte.com\/de\/produkt\/weingut-am-klotz-weissburgunder-im-scherben-2022-750ml\/","title":{"rendered":"Weingut am Klotz | Baden | Weissburgunder &#8220;Im Scherben&#8221; | 2022 | 750ml"},"content":{"rendered":"<p>Produktbeschreibung f\u00fcr Weingut am Klotz Weissburgunder &#8220;Im Scherben&#8221; 2022  <\/p>\n<h5>Info<\/h5>\n<p> Das Jahr 2022 begann mit sehr wenig Niederschl\u00e4gen im ersten Quartal. Dieses hohe Defizit an Bodenfeuchte wurde auch in die Vegetationsperiode mit \u00fcbertragen. Alles schien relativ normal zu beginnen. Ende M\u00e4rz standen die Knospen kurz vor dem Ausbruch. Zwei eiskalte N\u00e4chte sorgten f\u00fcr Frostsch\u00e4den auch hier im S\u00fcdwesten. Die steigenden Temperaturen im Jahresverlauf sowie die Trockenheit f\u00f6rderten das Traubenwachstum. Die geringe Menge an Niederschlag sorgte f\u00fcr eine massive Vereinfachung im Pflanzenschutz. Durch die Kargheit der lagen sowie ihre sehr exponierten Standorte war die geringe Wassermenge aber schon nah am kritischen Bereich. Wenige Wochen vor Lesebeginn kam dann der lang ersehnte Regen. Die Energie konnte in den Trauben erhalten werden. Bereits Ende August startete die Lese fast schon historisch fr\u00fch. Im Scherben steht auf jurassischem Sedimentgestein und Korallenkalk an einem sehr exponierten Ort. Der Kalkstein ist hier sehr splittrig, was auch der Grund f\u00fcr seine Namensgebung ist. Der Wein reift f\u00fcr 15 Monate in gro\u00dfen Eichenf\u00e4ssern sowie weitere drei Monate als Assemblage im Stahltank bis zur Abf\u00fcllung. <\/p>\n<h5>Farbe<\/h5>\n<p> Strahlendes Zitronengelb mit gr\u00fcnen und hellen Reflexen <\/p>\n<h5>Nase<\/h5>\n<p> Mir kommt bei der ersten Nase direkt getoastetes Wei\u00dfbrot mit reichlich Salzbutter in den Sinn. Er schwankt zwischen steinigen, k\u00fchlen Elementen sowie kaltem Rauch. Jedoch immer im Schutz seiner satten gelben Frucht, offenbart uns herrlich reife Aprikosen und Mirabellen. Cr\u00e8meschnitte und Obstb\u00f6den. Gegrillte Ananas sowie reichlich Zitronenabrieb sorgen f\u00fcr Frische, markante herbe Seiten sowie weitere R\u00f6staromen. Auch gegrillter Mais kommt mir daneben in den Sinn. Vegetabile und etherische Nuancen versetzen ihm sp\u00fcrbare Akzente, die ihm viel Vielschichtigkeit verleihen. Artischocke und Fenchel sowie Salbei und Melisse m\u00f6chte ich hervorheben. <\/p>\n<h5>Gaumen<\/h5>\n<p> All diese Eindr\u00fccke verdichten sich zu einem atemberaubenden ersten Moment. S\u00e4ure und Salz stehen in absolutem Einklang, so dass beide ihre St\u00e4rken ausspielen k\u00f6nnen. Seien Frucht kommt pr\u00e4gnant, jedoch vor allem knackig und von der S\u00e4ure gepr\u00e4gt durch. Ein feiner Schmelz bette die Frucht dabei sehr gelungen. Seine Nuancen von Gem\u00fcse und Kr\u00e4uter wirken im sp\u00e4teren Verlauf intensiver. Markant ist auch seine sp\u00fcrbare Mineralit\u00e4t, die sich mit dem Schmelz duelliert. Sehr gelungenes Beispiel dieser Korrelation.<\/p>\n<p>Copyright Vinaturel 2025<\/p>\n<p>Keywords: <a href=\"https:\/\/wein-werte.com\/de\/shop\/?swoof=1&#038;pa_producer=Weingut-am-Klotz\">Weingut am Klotz<\/a> <a href=\"https:\/\/wein-werte.com\/de\/shop\/?swoof=1&#038;woof_text=Weissburgunder \"Im Scherben\"\">Weissburgunder &#8220;Im Scherben&#8221;<\/a> 2022  <a href=\"https:\/\/wein-werte.com\/de\/shop\/?swoof=1&#038;pa_region=Baden\">Baden<\/a> <a href=\"https:\/\/wein-werte.com\/de\/shop\/?swoof=1&#038;pa_country=Deutschland\">Deutschland<\/a><\/p>\n<p>Internetseite des Weinguts: <a href=\"https:\/\/www.weingut-am-klotz.de\/\" target=\"_blank\">https:\/\/www.weingut-am-klotz.de\/<\/a><\/p>\n","protected":false},"excerpt":{"rendered":"<p>Lieferzeit: 1 bis 2 Arbeitstage (DE), 2 bis 5 Arbeitstage (EU and CH)<\/p>\n","protected":false},"featured_media":1142698,"template":"","meta":[],"product_brand":[],"product_cat":[19],"product_tag":[],"class_list":{"0":"post-1131911","1":"product","2":"type-product","3":"status-publish","4":"has-post-thumbnail","6":"product_cat-unkategorisiert","7":"pa_alcohol-for-filter-12-5","8":"pa_certified-biodynamic-nein-de","9":"pa_certified-organic-nein-de","10":"pa_colour-weiss","11":"pa_country-deutschland","12":"pa_grape-weisburgunder-pinot-blanc","13":"pa_price-for-filter-10600","14":"pa_producer-weingut-am-klotz","15":"pa_region-baden","16":"pa_size-ml-6584","17":"pa_sweetness-trocken-de","18":"pa_type-2-still-de","19":"pa_vintage-2022-de","20":"entry","21":"has-media","23":"first","24":"instock","25":"taxable","26":"shipping-taxable","27":"purchasable","28":"product-type-simple"},"yoast_head":"<!-- This site is optimized with the Yoast SEO plugin v27.5 - https:\/\/yoast.com\/product\/yoast-seo-wordpress\/ -->\n<title>Weingut am Klotz Weissburgunder &quot;Im Scherben&quot; 2022<\/title>\n<meta name=\"description\" content=\"Kaufe Weingut am Klotz Weissburgunder &quot;Im Scherben&quot; 2022 (Wei\u00dfburgunder, trocken aus Baden, Deutschland) bei Wein Werte, Ihrem nachhaltigen Onlineshop.\" \/>\n<meta name=\"robots\" content=\"index, follow, max-snippet:-1, max-image-preview:large, max-video-preview:-1\" \/>\n<link rel=\"canonical\" href=\"https:\/\/wein-werte.com\/de\/produkt\/weingut-am-klotz-weissburgunder-im-scherben-2022-750ml\/\" \/>\n<meta property=\"og:locale\" content=\"de_DE\" \/>\n<meta property=\"og:type\" content=\"article\" \/>\n<meta property=\"og:title\" content=\"Weingut am Klotz Weissburgunder &quot;Im Scherben&quot; 2022\" \/>\n<meta property=\"og:description\" content=\"Kaufe Weingut am Klotz Weissburgunder &quot;Im Scherben&quot; 2022 (Wei\u00dfburgunder, trocken aus Baden, Deutschland) bei Wein Werte, Ihrem nachhaltigen Onlineshop.\" \/>\n<meta property=\"og:url\" content=\"https:\/\/wein-werte.com\/de\/produkt\/weingut-am-klotz-weissburgunder-im-scherben-2022-750ml\/\" \/>\n<meta property=\"og:site_name\" content=\"Wein Werte\" \/>\n<meta property=\"og:image\" content=\"https:\/\/wein-werte.com\/wp-content\/uploads\/2026\/04\/Weingut-am-Klotz-Weissburgunder-Im-Scherben-2022-750ml.png\" \/>\n\t<meta property=\"og:image:width\" content=\"323\" \/>\n\t<meta property=\"og:image:height\" content=\"1200\" \/>\n\t<meta property=\"og:image:type\" content=\"image\/png\" \/>\n<meta name=\"twitter:card\" content=\"summary_large_image\" \/>\n<meta name=\"twitter:label1\" content=\"Gesch\u00e4tzte Lesezeit\" \/>\n\t<meta name=\"twitter:data1\" content=\"2\u00a0Minuten\" \/>\n<script type=\"application\/ld+json\" class=\"yoast-schema-graph\">{\"@context\":\"https:\\\/\\\/schema.org\",\"@graph\":[{\"@type\":\"WebPage\",\"@id\":\"https:\\\/\\\/wein-werte.com\\\/de\\\/produkt\\\/weingut-am-klotz-weissburgunder-im-scherben-2022-750ml\\\/\",\"url\":\"https:\\\/\\\/wein-werte.com\\\/de\\\/produkt\\\/weingut-am-klotz-weissburgunder-im-scherben-2022-750ml\\\/\",\"name\":\"Weingut am Klotz Weissburgunder \\\"Im Scherben\\\" 2022\",\"isPartOf\":{\"@id\":\"https:\\\/\\\/wein-werte.com\\\/de\\\/#website\"},\"primaryImageOfPage\":{\"@id\":\"https:\\\/\\\/wein-werte.com\\\/de\\\/produkt\\\/weingut-am-klotz-weissburgunder-im-scherben-2022-750ml\\\/#primaryimage\"},\"image\":{\"@id\":\"https:\\\/\\\/wein-werte.com\\\/de\\\/produkt\\\/weingut-am-klotz-weissburgunder-im-scherben-2022-750ml\\\/#primaryimage\"},\"thumbnailUrl\":\"https:\\\/\\\/wein-werte.com\\\/wp-content\\\/uploads\\\/2026\\\/04\\\/Weingut-am-Klotz-Weissburgunder-Im-Scherben-2022-750ml.png\",\"datePublished\":\"2026-05-08T18:03:31+00:00\",\"description\":\"Kaufe Weingut am Klotz Weissburgunder \\\"Im Scherben\\\" 2022 (Wei\u00dfburgunder, trocken aus Baden, Deutschland) bei Wein Werte, Ihrem nachhaltigen Onlineshop.\",\"breadcrumb\":{\"@id\":\"https:\\\/\\\/wein-werte.com\\\/de\\\/produkt\\\/weingut-am-klotz-weissburgunder-im-scherben-2022-750ml\\\/#breadcrumb\"},\"inLanguage\":\"de\",\"potentialAction\":[{\"@type\":\"ReadAction\",\"target\":[\"https:\\\/\\\/wein-werte.com\\\/de\\\/produkt\\\/weingut-am-klotz-weissburgunder-im-scherben-2022-750ml\\\/\"]}]},{\"@type\":\"ImageObject\",\"inLanguage\":\"de\",\"@id\":\"https:\\\/\\\/wein-werte.com\\\/de\\\/produkt\\\/weingut-am-klotz-weissburgunder-im-scherben-2022-750ml\\\/#primaryimage\",\"url\":\"https:\\\/\\\/wein-werte.com\\\/wp-content\\\/uploads\\\/2026\\\/04\\\/Weingut-am-Klotz-Weissburgunder-Im-Scherben-2022-750ml.png\",\"contentUrl\":\"https:\\\/\\\/wein-werte.com\\\/wp-content\\\/uploads\\\/2026\\\/04\\\/Weingut-am-Klotz-Weissburgunder-Im-Scherben-2022-750ml.png\",\"width\":323,\"height\":1200,\"caption\":\"Weingut am Klotz Weissburgunder \\\"Im Scherben\\\" 2022 750ml\"},{\"@type\":\"BreadcrumbList\",\"@id\":\"https:\\\/\\\/wein-werte.com\\\/de\\\/produkt\\\/weingut-am-klotz-weissburgunder-im-scherben-2022-750ml\\\/#breadcrumb\",\"itemListElement\":[{\"@type\":\"ListItem\",\"position\":1,\"name\":\"Home\",\"item\":\"https:\\\/\\\/wein-werte.com\\\/de\\\/\"},{\"@type\":\"ListItem\",\"position\":2,\"name\":\"Shop\",\"item\":\"https:\\\/\\\/wein-werte.com\\\/de\\\/shop\\\/\"},{\"@type\":\"ListItem\",\"position\":3,\"name\":\"Weingut am Klotz | Baden | Weissburgunder &#8220;Im Scherben&#8221; | 2022 | 750ml\"}]},{\"@type\":\"WebSite\",\"@id\":\"https:\\\/\\\/wein-werte.com\\\/de\\\/#website\",\"url\":\"https:\\\/\\\/wein-werte.com\\\/de\\\/\",\"name\":\"Wein Werte\",\"description\":\"\",\"publisher\":{\"@id\":\"https:\\\/\\\/wein-werte.com\\\/de\\\/#organization\"},\"potentialAction\":[{\"@type\":\"SearchAction\",\"target\":{\"@type\":\"EntryPoint\",\"urlTemplate\":\"https:\\\/\\\/wein-werte.com\\\/de\\\/?s={search_term_string}\"},\"query-input\":{\"@type\":\"PropertyValueSpecification\",\"valueRequired\":true,\"valueName\":\"search_term_string\"}}],\"inLanguage\":\"de\"},{\"@type\":\"Organization\",\"@id\":\"https:\\\/\\\/wein-werte.com\\\/de\\\/#organization\",\"name\":\"Vins Fins Thorrold\",\"url\":\"https:\\\/\\\/wein-werte.com\\\/de\\\/\",\"logo\":{\"@type\":\"ImageObject\",\"inLanguage\":\"de\",\"@id\":\"https:\\\/\\\/wein-werte.com\\\/de\\\/#\\\/schema\\\/logo\\\/image\\\/\",\"url\":\"https:\\\/\\\/wein-werte.com\\\/wp-content\\\/uploads\\\/2023\\\/07\\\/Wein_werte_Logo700-1.png\",\"contentUrl\":\"https:\\\/\\\/wein-werte.com\\\/wp-content\\\/uploads\\\/2023\\\/07\\\/Wein_werte_Logo700-1.png\",\"width\":700,\"height\":272,\"caption\":\"Vins Fins Thorrold\"},\"image\":{\"@id\":\"https:\\\/\\\/wein-werte.com\\\/de\\\/#\\\/schema\\\/logo\\\/image\\\/\"}}]}<\/script>\n<!-- \/ Yoast SEO plugin. -->","yoast_head_json":{"title":"Weingut am Klotz Weissburgunder \"Im Scherben\" 2022","description":"Kaufe Weingut am Klotz Weissburgunder \"Im Scherben\" 2022 (Wei\u00dfburgunder, trocken aus Baden, Deutschland) bei Wein Werte, Ihrem nachhaltigen Onlineshop.","robots":{"index":"index","follow":"follow","max-snippet":"max-snippet:-1","max-image-preview":"max-image-preview:large","max-video-preview":"max-video-preview:-1"},"canonical":"https:\/\/wein-werte.com\/de\/produkt\/weingut-am-klotz-weissburgunder-im-scherben-2022-750ml\/","og_locale":"de_DE","og_type":"article","og_title":"Weingut am Klotz Weissburgunder \"Im Scherben\" 2022","og_description":"Kaufe Weingut am Klotz Weissburgunder \"Im Scherben\" 2022 (Wei\u00dfburgunder, trocken aus Baden, Deutschland) bei Wein Werte, Ihrem nachhaltigen Onlineshop.","og_url":"https:\/\/wein-werte.com\/de\/produkt\/weingut-am-klotz-weissburgunder-im-scherben-2022-750ml\/","og_site_name":"Wein Werte","og_image":[{"width":323,"height":1200,"url":"https:\/\/wein-werte.com\/wp-content\/uploads\/2026\/04\/Weingut-am-Klotz-Weissburgunder-Im-Scherben-2022-750ml.png","type":"image\/png"}],"twitter_card":"summary_large_image","twitter_misc":{"Gesch\u00e4tzte Lesezeit":"2\u00a0Minuten"},"schema":{"@context":"https:\/\/schema.org","@graph":[{"@type":"WebPage","@id":"https:\/\/wein-werte.com\/de\/produkt\/weingut-am-klotz-weissburgunder-im-scherben-2022-750ml\/","url":"https:\/\/wein-werte.com\/de\/produkt\/weingut-am-klotz-weissburgunder-im-scherben-2022-750ml\/","name":"Weingut am Klotz Weissburgunder \"Im Scherben\" 2022","isPartOf":{"@id":"https:\/\/wein-werte.com\/de\/#website"},"primaryImageOfPage":{"@id":"https:\/\/wein-werte.com\/de\/produkt\/weingut-am-klotz-weissburgunder-im-scherben-2022-750ml\/#primaryimage"},"image":{"@id":"https:\/\/wein-werte.com\/de\/produkt\/weingut-am-klotz-weissburgunder-im-scherben-2022-750ml\/#primaryimage"},"thumbnailUrl":"https:\/\/wein-werte.com\/wp-content\/uploads\/2026\/04\/Weingut-am-Klotz-Weissburgunder-Im-Scherben-2022-750ml.png","datePublished":"2026-05-08T18:03:31+00:00","description":"Kaufe Weingut am Klotz Weissburgunder \"Im Scherben\" 2022 (Wei\u00dfburgunder, trocken aus Baden, Deutschland) bei Wein Werte, Ihrem nachhaltigen Onlineshop.","breadcrumb":{"@id":"https:\/\/wein-werte.com\/de\/produkt\/weingut-am-klotz-weissburgunder-im-scherben-2022-750ml\/#breadcrumb"},"inLanguage":"de","potentialAction":[{"@type":"ReadAction","target":["https:\/\/wein-werte.com\/de\/produkt\/weingut-am-klotz-weissburgunder-im-scherben-2022-750ml\/"]}]},{"@type":"ImageObject","inLanguage":"de","@id":"https:\/\/wein-werte.com\/de\/produkt\/weingut-am-klotz-weissburgunder-im-scherben-2022-750ml\/#primaryimage","url":"https:\/\/wein-werte.com\/wp-content\/uploads\/2026\/04\/Weingut-am-Klotz-Weissburgunder-Im-Scherben-2022-750ml.png","contentUrl":"https:\/\/wein-werte.com\/wp-content\/uploads\/2026\/04\/Weingut-am-Klotz-Weissburgunder-Im-Scherben-2022-750ml.png","width":323,"height":1200,"caption":"Weingut am Klotz Weissburgunder \"Im Scherben\" 2022 750ml"},{"@type":"BreadcrumbList","@id":"https:\/\/wein-werte.com\/de\/produkt\/weingut-am-klotz-weissburgunder-im-scherben-2022-750ml\/#breadcrumb","itemListElement":[{"@type":"ListItem","position":1,"name":"Home","item":"https:\/\/wein-werte.com\/de\/"},{"@type":"ListItem","position":2,"name":"Shop","item":"https:\/\/wein-werte.com\/de\/shop\/"},{"@type":"ListItem","position":3,"name":"Weingut am Klotz | Baden | Weissburgunder &#8220;Im Scherben&#8221; | 2022 | 750ml"}]},{"@type":"WebSite","@id":"https:\/\/wein-werte.com\/de\/#website","url":"https:\/\/wein-werte.com\/de\/","name":"Wein Werte","description":"","publisher":{"@id":"https:\/\/wein-werte.com\/de\/#organization"},"potentialAction":[{"@type":"SearchAction","target":{"@type":"EntryPoint","urlTemplate":"https:\/\/wein-werte.com\/de\/?s={search_term_string}"},"query-input":{"@type":"PropertyValueSpecification","valueRequired":true,"valueName":"search_term_string"}}],"inLanguage":"de"},{"@type":"Organization","@id":"https:\/\/wein-werte.com\/de\/#organization","name":"Vins Fins Thorrold","url":"https:\/\/wein-werte.com\/de\/","logo":{"@type":"ImageObject","inLanguage":"de","@id":"https:\/\/wein-werte.com\/de\/#\/schema\/logo\/image\/","url":"https:\/\/wein-werte.com\/wp-content\/uploads\/2023\/07\/Wein_werte_Logo700-1.png","contentUrl":"https:\/\/wein-werte.com\/wp-content\/uploads\/2023\/07\/Wein_werte_Logo700-1.png","width":700,"height":272,"caption":"Vins Fins Thorrold"},"image":{"@id":"https:\/\/wein-werte.com\/de\/#\/schema\/logo\/image\/"}}]}},"_links":{"self":[{"href":"https:\/\/wein-werte.com\/de\/wp-json\/wp\/v2\/product\/1131911","targetHints":{"allow":["GET"]}}],"collection":[{"href":"https:\/\/wein-werte.com\/de\/wp-json\/wp\/v2\/product"}],"about":[{"href":"https:\/\/wein-werte.com\/de\/wp-json\/wp\/v2\/types\/product"}],"wp:featuredmedia":[{"embeddable":true,"href":"https:\/\/wein-werte.com\/de\/wp-json\/wp\/v2\/media\/1142698"}],"wp:attachment":[{"href":"https:\/\/wein-werte.com\/de\/wp-json\/wp\/v2\/media?parent=1131911"}],"wp:term":[{"taxonomy":"product_brand","embeddable":true,"href":"https:\/\/wein-werte.com\/de\/wp-json\/wp\/v2\/product_brand?post=1131911"},{"taxonomy":"product_cat","embeddable":true,"href":"https:\/\/wein-werte.com\/de\/wp-json\/wp\/v2\/product_cat?post=1131911"},{"taxonomy":"product_tag","embeddable":true,"href":"https:\/\/wein-werte.com\/de\/wp-json\/wp\/v2\/product_tag?post=1131911"}],"curies":[{"name":"wp","href":"https:\/\/api.w.org\/{rel}","templated":true}]}}